{"id":4229,"date":"2025-11-06T16:57:33","date_gmt":"2025-11-06T09:57:33","guid":{"rendered":"https:\/\/noithathuuthinh.vn\/?post_type=product&#038;p=4229"},"modified":"2025-11-06T16:57:33","modified_gmt":"2025-11-06T09:57:33","slug":"tu-ho-so-dc1850h9","status":"publish","type":"product","link":"https:\/\/noithathuuthinh.vn\/zh-hans\/san-pham\/tu-ho-so-dc1850h9\/","title":{"rendered":"T\u1ee7 h\u1ed3 s\u01a1 DC1850H9"},"content":{"rendered":"<p data-start=\"737\" data-end=\"1134\">T\u1ee7 h\u1ed3 s\u01a1 DC1850H9 l\u00e0 m\u1ed9t trong nh\u1eefng m\u1eabu t\u1ee7 g\u1ed7 s\u01a1n PU cao c\u1ea5p c\u1ee7a th\u01b0\u01a1ng hi\u1ec7u N\u1ed9i th\u1ea5t The One, \u0111\u01b0\u1ee3c \u01b0a chu\u1ed9ng nh\u1edd thi\u1ebft k\u1ebf hi\u1ec7n \u0111\u1ea1i, c\u00f4ng n\u0103ng linh ho\u1ea1t v\u00e0 t\u00ednh th\u1ea9m m\u1ef9 cao. S\u1ea3n ph\u1ea9m \u0111\u01b0\u1ee3c s\u1ea3n xu\u1ea5t t\u1eeb g\u1ed7 c\u00f4ng nghi\u1ec7p MDF ph\u1ee7 s\u01a1n PU ch\u1ea5t l\u01b0\u1ee3ng, mang l\u1ea1i v\u1ebb sang tr\u1ecdng, \u0111\u1ed3ng th\u1eddi b\u1ea3o v\u1ec7 b\u1ec1 m\u1eb7t kh\u1ecfi \u1ea9m m\u1ed1c v\u00e0 tr\u1ea7y x\u01b0\u1edbc, gi\u00fap t\u1ee7 lu\u00f4n b\u1ec1n \u0111\u1eb9p theo th\u1eddi gian.<\/p>\n<p data-start=\"1136\" data-end=\"1557\">V\u1edbi k\u00edch th\u01b0\u1edbc W1850 x D460 x H1875 mm, t\u1ee7 DC1850H9 \u0111\u01b0\u1ee3c chia th\u00e0nh 4 khoang ti\u1ec7n d\u1ee5ng, mang \u0111\u1ebfn kh\u1ea3 n\u0103ng l\u01b0u tr\u1eef v\u00e0 b\u1ed1 tr\u00ed t\u00e0i li\u1ec7u c\u1ef1c k\u1ef3 khoa h\u1ecdc. Hai khoang ngo\u00e0i l\u00e0 khoang c\u00e1nh g\u1ed7 d\u00e0i \u0111\u01b0\u1ee3c thi\u1ebft k\u1ebf \u0111\u1ec3 treo \u00e1o ho\u1eb7c \u0111\u1ef1ng \u0111\u1ed3 c\u00e1 nh\u00e2n, ph\u00f9 h\u1ee3p cho c\u00e1c v\u0103n ph\u00f2ng l\u00e3nh \u0111\u1ea1o ho\u1eb7c ph\u00f2ng h\u1ecdp c\u1ea7n kh\u00f4ng gian g\u1ecdn g\u00e0ng, ch\u1ec9n chu. C\u00e1c c\u00e1nh d\u00e0i \u0111\u01b0\u1ee3c thi\u1ebft k\u1ebf k\u00edn \u0111\u00e1o, tay n\u1eafm kim lo\u1ea1i s\u00e1ng b\u00f3ng t\u1ea1o \u0111i\u1ec3m nh\u1ea5n tinh t\u1ebf cho t\u1ed5ng th\u1ec3.<\/p>\n<p data-start=\"1559\" data-end=\"2023\">Hai khoang gi\u1eefa c\u1ee7a t\u1ee7 \u0111\u01b0\u1ee3c chia l\u00e0m hai ph\u1ea7n r\u00f5 r\u1ec7t. Ph\u00eda tr\u00ean l\u00e0 khoang c\u00e1nh khung k\u00ednh trong su\u1ed1t \u2013 khu v\u1ef1c l\u00fd t\u01b0\u1edfng \u0111\u1ec3 tr\u01b0ng b\u00e0y t\u00e0i li\u1ec7u, h\u1ed3 s\u01a1 quan tr\u1ecdng, ho\u1eb7c c\u00e1c v\u1eadt ph\u1ea9m k\u1ef7 ni\u1ec7m nh\u01b0 b\u1eb1ng khen, c\u00fap l\u01b0u ni\u1ec7m. Ph\u1ea7n k\u00ednh d\u00e0y, trong su\u1ed1t v\u00e0 khung g\u1ed7 ch\u1eafc ch\u1eafn gi\u00fap kh\u00f4ng gian l\u01b0u tr\u1eef tr\u1edf n\u00ean sang tr\u1ecdng h\u01a1n. Ph\u00eda d\u01b0\u1edbi l\u00e0 khoang c\u00e1nh m\u1edf k\u00edn, mang l\u1ea1i s\u1ef1 ti\u1ec7n l\u1ee3i trong vi\u1ec7c c\u1ea5t gi\u1eef t\u00e0i li\u1ec7u, v\u1eadt d\u1ee5ng kh\u00f4ng c\u1ea7n tr\u01b0ng b\u00e0y, \u0111\u1ea3m b\u1ea3o t\u00ednh ng\u0103n n\u1eafp v\u00e0 th\u1ea9m m\u1ef9 cao.<\/p>\n<p data-start=\"2025\" data-end=\"2402\">T\u1eebng chi ti\u1ebft c\u1ee7a t\u1ee7 h\u1ed3 s\u01a1 DC1850H9 \u0111\u01b0\u1ee3c ch\u0103m ch\u00fat k\u1ef9 l\u01b0\u1ee1ng, t\u1eeb l\u1edbp s\u01a1n PU b\u00f3ng m\u1ecbn, \u0111\u01b0\u1eddng n\u00e9t bo vi\u1ec1n m\u1ec1m m\u1ea1i \u0111\u1ebfn h\u1ec7 th\u1ed1ng b\u1ea3n l\u1ec1 v\u00e0 tay n\u1eafm ch\u1ea5t l\u01b0\u1ee3ng cao, t\u1ea5t c\u1ea3 \u0111\u1ec1u th\u1ec3 hi\u1ec7n s\u1ef1 t\u1ec9 m\u1ec9 v\u00e0 \u0111\u1eb3ng c\u1ea5p c\u1ee7a d\u00f2ng s\u1ea3n ph\u1ea9m cao c\u1ea5p. L\u1edbp s\u01a1n PU kh\u00f4ng ch\u1ec9 gi\u00fap t\u1ee7 c\u00f3 \u0111\u1ed9 b\u00f3ng sang tr\u1ecdng m\u00e0 c\u00f2n c\u00f3 t\u00e1c d\u1ee5ng b\u1ea3o v\u1ec7, ch\u1ed1ng th\u1ea5m n\u01b0\u1edbc, ch\u1ed1ng tr\u1ea7y x\u01b0\u1edbc v\u00e0 d\u1ec5 v\u1ec7 sinh trong qu\u00e1 tr\u00ecnh s\u1eed d\u1ee5ng.<\/p>\n<p data-start=\"2404\" data-end=\"2698\">T\u1ee7 DC1850H9 c\u00f3 hai l\u1ef1a ch\u1ecdn chi\u1ec1u cao: phi\u00ean b\u1ea3n ti\u00eau chu\u1ea9n H1875 mm ph\u00f9 h\u1ee3p v\u1edbi \u0111a s\u1ed1 kh\u00f4ng gian l\u00e0m vi\u1ec7c, v\u00e0 phi\u00ean b\u1ea3n cao H2000 mm (m\u00e3 DC2000H9) \u0111\u01b0\u1ee3c s\u1ea3n xu\u1ea5t theo \u0111\u01a1n \u0111\u1eb7t h\u00e0ng ri\u00eang, gi\u00fap kh\u00e1ch h\u00e0ng c\u00f3 th\u00eam s\u1ef1 linh ho\u1ea1t trong vi\u1ec7c l\u1ef1a ch\u1ecdn m\u1eabu m\u00e3 ph\u00f9 h\u1ee3p v\u1edbi di\u1ec7n t\u00edch v\u00e0 nhu c\u1ea7u s\u1eed d\u1ee5ng.<\/p>\n<p data-start=\"2700\" data-end=\"3088\">V\u1ec1 m\u1eb7t thi\u1ebft k\u1ebf t\u1ed5ng th\u1ec3, t\u1ee7 DC1850H9 mang phong c\u00e1ch hi\u1ec7n \u0111\u1ea1i nh\u01b0ng v\u1eabn gi\u1eef \u0111\u01b0\u1ee3c v\u1ebb sang tr\u1ecdng c\u1ed5 \u0111i\u1ec3n \u0111\u1eb7c tr\u01b0ng c\u1ee7a d\u00f2ng t\u1ee7 g\u1ed7 s\u01a1n PU. T\u00f4ng m\u00e0u n\u00e2u c\u00e1nh gi\u00e1n ho\u1eb7c n\u00e2u \u0111\u1ecf tr\u1ea7m \u1ea5m gi\u00fap kh\u00f4ng gian l\u00e0m vi\u1ec7c tr\u1edf n\u00ean chuy\u00ean nghi\u1ec7p, \u0111\u1eb3ng c\u1ea5p v\u00e0 g\u1ea7n g\u0169i h\u01a1n. Khi k\u1ebft h\u1ee3p v\u1edbi b\u00e0n gi\u00e1m \u0111\u1ed1c veneer ho\u1eb7c b\u00e0n tr\u01b0\u1edfng ph\u00f2ng c\u00f9ng t\u00f4ng m\u00e0u, kh\u00f4ng gian s\u1ebd tr\u1edf n\u00ean h\u00e0i h\u00f2a v\u00e0 th\u1ed1ng nh\u1ea5t h\u01a1n bao gi\u1edd h\u1ebft.<\/p>\n<p data-start=\"3090\" data-end=\"3411\">Kh\u00f4ng ch\u1ec9 \u0111\u01a1n thu\u1ea7n l\u00e0 n\u01a1i l\u01b0u tr\u1eef t\u00e0i li\u1ec7u, t\u1ee7 h\u1ed3 s\u01a1 DC1850H9 c\u00f2n th\u1ec3 hi\u1ec7n phong c\u00e1ch l\u00e0m vi\u1ec7c chuy\u00ean nghi\u1ec7p v\u00e0 gu th\u1ea9m m\u1ef9 tinh t\u1ebf c\u1ee7a ng\u01b0\u1eddi s\u1eed d\u1ee5ng. \u0110\u00e2y l\u00e0 l\u1ef1a ch\u1ecdn ho\u00e0n h\u1ea3o cho c\u00e1c v\u0103n ph\u00f2ng hi\u1ec7n \u0111\u1ea1i, doanh nghi\u1ec7p l\u1edbn, ph\u00f2ng l\u00e3nh \u0111\u1ea1o hay ph\u00f2ng h\u1ecdp c\u1ea7n m\u1ed9t m\u1eabu t\u1ee7 v\u1eeba ti\u1ec7n \u00edch v\u1eeba th\u1ec3 hi\u1ec7n s\u1ef1 sang tr\u1ecdng v\u00e0 uy nghi\u00eam.<\/p>\n<p data-start=\"3413\" data-end=\"3640\" data-is-last-node=\"\" data-is-only-node=\"\">V\u1edbi \u0111\u1ed9 b\u1ec1n cao, thi\u1ebft k\u1ebf tinh x\u1ea3o v\u00e0 kh\u1ea3 n\u0103ng l\u01b0u tr\u1eef linh ho\u1ea1t, t\u1ee7 h\u1ed3 s\u01a1 DC1850H9 ch\u00ednh l\u00e0 gi\u1ea3i ph\u00e1p n\u1ed9i th\u1ea5t th\u00f4ng minh gi\u00fap t\u1ed1i \u01b0u kh\u00f4ng gian, n\u00e2ng t\u1ea7m h\u00ecnh \u1ea3nh doanh nghi\u1ec7p v\u00e0 mang l\u1ea1i s\u1ef1 ti\u1ec7n nghi t\u1ed1i \u0111a cho ng\u01b0\u1eddi s\u1eed d\u1ee5ng.<\/p>\n","protected":false},"excerpt":{"rendered":"<p data-start=\"25\" data-end=\"287\">T\u1ee7 h\u1ed3 s\u01a1 DC1850H9 l\u00e0 m\u1eabu t\u1ee7 t\u00e0i li\u1ec7u g\u1ed7 s\u01a1n PU cao c\u1ea5p, \u0111\u01b0\u1ee3c thi\u1ebft k\u1ebf v\u1edbi 4 khoang l\u1edbn ti\u1ec7n d\u1ee5ng, \u0111\u00e1p \u1ee9ng nhu c\u1ea7u l\u01b0u tr\u1eef t\u00e0i li\u1ec7u v\u00e0 treo \u00e1o cho c\u00e1c v\u0103n ph\u00f2ng hi\u1ec7n \u0111\u1ea1i, \u0111\u1eb7c bi\u1ec7t ph\u00f9 h\u1ee3p v\u1edbi ph\u00f2ng l\u00e3nh \u0111\u1ea1o ho\u1eb7c ph\u00f2ng h\u1ecdp cao c\u1ea5p.<\/p>\n<p data-start=\"289\" data-end=\"423\">K\u00edch th\u01b0\u1edbc:<br data-start=\"300\" data-end=\"303\" \/>W1850 x D460 x H1875 mm &#8211; <span style=\"color: #ed1c24; font-size: 120%;\"><strong>9.557.000 \u0111<\/strong><\/span><br data-start=\"336\" data-end=\"339\" \/>W1850 x D460 x H2000 mm &#8211; <span style=\"color: #ed1c24; font-size: 120%;\"><strong>9.875.000 \u0111<\/strong><\/span><\/p>\n<p data-start=\"425\" data-end=\"730\">Xu\u1ea5t x\u1ee9: S\u1ea3n ph\u1ea9m c\u1ee7a <strong data-start=\"447\" data-end=\"475\">C\u00f4ng ty N\u1ed8I TH\u1ea4T THE ONE<\/strong> \u2013 Ph\u00e2n ph\u1ed1i b\u1edfi <strong data-start=\"492\" data-end=\"528\">C\u00d4NG TY TNHH SXTM TTNT H\u1eeeU TH\u1ecaNH<\/strong><br data-start=\"528\" data-end=\"531\" \/>B\u1ea3o h\u00e0nh: 12 th\u00e1ng theo ti\u00eau chu\u1ea9n nh\u00e0 m\u00e1y<br data-start=\"573\" data-end=\"576\" \/><span style=\"color: #ed1c24;\"><em data-start=\"576\" data-end=\"728\">L\u01b0u \u00fd: Gi\u00e1 tr\u00ean ch\u01b0a bao g\u1ed3m VAT v\u00e0 ph\u00ed v\u1eadn chuy\u1ec3n. Gi\u00e1 s\u1ea3n ph\u1ea9m c\u00f3 th\u1ec3 thay \u0111\u1ed5i theo t\u1eebng th\u1eddi \u0111i\u1ec3m, vui l\u00f2ng li\u00ean h\u1ec7 \u0111\u1ec3 nh\u1eadn t\u01b0 v\u1ea5n \u01b0u \u0111\u00e3i t\u1ed1t nh\u1ea5t.<\/em><\/span><\/p>\n","protected":false},"featured_media":4230,"comment_status":"open","ping_status":"closed","template":"","meta":[],"product_brand":[],"product_cat":[17,760],"product_tag":[],"class_list":{"0":"post-4229","1":"product","2":"type-product","3":"status-publish","4":"has-post-thumbnail","6":"product_cat-noi-that-van-phong","7":"product_cat-tu-go-van-phong","9":"first","10":"instock","11":"taxable","12":"shipping-taxable","13":"purchasable","14":"product-type-simple"},"_links":{"self":[{"href":"https:\/\/noithathuuthinh.vn\/zh-hans\/wp-json\/wp\/v2\/product\/4229","targetHints":{"allow":["GET"]}}],"collection":[{"href":"https:\/\/noithathuuthinh.vn\/zh-hans\/wp-json\/wp\/v2\/product"}],"about":[{"href":"https:\/\/noithathuuthinh.vn\/zh-hans\/wp-json\/wp\/v2\/types\/product"}],"replies":[{"embeddable":true,"href":"https:\/\/noithathuuthinh.vn\/zh-hans\/wp-json\/wp\/v2\/comments?post=4229"}],"wp:featuredmedia":[{"embeddable":true,"href":"https:\/\/noithathuuthinh.vn\/zh-hans\/wp-json\/wp\/v2\/media\/4230"}],"wp:attachment":[{"href":"https:\/\/noithathuuthinh.vn\/zh-hans\/wp-json\/wp\/v2\/media?parent=4229"}],"wp:term":[{"taxonomy":"product_brand","embeddable":true,"href":"https:\/\/noithathuuthinh.vn\/zh-hans\/wp-json\/wp\/v2\/product_brand?post=4229"},{"taxonomy":"product_cat","embeddable":true,"href":"https:\/\/noithathuuthinh.vn\/zh-hans\/wp-json\/wp\/v2\/product_cat?post=4229"},{"taxonomy":"product_tag","embeddable":true,"href":"https:\/\/noithathuuthinh.vn\/zh-hans\/wp-json\/wp\/v2\/product_tag?post=4229"}],"curies":[{"name":"wp","href":"https:\/\/api.w.org\/{rel}","templated":true}]}}