{"id":4235,"date":"2025-11-06T17:05:32","date_gmt":"2025-11-06T10:05:32","guid":{"rendered":"https:\/\/noithathuuthinh.vn\/?post_type=product&#038;p=4235"},"modified":"2025-11-06T17:05:32","modified_gmt":"2025-11-06T10:05:32","slug":"tu-ho-so-dc1350h11","status":"publish","type":"product","link":"https:\/\/noithathuuthinh.vn\/zh-hans\/san-pham\/tu-ho-so-dc1350h11\/","title":{"rendered":"T\u1ee7 h\u1ed3 s\u01a1 DC1350H11"},"content":{"rendered":"<p data-start=\"687\" data-end=\"1055\">T\u1ee7 h\u1ed3 s\u01a1 DC1350H11 l\u00e0 m\u1ed9t trong nh\u1eefng m\u1eabu t\u1ee7 t\u00e0i li\u1ec7u cao c\u1ea5p thu\u1ed9c d\u00f2ng s\u1ea3n ph\u1ea9m v\u0103n ph\u00f2ng hi\u1ec7n \u0111\u1ea1i c\u1ee7a N\u1ed9i th\u1ea5t The One. V\u1edbi thi\u1ebft k\u1ebf h\u00e0i h\u00f2a gi\u1eefa c\u00f4ng n\u0103ng v\u00e0 th\u1ea9m m\u1ef9, s\u1ea3n ph\u1ea9m mang \u0111\u1ebfn gi\u1ea3i ph\u00e1p l\u01b0u tr\u1eef th\u00f4ng minh, \u0111\u1ed3ng th\u1eddi g\u00f3p ph\u1ea7n t\u1ea1o \u0111i\u1ec3m nh\u1ea5n sang tr\u1ecdng cho kh\u00f4ng gian l\u00e0m vi\u1ec7c c\u1ee7a l\u00e3nh \u0111\u1ea1o hay nh\u00e2n vi\u00ean v\u0103n ph\u00f2ng.<\/p>\n<p data-start=\"1057\" data-end=\"1545\">T\u1ee7 DC1350H11 \u0111\u01b0\u1ee3c thi\u1ebft k\u1ebf v\u1edbi k\u00edch th\u01b0\u1edbc W1350 x D450 x H2000 mm \u2013 t\u1ef7 l\u1ec7 c\u00e2n \u0111\u1ed1i, v\u1eeba v\u1eb7n v\u1edbi h\u1ea7u h\u1ebft c\u00e1c di\u1ec7n t\u00edch ph\u00f2ng l\u00e0m vi\u1ec7c. S\u1ea3n ph\u1ea9m g\u1ed3m 3 khoang \u0111\u01b0\u1ee3c b\u1ed1 tr\u00ed khoa h\u1ecdc, mang \u0111\u1ebfn kh\u1ea3 n\u0103ng l\u01b0u tr\u1eef linh ho\u1ea1t v\u00e0 thu\u1eadn ti\u1ec7n. Ph\u1ea7n tr\u00ean c\u1ee7a t\u1ee7 c\u00f3 2 khoang c\u00e1nh khung k\u00ednh trong su\u1ed1t, r\u1ea5t th\u00edch h\u1ee3p \u0111\u1ec3 tr\u01b0ng b\u00e0y t\u00e0i li\u1ec7u, s\u00e1ch, k\u1ef7 ni\u1ec7m ch\u01b0\u01a1ng, b\u1eb1ng khen ho\u1eb7c c\u00e1c v\u1eadt ph\u1ea9m trang tr\u00ed. C\u00e1nh k\u00ednh k\u1ebft h\u1ee3p vi\u1ec1n g\u1ed7 t\u1ef1 nhi\u00ean tinh t\u1ebf t\u1ea1o n\u00ean v\u1ebb sang tr\u1ecdng, nh\u1eb9 nh\u00e0ng m\u00e0 kh\u00f4ng k\u00e9m ph\u1ea7n hi\u1ec7n \u0111\u1ea1i.<\/p>\n<p data-start=\"1547\" data-end=\"1931\">B\u00ean c\u1ea1nh hai khoang k\u00ednh, t\u1ee7 DC1350H11 c\u00f2n c\u00f3 m\u1ed9t khoang treo \u00e1o ti\u1ec7n d\u1ee5ng, \u0111\u00e1p \u1ee9ng nhu c\u1ea7u s\u1eed d\u1ee5ng c\u1ee7a l\u00e3nh \u0111\u1ea1o ho\u1eb7c nh\u00e2n vi\u00ean c\u1ea7n c\u1ea5t gi\u1eef \u00e1o vest, \u0111\u1ed3ng ph\u1ee5c hay c\u00e1c v\u1eadt d\u1ee5ng c\u00e1 nh\u00e2n g\u1ecdn g\u00e0ng, tr\u00e1nh nh\u0103n. Ph\u1ea7n d\u01b0\u1edbi c\u1ee7a t\u1ee7 \u0111\u01b0\u1ee3c thi\u1ebft k\u1ebf v\u1edbi ba c\u00e1nh m\u1edf k\u00edn \u0111\u00e1o, mang l\u1ea1i kh\u00f4ng gian l\u01b0u tr\u1eef ri\u00eang bi\u1ec7t cho c\u00e1c lo\u1ea1i t\u00e0i li\u1ec7u n\u1ed9i b\u1ed9, h\u1ed3 s\u01a1 quan tr\u1ecdng ho\u1eb7c v\u1eadt d\u1ee5ng v\u0103n ph\u00f2ng \u00edt s\u1eed d\u1ee5ng.<\/p>\n<p data-start=\"1933\" data-end=\"2331\">S\u1ea3n ph\u1ea9m \u0111\u01b0\u1ee3c l\u00e0m t\u1eeb g\u1ed7 c\u00f4ng nghi\u1ec7p ch\u1ea5t l\u01b0\u1ee3ng cao, ph\u1ee7 s\u01a1n PU b\u00f3ng m\u1ecbn, gi\u00fap b\u1ec1 m\u1eb7t t\u1ee7 lu\u00f4n s\u00e1ng \u0111\u1eb9p, ch\u1ed1ng \u1ea9m m\u1ed1c, tr\u1ea7y x\u01b0\u1edbc v\u00e0 d\u1ec5 d\u00e0ng v\u1ec7 sinh. L\u1edbp s\u01a1n PU c\u00f2n gi\u00fap t\u00f4n l\u00ean v\u00e2n g\u1ed7 t\u1ef1 nhi\u00ean, mang l\u1ea1i c\u1ea3m gi\u00e1c \u1ea5m c\u00fang v\u00e0 sang tr\u1ecdng cho kh\u00f4ng gian n\u1ed9i th\u1ea5t. C\u00e1c chi ti\u1ebft tay n\u1eafm kim lo\u1ea1i s\u00e1ng b\u00f3ng, b\u1ea3n l\u1ec1 cao c\u1ea5p v\u00e0 ray tr\u01b0\u1ee3t \u00eam \u00e1i \u0111\u1ec1u \u0111\u01b0\u1ee3c gia c\u00f4ng t\u1ec9 m\u1ec9, \u0111\u1ea3m b\u1ea3o \u0111\u1ed9 b\u1ec1n v\u00e0 t\u00ednh th\u1ea9m m\u1ef9 l\u00e2u d\u00e0i.<\/p>\n<p data-start=\"2333\" data-end=\"2659\">T\u1ee7 h\u1ed3 s\u01a1 DC1350H11 kh\u00f4ng ch\u1ec9 \u0111\u00e1p \u1ee9ng nhu c\u1ea7u l\u01b0u tr\u1eef m\u00e0 c\u00f2n \u0111\u00f3ng vai tr\u00f2 nh\u01b0 m\u1ed9t m\u00f3n \u0111\u1ed3 n\u1ed9i th\u1ea5t trang tr\u00ed gi\u00fap ho\u00e0n thi\u1ec7n t\u1ed5ng th\u1ec3 ph\u00f2ng l\u00e0m vi\u1ec7c. S\u1ea3n ph\u1ea9m d\u1ec5 d\u00e0ng ph\u1ed1i h\u1ee3p c\u00f9ng c\u00e1c d\u00f2ng b\u00e0n gi\u00e1m \u0111\u1ed1c veneer, b\u00e0n tr\u01b0\u1edfng ph\u00f2ng hay b\u00e0n l\u00e0m vi\u1ec7c hi\u1ec7n \u0111\u1ea1i c\u1ee7a The One \u0111\u1ec3 t\u1ea1o n\u00ean m\u1ed9t kh\u00f4ng gian \u0111\u1ed3ng b\u1ed9, chuy\u00ean nghi\u1ec7p v\u00e0 tinh t\u1ebf.<\/p>\n<p data-start=\"2661\" data-end=\"3015\">Nh\u1edd ki\u1ec3u d\u00e1ng vu\u00f4ng v\u1eafn, m\u00e0u s\u1eafc thanh l\u1ecbch v\u00e0 c\u1ea5u tr\u00fac v\u1eefng ch\u1eafc, t\u1ee7 DC1350H11 ph\u00f9 h\u1ee3p v\u1edbi nhi\u1ec1u kh\u00f4ng gian s\u1eed d\u1ee5ng kh\u00e1c nhau: t\u1eeb ph\u00f2ng gi\u00e1m \u0111\u1ed1c, ph\u00f2ng h\u1ecdp, ph\u00f2ng nh\u00e2n s\u1ef1 \u0111\u1ebfn khu v\u1ef1c h\u00e0nh ch\u00ednh. T\u1ee7 \u0111\u01b0\u1ee3c thi\u1ebft k\u1ebf \u0111\u1ec3 t\u1ed1i \u01b0u h\u00f3a di\u1ec7n t\u00edch, gi\u00fap v\u0103n ph\u00f2ng lu\u00f4n g\u1ecdn g\u00e0ng, ng\u0103n n\u1eafp, n\u00e2ng cao hi\u1ec7u su\u1ea5t l\u00e0m vi\u1ec7c v\u00e0 th\u1ec3 hi\u1ec7n s\u1ef1 chuy\u00ean nghi\u1ec7p c\u1ee7a doanh nghi\u1ec7p.<\/p>\n<p data-start=\"3017\" data-end=\"3386\">V\u1edbi s\u1ef1 k\u1ebft h\u1ee3p ho\u00e0n h\u1ea3o gi\u1eefa thi\u1ebft k\u1ebf hi\u1ec7n \u0111\u1ea1i, ch\u1ea5t li\u1ec7u b\u1ec1n \u0111\u1eb9p v\u00e0 c\u00f4ng n\u0103ng \u0111a d\u1ee5ng, t\u1ee7 h\u1ed3 s\u01a1 DC1350H11 l\u00e0 l\u1ef1a ch\u1ecdn tuy\u1ec7t v\u1eddi cho nh\u1eefng ai \u0111ang t\u00ecm ki\u1ebfm m\u1ed9t m\u1eabu t\u1ee7 v\u1eeba mang t\u00ednh th\u1ea9m m\u1ef9 cao v\u1eeba \u0111\u00e1p \u1ee9ng hi\u1ec7u qu\u1ea3 l\u01b0u tr\u1eef trong m\u00f4i tr\u01b0\u1eddng l\u00e0m vi\u1ec7c hi\u1ec7n \u0111\u1ea1i. S\u1ea3n ph\u1ea9m kh\u00f4ng ch\u1ec9 mang l\u1ea1i s\u1ef1 ti\u1ec7n nghi m\u00e0 c\u00f2n g\u00f3p ph\u1ea7n kh\u1eb3ng \u0111\u1ecbnh phong c\u00e1ch v\u00e0 \u0111\u1eb3ng c\u1ea5p c\u1ee7a ng\u01b0\u1eddi s\u1eed d\u1ee5ng.<\/p>\n<p data-start=\"3388\" data-end=\"3590\" data-is-last-node=\"\" data-is-only-node=\"\">T\u1ee7 h\u1ed3 s\u01a1 DC1350H11 \u2013 gi\u1ea3i ph\u00e1p n\u1ed9i th\u1ea5t l\u00fd t\u01b0\u1edfng cho v\u0103n ph\u00f2ng hi\u1ec7n \u0111\u1ea1i, n\u01a1i m\u1ed7i chi ti\u1ebft \u0111\u1ec1u \u0111\u01b0\u1ee3c ch\u0103m ch\u00fat t\u1ec9 m\u1ec9 \u0111\u1ec3 \u0111em \u0111\u1ebfn tr\u1ea3i nghi\u1ec7m s\u1eed d\u1ee5ng ho\u00e0n h\u1ea3o v\u00e0 kh\u00f4ng gian l\u00e0m vi\u1ec7c chuy\u00ean nghi\u1ec7p, \u0111\u1eb3ng c\u1ea5p.<\/p>\n","protected":false},"excerpt":{"rendered":"<p data-start=\"26\" data-end=\"334\">T\u1ee7 h\u1ed3 s\u01a1 DC1350H11 l\u00e0 m\u1eabu t\u1ee7 t\u00e0i li\u1ec7u cao c\u1ea5p \u0111\u01b0\u1ee3c thi\u1ebft k\u1ebf v\u1edbi ki\u1ec3u d\u00e1ng sang tr\u1ecdng, hi\u1ec7n \u0111\u1ea1i v\u00e0 t\u00ednh n\u0103ng l\u01b0u tr\u1eef \u0111a d\u1ea1ng. S\u1ea3n ph\u1ea9m g\u1ed3m 3 khoang ch\u00ednh, \u0111\u00e1p \u1ee9ng nhu c\u1ea7u l\u01b0u tr\u1eef v\u00e0 s\u1eafp x\u1ebfp h\u1ed3 s\u01a1, t\u00e0i li\u1ec7u g\u1ecdn g\u00e0ng, \u0111\u1ed3ng th\u1eddi mang l\u1ea1i t\u00ednh th\u1ea9m m\u1ef9 cao cho kh\u00f4ng gian l\u00e0m vi\u1ec7c.<\/p>\n<p data-start=\"336\" data-end=\"373\">K\u00edch th\u01b0\u1edbc: W1350 x D450 x H2000 mm<\/p>\n<p data-start=\"375\" data-end=\"680\">Xu\u1ea5t x\u1ee9: S\u1ea3n ph\u1ea9m c\u1ee7a <strong data-start=\"397\" data-end=\"425\">C\u00f4ng ty N\u1ed8I TH\u1ea4T THE ONE<\/strong> \u2013 Ph\u00e2n ph\u1ed1i b\u1edfi <strong data-start=\"442\" data-end=\"478\">C\u00d4NG TY TNHH SXTM TTNT H\u1eeeU TH\u1ecaNH<\/strong><br data-start=\"478\" data-end=\"481\" \/>B\u1ea3o h\u00e0nh: 12 th\u00e1ng theo ti\u00eau chu\u1ea9n nh\u00e0 m\u00e1y<br data-start=\"523\" data-end=\"526\" \/><span style=\"color: #ed1c24;\"><em data-start=\"526\" data-end=\"678\">L\u01b0u \u00fd: Gi\u00e1 tr\u00ean ch\u01b0a bao g\u1ed3m VAT v\u00e0 ph\u00ed v\u1eadn chuy\u1ec3n. Gi\u00e1 s\u1ea3n ph\u1ea9m c\u00f3 th\u1ec3 thay \u0111\u1ed5i theo t\u1eebng th\u1eddi \u0111i\u1ec3m, vui l\u00f2ng li\u00ean h\u1ec7 \u0111\u1ec3 nh\u1eadn t\u01b0 v\u1ea5n \u01b0u \u0111\u00e3i t\u1ed1t nh\u1ea5t.<\/em><\/span><\/p>\n","protected":false},"featured_media":4236,"comment_status":"open","ping_status":"closed","template":"","meta":[],"product_brand":[],"product_cat":[17,760],"product_tag":[],"class_list":{"0":"post-4235","1":"product","2":"type-product","3":"status-publish","4":"has-post-thumbnail","6":"product_cat-noi-that-van-phong","7":"product_cat-tu-go-van-phong","9":"first","10":"instock","11":"taxable","12":"shipping-taxable","13":"purchasable","14":"product-type-simple"},"_links":{"self":[{"href":"https:\/\/noithathuuthinh.vn\/zh-hans\/wp-json\/wp\/v2\/product\/4235","targetHints":{"allow":["GET"]}}],"collection":[{"href":"https:\/\/noithathuuthinh.vn\/zh-hans\/wp-json\/wp\/v2\/product"}],"about":[{"href":"https:\/\/noithathuuthinh.vn\/zh-hans\/wp-json\/wp\/v2\/types\/product"}],"replies":[{"embeddable":true,"href":"https:\/\/noithathuuthinh.vn\/zh-hans\/wp-json\/wp\/v2\/comments?post=4235"}],"wp:featuredmedia":[{"embeddable":true,"href":"https:\/\/noithathuuthinh.vn\/zh-hans\/wp-json\/wp\/v2\/media\/4236"}],"wp:attachment":[{"href":"https:\/\/noithathuuthinh.vn\/zh-hans\/wp-json\/wp\/v2\/media?parent=4235"}],"wp:term":[{"taxonomy":"product_brand","embeddable":true,"href":"https:\/\/noithathuuthinh.vn\/zh-hans\/wp-json\/wp\/v2\/product_brand?post=4235"},{"taxonomy":"product_cat","embeddable":true,"href":"https:\/\/noithathuuthinh.vn\/zh-hans\/wp-json\/wp\/v2\/product_cat?post=4235"},{"taxonomy":"product_tag","embeddable":true,"href":"https:\/\/noithathuuthinh.vn\/zh-hans\/wp-json\/wp\/v2\/product_tag?post=4235"}],"curies":[{"name":"wp","href":"https:\/\/api.w.org\/{rel}","templated":true}]}}