{"id":4240,"date":"2025-11-07T10:37:56","date_gmt":"2025-11-07T03:37:56","guid":{"rendered":"https:\/\/noithathuuthinh.vn\/?post_type=product&#038;p=4240"},"modified":"2025-11-07T10:37:56","modified_gmt":"2025-11-07T03:37:56","slug":"tu-ho-so-dc8040h1","status":"publish","type":"product","link":"https:\/\/noithathuuthinh.vn\/zh-hans\/san-pham\/tu-ho-so-dc8040h1\/","title":{"rendered":"T\u1ee7 h\u1ed3 s\u01a1 DC8040H1"},"content":{"rendered":"<p data-start=\"610\" data-end=\"963\">T\u1ee7 h\u1ed3 s\u01a1 DC8040H1 thu\u1ed9c d\u00f2ng t\u1ee7 t\u00e0i li\u1ec7u th\u1ea5p c\u1ee7a N\u1ed9i th\u1ea5t The One, \u0111\u01b0\u1ee3c thi\u1ebft k\u1ebf tinh g\u1ecdn nh\u01b0ng v\u1eabn \u0111\u1ea3m b\u1ea3o c\u00f4ng n\u0103ng t\u1ed1i \u01b0u cho v\u0103n ph\u00f2ng hi\u1ec7n \u0111\u1ea1i. S\u1ea3n ph\u1ea9m l\u00e0 l\u1ef1a ch\u1ecdn l\u00fd t\u01b0\u1edfng cho nh\u1eefng kh\u00f4ng gian l\u00e0m vi\u1ec7c c\u00f3 di\u1ec7n t\u00edch h\u1ea1n ch\u1ebf ho\u1eb7c c\u1ea7n b\u1ed1 tr\u00ed th\u00eam t\u1ee7 ph\u1ee5 h\u1ed7 tr\u1ee3 cho b\u00e0n l\u00e0m vi\u1ec7c, b\u00e0n gi\u00e1m \u0111\u1ed1c hay ph\u00f2ng h\u1ecdp.<\/p>\n<p data-start=\"965\" data-end=\"1416\">V\u1edbi chi\u1ec1u cao ch\u1ec9 800 mm, <strong data-start=\"991\" data-end=\"1012\">t\u1ee7 h\u1ed3 s\u01a1 DC8040H1<\/strong> gi\u00fap ng\u01b0\u1eddi d\u00f9ng d\u1ec5 d\u00e0ng thao t\u00e1c v\u00e0 quan s\u00e1t c\u00e1c v\u1eadt d\u1ee5ng b\u00ean trong m\u00e0 kh\u00f4ng c\u1ea7n v\u1edbi cao. Thi\u1ebft k\u1ebf <strong data-start=\"1112\" data-end=\"1134\">2 khoang c\u00e1nh k\u00ednh<\/strong> mang l\u1ea1i c\u1ea3m gi\u00e1c tho\u00e1ng nh\u1eb9, \u0111\u1ed3ng th\u1eddi t\u0103ng t\u00ednh th\u1ea9m m\u1ef9 cho kh\u00f4ng gian. C\u00e1nh t\u1ee7 s\u1eed d\u1ee5ng <strong data-start=\"1225\" data-end=\"1244\">k\u00ednh trong su\u1ed1t<\/strong> k\u1ebft h\u1ee3p khung g\u1ed7 ch\u1eafc ch\u1eafn, v\u1eeba b\u1ea3o v\u1ec7 t\u00e0i li\u1ec7u kh\u1ecfi b\u1ee5i b\u1ea9n, v\u1eeba cho ph\u00e9p tr\u01b0ng b\u00e0y s\u00e1ch, k\u1ef7 ni\u1ec7m ch\u01b0\u01a1ng, bi\u1ec3u m\u1eabu hay v\u1eadt trang tr\u00ed m\u1ed9t c\u00e1ch sang tr\u1ecdng v\u00e0 chuy\u00ean nghi\u1ec7p.<\/p>\n<p data-start=\"1418\" data-end=\"1813\">B\u00ean trong t\u1ee7 \u0111\u01b0\u1ee3c b\u1ed1 tr\u00ed <strong data-start=\"1443\" data-end=\"1467\">\u0111\u1ee3t chia t\u1ea7ng h\u1ee3p l\u00fd<\/strong>, gi\u00fap ng\u01b0\u1eddi d\u00f9ng d\u1ec5 d\u00e0ng ph\u00e2n lo\u1ea1i h\u1ed3 s\u01a1, t\u00e0i li\u1ec7u theo t\u1eebng nh\u00f3m ho\u1eb7c c\u00f4ng vi\u1ec7c. K\u00edch th\u01b0\u1edbc W800 x D400 x H800 mm gi\u00fap t\u1ee7 c\u00f3 th\u1ec3 \u0111\u1eb7t linh ho\u1ea1t d\u01b0\u1edbi b\u00e0n, c\u1ea1nh b\u00e0n ho\u1eb7c d\u1ecdc theo v\u00e1ch t\u01b0\u1eddng m\u00e0 kh\u00f4ng chi\u1ebfm nhi\u1ec1u di\u1ec7n t\u00edch. \u0110\u00e2y l\u00e0 gi\u1ea3i ph\u00e1p l\u01b0u tr\u1eef l\u00fd t\u01b0\u1edfng cho v\u0103n ph\u00f2ng nh\u1ecf, khu l\u00e0m vi\u1ec7c c\u00e1 nh\u00e2n ho\u1eb7c khu v\u1ef1c ti\u1ebfp kh\u00e1ch c\u1ea7n s\u1ef1 g\u1ecdn g\u00e0ng v\u00e0 tinh t\u1ebf.<\/p>\n<p data-start=\"1815\" data-end=\"2161\">Ch\u1ea5t li\u1ec7u ch\u00ednh c\u1ee7a t\u1ee7 h\u1ed3 s\u01a1 DC8040H1 l\u00e0 <strong data-start=\"1856\" data-end=\"1895\">g\u1ed7 c\u00f4ng nghi\u1ec7p cao c\u1ea5p ph\u1ee7 melamine<\/strong>, c\u00f3 kh\u1ea3 n\u0103ng ch\u1ed1ng tr\u1ea7y x\u01b0\u1edbc, ch\u1ed1ng \u1ea9m v\u00e0 d\u1ec5 lau ch\u00f9i. Khung k\u00ednh trong \u0111\u01b0\u1ee3c gia c\u00f4ng t\u1ec9 m\u1ec9, an to\u00e0n khi s\u1eed d\u1ee5ng, \u0111\u1ea3m b\u1ea3o \u0111\u1ed9 b\u1ec1n l\u00e2u d\u00e0i theo th\u1eddi gian. C\u00e1c ph\u1ee5 ki\u1ec7n nh\u01b0 b\u1ea3n l\u1ec1, tay n\u1eafm c\u1eeda c\u0169ng \u0111\u01b0\u1ee3c l\u1ef1a ch\u1ecdn k\u1ef9 l\u01b0\u1ee1ng \u0111\u1ec3 \u0111\u1ea3m b\u1ea3o thao t\u00e1c m\u1edf \u2013 \u0111\u00f3ng nh\u1eb9 nh\u00e0ng, \u00eam \u00e1i.<\/p>\n<p data-start=\"2163\" data-end=\"2542\">Thi\u1ebft k\u1ebf c\u1ee7a t\u1ee7 DC8040H1 mang phong c\u00e1ch <strong data-start=\"2204\" data-end=\"2225\">t\u1ed1i gi\u1ea3n, tinh t\u1ebf<\/strong>, ph\u00f9 h\u1ee3p v\u1edbi nhi\u1ec1u kh\u00f4ng gian n\u1ed9i th\u1ea5t kh\u00e1c nhau \u2013 t\u1eeb v\u0103n ph\u00f2ng l\u00e0m vi\u1ec7c hi\u1ec7n \u0111\u1ea1i, ph\u00f2ng h\u00e0nh ch\u00ednh, \u0111\u1ebfn khu v\u1ef1c l\u1ec5 t\u00e2n ho\u1eb7c ph\u00f2ng gi\u00e1m \u0111\u1ed1c. M\u00e0u s\u1eafc trung t\u00ednh, d\u1ec5 ph\u1ed1i h\u1ee3p c\u00f9ng c\u00e1c s\u1ea3n ph\u1ea9m kh\u00e1c c\u1ee7a The One nh\u01b0 b\u00e0n l\u00e0m vi\u1ec7c, t\u1ee7 h\u1ed3 s\u01a1 cao, ho\u1eb7c h\u1ed9c di \u0111\u1ed9ng, gi\u00fap t\u1ea1o n\u00ean t\u1ed5ng th\u1ec3 kh\u00f4ng gian \u0111\u1ed3ng b\u1ed9 v\u00e0 chuy\u00ean nghi\u1ec7p.<\/p>\n<p data-start=\"2544\" data-end=\"2850\">Kh\u00f4ng ch\u1ec9 \u0111\u00f3ng vai tr\u00f2 l\u00e0 n\u01a1i l\u01b0u tr\u1eef, <strong data-start=\"2583\" data-end=\"2604\">t\u1ee7 h\u1ed3 s\u01a1 DC8040H1<\/strong> c\u00f2n g\u00f3p ph\u1ea7n n\u00e2ng cao th\u1ea9m m\u1ef9 cho v\u0103n ph\u00f2ng, mang l\u1ea1i c\u1ea3m gi\u00e1c ng\u0103n n\u1eafp v\u00e0 tinh g\u1ecdn. V\u1edbi thi\u1ebft k\u1ebf linh ho\u1ea1t, ch\u1ea5t li\u1ec7u b\u1ec1n \u0111\u1eb9p v\u00e0 gi\u00e1 th\u00e0nh h\u1ee3p l\u00fd, \u0111\u00e2y l\u00e0 m\u1eabu t\u1ee7 \u0111\u01b0\u1ee3c nhi\u1ec1u doanh nghi\u1ec7p tin d\u00f9ng trong vi\u1ec7c trang b\u1ecb n\u1ed9i th\u1ea5t v\u0103n ph\u00f2ng hi\u1ec7n nay.<\/p>\n<p data-start=\"2852\" data-end=\"3031\" data-is-last-node=\"\" data-is-only-node=\"\">N\u1ebfu b\u1ea1n \u0111ang t\u00ecm ki\u1ebfm m\u1ed9t chi\u1ebfc t\u1ee7 nh\u1ecf g\u1ecdn, ti\u1ec7n d\u1ee5ng nh\u01b0ng v\u1eabn sang tr\u1ecdng v\u00e0 ch\u1ea5t l\u01b0\u1ee3ng, <strong data-start=\"2942\" data-end=\"2963\">t\u1ee7 h\u1ed3 s\u01a1 DC8040H1<\/strong> ch\u00ednh l\u00e0 l\u1ef1a ch\u1ecdn \u0111\u00e1ng \u0111\u1ec3 c\u00e2n nh\u1eafc cho kh\u00f4ng gian l\u00e0m vi\u1ec7c c\u1ee7a b\u1ea1n.<\/p>\n","protected":false},"excerpt":{"rendered":"<p>T\u1ee7 h\u1ed3 s\u01a1 DC8040H1 l\u00e0 m\u1eabu t\u1ee7 th\u1ea5p thi\u1ebft k\u1ebf nh\u1ecf g\u1ecdn g\u1ed3m 2 khoang v\u1edbi khung c\u00e1nh k\u00ednh hi\u1ec7n \u0111\u1ea1i, b\u00ean trong c\u00f3 \u0111\u1ee3t chia t\u1ea7ng ti\u1ec7n l\u1ee3i gi\u00fap ng\u01b0\u1eddi d\u00f9ng d\u1ec5 d\u00e0ng l\u01b0u tr\u1eef v\u00e0 tr\u01b0ng b\u00e0y t\u00e0i li\u1ec7u, v\u1eadt d\u1ee5ng v\u0103n ph\u00f2ng.<br data-start=\"259\" data-end=\"262\" \/>K\u00edch th\u01b0\u1edbc: W800 x D400 x H800 mm<br data-start=\"295\" data-end=\"298\" \/>Xu\u1ea5t x\u1ee9: S\u1ea3n ph\u1ea9m c\u1ee7a <strong data-start=\"320\" data-end=\"348\">C\u00f4ng ty N\u1ed8I TH\u1ea4T THE ONE<\/strong> \u2013 Ph\u00e2n ph\u1ed1i b\u1edfi <strong data-start=\"365\" data-end=\"401\">C\u00d4NG TY TNHH SXTM TTNT H\u1eeeU TH\u1ecaNH<\/strong><br data-start=\"401\" data-end=\"404\" \/>B\u1ea3o h\u00e0nh: 12 th\u00e1ng theo ti\u00eau chu\u1ea9n nh\u00e0 m\u00e1y<br data-start=\"446\" data-end=\"449\" \/><span style=\"color: #ed1c24;\"><em data-start=\"449\" data-end=\"601\">L\u01b0u \u00fd: Gi\u00e1 tr\u00ean ch\u01b0a bao g\u1ed3m VAT v\u00e0 ph\u00ed v\u1eadn chuy\u1ec3n. Gi\u00e1 s\u1ea3n ph\u1ea9m c\u00f3 th\u1ec3 thay \u0111\u1ed5i theo t\u1eebng th\u1eddi \u0111i\u1ec3m, vui l\u00f2ng li\u00ean h\u1ec7 \u0111\u1ec3 nh\u1eadn t\u01b0 v\u1ea5n \u01b0u \u0111\u00e3i t\u1ed1t nh\u1ea5t.<\/em><\/span><\/p>\n","protected":false},"featured_media":4241,"comment_status":"open","ping_status":"closed","template":"","meta":[],"product_brand":[],"product_cat":[17,760],"product_tag":[],"class_list":{"0":"post-4240","1":"product","2":"type-product","3":"status-publish","4":"has-post-thumbnail","6":"product_cat-noi-that-van-phong","7":"product_cat-tu-go-van-phong","9":"first","10":"instock","11":"taxable","12":"shipping-taxable","13":"purchasable","14":"product-type-simple"},"_links":{"self":[{"href":"https:\/\/noithathuuthinh.vn\/zh-hans\/wp-json\/wp\/v2\/product\/4240","targetHints":{"allow":["GET"]}}],"collection":[{"href":"https:\/\/noithathuuthinh.vn\/zh-hans\/wp-json\/wp\/v2\/product"}],"about":[{"href":"https:\/\/noithathuuthinh.vn\/zh-hans\/wp-json\/wp\/v2\/types\/product"}],"replies":[{"embeddable":true,"href":"https:\/\/noithathuuthinh.vn\/zh-hans\/wp-json\/wp\/v2\/comments?post=4240"}],"wp:featuredmedia":[{"embeddable":true,"href":"https:\/\/noithathuuthinh.vn\/zh-hans\/wp-json\/wp\/v2\/media\/4241"}],"wp:attachment":[{"href":"https:\/\/noithathuuthinh.vn\/zh-hans\/wp-json\/wp\/v2\/media?parent=4240"}],"wp:term":[{"taxonomy":"product_brand","embeddable":true,"href":"https:\/\/noithathuuthinh.vn\/zh-hans\/wp-json\/wp\/v2\/product_brand?post=4240"},{"taxonomy":"product_cat","embeddable":true,"href":"https:\/\/noithathuuthinh.vn\/zh-hans\/wp-json\/wp\/v2\/product_cat?post=4240"},{"taxonomy":"product_tag","embeddable":true,"href":"https:\/\/noithathuuthinh.vn\/zh-hans\/wp-json\/wp\/v2\/product_tag?post=4240"}],"curies":[{"name":"wp","href":"https:\/\/api.w.org\/{rel}","templated":true}]}}