{"id":4249,"date":"2025-11-07T11:53:55","date_gmt":"2025-11-07T04:53:55","guid":{"rendered":"https:\/\/noithathuuthinh.vn\/?post_type=product&#038;p=4249"},"modified":"2025-11-07T11:53:55","modified_gmt":"2025-11-07T04:53:55","slug":"tu-ho-so-dc1240h1","status":"publish","type":"product","link":"https:\/\/noithathuuthinh.vn\/zh-hans\/san-pham\/tu-ho-so-dc1240h1\/","title":{"rendered":"T\u1ee7 h\u1ed3 s\u01a1 DC1240H1"},"content":{"rendered":"<p data-start=\"672\" data-end=\"1018\">T\u1ee7 h\u1ed3 s\u01a1 DC1240H1 l\u00e0 d\u00f2ng t\u1ee7 th\u1ea5p \u0111\u01b0\u1ee3c thi\u1ebft k\u1ebf tinh t\u1ebf v\u00e0 linh ho\u1ea1t, ph\u00f9 h\u1ee3p v\u1edbi nhi\u1ec1u kh\u00f4ng gian v\u0103n ph\u00f2ng hi\u1ec7n \u0111\u1ea1i. S\u1ea3n ph\u1ea9m k\u1ebft h\u1ee3p h\u00e0i h\u00f2a gi\u1eefa <strong data-start=\"863\" data-end=\"884\">c\u00f4ng n\u0103ng l\u01b0u tr\u1eef<\/strong> v\u00e0 <strong data-start=\"888\" data-end=\"904\">t\u00ednh th\u1ea9m m\u1ef9<\/strong>, gi\u00fap ng\u01b0\u1eddi d\u00f9ng s\u1eafp x\u1ebfp t\u00e0i li\u1ec7u, h\u1ed3 s\u01a1 g\u1ecdn g\u00e0ng m\u00e0 v\u1eabn \u0111\u1ea3m b\u1ea3o v\u1ebb chuy\u00ean nghi\u1ec7p v\u00e0 sang tr\u1ecdng cho n\u01a1i l\u00e0m vi\u1ec7c.<\/p>\n<p data-start=\"1020\" data-end=\"1413\">Ph\u1ea7n <strong data-start=\"1025\" data-end=\"1045\">th\u00e2n t\u1ee7 DC1240H1<\/strong> \u0111\u01b0\u1ee3c chia th\u00e0nh 3 khoang ri\u00eang bi\u1ec7t, m\u1ed7i khoang \u0111\u1ea3m nhi\u1ec7m m\u1ed9t ch\u1ee9c n\u0103ng kh\u00e1c nhau. Hai <strong data-start=\"1133\" data-end=\"1171\">bu\u1ed3ng ph\u00eda tr\u00ean c\u00f3 c\u00e1nh khung k\u00ednh<\/strong> trong su\u1ed1t, cho ph\u00e9p ng\u01b0\u1eddi d\u00f9ng d\u1ec5 d\u00e0ng quan s\u00e1t t\u00e0i li\u1ec7u ho\u1eb7c tr\u01b0ng b\u00e0y s\u00e1ch, bi\u1ec3u m\u1eabu, b\u1eb1ng khen, k\u1ef7 ni\u1ec7m ch\u01b0\u01a1ng. Thi\u1ebft k\u1ebf khung g\u1ed7 k\u1ebft h\u1ee3p k\u00ednh mang l\u1ea1i c\u1ea3m gi\u00e1c nh\u1eb9 nh\u00e0ng, tho\u00e1ng \u0111\u00e3ng v\u00e0 t\u1ea1o \u0111i\u1ec3m nh\u1ea5n hi\u1ec7n \u0111\u1ea1i cho kh\u00f4ng gian v\u0103n ph\u00f2ng.<\/p>\n<p data-start=\"1415\" data-end=\"1720\">Ngay ph\u00eda d\u01b0\u1edbi l\u00e0 <strong data-start=\"1433\" data-end=\"1454\">h\u1ec7 th\u1ed1ng ng\u0103n k\u00e9o<\/strong> r\u1ed9ng r\u00e3i, gi\u00fap l\u01b0u tr\u1eef c\u00e1c lo\u1ea1i h\u1ed3 s\u01a1, gi\u1ea5y t\u1edd quan tr\u1ecdng ho\u1eb7c v\u1eadt d\u1ee5ng c\u00e1 nh\u00e2n m\u1ed9t c\u00e1ch k\u00edn \u0111\u00e1o, tr\u00e1nh b\u1ee5i b\u1ea9n v\u00e0 t\u0103ng t\u00ednh b\u1ea3o m\u1eadt. Tay n\u1eafm v\u00e0 ray tr\u01b0\u1ee3t c\u1ee7a ng\u0103n k\u00e9o \u0111\u01b0\u1ee3c gia c\u00f4ng ch\u1eafc ch\u1eafn, gi\u00fap thao t\u00e1c k\u00e9o m\u1edf nh\u1eb9 nh\u00e0ng, \u00eam \u00e1i v\u00e0 b\u1ec1n b\u1ec9 trong qu\u00e1 tr\u00ecnh s\u1eed d\u1ee5ng.<\/p>\n<p data-start=\"1722\" data-end=\"2051\">B\u00ean c\u1ea1nh \u0111\u00f3, <strong data-start=\"1735\" data-end=\"1752\">bu\u1ed3ng c\u00e1nh m\u1edf<\/strong> c\u00f2n l\u1ea1i \u0111\u01b0\u1ee3c b\u1ed1 tr\u00ed linh ho\u1ea1t \u1edf m\u1ed9t b\u00ean t\u1ee7, gi\u00fap m\u1edf r\u1ed9ng kh\u00f4ng gian ch\u1ee9a \u0111\u1ef1ng. B\u00ean trong \u0111\u01b0\u1ee3c chia \u0111\u1ee3t h\u1ee3p l\u00fd \u0111\u1ec3 ng\u01b0\u1eddi d\u00f9ng c\u00f3 th\u1ec3 c\u1ea5t gi\u1eef c\u00e1c lo\u1ea1i file h\u1ed3 s\u01a1, v\u1eadt d\u1ee5ng v\u0103n ph\u00f2ng ho\u1eb7c thi\u1ebft b\u1ecb nh\u1ecf g\u1ecdn. Thi\u1ebft k\u1ebf c\u00e1nh m\u1edf truy\u1ec1n th\u1ed1ng v\u1edbi b\u1ea3n l\u1ec1 cao c\u1ea5p \u0111\u1ea3m b\u1ea3o \u0111\u1ed9 ch\u1eafc ch\u1eafn v\u00e0 kh\u1ea3 n\u0103ng \u0111\u00f3ng m\u1edf \u00eam \u00e1i.<\/p>\n<p data-start=\"2053\" data-end=\"2345\">Ch\u1ea5t li\u1ec7u ch\u00ednh c\u1ee7a t\u1ee7 h\u1ed3 s\u01a1 DC1240H1 l\u00e0 <strong data-start=\"2094\" data-end=\"2133\">g\u1ed7 c\u00f4ng nghi\u1ec7p cao c\u1ea5p ph\u1ee7 melamine<\/strong>, c\u00f3 kh\u1ea3 n\u0103ng ch\u1ed1ng tr\u1ea7y x\u01b0\u1edbc, ch\u1ed1ng \u1ea9m v\u00e0 d\u1ec5 d\u00e0ng v\u1ec7 sinh. Nh\u1edd l\u1edbp ph\u1ee7 b\u1ec1 m\u1eb7t ch\u1ea5t l\u01b0\u1ee3ng, s\u1ea3n ph\u1ea9m lu\u00f4n gi\u1eef \u0111\u01b0\u1ee3c m\u00e0u s\u1eafc t\u1ef1 nhi\u00ean v\u00e0 \u0111\u1ed9 b\u1ec1n \u0111\u1eb9p theo th\u1eddi gian, ph\u00f9 h\u1ee3p v\u1edbi m\u00f4i tr\u01b0\u1eddng v\u0103n ph\u00f2ng s\u1eed d\u1ee5ng l\u00e2u d\u00e0i.<\/p>\n<p data-start=\"2347\" data-end=\"2693\">K\u00edch th\u01b0\u1edbc <strong data-start=\"2358\" data-end=\"2385\">W1200 x D400 x H1000 mm<\/strong> gi\u00fap t\u1ee7 c\u00f3 th\u1ec3 b\u1ed1 tr\u00ed linh ho\u1ea1t trong nhi\u1ec1u v\u1ecb tr\u00ed kh\u00e1c nhau \u2014 t\u1eeb khu v\u1ef1c l\u00e0m vi\u1ec7c c\u00e1 nh\u00e2n, ph\u00f2ng gi\u00e1m \u0111\u1ed1c, ph\u00f2ng h\u1ecdp \u0111\u1ebfn khu v\u1ef1c h\u00e0nh ch\u00ednh \u2013 k\u1ebf to\u00e1n. V\u1edbi chi\u1ec1u cao v\u1eeba t\u1ea7m, t\u1ee7 c\u00f2n c\u00f3 th\u1ec3 t\u1eadn d\u1ee5ng m\u1eb7t tr\u00ean l\u00e0m n\u01a1i \u0111\u1eb7t m\u00e1y in, v\u1eadt trang tr\u00ed ho\u1eb7c ch\u1eadu c\u00e2y nh\u1ecf, v\u1eeba ti\u1ebft ki\u1ec7m kh\u00f4ng gian v\u1eeba t\u0103ng t\u00ednh th\u1ea9m m\u1ef9.<\/p>\n<p data-start=\"2695\" data-end=\"3058\">V\u1ec1 thi\u1ebft k\u1ebf t\u1ed5ng th\u1ec3, <strong data-start=\"2717\" data-end=\"2738\">t\u1ee7 h\u1ed3 s\u01a1 DC1240H1<\/strong> mang phong c\u00e1ch hi\u1ec7n \u0111\u1ea1i, nh\u1ea5n m\u1ea1nh v\u00e0o s\u1ef1 ti\u1ec7n d\u1ee5ng v\u00e0 g\u1ecdn g\u00e0ng. T\u00f4ng m\u00e0u g\u1ed7 trung t\u00ednh k\u1ebft h\u1ee3p c\u00f9ng ch\u1ea5t li\u1ec7u k\u00ednh gi\u00fap kh\u00f4ng gian l\u00e0m vi\u1ec7c tr\u1edf n\u00ean s\u00e1ng s\u1ee7a, tho\u00e1ng \u0111\u00e3ng v\u00e0 chuy\u00ean nghi\u1ec7p h\u01a1n. \u0110\u00e2y l\u00e0 s\u1ea3n ph\u1ea9m kh\u00f4ng ch\u1ec9 ph\u1ee5c v\u1ee5 nhu c\u1ea7u l\u01b0u tr\u1eef m\u00e0 c\u00f2n g\u00f3p ph\u1ea7n n\u00e2ng cao h\u00ecnh \u1ea3nh v\u00e0 s\u1ef1 \u0111\u1ed3ng b\u1ed9 trong n\u1ed9i th\u1ea5t v\u0103n ph\u00f2ng.<\/p>\n<p data-start=\"3060\" data-end=\"3342\" data-is-last-node=\"\" data-is-only-node=\"\">V\u1edbi \u01b0u \u0111i\u1ec3m v\u1ec1 <strong data-start=\"3075\" data-end=\"3155\">thi\u1ebft k\u1ebf th\u00f4ng minh, ch\u1ea5t li\u1ec7u b\u1ec1n b\u1ec9, c\u00f4ng n\u0103ng \u0111a d\u1ea1ng v\u00e0 gi\u00e1 th\u00e0nh h\u1ee3p l\u00fd<\/strong>, <strong data-start=\"3157\" data-end=\"3178\">t\u1ee7 h\u1ed3 s\u01a1 DC1240H1<\/strong> l\u00e0 l\u1ef1a ch\u1ecdn ho\u00e0n h\u1ea3o cho c\u00e1c doanh nghi\u1ec7p, c\u01a1 quan ho\u1eb7c c\u00e1 nh\u00e2n mu\u1ed1n t\u00ecm ki\u1ebfm m\u1ed9t gi\u1ea3i ph\u00e1p l\u01b0u tr\u1eef hi\u1ec7n \u0111\u1ea1i, tinh t\u1ebf v\u00e0 hi\u1ec7u qu\u1ea3 cho kh\u00f4ng gian l\u00e0m vi\u1ec7c c\u1ee7a m\u00ecnh.<\/p>\n","protected":false},"excerpt":{"rendered":"<p>T\u1ee7 h\u1ed3 s\u01a1 DC1240H1 l\u00e0 m\u1eabu t\u1ee7 th\u1ea5p 3 khoang ti\u1ec7n d\u1ee5ng, trong \u0111\u00f3 hai bu\u1ed3ng ph\u00eda tr\u00ean \u0111\u01b0\u1ee3c thi\u1ebft k\u1ebf d\u1ea1ng c\u00e1nh khung k\u00ednh sang tr\u1ecdng, ph\u00eda d\u01b0\u1edbi l\u00e0 ng\u0103n k\u00e9o g\u1ecdn g\u00e0ng, k\u1ebft h\u1ee3p c\u00f9ng m\u1ed9t bu\u1ed3ng c\u00e1nh m\u1edf b\u00ean c\u1ea1nh gi\u00fap t\u0103ng kh\u1ea3 n\u0103ng l\u01b0u tr\u1eef v\u00e0 s\u1eafp x\u1ebfp h\u1ed3 s\u01a1 m\u1ed9t c\u00e1ch khoa h\u1ecdc.<br data-start=\"319\" data-end=\"322\" \/>K\u00edch th\u01b0\u1edbc: W1200 x D400 x H1000 mm<br data-start=\"357\" data-end=\"360\" \/>Xu\u1ea5t x\u1ee9: S\u1ea3n ph\u1ea9m c\u1ee7a <strong data-start=\"382\" data-end=\"410\">C\u00f4ng ty N\u1ed8I TH\u1ea4T THE ONE<\/strong> \u2013 Ph\u00e2n ph\u1ed1i b\u1edfi <strong data-start=\"427\" data-end=\"463\">C\u00d4NG TY TNHH SXTM TTNT H\u1eeeU TH\u1ecaNH<\/strong><br data-start=\"463\" data-end=\"466\" \/>B\u1ea3o h\u00e0nh: 12 th\u00e1ng theo ti\u00eau chu\u1ea9n nh\u00e0 m\u00e1y<br data-start=\"508\" data-end=\"511\" \/><span style=\"color: #ed1c24;\"><em data-start=\"511\" data-end=\"663\">L\u01b0u \u00fd: Gi\u00e1 tr\u00ean ch\u01b0a bao g\u1ed3m VAT v\u00e0 ph\u00ed v\u1eadn chuy\u1ec3n. Gi\u00e1 s\u1ea3n ph\u1ea9m c\u00f3 th\u1ec3 thay \u0111\u1ed5i theo t\u1eebng th\u1eddi \u0111i\u1ec3m, vui l\u00f2ng li\u00ean h\u1ec7 \u0111\u1ec3 nh\u1eadn t\u01b0 v\u1ea5n \u01b0u \u0111\u00e3i t\u1ed1t nh\u1ea5t.<\/em><\/span><\/p>\n","protected":false},"featured_media":4250,"comment_status":"open","ping_status":"closed","template":"","meta":[],"product_brand":[],"product_cat":[17,760],"product_tag":[],"class_list":{"0":"post-4249","1":"product","2":"type-product","3":"status-publish","4":"has-post-thumbnail","6":"product_cat-noi-that-van-phong","7":"product_cat-tu-go-van-phong","9":"first","10":"instock","11":"taxable","12":"shipping-taxable","13":"purchasable","14":"product-type-simple"},"_links":{"self":[{"href":"https:\/\/noithathuuthinh.vn\/zh-hans\/wp-json\/wp\/v2\/product\/4249","targetHints":{"allow":["GET"]}}],"collection":[{"href":"https:\/\/noithathuuthinh.vn\/zh-hans\/wp-json\/wp\/v2\/product"}],"about":[{"href":"https:\/\/noithathuuthinh.vn\/zh-hans\/wp-json\/wp\/v2\/types\/product"}],"replies":[{"embeddable":true,"href":"https:\/\/noithathuuthinh.vn\/zh-hans\/wp-json\/wp\/v2\/comments?post=4249"}],"wp:featuredmedia":[{"embeddable":true,"href":"https:\/\/noithathuuthinh.vn\/zh-hans\/wp-json\/wp\/v2\/media\/4250"}],"wp:attachment":[{"href":"https:\/\/noithathuuthinh.vn\/zh-hans\/wp-json\/wp\/v2\/media?parent=4249"}],"wp:term":[{"taxonomy":"product_brand","embeddable":true,"href":"https:\/\/noithathuuthinh.vn\/zh-hans\/wp-json\/wp\/v2\/product_brand?post=4249"},{"taxonomy":"product_cat","embeddable":true,"href":"https:\/\/noithathuuthinh.vn\/zh-hans\/wp-json\/wp\/v2\/product_cat?post=4249"},{"taxonomy":"product_tag","embeddable":true,"href":"https:\/\/noithathuuthinh.vn\/zh-hans\/wp-json\/wp\/v2\/product_tag?post=4249"}],"curies":[{"name":"wp","href":"https:\/\/api.w.org\/{rel}","templated":true}]}}