{"id":4259,"date":"2025-11-07T13:55:13","date_gmt":"2025-11-07T06:55:13","guid":{"rendered":"https:\/\/noithathuuthinh.vn\/?post_type=product&#038;p=4259"},"modified":"2025-11-07T13:55:13","modified_gmt":"2025-11-07T06:55:13","slug":"tu-ho-so-lux1960-2b3","status":"publish","type":"product","link":"https:\/\/noithathuuthinh.vn\/zh-hans\/san-pham\/tu-ho-so-lux1960-2b3\/","title":{"rendered":"T\u1ee7 h\u1ed3 s\u01a1 LUX1960-2B3"},"content":{"rendered":"<p data-start=\"803\" data-end=\"1153\">T\u1ee7 h\u1ed3 s\u01a1 LUX1960-2B3 thu\u1ed9c d\u00f2ng t\u1ee7 t\u00e0i li\u1ec7u cao c\u1ea5p c\u1ee7a N\u1ed9i th\u1ea5t The One, \u0111\u01b0\u1ee3c thi\u1ebft k\u1ebf v\u1edbi phong c\u00e1ch hi\u1ec7n \u0111\u1ea1i, tinh t\u1ebf, ph\u00f9 h\u1ee3p v\u1edbi nhi\u1ec1u kh\u00f4ng gian v\u0103n ph\u00f2ng chuy\u00ean nghi\u1ec7p. S\u1ea3n ph\u1ea9m kh\u00f4ng ch\u1ec9 \u0111\u00e1p \u1ee9ng nhu c\u1ea7u l\u01b0u tr\u1eef t\u00e0i li\u1ec7u khoa h\u1ecdc, m\u00e0 c\u00f2n l\u00e0 \u0111i\u1ec3m nh\u1ea5n sang tr\u1ecdng gi\u00fap n\u00e2ng t\u1ea7m th\u1ea9m m\u1ef9 cho n\u01a1i l\u00e0m vi\u1ec7c.<\/p>\n<p data-start=\"1155\" data-end=\"1771\">V\u1edbi c\u1ea5u tr\u00fac hai ph\u1ea7n r\u00f5 r\u00e0ng, t\u1ee7 mang l\u1ea1i s\u1ef1 ti\u1ec7n l\u1ee3i t\u1ed1i \u0111a trong qu\u00e1 tr\u00ecnh s\u1eed d\u1ee5ng. Ph\u1ea7n tr\u00ean s\u1eed d\u1ee5ng khung c\u00e1nh k\u00ednh trong su\u1ed1t, v\u1eeba gi\u00fap ng\u01b0\u1eddi d\u00f9ng d\u1ec5 d\u00e0ng quan s\u00e1t t\u00e0i li\u1ec7u b\u00ean trong, v\u1eeba t\u1ea1o c\u1ea3m gi\u00e1c tho\u00e1ng \u0111\u00e3ng v\u00e0 hi\u1ec7n \u0111\u1ea1i. Hai ng\u0103n di \u0111\u1ed9ng gi\u00fap ng\u01b0\u1eddi d\u00f9ng t\u00f9y \u00fd s\u1eafp x\u1ebfp h\u1ed3 s\u01a1, s\u00e1ch v\u1edf ho\u1eb7c tr\u01b0ng b\u00e0y c\u00e1c v\u1eadt d\u1ee5ng trang tr\u00ed nh\u01b0 c\u00fap, b\u1eb1ng khen, hay \u0111\u1ed3 l\u01b0u ni\u1ec7m, t\u1ea1o n\u00ean g\u00f3c tr\u01b0ng b\u00e0y sang tr\u1ecdng v\u00e0 chuy\u00ean nghi\u1ec7p. Ph\u1ea7n khoang d\u01b0\u1edbi c\u1ee7a t\u1ee7 g\u1ed3m hai c\u00e1nh m\u1edf k\u00edn \u0111\u00e1o, b\u00ean trong c\u00f3 th\u00eam ng\u0103n di \u0111\u1ed9ng \u0111\u1ec3 ph\u00e2n chia kh\u00f4ng gian l\u01b0u tr\u1eef linh ho\u1ea1t, r\u1ea5t thu\u1eadn ti\u1ec7n cho vi\u1ec7c c\u1ea5t gi\u1eef t\u00e0i li\u1ec7u quan tr\u1ecdng ho\u1eb7c \u0111\u1ed3 d\u00f9ng c\u00e1 nh\u00e2n.<\/p>\n<p data-start=\"1773\" data-end=\"2241\">Ch\u1ea5t li\u1ec7u g\u1ed7 c\u00f4ng nghi\u1ec7p Melamine cao c\u1ea5p mang \u0111\u1ebfn cho t\u1ee7 kh\u1ea3 n\u0103ng ch\u1ed1ng tr\u1ea7y x\u01b0\u1edbc, ch\u1ed1ng th\u1ea5m n\u01b0\u1edbc nh\u1eb9 v\u00e0 d\u1ec5 d\u00e0ng v\u1ec7 sinh trong qu\u00e1 tr\u00ecnh s\u1eed d\u1ee5ng. L\u1edbp ph\u1ee7 Melamine kh\u00f4ng ch\u1ec9 gi\u00fap b\u1ec1 m\u1eb7t t\u1ee7 b\u00f3ng m\u1ecbn, m\u00e0 c\u00f2n duy tr\u00ec \u0111\u1ed9 b\u1ec1n \u0111\u1eb9p l\u00e2u d\u00e0i, th\u00edch h\u1ee3p cho m\u00f4i tr\u01b0\u1eddng v\u0103n ph\u00f2ng hi\u1ec7n \u0111\u1ea1i. M\u00e0u s\u1eafc trang nh\u00e3, h\u00e0i h\u00f2a gi\u00fap t\u1ee7 d\u1ec5 d\u00e0ng ph\u1ed1i h\u1ee3p v\u1edbi nhi\u1ec1u phong c\u00e1ch n\u1ed9i th\u1ea5t kh\u00e1c nhau \u2013 t\u1eeb kh\u00f4ng gian l\u00e0m vi\u1ec7c c\u00e1 nh\u00e2n \u0111\u1ebfn c\u00e1c khu v\u1ef1c qu\u1ea3n l\u00fd, ph\u00f2ng gi\u00e1m \u0111\u1ed1c ho\u1eb7c khu l\u01b0u tr\u1eef chung.<\/p>\n<p data-start=\"2243\" data-end=\"2687\">Ngo\u00e0i ra, t\u1ee7 h\u1ed3 s\u01a1 LUX1960-2B3 \u0111\u01b0\u1ee3c thi\u1ebft k\u1ebf v\u1edbi k\u00edch th\u01b0\u1edbc ti\u00eau chu\u1ea9n W800 x D400 x H1960 mm, v\u1eeba \u0111\u1ee7 \u0111\u1ec3 t\u1ed1i \u01b0u h\u00f3a kh\u00f4ng gian s\u1eed d\u1ee5ng m\u00e0 v\u1eabn \u0111\u1ea3m b\u1ea3o kh\u1ea3 n\u0103ng ch\u1ee9a \u0111\u1ef1ng l\u1edbn. T\u1ee7 c\u00f3 th\u1ec3 \u0111\u1eb7t \u0111\u1ed9c l\u1eadp ho\u1eb7c k\u1ebft h\u1ee3p c\u00f9ng c\u00e1c m\u1eabu t\u1ee7 kh\u00e1c trong c\u00f9ng d\u00f2ng LUX \u0111\u1ec3 t\u1ea1o n\u00ean h\u1ec7 th\u1ed1ng l\u01b0u tr\u1eef \u0111\u1ed3ng b\u1ed9, ti\u1ec7n nghi v\u00e0 th\u1ea9m m\u1ef9 cao. B\u1ea3n l\u1ec1, tay n\u1eafm v\u00e0 ph\u1ee5 ki\u1ec7n t\u1ee7 \u0111\u1ec1u \u0111\u01b0\u1ee3c l\u1ef1a ch\u1ecdn t\u1eeb nh\u1eefng v\u1eadt li\u1ec7u b\u1ec1n ch\u1eafc, \u0111\u1ea3m b\u1ea3o qu\u00e1 tr\u00ecnh \u0111\u00f3ng m\u1edf nh\u1eb9 nh\u00e0ng, \u00eam \u00e1i v\u00e0 an to\u00e0n.<\/p>\n<p data-start=\"2689\" data-end=\"3088\">\u0110\u1ed1i v\u1edbi nh\u1eefng doanh nghi\u1ec7p ch\u00fa tr\u1ecdng \u0111\u1ebfn t\u00ednh chuy\u00ean nghi\u1ec7p v\u00e0 s\u1ef1 g\u1ecdn g\u00e0ng trong kh\u00f4ng gian l\u00e0m vi\u1ec7c, LUX1960-2B3 l\u00e0 l\u1ef1a ch\u1ecdn l\u00fd t\u01b0\u1edfng. S\u1ea3n ph\u1ea9m kh\u00f4ng ch\u1ec9 gi\u00fap qu\u1ea3n l\u00fd t\u00e0i li\u1ec7u hi\u1ec7u qu\u1ea3 m\u00e0 c\u00f2n g\u00f3p ph\u1ea7n th\u1ec3 hi\u1ec7n gu th\u1ea9m m\u1ef9 hi\u1ec7n \u0111\u1ea1i v\u00e0 tinh t\u1ebf c\u1ee7a doanh nghi\u1ec7p. T\u1ee7 ph\u00f9 h\u1ee3p v\u1edbi c\u00e1c ph\u00f2ng h\u00e0nh ch\u00ednh, ph\u00f2ng gi\u00e1m \u0111\u1ed1c ho\u1eb7c khu v\u1ef1c l\u00e0m vi\u1ec7c chung, mang \u0111\u1ebfn c\u1ea3m gi\u00e1c ch\u1ec9n chu, chuy\u00ean nghi\u1ec7p v\u00e0 \u0111\u1ea7y c\u1ea3m h\u1ee9ng.<\/p>\n<p data-start=\"3090\" data-end=\"3364\" data-is-last-node=\"\" data-is-only-node=\"\">N\u1ebfu b\u1ea1n \u0111ang t\u00ecm ki\u1ebfm m\u1ed9t m\u1eabu t\u1ee7 h\u1ed3 s\u01a1 v\u1eeba \u0111\u1eb9p, v\u1eeba b\u1ec1n, v\u1eeba \u0111\u00e1p \u1ee9ng t\u1ed1t nhu c\u1ea7u l\u01b0u tr\u1eef, th\u00ec <strong data-start=\"3184\" data-end=\"3208\">t\u1ee7 h\u1ed3 s\u01a1 LUX1960-2B3<\/strong> ch\u1eafc ch\u1eafn l\u00e0 l\u1ef1a ch\u1ecdn ho\u00e0n h\u1ea3o. H\u00e3y li\u00ean h\u1ec7 ngay v\u1edbi <strong data-start=\"3262\" data-end=\"3298\">C\u00d4NG TY TNHH SXTM TTNT H\u1eeeU TH\u1ecaNH<\/strong> \u0111\u1ec3 \u0111\u01b0\u1ee3c t\u01b0 v\u1ea5n chi ti\u1ebft v\u00e0 nh\u1eadn \u01b0u \u0111\u00e3i gi\u00e1 t\u1ed1t nh\u1ea5t d\u00e0nh cho b\u1ea1n.<\/p>\n","protected":false},"excerpt":{"rendered":"<p data-start=\"28\" data-end=\"452\">T\u1ee7 h\u1ed3 s\u01a1 LUX1960-2B3 l\u00e0 m\u1eabu t\u1ee7 t\u00e0i li\u1ec7u cao c\u1ea5p \u0111\u01b0\u1ee3c thi\u1ebft k\u1ebf t\u1eeb g\u1ed7 c\u00f4ng nghi\u1ec7p Melamine, mang \u0111\u1ebfn v\u1ebb \u0111\u1eb9p hi\u1ec7n \u0111\u1ea1i v\u00e0 tinh t\u1ebf cho kh\u00f4ng gian l\u00e0m vi\u1ec7c. Khoang tr\u00ean c\u1ee7a t\u1ee7 s\u1eed d\u1ee5ng khung c\u00e1nh k\u00ednh trong su\u1ed1t, g\u1ed3m 2 ng\u0103n di \u0111\u1ed9ng ti\u1ec7n d\u1ee5ng gi\u00fap d\u1ec5 d\u00e0ng s\u1eafp x\u1ebfp h\u1ed3 s\u01a1, t\u00e0i li\u1ec7u. Ph\u1ea7n khoang d\u01b0\u1edbi \u0111\u01b0\u1ee3c b\u1ed1 tr\u00ed hai c\u00e1nh m\u1edf, b\u00ean trong c\u00f3 th\u00eam 1 ng\u0103n di \u0111\u1ed9ng \u0111\u1ec3 ng\u01b0\u1eddi d\u00f9ng linh ho\u1ea1t trong vi\u1ec7c l\u01b0u tr\u1eef.<\/p>\n<p data-start=\"454\" data-end=\"796\">K\u00edch th\u01b0\u1edbc: W800 x D400 x H1960 mm<br data-start=\"488\" data-end=\"491\" \/>Xu\u1ea5t x\u1ee9: S\u1ea3n ph\u1ea9m c\u1ee7a <strong data-start=\"513\" data-end=\"541\">C\u00d4NG TY N\u1ed8I TH\u1ea4T THE ONE<\/strong> \u2013 Ph\u00e2n ph\u1ed1i b\u1edfi <strong data-start=\"558\" data-end=\"594\">C\u00d4NG TY TNHH SXTM TTNT H\u1eeeU TH\u1ecaNH<\/strong><br data-start=\"594\" data-end=\"597\" \/>B\u1ea3o h\u00e0nh: 12 th\u00e1ng theo ti\u00eau chu\u1ea9n nh\u00e0 m\u00e1y<br data-start=\"639\" data-end=\"642\" \/><span style=\"color: #ed1c24;\"><em data-start=\"642\" data-end=\"794\">L\u01b0u \u00fd: Gi\u00e1 tr\u00ean ch\u01b0a bao g\u1ed3m VAT v\u00e0 ph\u00ed v\u1eadn chuy\u1ec3n. Gi\u00e1 s\u1ea3n ph\u1ea9m c\u00f3 th\u1ec3 thay \u0111\u1ed5i theo t\u1eebng th\u1eddi \u0111i\u1ec3m, vui l\u00f2ng li\u00ean h\u1ec7 \u0111\u1ec3 nh\u1eadn t\u01b0 v\u1ea5n \u01b0u \u0111\u00e3i t\u1ed1t nh\u1ea5t.<\/em><\/span><\/p>\n","protected":false},"featured_media":4260,"comment_status":"open","ping_status":"closed","template":"","meta":[],"product_brand":[],"product_cat":[17,760],"product_tag":[],"class_list":{"0":"post-4259","1":"product","2":"type-product","3":"status-publish","4":"has-post-thumbnail","6":"product_cat-noi-that-van-phong","7":"product_cat-tu-go-van-phong","9":"first","10":"instock","11":"taxable","12":"shipping-taxable","13":"purchasable","14":"product-type-simple"},"_links":{"self":[{"href":"https:\/\/noithathuuthinh.vn\/zh-hans\/wp-json\/wp\/v2\/product\/4259","targetHints":{"allow":["GET"]}}],"collection":[{"href":"https:\/\/noithathuuthinh.vn\/zh-hans\/wp-json\/wp\/v2\/product"}],"about":[{"href":"https:\/\/noithathuuthinh.vn\/zh-hans\/wp-json\/wp\/v2\/types\/product"}],"replies":[{"embeddable":true,"href":"https:\/\/noithathuuthinh.vn\/zh-hans\/wp-json\/wp\/v2\/comments?post=4259"}],"wp:featuredmedia":[{"embeddable":true,"href":"https:\/\/noithathuuthinh.vn\/zh-hans\/wp-json\/wp\/v2\/media\/4260"}],"wp:attachment":[{"href":"https:\/\/noithathuuthinh.vn\/zh-hans\/wp-json\/wp\/v2\/media?parent=4259"}],"wp:term":[{"taxonomy":"product_brand","embeddable":true,"href":"https:\/\/noithathuuthinh.vn\/zh-hans\/wp-json\/wp\/v2\/product_brand?post=4259"},{"taxonomy":"product_cat","embeddable":true,"href":"https:\/\/noithathuuthinh.vn\/zh-hans\/wp-json\/wp\/v2\/product_cat?post=4259"},{"taxonomy":"product_tag","embeddable":true,"href":"https:\/\/noithathuuthinh.vn\/zh-hans\/wp-json\/wp\/v2\/product_tag?post=4259"}],"curies":[{"name":"wp","href":"https:\/\/api.w.org\/{rel}","templated":true}]}}