{"id":4296,"date":"2025-11-19T14:32:03","date_gmt":"2025-11-19T07:32:03","guid":{"rendered":"https:\/\/noithathuuthinh.vn\/?post_type=product&#038;p=4296"},"modified":"2025-11-19T14:32:03","modified_gmt":"2025-11-19T07:32:03","slug":"tu-ho-so-lux850-3t2","status":"publish","type":"product","link":"https:\/\/noithathuuthinh.vn\/zh-hans\/san-pham\/tu-ho-so-lux850-3t2\/","title":{"rendered":"T\u1ee7 h\u1ed3 s\u01a1 LUX850-3T2"},"content":{"rendered":"<p data-start=\"586\" data-end=\"984\">T\u1ee7 h\u1ed3 s\u01a1 LUX850-3T2 thu\u1ed9c d\u00f2ng t\u1ee7 th\u1ea5p hi\u1ec7n \u0111\u1ea1i, s\u1edf h\u1eefu thi\u1ebft k\u1ebf nh\u1ecf g\u1ecdn nh\u01b0ng c\u00f4ng n\u0103ng v\u01b0\u1ee3t tr\u1ed9i, \u0111\u00e1p \u1ee9ng \u0111a d\u1ea1ng nhu c\u1ea7u l\u01b0u tr\u1eef trong v\u0103n ph\u00f2ng l\u00e0m vi\u1ec7c. V\u1edbi chi\u1ec1u cao 855mm, t\u1ee7 d\u1ec5 d\u00e0ng b\u1ed1 tr\u00ed \u1edf nhi\u1ec1u v\u1ecb tr\u00ed kh\u00e1c nhau nh\u01b0 d\u01b0\u1edbi b\u00e0n, s\u00e1t v\u00e1ch t\u01b0\u1eddng, c\u1ea1nh b\u00e0n l\u00e0m vi\u1ec7c ho\u1eb7c trong c\u00e1c khu v\u1ef1c c\u1ea7n t\u1ed1i \u01b0u di\u1ec7n t\u00edch nh\u01b0ng v\u1eabn \u0111\u1ea3m b\u1ea3o s\u1ef1 g\u1ecdn g\u00e0ng v\u00e0 ti\u1ec7n l\u1ee3i.<\/p>\n<p data-start=\"986\" data-end=\"1497\">\u0110i\u1ec3m n\u1ed5i b\u1eadt c\u1ee7a LUX850-3T2 n\u1eb1m \u1edf b\u1ed1 c\u1ee5c th\u00f4ng minh k\u1ebft h\u1ee3p gi\u1eefa 3 \u00f4 tho\u00e1ng v\u00e0 3 \u00f4 c\u00e1nh m\u1edf. Ba \u00f4 tho\u00e1ng ph\u00eda tr\u00ean gi\u00fap ng\u01b0\u1eddi d\u00f9ng d\u1ec5 d\u00e0ng \u0111\u1eb7t c\u00e1c t\u00e0i li\u1ec7u th\u01b0\u1eddng xuy\u00ean s\u1eed d\u1ee5ng, s\u00e1ch, h\u1ed9p t\u00e0i li\u1ec7u ho\u1eb7c nh\u1eefng v\u1eadt trang tr\u00ed nh\u1ecf nh\u01b0 ch\u1eadu c\u00e2y mini, t\u01b0\u1ee3ng phong th\u1ee7y, khung h\u00ecnh\u2026 Nh\u1eefng \u00f4 n\u00e0y t\u1ea1o \u0111i\u1ec3m nh\u1ea5n m\u1edf, mang \u0111\u1ebfn s\u1ef1 th\u00f4ng tho\u00e1ng cho t\u1ed5ng th\u1ec3 thi\u1ebft k\u1ebf v\u00e0 gi\u00fap kh\u00f4ng gian th\u00eam sinh \u0111\u1ed9ng. Ngo\u00e0i ra, vi\u1ec7c s\u1eafp x\u1ebfp t\u00e0i li\u1ec7u t\u1ea1i \u0111\u00e2y v\u00f4 c\u00f9ng thu\u1eadn ti\u1ec7n b\u1edfi ng\u01b0\u1eddi d\u00f9ng c\u00f3 th\u1ec3 l\u1ea5y v\u00e0 c\u1ea5t m\u00e0 kh\u00f4ng c\u1ea7n thao t\u00e1c m\u1edf c\u00e1nh t\u1ee7.<\/p>\n<p data-start=\"1499\" data-end=\"1878\">Ba \u00f4 c\u00e1nh m\u1edf ph\u00eda d\u01b0\u1edbi l\u1ea1i \u0111\u1ea3m nh\u1eadn vai tr\u00f2 l\u01b0u tr\u1eef l\u1edbn h\u01a1n, ph\u00f9 h\u1ee3p v\u1edbi c\u00e1c t\u00e0i li\u1ec7u m\u1eadt, h\u1ed3 s\u01a1 quan tr\u1ecdng ho\u1eb7c nh\u1eefng v\u1eadt d\u1ee5ng c\u1ea7n s\u1ef1 k\u00edn \u0111\u00e1o. Tay n\u1eafm v\u00e1t c\u1ea1nh l\u00e0 chi ti\u1ebft tinh t\u1ebf, t\u1ea1o c\u1ea3m gi\u00e1c ch\u1eafc ch\u1eafn khi s\u1eed d\u1ee5ng v\u00e0 mang l\u1ea1i phong c\u00e1ch hi\u1ec7n \u0111\u1ea1i cho s\u1ea3n ph\u1ea9m. Thi\u1ebft k\u1ebf tay n\u1eafm li\u1ec1n m\u1ea1ch, kh\u00f4ng g\u00e2y v\u01b0\u1edbng v\u00edu c\u0169ng g\u00f3p ph\u1ea7n \u0111\u1ea3m b\u1ea3o an to\u00e0n trong m\u00f4i tr\u01b0\u1eddng v\u0103n ph\u00f2ng \u0111\u00f4ng ng\u01b0\u1eddi.<\/p>\n<p data-start=\"1880\" data-end=\"2305\">V\u1ec1 ch\u1ea5t li\u1ec7u, LUX850-3T2 \u0111\u01b0\u1ee3c s\u1ea3n xu\u1ea5t t\u1eeb g\u1ed7 c\u00f4ng nghi\u1ec7p ph\u1ee7 Melamine cao c\u1ea5p \u2013 m\u1ed9t trong nh\u1eefng v\u1eadt li\u1ec7u \u0111\u01b0\u1ee3c \u01b0a chu\u1ed9ng trong n\u1ed9i th\u1ea5t v\u0103n ph\u00f2ng b\u1edfi nhi\u1ec1u \u01b0u \u0111i\u1ec3m v\u01b0\u1ee3t tr\u1ed9i. Melamine c\u00f3 kh\u1ea3 n\u0103ng ch\u1ed1ng tr\u1ea7y x\u01b0\u1edbc, ch\u1ed1ng th\u1ea5m n\u01b0\u1edbc nh\u1eb9, ch\u1ed1ng b\u00e1m b\u1ee5i v\u00e0 d\u1ec5 d\u00e0ng v\u1ec7 sinh. B\u1ec1 m\u1eb7t t\u1ee7 lu\u00f4n gi\u1eef \u0111\u01b0\u1ee3c s\u1ef1 s\u00e1ng m\u1edbi trong th\u1eddi gian d\u00e0i, h\u1ea1n ch\u1ebf cong v\u00eanh v\u00e0 \u0111\u1eb7c bi\u1ec7t ph\u00f9 h\u1ee3p v\u1edbi m\u00f4i tr\u01b0\u1eddng \u0111i\u1ec1u h\u00f2a th\u01b0\u1eddng th\u1ea5y t\u1ea1i c\u00e1c v\u0103n ph\u00f2ng hi\u1ec7n \u0111\u1ea1i.<\/p>\n<p data-start=\"2307\" data-end=\"2780\">Thi\u1ebft k\u1ebf t\u1ed5ng th\u1ec3 c\u1ee7a t\u1ee7 h\u1ed3 s\u01a1 LUX850-3T2 h\u01b0\u1edbng \u0111\u1ebfn s\u1ef1 t\u1ed1i gi\u1ea3n, h\u00e0i h\u00f2a. C\u00e1c \u0111\u01b0\u1eddng n\u00e9t vu\u00f4ng v\u1eafn, g\u1ecdn g\u00e0ng mang \u0111\u1ebfn s\u1ef1 chuy\u00ean nghi\u1ec7p v\u00e0 sang tr\u1ecdng cho kh\u00f4ng gian. Nh\u1edd k\u00edch th\u01b0\u1edbc nh\u1ecf g\u1ecdn, t\u1ee7 \u0111\u1eb7c bi\u1ec7t ph\u00f9 h\u1ee3p \u0111\u1eb7t trong c\u00e1c v\u0103n ph\u00f2ng di\u1ec7n t\u00edch h\u1ea1n ch\u1ebf ho\u1eb7c d\u00f9ng l\u00e0m t\u1ee7 ph\u1ee5 cho b\u00e0n tr\u01b0\u1edfng ph\u00f2ng, b\u00e0n gi\u00e1m \u0111\u1ed1c, khu v\u1ef1c l\u1ec5 t\u00e2n, ph\u00f2ng h\u1ecdp nh\u1ecf\u2026 S\u1ea3n ph\u1ea9m c\u0169ng c\u00f3 th\u1ec3 s\u1eed d\u1ee5ng nh\u01b0 k\u1ec7 trang tr\u00ed nh\u1edd kh\u00f4ng gian m\u1edf \u1edf ph\u1ea7n tr\u00ean, gi\u00fap t\u1ea1o \u0111i\u1ec3m nh\u1ea5n th\u1ea9m m\u1ef9 m\u00e0 kh\u00f4ng chi\u1ebfm nhi\u1ec1u di\u1ec7n t\u00edch.<\/p>\n<p data-start=\"2782\" data-end=\"3192\">M\u1ed9t trong nh\u1eefng \u01b0u \u0111i\u1ec3m l\u1edbn c\u1ee7a LUX850-3T2 l\u00e0 s\u1ef1 ch\u1eafc ch\u1eafn v\u00e0 \u0111\u1ed9 b\u1ec1n cao. V\u1edbi c\u1ea5u tr\u00fac \u0111\u01b0\u1ee3c gia c\u00f4ng k\u1ef9 l\u01b0\u1ee1ng, c\u00e1c b\u1ea3n l\u1ec1, tay n\u1eafm v\u00e0 chi ti\u1ebft li\u00ean k\u1ebft \u0111\u1ec1u s\u1eed d\u1ee5ng ph\u1ee5 ki\u1ec7n \u0111\u1ea1t chu\u1ea9n, t\u1ee7 \u0111\u1ea3m b\u1ea3o ho\u1ea1t \u0111\u1ed9ng \u1ed5n \u0111\u1ecbnh trong th\u1eddi gian d\u00e0i. C\u00e1nh t\u1ee7 \u0111\u00f3ng m\u1edf \u00eam, kh\u00f4ng g\u00e2y ti\u1ebfng \u1ed3n, ph\u00f9 h\u1ee3p v\u1edbi m\u00f4i tr\u01b0\u1eddng l\u00e0m vi\u1ec7c c\u1ea7n s\u1ef1 y\u00ean t\u0129nh. Kh\u1ea3 n\u0103ng ch\u1ecbu l\u1ef1c t\u1ed1t gi\u00fap ng\u01b0\u1eddi d\u00f9ng an t\u00e2m khi s\u1eafp x\u1ebfp m\u1ed9t l\u01b0\u1ee3ng l\u1edbn h\u1ed3 s\u01a1, t\u00e0i li\u1ec7u.<\/p>\n<p data-start=\"3194\" data-end=\"3548\">Nh\u1edd chi\u1ec1u cao th\u1ea5p v\u00e0 m\u1eb7t t\u1ee7 b\u1eb1ng ph\u1eb3ng, LUX850-3T2 c\u00f2n c\u00f3 th\u1ec3 t\u1eadn d\u1ee5ng nh\u01b0 m\u1ed9t m\u1eb7t k\u1ec7 ph\u1ee5 \u0111\u1ec3 \u0111\u1eb7t m\u00e1y in, m\u00e1y fax, scan ho\u1eb7c c\u00e1c thi\u1ebft b\u1ecb v\u0103n ph\u00f2ng nh\u1ecf. \u0110i\u1ec1u n\u00e0y gi\u00fap t\u1ed1i \u01b0u c\u00f4ng n\u0103ng v\u00e0 t\u0103ng hi\u1ec7u qu\u1ea3 s\u1eed d\u1ee5ng trong kh\u00f4ng gian l\u00e0m vi\u1ec7c. B\u00ean c\u1ea1nh \u0111\u00f3, ph\u1ea7n tr\u00ean c\u1ee7a t\u1ee7 c\u0169ng c\u00f3 th\u1ec3 \u0111\u1eb7t th\u00eam h\u1ed9p t\u00e0i li\u1ec7u ho\u1eb7c khay \u0111\u1ef1ng h\u1ed3 s\u01a1 \u0111\u1ec3 t\u0103ng kh\u1ea3 n\u0103ng l\u01b0u tr\u1eef khi c\u1ea7n.<\/p>\n<p data-start=\"3550\" data-end=\"4014\">T\u1ee7 h\u1ed3 s\u01a1 LUX850-3T2 kh\u00f4ng ch\u1ec9 mang l\u1ea1i s\u1ef1 ti\u1ec7n l\u1ee3i trong l\u01b0u tr\u1eef m\u00e0 c\u00f2n g\u00f3p ph\u1ea7n t\u1ea1o n\u00ean s\u1ef1 ng\u0103n n\u1eafp v\u00e0 chuy\u00ean nghi\u1ec7p cho v\u0103n ph\u00f2ng. D\u00f9 \u0111\u01b0\u1ee3c thi\u1ebft k\u1ebf v\u1edbi ki\u1ec3u d\u00e1ng \u0111\u01a1n gi\u1ea3n nh\u01b0ng s\u1ea3n ph\u1ea9m v\u1eabn to\u00e1t l\u00ean v\u1ebb hi\u1ec7n \u0111\u1ea1i, ph\u00f9 h\u1ee3p v\u1edbi nhi\u1ec1u phong c\u00e1ch n\u1ed9i th\u1ea5t kh\u00e1c nhau. Nh\u1edd s\u1ef1 k\u1ebft h\u1ee3p gi\u1eefa ch\u1ea5t li\u1ec7u b\u1ec1n \u0111\u1eb9p, thi\u1ebft k\u1ebf th\u00f4ng minh v\u00e0 c\u00f4ng n\u0103ng v\u01b0\u1ee3t tr\u1ed9i, \u0111\u00e2y l\u00e0 l\u1ef1a ch\u1ecdn l\u00fd t\u01b0\u1edfng cho c\u00e1c doanh nghi\u1ec7p \u0111ang c\u1ea7n m\u1ed9t m\u1eabu t\u1ee7 th\u1ea5p \u0111a n\u0103ng, sang tr\u1ecdng v\u00e0 gi\u00e1 tr\u1ecb s\u1eed d\u1ee5ng l\u00e2u d\u00e0i.<\/p>\n<p data-start=\"4016\" data-end=\"4319\" data-is-last-node=\"\" data-is-only-node=\"\">N\u1ebfu b\u1ea1n \u0111ang t\u00ecm ki\u1ebfm m\u1ed9t m\u1eabu t\u1ee7 h\u1ed3 s\u01a1 nh\u1ecf g\u1ecdn nh\u01b0ng v\u1eabn \u0111\u00e1p \u1ee9ng t\u1ed1t nhu c\u1ea7u l\u01b0u tr\u1eef, \u0111\u1ed3ng th\u1eddi mang l\u1ea1i t\u00ednh th\u1ea9m m\u1ef9 cao, th\u00ec t\u1ee7 h\u1ed3 s\u01a1 LUX850-3T2 ch\u00ednh l\u00e0 l\u1ef1a ch\u1ecdn kh\u00f4ng n\u00ean b\u1ecf qua. S\u1ea3n ph\u1ea9m h\u1ee9a h\u1eb9n mang \u0111\u1ebfn s\u1ef1 ti\u1ec7n \u00edch, b\u1ec1n b\u1ec9 v\u00e0 s\u1ef1 h\u00e0i l\u00f2ng trong qu\u00e1 tr\u00ecnh s\u1eed d\u1ee5ng t\u1ea1i b\u1ea5t k\u1ef3 kh\u00f4ng gian l\u00e0m vi\u1ec7c n\u00e0o.<\/p>\n","protected":false},"excerpt":{"rendered":"<p data-start=\"25\" data-end=\"579\">T\u1ee7 h\u1ed3 s\u01a1 LUX850-3T2 l\u00e0 m\u1eabu t\u1ee7 th\u1ea5p thi\u1ebft k\u1ebf hi\u1ec7n \u0111\u1ea1i v\u1edbi b\u1ed1 c\u1ee5c g\u1ed3m 3 \u00f4 tho\u00e1ng v\u00e0 3 \u00f4 c\u00e1nh m\u1edf s\u1eed d\u1ee5ng tay n\u1eafm v\u00e1t c\u1ea1nh, gi\u00fap t\u1ed1i \u01b0u kh\u1ea3 n\u0103ng l\u01b0u tr\u1eef v\u00e0 mang l\u1ea1i s\u1ef1 ti\u1ec7n d\u1ee5ng cho v\u0103n ph\u00f2ng.<br data-start=\"244\" data-end=\"247\" \/>K\u00edch th\u01b0\u1edbc: W1200 x D400 x H855 mm<br data-start=\"281\" data-end=\"284\" \/>Xu\u1ea5t x\u1ee9: S\u1ea3n ph\u1ea9m c\u1ee7a c\u00f4ng ty N\u1ed8I TH\u1ea4T THE ONE \u2013 Ph\u00e2n ph\u1ed1i b\u1edfi C\u00d4NG TY TNHH SXTM TTNT H\u1eeeU TH\u1ecaNH<br data-start=\"379\" data-end=\"382\" \/>B\u1ea3o h\u00e0nh: 12 th\u00e1ng theo ti\u00eau chu\u1ea9n nh\u00e0 m\u00e1y<br data-start=\"424\" data-end=\"427\" \/><span style=\"color: #ed1c24;\"><em data-start=\"427\" data-end=\"579\">L\u01b0u \u00fd: Gi\u00e1 tr\u00ean ch\u01b0a bao g\u1ed3m VAT v\u00e0 ph\u00ed v\u1eadn chuy\u1ec3n. Gi\u00e1 s\u1ea3n ph\u1ea9m c\u00f3 th\u1ec3 thay \u0111\u1ed5i theo t\u1eebng th\u1eddi \u0111i\u1ec3m, vui l\u00f2ng li\u00ean h\u1ec7 \u0111\u1ec3 nh\u1eadn t\u01b0 v\u1ea5n \u01b0u \u0111\u00e3i t\u1ed1t nh\u1ea5t.<\/em><\/span><\/p>\n","protected":false},"featured_media":4297,"comment_status":"open","ping_status":"closed","template":"","meta":[],"product_brand":[],"product_cat":[17,760],"product_tag":[],"class_list":{"0":"post-4296","1":"product","2":"type-product","3":"status-publish","4":"has-post-thumbnail","6":"product_cat-noi-that-van-phong","7":"product_cat-tu-go-van-phong","9":"first","10":"instock","11":"taxable","12":"shipping-taxable","13":"purchasable","14":"product-type-simple"},"_links":{"self":[{"href":"https:\/\/noithathuuthinh.vn\/zh-hans\/wp-json\/wp\/v2\/product\/4296","targetHints":{"allow":["GET"]}}],"collection":[{"href":"https:\/\/noithathuuthinh.vn\/zh-hans\/wp-json\/wp\/v2\/product"}],"about":[{"href":"https:\/\/noithathuuthinh.vn\/zh-hans\/wp-json\/wp\/v2\/types\/product"}],"replies":[{"embeddable":true,"href":"https:\/\/noithathuuthinh.vn\/zh-hans\/wp-json\/wp\/v2\/comments?post=4296"}],"wp:featuredmedia":[{"embeddable":true,"href":"https:\/\/noithathuuthinh.vn\/zh-hans\/wp-json\/wp\/v2\/media\/4297"}],"wp:attachment":[{"href":"https:\/\/noithathuuthinh.vn\/zh-hans\/wp-json\/wp\/v2\/media?parent=4296"}],"wp:term":[{"taxonomy":"product_brand","embeddable":true,"href":"https:\/\/noithathuuthinh.vn\/zh-hans\/wp-json\/wp\/v2\/product_brand?post=4296"},{"taxonomy":"product_cat","embeddable":true,"href":"https:\/\/noithathuuthinh.vn\/zh-hans\/wp-json\/wp\/v2\/product_cat?post=4296"},{"taxonomy":"product_tag","embeddable":true,"href":"https:\/\/noithathuuthinh.vn\/zh-hans\/wp-json\/wp\/v2\/product_tag?post=4296"}],"curies":[{"name":"wp","href":"https:\/\/api.w.org\/{rel}","templated":true}]}}