{"id":4299,"date":"2025-11-19T14:55:04","date_gmt":"2025-11-19T07:55:04","guid":{"rendered":"https:\/\/noithathuuthinh.vn\/?post_type=product&#038;p=4299"},"modified":"2025-11-19T14:55:04","modified_gmt":"2025-11-19T07:55:04","slug":"tu-ho-so-lux850-2t2","status":"publish","type":"product","link":"https:\/\/noithathuuthinh.vn\/zh-hans\/san-pham\/tu-ho-so-lux850-2t2\/","title":{"rendered":"T\u1ee7 h\u1ed3 s\u01a1 LUX850-2T2"},"content":{"rendered":"<p data-start=\"566\" data-end=\"961\">T\u1ee7 h\u1ed3 s\u01a1 LUX850-2T2 l\u00e0 l\u1ef1a ch\u1ecdn t\u1ed1i \u01b0u cho c\u00e1c v\u0103n ph\u00f2ng c\u1ea7n m\u1ed9t m\u1eabu t\u1ee7 th\u1ea5p nh\u1ecf g\u1ecdn, hi\u1ec7n \u0111\u1ea1i nh\u01b0ng v\u1eabn \u0111\u1ea3m b\u1ea3o \u0111\u1ea7y \u0111\u1ee7 c\u00f4ng n\u0103ng l\u01b0u tr\u1eef. V\u1edbi ki\u1ec3u d\u00e1ng \u0111\u01a1n gi\u1ea3n, d\u1ec5 b\u1ed1 tr\u00ed v\u00e0 ph\u00f9 h\u1ee3p v\u1edbi nhi\u1ec1u di\u1ec7n t\u00edch kh\u00e1c nhau, s\u1ea3n ph\u1ea9m mang \u0111\u1ebfn s\u1ef1 linh ho\u1ea1t cao trong qu\u00e1 tr\u00ecnh s\u1eed d\u1ee5ng v\u00e0 l\u00e0 gi\u1ea3i ph\u00e1p h\u1eefu hi\u1ec7u gi\u00fap kh\u00f4ng gian l\u00e0m vi\u1ec7c lu\u00f4n g\u1ecdn g\u00e0ng, chuy\u00ean nghi\u1ec7p.<\/p>\n<p data-start=\"963\" data-end=\"1465\">\u0110i\u1ec3m \u0111\u1eb7c tr\u01b0ng c\u1ee7a LUX850-2T2 n\u1eb1m \u1edf thi\u1ebft k\u1ebf g\u1ed3m 2 khoang c\u00e2n \u0111\u1ed1i. Khoang b\u00ean tr\u00e1i l\u00e0 d\u1ea1ng m\u1edf, th\u00edch h\u1ee3p \u0111\u1ec3 \u0111\u1eb7t c\u00e1c t\u00e0i li\u1ec7u th\u01b0\u1eddng xuy\u00ean s\u1eed d\u1ee5ng, h\u1ed9p h\u1ed3 s\u01a1, s\u00e1ch ho\u1eb7c c\u00e1c v\u1eadt d\u1ee5ng v\u0103n ph\u00f2ng nh\u1ecf. Thi\u1ebft k\u1ebf m\u1edf gi\u00fap thao t\u00e1c l\u1ea5y \u2013 c\u1ea5t t\u00e0i li\u1ec7u nhanh ch\u00f3ng, gi\u1ea3m th\u1eddi gian t\u00ecm ki\u1ebfm v\u00e0 thu\u1eadn ti\u1ec7n cho c\u00e1c v\u1ecb tr\u00ed c\u1ea7n truy c\u1eadp th\u01b0\u1eddng xuy\u00ean. Khoang n\u00e0y c\u0169ng c\u00f3 th\u1ec3 \u0111\u01b0\u1ee3c t\u1eadn d\u1ee5ng l\u00e0m khu v\u1ef1c tr\u01b0ng b\u00e0y nh\u1ecf, \u0111\u1eb7t c\u00e1c v\u1eadt ph\u1ea9m trang tr\u00ed nh\u01b0 ch\u1eadu c\u00e2y mini, t\u01b0\u1ee3ng nh\u1ecf, gi\u00fap kh\u00f4ng gian l\u00e0m vi\u1ec7c tr\u1edf n\u00ean sinh \u0111\u1ed9ng h\u01a1n.<\/p>\n<p data-start=\"1467\" data-end=\"1849\">Khoang b\u00ean ph\u1ea3i \u0111\u01b0\u1ee3c trang b\u1ecb 1 c\u00e1nh m\u1edf, t\u1ea1o kh\u00f4ng gian l\u01b0u tr\u1eef k\u00edn \u0111\u00e1o cho nh\u1eefng t\u00e0i li\u1ec7u quan tr\u1ecdng ho\u1eb7c nh\u1eefng v\u1eadt d\u1ee5ng c\u1ea7n \u0111\u01b0\u1ee3c s\u1eafp x\u1ebfp g\u1ecdn g\u00e0ng, tr\u00e1nh b\u1ee5i b\u1ea9n. C\u00e1nh t\u1ee7 s\u1eed d\u1ee5ng tay n\u1eafm v\u00e1t c\u1ea1nh hi\u1ec7n \u0111\u1ea1i, mang \u0111\u1ebfn c\u1ea3m gi\u00e1c ch\u1eafc ch\u1eafn v\u00e0 ti\u1ec7n thao t\u00e1c. Thi\u1ebft k\u1ebf b\u1ea3n l\u1ec1 ch\u1ea5t l\u01b0\u1ee3ng cao gi\u00fap c\u00e1nh m\u1edf \u2013 \u0111\u00f3ng \u00eam \u00e1i, h\u1ea1n ch\u1ebf ti\u1ebfng \u1ed3n, r\u1ea5t ph\u00f9 h\u1ee3p v\u1edbi m\u00f4i tr\u01b0\u1eddng v\u0103n ph\u00f2ng c\u1ea7n s\u1ef1 y\u00ean t\u0129nh.<\/p>\n<p data-start=\"1851\" data-end=\"2235\">T\u1ee7 h\u1ed3 s\u01a1 LUX850-2T2 \u0111\u01b0\u1ee3c s\u1ea3n xu\u1ea5t t\u1eeb g\u1ed7 c\u00f4ng nghi\u1ec7p ph\u1ee7 Melamine cao c\u1ea5p \u2013 ch\u1ea5t li\u1ec7u n\u1ed5i ti\u1ebfng v\u1edbi \u0111\u1ed9 b\u1ec1n v\u00e0 t\u00ednh th\u1ea9m m\u1ef9 cao. B\u1ec1 m\u1eb7t Melamine c\u00f3 kh\u1ea3 n\u0103ng ch\u1ed1ng tr\u1ea7y x\u01b0\u1edbc t\u1ed1t, ch\u1ed1ng \u1ea9m nh\u1eb9 v\u00e0 ch\u1ed1ng b\u00e1m b\u1ee5i, gi\u00fap s\u1ea3n ph\u1ea9m lu\u00f4n gi\u1eef \u0111\u01b0\u1ee3c \u0111\u1ed9 m\u1edbi theo th\u1eddi gian. \u0110\u00e2y l\u00e0 \u01b0u \u0111i\u1ec3m v\u01b0\u1ee3t tr\u1ed9i gi\u00fap t\u1ee7 ph\u00f9 h\u1ee3p v\u1edbi m\u00f4i tr\u01b0\u1eddng v\u0103n ph\u00f2ng c\u00f3 t\u1ea7n su\u1ea5t s\u1eed d\u1ee5ng cao, \u0111\u1ea3m b\u1ea3o \u0111\u1ed9 b\u1ec1n v\u00e0 tu\u1ed5i th\u1ecd l\u00e2u d\u00e0i.<\/p>\n<p data-start=\"2237\" data-end=\"2628\">V\u1edbi k\u00edch th\u01b0\u1edbc W800 x D400 x H855 mm, t\u1ee7 c\u00f3 thi\u1ebft k\u1ebf \u0111\u1eb7c bi\u1ec7t g\u1ecdn g\u00e0ng nh\u01b0ng v\u1eabn \u0111\u00e1p \u1ee9ng t\u1ed1t nhu c\u1ea7u l\u01b0u tr\u1eef c\u01a1 b\u1ea3n. K\u00edch th\u01b0\u1edbc n\u00e0y cho ph\u00e9p t\u1ee7 d\u1ec5 d\u00e0ng \u0111\u1eb7t d\u01b0\u1edbi b\u00e0n l\u00e0m vi\u1ec7c, c\u1ea1nh b\u00e0n ho\u1eb7c c\u00e1c khu v\u1ef1c h\u1eb9p m\u00e0 kh\u00f4ng g\u00e2y c\u1ea3n tr\u1edf l\u1ed1i \u0111i. Nh\u1edd \u0111\u00f3, LUX850-2T2 r\u1ea5t ph\u00f9 h\u1ee3p cho nh\u1eefng v\u0103n ph\u00f2ng nh\u1ecf ho\u1eb7c nh\u1eefng n\u01a1i c\u1ea7n t\u1ed1i \u01b0u di\u1ec7n t\u00edch m\u00e0 kh\u00f4ng mu\u1ed1n s\u1eed d\u1ee5ng c\u00e1c m\u1eabu t\u1ee7 h\u1ed3 s\u01a1 l\u1edbn chi\u1ebfm nhi\u1ec1u kh\u00f4ng gian.<\/p>\n<p data-start=\"2630\" data-end=\"3028\">M\u1ed9t \u01b0u \u0111i\u1ec3m kh\u00e1c c\u1ee7a m\u1eabu t\u1ee7 n\u00e0y l\u00e0 m\u1eb7t t\u1ee7 ph\u1eb3ng, ch\u1eafc ch\u1eafn, c\u00f3 th\u1ec3 t\u1eadn d\u1ee5ng l\u00e0m m\u1eb7t k\u1ec7 ph\u1ee5 \u0111\u1ec3 \u0111\u1eb7t m\u00e1y in, m\u00e1y fax, m\u00e1y scan ho\u1eb7c c\u00e1c thi\u1ebft b\u1ecb v\u0103n ph\u00f2ng nh\u1ecf kh\u00e1c. \u0110i\u1ec1u n\u00e0y gi\u00fap ti\u1ebft ki\u1ec7m kh\u00f4ng gian \u0111\u00e1ng k\u1ec3 v\u00e0 mang l\u1ea1i s\u1ef1 ti\u1ec7n nghi cho qu\u00e1 tr\u00ecnh l\u00e0m vi\u1ec7c. \u0110\u1ed1i v\u1edbi c\u00e1c ph\u00f2ng ban nh\u01b0 nh\u00e2n s\u1ef1, k\u1ebf to\u00e1n ho\u1eb7c l\u1ec5 t\u00e2n \u2013 n\u01a1i th\u01b0\u1eddng xuy\u00ean c\u1ea7n s\u1eed d\u1ee5ng m\u00e1y m\u00f3c v\u0103n ph\u00f2ng \u2013 LUX850-2T2 l\u00e0 l\u1ef1a ch\u1ecdn c\u1ef1c k\u1ef3 ph\u00f9 h\u1ee3p.<\/p>\n<p data-start=\"3030\" data-end=\"3446\">Thi\u1ebft k\u1ebf \u0111\u01a1n gi\u1ea3n nh\u01b0ng hi\u1ec7n \u0111\u1ea1i c\u1ee7a t\u1ee7 h\u1ed3 s\u01a1 LUX850-2T2 cho ph\u00e9p s\u1ea3n ph\u1ea9m d\u1ec5 d\u00e0ng h\u00f2a h\u1ee3p v\u1edbi nhi\u1ec1u phong c\u00e1ch n\u1ed9i th\u1ea5t kh\u00e1c nhau. C\u00e1c \u0111\u01b0\u1eddng n\u00e9t vu\u00f4ng v\u1eafn, m\u00e0u s\u1eafc trang nh\u00e3 v\u00e0 b\u1ed1 c\u1ee5c h\u1ee3p l\u00fd mang \u0111\u1ebfn v\u1ebb ngo\u00e0i tinh t\u1ebf, t\u1ea1o \u0111i\u1ec3m nh\u1ea5n chuy\u00ean nghi\u1ec7p cho kh\u00f4ng gian. Nh\u1edd v\u1eady, t\u1ee7 c\u00f3 th\u1ec3 s\u1eed d\u1ee5ng trong nhi\u1ec1u m\u00f4i tr\u01b0\u1eddng kh\u00e1c nhau nh\u01b0 v\u0103n ph\u00f2ng c\u00f4ng ty, ph\u00f2ng l\u00e0m vi\u1ec7c gia \u0111\u00ecnh, ph\u00f2ng h\u1ecdp nh\u1ecf ho\u1eb7c c\u00e1c khu v\u1ef1c l\u01b0u tr\u1eef chung.<\/p>\n<p data-start=\"3448\" data-end=\"3818\">Ngo\u00e0i c\u00f4ng n\u0103ng ch\u00ednh l\u00e0 l\u01b0u tr\u1eef, LUX850-2T2 c\u00f2n h\u1ed7 tr\u1ee3 t\u1ea1o s\u1ef1 ng\u0103n n\u1eafp cho v\u0103n ph\u00f2ng \u2013 y\u1ebfu t\u1ed1 quan tr\u1ecdng gi\u00fap t\u0103ng hi\u1ec7u qu\u1ea3 l\u00e0m vi\u1ec7c. Khi t\u00e0i li\u1ec7u, h\u1ed3 s\u01a1 \u0111\u01b0\u1ee3c s\u1eafp x\u1ebfp c\u00f3 tr\u1eadt t\u1ef1, ng\u01b0\u1eddi d\u00f9ng d\u1ec5 d\u00e0ng qu\u1ea3n l\u00fd c\u00f4ng vi\u1ec7c h\u01a1n, h\u1ea1n ch\u1ebf th\u1ea5t l\u1ea1c gi\u1ea5y t\u1edd v\u00e0 n\u00e2ng cao n\u0103ng su\u1ea5t. \u0110\u00e2y l\u00e0 l\u00fd do ng\u00e0y c\u00e0ng nhi\u1ec1u doanh nghi\u1ec7p \u01b0u ti\u00ean l\u1ef1a ch\u1ecdn c\u00e1c m\u1eabu t\u1ee7 th\u1ea5p ti\u1ec7n d\u1ee5ng nh\u01b0 LUX850-2T2.<\/p>\n<p data-start=\"3820\" data-end=\"4247\" data-is-last-node=\"\" data-is-only-node=\"\">Nh\u00ecn chung, t\u1ee7 h\u1ed3 s\u01a1 LUX850-2T2 l\u00e0 gi\u1ea3i ph\u00e1p ho\u00e0n h\u1ea3o cho c\u00e1c v\u0103n ph\u00f2ng c\u1ea7n m\u1ed9t m\u1eabu t\u1ee7 g\u1ecdn nh\u1eb9 nh\u01b0ng \u0111a n\u0103ng. V\u1edbi thi\u1ebft k\u1ebf \u0111\u1eb9p m\u1eaft, ch\u1ea5t li\u1ec7u b\u1ec1n b\u1ec9 v\u00e0 c\u00f4ng n\u0103ng t\u1ed1i \u01b0u, s\u1ea3n ph\u1ea9m mang \u0111\u1ebfn gi\u00e1 tr\u1ecb s\u1eed d\u1ee5ng l\u00e2u d\u00e0i v\u00e0 g\u00f3p ph\u1ea7n t\u1ea1o n\u00ean kh\u00f4ng gian l\u00e0m vi\u1ec7c chuy\u00ean nghi\u1ec7p. N\u1ebfu b\u1ea1n \u0111ang t\u00ecm ki\u1ebfm m\u1ed9t m\u1eabu t\u1ee7 h\u1ed3 s\u01a1 nh\u1ecf nh\u01b0ng ti\u1ec7n d\u1ee5ng, ph\u00f9 h\u1ee3p cho nhi\u1ec1u v\u1ecb tr\u00ed v\u00e0 d\u1ec5 ph\u1ed1i h\u1ee3p n\u1ed9i th\u1ea5t, LUX850-2T2 ch\u1eafc ch\u1eafn l\u00e0 l\u1ef1a ch\u1ecdn \u0111\u00e1ng \u0111\u1ec3 c\u00e2n nh\u1eafc.<\/p>\n","protected":false},"excerpt":{"rendered":"<p>T\u1ee7 h\u1ed3 s\u01a1 LUX850-2T2 l\u00e0 m\u1eabu t\u1ee7 th\u1ea5p thi\u1ebft k\u1ebf g\u1ecdn g\u00e0ng v\u1edbi b\u1ed1 c\u1ee5c g\u1ed3m 2 khoang ti\u1ec7n d\u1ee5ng, trong \u0111\u00f3 khoang b\u00ean ph\u1ea3i \u0111\u01b0\u1ee3c trang b\u1ecb 1 c\u00e1nh m\u1edf gi\u00fap l\u01b0u tr\u1eef k\u00edn \u0111\u00e1o v\u00e0 an to\u00e0n.<br data-start=\"225\" data-end=\"228\" \/>K\u00edch th\u01b0\u1edbc: W800 x D400 x H855 mm<br data-start=\"261\" data-end=\"264\" \/>Xu\u1ea5t x\u1ee9: S\u1ea3n ph\u1ea9m c\u1ee7a c\u00f4ng ty N\u1ed8I TH\u1ea4T THE ONE \u2013 Ph\u00e2n ph\u1ed1i b\u1edfi C\u00d4NG TY TNHH SXTM TTNT H\u1eeeU TH\u1ecaNH<br data-start=\"359\" data-end=\"362\" \/>B\u1ea3o h\u00e0nh: 12 th\u00e1ng theo ti\u00eau chu\u1ea9n nh\u00e0 m\u00e1y<br data-start=\"404\" data-end=\"407\" \/><span style=\"color: #ed1c24;\"><em data-start=\"407\" data-end=\"559\">L\u01b0u \u00fd: Gi\u00e1 tr\u00ean ch\u01b0a bao g\u1ed3m VAT v\u00e0 ph\u00ed v\u1eadn chuy\u1ec3n. Gi\u00e1 s\u1ea3n ph\u1ea9m c\u00f3 th\u1ec3 thay \u0111\u1ed5i theo t\u1eebng th\u1eddi \u0111i\u1ec3m, vui l\u00f2ng li\u00ean h\u1ec7 \u0111\u1ec3 nh\u1eadn t\u01b0 v\u1ea5n \u01b0u \u0111\u00e3i t\u1ed1t nh\u1ea5t.<\/em><\/span><\/p>\n","protected":false},"featured_media":4300,"comment_status":"open","ping_status":"closed","template":"","meta":[],"product_brand":[],"product_cat":[17,760],"product_tag":[],"class_list":{"0":"post-4299","1":"product","2":"type-product","3":"status-publish","4":"has-post-thumbnail","6":"product_cat-noi-that-van-phong","7":"product_cat-tu-go-van-phong","9":"first","10":"instock","11":"taxable","12":"shipping-taxable","13":"purchasable","14":"product-type-simple"},"_links":{"self":[{"href":"https:\/\/noithathuuthinh.vn\/zh-hans\/wp-json\/wp\/v2\/product\/4299","targetHints":{"allow":["GET"]}}],"collection":[{"href":"https:\/\/noithathuuthinh.vn\/zh-hans\/wp-json\/wp\/v2\/product"}],"about":[{"href":"https:\/\/noithathuuthinh.vn\/zh-hans\/wp-json\/wp\/v2\/types\/product"}],"replies":[{"embeddable":true,"href":"https:\/\/noithathuuthinh.vn\/zh-hans\/wp-json\/wp\/v2\/comments?post=4299"}],"wp:featuredmedia":[{"embeddable":true,"href":"https:\/\/noithathuuthinh.vn\/zh-hans\/wp-json\/wp\/v2\/media\/4300"}],"wp:attachment":[{"href":"https:\/\/noithathuuthinh.vn\/zh-hans\/wp-json\/wp\/v2\/media?parent=4299"}],"wp:term":[{"taxonomy":"product_brand","embeddable":true,"href":"https:\/\/noithathuuthinh.vn\/zh-hans\/wp-json\/wp\/v2\/product_brand?post=4299"},{"taxonomy":"product_cat","embeddable":true,"href":"https:\/\/noithathuuthinh.vn\/zh-hans\/wp-json\/wp\/v2\/product_cat?post=4299"},{"taxonomy":"product_tag","embeddable":true,"href":"https:\/\/noithathuuthinh.vn\/zh-hans\/wp-json\/wp\/v2\/product_tag?post=4299"}],"curies":[{"name":"wp","href":"https:\/\/api.w.org\/{rel}","templated":true}]}}