{"id":4302,"date":"2025-11-19T15:01:30","date_gmt":"2025-11-19T08:01:30","guid":{"rendered":"https:\/\/noithathuuthinh.vn\/?post_type=product&#038;p=4302"},"modified":"2025-11-19T15:01:30","modified_gmt":"2025-11-19T08:01:30","slug":"tu-ho-so-lux880-3t1","status":"publish","type":"product","link":"https:\/\/noithathuuthinh.vn\/zh-hans\/san-pham\/tu-ho-so-lux880-3t1\/","title":{"rendered":"T\u1ee7 h\u1ed3 s\u01a1 LUX880-3T1"},"content":{"rendered":"<p data-start=\"590\" data-end=\"993\">T\u1ee7 h\u1ed3 s\u01a1 LUX880-3T1 l\u00e0 l\u1ef1a ch\u1ecdn l\u00fd t\u01b0\u1edfng cho nh\u1eefng kh\u00f4ng gian v\u0103n ph\u00f2ng hi\u1ec7n \u0111\u1ea1i c\u1ea7n m\u1ed9t m\u1eabu t\u1ee7 th\u1ea5p g\u1ecdn g\u00e0ng nh\u01b0ng gi\u00e0u c\u00f4ng n\u0103ng. V\u1edbi chi\u1ec1u cao 880mm, t\u1ee7 d\u1ec5 d\u00e0ng b\u1ed1 tr\u00ed \u1edf nhi\u1ec1u v\u1ecb tr\u00ed trong ph\u00f2ng l\u00e0m vi\u1ec7c nh\u01b0 ph\u00eda sau b\u00e0n tr\u01b0\u1edfng ph\u00f2ng, khu v\u1ef1c k\u1ebf to\u00e1n, c\u1ea1nh b\u00e0n nh\u00e2n vi\u00ean ho\u1eb7c t\u1ea1i nh\u1eefng v\u1ecb tr\u00ed c\u1ea7n t\u1ed1i \u01b0u di\u1ec7n t\u00edch m\u00e0 v\u1eabn mu\u1ed1n \u0111\u1ea3m b\u1ea3o s\u1ef1 ng\u0103n n\u1eafp v\u00e0 g\u1ecdn g\u00e0ng.<\/p>\n<p data-start=\"995\" data-end=\"1566\">Thi\u1ebft k\u1ebf c\u1ee7a LUX880-3T1 n\u1ed5i b\u1eadt nh\u1edd s\u1ef1 k\u1ebft h\u1ee3p h\u00e0i h\u00f2a gi\u1eefa 03 ng\u0103n tho\u00e1ng v\u00e0 03 \u00f4 c\u00e1nh m\u1edf. Ba ng\u0103n tho\u00e1ng \u1edf ph\u00eda tr\u00ean l\u00e0 khu v\u1ef1c l\u00fd t\u01b0\u1edfng \u0111\u1ec3 \u0111\u1eb7t t\u00e0i li\u1ec7u th\u01b0\u1eddng xuy\u00ean s\u1eed d\u1ee5ng, h\u1ed3 s\u01a1 d\u1ea1ng \u0111\u1ee9ng, h\u1ed9p t\u00e0i li\u1ec7u ho\u1eb7c c\u00e1c v\u1eadt d\u1ee5ng v\u0103n ph\u00f2ng c\u1ea7n thao t\u00e1c nhanh. Kh\u00f4ng gian m\u1edf gi\u00fap ng\u01b0\u1eddi d\u00f9ng d\u1ec5 d\u00e0ng quan s\u00e1t v\u00e0 ti\u1ebfp c\u1eadn, ti\u1ebft ki\u1ec7m th\u1eddi gian t\u00ecm ki\u1ebfm v\u00e0 h\u1ed7 tr\u1ee3 qu\u00e1 tr\u00ecnh l\u00e0m vi\u1ec7c hi\u1ec7u qu\u1ea3 h\u01a1n. Ngo\u00e0i ra, \u0111\u00e2y c\u0169ng l\u00e0 v\u1ecb tr\u00ed ho\u00e0n h\u1ea3o \u0111\u1ec3 t\u1ea1o \u0111i\u1ec3m nh\u1ea5n b\u1eb1ng c\u00e1ch tr\u01b0ng b\u00e0y c\u00e1c v\u1eadt ph\u1ea9m trang tr\u00ed nh\u01b0 c\u00e2y xanh mini, t\u01b0\u1ee3ng nh\u1ecf, khung \u1ea3nh hay c\u00e1c ch\u1ee9ng nh\u1eadn danh hi\u1ec7u c\u1ee7a doanh nghi\u1ec7p.<\/p>\n<p data-start=\"1568\" data-end=\"1996\">Ph\u00eda d\u01b0\u1edbi l\u00e0 ba \u00f4 c\u00e1nh m\u1edf v\u1edbi tay n\u1eafm v\u00e1t c\u1ea1nh tinh t\u1ebf, g\u00f3p ph\u1ea7n t\u1ea1o n\u00ean v\u1ebb ngo\u00e0i hi\u1ec7n \u0111\u1ea1i c\u1ee7a s\u1ea3n ph\u1ea9m. C\u00e1c \u00f4 t\u1ee7 n\u00e0y mang \u0111\u1ebfn kh\u00f4ng gian l\u01b0u tr\u1eef k\u00edn \u0111\u00e1o h\u01a1n, ph\u00f9 h\u1ee3p \u0111\u1ec3 c\u1ea5t gi\u1eef t\u00e0i li\u1ec7u quan tr\u1ecdng, v\u1eadt d\u1ee5ng c\u00e1 nh\u00e2n, thi\u1ebft b\u1ecb v\u0103n ph\u00f2ng nh\u1ecf ho\u1eb7c nh\u1eefng th\u1ee9 kh\u00f4ng c\u1ea7n s\u1eed d\u1ee5ng th\u01b0\u1eddng xuy\u00ean. Nh\u1edd s\u1eed d\u1ee5ng b\u1ea3n l\u1ec1 ch\u1ea5t l\u01b0\u1ee3ng cao, c\u00e1nh t\u1ee7 \u0111\u00f3ng m\u1edf \u00eam \u00e1i, kh\u00f4ng g\u00e2y ti\u1ebfng \u0111\u1ed9ng l\u1edbn, \u0111\u1ea3m b\u1ea3o s\u1ef1 d\u1ec5 ch\u1ecbu cho ng\u01b0\u1eddi d\u00f9ng v\u00e0 m\u00f4i tr\u01b0\u1eddng l\u00e0m vi\u1ec7c.<\/p>\n<p data-start=\"1998\" data-end=\"2439\">T\u1ee7 h\u1ed3 s\u01a1 LUX880-3T1 \u0111\u01b0\u1ee3c s\u1ea3n xu\u1ea5t t\u1eeb g\u1ed7 c\u00f4ng nghi\u1ec7p ph\u1ee7 Melamine \u2013 ch\u1ea5t li\u1ec7u v\u1ed1n n\u1ed5i ti\u1ebfng v\u1edbi \u0111\u1ed9 b\u1ec1n cao, kh\u1ea3 n\u0103ng ch\u1ed1ng tr\u1ea7y x\u01b0\u1edbc, h\u1ea1n ch\u1ebf th\u1ea5m n\u01b0\u1edbc v\u00e0 ch\u1ed1ng b\u00e1m b\u1ee5i hi\u1ec7u qu\u1ea3. B\u1ec1 m\u1eb7t Melamine nh\u1eb5n m\u1ecbn, d\u1ec5 v\u1ec7 sinh, gi\u1eef \u0111\u01b0\u1ee3c v\u1ebb \u0111\u1eb9p l\u00e2u d\u00e0i ngay c\u1ea3 khi s\u1eed d\u1ee5ng trong m\u00f4i tr\u01b0\u1eddng v\u0103n ph\u00f2ng c\u00f3 t\u1ea7n su\u1ea5t thao t\u00e1c th\u01b0\u1eddng xuy\u00ean. \u0110\u00e2y l\u00e0 m\u1ed9t trong nh\u1eefng \u01b0u \u0111i\u1ec3m gi\u00fap s\u1ea3n ph\u1ea9m lu\u00f4n \u0111\u01b0\u1ee3c kh\u00e1ch h\u00e0ng \u01b0a chu\u1ed9ng v\u00e0 \u0111\u00e1nh gi\u00e1 cao v\u1ec1 \u0111\u1ed9 b\u1ec1n l\u1eabn t\u00ednh th\u1ea9m m\u1ef9.<\/p>\n<p data-start=\"2441\" data-end=\"2904\">C\u00e1c \u0111\u01b0\u1eddng n\u00e9t vu\u00f4ng v\u1eafn, m\u00e0u s\u1eafc trang nh\u00e3 v\u00e0 k\u1ebft c\u1ea5u c\u00e2n \u0111\u1ed1i gi\u00fap t\u1ee7 LUX880-3T1 ph\u00f9 h\u1ee3p v\u1edbi nhi\u1ec1u phong c\u00e1ch n\u1ed9i th\u1ea5t kh\u00e1c nhau \u2013 t\u1eeb t\u1ed1i gi\u1ea3n, hi\u1ec7n \u0111\u1ea1i \u0111\u1ebfn sang tr\u1ecdng. Thi\u1ebft k\u1ebf t\u1ee7 kh\u00f4ng qu\u00e1 c\u1ea7u k\u1ef3 nh\u01b0ng v\u1eabn to\u00e1t l\u00ean s\u1ef1 tinh t\u1ebf, t\u1ea1o c\u1ea3m gi\u00e1c chuy\u00ean nghi\u1ec7p v\u00e0 g\u1ecdn g\u00e0ng cho kh\u00f4ng gian \u0111\u1eb7t t\u1ee7. Nh\u1edd v\u1eady, s\u1ea3n ph\u1ea9m c\u00f3 th\u1ec3 b\u1ed1 tr\u00ed trong nhi\u1ec1u khu v\u1ef1c nh\u01b0 ph\u00f2ng l\u00e0m vi\u1ec7c nh\u00e2n vi\u00ean, ph\u00f2ng gi\u00e1m \u0111\u1ed1c, ph\u00f2ng h\u1ecdp nh\u1ecf, ph\u00f2ng ti\u1ebfp kh\u00e1ch ho\u1eb7c kh\u00f4ng gian l\u01b0u tr\u1eef chung c\u1ee7a c\u00f4ng ty.<\/p>\n<p data-start=\"2906\" data-end=\"3309\">M\u1ed9t trong nh\u1eefng l\u1ee3i th\u1ebf l\u1edbn c\u1ee7a m\u1eabu t\u1ee7 n\u00e0y l\u00e0 kh\u1ea3 n\u0103ng t\u1eadn d\u1ee5ng m\u1eb7t t\u1ee7 l\u00e0m k\u1ec7 ph\u1ee5. V\u1edbi chi\u1ec1u cao v\u1eeba ph\u1ea3i, m\u1eb7t t\u1ee7 c\u00f3 th\u1ec3 d\u00f9ng \u0111\u1ec3 \u0111\u1eb7t m\u00e1y in, m\u00e1y fax, m\u00e1y scan ho\u1eb7c c\u00e1c thi\u1ebft b\u1ecb v\u0103n ph\u00f2ng c\u1ee1 nh\u1ecf. \u0110i\u1ec1u n\u00e0y gi\u00fap t\u1ed1i \u01b0u c\u00f4ng n\u0103ng s\u1eed d\u1ee5ng v\u00e0 ti\u1ebft ki\u1ec7m di\u1ec7n t\u00edch \u0111\u00e1ng k\u1ec3. Trong c\u00e1c v\u0103n ph\u00f2ng c\u00f3 kh\u00f4ng gian h\u1ea1n ch\u1ebf, vi\u1ec7c k\u1ebft h\u1ee3p nhi\u1ec1u ch\u1ee9c n\u0103ng trong c\u00f9ng m\u1ed9t s\u1ea3n ph\u1ea9m nh\u01b0 LUX880-3T1 mang l\u1ea1i hi\u1ec7u qu\u1ea3 r\u1ea5t cao.<\/p>\n<p data-start=\"3311\" data-end=\"3652\">V\u1ec1 \u0111\u1ed9 b\u1ec1n, t\u1ee7 h\u1ed3 s\u01a1 LUX880-3T1 \u0111\u01b0\u1ee3c gia c\u00f4ng ch\u1eafc ch\u1eafn, c\u00e1c chi ti\u1ebft li\u00ean k\u1ebft \u0111\u1ec1u \u0111\u01b0\u1ee3c l\u1ef1a ch\u1ecdn k\u1ef9 nh\u1eb1m \u0111\u1ea3m b\u1ea3o \u0111\u1ed9 \u1ed5n \u0111\u1ecbnh khi s\u1eed d\u1ee5ng l\u00e2u d\u00e0i. C\u00e1nh t\u1ee7 \u0111\u00f3ng m\u1edf m\u01b0\u1ee3t m\u00e0, c\u00e1c ng\u0103n t\u1ee7 tho\u00e1ng b\u1ed1 tr\u00ed h\u1ee3p l\u00fd v\u00e0 c\u00f3 s\u1ee9c ch\u1ee9a l\u1edbn. K\u1ebft c\u1ea5u t\u1ed5ng th\u1ec3 v\u1eefng ch\u00e3i gi\u00fap t\u1ee7 d\u1ec5 d\u00e0ng \u0111\u00e1p \u1ee9ng nhu c\u1ea7u l\u01b0u tr\u1eef v\u1edbi t\u1ea7n su\u1ea5t cao trong m\u00f4i tr\u01b0\u1eddng v\u0103n ph\u00f2ng b\u1eadn r\u1ed9n.<\/p>\n<p data-start=\"3654\" data-end=\"4015\">S\u1ea3n ph\u1ea9m c\u0169ng g\u00f3p ph\u1ea7n t\u1ea1o n\u00ean kh\u00f4ng gian l\u00e0m vi\u1ec7c khoa h\u1ecdc v\u00e0 hi\u1ec7u qu\u1ea3 h\u01a1n. S\u1ef1 k\u1ebft h\u1ee3p gi\u1eefa khoang m\u1edf v\u00e0 khoang \u0111\u00f3ng gi\u00fap ng\u01b0\u1eddi d\u00f9ng ph\u00e2n lo\u1ea1i t\u00e0i li\u1ec7u r\u00f5 r\u00e0ng, t\u00e0i li\u1ec7u th\u01b0\u1eddng d\u00f9ng \u0111\u1ec3 \u1edf tr\u00ean, t\u00e0i li\u1ec7u quan tr\u1ecdng ho\u1eb7c \u00edt d\u00f9ng c\u00f3 th\u1ec3 c\u1ea5t v\u00e0o c\u00e1c \u00f4 t\u1ee7 d\u01b0\u1edbi. Nh\u1edd v\u1eady, b\u00e0n l\u00e0m vi\u1ec7c lu\u00f4n g\u1ecdn g\u00e0ng, h\u1ea1n ch\u1ebf s\u1ef1 l\u1ed9n x\u1ed9n v\u00e0 gi\u00fap nh\u00e2n vi\u00ean t\u1eadp trung h\u01a1n trong c\u00f4ng vi\u1ec7c.<\/p>\n<p data-start=\"4017\" data-end=\"4345\" data-is-last-node=\"\" data-is-only-node=\"\">T\u1ee7 h\u1ed3 s\u01a1 LUX880-3T1 l\u00e0 s\u1ef1 h\u00f2a quy\u1ec7n gi\u1eefa ti\u1ec7n \u00edch, th\u1ea9m m\u1ef9 v\u00e0 \u0111\u1ed9 b\u1ec1n, mang \u0111\u1ebfn gi\u1ea3i ph\u00e1p l\u01b0u tr\u1eef ho\u00e0n h\u1ea3o cho nhi\u1ec1u lo\u1ea1i h\u00ecnh v\u0103n ph\u00f2ng. N\u1ebfu b\u1ea1n \u0111ang t\u00ecm m\u1ed9t m\u1eabu t\u1ee7 th\u1ea5p \u0111a n\u0103ng, k\u00edch th\u01b0\u1edbc v\u1eeba ph\u1ea3i, thi\u1ebft k\u1ebf hi\u1ec7n \u0111\u1ea1i v\u00e0 c\u00f4ng n\u0103ng t\u1ed1i \u01b0u, th\u00ec LUX880-3T1 ch\u1eafc ch\u1eafn s\u1ebd l\u00e0 s\u1ea3n ph\u1ea9m \u0111\u00e1ng \u0111\u1ec3 l\u1ef1a ch\u1ecdn cho kh\u00f4ng gian l\u00e0m vi\u1ec7c c\u1ee7a b\u1ea1n.<\/p>\n","protected":false},"excerpt":{"rendered":"<p data-start=\"25\" data-end=\"583\">T\u1ee7 h\u1ed3 s\u01a1 LUX880-3T1 l\u00e0 m\u1eabu t\u1ee7 th\u1ea5p thi\u1ebft k\u1ebf hi\u1ec7n \u0111\u1ea1i v\u1edbi b\u1ed1 c\u1ee5c g\u1ed3m 03 ng\u0103n tho\u00e1ng v\u00e0 03 \u00f4 c\u00e1nh m\u1edf s\u1eed d\u1ee5ng tay n\u1eafm v\u00e1t c\u1ea1nh, mang \u0111\u1ebfn s\u1ef1 ti\u1ec7n d\u1ee5ng v\u00e0 t\u00ednh th\u1ea9m m\u1ef9 cao cho kh\u00f4ng gian v\u0103n ph\u00f2ng.<br data-start=\"248\" data-end=\"251\" \/>K\u00edch th\u01b0\u1edbc: W1200 x D400 x H880 mm<br data-start=\"285\" data-end=\"288\" \/>Xu\u1ea5t x\u1ee9: S\u1ea3n ph\u1ea9m c\u1ee7a c\u00f4ng ty N\u1ed8I TH\u1ea4T THE ONE \u2013 Ph\u00e2n ph\u1ed1i b\u1edfi C\u00d4NG TY TNHH SXTM TTNT H\u1eeeU TH\u1ecaNH<br data-start=\"383\" data-end=\"386\" \/>B\u1ea3o h\u00e0nh: 12 th\u00e1ng theo ti\u00eau chu\u1ea9n nh\u00e0 m\u00e1y<br data-start=\"428\" data-end=\"431\" \/><span style=\"color: #ed1c24;\"><em data-start=\"431\" data-end=\"583\">L\u01b0u \u00fd: Gi\u00e1 tr\u00ean ch\u01b0a bao g\u1ed3m VAT v\u00e0 ph\u00ed v\u1eadn chuy\u1ec3n. Gi\u00e1 s\u1ea3n ph\u1ea9m c\u00f3 th\u1ec3 thay \u0111\u1ed5i theo t\u1eebng th\u1eddi \u0111i\u1ec3m, vui l\u00f2ng li\u00ean h\u1ec7 \u0111\u1ec3 nh\u1eadn t\u01b0 v\u1ea5n \u01b0u \u0111\u00e3i t\u1ed1t nh\u1ea5t.<\/em><\/span><\/p>\n","protected":false},"featured_media":4303,"comment_status":"open","ping_status":"closed","template":"","meta":[],"product_brand":[],"product_cat":[17,760],"product_tag":[],"class_list":{"0":"post-4302","1":"product","2":"type-product","3":"status-publish","4":"has-post-thumbnail","6":"product_cat-noi-that-van-phong","7":"product_cat-tu-go-van-phong","9":"first","10":"instock","11":"taxable","12":"shipping-taxable","13":"purchasable","14":"product-type-simple"},"_links":{"self":[{"href":"https:\/\/noithathuuthinh.vn\/zh-hans\/wp-json\/wp\/v2\/product\/4302","targetHints":{"allow":["GET"]}}],"collection":[{"href":"https:\/\/noithathuuthinh.vn\/zh-hans\/wp-json\/wp\/v2\/product"}],"about":[{"href":"https:\/\/noithathuuthinh.vn\/zh-hans\/wp-json\/wp\/v2\/types\/product"}],"replies":[{"embeddable":true,"href":"https:\/\/noithathuuthinh.vn\/zh-hans\/wp-json\/wp\/v2\/comments?post=4302"}],"wp:featuredmedia":[{"embeddable":true,"href":"https:\/\/noithathuuthinh.vn\/zh-hans\/wp-json\/wp\/v2\/media\/4303"}],"wp:attachment":[{"href":"https:\/\/noithathuuthinh.vn\/zh-hans\/wp-json\/wp\/v2\/media?parent=4302"}],"wp:term":[{"taxonomy":"product_brand","embeddable":true,"href":"https:\/\/noithathuuthinh.vn\/zh-hans\/wp-json\/wp\/v2\/product_brand?post=4302"},{"taxonomy":"product_cat","embeddable":true,"href":"https:\/\/noithathuuthinh.vn\/zh-hans\/wp-json\/wp\/v2\/product_cat?post=4302"},{"taxonomy":"product_tag","embeddable":true,"href":"https:\/\/noithathuuthinh.vn\/zh-hans\/wp-json\/wp\/v2\/product_tag?post=4302"}],"curies":[{"name":"wp","href":"https:\/\/api.w.org\/{rel}","templated":true}]}}