{"id":4306,"date":"2025-11-19T15:18:44","date_gmt":"2025-11-19T08:18:44","guid":{"rendered":"https:\/\/noithathuuthinh.vn\/?post_type=product&#038;p=4306"},"modified":"2025-11-19T15:18:44","modified_gmt":"2025-11-19T08:18:44","slug":"tu-ho-so-lux1000-2t2","status":"publish","type":"product","link":"https:\/\/noithathuuthinh.vn\/zh-hans\/san-pham\/tu-ho-so-lux1000-2t2\/","title":{"rendered":"T\u1ee7 h\u1ed3 s\u01a1 LUX1000-2T2"},"content":{"rendered":"<p data-start=\"579\" data-end=\"993\">T\u1ee7 h\u1ed3 s\u01a1 LUX1000-2T2 thu\u1ed9c d\u00f2ng t\u1ee7 th\u1ea5p thi\u1ebft k\u1ebf hi\u1ec7n \u0111\u1ea1i, mang \u0111\u1ebfn gi\u1ea3i ph\u00e1p l\u01b0u tr\u1eef g\u1ecdn g\u00e0ng, ti\u1ec7n d\u1ee5ng \u0111\u1ed3ng th\u1eddi t\u1ea1o \u0111i\u1ec3m nh\u1ea5n th\u1ea9m m\u1ef9 cho kh\u00f4ng gian l\u00e0m vi\u1ec7c. V\u1edbi ki\u1ec3u d\u00e1ng vu\u00f4ng v\u1eafn, \u0111\u01b0\u1eddng n\u00e9t t\u1ed1i gi\u1ea3n v\u00e0 tay n\u1eafm v\u00e1t c\u1ea1nh tinh t\u1ebf, s\u1ea3n ph\u1ea9m kh\u00f4ng ch\u1ec9 \u0111\u00e1p \u1ee9ng nhu c\u1ea7u l\u01b0u tr\u1eef h\u1ed3 s\u01a1 m\u00e0 c\u00f2n g\u00f3p ph\u1ea7n ho\u00e0n thi\u1ec7n phong c\u00e1ch n\u1ed9i th\u1ea5t chuy\u00ean nghi\u1ec7p, sang tr\u1ecdng cho v\u0103n ph\u00f2ng.<\/p>\n<p data-start=\"995\" data-end=\"1416\">M\u1eabu t\u1ee7 n\u00e0y \u0111\u01b0\u1ee3c thi\u1ebft k\u1ebf v\u1edbi b\u1ed1 c\u1ee5c g\u1ed3m hai c\u00e1nh m\u1edf v\u00e1t c\u1ea1nh ch\u1eafc ch\u1eafn, mang l\u1ea1i s\u1ef1 an to\u00e0n cho t\u00e0i li\u1ec7u v\u00e0 v\u1eadt d\u1ee5ng c\u00e1 nh\u00e2n. Thi\u1ebft k\u1ebf tay n\u1eafm v\u00e1t c\u1ea1nh v\u1eeba \u0111\u1eb9p m\u1eaft, v\u1eeba \u0111\u1ea3m b\u1ea3o thao t\u00e1c \u0111\u00f3ng m\u1edf m\u01b0\u1ee3t m\u00e0, kh\u00f4ng g\u00e2y v\u01b0\u1edbng v\u00edu trong qu\u00e1 tr\u00ecnh s\u1eed d\u1ee5ng. B\u1ec1 m\u1eb7t t\u1ee7 \u0111\u01b0\u1ee3c ph\u1ee7 ch\u1ea5t li\u1ec7u Melamine ch\u1ea5t l\u01b0\u1ee3ng cao v\u1edbi kh\u1ea3 n\u0103ng ch\u1ed1ng tr\u1ea7y x\u01b0\u1edbc, ch\u1ed1ng th\u1ea5m v\u00e0 d\u1ec5 v\u1ec7 sinh, gi\u00fap s\u1ea3n ph\u1ea9m lu\u00f4n gi\u1eef \u0111\u01b0\u1ee3c v\u1ebb m\u1edbi m\u1ebb sau th\u1eddi gian d\u00e0i s\u1eed d\u1ee5ng.<\/p>\n<p data-start=\"1418\" data-end=\"1895\">M\u1ed9t \u0111i\u1ec3m n\u1ed5i b\u1eadt c\u1ee7a t\u1ee7 h\u1ed3 s\u01a1 LUX1000-2T2 ch\u00ednh l\u00e0 ph\u1ea7n khay \u0111\u1ec3 c\u00e2y trang tr\u00ed tr\u00ean n\u00f3c t\u1ee7. \u0110\u00e2y l\u00e0 thi\u1ebft k\u1ebf r\u1ea5t \u0111\u01b0\u1ee3c c\u00e1c doanh nghi\u1ec7p \u01b0u ti\u00ean l\u1ef1a ch\u1ecdn trong xu h\u01b0\u1edbng v\u0103n ph\u00f2ng xanh hi\u1ec7n nay. Nh\u1edd c\u00f3 khu v\u1ef1c \u0111\u1eb7t c\u00e2y ti\u1ec7n l\u1ee3i, ng\u01b0\u1eddi d\u00f9ng c\u00f3 th\u1ec3 b\u1ed1 tr\u00ed c\u00e1c lo\u1ea1i c\u00e2y nh\u1ecf ho\u1eb7c ph\u1ee5 ki\u1ec7n trang tr\u00ed, v\u1eeba t\u1ea1o c\u1ea3m gi\u00e1c th\u01b0 gi\u00e3n, v\u1eeba c\u1ea3i thi\u1ec7n th\u1ea9m m\u1ef9 t\u1ed5ng th\u1ec3 cho n\u01a1i l\u00e0m vi\u1ec7c. \u0110\u00e2y c\u0169ng l\u00e0 y\u1ebfu t\u1ed1 g\u00f3p ph\u1ea7n x\u00e2y d\u1ef1ng m\u00f4i tr\u01b0\u1eddng l\u00e0m vi\u1ec7c th\u00e2n thi\u1ec7n, d\u1ec5 ch\u1ecbu v\u00e0 h\u1ed7 tr\u1ee3 t\u0103ng hi\u1ec7u qu\u1ea3 c\u00f4ng vi\u1ec7c.<\/p>\n<p data-start=\"1897\" data-end=\"2333\">K\u00edch th\u01b0\u1edbc W800 x D390 x H1000 mm c\u1ee7a t\u1ee7 \u0111\u01b0\u1ee3c xem l\u00e0 k\u00edch th\u01b0\u1edbc t\u1ed1i \u01b0u \u0111\u1ed1i v\u1edbi c\u00e1c kh\u00f4ng gian v\u0103n ph\u00f2ng hi\u1ec7n \u0111\u1ea1i. T\u1ee7 kh\u00f4ng chi\u1ebfm nhi\u1ec1u di\u1ec7n t\u00edch nh\u01b0ng l\u1ea1i mang \u0111\u1ebfn kh\u1ea3 n\u0103ng ch\u1ee9a h\u1ed3 s\u01a1 kh\u00e1 l\u1edbn. B\u00ean trong t\u1ee7 c\u00f3 th\u1ec3 b\u1ed1 tr\u00ed h\u1ed3 s\u01a1 theo d\u1ea1ng c\u1eb7p, b\u00eca l\u00e1, h\u1ed9p t\u00e0i li\u1ec7u ho\u1eb7c c\u00e1c v\u1eadt d\u1ee5ng v\u0103n ph\u00f2ng kh\u00e1c, gi\u00fap khu v\u1ef1c l\u00e0m vi\u1ec7c lu\u00f4n g\u1ecdn g\u00e0ng v\u00e0 chuy\u00ean nghi\u1ec7p. Chi\u1ec1u cao 1 m\u00e9t v\u1eeba t\u1ea7m v\u1edbi c\u1ee7a ng\u01b0\u1eddi d\u00f9ng, t\u1ea1o s\u1ef1 thu\u1eadn ti\u1ec7n khi l\u1ea5y ho\u1eb7c s\u1eafp x\u1ebfp \u0111\u1ed3.<\/p>\n<p data-start=\"2335\" data-end=\"2817\">V\u1edbi thi\u1ebft k\u1ebf th\u1ea5p, t\u1ee7 h\u1ed3 s\u01a1 LUX1000-2T2 c\u00f2n c\u00f3 th\u1ec3 \u0111\u01b0\u1ee3c s\u1eed d\u1ee5ng nh\u01b0 m\u1ed9t module ph\u1ee5 b\u00ean c\u1ea1nh b\u00e0n l\u00e0m vi\u1ec7c, gi\u00fap m\u1edf r\u1ed9ng kh\u00f4ng gian l\u01b0u tr\u1eef v\u00e0 t\u0103ng t\u00ednh ti\u1ec7n l\u1ee3i. T\u1ee7 c\u0169ng c\u00f3 th\u1ec3 \u0111\u01b0\u1ee3c b\u1ed1 tr\u00ed \u1edf nhi\u1ec1u v\u1ecb tr\u00ed kh\u00e1c nhau trong v\u0103n ph\u00f2ng: ph\u00f2ng l\u00e0m vi\u1ec7c c\u00e1 nh\u00e2n, ph\u00f2ng h\u1ecdp nh\u1ecf, khu v\u1ef1c l\u1ec5 t\u00e2n ho\u1eb7c c\u00e1c v\u1ecb tr\u00ed c\u1ea7n s\u1eafp x\u1ebfp t\u00e0i li\u1ec7u nhanh ch\u00f3ng. D\u00e1ng t\u1ee7 nh\u1ecf g\u1ecdn cho ph\u00e9p k\u1ebft h\u1ee3p linh ho\u1ea1t v\u1edbi c\u00e1c d\u00f2ng b\u00e0n l\u00e0m vi\u1ec7c, t\u1ee7 t\u00e0i li\u1ec7u kh\u00e1c c\u1ee7a h\u1ec7 LUX, mang \u0111\u1ebfn s\u1ef1 \u0111\u1ed3ng b\u1ed9 t\u1ed1i \u0111a cho t\u1ed5ng th\u1ec3 n\u1ed9i th\u1ea5t.<\/p>\n<p data-start=\"2819\" data-end=\"3190\">V\u1ec1 ch\u1ea5t l\u01b0\u1ee3ng, s\u1ea3n ph\u1ea9m \u0111\u01b0\u1ee3c s\u1ea3n xu\u1ea5t b\u1edfi th\u01b0\u01a1ng hi\u1ec7u N\u1ed8I TH\u1ea4T THE ONE \u2013 \u0111\u01a1n v\u1ecb uy t\u00edn h\u00e0ng \u0111\u1ea7u trong l\u0129nh v\u1ef1c n\u1ed9i th\u1ea5t v\u0103n ph\u00f2ng t\u1ea1i Vi\u1ec7t Nam. T\u1ee7 \u0111\u01b0\u1ee3c ki\u1ec3m tra nghi\u00eam ng\u1eb7t t\u1eeb ch\u1ea5t li\u1ec7u \u0111\u1ebfn k\u1ebft c\u1ea5u, \u0111\u1ea3m b\u1ea3o \u0111\u1ed9 b\u1ec1n cao, kh\u1ea3 n\u0103ng ch\u1ecbu l\u1ef1c t\u1ed1t v\u00e0 v\u1eadn h\u00e0nh \u1ed5n \u0111\u1ecbnh trong th\u1eddi gian d\u00e0i. Khung t\u1ee7 \u0111\u01b0\u1ee3c li\u00ean k\u1ebft ch\u1eafc ch\u1eafn, mang \u0111\u1ebfn s\u1ef1 \u1ed5n \u0111\u1ecbnh v\u00e0 an to\u00e0n trong qu\u00e1 tr\u00ecnh s\u1eed d\u1ee5ng.<\/p>\n<p data-start=\"3192\" data-end=\"3527\">Ph\u1ea7n c\u00e1nh m\u1edf \u0111\u01b0\u1ee3c thi\u1ebft k\u1ebf kh\u00edt, \u0111\u1ea3m b\u1ea3o kh\u1ea3 n\u0103ng b\u1ea3o v\u1ec7 t\u00e0i li\u1ec7u tr\u01b0\u1edbc c\u00e1c t\u00e1c \u0111\u1ed9ng t\u1eeb m\u00f4i tr\u01b0\u1eddng nh\u01b0 b\u1ee5i b\u1ea9n hay \u0111\u1ed9 \u1ea9m. B\u1ec1 m\u1eb7t t\u1ee7 c\u00f3 \u0111\u1ed9 ho\u00e0n thi\u1ec7n cao, \u0111\u01b0\u1eddng bo g\u00f3c m\u1ec1m m\u1ea1i, gi\u00fap h\u1ea1n ch\u1ebf nguy c\u01a1 va ch\u1ea1m trong m\u00f4i tr\u01b0\u1eddng v\u0103n ph\u00f2ng \u0111\u00f4ng ng\u01b0\u1eddi. \u0110i\u1ec1u n\u00e0y \u0111\u1eb7c bi\u1ec7t ph\u00f9 h\u1ee3p v\u1edbi nh\u1eefng kh\u00f4ng gian l\u00e0m vi\u1ec7c c\u1ea7n s\u1ef1 an to\u00e0n v\u00e0 t\u00ednh th\u1ea9m m\u1ef9 cao.<\/p>\n<p data-start=\"3529\" data-end=\"3991\">T\u1ee7 h\u1ed3 s\u01a1 LUX1000-2T2 kh\u00f4ng ch\u1ec9 mang \u0111\u1ebfn s\u1ef1 ti\u1ec7n d\u1ee5ng m\u00e0 c\u00f2n th\u1ec3 hi\u1ec7n phong c\u00e1ch n\u1ed9i th\u1ea5t hi\u1ec7n \u0111\u1ea1i, tinh t\u1ebf. V\u1edbi thi\u1ebft k\u1ebf \u0111\u1eb9p, ch\u1ea5t li\u1ec7u b\u1ec1n b\u1ec9, kh\u1ea3 n\u0103ng ph\u1ed1i h\u1ee3p linh ho\u1ea1t c\u00f9ng nhi\u1ec1u d\u00f2ng s\u1ea3n ph\u1ea9m kh\u00e1c, t\u1ee7 l\u00e0 l\u1ef1a ch\u1ecdn t\u1ed1i \u01b0u cho c\u00e1c v\u0103n ph\u00f2ng h\u01b0\u1edbng \u0111\u1ebfn phong c\u00e1ch chuy\u00ean nghi\u1ec7p v\u00e0 hi\u1ec7n \u0111\u1ea1i. \u0110\u00e2y l\u00e0 m\u1eabu t\u1ee7 r\u1ea5t ph\u00f9 h\u1ee3p cho nh\u00e2n vi\u00ean v\u0103n ph\u00f2ng, tr\u01b0\u1edfng ph\u00f2ng, c\u00e1c khu v\u1ef1c l\u01b0u tr\u1eef chung ho\u1eb7c nh\u1eefng doanh nghi\u1ec7p c\u1ea7n t\u1ed1i \u01b0u di\u1ec7n t\u00edch nh\u01b0ng v\u1eabn \u0111\u1ea3m b\u1ea3o hi\u1ec7u qu\u1ea3 s\u1eed d\u1ee5ng.<\/p>\n<p data-start=\"3993\" data-end=\"4420\" data-is-last-node=\"\" data-is-only-node=\"\">N\u1ebfu b\u1ea1n \u0111ang t\u00ecm m\u1ed9t s\u1ea3n ph\u1ea9m c\u00f3 kh\u1ea3 n\u0103ng l\u01b0u tr\u1eef t\u1ed1t, ki\u1ec3u d\u00e1ng \u0111\u1eb9p v\u00e0 \u0111\u1ed9 b\u1ec1n cao th\u00ec LUX1000-2T2 ch\u1eafc ch\u1eafn l\u00e0 l\u1ef1a ch\u1ecdn \u0111\u00e1ng c\u00e2n nh\u1eafc. V\u1edbi nh\u1eefng \u01b0u \u0111i\u1ec3m v\u01b0\u1ee3t tr\u1ed9i v\u1ec1 thi\u1ebft k\u1ebf, t\u00ednh n\u0103ng v\u00e0 gi\u00e1 tr\u1ecb s\u1eed d\u1ee5ng l\u00e2u d\u00e0i, s\u1ea3n ph\u1ea9m \u0111\u00e1p \u1ee9ng t\u1ed1t h\u1ea7u h\u1ebft nhu c\u1ea7u c\u1ee7a m\u00f4i tr\u01b0\u1eddng l\u00e0m vi\u1ec7c hi\u1ec7n \u0111\u1ea1i. Nh\u1edd \u0111\u00f3, doanh nghi\u1ec7p kh\u00f4ng ch\u1ec9 s\u1edf h\u1eefu m\u1ed9t t\u1ee7 h\u1ed3 s\u01a1 ch\u1ea5t l\u01b0\u1ee3ng m\u00e0 c\u00f2n g\u00f3p ph\u1ea7n ki\u1ebfn t\u1ea1o kh\u00f4ng gian l\u00e0m vi\u1ec7c khoa h\u1ecdc, th\u1ea9m m\u1ef9 v\u00e0 hi\u1ec7u qu\u1ea3 h\u01a1n.<\/p>\n","protected":false},"excerpt":{"rendered":"<p>T\u1ee7 h\u1ed3 s\u01a1 LUX1000-2T2 l\u00e0 m\u1eabu t\u1ee7 th\u1ea5p hi\u1ec7n \u0111\u1ea1i, \u0111\u01b0\u1ee3c thi\u1ebft k\u1ebf v\u1edbi 2 c\u00e1nh m\u1edf v\u00e1t c\u1ea1nh v\u00e0 khay \u0111\u1ec3 c\u00e2y trang tr\u00ed tr\u00ean n\u00f3c, ph\u00f9 h\u1ee3p cho nhi\u1ec1u kh\u00f4ng gian l\u00e0m vi\u1ec7c sang tr\u1ecdng v\u00e0 ti\u1ec7n d\u1ee5ng.<br data-start=\"237\" data-end=\"240\" \/>K\u00edch th\u01b0\u1edbc: W800 x D390 x H1000 mm<br data-start=\"274\" data-end=\"277\" \/>Xu\u1ea5t x\u1ee9: S\u1ea3n ph\u1ea9m c\u1ee7a c\u00f4ng ty N\u1ed8I TH\u1ea4T THE ONE \u2013 Ph\u00e2n ph\u1ed1i b\u1edfi C\u00d4NG TY TNHH SXTM TTNT H\u1eeeU TH\u1ecaNH<br data-start=\"372\" data-end=\"375\" \/>B\u1ea3o h\u00e0nh: 12 th\u00e1ng theo ti\u00eau chu\u1ea9n nh\u00e0 m\u00e1y<br data-start=\"417\" data-end=\"420\" \/><span style=\"color: #ed1c24;\"><em data-start=\"420\" data-end=\"572\">L\u01b0u \u00fd: Gi\u00e1 tr\u00ean ch\u01b0a bao g\u1ed3m VAT v\u00e0 ph\u00ed v\u1eadn chuy\u1ec3n. Gi\u00e1 s\u1ea3n ph\u1ea9m c\u00f3 th\u1ec3 thay \u0111\u1ed5i theo t\u1eebng th\u1eddi \u0111i\u1ec3m, vui l\u00f2ng li\u00ean h\u1ec7 \u0111\u1ec3 nh\u1eadn t\u01b0 v\u1ea5n \u01b0u \u0111\u00e3i t\u1ed1t nh\u1ea5t.<\/em><\/span><\/p>\n","protected":false},"featured_media":4307,"comment_status":"open","ping_status":"closed","template":"","meta":[],"product_brand":[],"product_cat":[17,760],"product_tag":[],"class_list":{"0":"post-4306","1":"product","2":"type-product","3":"status-publish","4":"has-post-thumbnail","6":"product_cat-noi-that-van-phong","7":"product_cat-tu-go-van-phong","9":"first","10":"instock","11":"taxable","12":"shipping-taxable","13":"purchasable","14":"product-type-simple"},"_links":{"self":[{"href":"https:\/\/noithathuuthinh.vn\/zh-hans\/wp-json\/wp\/v2\/product\/4306","targetHints":{"allow":["GET"]}}],"collection":[{"href":"https:\/\/noithathuuthinh.vn\/zh-hans\/wp-json\/wp\/v2\/product"}],"about":[{"href":"https:\/\/noithathuuthinh.vn\/zh-hans\/wp-json\/wp\/v2\/types\/product"}],"replies":[{"embeddable":true,"href":"https:\/\/noithathuuthinh.vn\/zh-hans\/wp-json\/wp\/v2\/comments?post=4306"}],"wp:featuredmedia":[{"embeddable":true,"href":"https:\/\/noithathuuthinh.vn\/zh-hans\/wp-json\/wp\/v2\/media\/4307"}],"wp:attachment":[{"href":"https:\/\/noithathuuthinh.vn\/zh-hans\/wp-json\/wp\/v2\/media?parent=4306"}],"wp:term":[{"taxonomy":"product_brand","embeddable":true,"href":"https:\/\/noithathuuthinh.vn\/zh-hans\/wp-json\/wp\/v2\/product_brand?post=4306"},{"taxonomy":"product_cat","embeddable":true,"href":"https:\/\/noithathuuthinh.vn\/zh-hans\/wp-json\/wp\/v2\/product_cat?post=4306"},{"taxonomy":"product_tag","embeddable":true,"href":"https:\/\/noithathuuthinh.vn\/zh-hans\/wp-json\/wp\/v2\/product_tag?post=4306"}],"curies":[{"name":"wp","href":"https:\/\/api.w.org\/{rel}","templated":true}]}}