{"id":4309,"date":"2025-11-19T16:35:42","date_gmt":"2025-11-19T09:35:42","guid":{"rendered":"https:\/\/noithathuuthinh.vn\/?post_type=product&#038;p=4309"},"modified":"2025-11-19T16:35:42","modified_gmt":"2025-11-19T09:35:42","slug":"tu-ho-so-le880","status":"publish","type":"product","link":"https:\/\/noithathuuthinh.vn\/zh-hans\/san-pham\/tu-ho-so-le880\/","title":{"rendered":"T\u1ee7 h\u1ed3 s\u01a1 LE880"},"content":{"rendered":"<p data-start=\"576\" data-end=\"1002\">T\u1ee7 h\u1ed3 s\u01a1 LE880 thu\u1ed9c d\u00f2ng t\u1ee7 t\u00e0i li\u1ec7u th\u1ea5p thi\u1ebft k\u1ebf t\u1ed1i gi\u1ea3n, ti\u1ec7n d\u1ee5ng, th\u00edch h\u1ee3p cho m\u1ecdi kh\u00f4ng gian v\u0103n ph\u00f2ng hi\u1ec7n \u0111\u1ea1i \u0111ang t\u00ecm ki\u1ebfm gi\u1ea3i ph\u00e1p l\u01b0u tr\u1eef nhanh g\u1ecdn v\u00e0 d\u1ec5 thao t\u00e1c. V\u1edbi c\u1ea5u tr\u00fac g\u1ed3m hai khoang \u0111\u1ec3 file r\u1ed9ng r\u00e3i v\u00e0 thi\u1ebft k\u1ebf kh\u00f4ng c\u00e1nh, s\u1ea3n ph\u1ea9m gi\u00fap ng\u01b0\u1eddi d\u00f9ng d\u1ec5 d\u00e0ng qu\u1ea3n l\u00fd h\u1ed3 s\u01a1, t\u00e0i li\u1ec7u theo t\u1eebng nh\u00f3m ho\u1eb7c t\u1eebng d\u1ef1 \u00e1n, t\u1eeb \u0111\u00f3 t\u1ed1i \u01b0u h\u00f3a hi\u1ec7u su\u1ea5t c\u00f4ng vi\u1ec7c h\u00e0ng ng\u00e0y.<\/p>\n<p data-start=\"1004\" data-end=\"1549\">Thi\u1ebft k\u1ebf kh\u00f4ng c\u00e1nh c\u1ee7a t\u1ee7 h\u1ed3 s\u01a1 LE880 mang \u0111\u1ebfn s\u1ef1 ti\u1ec7n l\u1ee3i \u0111\u1eb7c bi\u1ec7t trong qu\u00e1 tr\u00ecnh s\u1eed d\u1ee5ng. Ng\u01b0\u1eddi d\u00f9ng c\u00f3 th\u1ec3 nhanh ch\u00f3ng l\u1ea5y t\u00e0i li\u1ec7u ch\u1ec9 trong v\u00e0i gi\u00e2y m\u00e0 kh\u00f4ng c\u1ea7n thao t\u00e1c m\u1edf \u2013 \u0111\u00f3ng c\u00e1nh nh\u01b0 c\u00e1c lo\u1ea1i t\u1ee7 truy\u1ec1n th\u1ed1ng. \u0110i\u1ec1u n\u00e0y r\u1ea5t ph\u00f9 h\u1ee3p v\u1edbi m\u00f4i tr\u01b0\u1eddng l\u00e0m vi\u1ec7c n\u0103ng \u0111\u1ed9ng, n\u01a1i nh\u00e2n vi\u00ean c\u1ea7n truy c\u1eadp h\u1ed3 s\u01a1 th\u01b0\u1eddng xuy\u00ean ho\u1eb7c c\u1ea7n s\u1eafp x\u1ebfp t\u00e0i li\u1ec7u theo th\u1ee9 t\u1ef1 khoa h\u1ecdc \u0111\u1ec3 thu\u1eadn ti\u1ec7n cho c\u00e1c cu\u1ed9c h\u1ecdp, b\u00e1o c\u00e1o hay trao \u0111\u1ed5i n\u1ed9i b\u1ed9. B\u00ean c\u1ea1nh \u0111\u00f3, d\u1ea1ng t\u1ee7 m\u1edf c\u00f2n t\u1ea1o c\u1ea3m gi\u00e1c th\u00f4ng tho\u00e1ng, hi\u1ec7n \u0111\u1ea1i, g\u00f3p ph\u1ea7n l\u00e0m s\u00e1ng v\u00e0 r\u1ed9ng kh\u00f4ng gian v\u0103n ph\u00f2ng.<\/p>\n<p data-start=\"1551\" data-end=\"2004\">V\u1ec1 ch\u1ea5t li\u1ec7u, t\u1ee7 \u0111\u01b0\u1ee3c s\u1ea3n xu\u1ea5t t\u1eeb g\u1ed7 c\u00f4ng nghi\u1ec7p Melamine cao c\u1ea5p \u2013 m\u1ed9t trong nh\u1eefng v\u1eadt li\u1ec7u ph\u1ed5 bi\u1ebfn v\u00e0 \u0111\u01b0\u1ee3c \u01b0a chu\u1ed9ng nh\u1ea5t trong l\u0129nh v\u1ef1c n\u1ed9i th\u1ea5t v\u0103n ph\u00f2ng. Melamine kh\u00f4ng ch\u1ec9 mang l\u1ea1i b\u1ec1 m\u1eb7t \u0111\u1eb9p, s\u1eafc n\u00e9t v\u00e0 nh\u1ea5t qu\u00e1n m\u00e0 c\u00f2n c\u00f3 kh\u1ea3 n\u0103ng ch\u1ed1ng tr\u1ea7y x\u01b0\u1edbc, ch\u1ed1ng \u1ea9m v\u00e0 ch\u1ed1ng b\u00e1m b\u1ee5i r\u1ea5t t\u1ed1t. Nh\u1edd \u0111\u00f3, t\u1ee7 h\u1ed3 s\u01a1 LE880 lu\u00f4n gi\u1eef \u0111\u01b0\u1ee3c \u0111\u1ed9 b\u1ec1n v\u00e0 t\u00ednh th\u1ea9m m\u1ef9 cao sau nhi\u1ec1u n\u0103m s\u1eed d\u1ee5ng, \u0111\u00e1p \u1ee9ng c\u00e1c y\u00eau c\u1ea7u v\u1ec1 ch\u1ea5t l\u01b0\u1ee3ng trong m\u00f4i tr\u01b0\u1eddng l\u00e0m vi\u1ec7c chuy\u00ean nghi\u1ec7p.<\/p>\n<p data-start=\"2006\" data-end=\"2469\">K\u00edch th\u01b0\u1edbc W800 x D400 x H880 mm c\u1ee7a t\u1ee7 \u0111\u01b0\u1ee3c t\u00ednh to\u00e1n t\u1ed1i \u01b0u cho nhi\u1ec1u kh\u00f4ng gian. V\u1edbi chi\u1ec1u r\u1ed9ng 800 mm, t\u1ee7 \u0111\u1ee7 l\u1edbn \u0111\u1ec3 ch\u1ee9a s\u1ed1 l\u01b0\u1ee3ng h\u1ed3 s\u01a1 v\u1eeba ph\u1ea3i m\u00e0 kh\u00f4ng chi\u1ebfm qu\u00e1 nhi\u1ec1u di\u1ec7n t\u00edch. Chi\u1ec1u s\u00e2u 400 mm l\u00fd t\u01b0\u1edfng \u0111\u1ec3 ch\u1ee9a c\u00e1c lo\u1ea1i file, b\u00eca c\u00f2ng, h\u1ed9p t\u00e0i li\u1ec7u ho\u1eb7c v\u1eadt d\u1ee5ng v\u0103n ph\u00f2ng kh\u00e1c. Chi\u1ec1u cao 880 mm gi\u00fap ng\u01b0\u1eddi d\u00f9ng d\u1ec5 d\u00e0ng thao t\u00e1c, \u0111\u1ed3ng th\u1eddi c\u00f3 th\u1ec3 t\u1eadn d\u1ee5ng m\u1eb7t tr\u00ean t\u1ee7 \u0111\u1ec3 \u0111\u1eb7t m\u00e1y in, b\u00ecnh n\u01b0\u1edbc, c\u00e2y xanh ho\u1eb7c v\u1eadt d\u1ee5ng trang tr\u00ed t\u1ea1o \u0111i\u1ec3m nh\u1ea5n cho v\u0103n ph\u00f2ng.<\/p>\n<p data-start=\"2471\" data-end=\"2932\">LE880 kh\u00f4ng ch\u1ec9 \u0111\u00f3ng vai tr\u00f2 l\u00e0 t\u1ee7 h\u1ed3 s\u01a1 m\u00e0 c\u00f2n c\u00f3 th\u1ec3 s\u1eed d\u1ee5ng nh\u01b0 m\u1ed9t module ph\u1ee5 b\u00ean c\u1ea1nh b\u00e0n l\u00e0m vi\u1ec7c, gi\u00fap t\u0103ng di\u1ec7n t\u00edch l\u01b0u tr\u1eef m\u00e0 kh\u00f4ng g\u00e2y v\u01b0\u1edbng v\u00edu. Nh\u1edd chi\u1ec1u cao t\u01b0\u01a1ng \u0111\u1ed1i th\u1ea5p, t\u1ee7 d\u1ec5 d\u00e0ng b\u1ed1 tr\u00ed trong nhi\u1ec1u khu v\u1ef1c nh\u01b0 v\u0103n ph\u00f2ng nh\u00e2n vi\u00ean, ph\u00f2ng gi\u00e1m \u0111\u1ed1c, ph\u00f2ng k\u1ebf to\u00e1n, ph\u00f2ng h\u00e0nh ch\u00ednh ho\u1eb7c c\u00e1c g\u00f3c l\u01b0u tr\u1eef chung. D\u00e1ng t\u1ee7 vu\u00f4ng v\u1eafn, ch\u1eafc ch\u1eafn t\u1ea1o c\u1ea3m gi\u00e1c \u1ed5n \u0111\u1ecbnh, mang l\u1ea1i s\u1ef1 h\u00e0i h\u00f2a khi k\u1ebft h\u1ee3p v\u1edbi c\u00e1c d\u00f2ng b\u00e0n v\u00e0 t\u1ee7 kh\u00e1c c\u1ee7a h\u1ec7 s\u1ea3n ph\u1ea9m The One.<\/p>\n<p data-start=\"2934\" data-end=\"3320\">M\u1ed9t \u01b0u \u0111i\u1ec3m kh\u00e1c c\u1ee7a t\u1ee7 h\u1ed3 s\u01a1 LE880 ch\u00ednh l\u00e0 phong c\u00e1ch thi\u1ebft k\u1ebf t\u1ed1i gi\u1ea3n, hi\u1ec7n \u0111\u1ea1i. Nh\u1edd kh\u00f4ng s\u1eed d\u1ee5ng c\u00e1nh t\u1ee7, s\u1ea3n ph\u1ea9m th\u1ec3 hi\u1ec7n s\u1ef1 tr\u1ebb trung, ph\u00f9 h\u1ee3p v\u1edbi xu h\u01b0\u1edbng n\u1ed9i th\u1ea5t hi\u1ec7n nay \u2013 n\u01a1i \u01b0u ti\u00ean s\u1ef1 m\u1edf r\u1ed9ng, th\u00f4ng tho\u00e1ng v\u00e0 ti\u1ec7n d\u1ee5ng. T\u1ee7 c\u00f3 th\u1ec3 \u0111\u01b0\u1ee3c ph\u1ed1i v\u1edbi nhi\u1ec1u gam m\u00e0u Melamine kh\u00e1c nhau (t\u00f9y theo t\u1eebng th\u1eddi \u0111i\u1ec3m s\u1ea3n xu\u1ea5t) \u0111\u1ec3 \u0111\u1ed3ng b\u1ed9 v\u1edbi phong c\u00e1ch thi\u1ebft k\u1ebf t\u1ed5ng th\u1ec3 c\u1ee7a v\u0103n ph\u00f2ng.<\/p>\n<p data-start=\"3322\" data-end=\"3655\">S\u1ea3n ph\u1ea9m \u0111\u01b0\u1ee3c s\u1ea3n xu\u1ea5t b\u1edfi th\u01b0\u01a1ng hi\u1ec7u N\u1ed8I TH\u1ea4T THE ONE \u2013 \u0111\u01a1n v\u1ecb uy t\u00edn h\u00e0ng \u0111\u1ea7u trong l\u0129nh v\u1ef1c n\u1ed9i th\u1ea5t v\u0103n ph\u00f2ng, \u0111\u1ea3m b\u1ea3o quy tr\u00ecnh s\u1ea3n xu\u1ea5t chu\u1ea9n m\u1ef1c v\u00e0 ki\u1ec3m \u0111\u1ecbnh ch\u1ea5t l\u01b0\u1ee3ng nghi\u00eam ng\u1eb7t. Ch\u00ednh v\u00ec v\u1eady, t\u1ee7 h\u1ed3 s\u01a1 LE880 c\u00f3 \u0111\u1ed9 b\u1ec1n cao, ch\u1ecbu l\u1ef1c t\u1ed1t v\u00e0 v\u1eadn h\u00e0nh \u1ed5n \u0111\u1ecbnh, ph\u00f9 h\u1ee3p v\u1edbi t\u1ea7n su\u1ea5t s\u1eed d\u1ee5ng li\u00ean t\u1ee5c trong m\u00f4i tr\u01b0\u1eddng v\u0103n ph\u00f2ng.<\/p>\n<p data-start=\"3657\" data-end=\"4015\">T\u1ee7 LE880 c\u0169ng mang \u0111\u1ebfn l\u1ee3i th\u1ebf trong vi\u1ec7c s\u1eafp x\u1ebfp t\u00e0i li\u1ec7u khoa h\u1ecdc. V\u1edbi hai khoang \u0111\u01b0\u1ee3c chia t\u1ec9 l\u1ec7 h\u1ee3p l\u00fd, ng\u01b0\u1eddi d\u00f9ng c\u00f3 th\u1ec3 ph\u00e2n chia t\u00e0i li\u1ec7u theo ch\u1ee9c n\u0103ng nh\u01b0 h\u1ed3 s\u01a1 d\u1ef1 \u00e1n, ch\u1ee9ng t\u1eeb k\u1ebf to\u00e1n, h\u1ed3 s\u01a1 nh\u00e2n s\u1ef1, bi\u1ec3u m\u1eabu h\u00e0ng ng\u00e0y\u2026 M\u1ed7i khoang c\u00f3 th\u1ec3 s\u1eed d\u1ee5ng th\u00eam h\u1ed9p \u0111\u1ef1ng t\u00e0i li\u1ec7u \u0111\u1ec3 t\u1ed1i \u01b0u kh\u00f4ng gian l\u01b0u tr\u1eef, gi\u00fap n\u01a1i l\u00e0m vi\u1ec7c lu\u00f4n ng\u0103n n\u1eafp v\u00e0 chuy\u00ean nghi\u1ec7p.<\/p>\n<p data-start=\"4017\" data-end=\"4448\" data-is-last-node=\"\" data-is-only-node=\"\">Nh\u00ecn chung, t\u1ee7 h\u1ed3 s\u01a1 LE880 l\u00e0 l\u1ef1a ch\u1ecdn l\u00fd t\u01b0\u1edfng cho doanh nghi\u1ec7p mu\u1ed1n c\u1ea3i thi\u1ec7n kh\u00f4ng gian l\u01b0u tr\u1eef m\u00e0 v\u1eabn \u0111\u1ea3m b\u1ea3o t\u00ednh th\u1ea9m m\u1ef9 v\u00e0 s\u1ef1 ti\u1ec7n l\u1ee3i trong qu\u00e1 tr\u00ecnh s\u1eed d\u1ee5ng. V\u1edbi m\u1ee9c gi\u00e1 h\u1ee3p l\u00fd, \u0111\u1ed9 b\u1ec1n cao v\u00e0 thi\u1ebft k\u1ebf linh ho\u1ea1t, s\u1ea3n ph\u1ea9m \u0111em \u0111\u1ebfn gi\u00e1 tr\u1ecb s\u1eed d\u1ee5ng l\u00e2u d\u00e0i v\u00e0 ph\u00f9 h\u1ee3p v\u1edbi h\u1ea7u h\u1ebft c\u00e1c m\u00f4 h\u00ecnh v\u0103n ph\u00f2ng t\u1eeb nh\u1ecf \u0111\u1ebfn l\u1edbn. \u0110\u00e2y l\u00e0 m\u1eabu t\u1ee7 \u0111\u00e1ng c\u00e2n nh\u1eafc n\u1ebfu b\u1ea1n c\u1ea7n m\u1ed9t s\u1ea3n ph\u1ea9m b\u1ec1n \u2013 \u0111\u1eb9p \u2013 ti\u1ec7n d\u1ee5ng cho m\u00f4i tr\u01b0\u1eddng l\u00e0m vi\u1ec7c c\u1ee7a m\u00ecnh.<\/p>\n","protected":false},"excerpt":{"rendered":"<p data-start=\"20\" data-end=\"569\">T\u1ee7 h\u1ed3 s\u01a1 LE880 l\u00e0 m\u1eabu t\u1ee7 t\u00e0i li\u1ec7u th\u1ea5p \u0111\u01b0\u1ee3c thi\u1ebft k\u1ebf v\u1edbi 2 khoang \u0111\u1ec3 file, d\u1ea1ng t\u1ee7 kh\u00f4ng c\u00e1nh gi\u00fap thao t\u00e1c l\u1ea5y \u2013 c\u1ea5t h\u1ed3 s\u01a1 nhanh ch\u00f3ng v\u00e0 thu\u1eadn ti\u1ec7n trong m\u00f4i tr\u01b0\u1eddng l\u00e0m vi\u1ec7c b\u1eadn r\u1ed9n.<br data-start=\"235\" data-end=\"238\" \/>K\u00edch th\u01b0\u1edbc: W800 x D400 x H880 mm<br data-start=\"271\" data-end=\"274\" \/>Xu\u1ea5t x\u1ee9: S\u1ea3n ph\u1ea9m c\u1ee7a c\u00f4ng ty N\u1ed8I TH\u1ea4T THE ONE \u2013 Ph\u00e2n ph\u1ed1i b\u1edfi C\u00d4NG TY TNHH SXTM TTNT H\u1eeeU TH\u1ecaNH<br data-start=\"369\" data-end=\"372\" \/>B\u1ea3o h\u00e0nh: 12 th\u00e1ng theo ti\u00eau chu\u1ea9n nh\u00e0 m\u00e1y<br data-start=\"414\" data-end=\"417\" \/><span style=\"color: #ed1c24;\"><em data-start=\"417\" data-end=\"569\">L\u01b0u \u00fd: Gi\u00e1 tr\u00ean ch\u01b0a bao g\u1ed3m VAT v\u00e0 ph\u00ed v\u1eadn chuy\u1ec3n. Gi\u00e1 s\u1ea3n ph\u1ea9m c\u00f3 th\u1ec3 thay \u0111\u1ed5i theo t\u1eebng th\u1eddi \u0111i\u1ec3m, vui l\u00f2ng li\u00ean h\u1ec7 \u0111\u1ec3 nh\u1eadn t\u01b0 v\u1ea5n \u01b0u \u0111\u00e3i t\u1ed1t nh\u1ea5t.<\/em><\/span><\/p>\n","protected":false},"featured_media":4310,"comment_status":"open","ping_status":"closed","template":"","meta":[],"product_brand":[],"product_cat":[17,760],"product_tag":[],"class_list":{"0":"post-4309","1":"product","2":"type-product","3":"status-publish","4":"has-post-thumbnail","6":"product_cat-noi-that-van-phong","7":"product_cat-tu-go-van-phong","9":"first","10":"instock","11":"taxable","12":"shipping-taxable","13":"purchasable","14":"product-type-simple"},"_links":{"self":[{"href":"https:\/\/noithathuuthinh.vn\/zh-hans\/wp-json\/wp\/v2\/product\/4309","targetHints":{"allow":["GET"]}}],"collection":[{"href":"https:\/\/noithathuuthinh.vn\/zh-hans\/wp-json\/wp\/v2\/product"}],"about":[{"href":"https:\/\/noithathuuthinh.vn\/zh-hans\/wp-json\/wp\/v2\/types\/product"}],"replies":[{"embeddable":true,"href":"https:\/\/noithathuuthinh.vn\/zh-hans\/wp-json\/wp\/v2\/comments?post=4309"}],"wp:featuredmedia":[{"embeddable":true,"href":"https:\/\/noithathuuthinh.vn\/zh-hans\/wp-json\/wp\/v2\/media\/4310"}],"wp:attachment":[{"href":"https:\/\/noithathuuthinh.vn\/zh-hans\/wp-json\/wp\/v2\/media?parent=4309"}],"wp:term":[{"taxonomy":"product_brand","embeddable":true,"href":"https:\/\/noithathuuthinh.vn\/zh-hans\/wp-json\/wp\/v2\/product_brand?post=4309"},{"taxonomy":"product_cat","embeddable":true,"href":"https:\/\/noithathuuthinh.vn\/zh-hans\/wp-json\/wp\/v2\/product_cat?post=4309"},{"taxonomy":"product_tag","embeddable":true,"href":"https:\/\/noithathuuthinh.vn\/zh-hans\/wp-json\/wp\/v2\/product_tag?post=4309"}],"curies":[{"name":"wp","href":"https:\/\/api.w.org\/{rel}","templated":true}]}}