{"id":4333,"date":"2025-11-20T09:34:29","date_gmt":"2025-11-20T02:34:29","guid":{"rendered":"https:\/\/noithathuuthinh.vn\/?post_type=product&#038;p=4333"},"modified":"2025-11-20T09:34:29","modified_gmt":"2025-11-20T02:34:29","slug":"tu-ho-so-le1960-3b","status":"publish","type":"product","link":"https:\/\/noithathuuthinh.vn\/zh-hans\/san-pham\/tu-ho-so-le1960-3b\/","title":{"rendered":"T\u1ee7 h\u1ed3 s\u01a1 LE1960-3B"},"content":{"rendered":"<p data-start=\"642\" data-end=\"1092\">T\u1ee7 h\u1ed3 s\u01a1 LE1960-3B thu\u1ed9c d\u00f2ng t\u1ee7 t\u00e0i li\u1ec7u Melamine cao c\u1ea5p c\u1ee7a N\u1ed9i Th\u1ea5t The One, \u0111\u01b0\u1ee3c thi\u1ebft k\u1ebf d\u00e0nh cho nh\u1eefng kh\u00f4ng gian v\u0103n ph\u00f2ng c\u1ea7n s\u1ef1 g\u1ecdn g\u00e0ng, khoa h\u1ecdc nh\u01b0ng v\u1eabn \u0111\u1ea3m b\u1ea3o t\u00ednh th\u1ea9m m\u1ef9 v\u00e0 ti\u1ec7n d\u1ee5ng trong qu\u00e1 tr\u00ecnh l\u01b0u tr\u1eef. V\u1edbi c\u1ea5u tr\u00fac 3 khoang r\u1ed9ng r\u00e3i, m\u1eabu t\u1ee7 n\u00e0y t\u1ea1o n\u00ean m\u1ed9t b\u1ed1 c\u1ee5c l\u01b0u tr\u1eef th\u00f4ng minh, \u0111\u00e1p \u1ee9ng \u0111\u1ea7y \u0111\u1ee7 nhu c\u1ea7u ph\u00e2n lo\u1ea1i t\u00e0i li\u1ec7u, l\u01b0u tr\u1eef h\u1ed3 s\u01a1 v\u00e0 s\u1eafp x\u1ebfp v\u1eadt d\u1ee5ng c\u00e1 nh\u00e2n c\u1ee7a ng\u01b0\u1eddi d\u00f9ng.<\/p>\n<p data-start=\"1094\" data-end=\"1713\">\u1ede ph\u1ea7n tr\u00ean, t\u1ee7 \u0111\u01b0\u1ee3c b\u1ed1 tr\u00ed ba khoang t\u00e0i li\u1ec7u m\u1edf gi\u00fap ng\u01b0\u1eddi d\u00f9ng thao t\u00e1c nhanh ch\u00f3ng, d\u1ec5 d\u00e0ng l\u1ea5y \u2013 c\u1ea5t t\u00e0i li\u1ec7u theo t\u1eebng nh\u00f3m h\u1ed3 s\u01a1. Thi\u1ebft k\u1ebf kh\u00f4ng c\u00e1nh gi\u00fap ti\u1ebft ki\u1ec7m th\u1eddi gian v\u00e0 t\u1ed1i \u01b0u h\u00f3a kh\u1ea3 n\u0103ng quan s\u00e1t, \u0111\u1eb7c bi\u1ec7t ph\u00f9 h\u1ee3p v\u1edbi c\u00e1c ph\u00f2ng ban th\u01b0\u1eddng xuy\u00ean x\u1eed l\u00fd nhi\u1ec1u ch\u1ee9ng t\u1eeb ho\u1eb7c c\u1ea7n tr\u01b0ng b\u00e0y t\u00e0i li\u1ec7u tra c\u1ee9u nhanh. B\u00ean c\u1ea1nh ba khoang \u0111\u1ec3 file, t\u1ee7 c\u00f2n t\u00edch h\u1ee3p m\u1ed9t khoang treo \u00e1o ti\u1ec7n \u00edch, cho ph\u00e9p ng\u01b0\u1eddi d\u00f9ng c\u1ea5t gi\u1eef \u00e1o kho\u00e1c, vest ho\u1eb7c c\u00e1c v\u1eadt d\u1ee5ng c\u00e1 nh\u00e2n m\u1ed9t c\u00e1ch tinh t\u1ebf v\u00e0 k\u00edn \u0111\u00e1o. \u0110\u00e2y l\u00e0 chi ti\u1ebft t\u1ea1o n\u00ean s\u1ef1 chuy\u00ean nghi\u1ec7p trong kh\u00f4ng gian l\u00e0m vi\u1ec7c, \u0111\u1eb7c bi\u1ec7t h\u1eefu \u00edch trong m\u00f4i tr\u01b0\u1eddng v\u0103n ph\u00f2ng hi\u1ec7n \u0111\u1ea1i.<\/p>\n<p data-start=\"1715\" data-end=\"2181\">Ph\u1ea7n d\u01b0\u1edbi c\u1ee7a t\u1ee7 h\u1ed3 s\u01a1 LE1960-3B \u0111\u01b0\u1ee3c trang b\u1ecb ba khoang c\u00e1nh m\u1edf c\u00f3 kh\u00f3a an to\u00e0n, ph\u00f9 h\u1ee3p \u0111\u1ec3 l\u01b0u tr\u1eef nh\u1eefng t\u00e0i li\u1ec7u quan tr\u1ecdng ho\u1eb7c c\u00e1c v\u1eadt d\u1ee5ng c\u1ea7n b\u1ea3o m\u1eadt. Tay n\u1eafm v\u00e1t c\u1ea1nh cao c\u1ea5p gi\u00fap thao t\u00e1c m\u1edf \u2013 \u0111\u00f3ng c\u00e1nh t\u1ee7 \u00eam \u00e1i, gi\u1ea3m thi\u1ec3u ma s\u00e1t v\u00e0 n\u00e2ng cao tu\u1ed5i th\u1ecd s\u1ea3n ph\u1ea9m. Vi\u1ec7c b\u1ed1 tr\u00ed ba khoang ri\u00eang bi\u1ec7t gi\u00fap ng\u01b0\u1eddi d\u00f9ng thu\u1eadn ti\u1ec7n ph\u00e2n lo\u1ea1i h\u1ed3 s\u01a1 theo t\u00ednh ch\u1ea5t c\u00f4ng vi\u1ec7c, t\u00e0i li\u1ec7u c\u00e1 nh\u00e2n hay t\u00e0i li\u1ec7u n\u1ed9i b\u1ed9, \u0111\u1ea3m b\u1ea3o s\u1ef1 ng\u0103n n\u1eafp trong qu\u00e1 tr\u00ecnh l\u00e0m vi\u1ec7c h\u1eb1ng ng\u00e0y.<\/p>\n<p data-start=\"2183\" data-end=\"2704\">Ch\u1ea5t li\u1ec7u g\u1ed7 Melamine cao c\u1ea5p l\u00e0 m\u1ed9t trong nh\u1eefng \u0111i\u1ec3m m\u1ea1nh c\u1ee7a s\u1ea3n ph\u1ea9m. B\u1ec1 m\u1eb7t Melamine c\u00f3 kh\u1ea3 n\u0103ng ch\u1ed1ng tr\u1ea7y x\u01b0\u1edbc, ch\u1ed1ng th\u1ea5m n\u01b0\u1edbc nh\u1eb9 v\u00e0 ch\u1ed1ng b\u00e1m b\u1ee5i t\u1ed1t, gi\u00fap t\u1ee7 lu\u00f4n gi\u1eef \u0111\u01b0\u1ee3c v\u1ebb \u0111\u1eb9p m\u1edbi m\u1ebb sau th\u1eddi gian d\u00e0i s\u1eed d\u1ee5ng. Ngo\u00e0i ra, t\u1ee7 kh\u00f4ng s\u1eed d\u1ee5ng c\u00e1nh k\u00ednh m\u00e0 ch\u1ec9 d\u00f9ng c\u00e1nh g\u1ed7 ho\u00e0n to\u00e0n, mang l\u1ea1i s\u1ef1 ch\u1eafc ch\u1eafn, k\u00edn \u0111\u00e1o v\u00e0 ph\u00f9 h\u1ee3p h\u01a1n v\u1edbi nh\u1eefng v\u0103n ph\u00f2ng y\u00eau c\u1ea7u ki\u1ec3m so\u00e1t th\u00f4ng tin h\u1ea1n ch\u1ebf. Thi\u1ebft k\u1ebf n\u00e0y c\u0169ng gi\u00fap t\u1ea1o n\u00ean s\u1ef1 \u0111\u1ed3ng b\u1ed9 v\u00e0 h\u00e0i h\u00f2a khi k\u1ebft h\u1ee3p c\u00f9ng c\u00e1c d\u00f2ng b\u00e0n, h\u1ed9c, k\u1ec7 c\u00f9ng m\u00e0u trong kh\u00f4ng gian n\u1ed9i th\u1ea5t.<\/p>\n<p data-start=\"2706\" data-end=\"3191\">T\u1ee7 h\u1ed3 s\u01a1 LE1960-3B s\u1edf h\u1eefu k\u00edch th\u01b0\u1edbc W1200 x D400 x H1960 mm \u2013 m\u1ed9t k\u00edch th\u01b0\u1edbc ti\u00eau chu\u1ea9n cho c\u00e1c ph\u00f2ng l\u00e0m vi\u1ec7c v\u1eeba v\u00e0 l\u1edbn, cho ph\u00e9p t\u1ed1i \u01b0u di\u1ec7n t\u00edch l\u01b0u tr\u1eef m\u00e0 kh\u00f4ng chi\u1ebfm qu\u00e1 nhi\u1ec1u kh\u00f4ng gian b\u1ed1 tr\u00ed. C\u00e1c \u0111\u01b0\u1eddng n\u00e9t thi\u1ebft k\u1ebf vu\u00f4ng v\u1ee9c, hi\u1ec7n \u0111\u1ea1i t\u1ea1o n\u00ean phong th\u00e1i chuy\u00ean nghi\u1ec7p, ph\u00f9 h\u1ee3p v\u1edbi nhi\u1ec1u phong c\u00e1ch n\u1ed9i th\u1ea5t v\u0103n ph\u00f2ng kh\u00e1c nhau nh\u01b0 hi\u1ec7n \u0111\u1ea1i, t\u1ed1i gi\u1ea3n hay t\u00e2n c\u1ed5 \u0111i\u1ec3n nh\u1eb9. M\u00e0u s\u1eafc g\u1ed7 Melamine \u0111a d\u1ea1ng, d\u1ec5 ph\u1ed1i h\u1ee3p c\u00f9ng b\u00e0n l\u00e0m vi\u1ec7c, b\u00e0n h\u1ecdp ho\u1eb7c c\u00e1c module v\u00e1ch ng\u0103n v\u0103n ph\u00f2ng.<\/p>\n<p data-start=\"3193\" data-end=\"3701\">\u0110\u1ed9 b\u1ec1n v\u00e0 t\u00ednh \u1ed5n \u0111\u1ecbnh c\u1ee7a s\u1ea3n ph\u1ea9m \u0111\u01b0\u1ee3c \u0111\u1ea3m b\u1ea3o b\u1edfi k\u1ef9 thu\u1eadt s\u1ea3n xu\u1ea5t ti\u00ean ti\u1ebfn t\u1eeb th\u01b0\u01a1ng hi\u1ec7u N\u1ed9i Th\u1ea5t The One \u2013 \u0111\u01a1n v\u1ecb l\u00e2u n\u0103m tr\u00ean th\u1ecb tr\u01b0\u1eddng n\u1ed9i th\u1ea5t v\u0103n ph\u00f2ng t\u1ea1i Vi\u1ec7t Nam. Khung t\u1ee7 ch\u1eafc ch\u1eafn, c\u00e1c chi ti\u1ebft \u0111\u01b0\u1ee3c ho\u00e0n thi\u1ec7n s\u1eafc n\u00e9t, c\u00e1c b\u1ea3n l\u1ec1 v\u00e0 ph\u1ee5 ki\u1ec7n ch\u1ea5t l\u01b0\u1ee3ng cao gi\u00fap c\u00e1nh m\u1edf v\u1eadn h\u00e0nh \u00eam, h\u1ea1n ch\u1ebf ti\u1ebfng \u1ed3n v\u00e0 t\u00ecnh tr\u1ea1ng x\u1ec7 c\u00e1nh sau th\u1eddi gian s\u1eed d\u1ee5ng. \u0110i\u1ec1u n\u00e0y gi\u00fap doanh nghi\u1ec7p ti\u1ebft ki\u1ec7m chi ph\u00ed b\u1ea3o tr\u00ec, \u0111\u1ed3ng th\u1eddi c\u00f3 \u0111\u01b0\u1ee3c m\u1ed9t s\u1ea3n ph\u1ea9m b\u1ec1n b\u1ec9, \u0111\u1ed3ng h\u00e0nh l\u00e2u d\u00e0i c\u00f9ng qu\u00e1 tr\u00ecnh v\u1eadn h\u00e0nh v\u0103n ph\u00f2ng.<\/p>\n<p data-start=\"3703\" data-end=\"4079\">Nh\u1edd v\u00e0o s\u1ef1 k\u1ebft h\u1ee3p gi\u1eefa c\u00f4ng n\u0103ng \u0111a d\u1ea1ng, ki\u1ec3u d\u00e1ng hi\u1ec7n \u0111\u1ea1i v\u00e0 ch\u1ea5t li\u1ec7u b\u1ec1n \u0111\u1eb9p, t\u1ee7 h\u1ed3 s\u01a1 LE1960-3B l\u00e0 m\u1ed9t l\u1ef1a ch\u1ecdn l\u00fd t\u01b0\u1edfng cho c\u00e1c doanh nghi\u1ec7p mu\u1ed1n t\u1ed1i \u01b0u kh\u00f4ng gian l\u01b0u tr\u1eef nh\u01b0ng v\u1eabn \u0111\u1ea3m b\u1ea3o t\u00ednh th\u1ea9m m\u1ef9 v\u00e0 s\u1ef1 chuy\u00ean nghi\u1ec7p. D\u00f9 \u0111\u01b0\u1ee3c \u0111\u1eb7t t\u1ea1i ph\u00f2ng nh\u00e2n s\u1ef1, ph\u00f2ng k\u1ebf to\u00e1n, ph\u00f2ng \u0111i\u1ec1u h\u00e0nh hay khu v\u1ef1c l\u00e0m vi\u1ec7c chung, m\u1eabu t\u1ee7 \u0111\u1ec1u mang \u0111\u1ebfn s\u1ef1 ti\u1ec7n l\u1ee3i v\u00e0 g\u1ecdn g\u00e0ng c\u1ea7n thi\u1ebft.<\/p>\n<p data-start=\"4081\" data-end=\"4494\" data-is-last-node=\"\" data-is-only-node=\"\">N\u1ebfu doanh nghi\u1ec7p c\u1ee7a b\u1ea1n \u0111ang t\u00ecm ki\u1ebfm m\u1ed9t m\u1eabu t\u1ee7 h\u1ed3 s\u01a1 v\u1eeba \u0111\u1eb9p, v\u1eeba \u0111a n\u0103ng, v\u1eeba ph\u00f9 h\u1ee3p ng\u00e2n s\u00e1ch th\u00ec t\u1ee7 h\u1ed3 s\u01a1 LE1960-3B ch\u1eafc ch\u1eafn l\u00e0 l\u1ef1a ch\u1ecdn \u0111\u00e1ng c\u00e2n nh\u1eafc. S\u1ea3n ph\u1ea9m \u0111\u00e1p \u1ee9ng t\u1ed1t nhu c\u1ea7u s\u1eed d\u1ee5ng th\u1ef1c t\u1ebf, tu\u1ed5i th\u1ecd cao, d\u1ec5 v\u1ec7 sinh v\u00e0 c\u00f3 th\u1ec3 ph\u1ed1i h\u1ee3p linh ho\u1ea1t v\u1edbi nhi\u1ec1u b\u1ed9 n\u1ed9i th\u1ea5t kh\u00e1c trong v\u0103n ph\u00f2ng. H\u00e3y li\u00ean h\u1ec7 ngay v\u1edbi H\u1eefu Th\u1ecbnh \u0111\u1ec3 \u0111\u01b0\u1ee3c t\u01b0 v\u1ea5n chi ti\u1ebft v\u00e0 nh\u1eadn b\u00e1o gi\u00e1 \u01b0u \u0111\u00e3i m\u1edbi nh\u1ea5t d\u00e0nh cho doanh nghi\u1ec7p.<\/p>\n","protected":false},"excerpt":{"rendered":"<p>T\u1ee7 h\u1ed3 s\u01a1 LE1960-3B l\u00e0 m\u1eabu t\u1ee7 t\u00e0i li\u1ec7u g\u1ed7 Melamine thi\u1ebft k\u1ebf d\u1ea1ng 3 khoang ti\u1ec7n d\u1ee5ng, v\u1edbi b\u1ed1 c\u1ee5c g\u1ed3m c\u00e1c khoang t\u00e0i li\u1ec7u kh\u00f4ng c\u00e1nh \u1edf ph\u00eda tr\u00ean k\u1ebft h\u1ee3p khoang treo \u00e1o v\u00e0 ph\u00eda d\u01b0\u1edbi l\u00e0 h\u1ec7 3 khoang c\u00e1nh m\u1edf c\u00f3 kh\u00f3a, mang l\u1ea1i s\u1ef1 \u0111a n\u0103ng cho v\u0103n ph\u00f2ng.<br data-start=\"299\" data-end=\"302\" \/>K\u00edch th\u01b0\u1edbc: W1200 x D400 x H1960 mm<br data-start=\"337\" data-end=\"340\" \/>Xu\u1ea5t x\u1ee9: S\u1ea3n ph\u1ea9m c\u1ee7a c\u00f4ng ty N\u1ed8I TH\u1ea4T THE ONE \u2013 Ph\u00e2n ph\u1ed1i b\u1edfi C\u00d4NG TY TNHH SXTM TTNT H\u1eeeU TH\u1ecaNH<br data-start=\"435\" data-end=\"438\" \/>B\u1ea3o h\u00e0nh: 12 th\u00e1ng theo ti\u00eau chu\u1ea9n nh\u00e0 m\u00e1y<br data-start=\"480\" data-end=\"483\" \/><span style=\"color: #ed1c24;\"><em data-start=\"483\" data-end=\"635\">L\u01b0u \u00fd: Gi\u00e1 tr\u00ean ch\u01b0a bao g\u1ed3m VAT v\u00e0 ph\u00ed v\u1eadn chuy\u1ec3n. Gi\u00e1 s\u1ea3n ph\u1ea9m c\u00f3 th\u1ec3 thay \u0111\u1ed5i theo t\u1eebng th\u1eddi \u0111i\u1ec3m, vui l\u00f2ng li\u00ean h\u1ec7 \u0111\u1ec3 nh\u1eadn t\u01b0 v\u1ea5n \u01b0u \u0111\u00e3i t\u1ed1t nh\u1ea5t.<\/em><\/span><\/p>\n","protected":false},"featured_media":4334,"comment_status":"open","ping_status":"closed","template":"","meta":[],"product_brand":[],"product_cat":[17,760],"product_tag":[],"class_list":{"0":"post-4333","1":"product","2":"type-product","3":"status-publish","4":"has-post-thumbnail","6":"product_cat-noi-that-van-phong","7":"product_cat-tu-go-van-phong","9":"first","10":"instock","11":"taxable","12":"shipping-taxable","13":"purchasable","14":"product-type-simple"},"_links":{"self":[{"href":"https:\/\/noithathuuthinh.vn\/zh-hans\/wp-json\/wp\/v2\/product\/4333","targetHints":{"allow":["GET"]}}],"collection":[{"href":"https:\/\/noithathuuthinh.vn\/zh-hans\/wp-json\/wp\/v2\/product"}],"about":[{"href":"https:\/\/noithathuuthinh.vn\/zh-hans\/wp-json\/wp\/v2\/types\/product"}],"replies":[{"embeddable":true,"href":"https:\/\/noithathuuthinh.vn\/zh-hans\/wp-json\/wp\/v2\/comments?post=4333"}],"wp:featuredmedia":[{"embeddable":true,"href":"https:\/\/noithathuuthinh.vn\/zh-hans\/wp-json\/wp\/v2\/media\/4334"}],"wp:attachment":[{"href":"https:\/\/noithathuuthinh.vn\/zh-hans\/wp-json\/wp\/v2\/media?parent=4333"}],"wp:term":[{"taxonomy":"product_brand","embeddable":true,"href":"https:\/\/noithathuuthinh.vn\/zh-hans\/wp-json\/wp\/v2\/product_brand?post=4333"},{"taxonomy":"product_cat","embeddable":true,"href":"https:\/\/noithathuuthinh.vn\/zh-hans\/wp-json\/wp\/v2\/product_cat?post=4333"},{"taxonomy":"product_tag","embeddable":true,"href":"https:\/\/noithathuuthinh.vn\/zh-hans\/wp-json\/wp\/v2\/product_tag?post=4333"}],"curies":[{"name":"wp","href":"https:\/\/api.w.org\/{rel}","templated":true}]}}