{"id":4337,"date":"2025-11-20T10:35:53","date_gmt":"2025-11-20T03:35:53","guid":{"rendered":"https:\/\/noithathuuthinh.vn\/?post_type=product&#038;p=4337"},"modified":"2025-11-20T10:35:53","modified_gmt":"2025-11-20T03:35:53","slug":"tu-ho-so-le1960-3g4d","status":"publish","type":"product","link":"https:\/\/noithathuuthinh.vn\/zh-hans\/san-pham\/tu-ho-so-le1960-3g4d\/","title":{"rendered":"T\u1ee7 h\u1ed3 s\u01a1 LE1960-3G4D"},"content":{"rendered":"<p data-start=\"647\" data-end=\"1125\">T\u1ee7 h\u1ed3 s\u01a1 LE1960-3G4D l\u00e0 m\u1ed9t trong nh\u1eefng m\u1eabu t\u1ee7 t\u00e0i li\u1ec7u cao c\u1ea5p thu\u1ed9c d\u00f2ng s\u1ea3n ph\u1ea9m Melamine c\u1ee7a N\u1ed9i Th\u1ea5t The One, \u0111\u01b0\u1ee3c thi\u1ebft k\u1ebf h\u01b0\u1edbng \u0111\u1ebfn s\u1ef1 \u0111a n\u0103ng, hi\u1ec7n \u0111\u1ea1i v\u00e0 t\u1ed1i \u01b0u h\u00f3a kh\u1ea3 n\u0103ng l\u01b0u tr\u1eef trong v\u0103n ph\u00f2ng. V\u1edbi c\u1ea5u tr\u00fac 3 khoang l\u1edbn chia th\u00e0nh hai ph\u1ea7n r\u00f5 r\u1ec7t \u2013 ph\u00eda tr\u00ean d\u00f9ng c\u00e1nh k\u00ednh sang tr\u1ecdng v\u00e0 ph\u00eda d\u01b0\u1edbi l\u00e0 h\u1ec7 khoang c\u00e1nh m\u1edf k\u1ebft h\u1ee3p ng\u0103n k\u00e9o \u2013 s\u1ea3n ph\u1ea9m mang l\u1ea1i m\u1ed9t gi\u1ea3i ph\u00e1p l\u01b0u tr\u1eef to\u00e0n di\u1ec7n cho m\u1ecdi lo\u1ea1i t\u00e0i li\u1ec7u v\u00e0 v\u1eadt d\u1ee5ng.<\/p>\n<p data-start=\"1127\" data-end=\"1675\">Ph\u1ea7n tr\u00ean c\u1ee7a t\u1ee7 \u0111\u01b0\u1ee3c trang b\u1ecb ba c\u00e1nh k\u00ednh khung ch\u1eafc ch\u1eafn, t\u1ea1o n\u00ean v\u1ebb \u0111\u1eb9p trang nh\u00e3 v\u00e0 hi\u1ec7n \u0111\u1ea1i. B\u00ean trong m\u1ed7i khoang l\u00e0 c\u00e1c \u0111\u1ee3t di \u0111\u1ed9ng, gi\u00fap ng\u01b0\u1eddi d\u00f9ng d\u1ec5 d\u00e0ng \u0111i\u1ec1u ch\u1ec9nh chi\u1ec1u cao \u0111\u1ec3 ph\u00f9 h\u1ee3p v\u1edbi k\u00edch th\u01b0\u1edbc t\u00e0i li\u1ec7u ho\u1eb7c v\u1eadt tr\u01b0ng b\u00e0y. Thi\u1ebft k\u1ebf n\u00e0y \u0111\u1eb7c bi\u1ec7t h\u1eefu \u00edch v\u1edbi nh\u1eefng v\u0103n ph\u00f2ng c\u1ea7n ph\u00e2n lo\u1ea1i h\u1ed3 s\u01a1 theo t\u1eebng nh\u00f3m, l\u01b0u tr\u1eef s\u00e1ch, t\u00e0i li\u1ec7u chuy\u00ean ng\u00e0nh ho\u1eb7c tr\u01b0ng b\u00e0y c\u00e1c danh hi\u1ec7u, t\u00e0i li\u1ec7u tham kh\u1ea3o. C\u00e1nh k\u00ednh gi\u00fap n\u1ed9i dung b\u00ean trong \u0111\u01b0\u1ee3c nh\u00ecn th\u1ea5y r\u00f5 r\u00e0ng, t\u1ea1o n\u00ean \u0111i\u1ec3m nh\u1ea5n th\u1ea9m m\u1ef9 v\u00e0 th\u1ec3 hi\u1ec7n s\u1ef1 chuy\u00ean nghi\u1ec7p trong b\u1ed1 c\u1ee5c v\u0103n ph\u00f2ng.<\/p>\n<p data-start=\"1677\" data-end=\"2199\">Ph\u1ea7n d\u01b0\u1edbi c\u1ee7a t\u1ee7 h\u1ed3 s\u01a1 LE1960-3G4D l\u1ea1i mang \u0111\u1ebfn s\u1ef1 ti\u1ec7n d\u1ee5ng v\u01b0\u1ee3t tr\u1ed9i v\u1edbi hai khoang c\u00e1nh m\u1edf v\u00e0 ba ng\u0103n k\u00e9o ri\u00eang bi\u1ec7t. Hai khoang c\u00e1nh m\u1edf \u0111\u01b0\u1ee3c trang b\u1ecb kh\u00f3a an to\u00e0n, ph\u00f9 h\u1ee3p \u0111\u1ec3 l\u01b0u tr\u1eef t\u00e0i li\u1ec7u m\u1eadt, h\u1ee3p \u0111\u1ed3ng, h\u00f3a \u0111\u01a1n ho\u1eb7c c\u00e1c v\u1eadt d\u1ee5ng c\u1ea7n \u0111\u01b0\u1ee3c b\u1ea3o m\u1eadt. C\u00e1c b\u1ea3n l\u1ec1 ch\u1ea5t l\u01b0\u1ee3ng cao gi\u00fap thao t\u00e1c \u0111\u00f3ng m\u1edf \u00eam nh\u1eb9, h\u1ea1n ch\u1ebf ti\u1ebfng \u1ed3n v\u00e0 n\u00e2ng cao \u0111\u1ed9 b\u1ec1n s\u1ea3n ph\u1ea9m. Ba ng\u0103n k\u00e9o b\u1ed1 tr\u00ed khoa h\u1ecdc cho ph\u00e9p ng\u01b0\u1eddi d\u00f9ng s\u1eafp x\u1ebfp v\u1eadt d\u1ee5ng v\u0103n ph\u00f2ng nh\u01b0 gi\u1ea5y t\u1edd l\u1ebb, b\u00fat, s\u1ed5 tay ho\u1eb7c ph\u1ee5 ki\u1ec7n l\u00e0m vi\u1ec7c m\u1ed9t c\u00e1ch g\u1ecdn g\u00e0ng, d\u1ec5 t\u00ecm ki\u1ebfm khi c\u1ea7n.<\/p>\n<p data-start=\"2201\" data-end=\"2660\">S\u1ef1 k\u1ebft h\u1ee3p gi\u1eefa c\u00e1nh k\u00ednh ph\u00eda tr\u00ean v\u00e0 ng\u0103n k\u00e9o \u2013 khoang c\u00e1nh m\u1edf ph\u00eda d\u01b0\u1edbi mang l\u1ea1i cho t\u1ee7 h\u1ed3 s\u01a1 LE1960-3G4D t\u00ednh \u0111a d\u1ee5ng n\u1ed5i b\u1eadt. Ng\u01b0\u1eddi d\u00f9ng c\u00f3 th\u1ec3 ph\u00e2n chia kh\u00f4ng gian l\u01b0u tr\u1eef r\u00f5 r\u00e0ng: khu v\u1ef1c tr\u00ean \u0111\u1ec3 tr\u01b0ng b\u00e0y ho\u1eb7c ch\u1ee9a t\u00e0i li\u1ec7u th\u01b0\u1eddng xuy\u00ean s\u1eed d\u1ee5ng; khu v\u1ef1c d\u01b0\u1edbi d\u00e0nh cho t\u00e0i li\u1ec7u n\u1ed9i b\u1ed9 ho\u1eb7c v\u1eadt d\u1ee5ng c\u00e1 nh\u00e2n c\u1ea7n s\u1ef1 k\u00edn \u0111\u00e1o v\u00e0 b\u1ea3o m\u1eadt. T\u1ea5t c\u1ea3 \u0111\u1ec1u \u0111\u01b0\u1ee3c ho\u00e0n thi\u1ec7n v\u1edbi tay n\u1eafm v\u00e1t c\u1ea1nh v\u00e0 kh\u00f3a ch\u1ea5t l\u01b0\u1ee3ng cao, v\u1eeba an to\u00e0n v\u1eeba \u0111\u1ea3m b\u1ea3o \u0111\u1ed9 b\u1ec1n theo th\u1eddi gian.<\/p>\n<p data-start=\"2662\" data-end=\"3078\">T\u1ee7 s\u1eed d\u1ee5ng ch\u1ea5t li\u1ec7u g\u1ed7 c\u00f4ng nghi\u1ec7p Melamine \u2013 m\u1ed9t trong nh\u1eefng v\u1eadt li\u1ec7u \u0111\u01b0\u1ee3c \u01b0a chu\u1ed9ng nh\u1ea5t hi\u1ec7n nay nh\u1edd kh\u1ea3 n\u0103ng ch\u1ed1ng tr\u1ea7y x\u01b0\u1edbc, ch\u1ed1ng \u1ea9m nh\u1eb9 v\u00e0 ch\u1ed1ng b\u00e1m b\u1ee5i hi\u1ec7u qu\u1ea3. B\u1ec1 m\u1eb7t Melamine ph\u1eb3ng m\u1ecbn, d\u1ec5 v\u1ec7 sinh v\u00e0 gi\u1eef \u0111\u01b0\u1ee3c m\u00e0u s\u1eafc b\u1ec1n \u0111\u1eb9p d\u00f9 s\u1eed d\u1ee5ng l\u00e2u d\u00e0i. V\u1edbi \u01b0u \u0111i\u1ec3m b\u1ec1n b\u1ec9 v\u00e0 t\u00ednh \u1ed5n \u0111\u1ecbnh cao, t\u1ee7 h\u1ed3 s\u01a1 LE1960-3G4D l\u00e0 l\u1ef1a ch\u1ecdn ph\u00f9 h\u1ee3p cho c\u00e1c v\u0103n ph\u00f2ng c\u1ea7n m\u1ed9t m\u1eabu t\u1ee7 \u0111\u1ed9 b\u1ec1n t\u1ed1t, thi\u1ebft k\u1ebf \u0111\u1eb9p v\u00e0 gi\u00e1 th\u00e0nh h\u1ee3p l\u00fd.<\/p>\n<p data-start=\"3080\" data-end=\"3487\">K\u00edch th\u01b0\u1edbc W1200 x D400 x H1960 mm gi\u00fap t\u1ee7 c\u00f3 kh\u1ea3 n\u0103ng l\u01b0u tr\u1eef l\u1edbn m\u00e0 kh\u00f4ng chi\u1ebfm qu\u00e1 nhi\u1ec1u di\u1ec7n t\u00edch s\u00e0n. Thi\u1ebft k\u1ebf d\u1ea1ng \u0111\u1ee9ng thon g\u1ecdn t\u1ed1i \u01b0u kh\u00f4ng gian, \u0111\u1eb7c bi\u1ec7t ph\u00f9 h\u1ee3p cho c\u00e1c ph\u00f2ng l\u00e0m vi\u1ec7c c\u1ea7n ti\u1ebft ki\u1ec7m di\u1ec7n t\u00edch nh\u01b0ng v\u1eabn mu\u1ed1n b\u1ed1 tr\u00ed khu v\u1ef1c l\u01b0u tr\u1eef khoa h\u1ecdc. T\u1ee7 d\u1ec5 d\u00e0ng k\u1ebft h\u1ee3p v\u1edbi c\u00e1c m\u1eabu b\u00e0n l\u00e0m vi\u1ec7c, b\u00e0n h\u1ecdp hay t\u1ee7 ph\u1ee5 c\u1ee7a N\u1ed9i Th\u1ea5t The One, mang \u0111\u1ebfn s\u1ef1 \u0111\u1ed3ng b\u1ed9 trong t\u1ed5ng th\u1ec3 kh\u00f4ng gian n\u1ed9i th\u1ea5t.<\/p>\n<p data-start=\"3489\" data-end=\"3825\">\u0110\u1eb7c bi\u1ec7t, ki\u1ec3u d\u00e1ng c\u1ee7a t\u1ee7 h\u1ed3 s\u01a1 LE1960-3G4D mang phong c\u00e1ch hi\u1ec7n \u0111\u1ea1i, ph\u00f9 h\u1ee3p v\u1edbi nhi\u1ec1u m\u00f4i tr\u01b0\u1eddng l\u00e0m vi\u1ec7c nh\u01b0 ph\u00f2ng gi\u00e1m \u0111\u1ed1c, ph\u00f2ng h\u1ecdp, ph\u00f2ng k\u1ebf to\u00e1n, ph\u00f2ng nh\u00e2n s\u1ef1 ho\u1eb7c khu v\u1ef1c v\u0103n th\u01b0 l\u01b0u tr\u1eef. S\u1ef1 h\u00e0i h\u00f2a gi\u1eefa ch\u1ea5t li\u1ec7u g\u1ed7 v\u00e0 c\u00e1nh k\u00ednh g\u00f3p ph\u1ea7n t\u1ea1o n\u00ean \u0111i\u1ec3m nh\u1ea5n sang tr\u1ecdng, h\u1ed7 tr\u1ee3 n\u00e2ng t\u1ea7m h\u00ecnh \u1ea3nh chuy\u00ean nghi\u1ec7p c\u1ee7a doanh nghi\u1ec7p.<\/p>\n<p data-start=\"3827\" data-end=\"4413\" data-is-last-node=\"\" data-is-only-node=\"\">T\u1ed5ng th\u1ec3, t\u1ee7 h\u1ed3 s\u01a1 LE1960-3G4D l\u00e0 m\u1ed9t s\u1ea3n ph\u1ea9m \u0111\u00e1ng l\u1ef1a ch\u1ecdn nh\u1edd s\u1ef1 k\u1ebft h\u1ee3p h\u00e0i h\u00f2a gi\u1eefa c\u00f4ng n\u0103ng \u2013 th\u1ea9m m\u1ef9 \u2013 \u0111\u1ed9 b\u1ec1n. \u0110\u00e2y l\u00e0 m\u1eabu t\u1ee7 ph\u00f9 h\u1ee3p cho nhi\u1ec1u nhu c\u1ea7u l\u01b0u tr\u1eef, t\u1eeb t\u00e0i li\u1ec7u quan tr\u1ecdng, h\u1ed3 s\u01a1 n\u1ed9i b\u1ed9 cho \u0111\u1ebfn c\u00e1c v\u1eadt tr\u01b0ng b\u00e0y t\u1ea1o \u0111i\u1ec3m nh\u1ea5n cho kh\u00f4ng gian. V\u1edbi thi\u1ebft k\u1ebf ch\u1ec9n chu, chi ti\u1ebft ho\u00e0n thi\u1ec7n tinh t\u1ebf v\u00e0 ch\u1ea5t l\u01b0\u1ee3ng v\u01b0\u1ee3t tr\u1ed9i t\u1eeb th\u01b0\u01a1ng hi\u1ec7u N\u1ed9i Th\u1ea5t The One, m\u1eabu t\u1ee7 n\u00e0y h\u1ee9a h\u1eb9n mang \u0111\u1ebfn tr\u1ea3i nghi\u1ec7m s\u1eed d\u1ee5ng l\u00e2u d\u00e0i v\u00e0 hi\u1ec7u qu\u1ea3 cho m\u1ecdi v\u0103n ph\u00f2ng. N\u1ebfu doanh nghi\u1ec7p c\u1ee7a b\u1ea1n c\u1ea7n m\u1ed9t m\u1eabu t\u1ee7 l\u1edbn, \u0111a n\u0103ng, b\u1ec1n \u0111\u1eb9p v\u00e0 gi\u00e1 th\u00e0nh h\u1ee3p l\u00fd th\u00ec LE1960-3G4D ch\u00ednh l\u00e0 l\u1ef1a ch\u1ecdn \u0111\u00e1ng c\u00e2n nh\u1eafc.<\/p>\n","protected":false},"excerpt":{"rendered":"<p>T\u1ee7 h\u1ed3 s\u01a1 LE1960-3G4D l\u00e0 m\u1eabu t\u1ee7 t\u00e0i li\u1ec7u g\u1ed7 Melamine thi\u1ebft k\u1ebf d\u1ea1ng 3 khoang hi\u1ec7n \u0111\u1ea1i, v\u1edbi ph\u1ea7n tr\u00ean g\u1ed3m h\u1ec7 3 c\u00e1nh k\u00ednh k\u00e8m \u0111\u1ee3t di \u0111\u1ed9ng v\u00e0 ph\u00eda d\u01b0\u1edbi b\u1ed1 tr\u00ed 2 khoang c\u00e1nh m\u1edf c\u00f9ng 3 ng\u0103n k\u00e9o ti\u1ec7n l\u1ee3i, ph\u00f9 h\u1ee3p cho nhu c\u1ea7u l\u01b0u tr\u1eef \u0111a d\u1ea1ng t\u1ea1i v\u0103n ph\u00f2ng.<br data-start=\"304\" data-end=\"307\" \/>K\u00edch th\u01b0\u1edbc: W1200 x D400 x H1960 mm<br data-start=\"342\" data-end=\"345\" \/>Xu\u1ea5t x\u1ee9: S\u1ea3n ph\u1ea9m c\u1ee7a c\u00f4ng ty N\u1ed8I TH\u1ea4T THE ONE \u2013 Ph\u00e2n ph\u1ed1i b\u1edfi C\u00d4NG TY TNHH SXTM TTNT H\u1eeeU TH\u1ecaNH<br data-start=\"440\" data-end=\"443\" \/>B\u1ea3o h\u00e0nh: 12 th\u00e1ng theo ti\u00eau chu\u1ea9n nh\u00e0 m\u00e1y<br data-start=\"485\" data-end=\"488\" \/><span style=\"color: #ed1c24;\"><em data-start=\"488\" data-end=\"640\">L\u01b0u \u00fd: Gi\u00e1 tr\u00ean ch\u01b0a bao g\u1ed3m VAT v\u00e0 ph\u00ed v\u1eadn chuy\u1ec3n. Gi\u00e1 s\u1ea3n ph\u1ea9m c\u00f3 th\u1ec3 thay \u0111\u1ed5i theo t\u1eebng th\u1eddi \u0111i\u1ec3m, vui l\u00f2ng li\u00ean h\u1ec7 \u0111\u1ec3 nh\u1eadn t\u01b0 v\u1ea5n \u01b0u \u0111\u00e3i t\u1ed1t nh\u1ea5t.<\/em><\/span><\/p>\n","protected":false},"featured_media":4338,"comment_status":"open","ping_status":"closed","template":"","meta":[],"product_brand":[],"product_cat":[17,760],"product_tag":[],"class_list":{"0":"post-4337","1":"product","2":"type-product","3":"status-publish","4":"has-post-thumbnail","6":"product_cat-noi-that-van-phong","7":"product_cat-tu-go-van-phong","9":"first","10":"instock","11":"taxable","12":"shipping-taxable","13":"purchasable","14":"product-type-simple"},"_links":{"self":[{"href":"https:\/\/noithathuuthinh.vn\/zh-hans\/wp-json\/wp\/v2\/product\/4337","targetHints":{"allow":["GET"]}}],"collection":[{"href":"https:\/\/noithathuuthinh.vn\/zh-hans\/wp-json\/wp\/v2\/product"}],"about":[{"href":"https:\/\/noithathuuthinh.vn\/zh-hans\/wp-json\/wp\/v2\/types\/product"}],"replies":[{"embeddable":true,"href":"https:\/\/noithathuuthinh.vn\/zh-hans\/wp-json\/wp\/v2\/comments?post=4337"}],"wp:featuredmedia":[{"embeddable":true,"href":"https:\/\/noithathuuthinh.vn\/zh-hans\/wp-json\/wp\/v2\/media\/4338"}],"wp:attachment":[{"href":"https:\/\/noithathuuthinh.vn\/zh-hans\/wp-json\/wp\/v2\/media?parent=4337"}],"wp:term":[{"taxonomy":"product_brand","embeddable":true,"href":"https:\/\/noithathuuthinh.vn\/zh-hans\/wp-json\/wp\/v2\/product_brand?post=4337"},{"taxonomy":"product_cat","embeddable":true,"href":"https:\/\/noithathuuthinh.vn\/zh-hans\/wp-json\/wp\/v2\/product_cat?post=4337"},{"taxonomy":"product_tag","embeddable":true,"href":"https:\/\/noithathuuthinh.vn\/zh-hans\/wp-json\/wp\/v2\/product_tag?post=4337"}],"curies":[{"name":"wp","href":"https:\/\/api.w.org\/{rel}","templated":true}]}}