{"id":4345,"date":"2025-11-20T13:39:26","date_gmt":"2025-11-20T06:39:26","guid":{"rendered":"https:\/\/noithathuuthinh.vn\/?post_type=product&#038;p=4345"},"modified":"2025-11-20T13:39:26","modified_gmt":"2025-11-20T06:39:26","slug":"tu-ho-so-hr1960-4b","status":"publish","type":"product","link":"https:\/\/noithathuuthinh.vn\/zh-hans\/san-pham\/tu-ho-so-hr1960-4b\/","title":{"rendered":"T\u1ee7 h\u1ed3 s\u01a1 HR1960-4B"},"content":{"rendered":"<p data-start=\"676\" data-end=\"1364\">T\u1ee7 h\u1ed3 s\u01a1 HR1960-4B l\u00e0 l\u1ef1a ch\u1ecdn ho\u00e0n h\u1ea3o cho nh\u1eefng v\u0103n ph\u00f2ng hi\u1ec7n \u0111\u1ea1i c\u1ea7n m\u1ed9t gi\u1ea3i ph\u00e1p l\u01b0u tr\u1eef t\u00e0i li\u1ec7u \u0111a n\u0103ng, k\u1ebft h\u1ee3p gi\u1eefa kh\u1ea3 n\u0103ng tr\u01b0ng b\u00e0y v\u00e0 l\u01b0u tr\u1eef k\u00edn \u0111\u00e1o. V\u1edbi thi\u1ebft k\u1ebf 4 khoang th\u00f4ng minh, ph\u1ea7n tr\u00ean t\u1ee7 bao g\u1ed3m hai khoang c\u00e1nh k\u00ednh v\u00e0 hai khoang treo \u00e1o, mang \u0111\u1ebfn s\u1ef1 ti\u1ec7n l\u1ee3i t\u1ed1i \u0111a trong vi\u1ec7c s\u1eafp x\u1ebfp h\u1ed3 s\u01a1 v\u00e0 v\u1eadt d\u1ee5ng c\u00e1 nh\u00e2n. Hai khoang c\u00e1nh k\u00ednh gi\u00fap tr\u01b0ng b\u00e0y t\u00e0i li\u1ec7u, s\u00e1ch tham kh\u1ea3o, danh hi\u1ec7u hay k\u1ef7 ni\u1ec7m ch\u01b0\u01a1ng, \u0111\u1ed3ng th\u1eddi t\u1ea1o c\u1ea3m gi\u00e1c tho\u00e1ng \u0111\u00e3ng, hi\u1ec7n \u0111\u1ea1i cho kh\u00f4ng gian l\u00e0m vi\u1ec7c. Trong khi \u0111\u00f3, hai khoang treo \u00e1o ph\u00eda tr\u00ean cho ph\u00e9p c\u1ea5t g\u1ecdn \u00e1o kho\u00e1c, vest ho\u1eb7c c\u00e1c v\u1eadt d\u1ee5ng c\u00e1 nh\u00e2n, gi\u00fap v\u0103n ph\u00f2ng lu\u00f4n g\u1ecdn g\u00e0ng, chuy\u00ean nghi\u1ec7p.<\/p>\n<p data-start=\"1366\" data-end=\"1900\">Ph\u1ea7n d\u01b0\u1edbi c\u1ee7a t\u1ee7 HR1960-4B \u0111\u01b0\u1ee3c trang b\u1ecb 6 ng\u0103n k\u00e9o r\u1ed9ng r\u00e3i, ph\u00f9 h\u1ee3p \u0111\u1ec3 l\u01b0u tr\u1eef c\u00e1c gi\u1ea5y t\u1edd nh\u1ecf, v\u0103n ph\u00f2ng ph\u1ea9m, s\u1ed5 s\u00e1ch hay c\u00e1c v\u1eadt d\u1ee5ng c\u00e1 nh\u00e2n, gi\u00fap d\u1ec5 d\u00e0ng ph\u00e2n lo\u1ea1i v\u00e0 t\u00ecm ki\u1ebfm nhanh ch\u00f3ng. Hai c\u00e1nh m\u1edf b\u00ean d\u01b0\u1edbi cung c\u1ea5p th\u00eam kh\u00f4ng gian l\u01b0u tr\u1eef k\u00edn \u0111\u00e1o cho c\u00e1c h\u1ed3 s\u01a1 quan tr\u1ecdng ho\u1eb7c t\u00e0i li\u1ec7u n\u1ed9i b\u1ed9, \u0111\u1ed3ng th\u1eddi \u0111\u01b0\u1ee3c trang b\u1ecb kh\u00f3a an to\u00e0n \u0111\u1ec3 b\u1ea3o v\u1ec7 t\u00e0i li\u1ec7u kh\u1ecfi truy c\u1eadp tr\u00e1i ph\u00e9p. Thi\u1ebft k\u1ebf tay n\u1eafm v\u00e1t c\u1ea1nh hi\u1ec7n \u0111\u1ea1i k\u1ebft h\u1ee3p v\u1edbi c\u01a1 c\u1ea5u kh\u00f3a ch\u1ea5t l\u01b0\u1ee3ng cao gi\u00fap thao t\u00e1c m\u1edf \u2013 \u0111\u00f3ng nh\u1eb9 nh\u00e0ng, thu\u1eadn ti\u1ec7n v\u00e0 t\u0103ng \u0111\u1ed9 b\u1ec1n cho s\u1ea3n ph\u1ea9m.<\/p>\n<p data-start=\"1902\" data-end=\"2355\">T\u1ee7 h\u1ed3 s\u01a1 HR1960-4B \u0111\u01b0\u1ee3c l\u00e0m t\u1eeb g\u1ed7 c\u00f4ng nghi\u1ec7p Melamine cao c\u1ea5p, v\u1edbi b\u1ec1 m\u1eb7t ph\u1eb3ng m\u1ecbn, ch\u1ed1ng tr\u1ea7y x\u01b0\u1edbc, ch\u1ed1ng \u1ea9m nh\u1eb9 v\u00e0 d\u1ec5 d\u00e0ng v\u1ec7 sinh. Ch\u1ea5t li\u1ec7u n\u00e0y gi\u00fap t\u1ee7 duy tr\u00ec \u0111\u1ed9 b\u1ec1n \u0111\u1eb9p theo th\u1eddi gian, \u0111\u1ed3ng th\u1eddi ph\u1ed1i h\u1ee3p h\u00e0i h\u00f2a v\u1edbi c\u00e1c s\u1ea3n ph\u1ea9m n\u1ed9i th\u1ea5t kh\u00e1c trong v\u0103n ph\u00f2ng nh\u01b0 b\u00e0n l\u00e0m vi\u1ec7c, b\u00e0n h\u1ecdp ho\u1eb7c c\u00e1c t\u1ee7 ph\u1ee5 c\u00f9ng m\u00e0u. Thi\u1ebft k\u1ebf \u0111\u01b0\u1eddng n\u00e9t vu\u00f4ng v\u1ee9c, hi\u1ec7n \u0111\u1ea1i, m\u00e0u s\u1eafc tinh t\u1ebf mang l\u1ea1i v\u1ebb \u0111\u1eb9p th\u1ea9m m\u1ef9 cao, t\u1ea1o \u0111i\u1ec3m nh\u1ea5n sang tr\u1ecdng cho m\u00f4i tr\u01b0\u1eddng l\u00e0m vi\u1ec7c.<\/p>\n<p data-start=\"2357\" data-end=\"2855\">V\u1edbi k\u00edch th\u01b0\u1edbc W1796 x D400 x H1960 mm, t\u1ee7 HR1960-4B s\u1edf h\u1eefu s\u1ee9c ch\u1ee9a l\u1edbn nh\u01b0ng v\u1eabn gi\u1eef \u0111\u01b0\u1ee3c s\u1ef1 g\u1ecdn g\u00e0ng khi b\u1ed1 tr\u00ed trong kh\u00f4ng gian v\u0103n ph\u00f2ng. T\u1ee7 c\u00f3 th\u1ec3 \u0111\u1eb7t s\u00e1t t\u01b0\u1eddng, k\u1ebft h\u1ee3p v\u1edbi c\u00e1c module kh\u00e1c ho\u1eb7c s\u1eed d\u1ee5ng \u0111\u1ed9c l\u1eadp, ph\u00f9 h\u1ee3p cho ph\u00f2ng gi\u00e1m \u0111\u1ed1c, ph\u00f2ng h\u1ecdp, ph\u00f2ng h\u00e0nh ch\u00ednh \u2013 nh\u00e2n s\u1ef1 ho\u1eb7c khu v\u1ef1c l\u01b0u tr\u1eef t\u1eadp trung. S\u1ef1 \u0111\u1ed3ng b\u1ed9 gi\u1eefa c\u00e1nh k\u00ednh, khoang treo \u00e1o v\u00e0 ng\u0103n k\u00e9o d\u01b0\u1edbi gi\u00fap ng\u01b0\u1eddi d\u00f9ng d\u1ec5 d\u00e0ng ph\u00e2n lo\u1ea1i v\u00e0 qu\u1ea3n l\u00fd t\u00e0i li\u1ec7u theo t\u1eebng nh\u00f3m, t\u1ed1i \u01b0u h\u00f3a kh\u00f4ng gian v\u00e0 n\u00e2ng cao hi\u1ec7u qu\u1ea3 c\u00f4ng vi\u1ec7c.<\/p>\n<p data-start=\"2857\" data-end=\"3278\">S\u1ea3n ph\u1ea9m \u0111\u01b0\u1ee3c s\u1ea3n xu\u1ea5t b\u1edfi th\u01b0\u01a1ng hi\u1ec7u N\u1ed9i Th\u1ea5t The One, \u0111\u01a1n v\u1ecb uy t\u00edn trong l\u0129nh v\u1ef1c n\u1ed9i th\u1ea5t v\u0103n ph\u00f2ng t\u1ea1i Vi\u1ec7t Nam v\u00e0 ph\u00e2n ph\u1ed1i b\u1edfi C\u00f4ng Ty TNHH SXTM TTNT H\u1eefu Th\u1ecbnh, \u0111\u1ea3m b\u1ea3o ch\u1ea5t l\u01b0\u1ee3ng cao, ho\u00e0n thi\u1ec7n tinh x\u1ea3o v\u00e0 ch\u00ednh s\u00e1ch b\u1ea3o h\u00e0nh r\u00f5 r\u00e0ng. T\u1ee7 h\u1ed3 s\u01a1 HR1960-4B kh\u00f4ng ch\u1ec9 \u0111\u00e1p \u1ee9ng nhu c\u1ea7u l\u01b0u tr\u1eef m\u00e0 c\u00f2n n\u00e2ng t\u1ea7m h\u00ecnh \u1ea3nh chuy\u00ean nghi\u1ec7p cho doanh nghi\u1ec7p, g\u00f3p ph\u1ea7n t\u1ea1o m\u00f4i tr\u01b0\u1eddng l\u00e0m vi\u1ec7c g\u1ecdn g\u00e0ng, hi\u1ec7n \u0111\u1ea1i v\u00e0 sang tr\u1ecdng.<\/p>\n<p data-start=\"3280\" data-end=\"3573\" data-is-last-node=\"\" data-is-only-node=\"\">V\u1edbi c\u00f4ng n\u0103ng v\u01b0\u1ee3t tr\u1ed9i, thi\u1ebft k\u1ebf \u0111a d\u1ea1ng, ch\u1ea5t li\u1ec7u b\u1ec1n b\u1ec9 v\u00e0 kh\u1ea3 n\u0103ng l\u01b0u tr\u1eef l\u1edbn, t\u1ee7 h\u1ed3 s\u01a1 HR1960-4B l\u00e0 l\u1ef1a ch\u1ecdn l\u00fd t\u01b0\u1edfng cho doanh nghi\u1ec7p \u0111ang t\u00ecm ki\u1ebfm gi\u1ea3i ph\u00e1p l\u01b0u tr\u1eef t\u00e0i li\u1ec7u hi\u1ec7u qu\u1ea3, k\u1ebft h\u1ee3p tr\u01b0ng b\u00e0y v\u00e0 b\u1ea3o m\u1eadt, \u0111\u1ed3ng th\u1eddi t\u1ea1o kh\u00f4ng gian l\u00e0m vi\u1ec7c hi\u1ec7n \u0111\u1ea1i, chuy\u00ean nghi\u1ec7p v\u00e0 ng\u0103n n\u1eafp.<\/p>\n","protected":false},"excerpt":{"rendered":"<p>T\u1ee7 h\u1ed3 s\u01a1 HR1960-4B l\u00e0 m\u1eabu t\u1ee7 t\u00e0i li\u1ec7u 4 khoang g\u1ed7 Melamine cao c\u1ea5p, v\u1edbi ph\u1ea7n tr\u00ean g\u1ed3m hai khoang c\u00e1nh k\u00ednh \u0111\u1ec3 tr\u01b0ng b\u00e0y t\u00e0i li\u1ec7u v\u00e0 hai khoang treo \u00e1o ti\u1ec7n l\u1ee3i, ph\u00eda d\u01b0\u1edbi trang b\u1ecb 6 ng\u0103n k\u00e9o v\u00e0 hai c\u00e1nh m\u1edf gi\u00fap t\u1ed1i \u01b0u kh\u1ea3 n\u0103ng l\u01b0u tr\u1eef v\u00e0 ph\u00e2n lo\u1ea1i h\u1ed3 s\u01a1 trong v\u0103n ph\u00f2ng.<br data-start=\"325\" data-end=\"328\" \/>K\u00edch th\u01b0\u1edbc: W1796 x D400 x H1960 mm<br data-start=\"363\" data-end=\"366\" \/>Xu\u1ea5t x\u1ee9: S\u1ea3n ph\u1ea9m c\u1ee7a c\u00f4ng ty <strong data-start=\"396\" data-end=\"416\">N\u1ed8I TH\u1ea4T THE ONE<\/strong> \u2013 Ph\u00e2n ph\u1ed1i b\u1edfi <strong data-start=\"433\" data-end=\"469\">C\u00d4NG TY TNHH SXTM TTNT H\u1eeeU TH\u1ecaNH<\/strong><br data-start=\"469\" data-end=\"472\" \/>B\u1ea3o h\u00e0nh: 12 th\u00e1ng theo ti\u00eau chu\u1ea9n nh\u00e0 m\u00e1y<br data-start=\"514\" data-end=\"517\" \/><span style=\"color: #ed1c24;\"><em data-start=\"517\" data-end=\"669\">L\u01b0u \u00fd: Gi\u00e1 tr\u00ean ch\u01b0a bao g\u1ed3m VAT v\u00e0 ph\u00ed v\u1eadn chuy\u1ec3n. Gi\u00e1 s\u1ea3n ph\u1ea9m c\u00f3 th\u1ec3 thay \u0111\u1ed5i theo t\u1eebng th\u1eddi \u0111i\u1ec3m, vui l\u00f2ng li\u00ean h\u1ec7 \u0111\u1ec3 nh\u1eadn t\u01b0 v\u1ea5n \u01b0u \u0111\u00e3i t\u1ed1t nh\u1ea5t.<\/em><\/span><\/p>\n","protected":false},"featured_media":4347,"comment_status":"open","ping_status":"closed","template":"","meta":[],"product_brand":[],"product_cat":[17,760],"product_tag":[],"class_list":{"0":"post-4345","1":"product","2":"type-product","3":"status-publish","4":"has-post-thumbnail","6":"product_cat-noi-that-van-phong","7":"product_cat-tu-go-van-phong","9":"first","10":"instock","11":"taxable","12":"shipping-taxable","13":"purchasable","14":"product-type-simple"},"_links":{"self":[{"href":"https:\/\/noithathuuthinh.vn\/zh-hans\/wp-json\/wp\/v2\/product\/4345","targetHints":{"allow":["GET"]}}],"collection":[{"href":"https:\/\/noithathuuthinh.vn\/zh-hans\/wp-json\/wp\/v2\/product"}],"about":[{"href":"https:\/\/noithathuuthinh.vn\/zh-hans\/wp-json\/wp\/v2\/types\/product"}],"replies":[{"embeddable":true,"href":"https:\/\/noithathuuthinh.vn\/zh-hans\/wp-json\/wp\/v2\/comments?post=4345"}],"wp:featuredmedia":[{"embeddable":true,"href":"https:\/\/noithathuuthinh.vn\/zh-hans\/wp-json\/wp\/v2\/media\/4347"}],"wp:attachment":[{"href":"https:\/\/noithathuuthinh.vn\/zh-hans\/wp-json\/wp\/v2\/media?parent=4345"}],"wp:term":[{"taxonomy":"product_brand","embeddable":true,"href":"https:\/\/noithathuuthinh.vn\/zh-hans\/wp-json\/wp\/v2\/product_brand?post=4345"},{"taxonomy":"product_cat","embeddable":true,"href":"https:\/\/noithathuuthinh.vn\/zh-hans\/wp-json\/wp\/v2\/product_cat?post=4345"},{"taxonomy":"product_tag","embeddable":true,"href":"https:\/\/noithathuuthinh.vn\/zh-hans\/wp-json\/wp\/v2\/product_tag?post=4345"}],"curies":[{"name":"wp","href":"https:\/\/api.w.org\/{rel}","templated":true}]}}