{"id":4348,"date":"2025-11-20T13:44:08","date_gmt":"2025-11-20T06:44:08","guid":{"rendered":"https:\/\/noithathuuthinh.vn\/?post_type=product&#038;p=4348"},"modified":"2025-11-20T13:44:08","modified_gmt":"2025-11-20T06:44:08","slug":"tu-ho-so-hr1960-3b","status":"publish","type":"product","link":"https:\/\/noithathuuthinh.vn\/zh-hans\/san-pham\/tu-ho-so-hr1960-3b\/","title":{"rendered":"T\u1ee7 h\u1ed3 s\u01a1 HR1960-3B"},"content":{"rendered":"<p data-start=\"654\" data-end=\"1292\">T\u1ee7 h\u1ed3 s\u01a1 HR1960-3B l\u00e0 l\u1ef1a ch\u1ecdn l\u00fd t\u01b0\u1edfng d\u00e0nh cho c\u00e1c v\u0103n ph\u00f2ng c\u1ea7n m\u1eabu t\u1ee7 t\u00e0i li\u1ec7u g\u1ecdn g\u00e0ng, \u0111a n\u0103ng v\u00e0 mang l\u1ea1i hi\u1ec7u qu\u1ea3 cao trong vi\u1ec7c s\u1eafp x\u1ebfp, ph\u00e2n lo\u1ea1i h\u1ed3 s\u01a1. Thi\u1ebft k\u1ebf 3 khoang ti\u1ec7n d\u1ee5ng v\u1edbi c\u1ea5u tr\u00fac th\u00f4ng minh gi\u00fap ng\u01b0\u1eddi d\u00f9ng d\u1ec5 d\u00e0ng qu\u1ea3n l\u00fd t\u00e0i li\u1ec7u, \u0111\u1ed3ng th\u1eddi v\u1eabn \u0111\u1ea3m b\u1ea3o t\u00ednh th\u1ea9m m\u1ef9 v\u00e0 s\u1ef1 chuy\u00ean nghi\u1ec7p cho kh\u00f4ng gian l\u00e0m vi\u1ec7c. Ph\u1ea7n tr\u00ean c\u1ee7a t\u1ee7 g\u1ed3m hai khoang c\u00e1nh k\u00ednh \u0111\u01b0\u1ee3c b\u1ed1 tr\u00ed \u0111\u1ed1i x\u1ee9ng, r\u1ea5t ph\u00f9 h\u1ee3p \u0111\u1ec3 tr\u01b0ng b\u00e0y t\u00e0i li\u1ec7u, s\u00e1ch tham kh\u1ea3o, h\u1ed3 s\u01a1 quan tr\u1ecdng ho\u1eb7c danh hi\u1ec7u. C\u00e1nh k\u00ednh trong su\u1ed1t t\u1ea1o c\u1ea3m gi\u00e1c nh\u1eb9 nh\u00e0ng, tho\u00e1ng h\u01a1n v\u00e0 gi\u00fap ng\u01b0\u1eddi d\u00f9ng d\u1ec5 d\u00e0ng quan s\u00e1t v\u1eadt d\u1ee5ng b\u00ean trong.<\/p>\n<p data-start=\"1294\" data-end=\"1677\">B\u00ean c\u1ea1nh hai khoang c\u00e1nh k\u00ednh, t\u1ee7 c\u00f2n \u0111\u01b0\u1ee3c trang b\u1ecb m\u1ed9t khoang treo \u00e1o r\u1ea5t ti\u1ec7n l\u1ee3i cho c\u00e1c kh\u00f4ng gian v\u0103n ph\u00f2ng, \u0111\u1eb7c bi\u1ec7t ph\u00f9 h\u1ee3p cho l\u00e3nh \u0111\u1ea1o, nh\u00e2n vi\u00ean c\u1ea7n \u0111\u1ec3 \u00e1o kho\u00e1c, vest hay c\u00e1c v\u1eadt d\u1ee5ng c\u00e1 nh\u00e2n m\u1ed9t c\u00e1ch ng\u0103n n\u1eafp. \u0110\u00e2y l\u00e0 \u01b0u \u0111i\u1ec3m n\u1ed5i b\u1eadt gi\u00fap t\u1ee7 HR1960-3B kh\u00f4ng ch\u1ec9 l\u00e0 t\u1ee7 t\u00e0i li\u1ec7u th\u00f4ng th\u01b0\u1eddng m\u00e0 c\u00f2n l\u00e0 gi\u1ea3i ph\u00e1p h\u1ed7 tr\u1ee3 t\u1ed1i \u01b0u cho kh\u00f4ng gian l\u00e0m vi\u1ec7c g\u1ecdn g\u00e0ng v\u00e0 \u0111a ch\u1ee9c n\u0103ng.<\/p>\n<p data-start=\"1679\" data-end=\"2158\">Khu v\u1ef1c ph\u00eda d\u01b0\u1edbi c\u1ee7a t\u1ee7 h\u1ed3 s\u01a1 HR1960-3B \u0111\u01b0\u1ee3c thi\u1ebft k\u1ebf v\u1edbi 3 ng\u0103n k\u00e9o ch\u1ea1y ray \u00eam \u00e1i, ph\u00f9 h\u1ee3p \u0111\u1ec3 l\u01b0u tr\u1eef c\u00e1c lo\u1ea1i gi\u1ea5y t\u1edd nh\u1ecf, s\u1ed5 s\u00e1ch, v\u0103n ph\u00f2ng ph\u1ea9m ho\u1eb7c v\u1eadt d\u1ee5ng c\u00e1 nh\u00e2n th\u01b0\u1eddng xuy\u00ean s\u1eed d\u1ee5ng. B\u00ean c\u1ea1nh \u0111\u00f3, hai c\u00e1nh m\u1edf b\u00ean d\u01b0\u1edbi t\u1ea1o th\u00eam kh\u00f4ng gian l\u01b0u tr\u1eef k\u00edn \u0111\u00e1o, cho ph\u00e9p c\u1ea5t gi\u1eef nh\u1eefng lo\u1ea1i t\u00e0i li\u1ec7u quan tr\u1ecdng ho\u1eb7c v\u1eadt d\u1ee5ng \u00edt s\u1eed d\u1ee5ng h\u01a1n. Thi\u1ebft k\u1ebf tay n\u1eafm v\u00e1t c\u1ea1nh hi\u1ec7n \u0111\u1ea1i gi\u00fap thao t\u00e1c m\u1edf \u2013 \u0111\u00f3ng nh\u1eb9 nh\u00e0ng, \u0111\u1ed3ng th\u1eddi t\u0103ng \u0111\u1ed9 an to\u00e0n khi s\u1eed d\u1ee5ng trong m\u00f4i tr\u01b0\u1eddng v\u0103n ph\u00f2ng.<\/p>\n<p data-start=\"2160\" data-end=\"2673\">T\u1ee7 \u0111\u01b0\u1ee3c s\u1ea3n xu\u1ea5t t\u1eeb ch\u1ea5t li\u1ec7u g\u1ed7 c\u00f4ng nghi\u1ec7p Melamine cao c\u1ea5p, ch\u1ed1ng tr\u1ea7y x\u01b0\u1edbc, ch\u1ed1ng th\u1ea5m n\u01b0\u1edbc nh\u1eb9 v\u00e0 r\u1ea5t d\u1ec5 lau ch\u00f9i, mang l\u1ea1i \u0111\u1ed9 b\u1ec1n v\u01b0\u1ee3t tr\u1ed9i theo th\u1eddi gian. M\u00e0u s\u1eafc trang nh\u00e3 c\u1ee7a Melamine k\u1ebft h\u1ee3p v\u1edbi c\u00e1c \u0111\u01b0\u1eddng n\u00e9t thi\u1ebft k\u1ebf vu\u00f4ng v\u1ee9c t\u1ea1o n\u00ean phong c\u00e1ch hi\u1ec7n \u0111\u1ea1i, d\u1ec5 d\u00e0ng ph\u1ed1i h\u1ee3p v\u1edbi nhi\u1ec1u lo\u1ea1i n\u1ed9i th\u1ea5t v\u0103n ph\u00f2ng kh\u00e1c nhau nh\u01b0 b\u00e0n gi\u00e1m \u0111\u1ed1c, b\u00e0n nh\u00e2n vi\u00ean, t\u1ee7 ph\u1ee5 hay k\u1ec7 trang tr\u00ed. Nh\u1edd k\u00edch th\u01b0\u1edbc W1350 x D400 x H1960 mm, t\u1ee7 ph\u00f9 h\u1ee3p v\u1edbi c\u1ea3 nh\u1eefng kh\u00f4ng gian c\u00f3 di\u1ec7n t\u00edch v\u1eeba v\u00e0 nh\u1ecf m\u00e0 v\u1eabn \u0111\u1ea3m b\u1ea3o s\u1ee9c ch\u1ee9a l\u1edbn.<\/p>\n<p data-start=\"2675\" data-end=\"3107\">T\u1ee7 h\u1ed3 s\u01a1 HR1960-3B \u0111\u1eb7c bi\u1ec7t \u0111\u01b0\u1ee3c \u01b0a chu\u1ed9ng b\u1edfi s\u1ef1 c\u00e2n b\u1eb1ng gi\u1eefa th\u1ea9m m\u1ef9, c\u00f4ng n\u0103ng v\u00e0 \u0111\u1ed9 b\u1ec1n. S\u1ea3n ph\u1ea9m \u0111\u01b0\u1ee3c s\u1ea3n xu\u1ea5t b\u1edfi th\u01b0\u01a1ng hi\u1ec7u uy t\u00edn N\u1ed9i Th\u1ea5t The One v\u00e0 ph\u00e2n ph\u1ed1i ch\u00ednh h\u00e3ng b\u1edfi C\u00f4ng Ty TNHH SXTM TTNT H\u1eefu Th\u1ecbnh, \u0111\u1ea3m b\u1ea3o ch\u1ea5t l\u01b0\u1ee3ng v\u00e0 ch\u00ednh s\u00e1ch b\u1ea3o h\u00e0nh theo ti\u00eau chu\u1ea9n nh\u00e0 m\u00e1y. Nh\u1edd c\u1ea5u tr\u00fac chia khoang h\u1ee3p l\u00fd v\u00e0 thi\u1ebft k\u1ebf tinh t\u1ebf, t\u1ee7 kh\u00f4ng ch\u1ec9 \u0111\u00e1p \u1ee9ng nhu c\u1ea7u l\u01b0u tr\u1eef m\u00e0 c\u00f2n g\u00f3p ph\u1ea7n l\u00e0m t\u0103ng gi\u00e1 tr\u1ecb th\u1ea9m m\u1ef9 cho kh\u00f4ng gian.<\/p>\n<p data-start=\"3109\" data-end=\"3560\">V\u1edbi s\u1ef1 k\u1ebft h\u1ee3p gi\u1eefa khoang c\u00e1nh k\u00ednh, khoang treo \u00e1o, ng\u0103n k\u00e9o v\u00e0 c\u00e1nh m\u1edf, t\u1ee7 h\u1ed3 s\u01a1 HR1960-3B mang l\u1ea1i gi\u1ea3i ph\u00e1p l\u01b0u tr\u1eef to\u00e0n di\u1ec7n cho m\u1ecdi v\u0103n ph\u00f2ng. T\u1eeb nhu c\u1ea7u tr\u01b0ng b\u00e0y t\u00e0i li\u1ec7u, b\u1ea3o qu\u1ea3n h\u1ed3 s\u01a1 quan tr\u1ecdng \u0111\u1ebfn l\u01b0u tr\u1eef ph\u1ee5 ki\u1ec7n c\u00e1 nh\u00e2n, t\u1ea5t c\u1ea3 \u0111\u1ec1u \u0111\u01b0\u1ee3c t\u1ed1i \u01b0u h\u00f3a trong m\u1ed9t thi\u1ebft k\u1ebf duy nh\u1ea5t. \u0110\u00e2y l\u00e0 s\u1ea3n ph\u1ea9m ph\u00f9 h\u1ee3p cho ph\u00f2ng gi\u00e1m \u0111\u1ed1c, ph\u00f2ng h\u00e0nh ch\u00ednh \u2013 nh\u00e2n s\u1ef1, ph\u00f2ng k\u1ebf to\u00e1n ho\u1eb7c nh\u1eefng khu v\u1ef1c v\u0103n ph\u00f2ng c\u1ea7n s\u1ef1 chuy\u00ean nghi\u1ec7p, g\u1ecdn g\u00e0ng v\u00e0 hi\u1ec7n \u0111\u1ea1i.<\/p>\n<p data-start=\"3562\" data-end=\"3791\" data-is-last-node=\"\" data-is-only-node=\"\">N\u1ebfu b\u1ea1n \u0111ang t\u00ecm m\u1ed9t m\u1eabu t\u1ee7 h\u1ed3 s\u01a1 \u0111a n\u0103ng v\u1edbi k\u00edch th\u01b0\u1edbc v\u1eeba ph\u1ea3i nh\u01b0ng c\u00f4ng n\u0103ng v\u01b0\u1ee3t tr\u1ed9i, t\u1ee7 h\u1ed3 s\u01a1 HR1960-3B ch\u1eafc ch\u1eafn l\u00e0 l\u1ef1a ch\u1ecdn \u0111\u00e1ng \u0111\u1ec3 \u0111\u1ea7u t\u01b0, gi\u00fap n\u00e2ng t\u1ea7m kh\u00f4ng gian l\u00e0m vi\u1ec7c v\u00e0 t\u1ed1i \u01b0u hi\u1ec7u qu\u1ea3 v\u1eadn h\u00e0nh c\u1ee7a doanh nghi\u1ec7p.<\/p>\n","protected":false},"excerpt":{"rendered":"<p data-start=\"24\" data-end=\"647\">T\u1ee7 h\u1ed3 s\u01a1 HR1960-3B l\u00e0 m\u1eabu t\u1ee7 t\u00e0i li\u1ec7u 3 khoang thi\u1ebft k\u1ebf hi\u1ec7n \u0111\u1ea1i, v\u1edbi ph\u1ea7n tr\u00ean g\u1ed3m hai khoang c\u00e1nh k\u00ednh \u0111\u1ec3 tr\u01b0ng b\u00e0y t\u00e0i li\u1ec7u v\u00e0 m\u1ed9t khoang treo \u00e1o ti\u1ec7n d\u1ee5ng, ph\u00eda d\u01b0\u1edbi trang b\u1ecb 3 ng\u0103n k\u00e9o v\u00e0 hai c\u00e1nh m\u1edf gi\u00fap t\u1ed1i \u01b0u kh\u1ea3 n\u0103ng l\u01b0u tr\u1eef cho v\u0103n ph\u00f2ng.<br data-start=\"303\" data-end=\"306\" \/>K\u00edch th\u01b0\u1edbc: W1350 x D400 x H1960 mm<br data-start=\"341\" data-end=\"344\" \/>Xu\u1ea5t x\u1ee9: S\u1ea3n ph\u1ea9m c\u1ee7a c\u00f4ng ty <strong data-start=\"374\" data-end=\"394\">N\u1ed8I TH\u1ea4T THE ONE<\/strong> \u2013 Ph\u00e2n ph\u1ed1i b\u1edfi <strong data-start=\"411\" data-end=\"447\">C\u00d4NG TY TNHH SXTM TTNT H\u1eeeU TH\u1ecaNH<\/strong><br data-start=\"447\" data-end=\"450\" \/>B\u1ea3o h\u00e0nh: 12 th\u00e1ng theo ti\u00eau chu\u1ea9n nh\u00e0 m\u00e1y<br data-start=\"492\" data-end=\"495\" \/><span style=\"color: #ed1c24;\"><em data-start=\"495\" data-end=\"647\">L\u01b0u \u00fd: Gi\u00e1 tr\u00ean ch\u01b0a bao g\u1ed3m VAT v\u00e0 ph\u00ed v\u1eadn chuy\u1ec3n. Gi\u00e1 s\u1ea3n ph\u1ea9m c\u00f3 th\u1ec3 thay \u0111\u1ed5i theo t\u1eebng th\u1eddi \u0111i\u1ec3m, vui l\u00f2ng li\u00ean h\u1ec7 \u0111\u1ec3 nh\u1eadn t\u01b0 v\u1ea5n \u01b0u \u0111\u00e3i t\u1ed1t nh\u1ea5t.<\/em><\/span><\/p>\n","protected":false},"featured_media":4349,"comment_status":"open","ping_status":"closed","template":"","meta":[],"product_brand":[],"product_cat":[17,760],"product_tag":[],"class_list":{"0":"post-4348","1":"product","2":"type-product","3":"status-publish","4":"has-post-thumbnail","6":"product_cat-noi-that-van-phong","7":"product_cat-tu-go-van-phong","9":"first","10":"instock","11":"taxable","12":"shipping-taxable","13":"purchasable","14":"product-type-simple"},"_links":{"self":[{"href":"https:\/\/noithathuuthinh.vn\/zh-hans\/wp-json\/wp\/v2\/product\/4348","targetHints":{"allow":["GET"]}}],"collection":[{"href":"https:\/\/noithathuuthinh.vn\/zh-hans\/wp-json\/wp\/v2\/product"}],"about":[{"href":"https:\/\/noithathuuthinh.vn\/zh-hans\/wp-json\/wp\/v2\/types\/product"}],"replies":[{"embeddable":true,"href":"https:\/\/noithathuuthinh.vn\/zh-hans\/wp-json\/wp\/v2\/comments?post=4348"}],"wp:featuredmedia":[{"embeddable":true,"href":"https:\/\/noithathuuthinh.vn\/zh-hans\/wp-json\/wp\/v2\/media\/4349"}],"wp:attachment":[{"href":"https:\/\/noithathuuthinh.vn\/zh-hans\/wp-json\/wp\/v2\/media?parent=4348"}],"wp:term":[{"taxonomy":"product_brand","embeddable":true,"href":"https:\/\/noithathuuthinh.vn\/zh-hans\/wp-json\/wp\/v2\/product_brand?post=4348"},{"taxonomy":"product_cat","embeddable":true,"href":"https:\/\/noithathuuthinh.vn\/zh-hans\/wp-json\/wp\/v2\/product_cat?post=4348"},{"taxonomy":"product_tag","embeddable":true,"href":"https:\/\/noithathuuthinh.vn\/zh-hans\/wp-json\/wp\/v2\/product_tag?post=4348"}],"curies":[{"name":"wp","href":"https:\/\/api.w.org\/{rel}","templated":true}]}}