{"id":4359,"date":"2025-11-21T09:27:49","date_gmt":"2025-11-21T02:27:49","guid":{"rendered":"https:\/\/noithathuuthinh.vn\/?post_type=product&#038;p=4359"},"modified":"2025-11-21T09:27:49","modified_gmt":"2025-11-21T02:27:49","slug":"tu-ho-so-nt880sdn","status":"publish","type":"product","link":"https:\/\/noithathuuthinh.vn\/zh-hans\/san-pham\/tu-ho-so-nt880sdn\/","title":{"rendered":"T\u1ee7 h\u1ed3 s\u01a1 NT880SDN"},"content":{"rendered":"<p data-start=\"668\" data-end=\"1173\">T\u1ee7 h\u1ed3 s\u01a1 NT880SDN l\u00e0 l\u1ef1a ch\u1ecdn l\u00fd t\u01b0\u1edfng cho nh\u1eefng v\u0103n ph\u00f2ng c\u1ea7n m\u1ed9t m\u1eabu t\u1ee7 th\u1ea5p c\u00f3 kh\u1ea3 n\u0103ng l\u01b0u tr\u1eef linh ho\u1ea1t nh\u01b0ng v\u1eabn \u0111\u1ea3m b\u1ea3o t\u00ednh th\u1ea9m m\u1ef9, \u0111\u1ed9 b\u1ec1n v\u00e0 s\u1ef1 ti\u1ec7n d\u1ee5ng trong qu\u00e1 tr\u00ecnh s\u1eed d\u1ee5ng. V\u1edbi thi\u1ebft k\u1ebf k\u1ebft h\u1ee3p tinh t\u1ebf gi\u1eefa hai ch\u1ea5t li\u1ec7u Laminate v\u00e0 Melamine, s\u1ea3n ph\u1ea9m kh\u00f4ng ch\u1ec9 mang l\u1ea1i v\u1ebb \u0111\u1eb9p hi\u1ec7n \u0111\u1ea1i m\u00e0 c\u00f2n \u0111\u1ea3m b\u1ea3o kh\u1ea3 n\u0103ng ch\u1ed1ng tr\u1ea7y x\u01b0\u1edbc, ch\u1ed1ng \u1ea9m, b\u1ec1n m\u00e0u v\u00e0 d\u1ec5 v\u1ec7 sinh \u2013 nh\u1eefng y\u1ebfu t\u1ed1 quan tr\u1ecdng trong m\u00f4i tr\u01b0\u1eddng c\u00f4ng s\u1edf c\u00f3 t\u1ea7n su\u1ea5t s\u1eed d\u1ee5ng \u0111\u1ed3 n\u1ed9i th\u1ea5t cao.<\/p>\n<p data-start=\"1175\" data-end=\"1660\">\u0110i\u1ec3m n\u1ed5i b\u1eadt c\u1ee7a t\u1ee7 h\u1ed3 s\u01a1 NT880SDN n\u1eb1m \u1edf c\u1ea5u tr\u00fac ph\u00e2n chia khoang c\u1ef1c k\u1ef3 h\u1ee3p l\u00fd. Ph\u1ea7n tr\u00ean t\u1ee7 g\u1ed3m 2 khoang \u0111\u1ec3 file m\u1edf, r\u1ea5t thu\u1eadn ti\u1ec7n cho vi\u1ec7c l\u01b0u tr\u1eef h\u1ed3 s\u01a1, t\u00e0i li\u1ec7u, b\u00eca c\u00f2ng ho\u1eb7c c\u00e1c v\u1eadt ph\u1ea9m c\u1ea7n thao t\u00e1c nhanh. Thi\u1ebft k\u1ebf kh\u00f4ng c\u00e1nh mang l\u1ea1i s\u1ef1 th\u00f4ng tho\u00e1ng, cho ph\u00e9p ng\u01b0\u1eddi d\u00f9ng d\u1ec5 d\u00e0ng quan s\u00e1t v\u00e0 l\u1ea5y t\u00e0i li\u1ec7u trong t\u00edch t\u1eafc. \u0110i\u1ec1u n\u00e0y \u0111\u1eb7c bi\u1ec7t h\u1eefu \u00edch cho nh\u00e2n vi\u00ean v\u0103n ph\u00f2ng c\u00f3 nhi\u1ec1u t\u00e0i li\u1ec7u c\u1ea7n truy xu\u1ea5t th\u01b0\u1eddng xuy\u00ean ho\u1eb7c c\u1ea7n s\u1eafp x\u1ebfp t\u00e0i li\u1ec7u theo t\u1eebng nh\u00f3m c\u00f4ng vi\u1ec7c r\u00f5 r\u00e0ng.<\/p>\n<p data-start=\"1662\" data-end=\"2150\">B\u00ean d\u01b0\u1edbi l\u00e0 khoang c\u00f3 c\u00e1nh m\u1edf, \u0111\u00f3ng vai tr\u00f2 nh\u01b0 m\u1ed9t kh\u00f4ng gian l\u01b0u tr\u1eef ri\u00eang t\u01b0 v\u00e0 an to\u00e0n h\u01a1n. T\u1ea1i \u0111\u00e2y, ng\u01b0\u1eddi d\u00f9ng c\u00f3 th\u1ec3 \u0111\u1eb7t c\u00e1c t\u00e0i li\u1ec7u \u00edt d\u00f9ng \u0111\u1ebfn, v\u1eadt d\u1ee5ng c\u1ea7n s\u1ef1 k\u00edn \u0111\u00e1o h\u01a1n ho\u1eb7c nh\u1eefng \u0111\u1ed3 d\u00f9ng c\u00e1 nh\u00e2n nh\u1eb1m gi\u1eef cho kh\u00f4ng gian lu\u00f4n g\u1ecdn g\u00e0ng v\u00e0 tr\u00e1nh t\u00ecnh tr\u1ea1ng b\u1eeba b\u1ed9n tr\u00ean b\u1ec1 m\u1eb7t t\u1ee7. C\u00e1nh m\u1edf \u0111\u01b0\u1ee3c trang b\u1ecb b\u1ea3n l\u1ec1 ch\u1ea5t l\u01b0\u1ee3ng, \u0111\u00f3ng m\u1edf \u00eam \u00e1i, \u0111\u1ea3m b\u1ea3o \u0111\u1ed9 b\u1ec1n ngay c\u1ea3 khi s\u1eed d\u1ee5ng v\u1edbi t\u1ea7n su\u1ea5t cao. Ph\u1ea7n tay n\u1eafm \u0111\u01b0\u1ee3c thi\u1ebft k\u1ebf thu\u1eadn ti\u1ec7n, mang l\u1ea1i tr\u1ea3i nghi\u1ec7m s\u1eed d\u1ee5ng d\u1ec5 d\u00e0ng v\u00e0 tho\u1ea3i m\u00e1i.<\/p>\n<p data-start=\"2152\" data-end=\"2571\">V\u1edbi k\u00edch th\u01b0\u1edbc W800 x D400 x H880 mm, t\u1ee7 h\u1ed3 s\u01a1 NT880SDN c\u00f3 th\u1ec3 \u0111\u1eb7t t\u1ea1i nhi\u1ec1u v\u1ecb tr\u00ed trong v\u0103n ph\u00f2ng m\u00e0 kh\u00f4ng g\u00e2y c\u1ea3n tr\u1edf l\u1ed1i \u0111i hay l\u00e0m m\u1ea5t qu\u00e1 nhi\u1ec1u di\u1ec7n t\u00edch. \u0110\u00e2y l\u00e0 chi\u1ec1u cao l\u00fd t\u01b0\u1edfng \u0111\u1ec3 t\u1eadn d\u1ee5ng nh\u01b0 m\u1ed9t m\u1eb7t \u0111\u1eb7t th\u00eam thi\u1ebft b\u1ecb v\u0103n ph\u00f2ng nh\u01b0 m\u00e1y in, m\u00e1y scan, \u0111i\u1ec7n tho\u1ea1i b\u00e0n ho\u1eb7c k\u1ec7 \u0111\u1ec3 t\u00e0i li\u1ec7u. Ph\u1ea7n m\u1eb7t t\u1ee7 \u0111\u01b0\u1ee3c gia c\u00f4ng ch\u1eafc ch\u1eafn, ph\u1eb3ng v\u00e0 ch\u1ecbu l\u1ef1c t\u1ed1t, gi\u00fap b\u1ea1n y\u00ean t\u00e2m khi \u0111\u1eb7t c\u00e1c thi\u1ebft b\u1ecb c\u00f3 tr\u1ecdng l\u01b0\u1ee3ng v\u1eeba ph\u1ea3i.<\/p>\n<p data-start=\"2573\" data-end=\"3010\">Ngo\u00e0i \u01b0u \u0111i\u1ec3m v\u1ec1 c\u00f4ng n\u0103ng, t\u1ee7 h\u1ed3 s\u01a1 NT880SDN c\u0169ng g\u00e2y \u1ea5n t\u01b0\u1ee3ng v\u1edbi thi\u1ebft k\u1ebf \u0111\u1eb9p m\u1eaft. S\u1ef1 k\u1ebft h\u1ee3p gi\u1eefa Laminate \u1edf nh\u1eefng \u0111i\u1ec3m nh\u1ea5n v\u00e0 Melamine \u1edf c\u00e1c b\u1ec1 m\u1eb7t ch\u00ednh t\u1ea1o n\u00ean \u0111\u1ed9 t\u01b0\u01a1ng ph\u1ea3n v\u1eeba ph\u1ea3i, tinh t\u1ebf, ph\u00f9 h\u1ee3p v\u1edbi phong c\u00e1ch n\u1ed9i th\u1ea5t v\u0103n ph\u00f2ng hi\u1ec7n \u0111\u1ea1i. Gam m\u00e0u g\u1ed7 t\u1ef1 nhi\u00ean nh\u1eb9 nh\u00e0ng gi\u00fap s\u1ea3n ph\u1ea9m d\u1ec5 d\u00e0ng ph\u1ed1i h\u1ee3p v\u1edbi c\u00e1c m\u1eabu b\u00e0n l\u00e0m vi\u1ec7c, h\u1ed9c di \u0111\u1ed9ng, t\u1ee7 ph\u1ee5 ho\u1eb7c nh\u1eefng h\u1ec7 t\u1ee7 kh\u00e1c trong c\u00f9ng kh\u00f4ng gian, t\u1ea1o s\u1ef1 \u0111\u1ed3ng b\u1ed9 v\u00e0 chuy\u00ean nghi\u1ec7p.<\/p>\n<p data-start=\"3012\" data-end=\"3400\">S\u1ea3n ph\u1ea9m \u0111\u1eb7c bi\u1ec7t ph\u00f9 h\u1ee3p cho c\u00e1c v\u0103n ph\u00f2ng nh\u1ecf, start-up, doanh nghi\u1ec7p c\u1ea7n t\u1ed1i \u01b0u chi ph\u00ed nh\u01b0ng v\u1eabn \u0111\u1ea3m b\u1ea3o n\u1ed9i th\u1ea5t ch\u1ea5t l\u01b0\u1ee3ng. C\u1ea5u tr\u00fac t\u1ee7 v\u1eefng ch\u1eafc, \u0111\u1ed9 b\u1ec1n cao gi\u00fap NT880SDN c\u00f3 th\u1ec3 s\u1eed d\u1ee5ng l\u00e2u d\u00e0i m\u00e0 kh\u00f4ng b\u1ecb cong v\u00eanh hay xu\u1ed1ng c\u1ea5p nhanh. V\u1edbi ph\u1ea7n l\u01b0u tr\u1eef m\u1edf v\u00e0 \u0111\u00f3ng k\u1ebft h\u1ee3p, t\u1ee7 gi\u00fap ng\u01b0\u1eddi d\u00f9ng duy tr\u00ec th\u00f3i quen l\u00e0m vi\u1ec7c khoa h\u1ecdc, t\u0103ng t\u00ednh ng\u0103n n\u1eafp v\u00e0 c\u1ea3i thi\u1ec7n hi\u1ec7u qu\u1ea3 c\u00f4ng vi\u1ec7c.<\/p>\n<p data-start=\"3402\" data-end=\"3795\" data-is-last-node=\"\" data-is-only-node=\"\">Nh\u1edd s\u1ef1 k\u1ebft h\u1ee3p h\u00e0i h\u00f2a gi\u1eefa c\u00f4ng n\u0103ng \u2013 th\u1ea9m m\u1ef9 \u2013 \u0111\u1ed9 b\u1ec1n, t\u1ee7 h\u1ed3 s\u01a1 NT880SDN l\u00e0 l\u1ef1a ch\u1ecdn th\u00f4ng minh cho m\u1ecdi v\u0103n ph\u00f2ng hi\u1ec7n nay. S\u1ea3n ph\u1ea9m kh\u00f4ng ch\u1ec9 h\u1ed7 tr\u1ee3 l\u01b0u tr\u1eef hi\u1ec7u qu\u1ea3 m\u00e0 c\u00f2n l\u00e0 \u0111i\u1ec3m nh\u1ea5n tinh t\u1ebf, n\u00e2ng cao s\u1ef1 chuy\u00ean nghi\u1ec7p v\u00e0 ti\u1ec7n nghi trong m\u00f4i tr\u01b0\u1eddng l\u00e0m vi\u1ec7c. N\u1ebfu b\u1ea1n \u0111ang t\u00ecm ki\u1ebfm m\u1ed9t m\u1eabu t\u1ee7 th\u1ea5p g\u1ecdn, \u0111\u1eb9p, b\u1ec1n v\u00e0 \u0111a n\u0103ng, NT880SDN ch\u1eafc ch\u1eafn l\u00e0 m\u1ed9t trong nh\u1eefng l\u1ef1a ch\u1ecdn \u0111\u00e1ng \u0111\u1ec3 c\u00e2n nh\u1eafc.<\/p>\n","protected":false},"excerpt":{"rendered":"<p>T\u1ee7 h\u1ed3 s\u01a1 NT880SDN l\u00e0 m\u1eabu t\u1ee7 t\u00e0i li\u1ec7u th\u1ea5p thi\u1ebft k\u1ebf hi\u1ec7n \u0111\u1ea1i, k\u1ebft h\u1ee3p h\u00e0i h\u00f2a gi\u1eefa hai ch\u1ea5t li\u1ec7u Laminate v\u00e0 Melamine gi\u00fap t\u0103ng \u0111\u1ed9 b\u1ec1n v\u00e0 t\u00ednh th\u1ea9m m\u1ef9. S\u1ea3n ph\u1ea9m g\u1ed3m 2 khoang \u0111\u1ec3 file ph\u00eda tr\u00ean v\u00e0 khoang d\u01b0\u1edbi c\u00f3 c\u00e1nh m\u1edf, ph\u00f9 h\u1ee3p cho nhu c\u1ea7u l\u01b0u tr\u1eef \u0111a d\u1ea1ng trong v\u0103n ph\u00f2ng.<br data-start=\"325\" data-end=\"328\" \/>K\u00edch th\u01b0\u1edbc: W800 x D400 x H880 mm<br data-start=\"361\" data-end=\"364\" \/>Xu\u1ea5t x\u1ee9: S\u1ea3n ph\u1ea9m c\u1ee7a c\u00f4ng ty N\u1ed8I TH\u1ea4T THE ONE \u2013 Ph\u00e2n ph\u1ed1i b\u1edfi C\u00d4NG TY TNHH SXTM TTNT H\u1eeeU TH\u1ecaNH<br data-start=\"459\" data-end=\"462\" \/>B\u1ea3o h\u00e0nh: 12 th\u00e1ng theo ti\u00eau chu\u1ea9n nh\u00e0 m\u00e1y<br data-start=\"504\" data-end=\"507\" \/><span style=\"color: #ed1c24;\"><em data-start=\"507\" data-end=\"659\">L\u01b0u \u00fd: Gi\u00e1 tr\u00ean ch\u01b0a bao g\u1ed3m VAT v\u00e0 ph\u00ed v\u1eadn chuy\u1ec3n. Gi\u00e1 s\u1ea3n ph\u1ea9m c\u00f3 th\u1ec3 thay \u0111\u1ed5i theo t\u1eebng th\u1eddi \u0111i\u1ec3m, vui l\u00f2ng li\u00ean h\u1ec7 \u0111\u1ec3 nh\u1eadn t\u01b0 v\u1ea5n \u01b0u \u0111\u00e3i t\u1ed1t nh\u1ea5t.<\/em><\/span><\/p>\n","protected":false},"featured_media":4360,"comment_status":"open","ping_status":"closed","template":"","meta":[],"product_brand":[],"product_cat":[17,760],"product_tag":[],"class_list":{"0":"post-4359","1":"product","2":"type-product","3":"status-publish","4":"has-post-thumbnail","6":"product_cat-noi-that-van-phong","7":"product_cat-tu-go-van-phong","9":"first","10":"instock","11":"taxable","12":"shipping-taxable","13":"purchasable","14":"product-type-simple"},"_links":{"self":[{"href":"https:\/\/noithathuuthinh.vn\/zh-hans\/wp-json\/wp\/v2\/product\/4359","targetHints":{"allow":["GET"]}}],"collection":[{"href":"https:\/\/noithathuuthinh.vn\/zh-hans\/wp-json\/wp\/v2\/product"}],"about":[{"href":"https:\/\/noithathuuthinh.vn\/zh-hans\/wp-json\/wp\/v2\/types\/product"}],"replies":[{"embeddable":true,"href":"https:\/\/noithathuuthinh.vn\/zh-hans\/wp-json\/wp\/v2\/comments?post=4359"}],"wp:featuredmedia":[{"embeddable":true,"href":"https:\/\/noithathuuthinh.vn\/zh-hans\/wp-json\/wp\/v2\/media\/4360"}],"wp:attachment":[{"href":"https:\/\/noithathuuthinh.vn\/zh-hans\/wp-json\/wp\/v2\/media?parent=4359"}],"wp:term":[{"taxonomy":"product_brand","embeddable":true,"href":"https:\/\/noithathuuthinh.vn\/zh-hans\/wp-json\/wp\/v2\/product_brand?post=4359"},{"taxonomy":"product_cat","embeddable":true,"href":"https:\/\/noithathuuthinh.vn\/zh-hans\/wp-json\/wp\/v2\/product_cat?post=4359"},{"taxonomy":"product_tag","embeddable":true,"href":"https:\/\/noithathuuthinh.vn\/zh-hans\/wp-json\/wp\/v2\/product_tag?post=4359"}],"curies":[{"name":"wp","href":"https:\/\/api.w.org\/{rel}","templated":true}]}}