{"id":4361,"date":"2025-11-21T09:37:56","date_gmt":"2025-11-21T02:37:56","guid":{"rendered":"https:\/\/noithathuuthinh.vn\/?post_type=product&#038;p=4361"},"modified":"2025-11-21T09:37:56","modified_gmt":"2025-11-21T02:37:56","slug":"tu-ho-so-nt880dn","status":"publish","type":"product","link":"https:\/\/noithathuuthinh.vn\/zh-hans\/san-pham\/tu-ho-so-nt880dn\/","title":{"rendered":"T\u1ee7 h\u1ed3 s\u01a1 NT880DN"},"content":{"rendered":"<p data-start=\"711\" data-end=\"1135\">T\u1ee7 h\u1ed3 s\u01a1 NT880DN l\u00e0 gi\u1ea3i ph\u00e1p l\u01b0u tr\u1eef ho\u00e0n h\u1ea3o d\u00e0nh cho c\u00e1c v\u0103n ph\u00f2ng c\u1ea7n m\u1ed9t m\u1eabu t\u1ee7 th\u1ea5p g\u1ecdn g\u00e0ng, tinh t\u1ebf nh\u01b0ng v\u1eabn \u0111\u1ea3m b\u1ea3o t\u00ednh k\u00edn \u0111\u00e1o v\u00e0 kh\u1ea3 n\u0103ng b\u1ea3o v\u1ec7 t\u00e0i li\u1ec7u t\u1ed1t. V\u1edbi thi\u1ebft k\u1ebf c\u00e1nh m\u1edf bao tr\u1ecdn to\u00e0n b\u1ed9 ph\u1ea7n khoang ch\u1ee9a, NT880DN mang \u0111\u1ebfn s\u1ef1 an t\u00e2m cho ng\u01b0\u1eddi d\u00f9ng trong vi\u1ec7c c\u1ea5t gi\u1eef h\u1ed3 s\u01a1 quan tr\u1ecdng, \u0111\u1ed3ng th\u1eddi gi\u00fap kh\u00f4ng gian l\u00e0m vi\u1ec7c lu\u00f4n s\u1ea1ch s\u1ebd, ng\u0103n n\u1eafp v\u00e0 chuy\u00ean nghi\u1ec7p.<\/p>\n<p data-start=\"1137\" data-end=\"1572\">\u0110i\u1ec3m nh\u1ea5n \u0111\u1ea7u ti\u00ean d\u1ec5 nh\u1eadn th\u1ea5y ch\u00ednh l\u00e0 s\u1ef1 k\u1ebft h\u1ee3p h\u00e0i h\u00f2a gi\u1eefa hai ch\u1ea5t li\u1ec7u Laminate v\u00e0 Melamine tr\u00ean b\u1ec1 m\u1eb7t s\u1ea3n ph\u1ea9m. Laminate n\u1ed5i b\u1eadt v\u1edbi kh\u1ea3 n\u0103ng ch\u1ed1ng tr\u1ea7y x\u01b0\u1edbc v\u01b0\u1ee3t tr\u1ed9i, b\u1ec1 m\u1eb7t c\u1ee9ng v\u00e0 ch\u1ed1ng va \u0111\u1eadp t\u1ed1t, trong khi Melamine mang \u0111\u1ebfn m\u00e0u s\u1eafc \u0111\u1eb9p, \u0111\u1ec1u v\u00e0 hi\u1ec7n \u0111\u1ea1i. S\u1ef1 ph\u1ed1i h\u1ee3p th\u00f4ng minh gi\u1eefa hai v\u1eadt li\u1ec7u n\u00e0y kh\u00f4ng ch\u1ec9 t\u0103ng \u0111\u1ed9 b\u1ec1n m\u00e0 c\u00f2n t\u1ea1o n\u00ean v\u1ebb ngo\u00e0i r\u1ea5t sang tr\u1ecdng, ph\u00f9 h\u1ee3p v\u1edbi nhi\u1ec1u phong c\u00e1ch n\u1ed9i th\u1ea5t v\u0103n ph\u00f2ng kh\u00e1c nhau.<\/p>\n<p data-start=\"1574\" data-end=\"1980\">V\u1ec1 c\u00f4ng n\u0103ng, t\u1ee7 h\u1ed3 s\u01a1 NT880DN \u0111\u01b0\u1ee3c trang b\u1ecb hai khoang \u0111\u1ec3 file n\u1eb1m sau c\u00e1nh m\u1edf, cho ph\u00e9p ng\u01b0\u1eddi d\u00f9ng l\u01b0u tr\u1eef h\u1ed3 s\u01a1 theo d\u1ea1ng ph\u00e2n nh\u00f3m r\u00f5 r\u00e0ng. V\u1edbi thi\u1ebft k\u1ebf c\u00e1nh m\u1edf, t\u00e0i li\u1ec7u \u0111\u01b0\u1ee3c b\u1ea3o v\u1ec7 kh\u1ecfi b\u1ee5i b\u1ea9n v\u00e0 tr\u00e1nh ti\u1ebfp x\u00fac tr\u1ef1c ti\u1ebfp v\u1edbi m\u00f4i tr\u01b0\u1eddng, gi\u00fap k\u00e9o d\u00e0i tu\u1ed5i th\u1ecd c\u1ee7a h\u1ed3 s\u01a1. Ngo\u00e0i ra, vi\u1ec7c gi\u1ea5u khoang ch\u1ee9a b\u00ean trong c\u0169ng gi\u00fap t\u1ea1o m\u1ed9t t\u1ed5ng th\u1ec3 t\u1ee7 tinh g\u1ecdn, thanh l\u1ecbch h\u01a1n so v\u1edbi c\u00e1c d\u00f2ng t\u1ee7 m\u1edf ho\u00e0n to\u00e0n.<\/p>\n<p data-start=\"1982\" data-end=\"2359\">T\u1ee7 c\u00f3 k\u00edch th\u01b0\u1edbc ti\u00eau chu\u1ea9n W800 x D400 x H880 mm, ph\u00f9 h\u1ee3p \u0111\u1eb7t trong nhi\u1ec1u khu v\u1ef1c v\u0103n ph\u00f2ng nh\u01b0 c\u1ea1nh b\u00e0n l\u00e0m vi\u1ec7c, s\u00e1t t\u01b0\u1eddng, trong ph\u00f2ng h\u1ecdp ho\u1eb7c c\u00e1c khu v\u1ef1c l\u01b0u tr\u1eef chung. Chi\u1ec1u cao 880 mm r\u1ea5t l\u00fd t\u01b0\u1edfng \u0111\u1ec3 t\u1eadn d\u1ee5ng l\u00e0m m\u1eb7t \u0111\u1eb7t m\u00e1y in, \u0111i\u1ec7n tho\u1ea1i, m\u00e1y scan ho\u1eb7c c\u00e1c thi\u1ebft b\u1ecb v\u0103n ph\u00f2ng kh\u00e1c. B\u1ec1 m\u1eb7t t\u1ee7 ch\u1ecbu l\u1ef1c t\u1ed1t, \u0111\u1ea3m b\u1ea3o an to\u00e0n khi \u0111\u1eb7t c\u00e1c thi\u1ebft b\u1ecb c\u00f3 tr\u1ecdng l\u01b0\u1ee3ng v\u1eeba ph\u1ea3i.<\/p>\n<p data-start=\"2361\" data-end=\"2678\">Thi\u1ebft k\u1ebf c\u00e1nh m\u1edf c\u1ee7a NT880DN s\u1eed d\u1ee5ng b\u1ea3n l\u1ec1 ch\u1ea5t l\u01b0\u1ee3ng cao, h\u1ea1n ch\u1ebf ti\u1ebfng \u1ed3n v\u00e0 mang l\u1ea1i c\u1ea3m gi\u00e1c \u0111\u00f3ng m\u1edf ch\u1eafc ch\u1eafn, m\u01b0\u1ee3t m\u00e0. Tay n\u1eafm \u0111\u01b0\u1ee3c b\u1ed1 tr\u00ed ti\u1ec7n d\u1ee5ng, gi\u00fap thao t\u00e1c nhanh ch\u00f3ng v\u00e0 ph\u00f9 h\u1ee3p v\u1edbi th\u00f3i quen s\u1eed d\u1ee5ng c\u1ee7a ng\u01b0\u1eddi Vi\u1ec7t. C\u00e1c m\u00e9p t\u1ee7 \u0111\u01b0\u1ee3c x\u1eed l\u00fd k\u1ef9 l\u01b0\u1ee1ng, \u0111\u1ea3m b\u1ea3o \u0111\u1ed9 an to\u00e0n trong qu\u00e1 tr\u00ecnh s\u1eed d\u1ee5ng h\u1eb1ng ng\u00e0y.<\/p>\n<p data-start=\"2680\" data-end=\"3071\">V\u1ec1 m\u1eb7t th\u1ea9m m\u1ef9, NT880DN s\u1edf h\u1eefu ki\u1ec3u d\u00e1ng \u0111\u01a1n gi\u1ea3n nh\u01b0ng tinh t\u1ebf, t\u1ea1o c\u1ea3m gi\u00e1c g\u1ecdn m\u1eaft v\u00e0 \u0111\u1ed3ng b\u1ed9 khi \u0111\u1eb7t c\u00f9ng c\u00e1c m\u1eabu b\u00e0n v\u0103n ph\u00f2ng, t\u1ee7 t\u00e0i li\u1ec7u ho\u1eb7c h\u1ec7 n\u1ed9i th\u1ea5t The One kh\u00e1c. Gam m\u00e0u g\u1ed7 trang nh\u00e3 mang \u0111\u1ebfn s\u1ef1 \u1ea5m c\u00fang nh\u01b0ng v\u1eabn gi\u1eef \u0111\u01b0\u1ee3c n\u00e9t hi\u1ec7n \u0111\u1ea1i, ph\u00f9 h\u1ee3p v\u1edbi m\u00f4i tr\u01b0\u1eddng l\u00e0m vi\u1ec7c chuy\u00ean nghi\u1ec7p t\u1ea1i doanh nghi\u1ec7p, ph\u00f2ng ban h\u00e0nh ch\u00ednh, k\u1ebf to\u00e1n, nh\u00e2n s\u1ef1 ho\u1eb7c th\u1eadm ch\u00ed l\u00e0 g\u00f3c l\u00e0m vi\u1ec7c t\u1ea1i gia.<\/p>\n<p data-start=\"3073\" data-end=\"3433\">T\u1ee7 h\u1ed3 s\u01a1 NT880DN \u0111\u1eb7c bi\u1ec7t ph\u00f9 h\u1ee3p cho nh\u1eefng v\u0103n ph\u00f2ng c\u1ea7n s\u1ef1 k\u00edn \u0111\u00e1o trong l\u01b0u tr\u1eef t\u00e0i li\u1ec7u nh\u01b0ng kh\u00f4ng mu\u1ed1n s\u1eed d\u1ee5ng c\u00e1c m\u1eabu t\u1ee7 k\u00edch th\u01b0\u1edbc l\u1edbn ho\u1eb7c qu\u00e1 c\u1ed3ng k\u1ec1nh. S\u1ea3n ph\u1ea9m gi\u00fap t\u1ed1i \u01b0u di\u1ec7n t\u00edch, d\u1ec5 b\u1ed1 tr\u00ed v\u00e0 di chuy\u1ec3n khi c\u1ea7n thay \u0111\u1ed5i m\u1eb7t b\u1eb1ng. \u0110\u00e2y l\u00e0 l\u1ef1a ch\u1ecdn ti\u1ebft ki\u1ec7m chi ph\u00ed nh\u01b0ng v\u1eabn mang \u0111\u1ebfn gi\u00e1 tr\u1ecb s\u1eed d\u1ee5ng l\u00e2u d\u00e0i nh\u1edd \u0111\u1ed9 b\u1ec1n v\u00e0 kh\u1ea3 n\u0103ng ch\u1ed1ng ch\u1ecbu t\u1ed1t.<\/p>\n<p data-start=\"3435\" data-end=\"3781\" data-is-last-node=\"\" data-is-only-node=\"\">V\u1edbi s\u1ef1 k\u1ebft h\u1ee3p c\u1ee7a t\u00ednh th\u1ea9m m\u1ef9, \u0111\u1ed9 b\u1ec1n v\u00e0 c\u00f4ng n\u0103ng l\u01b0u tr\u1eef v\u01b0\u1ee3t tr\u1ed9i, t\u1ee7 h\u1ed3 s\u01a1 NT880DN tr\u1edf th\u00e0nh m\u1ed9t trong nh\u1eefng m\u1eabu t\u1ee7 th\u1ea5p m\u00e0 b\u1ea5t k\u1ef3 v\u0103n ph\u00f2ng n\u00e0o c\u0169ng c\u00f3 th\u1ec3 d\u1ec5 d\u00e0ng l\u1ef1a ch\u1ecdn v\u00e0 s\u1eed d\u1ee5ng hi\u1ec7u qu\u1ea3. N\u1ebfu b\u1ea1n \u0111ang t\u00ecm m\u1ed9t m\u1eabu t\u1ee7 h\u1ed3 s\u01a1 k\u00edn \u0111\u00e1o, \u0111\u1eb9p m\u1eaft v\u00e0 b\u1ec1n b\u1ec9, NT880DN ch\u1eafc ch\u1eafn l\u00e0 m\u1eabu s\u1ea3n ph\u1ea9m \u0111\u00e1ng \u0111\u1ec3 c\u00e2n nh\u1eafc cho kh\u00f4ng gian l\u00e0m vi\u1ec7c c\u1ee7a b\u1ea1n.<\/p>\n","protected":false},"excerpt":{"rendered":"<p>T\u1ee7 h\u1ed3 s\u01a1 NT880DN l\u00e0 m\u1eabu t\u1ee7 t\u00e0i li\u1ec7u th\u1ea5p c\u00e1nh m\u1edf, \u0111\u01b0\u1ee3c thi\u1ebft k\u1ebf hi\u1ec7n \u0111\u1ea1i v\u1edbi s\u1ef1 k\u1ebft h\u1ee3p gi\u1eefa hai ch\u1ea5t li\u1ec7u Laminate v\u00e0 Melamine, mang \u0111\u1ebfn \u0111\u1ed9 b\u1ec1n cao v\u00e0 v\u1ebb \u0111\u1eb9p sang tr\u1ecdng cho kh\u00f4ng gian l\u00e0m vi\u1ec7c. S\u1ea3n ph\u1ea9m g\u1ed3m hai khoang \u0111\u1ec3 file b\u00ean trong c\u00e1nh m\u1edf, ph\u00f9 h\u1ee3p cho nhu c\u1ea7u l\u01b0u tr\u1eef g\u1ecdn g\u00e0ng v\u00e0 b\u1ea3o m\u1eadt h\u01a1n trong v\u0103n ph\u00f2ng.<br data-start=\"368\" data-end=\"371\" \/>K\u00edch th\u01b0\u1edbc: W800 x D400 x H880 mm<br data-start=\"404\" data-end=\"407\" \/>Xu\u1ea5t x\u1ee9: S\u1ea3n ph\u1ea9m c\u1ee7a c\u00f4ng ty N\u1ed8I TH\u1ea4T THE ONE \u2013 Ph\u00e2n ph\u1ed1i b\u1edfi C\u00d4NG TY TNHH SXTM TTNT H\u1eeeU TH\u1ecaNH<br data-start=\"502\" data-end=\"505\" \/>B\u1ea3o h\u00e0nh: 12 th\u00e1ng theo ti\u00eau chu\u1ea9n nh\u00e0 m\u00e1y<br data-start=\"547\" data-end=\"550\" \/><span style=\"color: #ed1c24;\"><em data-start=\"550\" data-end=\"702\">L\u01b0u \u00fd: Gi\u00e1 tr\u00ean ch\u01b0a bao g\u1ed3m VAT v\u00e0 ph\u00ed v\u1eadn chuy\u1ec3n. Gi\u00e1 s\u1ea3n ph\u1ea9m c\u00f3 th\u1ec3 thay \u0111\u1ed5i theo t\u1eebng th\u1eddi \u0111i\u1ec3m, vui l\u00f2ng li\u00ean h\u1ec7 \u0111\u1ec3 nh\u1eadn t\u01b0 v\u1ea5n \u01b0u \u0111\u00e3i t\u1ed1t nh\u1ea5t.<\/em><\/span><\/p>\n","protected":false},"featured_media":4362,"comment_status":"open","ping_status":"closed","template":"","meta":[],"product_brand":[],"product_cat":[17,760],"product_tag":[],"class_list":{"0":"post-4361","1":"product","2":"type-product","3":"status-publish","4":"has-post-thumbnail","6":"product_cat-noi-that-van-phong","7":"product_cat-tu-go-van-phong","9":"first","10":"instock","11":"taxable","12":"shipping-taxable","13":"purchasable","14":"product-type-simple"},"_links":{"self":[{"href":"https:\/\/noithathuuthinh.vn\/zh-hans\/wp-json\/wp\/v2\/product\/4361","targetHints":{"allow":["GET"]}}],"collection":[{"href":"https:\/\/noithathuuthinh.vn\/zh-hans\/wp-json\/wp\/v2\/product"}],"about":[{"href":"https:\/\/noithathuuthinh.vn\/zh-hans\/wp-json\/wp\/v2\/types\/product"}],"replies":[{"embeddable":true,"href":"https:\/\/noithathuuthinh.vn\/zh-hans\/wp-json\/wp\/v2\/comments?post=4361"}],"wp:featuredmedia":[{"embeddable":true,"href":"https:\/\/noithathuuthinh.vn\/zh-hans\/wp-json\/wp\/v2\/media\/4362"}],"wp:attachment":[{"href":"https:\/\/noithathuuthinh.vn\/zh-hans\/wp-json\/wp\/v2\/media?parent=4361"}],"wp:term":[{"taxonomy":"product_brand","embeddable":true,"href":"https:\/\/noithathuuthinh.vn\/zh-hans\/wp-json\/wp\/v2\/product_brand?post=4361"},{"taxonomy":"product_cat","embeddable":true,"href":"https:\/\/noithathuuthinh.vn\/zh-hans\/wp-json\/wp\/v2\/product_cat?post=4361"},{"taxonomy":"product_tag","embeddable":true,"href":"https:\/\/noithathuuthinh.vn\/zh-hans\/wp-json\/wp\/v2\/product_tag?post=4361"}],"curies":[{"name":"wp","href":"https:\/\/api.w.org\/{rel}","templated":true}]}}