{"id":4363,"date":"2025-11-21T09:43:47","date_gmt":"2025-11-21T02:43:47","guid":{"rendered":"https:\/\/noithathuuthinh.vn\/?post_type=product&#038;p=4363"},"modified":"2025-11-21T09:43:47","modified_gmt":"2025-11-21T02:43:47","slug":"tu-ho-so-nt1260n","status":"publish","type":"product","link":"https:\/\/noithathuuthinh.vn\/zh-hans\/san-pham\/tu-ho-so-nt1260n\/","title":{"rendered":"T\u1ee7 h\u1ed3 s\u01a1 NT1260N"},"content":{"rendered":"<p data-start=\"661\" data-end=\"1053\">T\u1ee7 h\u1ed3 s\u01a1 NT1260N l\u00e0 l\u1ef1a ch\u1ecdn ho\u00e0n h\u1ea3o d\u00e0nh cho c\u00e1c v\u0103n ph\u00f2ng c\u1ea7n m\u1ed9t m\u1eabu t\u1ee7 t\u00e0i li\u1ec7u m\u1edf, d\u1ec5 quan s\u00e1t, d\u1ec5 thao t\u00e1c nh\u01b0ng v\u1eabn \u0111\u1ea3m b\u1ea3o t\u00ednh th\u1ea9m m\u1ef9 v\u00e0 \u0111\u1ed9 b\u1ec1n cao. V\u1edbi thi\u1ebft k\u1ebf ba khoang \u0111\u1ec3 file d\u1ea1ng m\u1edf, s\u1ea3n ph\u1ea9m gi\u00fap ng\u01b0\u1eddi d\u00f9ng nhanh ch\u00f3ng t\u00ecm ki\u1ebfm v\u00e0 s\u1eafp x\u1ebfp t\u00e0i li\u1ec7u, r\u1ea5t ph\u00f9 h\u1ee3p cho nh\u1eefng kh\u00f4ng gian l\u00e0m vi\u1ec7c c\u00f3 l\u01b0\u1ee3ng h\u1ed3 s\u01a1 c\u1ea7n truy c\u1eadp th\u01b0\u1eddng xuy\u00ean.<\/p>\n<p data-start=\"1055\" data-end=\"1514\">\u0110i\u1ec3m n\u1ed5i b\u1eadt \u0111\u1ea7u ti\u00ean c\u1ee7a t\u1ee7 h\u1ed3 s\u01a1 NT1260N ch\u00ednh l\u00e0 s\u1ef1 k\u1ebft h\u1ee3p gi\u1eefa hai ch\u1ea5t li\u1ec7u Laminate v\u00e0 Melamine \u2013 m\u1ed9t l\u1ef1a ch\u1ecdn th\u00f4ng minh v\u1eeba mang l\u1ea1i v\u1ebb \u0111\u1eb9p sang tr\u1ecdng v\u1eeba \u0111\u1ea3m b\u1ea3o kh\u1ea3 n\u0103ng ch\u1ecbu l\u1ef1c, ch\u1ed1ng tr\u1ea7y x\u01b0\u1edbc, ch\u1ed1ng \u1ea9m v\u00e0 b\u1ec1n m\u00e0u. B\u1ec1 m\u1eb7t Laminate c\u1ee9ng ch\u1eafc, ch\u1ecbu \u0111\u01b0\u1ee3c va \u0111\u1eadp t\u1ed1t, c\u00f2n Melamine l\u1ea1i t\u1ea1o m\u00e0u s\u1eafc hi\u1ec7n \u0111\u1ea1i, tinh t\u1ebf, ph\u00f9 h\u1ee3p v\u1edbi \u0111a d\u1ea1ng kh\u00f4ng gian n\u1ed9i th\u1ea5t v\u0103n ph\u00f2ng. Ch\u00ednh s\u1ef1 k\u1ebft h\u1ee3p n\u00e0y gi\u00fap t\u1ee7 gi\u1eef \u0111\u01b0\u1ee3c v\u1ebb \u0111\u1eb9p l\u00e2u d\u00e0i trong su\u1ed1t qu\u00e1 tr\u00ecnh s\u1eed d\u1ee5ng.<\/p>\n<p data-start=\"1516\" data-end=\"2014\">V\u1ec1 c\u00f4ng n\u0103ng, NT1260N s\u1edf h\u1eefu 3 khoang \u0111\u1ec3 file b\u1ed1 tr\u00ed m\u1edf ho\u00e0n to\u00e0n, cho ph\u00e9p ng\u01b0\u1eddi d\u00f9ng d\u1ec5 d\u00e0ng ph\u00e2n lo\u1ea1i v\u00e0 c\u1ea5t gi\u1eef t\u00e0i li\u1ec7u theo t\u1eebng nh\u00f3m. Thi\u1ebft k\u1ebf m\u1edf gi\u00fap qu\u00e1 tr\u00ecnh l\u1ea5y \u2013 tr\u1ea3 h\u1ed3 s\u01a1 di\u1ec5n ra nhanh ch\u00f3ng, t\u1ed1i \u01b0u cho nh\u1eefng b\u1ed9 ph\u1eadn th\u01b0\u1eddng xuy\u00ean l\u00e0m vi\u1ec7c v\u1edbi gi\u1ea5y t\u1edd nh\u01b0 h\u00e0nh ch\u00ednh, k\u1ebf to\u00e1n, nh\u00e2n s\u1ef1, kinh doanh ho\u1eb7c c\u00e1c v\u0103n ph\u00f2ng nh\u1ecf. \u0110\u1ed3ng th\u1eddi, nh\u1eefng khoang m\u1edf d\u1ea1ng n\u00e0y c\u00f2n ph\u00f9 h\u1ee3p \u0111\u1ec3 tr\u01b0ng b\u00e0y t\u00e0i li\u1ec7u, s\u00e1ch, v\u1eadt d\u1ee5ng trang tr\u00ed ho\u1eb7c c\u00e1c thi\u1ebft b\u1ecb nh\u1ecf, g\u00f3p ph\u1ea7n n\u00e2ng cao t\u00ednh th\u1ea9m m\u1ef9 cho kh\u00f4ng gian.<\/p>\n<p data-start=\"2016\" data-end=\"2469\">V\u1edbi k\u00edch th\u01b0\u1edbc W800 x D400 x H1260 mm, t\u1ee7 NT1260N c\u00f3 chi\u1ec1u cao l\u1edbn h\u01a1n c\u00e1c m\u1eabu t\u1ee7 th\u1ea5p th\u00f4ng th\u01b0\u1eddng, t\u1ea1o n\u00ean kh\u00f4ng gian l\u01b0u tr\u1eef r\u1ed9ng r\u00e3i h\u01a1n m\u00e0 v\u1eabn gi\u1eef \u0111\u01b0\u1ee3c s\u1ef1 g\u1ecdn g\u00e0ng v\u00e0 ti\u1ebft ki\u1ec7m di\u1ec7n t\u00edch. Chi\u1ec1u s\u00e2u 400 mm l\u00e0 k\u00edch th\u01b0\u1edbc ti\u00eau chu\u1ea9n, \u0111\u1ea3m b\u1ea3o ch\u1ee9a \u0111\u01b0\u1ee3c c\u00e1c lo\u1ea1i file l\u1edbn, t\u00e0i li\u1ec7u kh\u1ed5 A4 \u2013 A3 v\u00e0 nh\u1eefng v\u1eadt d\u1ee5ng v\u0103n ph\u00f2ng kh\u00e1c. Thi\u1ebft k\u1ebf n\u00e0y \u0111\u1eb7c bi\u1ec7t ph\u00f9 h\u1ee3p cho v\u0103n ph\u00f2ng c\u1ea7n m\u1edf r\u1ed9ng kh\u1ea3 n\u0103ng l\u01b0u tr\u1eef nh\u01b0ng kh\u00f4ng mu\u1ed1n s\u1eed d\u1ee5ng t\u1ee7 h\u1ed3 s\u01a1 c\u00e1nh m\u1edf c\u1ed3ng k\u1ec1nh.<\/p>\n<p data-start=\"2471\" data-end=\"2830\">B\u00ean c\u1ea1nh t\u00ednh ti\u1ec7n d\u1ee5ng, NT1260N c\u00f2n t\u1ea1o \u1ea5n t\u01b0\u1ee3ng v\u1ec1 m\u1eb7t th\u1ea9m m\u1ef9. Ki\u1ec3u d\u00e1ng vu\u00f4ng v\u1ee9c, \u0111\u01b0\u1eddng n\u00e9t d\u1ee9t kho\u00e1t v\u00e0 gam m\u00e0u g\u1ed7 hi\u1ec7n \u0111\u1ea1i gi\u00fap t\u1ee7 d\u1ec5 d\u00e0ng k\u1ebft h\u1ee3p v\u1edbi c\u00e1c m\u1eabu b\u00e0n l\u00e0m vi\u1ec7c, h\u1ed9c di \u0111\u1ed9ng, k\u1ec7 s\u00e1ch ho\u1eb7c nh\u1eefng h\u1ec7 t\u1ee7 kh\u00e1c trong c\u00f9ng kh\u00f4ng gian. S\u1ea3n ph\u1ea9m mang l\u1ea1i c\u1ea3m gi\u00e1c g\u1ecdn g\u00e0ng, chuy\u00ean nghi\u1ec7p v\u00e0 gi\u00fap t\u1ed5ng th\u1ec3 v\u0103n ph\u00f2ng tr\u1edf n\u00ean s\u00e1ng s\u1ee7a, th\u00f4ng tho\u00e1ng h\u01a1n.<\/p>\n<p data-start=\"2832\" data-end=\"3193\">T\u1ee7 h\u1ed3 s\u01a1 NT1260N kh\u00f4ng ch\u1ec9 ph\u00f9 h\u1ee3p cho doanh nghi\u1ec7p m\u00e0 c\u00f2n l\u00e0 l\u1ef1a ch\u1ecdn tuy\u1ec7t v\u1eddi cho kh\u00f4ng gian l\u00e0m vi\u1ec7c t\u1ea1i nh\u00e0. V\u1edbi kh\u1ea3 n\u0103ng tr\u01b0ng b\u00e0y s\u00e1ch v\u1edf v\u00e0 t\u00e0i li\u1ec7u khoa h\u1ecdc, t\u1ee7 c\u00f3 th\u1ec3 thay th\u1ebf cho k\u1ec7 s\u00e1ch th\u00f4ng th\u01b0\u1eddng nh\u01b0ng v\u1eabn mang l\u1ea1i s\u1ef1 sang tr\u1ecdng v\u00e0 b\u1ec1n b\u1ec9 h\u01a1n. B\u1ec1 m\u1eb7t t\u1ee7 c\u00f2n c\u00f3 th\u1ec3 t\u1eadn d\u1ee5ng \u0111\u1ec3 \u0111\u1eb7t c\u00e2y xanh nh\u1ecf, v\u1eadt ph\u1ea9m trang tr\u00ed ho\u1eb7c c\u00e1c thi\u1ebft b\u1ecb v\u0103n ph\u00f2ng nh\u1eb9.<\/p>\n<p data-start=\"3195\" data-end=\"3485\">\u0110\u1ed9 b\u1ec1n cao l\u00e0 m\u1ed9t \u01b0u \u0111i\u1ec3m l\u1edbn c\u1ee7a NT1260N. Khung t\u1ee7 ch\u1eafc ch\u1eafn, c\u00e1c m\u00e9p g\u1ed7 \u0111\u01b0\u1ee3c x\u1eed l\u00fd bo c\u1ea1nh k\u1ef9 l\u01b0\u1ee1ng, h\u1ea1n ch\u1ebf va \u0111\u1eadp v\u00e0 t\u0103ng \u0111\u1ed9 an to\u00e0n khi s\u1eed d\u1ee5ng. T\u1ee7 \u0111\u1ea3m b\u1ea3o kh\u00f4ng cong v\u00eanh, kh\u00f4ng phai m\u00e0u v\u00e0 d\u1ec5 v\u1ec7 sinh, r\u1ea5t ph\u00f9 h\u1ee3p v\u1edbi m\u00f4i tr\u01b0\u1eddng v\u0103n ph\u00f2ng c\u1ea7n s\u1ef1 \u1ed5n \u0111\u1ecbnh v\u00e0 b\u1ec1n b\u1ec9 trong th\u1eddi gian d\u00e0i.<\/p>\n<p data-start=\"3487\" data-end=\"3879\" data-is-last-node=\"\" data-is-only-node=\"\">T\u00f3m l\u1ea1i, t\u1ee7 h\u1ed3 s\u01a1 NT1260N l\u00e0 s\u1ef1 k\u1ebft h\u1ee3p h\u00e0i h\u00f2a gi\u1eefa ch\u1ea5t li\u1ec7u cao c\u1ea5p, thi\u1ebft k\u1ebf m\u1edf ti\u1ec7n l\u1ee3i v\u00e0 ki\u1ec3u d\u00e1ng hi\u1ec7n \u0111\u1ea1i. S\u1ea3n ph\u1ea9m l\u00e0 gi\u1ea3i ph\u00e1p l\u01b0u tr\u1eef t\u1ed1i \u01b0u cho m\u1ecdi v\u0103n ph\u00f2ng \u0111ang t\u00ecm ki\u1ebfm m\u1ed9t m\u1eabu t\u1ee7 v\u1eeba \u0111\u1eb9p, v\u1eeba b\u1ec1n, v\u1eeba thu\u1eadn ti\u1ec7n trong qu\u00e1 tr\u00ecnh s\u1eed d\u1ee5ng h\u1eb1ng ng\u00e0y. N\u1ebfu b\u1ea1n c\u1ea7n m\u1ed9t t\u1ee7 h\u1ed3 s\u01a1 hi\u1ec7u qu\u1ea3, linh ho\u1ea1t v\u00e0 ph\u00f9 h\u1ee3p v\u1edbi nhi\u1ec1u kh\u00f4ng gian, NT1260N ch\u1eafc ch\u1eafn s\u1ebd l\u00e0 l\u1ef1a ch\u1ecdn kh\u00f4ng th\u1ec3 b\u1ecf qua.<\/p>\n","protected":false},"excerpt":{"rendered":"<p>T\u1ee7 h\u1ed3 s\u01a1 NT1260N l\u00e0 m\u1eabu t\u1ee7 t\u00e0i li\u1ec7u th\u1ea5p \u0111\u01b0\u1ee3c thi\u1ebft k\u1ebf hi\u1ec7n \u0111\u1ea1i, k\u1ebft h\u1ee3p gi\u1eefa hai ch\u1ea5t li\u1ec7u Laminate v\u00e0 Melamine gi\u00fap t\u0103ng \u0111\u1ed9 b\u1ec1n v\u00e0 t\u00ednh th\u1ea9m m\u1ef9. S\u1ea3n ph\u1ea9m g\u1ed3m 3 khoang \u0111\u1ec3 file d\u1ea1ng m\u1edf, kh\u00f4ng c\u00e1nh, thu\u1eadn ti\u1ec7n cho vi\u1ec7c l\u1ea5y h\u1ed3 s\u01a1 nhanh v\u00e0 s\u1eafp x\u1ebfp t\u00e0i li\u1ec7u khoa h\u1ecdc.<br data-start=\"317\" data-end=\"320\" \/>K\u00edch th\u01b0\u1edbc: W800 x D400 x H1260 mm<br data-start=\"354\" data-end=\"357\" \/>Xu\u1ea5t x\u1ee9: S\u1ea3n ph\u1ea9m c\u1ee7a c\u00f4ng ty N\u1ed8I TH\u1ea4T THE ONE \u2013 Ph\u00e2n ph\u1ed1i b\u1edfi C\u00d4NG TY TNHH SXTM TTNT H\u1eeeU TH\u1ecaNH<br data-start=\"452\" data-end=\"455\" \/>B\u1ea3o h\u00e0nh: 12 th\u00e1ng theo ti\u00eau chu\u1ea9n nh\u00e0 m\u00e1y<br data-start=\"497\" data-end=\"500\" \/><span style=\"color: #ed1c24;\"><em data-start=\"500\" data-end=\"652\" data-is-only-node=\"\">L\u01b0u \u00fd: Gi\u00e1 tr\u00ean ch\u01b0a bao g\u1ed3m VAT v\u00e0 ph\u00ed v\u1eadn chuy\u1ec3n. Gi\u00e1 s\u1ea3n ph\u1ea9m c\u00f3 th\u1ec3 thay \u0111\u1ed5i theo t\u1eebng th\u1eddi \u0111i\u1ec3m, vui l\u00f2ng li\u00ean h\u1ec7 \u0111\u1ec3 nh\u1eadn t\u01b0 v\u1ea5n \u01b0u \u0111\u00e3i t\u1ed1t nh\u1ea5t.<\/em><\/span><\/p>\n","protected":false},"featured_media":4364,"comment_status":"open","ping_status":"closed","template":"","meta":[],"product_brand":[],"product_cat":[17,760],"product_tag":[],"class_list":{"0":"post-4363","1":"product","2":"type-product","3":"status-publish","4":"has-post-thumbnail","6":"product_cat-noi-that-van-phong","7":"product_cat-tu-go-van-phong","9":"first","10":"instock","11":"taxable","12":"shipping-taxable","13":"purchasable","14":"product-type-simple"},"_links":{"self":[{"href":"https:\/\/noithathuuthinh.vn\/zh-hans\/wp-json\/wp\/v2\/product\/4363","targetHints":{"allow":["GET"]}}],"collection":[{"href":"https:\/\/noithathuuthinh.vn\/zh-hans\/wp-json\/wp\/v2\/product"}],"about":[{"href":"https:\/\/noithathuuthinh.vn\/zh-hans\/wp-json\/wp\/v2\/types\/product"}],"replies":[{"embeddable":true,"href":"https:\/\/noithathuuthinh.vn\/zh-hans\/wp-json\/wp\/v2\/comments?post=4363"}],"wp:featuredmedia":[{"embeddable":true,"href":"https:\/\/noithathuuthinh.vn\/zh-hans\/wp-json\/wp\/v2\/media\/4364"}],"wp:attachment":[{"href":"https:\/\/noithathuuthinh.vn\/zh-hans\/wp-json\/wp\/v2\/media?parent=4363"}],"wp:term":[{"taxonomy":"product_brand","embeddable":true,"href":"https:\/\/noithathuuthinh.vn\/zh-hans\/wp-json\/wp\/v2\/product_brand?post=4363"},{"taxonomy":"product_cat","embeddable":true,"href":"https:\/\/noithathuuthinh.vn\/zh-hans\/wp-json\/wp\/v2\/product_cat?post=4363"},{"taxonomy":"product_tag","embeddable":true,"href":"https:\/\/noithathuuthinh.vn\/zh-hans\/wp-json\/wp\/v2\/product_tag?post=4363"}],"curies":[{"name":"wp","href":"https:\/\/api.w.org\/{rel}","templated":true}]}}