{"id":4365,"date":"2025-11-21T09:52:18","date_gmt":"2025-11-21T02:52:18","guid":{"rendered":"https:\/\/noithathuuthinh.vn\/?post_type=product&#038;p=4365"},"modified":"2025-11-21T09:53:37","modified_gmt":"2025-11-21T02:53:37","slug":"tu-ho-so-nt1260sdn","status":"publish","type":"product","link":"https:\/\/noithathuuthinh.vn\/zh-hans\/san-pham\/tu-ho-so-nt1260sdn\/","title":{"rendered":"T\u1ee7 h\u1ed3 s\u01a1 NT1260SDN"},"content":{"rendered":"<p data-start=\"675\" data-end=\"1060\">T\u1ee7 h\u1ed3 s\u01a1 NT1260SDN l\u00e0 gi\u1ea3i ph\u00e1p l\u01b0u tr\u1eef th\u00f4ng minh v\u00e0 ti\u1ec7n d\u1ee5ng d\u00e0nh cho nh\u1eefng v\u0103n ph\u00f2ng c\u1ea7n kh\u00f4ng gian ch\u1ee9a t\u00e0i li\u1ec7u linh ho\u1ea1t nh\u01b0ng v\u1eabn mu\u1ed1n gi\u1eef s\u1ef1 g\u1ecdn g\u00e0ng, s\u1ea1ch s\u1ebd v\u00e0 th\u1ea9m m\u1ef9. V\u1edbi s\u1ef1 k\u1ebft h\u1ee3p h\u00e0i h\u00f2a gi\u1eefa hai khoang m\u1edf v\u00e0 khoang c\u00f3 c\u00e1nh, m\u1eabu t\u1ee7 n\u00e0y mang \u0111\u1ebfn s\u1ef1 c\u00e2n b\u1eb1ng ho\u00e0n h\u1ea3o gi\u1eefa kh\u1ea3 n\u0103ng ti\u1ebfp c\u1eadn nhanh v\u00e0 b\u1ea3o m\u1eadt t\u1ed1t h\u01a1n cho t\u00e0i li\u1ec7u.<\/p>\n<p data-start=\"1062\" data-end=\"1460\">\u0110i\u1ec3m n\u1ed5i b\u1eadt tr\u01b0\u1edbc ti\u00ean c\u1ee7a t\u1ee7 h\u1ed3 s\u01a1 NT1260SDN ch\u00ednh l\u00e0 ch\u1ea5t li\u1ec7u Laminate v\u00e0 Melamine \u0111\u01b0\u1ee3c \u1ee9ng d\u1ee5ng tr\u00ean to\u00e0n b\u1ed9 b\u1ec1 m\u1eb7t t\u1ee7. Laminate mang \u0111\u1ebfn kh\u1ea3 n\u0103ng ch\u1ed1ng tr\u1ea7y x\u01b0\u1edbc, ch\u1ed1ng va \u0111\u1eadp cao, trong khi Melamine gi\u00fap s\u1ea3n ph\u1ea9m b\u1ec1n m\u00e0u, ch\u1ed1ng \u1ea9m v\u00e0 d\u1ec5 v\u1ec7 sinh. Nh\u1edd v\u1eady, NT1260SDN c\u00f3 th\u1ec3 duy tr\u00ec v\u1ebb \u0111\u1eb9p hi\u1ec7n \u0111\u1ea1i trong th\u1eddi gian d\u00e0i, k\u1ec3 c\u1ea3 khi \u0111\u1eb7t trong m\u00f4i tr\u01b0\u1eddng v\u0103n ph\u00f2ng c\u00f3 c\u01b0\u1eddng \u0111\u1ed9 s\u1eed d\u1ee5ng n\u1ed9i th\u1ea5t cao.<\/p>\n<p data-start=\"1462\" data-end=\"1832\">Thi\u1ebft k\u1ebf t\u1ee7 g\u1ed3m 2 khoang \u0111\u1ec3 file d\u1ea1ng m\u1edf b\u1ed1 tr\u00ed ph\u00eda tr\u00ean, n\u01a1i ng\u01b0\u1eddi d\u00f9ng c\u00f3 th\u1ec3 l\u01b0u tr\u1eef c\u00e1c lo\u1ea1i h\u1ed3 s\u01a1 c\u1ea7n truy c\u1eadp nhanh, t\u00e0i li\u1ec7u c\u00f4ng vi\u1ec7c th\u01b0\u1eddng xuy\u00ean ho\u1eb7c v\u1eadt d\u1ee5ng trang tr\u00ed nh\u01b0 s\u00e1ch, k\u1ec7 folder, h\u1ed9p l\u01b0u tr\u1eef. C\u00e1c khoang m\u1edf n\u00e0y \u0111\u01b0\u1ee3c thi\u1ebft k\u1ebf \u0111\u1ee7 cao v\u00e0 r\u1ed9ng \u0111\u1ec3 ph\u00f9 h\u1ee3p v\u1edbi kh\u1ed5 file th\u00f4ng d\u1ee5ng, gi\u00fap vi\u1ec7c s\u1eafp x\u1ebfp v\u00e0 qu\u1ea3n l\u00fd t\u00e0i li\u1ec7u tr\u1edf n\u00ean khoa h\u1ecdc v\u00e0 thu\u1eadn ti\u1ec7n h\u01a1n.<\/p>\n<p data-start=\"1834\" data-end=\"2290\">Ph\u00eda d\u01b0\u1edbi t\u1ee7 l\u00e0 khoang c\u00f3 c\u00e1nh m\u1edf, \u0111\u00f3ng vai tr\u00f2 nh\u01b0 kh\u00f4ng gian l\u01b0u tr\u1eef k\u00edn \u0111\u00e1o v\u00e0 an to\u00e0n h\u01a1n. Khoang n\u00e0y r\u1ea5t th\u00edch h\u1ee3p \u0111\u1ec3 l\u01b0u tr\u1eef nh\u1eefng t\u00e0i li\u1ec7u quan tr\u1ecdng, v\u1eadt d\u1ee5ng c\u00e1 nh\u00e2n ho\u1eb7c c\u00e1c thi\u1ebft b\u1ecb, h\u1ed3 s\u01a1 \u00edt s\u1eed d\u1ee5ng. C\u00e1nh m\u1edf ho\u1ea1t \u0111\u1ed9ng \u00eam \u00e1i nh\u1edd h\u1ec7 b\u1ea3n l\u1ec1 ch\u1ea5t l\u01b0\u1ee3ng cao, \u0111\u1ea3m b\u1ea3o \u0111\u1ed9 b\u1ec1n l\u1edbn theo th\u1eddi gian v\u00e0 mang \u0111\u1ebfn tr\u1ea3i nghi\u1ec7m \u0111\u00f3ng m\u1edf m\u01b0\u1ee3t m\u00e0. Thi\u1ebft k\u1ebf c\u00e1nh gi\u00fap t\u1ed5ng th\u1ec3 t\u1ee7 tr\u00f4ng g\u1ecdn g\u00e0ng, kh\u00f4ng l\u1ed9 t\u00e0i li\u1ec7u, ph\u00f9 h\u1ee3p v\u1edbi nh\u1eefng v\u0103n ph\u00f2ng \u01b0u ti\u00ean t\u00ednh th\u1ea9m m\u1ef9.<\/p>\n<p data-start=\"2292\" data-end=\"2661\">V\u1edbi k\u00edch th\u01b0\u1edbc W800 x D400 x H1260 mm, NT1260SDN mang \u0111\u1ebfn kh\u00f4ng gian l\u01b0u tr\u1eef r\u1ed9ng r\u00e3i m\u00e0 kh\u00f4ng chi\u1ebfm nhi\u1ec1u di\u1ec7n t\u00edch m\u1eb7t b\u1eb1ng. Chi\u1ec1u cao 1260 mm gi\u00fap t\u1ee7 \u0111\u00e1p \u1ee9ng t\u1ed1t nhu c\u1ea7u l\u01b0u tr\u1eef l\u1edbn h\u01a1n so v\u1edbi c\u00e1c m\u1eabu t\u1ee7 th\u1ea5p th\u00f4ng th\u01b0\u1eddng, \u0111\u1ed3ng th\u1eddi v\u1eabn gi\u1eef \u0111\u01b0\u1ee3c s\u1ef1 g\u1ecdn nh\u1eb9 \u0111\u1ec3 d\u1ec5 d\u00e0ng b\u1ed1 tr\u00ed \u1edf nhi\u1ec1u v\u1ecb tr\u00ed trong v\u0103n ph\u00f2ng nh\u01b0 g\u00f3c ph\u00f2ng, c\u1ea1nh b\u00e0n l\u00e0m vi\u1ec7c ho\u1eb7c khu v\u1ef1c l\u01b0u tr\u1eef chung.<\/p>\n<p data-start=\"2663\" data-end=\"3081\">B\u00ean c\u1ea1nh c\u00f4ng n\u0103ng, NT1260SDN c\u00f2n g\u00e2y \u1ea5n t\u01b0\u1ee3ng b\u1edfi thi\u1ebft k\u1ebf \u0111\u1eb9p m\u1eaft v\u1edbi c\u00e1c \u0111\u01b0\u1eddng n\u00e9t vu\u00f4ng v\u1ee9c, hi\u1ec7n \u0111\u1ea1i. Gam m\u00e0u g\u1ed7 k\u1ebft h\u1ee3p c\u00f9ng b\u1ec1 m\u1eb7t Laminate \u2013 Melamine mang l\u1ea1i c\u1ea3m gi\u00e1c t\u1ed5ng th\u1ec3 tinh t\u1ebf, sang tr\u1ecdng v\u00e0 r\u1ea5t d\u1ec5 ph\u1ed1i h\u1ee3p v\u1edbi c\u00e1c m\u1eabu b\u00e0n l\u00e0m vi\u1ec7c, t\u1ee7 ph\u1ee5, h\u1ed9c di \u0111\u1ed9ng ho\u1eb7c c\u00e1c h\u1ec7 t\u1ee7 The One kh\u00e1c. \u0110\u00e2y l\u00e0 m\u1ed9t trong nh\u1eefng \u01b0u \u0111i\u1ec3m khi\u1ebfn s\u1ea3n ph\u1ea9m \u0111\u01b0\u1ee3c nhi\u1ec1u doanh nghi\u1ec7p l\u1ef1a ch\u1ecdn khi thi\u1ebft k\u1ebf n\u1ed9i th\u1ea5t v\u0103n ph\u00f2ng \u0111\u1ed3ng b\u1ed9.<\/p>\n<p data-start=\"3083\" data-end=\"3402\">T\u1ee7 h\u1ed3 s\u01a1 NT1260SDN c\u0169ng c\u00f3 th\u1ec3 \u0111\u01b0\u1ee3c \u1ee9ng d\u1ee5ng hi\u1ec7u qu\u1ea3 trong kh\u00f4ng gian l\u00e0m vi\u1ec7c t\u1ea1i nh\u00e0 nh\u1edd k\u00edch th\u01b0\u1edbc v\u1eeba ph\u1ea3i, \u0111\u00e1p \u1ee9ng c\u1ea3 nhu c\u1ea7u l\u01b0u tr\u1eef t\u00e0i li\u1ec7u v\u00e0 nhu c\u1ea7u trang tr\u00ed. B\u1ec1 m\u1eb7t ph\u00eda tr\u00ean t\u1ee7 c\u00f3 th\u1ec3 t\u1eadn d\u1ee5ng \u0111\u1ec3 \u0111\u1eb7t m\u00e1y in, c\u00e2y xanh mini, v\u1eadt ph\u1ea9m trang tr\u00ed ho\u1eb7c khung \u1ea3nh, gi\u00fap kh\u00f4ng gian l\u00e0m vi\u1ec7c tr\u1edf n\u00ean sinh \u0111\u1ed9ng h\u01a1n.<\/p>\n<p data-start=\"3404\" data-end=\"3734\">V\u1ec1 \u0111\u1ed9 b\u1ec1n, s\u1ea3n ph\u1ea9m \u0111\u01b0\u1ee3c ch\u1ebf t\u00e1c t\u1eeb c\u1ed1t g\u1ed7 c\u00f4ng nghi\u1ec7p ch\u1ea5t l\u01b0\u1ee3ng cao, x\u1eed l\u00fd k\u1ef9 l\u01b0\u1ee1ng, h\u1ea1n ch\u1ebf cong v\u00eanh v\u00e0 mang l\u1ea1i \u0111\u1ed9 \u1ed5n \u0111\u1ecbnh l\u00e2u d\u00e0i. M\u00e9p t\u1ee7 \u0111\u01b0\u1ee3c bo c\u1ea1nh s\u1eafc n\u00e9t, an to\u00e0n cho ng\u01b0\u1eddi d\u00f9ng v\u00e0 t\u0103ng t\u00ednh th\u1ea9m m\u1ef9. \u0110\u00e2y l\u00e0 m\u1eabu t\u1ee7 h\u1ee9a h\u1eb9n mang l\u1ea1i hi\u1ec7u qu\u1ea3 l\u00e2u d\u00e0i trong qu\u00e1 tr\u00ecnh s\u1eed d\u1ee5ng, ph\u00f9 h\u1ee3p v\u1edbi m\u1ecdi m\u00f4i tr\u01b0\u1eddng v\u0103n ph\u00f2ng hi\u1ec7n \u0111\u1ea1i.<\/p>\n<p data-start=\"3736\" data-end=\"4191\" data-is-last-node=\"\" data-is-only-node=\"\">T\u00f3m l\u1ea1i, t\u1ee7 h\u1ed3 s\u01a1 NT1260SDN l\u00e0 l\u1ef1a ch\u1ecdn ho\u00e0n h\u1ea3o cho nh\u1eefng ai \u0111ang t\u00ecm ki\u1ebfm m\u1ed9t m\u1eabu t\u1ee7 l\u01b0u tr\u1eef \u0111a d\u1ea1ng ch\u1ee9c n\u0103ng, linh ho\u1ea1t, b\u1ec1n b\u1ec9 v\u00e0 \u0111\u1eb9p m\u1eaft. V\u1edbi thi\u1ebft k\u1ebf k\u1ebft h\u1ee3p gi\u1eefa khoang m\u1edf v\u00e0 khoang c\u00e1nh, s\u1ea3n ph\u1ea9m kh\u00f4ng ch\u1ec9 t\u1ed1i \u01b0u h\u00f3a kh\u1ea3 n\u0103ng l\u01b0u tr\u1eef m\u00e0 c\u00f2n n\u00e2ng t\u1ea7m kh\u00f4ng gian l\u00e0m vi\u1ec7c th\u00eam chuy\u00ean nghi\u1ec7p v\u00e0 ti\u1ec7n nghi. N\u1ebfu b\u1ea1n \u0111ang c\u1ea7n m\u1ed9t m\u1eabu t\u1ee7 h\u1ed3 s\u01a1 ch\u1ea5t l\u01b0\u1ee3ng cho v\u0103n ph\u00f2ng ho\u1eb7c kh\u00f4ng gian l\u00e0m vi\u1ec7c t\u1ea1i nh\u00e0, NT1260SDN ch\u1eafc ch\u1eafn l\u00e0 gi\u1ea3i ph\u00e1p \u0111\u00e1ng \u0111\u1ec3 c\u00e2n nh\u1eafc.<\/p>\n","protected":false},"excerpt":{"rendered":"<p>T\u1ee7 h\u1ed3 s\u01a1 NT1260SDN l\u00e0 m\u1eabu t\u1ee7 t\u00e0i li\u1ec7u thi\u1ebft k\u1ebf hi\u1ec7n \u0111\u1ea1i, k\u1ebft h\u1ee3p h\u00e0i h\u00f2a gi\u1eefa hai ch\u1ea5t li\u1ec7u Laminate v\u00e0 Melamine gi\u00fap t\u0103ng \u0111\u1ed9 b\u1ec1n v\u00e0 th\u1ea9m m\u1ef9. S\u1ea3n ph\u1ea9m g\u1ed3m 2 khoang \u0111\u1ec3 file d\u1ea1ng m\u1edf ph\u00eda tr\u00ean v\u00e0 khoang d\u01b0\u1edbi c\u00f3 c\u00e1nh m\u1edf, \u0111\u00e1p \u1ee9ng nhu c\u1ea7u l\u01b0u tr\u1eef \u0111a d\u1ea1ng v\u00e0 g\u1ecdn g\u00e0ng cho v\u0103n ph\u00f2ng.<br data-start=\"331\" data-end=\"334\" \/>K\u00edch th\u01b0\u1edbc: W800 x D400 x H1260 mm<br data-start=\"368\" data-end=\"371\" \/>Xu\u1ea5t x\u1ee9: S\u1ea3n ph\u1ea9m c\u1ee7a c\u00f4ng ty N\u1ed8I TH\u1ea4T THE ONE \u2013 Ph\u00e2n ph\u1ed1i b\u1edfi C\u00d4NG TY TNHH SXTM TTNT H\u1eeeU TH\u1ecaNH<br data-start=\"466\" data-end=\"469\" \/>B\u1ea3o h\u00e0nh: 12 th\u00e1ng theo ti\u00eau chu\u1ea9n nh\u00e0 m\u00e1y<br data-start=\"511\" data-end=\"514\" \/><span style=\"color: #ed1c24;\"><em data-start=\"514\" data-end=\"666\">L\u01b0u \u00fd: Gi\u00e1 tr\u00ean ch\u01b0a bao g\u1ed3m VAT v\u00e0 ph\u00ed v\u1eadn chuy\u1ec3n. Gi\u00e1 s\u1ea3n ph\u1ea9m c\u00f3 th\u1ec3 thay \u0111\u1ed5i theo t\u1eebng th\u1eddi \u0111i\u1ec3m, vui l\u00f2ng li\u00ean h\u1ec7 \u0111\u1ec3 nh\u1eadn t\u01b0 v\u1ea5n \u01b0u \u0111\u00e3i t\u1ed1t nh\u1ea5t.<\/em><\/span><\/p>\n","protected":false},"featured_media":4366,"comment_status":"open","ping_status":"closed","template":"","meta":[],"product_brand":[],"product_cat":[17,760],"product_tag":[],"class_list":{"0":"post-4365","1":"product","2":"type-product","3":"status-publish","4":"has-post-thumbnail","6":"product_cat-noi-that-van-phong","7":"product_cat-tu-go-van-phong","9":"first","10":"instock","11":"taxable","12":"shipping-taxable","13":"purchasable","14":"product-type-simple"},"_links":{"self":[{"href":"https:\/\/noithathuuthinh.vn\/zh-hans\/wp-json\/wp\/v2\/product\/4365","targetHints":{"allow":["GET"]}}],"collection":[{"href":"https:\/\/noithathuuthinh.vn\/zh-hans\/wp-json\/wp\/v2\/product"}],"about":[{"href":"https:\/\/noithathuuthinh.vn\/zh-hans\/wp-json\/wp\/v2\/types\/product"}],"replies":[{"embeddable":true,"href":"https:\/\/noithathuuthinh.vn\/zh-hans\/wp-json\/wp\/v2\/comments?post=4365"}],"wp:featuredmedia":[{"embeddable":true,"href":"https:\/\/noithathuuthinh.vn\/zh-hans\/wp-json\/wp\/v2\/media\/4366"}],"wp:attachment":[{"href":"https:\/\/noithathuuthinh.vn\/zh-hans\/wp-json\/wp\/v2\/media?parent=4365"}],"wp:term":[{"taxonomy":"product_brand","embeddable":true,"href":"https:\/\/noithathuuthinh.vn\/zh-hans\/wp-json\/wp\/v2\/product_brand?post=4365"},{"taxonomy":"product_cat","embeddable":true,"href":"https:\/\/noithathuuthinh.vn\/zh-hans\/wp-json\/wp\/v2\/product_cat?post=4365"},{"taxonomy":"product_tag","embeddable":true,"href":"https:\/\/noithathuuthinh.vn\/zh-hans\/wp-json\/wp\/v2\/product_tag?post=4365"}],"curies":[{"name":"wp","href":"https:\/\/api.w.org\/{rel}","templated":true}]}}