{"id":4374,"date":"2025-11-21T10:46:05","date_gmt":"2025-11-21T03:46:05","guid":{"rendered":"https:\/\/noithathuuthinh.vn\/?post_type=product&#038;p=4374"},"modified":"2025-11-21T10:47:11","modified_gmt":"2025-11-21T03:47:11","slug":"tu-ho-so-nt1960-3g4dn","status":"publish","type":"product","link":"https:\/\/noithathuuthinh.vn\/zh-hans\/san-pham\/tu-ho-so-nt1960-3g4dn\/","title":{"rendered":"T\u1ee7 h\u1ed3 s\u01a1 NT1960-3G4DN"},"content":{"rendered":"<p data-start=\"657\" data-end=\"1113\">T\u1ee7 h\u1ed3 s\u01a1 NT1960-3G4DN l\u00e0 s\u1ea3n ph\u1ea9m t\u1ee7 v\u0103n ph\u00f2ng hi\u1ec7n \u0111\u1ea1i thu\u1ed9c d\u00f2ng n\u1ed9i th\u1ea5t Melamine cao c\u1ea5p, \u0111\u01b0\u1ee3c thi\u1ebft k\u1ebf d\u00e0nh cho kh\u00f4ng gian l\u00e0m vi\u1ec7c chuy\u00ean nghi\u1ec7p \u0111\u00f2i h\u1ecfi kh\u1ea3 n\u0103ng l\u01b0u tr\u1eef l\u1edbn, t\u00ednh th\u1ea9m m\u1ef9 cao v\u00e0 s\u1ef1 ti\u1ec7n d\u1ee5ng trong qu\u00e1 tr\u00ecnh s\u1eed d\u1ee5ng. V\u1edbi c\u1ea5u tr\u00fac 3 khoang k\u1ebft h\u1ee3p gi\u1eefa c\u00e1nh k\u00ednh v\u00e0 c\u00e1nh g\u1ed7, s\u1ea3n ph\u1ea9m mang \u0111\u1ebfn m\u1ed9t gi\u1ea3i ph\u00e1p l\u01b0u tr\u1eef th\u00f4ng minh, linh ho\u1ea1t v\u00e0 ph\u00f9 h\u1ee3p cho nhi\u1ec1u nhu c\u1ea7u kh\u00e1c nhau c\u1ee7a doanh nghi\u1ec7p.<\/p>\n<p data-start=\"1115\" data-end=\"1602\">Ph\u1ea7n tr\u00ean c\u1ee7a t\u1ee7 NT1960-3G4DN bao g\u1ed3m ba c\u00e1nh k\u00ednh sang tr\u1ecdng, cho ph\u00e9p tr\u01b0ng b\u00e0y t\u00e0i li\u1ec7u, s\u00e1ch tham kh\u1ea3o, h\u1ed3 s\u01a1 quan tr\u1ecdng ho\u1eb7c c\u00e1c v\u1eadt ph\u1ea9m trang tr\u00ed nh\u01b0 c\u00fap, bi\u1ec3u tr\u01b0ng, m\u00f4 h\u00ecnh\u2026 nh\u1edd kh\u1ea3 n\u0103ng quan s\u00e1t d\u1ec5 d\u00e0ng qua l\u1edbp k\u00ednh trong. Thi\u1ebft k\u1ebf c\u00e1nh k\u00ednh gi\u00fap kh\u00f4ng gian tr\u1edf n\u00ean tho\u00e1ng h\u01a1n, \u0111\u1ed3ng th\u1eddi mang \u0111\u1ebfn v\u1ebb \u0111\u1eb9p tinh t\u1ebf, hi\u1ec7n \u0111\u1ea1i cho v\u0103n ph\u00f2ng. \u0110\u00e2y l\u00e0 l\u1ef1a ch\u1ecdn l\u00fd t\u01b0\u1edfng cho nh\u1eefng n\u01a1i th\u01b0\u1eddng xuy\u00ean ti\u1ebfp \u0111\u00f3n kh\u00e1ch h\u00e0ng, \u0111\u1ed1i t\u00e1c v\u00e0 c\u1ea7n th\u1ec3 hi\u1ec7n s\u1ef1 chuy\u00ean nghi\u1ec7p trong kh\u00f4ng gian l\u00e0m vi\u1ec7c.<\/p>\n<p data-start=\"1604\" data-end=\"2064\">Ph\u1ea7n d\u01b0\u1edbi c\u1ee7a t\u1ee7 \u0111\u01b0\u1ee3c b\u1ed1 tr\u00ed hai c\u00e1nh g\u1ed7 m\u1edf ch\u1eafc ch\u1eafn, cho ph\u00e9p ch\u1ee9a l\u01b0\u1ee3ng l\u1edbn t\u00e0i li\u1ec7u v\u00e0 v\u1eadt d\u1ee5ng v\u0103n ph\u00f2ng m\u1ed9t c\u00e1ch k\u00edn \u0111\u00e1o v\u00e0 an to\u00e0n. \u0110i\u1ec1u n\u00e0y gi\u00fap t\u1ed5ng th\u1ec3 kh\u00f4ng gian tr\u1edf n\u00ean g\u1ecdn g\u00e0ng, th\u1ea9m m\u1ef9 h\u01a1n khi c\u00e1c v\u1eadt d\u1ee5ng kh\u00f4ng c\u1ea7n tr\u01b0ng b\u00e0y \u0111\u01b0\u1ee3c c\u1ea5t trong khoang k\u00edn. B\u00ean c\u1ea1nh \u0111\u00f3, t\u1ee7 c\u00f2n \u0111\u01b0\u1ee3c trang b\u1ecb th\u00eam ng\u0103n k\u00e9o gi\u00fap ng\u01b0\u1eddi d\u00f9ng d\u1ec5 d\u00e0ng l\u01b0u c\u00e1c lo\u1ea1i h\u1ed3 s\u01a1 nh\u1ecf, gi\u1ea5y t\u1edd quan tr\u1ecdng ho\u1eb7c c\u00e1c v\u1eadt d\u1ee5ng c\u00e1 nh\u00e2n, \u0111\u1ea3m b\u1ea3o s\u1ef1 ti\u1ec7n l\u1ee3i t\u1ed1i \u0111a trong qu\u00e1 tr\u00ecnh s\u1eed d\u1ee5ng.<\/p>\n<p data-start=\"2066\" data-end=\"2401\">\u0110\u01b0\u1ee3c s\u1ea3n xu\u1ea5t ho\u00e0n to\u00e0n t\u1eeb g\u1ed7 Melamine ch\u1ea5t l\u01b0\u1ee3ng cao, t\u1ee7 h\u1ed3 s\u01a1 NT1960-3G4DN c\u00f3 kh\u1ea3 n\u0103ng ch\u1ed1ng \u1ea9m, ch\u1ed1ng tr\u1ea7y x\u01b0\u1edbc v\u00e0 ch\u1ed1ng m\u1ed1i m\u1ecdt hi\u1ec7u qu\u1ea3, gi\u00fap s\u1ea3n ph\u1ea9m gi\u1eef \u0111\u01b0\u1ee3c \u0111\u1ed9 b\u1ec1n v\u00e0 v\u1ebb \u0111\u1eb9p nh\u01b0 m\u1edbi trong su\u1ed1t th\u1eddi gian d\u00e0i. Melamine c\u00f2n n\u1ed5i b\u1eadt v\u1edbi b\u1ec1 m\u1eb7t m\u1ecbn, d\u1ec5 lau ch\u00f9i, ph\u00f9 h\u1ee3p v\u1edbi m\u00f4i tr\u01b0\u1eddng v\u0103n ph\u00f2ng y\u00eau c\u1ea7u t\u00ednh s\u1ea1ch s\u1ebd v\u00e0 th\u1ea9m m\u1ef9 cao.<\/p>\n<p data-start=\"2403\" data-end=\"2849\">V\u1edbi k\u00edch th\u01b0\u1edbc ti\u00eau chu\u1ea9n W1200 x D400 x H1960 mm, s\u1ea3n ph\u1ea9m mang l\u1ea1i kh\u1ea3 n\u0103ng l\u01b0u tr\u1eef l\u1edbn nh\u01b0ng v\u1eabn \u0111\u1ea3m b\u1ea3o t\u1ef7 l\u1ec7 c\u00e2n \u0111\u1ed1i, d\u1ec5 b\u1ed1 tr\u00ed trong nhi\u1ec1u kh\u00f4ng gian kh\u00e1c nhau. Chi\u1ec1u cao 1960 mm gi\u00fap t\u1eadn d\u1ee5ng t\u1ed1i \u0111a di\u1ec7n t\u00edch theo chi\u1ec1u \u0111\u1ee9ng, r\u1ea5t ph\u00f9 h\u1ee3p v\u1edbi nh\u1eefng v\u0103n ph\u00f2ng c\u00f3 di\u1ec7n t\u00edch v\u1eeba v\u00e0 nh\u1ecf nh\u01b0ng c\u1ea7n ch\u1ee9a s\u1ed1 l\u01b0\u1ee3ng l\u1edbn t\u00e0i li\u1ec7u. B\u1ec1 r\u1ed9ng 1200 mm \u0111\u1ee7 \u0111\u1ec3 chia t\u1ee7 th\u00e0nh 3 khoang l\u1edbn, gi\u00fap ng\u01b0\u1eddi d\u00f9ng d\u1ec5 d\u00e0ng ph\u00e2n lo\u1ea1i v\u00e0 s\u1eafp x\u1ebfp h\u1ed3 s\u01a1 m\u1ed9t c\u00e1ch khoa h\u1ecdc.<\/p>\n<p data-start=\"2851\" data-end=\"3259\">T\u1ee7 h\u1ed3 s\u01a1 NT1960-3G4DN kh\u00f4ng ch\u1ec9 \u0111\u00e1p \u1ee9ng nhu c\u1ea7u l\u01b0u tr\u1eef m\u00e0 c\u00f2n g\u00f3p ph\u1ea7n t\u1ea1o n\u00ean phong c\u00e1ch n\u1ed9i th\u1ea5t hi\u1ec7n \u0111\u1ea1i, chuy\u00ean nghi\u1ec7p. Thi\u1ebft k\u1ebf vu\u00f4ng v\u1ee9c, s\u1eafc n\u00e9t, m\u00e0u s\u1eafc trang nh\u00e3 gi\u00fap t\u1ee7 d\u1ec5 d\u00e0ng k\u1ebft h\u1ee3p v\u1edbi c\u00e1c \u0111\u1ed3 n\u1ed9i th\u1ea5t kh\u00e1c nh\u01b0 b\u00e0n l\u00e0m vi\u1ec7c, t\u1ee7 ph\u1ee5, k\u1ec7 trang tr\u00ed\u2026 S\u1ea3n ph\u1ea9m ph\u00f9 h\u1ee3p s\u1eed d\u1ee5ng t\u1ea1i v\u0103n ph\u00f2ng c\u00f4ng ty, c\u01a1 quan nh\u00e0 n\u01b0\u1edbc, tr\u01b0\u1eddng h\u1ecdc, ph\u00f2ng gi\u00e1m \u0111\u1ed1c, ph\u00f2ng h\u1ecdp v\u00e0 th\u1eadm ch\u00ed c\u1ea3 kh\u00f4ng gian l\u00e0m vi\u1ec7c t\u1ea1i nh\u00e0.<\/p>\n<p data-start=\"3261\" data-end=\"3542\">\u0110\u01b0\u1ee3c s\u1ea3n xu\u1ea5t theo ti\u00eau chu\u1ea9n c\u1ee7a N\u1ed9i Th\u1ea5t The One, t\u1ee7 NT1960-3G4DN \u0111\u1ea3m b\u1ea3o \u0111\u1ed9 ho\u00e0n thi\u1ec7n cao, k\u1ebft c\u1ea5u ch\u1eafc ch\u1eafn, v\u1eadn h\u00e0nh b\u1ec1n b\u1ec9 v\u00e0 ch\u1ea5t l\u01b0\u1ee3ng \u1ed5n \u0111\u1ecbnh. \u0110\u00e2y l\u00e0 l\u1ef1a ch\u1ecdn \u0111\u00e1ng \u0111\u1ec3 \u0111\u1ea7u t\u01b0 cho doanh nghi\u1ec7p \u0111ang t\u00ecm ki\u1ebfm m\u1ed9t m\u1eabu t\u1ee7 h\u1ed3 s\u01a1 v\u1eeba \u0111\u1eb9p v\u1eeba ti\u1ec7n d\u1ee5ng, mang l\u1ea1i hi\u1ec7u qu\u1ea3 l\u00e2u d\u00e0i.<\/p>\n<p data-start=\"3544\" data-end=\"3784\" data-is-last-node=\"\" data-is-only-node=\"\">Qu\u00fd kh\u00e1ch h\u00e0ng quan t\u00e2m \u0111\u1ebfn t\u1ee7 h\u1ed3 s\u01a1 NT1960-3G4DN vui l\u00f2ng li\u00ean h\u1ec7 H\u1eefu Th\u1ecbnh \u0111\u1ec3 \u0111\u01b0\u1ee3c t\u01b0 v\u1ea5n chi ti\u1ebft, h\u1ed7 tr\u1ee3 k\u1ef9 thu\u1eadt v\u00e0 nh\u1eadn b\u00e1o gi\u00e1 \u01b0u \u0111\u00e3i nh\u1ea5t. S\u1ea3n ph\u1ea9m ch\u00ednh h\u00e3ng \u2013 ch\u1ea5t l\u01b0\u1ee3ng \u0111\u1ea3m b\u1ea3o \u2013 d\u1ecbch v\u1ee5 t\u1eadn t\u00e2m s\u1ebd mang \u0111\u1ebfn s\u1ef1 h\u00e0i l\u00f2ng tuy\u1ec7t \u0111\u1ed1i.<\/p>\n","protected":false},"excerpt":{"rendered":"<p>T\u1ee7 h\u1ed3 s\u01a1 NT1960-3G4DN l\u00e0 m\u1eabu t\u1ee7 v\u0103n ph\u00f2ng 3 khoang ch\u1ea5t li\u1ec7u g\u1ed7 Melamine, \u0111\u01b0\u1ee3c thi\u1ebft k\u1ebf v\u1edbi ph\u1ea7n tr\u00ean g\u1ed3m 3 c\u00e1nh k\u00ednh tr\u01b0ng b\u00e0y t\u00e0i li\u1ec7u v\u00e0 ph\u1ea7n d\u01b0\u1edbi c\u00f3 2 c\u00e1nh g\u1ed7 m\u1edf k\u1ebft h\u1ee3p ng\u0103n k\u00e9o ti\u1ec7n d\u1ee5ng, \u0111\u00e1p \u1ee9ng t\u1ed1t nhu c\u1ea7u l\u01b0u tr\u1eef v\u00e0 s\u1eafp x\u1ebfp h\u1ed3 s\u01a1 t\u1ea1i v\u0103n ph\u00f2ng.<br data-start=\"312\" data-end=\"315\" \/>K\u00edch th\u01b0\u1edbc: W1200 x D400 x H1960 mm<br data-start=\"350\" data-end=\"353\" \/>Xu\u1ea5t x\u1ee9: S\u1ea3n ph\u1ea9m c\u1ee7a c\u00f4ng ty N\u1ed8I TH\u1ea4T THE ONE \u2013 Ph\u00e2n ph\u1ed1i b\u1edfi C\u00d4NG TY TNHH SXTM TTNT H\u1eeeU TH\u1ecaNH<br data-start=\"448\" data-end=\"451\" \/>B\u1ea3o h\u00e0nh: 12 th\u00e1ng theo ti\u00eau chu\u1ea9n nh\u00e0 m\u00e1y<br data-start=\"493\" data-end=\"496\" \/><span style=\"color: #ed1c24;\"><em data-start=\"496\" data-end=\"648\">L\u01b0u \u00fd: Gi\u00e1 tr\u00ean ch\u01b0a bao g\u1ed3m VAT v\u00e0 ph\u00ed v\u1eadn chuy\u1ec3n. Gi\u00e1 s\u1ea3n ph\u1ea9m c\u00f3 th\u1ec3 thay \u0111\u1ed5i theo t\u1eebng th\u1eddi \u0111i\u1ec3m, vui l\u00f2ng li\u00ean h\u1ec7 \u0111\u1ec3 nh\u1eadn t\u01b0 v\u1ea5n \u01b0u \u0111\u00e3i t\u1ed1t nh\u1ea5t.<\/em><\/span><\/p>\n","protected":false},"featured_media":4375,"comment_status":"open","ping_status":"closed","template":"","meta":[],"product_brand":[],"product_cat":[17,760],"product_tag":[],"class_list":{"0":"post-4374","1":"product","2":"type-product","3":"status-publish","4":"has-post-thumbnail","6":"product_cat-noi-that-van-phong","7":"product_cat-tu-go-van-phong","9":"first","10":"instock","11":"taxable","12":"shipping-taxable","13":"purchasable","14":"product-type-simple"},"_links":{"self":[{"href":"https:\/\/noithathuuthinh.vn\/zh-hans\/wp-json\/wp\/v2\/product\/4374","targetHints":{"allow":["GET"]}}],"collection":[{"href":"https:\/\/noithathuuthinh.vn\/zh-hans\/wp-json\/wp\/v2\/product"}],"about":[{"href":"https:\/\/noithathuuthinh.vn\/zh-hans\/wp-json\/wp\/v2\/types\/product"}],"replies":[{"embeddable":true,"href":"https:\/\/noithathuuthinh.vn\/zh-hans\/wp-json\/wp\/v2\/comments?post=4374"}],"wp:featuredmedia":[{"embeddable":true,"href":"https:\/\/noithathuuthinh.vn\/zh-hans\/wp-json\/wp\/v2\/media\/4375"}],"wp:attachment":[{"href":"https:\/\/noithathuuthinh.vn\/zh-hans\/wp-json\/wp\/v2\/media?parent=4374"}],"wp:term":[{"taxonomy":"product_brand","embeddable":true,"href":"https:\/\/noithathuuthinh.vn\/zh-hans\/wp-json\/wp\/v2\/product_brand?post=4374"},{"taxonomy":"product_cat","embeddable":true,"href":"https:\/\/noithathuuthinh.vn\/zh-hans\/wp-json\/wp\/v2\/product_cat?post=4374"},{"taxonomy":"product_tag","embeddable":true,"href":"https:\/\/noithathuuthinh.vn\/zh-hans\/wp-json\/wp\/v2\/product_tag?post=4374"}],"curies":[{"name":"wp","href":"https:\/\/api.w.org\/{rel}","templated":true}]}}