{"id":4384,"date":"2025-11-21T13:49:02","date_gmt":"2025-11-21T06:49:02","guid":{"rendered":"https:\/\/noithathuuthinh.vn\/?post_type=product&#038;p=4384"},"modified":"2025-11-21T13:49:02","modified_gmt":"2025-11-21T06:49:02","slug":"tu-ho-so-at1260","status":"publish","type":"product","link":"https:\/\/noithathuuthinh.vn\/zh-hans\/san-pham\/tu-ho-so-at1260\/","title":{"rendered":"T\u1ee7 h\u1ed3 s\u01a1 AT1260"},"content":{"rendered":"<p data-start=\"586\" data-end=\"950\">T\u1ee7 h\u1ed3 s\u01a1 AT1260 l\u00e0 gi\u1ea3i ph\u00e1p l\u01b0u tr\u1eef ho\u00e0n h\u1ea3o cho c\u00e1c v\u0103n ph\u00f2ng hi\u1ec7n \u0111\u1ea1i c\u1ea7n kh\u00f4ng gian r\u1ed9ng r\u00e3i, g\u1ecdn g\u00e0ng v\u00e0 ti\u1ec7n l\u1ee3i. V\u1edbi thi\u1ebft k\u1ebf 3 khoang \u0111\u1ec3 file kh\u00f4ng c\u00e1nh, t\u1ee7 mang \u0111\u1ebfn kh\u1ea3 n\u0103ng s\u1eafp x\u1ebfp h\u1ed3 s\u01a1 khoa h\u1ecdc, d\u1ec5 d\u00e0ng ti\u1ebfp c\u1eadn v\u00e0 qu\u1ea3n l\u00fd t\u00e0i li\u1ec7u m\u1ed9t c\u00e1ch hi\u1ec7u qu\u1ea3, \u0111\u1ed3ng th\u1eddi g\u00f3p ph\u1ea7n t\u1ea1o s\u1ef1 g\u1ecdn g\u00e0ng cho m\u00f4i tr\u01b0\u1eddng l\u00e0m vi\u1ec7c.<\/p>\n<p data-start=\"952\" data-end=\"1272\">Ch\u1ea5t li\u1ec7u Melamine cao c\u1ea5p gi\u00fap t\u1ee7 AT1260 n\u1ed5i b\u1eadt v\u1edbi b\u1ec1 m\u1eb7t m\u1ecbn, ch\u1ed1ng \u1ea9m, ch\u1ed1ng tr\u1ea7y x\u01b0\u1edbc v\u00e0 d\u1ec5 lau ch\u00f9i. Nh\u1edd v\u1eady, s\u1ea3n ph\u1ea9m v\u1eeba b\u1ec1n b\u1ec9, duy tr\u00ec m\u00e0u s\u1eafc \u1ed5n \u0111\u1ecbnh theo th\u1eddi gian, v\u1eeba mang l\u1ea1i v\u1ebb \u0111\u1eb9p hi\u1ec7n \u0111\u1ea1i, sang tr\u1ecdng, d\u1ec5 d\u00e0ng ph\u1ed1i h\u1ee3p v\u1edbi c\u00e1c \u0111\u1ed3 n\u1ed9i th\u1ea5t kh\u00e1c trong v\u0103n ph\u00f2ng nh\u01b0 b\u00e0n l\u00e0m vi\u1ec7c, h\u1ed9c di \u0111\u1ed9ng hay k\u1ec7 s\u00e1ch.<\/p>\n<p data-start=\"1274\" data-end=\"1695\">Ba khoang m\u1edf c\u1ee7a t\u1ee7 AT1260 cung c\u1ea5p kh\u00f4ng gian l\u01b0u tr\u1eef l\u1edbn, th\u00edch h\u1ee3p cho h\u1ed3 s\u01a1 A4, gi\u1ea5y t\u1edd, t\u00e0i li\u1ec7u tham kh\u1ea3o ho\u1eb7c c\u00e1c v\u1eadt d\u1ee5ng v\u0103n ph\u00f2ng c\u1ea7n l\u01b0u tr\u1eef. Thi\u1ebft k\u1ebf kh\u00f4ng c\u00e1nh gi\u00fap ng\u01b0\u1eddi d\u00f9ng d\u1ec5 d\u00e0ng thao t\u00e1c, l\u1ea5y v\u00e0 s\u1eafp x\u1ebfp t\u00e0i li\u1ec7u nhanh ch\u00f3ng, thu\u1eadn ti\u1ec7n cho c\u00f4ng vi\u1ec7c h\u00e0ng ng\u00e0y. \u0110\u1ed3ng th\u1eddi, t\u1ee7 c\u0169ng c\u00f3 th\u1ec3 \u0111\u01b0\u1ee3c s\u1eed d\u1ee5ng \u0111\u1ec3 tr\u01b0ng b\u00e0y s\u00e1ch, k\u1ec7 file ho\u1eb7c c\u00e1c v\u1eadt d\u1ee5ng trang tr\u00ed, t\u1ea1o \u0111i\u1ec3m nh\u1ea5n th\u1ea9m m\u1ef9 cho kh\u00f4ng gian l\u00e0m vi\u1ec7c.<\/p>\n<p data-start=\"1697\" data-end=\"2068\">V\u1edbi k\u00edch th\u01b0\u1edbc W800 x D400 x H1260 mm, t\u1ee7 AT1260 c\u00f3 chi\u1ec1u cao v\u1eeba ph\u1ea3i, t\u1ed1i \u01b0u kh\u00f4ng gian l\u01b0u tr\u1eef theo chi\u1ec1u \u0111\u1ee9ng, \u0111\u1ed3ng th\u1eddi ti\u1ebft ki\u1ec7m di\u1ec7n t\u00edch m\u1eb7t s\u00e0n. Chi\u1ec1u s\u00e2u 400 mm \u0111\u1ea3m b\u1ea3o \u0111\u1ee7 s\u1ee9c ch\u1ee9a h\u1ed3 s\u01a1 v\u00e0 v\u1eadt d\u1ee5ng c\u1ea7n thi\u1ebft, trong khi v\u1eabn duy tr\u00ec s\u1ef1 g\u1ecdn g\u00e0ng cho v\u0103n ph\u00f2ng. S\u1ea3n ph\u1ea9m ph\u00f9 h\u1ee3p \u0111\u1eb7t c\u1ea1nh b\u00e0n l\u00e0m vi\u1ec7c, s\u00e1t t\u01b0\u1eddng ho\u1eb7c k\u1ebft h\u1ee3p th\u00e0nh d\u00e3y t\u1ee7 trong ph\u00f2ng l\u01b0u tr\u1eef chung.<\/p>\n<p data-start=\"2070\" data-end=\"2405\">Thi\u1ebft k\u1ebf t\u1ee7 vu\u00f4ng v\u1ee9c, hi\u1ec7n \u0111\u1ea1i v\u00e0 m\u00e0u s\u1eafc trang nh\u00e3 gi\u00fap AT1260 d\u1ec5 ph\u1ed1i h\u1ee3p v\u1edbi c\u00e1c s\u1ea3n ph\u1ea9m n\u1ed9i th\u1ea5t kh\u00e1c, t\u1ea1o n\u00ean kh\u00f4ng gian l\u00e0m vi\u1ec7c \u0111\u1ed3ng b\u1ed9, chuy\u00ean nghi\u1ec7p v\u00e0 ti\u1ec7n nghi. S\u1ea3n ph\u1ea9m ph\u00f9 h\u1ee3p s\u1eed d\u1ee5ng t\u1ea1i ph\u00f2ng h\u00e0nh ch\u00ednh, ph\u00f2ng nh\u00e2n s\u1ef1, k\u1ebf to\u00e1n, ph\u00f2ng h\u1ecdp ho\u1eb7c kh\u00f4ng gian l\u00e0m vi\u1ec7c t\u1ea1i nh\u00e0, g\u00f3p ph\u1ea7n n\u00e2ng cao t\u00ednh th\u1ea9m m\u1ef9 v\u00e0 s\u1ef1 ng\u0103n n\u1eafp.<\/p>\n<p data-start=\"2407\" data-end=\"2683\">\u0110\u1ed9 b\u1ec1n c\u1ee7a t\u1ee7 AT1260 l\u00e0 m\u1ed9t \u0111i\u1ec3m m\u1ea1nh quan tr\u1ecdng. G\u1ed7 Melamine ch\u1ea5t l\u01b0\u1ee3ng cao k\u1ebft h\u1ee3p quy tr\u00ecnh s\u1ea3n xu\u1ea5t hi\u1ec7n \u0111\u1ea1i gi\u00fap t\u1ee7 ch\u1ed1ng cong v\u00eanh, m\u1ed1i m\u1ecdt, ch\u1ecbu l\u1ef1c t\u1ed1t v\u00e0 duy tr\u00ec h\u00ecnh d\u00e1ng l\u00e2u d\u00e0i. M\u00e9p t\u1ee7 \u0111\u01b0\u1ee3c bo c\u1ea1nh c\u1ea9n th\u1eadn, an to\u00e0n cho ng\u01b0\u1eddi s\u1eed d\u1ee5ng v\u00e0 t\u0103ng t\u00ednh th\u1ea9m m\u1ef9 t\u1ed5ng th\u1ec3.<\/p>\n<p data-start=\"2685\" data-end=\"2966\" data-is-last-node=\"\" data-is-only-node=\"\">T\u00f3m l\u1ea1i, t\u1ee7 h\u1ed3 s\u01a1 AT1260 l\u00e0 s\u1ef1 l\u1ef1a ch\u1ecdn l\u00fd t\u01b0\u1edfng cho nh\u1eefng ai c\u1ea7n m\u1ed9t m\u1eabu t\u1ee7 cao, g\u1ecdn g\u00e0ng, \u0111a n\u0103ng, v\u1eeba \u0111\u00e1p \u1ee9ng nhu c\u1ea7u l\u01b0u tr\u1eef, v\u1eeba mang l\u1ea1i v\u1ebb \u0111\u1eb9p hi\u1ec7n \u0111\u1ea1i v\u00e0 b\u1ec1n b\u1ec9. AT1260 l\u00e0 gi\u1ea3i ph\u00e1p t\u1ed1i \u01b0u cho m\u1ecdi v\u0103n ph\u00f2ng mu\u1ed1n t\u1ea1o m\u00f4i tr\u01b0\u1eddng l\u00e0m vi\u1ec7c chuy\u00ean nghi\u1ec7p, ti\u1ec7n nghi v\u00e0 khoa h\u1ecdc.<\/p>\n","protected":false},"excerpt":{"rendered":"<p>T\u1ee7 h\u1ed3 s\u01a1 AT1260 l\u00e0 m\u1eabu t\u1ee7 t\u00e0i li\u1ec7u cao c\u1ea5p, g\u1ed3m 3 khoang \u0111\u1ec3 file kh\u00f4ng c\u00e1nh, \u0111\u01b0\u1ee3c l\u00e0m t\u1eeb ch\u1ea5t li\u1ec7u Melamine b\u1ec1n \u0111\u1eb9p, mang \u0111\u1ebfn gi\u1ea3i ph\u00e1p l\u01b0u tr\u1eef ti\u1ec7n l\u1ee3i, khoa h\u1ecdc v\u00e0 hi\u1ec7n \u0111\u1ea1i cho v\u0103n ph\u00f2ng.<br data-start=\"242\" data-end=\"245\" \/>K\u00edch th\u01b0\u1edbc: W800 x D400 x H1260 mm<br data-start=\"279\" data-end=\"282\" \/>Xu\u1ea5t x\u1ee9: S\u1ea3n ph\u1ea9m c\u1ee7a c\u00f4ng ty N\u1ed8I TH\u1ea4T THE ONE \u2013 Ph\u00e2n ph\u1ed1i b\u1edfi C\u00d4NG TY TNHH SXTM TTNT H\u1eeeU TH\u1ecaNH<br data-start=\"377\" data-end=\"380\" \/>B\u1ea3o h\u00e0nh: 12 th\u00e1ng theo ti\u00eau chu\u1ea9n nh\u00e0 m\u00e1y<br data-start=\"422\" data-end=\"425\" \/><span style=\"color: #ed1c24;\"><em data-start=\"425\" data-end=\"577\">L\u01b0u \u00fd: Gi\u00e1 tr\u00ean ch\u01b0a bao g\u1ed3m VAT v\u00e0 ph\u00ed v\u1eadn chuy\u1ec3n. Gi\u00e1 s\u1ea3n ph\u1ea9m c\u00f3 th\u1ec3 thay \u0111\u1ed5i theo t\u1eebng th\u1eddi \u0111i\u1ec3m, vui l\u00f2ng li\u00ean h\u1ec7 \u0111\u1ec3 nh\u1eadn t\u01b0 v\u1ea5n \u01b0u \u0111\u00e3i t\u1ed1t nh\u1ea5t.<\/em><\/span><\/p>\n","protected":false},"featured_media":4385,"comment_status":"open","ping_status":"closed","template":"","meta":[],"product_brand":[],"product_cat":[17,760],"product_tag":[],"class_list":{"0":"post-4384","1":"product","2":"type-product","3":"status-publish","4":"has-post-thumbnail","6":"product_cat-noi-that-van-phong","7":"product_cat-tu-go-van-phong","9":"first","10":"instock","11":"taxable","12":"shipping-taxable","13":"purchasable","14":"product-type-simple"},"_links":{"self":[{"href":"https:\/\/noithathuuthinh.vn\/zh-hans\/wp-json\/wp\/v2\/product\/4384","targetHints":{"allow":["GET"]}}],"collection":[{"href":"https:\/\/noithathuuthinh.vn\/zh-hans\/wp-json\/wp\/v2\/product"}],"about":[{"href":"https:\/\/noithathuuthinh.vn\/zh-hans\/wp-json\/wp\/v2\/types\/product"}],"replies":[{"embeddable":true,"href":"https:\/\/noithathuuthinh.vn\/zh-hans\/wp-json\/wp\/v2\/comments?post=4384"}],"wp:featuredmedia":[{"embeddable":true,"href":"https:\/\/noithathuuthinh.vn\/zh-hans\/wp-json\/wp\/v2\/media\/4385"}],"wp:attachment":[{"href":"https:\/\/noithathuuthinh.vn\/zh-hans\/wp-json\/wp\/v2\/media?parent=4384"}],"wp:term":[{"taxonomy":"product_brand","embeddable":true,"href":"https:\/\/noithathuuthinh.vn\/zh-hans\/wp-json\/wp\/v2\/product_brand?post=4384"},{"taxonomy":"product_cat","embeddable":true,"href":"https:\/\/noithathuuthinh.vn\/zh-hans\/wp-json\/wp\/v2\/product_cat?post=4384"},{"taxonomy":"product_tag","embeddable":true,"href":"https:\/\/noithathuuthinh.vn\/zh-hans\/wp-json\/wp\/v2\/product_tag?post=4384"}],"curies":[{"name":"wp","href":"https:\/\/api.w.org\/{rel}","templated":true}]}}