{"id":4391,"date":"2025-11-22T14:43:07","date_gmt":"2025-11-22T07:43:07","guid":{"rendered":"https:\/\/noithathuuthinh.vn\/?post_type=product&#038;p=4391"},"modified":"2025-11-22T14:43:08","modified_gmt":"2025-11-22T07:43:08","slug":"tu-ho-so-at1260d","status":"publish","type":"product","link":"https:\/\/noithathuuthinh.vn\/zh-hans\/san-pham\/tu-ho-so-at1260d\/","title":{"rendered":"T\u1ee7 h\u1ed3 s\u01a1 AT1260D"},"content":{"rendered":"<p data-start=\"4094\" data-end=\"4491\">T\u1ee7 h\u1ed3 s\u01a1 AT1260D l\u00e0 m\u1ed9t trong nh\u1eefng m\u1eabu t\u1ee7 t\u00e0i li\u1ec7u \u0111\u01b0\u1ee3c \u01b0u chu\u1ed9ng trong c\u00e1c v\u0103n ph\u00f2ng hi\u1ec7n \u0111\u1ea1i nh\u1edd thi\u1ebft k\u1ebf k\u00edn \u0111\u00e1o, b\u1ea3o v\u1ec7 t\u00e0i li\u1ec7u t\u1ed1t v\u00e0 kh\u1ea3 n\u0103ng l\u01b0u tr\u1eef l\u1edbn. V\u1edbi 2 c\u00e1nh g\u1ed7 m\u1edf c\u00f9ng 3 khoang \u0111\u1ec3 file b\u00ean trong, t\u1ee7 mang \u0111\u1ebfn s\u1ef1 ti\u1ec7n l\u1ee3i t\u1ed1i \u0111a cho vi\u1ec7c s\u1eafp x\u1ebfp h\u1ed3 s\u01a1 m\u1ed9t c\u00e1ch khoa h\u1ecdc, \u0111\u1ed3ng th\u1eddi gi\u1eef cho kh\u00f4ng gian l\u00e0m vi\u1ec7c lu\u00f4n g\u1ecdn g\u00e0ng v\u00e0 chuy\u00ean nghi\u1ec7p.<\/p>\n<p data-start=\"4493\" data-end=\"4876\">Vi\u1ec7c s\u1eed d\u1ee5ng ch\u1ea5t li\u1ec7u Melamine gi\u00fap t\u1ee7 AT1260D c\u00f3 \u0111\u1ed9 b\u1ec1n cao, kh\u1ea3 n\u0103ng ch\u1ed1ng tr\u1ea7y x\u01b0\u1edbc v\u00e0 ch\u1ed1ng \u1ea9m hi\u1ec7u qu\u1ea3. B\u1ec1 m\u1eb7t Melamine s\u00e1ng m\u1ecbn, d\u1ec5 v\u1ec7 sinh v\u00e0 \u00edt b\u1ecb \u0111\u1ed5i m\u00e0u theo th\u1eddi gian, nh\u1edd v\u1eady t\u1ee7 lu\u00f4n gi\u1eef \u0111\u01b0\u1ee3c v\u1ebb \u0111\u1eb9p nh\u01b0 m\u1edbi d\u00f9 tr\u1ea3i qua th\u1eddi gian d\u00e0i s\u1eed d\u1ee5ng. S\u1ea3n ph\u1ea9m ph\u00f9 h\u1ee3p v\u1edbi nhi\u1ec1u m\u00f4i tr\u01b0\u1eddng l\u00e0m vi\u1ec7c kh\u00e1c nhau, t\u1eeb v\u0103n ph\u00f2ng c\u00f4ng ty, c\u01a1 quan h\u00e0nh ch\u00ednh \u0111\u1ebfn khu v\u1ef1c l\u00e0m vi\u1ec7c t\u1ea1i gia.<\/p>\n<p data-start=\"4878\" data-end=\"5277\">Thi\u1ebft k\u1ebf 2 c\u00e1nh g\u1ed7 m\u1edf gi\u00fap ng\u01b0\u1eddi d\u00f9ng d\u1ec5 d\u00e0ng b\u1ea3o v\u1ec7 h\u1ed3 s\u01a1, tr\u00e1nh b\u1ee5i b\u1ea9n v\u00e0 gia t\u0103ng t\u00ednh k\u00edn \u0111\u00e1o. B\u00ean trong t\u1ee7 \u0111\u01b0\u1ee3c chia th\u00e0nh 3 khoang file r\u1ed9ng r\u00e3i, \u0111\u00e1p \u1ee9ng nhu c\u1ea7u l\u01b0u tr\u1eef l\u01b0\u1ee3ng l\u1edbn t\u00e0i li\u1ec7u nh\u01b0 h\u1ed3 s\u01a1 A4, b\u00eca c\u00f2ng, s\u1ed5 s\u00e1ch chuy\u00ean m\u00f4n ho\u1eb7c c\u00e1c v\u1eadt d\u1ee5ng v\u0103n ph\u00f2ng c\u1ea7n b\u1ea3o qu\u1ea3n. Khoang t\u1ee7 r\u1ed9ng gi\u00fap vi\u1ec7c ph\u00e2n lo\u1ea1i t\u00e0i li\u1ec7u theo t\u1eebng nh\u00f3m tr\u1edf n\u00ean d\u1ec5 d\u00e0ng, h\u1ed7 tr\u1ee3 t\u1ed1i \u0111a cho c\u00f4ng vi\u1ec7c qu\u1ea3n l\u00fd h\u1ed3 s\u01a1.<\/p>\n<p data-start=\"5279\" data-end=\"5642\">K\u00edch th\u01b0\u1edbc W800 x D400 x H1260 mm gi\u00fap m\u1eabu t\u1ee7 AT1260D c\u00f3 chi\u1ec1u cao v\u1eeba ph\u1ea3i, kh\u00f4ng qu\u00e1 c\u1ed3ng k\u1ec1nh nh\u01b0ng v\u1eabn \u0111\u1ea3m b\u1ea3o s\u1ee9c ch\u1ee9a l\u00fd t\u01b0\u1edfng. V\u1edbi chi\u1ec1u s\u00e2u chu\u1ea9n 400 mm, t\u1ee7 th\u00edch h\u1ee3p b\u1ed1 tr\u00ed \u1edf nhi\u1ec1u v\u1ecb tr\u00ed trong v\u0103n ph\u00f2ng nh\u01b0 c\u1ea1nh b\u00e0n l\u00e0m vi\u1ec7c, khu v\u1ef1c h\u00e0nh lang, ph\u00f2ng h\u1ecdp ho\u1eb7c gh\u00e9p theo d\u00e3y trong kho h\u1ed3 s\u01a1. S\u1ea3n ph\u1ea9m v\u1eeba ti\u1ebft ki\u1ec7m di\u1ec7n t\u00edch v\u1eeba t\u1ed1i \u01b0u c\u00f4ng n\u0103ng s\u1eed d\u1ee5ng.<\/p>\n<p data-start=\"5644\" data-end=\"5943\">Ki\u1ec3u d\u00e1ng vu\u00f4ng v\u1ee9c, hi\u1ec7n \u0111\u1ea1i c\u00f9ng m\u00e0u s\u1eafc trang nh\u00e3 gi\u00fap t\u1ee7 AT1260D d\u1ec5 d\u00e0ng h\u00f2a h\u1ee3p v\u1edbi c\u00e1c s\u1ea3n ph\u1ea9m n\u1ed9i th\u1ea5t v\u0103n ph\u00f2ng kh\u00e1c. Thi\u1ebft k\u1ebf \u0111\u01a1n gi\u1ea3n nh\u01b0ng tinh t\u1ebf t\u1ea1o n\u00ean s\u1ef1 \u0111\u1ed3ng b\u1ed9 v\u00e0 chuy\u00ean nghi\u1ec7p cho kh\u00f4ng gian l\u00e0m vi\u1ec7c, \u0111\u1eb7c bi\u1ec7t ph\u00f9 h\u1ee3p v\u1edbi nh\u1eefng v\u0103n ph\u00f2ng ch\u00fa tr\u1ecdng phong c\u00e1ch t\u1ed1i gi\u1ea3n v\u00e0 g\u1ecdn g\u00e0ng.<\/p>\n<p data-start=\"5945\" data-end=\"6243\">\u0110\u1ed9 b\u1ec1n v\u00e0 s\u1ef1 an to\u00e0n c\u1ee7a t\u1ee7 AT1260D c\u0169ng l\u00e0 \u0111i\u1ec3m m\u1ea1nh \u0111\u00e1ng ch\u00fa \u00fd. C\u00e1nh t\u1ee7 s\u1eed d\u1ee5ng b\u1ea3n l\u1ec1 ch\u1eafc ch\u1eafn, \u0111\u00f3ng m\u1edf nh\u1eb9 nh\u00e0ng, h\u1ea1n ch\u1ebf ti\u1ebfng \u1ed3n v\u00e0 gi\u1ea3m thi\u1ec3u t\u00ecnh tr\u1ea1ng x\u1ec7 c\u00e1nh theo th\u1eddi gian. C\u00e1c m\u00e9p c\u1ea1nh \u0111\u01b0\u1ee3c gia c\u00f4ng k\u1ef9 l\u01b0\u1ee1ng gi\u00fap t\u0103ng \u0111\u1ed9 an to\u00e0n khi s\u1eed d\u1ee5ng, tr\u00e1nh tr\u1ea7y x\u01b0\u1edbc v\u00e0 va ch\u1ea1m kh\u00f4ng mong mu\u1ed1n.<\/p>\n<p data-start=\"6245\" data-end=\"6590\">T\u00f3m l\u1ea1i, t\u1ee7 h\u1ed3 s\u01a1 AT1260D l\u00e0 l\u1ef1a ch\u1ecdn ho\u00e0n h\u1ea3o cho m\u1ecdi v\u0103n ph\u00f2ng c\u1ea7n m\u1ed9t m\u1eabu t\u1ee7 l\u01b0u tr\u1eef k\u00edn \u0111\u00e1o, ch\u1eafc ch\u1eafn v\u00e0 th\u1ea9m m\u1ef9 cao. V\u1edbi thi\u1ebft k\u1ebf c\u00e1nh m\u1edf truy\u1ec1n th\u1ed1ng k\u1ebft h\u1ee3p 3 khoang file r\u1ed9ng r\u00e3i, AT1260D mang \u0111\u1ebfn hi\u1ec7u qu\u1ea3 v\u01b0\u1ee3t tr\u1ed9i trong vi\u1ec7c qu\u1ea3n l\u00fd v\u00e0 b\u1ea3o v\u1ec7 h\u1ed3 s\u01a1, \u0111\u1ed3ng th\u1eddi g\u00f3p ph\u1ea7n t\u1ea1o d\u1ef1ng kh\u00f4ng gian l\u00e0m vi\u1ec7c hi\u1ec7n \u0111\u1ea1i, ng\u0103n n\u1eafp v\u00e0 chuy\u00ean nghi\u1ec7p.<\/p>\n","protected":false},"excerpt":{"rendered":"<p>T\u1ee7 h\u1ed3 s\u01a1 AT1260D l\u00e0 m\u1eabu t\u1ee7 t\u00e0i li\u1ec7u thi\u1ebft k\u1ebf 2 c\u00e1nh g\u1ed7 m\u1edf, chia th\u00e0nh 3 khoang \u0111\u1ec3 file r\u1ed9ng r\u00e3i, s\u1eed d\u1ee5ng ch\u1ea5t li\u1ec7u Melamine b\u1ec1n \u0111\u1eb9p, \u0111\u00e1p \u1ee9ng t\u1ed1i \u01b0u nhu c\u1ea7u l\u01b0u tr\u1eef h\u1ed3 s\u01a1 cho v\u0103n ph\u00f2ng hi\u1ec7n \u0111\u1ea1i.<br data-start=\"3750\" data-end=\"3753\" \/>K\u00edch th\u01b0\u1edbc: W800 x D400 x H1260 mm<br data-start=\"3787\" data-end=\"3790\" \/>Xu\u1ea5t x\u1ee9: S\u1ea3n ph\u1ea9m c\u1ee7a c\u00f4ng ty N\u1ed8I TH\u1ea4T THE ONE \u2013 Ph\u00e2n ph\u1ed1i b\u1edfi C\u00d4NG TY TNHH SXTM TTNT H\u1eeeU TH\u1ecaNH<br data-start=\"3885\" data-end=\"3888\" \/>B\u1ea3o h\u00e0nh: 12 th\u00e1ng theo ti\u00eau chu\u1ea9n nh\u00e0 m\u00e1y<br data-start=\"3930\" data-end=\"3933\" \/><span style=\"color: #ed1c24;\"><em data-start=\"3933\" data-end=\"4085\">L\u01b0u \u00fd: Gi\u00e1 tr\u00ean ch\u01b0a bao g\u1ed3m VAT v\u00e0 ph\u00ed v\u1eadn chuy\u1ec3n. Gi\u00e1 s\u1ea3n ph\u1ea9m c\u00f3 th\u1ec3 thay \u0111\u1ed5i theo t\u1eebng th\u1eddi \u0111i\u1ec3m, vui l\u00f2ng li\u00ean h\u1ec7 \u0111\u1ec3 nh\u1eadn t\u01b0 v\u1ea5n \u01b0u \u0111\u00e3i t\u1ed1t nh\u1ea5t.<\/em><\/span><\/p>\n","protected":false},"featured_media":4392,"comment_status":"open","ping_status":"closed","template":"","meta":[],"product_brand":[],"product_cat":[17,760],"product_tag":[],"class_list":{"0":"post-4391","1":"product","2":"type-product","3":"status-publish","4":"has-post-thumbnail","6":"product_cat-noi-that-van-phong","7":"product_cat-tu-go-van-phong","9":"first","10":"instock","11":"taxable","12":"shipping-taxable","13":"purchasable","14":"product-type-simple"},"_links":{"self":[{"href":"https:\/\/noithathuuthinh.vn\/zh-hans\/wp-json\/wp\/v2\/product\/4391","targetHints":{"allow":["GET"]}}],"collection":[{"href":"https:\/\/noithathuuthinh.vn\/zh-hans\/wp-json\/wp\/v2\/product"}],"about":[{"href":"https:\/\/noithathuuthinh.vn\/zh-hans\/wp-json\/wp\/v2\/types\/product"}],"replies":[{"embeddable":true,"href":"https:\/\/noithathuuthinh.vn\/zh-hans\/wp-json\/wp\/v2\/comments?post=4391"}],"wp:featuredmedia":[{"embeddable":true,"href":"https:\/\/noithathuuthinh.vn\/zh-hans\/wp-json\/wp\/v2\/media\/4392"}],"wp:attachment":[{"href":"https:\/\/noithathuuthinh.vn\/zh-hans\/wp-json\/wp\/v2\/media?parent=4391"}],"wp:term":[{"taxonomy":"product_brand","embeddable":true,"href":"https:\/\/noithathuuthinh.vn\/zh-hans\/wp-json\/wp\/v2\/product_brand?post=4391"},{"taxonomy":"product_cat","embeddable":true,"href":"https:\/\/noithathuuthinh.vn\/zh-hans\/wp-json\/wp\/v2\/product_cat?post=4391"},{"taxonomy":"product_tag","embeddable":true,"href":"https:\/\/noithathuuthinh.vn\/zh-hans\/wp-json\/wp\/v2\/product_tag?post=4391"}],"curies":[{"name":"wp","href":"https:\/\/api.w.org\/{rel}","templated":true}]}}