{"id":4397,"date":"2025-11-22T15:46:59","date_gmt":"2025-11-22T08:46:59","guid":{"rendered":"https:\/\/noithathuuthinh.vn\/?post_type=product&#038;p=4397"},"modified":"2025-11-22T15:46:59","modified_gmt":"2025-11-22T08:46:59","slug":"tu-ho-so-at1960-3bk","status":"publish","type":"product","link":"https:\/\/noithathuuthinh.vn\/zh-hans\/san-pham\/tu-ho-so-at1960-3bk\/","title":{"rendered":"T\u1ee7 h\u1ed3 s\u01a1 AT1960-3BK"},"content":{"rendered":"<p data-start=\"627\" data-end=\"1016\">T\u1ee7 h\u1ed3 s\u01a1 AT1960-3BK l\u00e0 l\u1ef1a ch\u1ecdn l\u00fd t\u01b0\u1edfng cho nh\u1eefng v\u0103n ph\u00f2ng c\u1ea7n kh\u00f4ng gian l\u01b0u tr\u1eef l\u1edbn, ph\u00e2n chia khoa h\u1ecdc v\u00e0 \u0111\u00e1p \u1ee9ng nhi\u1ec1u nhu c\u1ea7u s\u1eed d\u1ee5ng kh\u00e1c nhau. V\u1edbi thi\u1ebft k\u1ebf 3 khoang ti\u1ec7n d\u1ee5ng, s\u1ea3n ph\u1ea9m k\u1ebft h\u1ee3p c\u1ea3 ng\u0103n k\u00ednh, ng\u0103n treo \u00e1o v\u00e0 ng\u0103n \u0111\u1ec3 h\u1ed3 s\u01a1, gi\u00fap ng\u01b0\u1eddi d\u00f9ng t\u1ed1i \u01b0u h\u00f3a vi\u1ec7c s\u1eafp x\u1ebfp t\u00e0i li\u1ec7u c\u0169ng nh\u01b0 v\u1eadt d\u1ee5ng c\u00e1 nh\u00e2n trong qu\u00e1 tr\u00ecnh l\u00e0m vi\u1ec7c.<\/p>\n<p data-start=\"1018\" data-end=\"1515\">Ph\u1ea7n tr\u00ean c\u1ee7a t\u1ee7 AT1960-3BK bao g\u1ed3m hai c\u00e1nh k\u00ednh khung ch\u1eafc ch\u1eafn, ph\u00f9 h\u1ee3p \u0111\u1ec3 tr\u01b0ng b\u00e0y t\u00e0i li\u1ec7u, h\u1ed3 s\u01a1 quan tr\u1ecdng ho\u1eb7c c\u00e1c v\u1eadt d\u1ee5ng trang tr\u00ed nh\u01b0 c\u00fap l\u01b0u ni\u1ec7m, m\u00f4 h\u00ecnh, k\u1ef7 ni\u1ec7m ch\u01b0\u01a1ng. C\u00e1nh k\u00ednh gi\u00fap ch\u1ed1ng b\u1ee5i hi\u1ec7u qu\u1ea3, \u0111\u1ed3ng th\u1eddi t\u1ea1o c\u1ea3m gi\u00e1c sang tr\u1ecdng v\u00e0 hi\u1ec7n \u0111\u1ea1i cho kh\u00f4ng gian v\u0103n ph\u00f2ng. B\u00ean c\u1ea1nh \u0111\u00f3, khoang treo \u00e1o \u0111\u01b0\u1ee3c b\u1ed1 tr\u00ed li\u1ec1n k\u1ec1 r\u1ea5t h\u1eefu \u00edch cho nh\u00e2n vi\u00ean v\u0103n ph\u00f2ng, l\u00e3nh \u0111\u1ea1o hay chuy\u00ean vi\u00ean th\u01b0\u1eddng xuy\u00ean c\u1ea7n treo \u00e1o vest, \u00e1o kho\u00e1c, \u0111\u1ea3m b\u1ea3o s\u1ef1 g\u1ecdn g\u00e0ng v\u00e0 chuy\u00ean nghi\u1ec7p trong c\u00f4ng vi\u1ec7c.<\/p>\n<p data-start=\"1517\" data-end=\"1894\">Khu v\u1ef1c ph\u00eda d\u01b0\u1edbi g\u1ed3m ba c\u00e1nh g\u1ed7 m\u1edf r\u1ed9ng r\u00e3i, ph\u00f9 h\u1ee3p \u0111\u1ec3 c\u1ea5t gi\u1eef c\u00e1c h\u1ed3 s\u01a1 \u00edt d\u00f9ng, t\u00e0i li\u1ec7u n\u1ed9i b\u1ed9 ho\u1eb7c v\u1eadt d\u1ee5ng c\u1ea7n k\u00edn \u0111\u00e1o. Thi\u1ebft k\u1ebf c\u00e1nh m\u1edf gi\u00fap b\u1ea3o v\u1ec7 h\u1ed3 s\u01a1 kh\u1ecfi b\u1ee5i b\u1ea9n, \u0111\u1ed3ng th\u1eddi gi\u1eef cho t\u1ed5ng th\u1ec3 kh\u00f4ng gian v\u0103n ph\u00f2ng lu\u00f4n s\u1ea1ch s\u1ebd v\u00e0 ng\u0103n n\u1eafp. C\u00e1c b\u1ea3n l\u1ec1 ch\u1ea5t l\u01b0\u1ee3ng cao \u0111\u01b0\u1ee3c s\u1eed d\u1ee5ng gi\u00fap c\u00e1nh c\u1eeda \u0111\u00f3ng m\u1edf nh\u1eb9 nh\u00e0ng, kh\u00f4ng g\u00e2y ti\u1ebfng \u1ed3n, \u0111\u1ea3m b\u1ea3o \u0111\u1ed9 b\u1ec1n trong th\u1eddi gian d\u00e0i.<\/p>\n<p data-start=\"1896\" data-end=\"2265\">Ch\u1ea5t li\u1ec7u g\u1ed7 c\u00f4ng nghi\u1ec7p Melamine l\u00e0 \u0111i\u1ec3m m\u1ea1nh l\u1edbn c\u1ee7a t\u1ee7 AT1960-3BK. Melamine s\u1edf h\u1eefu kh\u1ea3 n\u0103ng ch\u1ed1ng tr\u1ea7y x\u01b0\u1edbc, ch\u1ed1ng \u1ea9m, ch\u1ed1ng m\u1ed1i m\u1ecdt v\u00e0 r\u1ea5t d\u1ec5 lau ch\u00f9i. B\u1ec1 m\u1eb7t Melamine c\u00f2n mang l\u1ea1i v\u1ebb \u0111\u1eb9p hi\u1ec7n \u0111\u1ea1i, tr\u1ebb trung v\u00e0 sang tr\u1ecdng, ph\u00f9 h\u1ee3p v\u1edbi nhi\u1ec1u phong c\u00e1ch n\u1ed9i th\u1ea5t v\u0103n ph\u00f2ng kh\u00e1c nhau. Nh\u1edd \u0111\u00f3, t\u1ee7 kh\u00f4ng ch\u1ec9 b\u1ec1n m\u00e0 c\u00f2n gi\u1eef \u0111\u01b0\u1ee3c t\u00ednh th\u1ea9m m\u1ef9 trong su\u1ed1t qu\u00e1 tr\u00ecnh s\u1eed d\u1ee5ng.<\/p>\n<p data-start=\"2267\" data-end=\"2728\">V\u1edbi k\u00edch th\u01b0\u1edbc W1200 x D400 x H1960 mm, t\u1ee7 AT1960-3BK c\u00f3 chi\u1ec1u cao ti\u00eau chu\u1ea9n ph\u00f9 h\u1ee3p v\u1edbi c\u00e1c kh\u00f4ng gian v\u0103n ph\u00f2ng chuy\u00ean nghi\u1ec7p. B\u1ec1 r\u1ed9ng 1200 mm gi\u00fap t\u1ee7 ch\u1ee9a \u0111\u01b0\u1ee3c l\u01b0\u1ee3ng l\u1edbn h\u1ed3 s\u01a1 nh\u01b0ng v\u1eabn kh\u00f4ng chi\u1ebfm qu\u00e1 nhi\u1ec1u di\u1ec7n t\u00edch, th\u00edch h\u1ee3p \u0111\u1eb7t t\u1ea1i ph\u00f2ng l\u00e3nh \u0111\u1ea1o, ph\u00f2ng h\u1ecdp, ph\u00f2ng nh\u00e2n s\u1ef1, ph\u00f2ng k\u1ebf to\u00e1n hay c\u00e1c khu v\u1ef1c l\u01b0u tr\u1eef chung. T\u1ee7 c\u0169ng c\u00f3 th\u1ec3 k\u1ebft h\u1ee3p c\u00f9ng c\u00e1c d\u00f2ng t\u1ee7 th\u1ea5p, k\u1ec7 trang tr\u00ed ho\u1eb7c b\u00e0n l\u00e0m vi\u1ec7c c\u00f9ng m\u00e0u s\u1eafc \u0111\u1ec3 t\u1ea1o n\u00ean m\u1ed9t kh\u00f4ng gian n\u1ed9i th\u1ea5t \u0111\u1ed3ng b\u1ed9.<\/p>\n<p data-start=\"2730\" data-end=\"3038\">T\u1ee7 AT1960-3BK \u0111\u1eb7c bi\u1ec7t ph\u00f9 h\u1ee3p cho c\u00e1c doanh nghi\u1ec7p c\u1ea7n gi\u1ea3i ph\u00e1p l\u01b0u tr\u1eef \u0111a ch\u1ee9c n\u0103ng: l\u01b0u h\u1ed3 s\u01a1, tr\u01b0ng b\u00e0y t\u00e0i li\u1ec7u, treo \u00e1o v\u00e0 b\u1ea3o qu\u1ea3n v\u1eadt d\u1ee5ng quan tr\u1ecdng. S\u1ef1 k\u1ebft h\u1ee3p h\u00e0i h\u00f2a gi\u1eefa ng\u0103n m\u1edf, ng\u0103n k\u00edn v\u00e0 ng\u0103n k\u00ednh t\u1ea1o n\u00ean s\u1ef1 ti\u1ec7n l\u1ee3i t\u1ed1i \u0111a cho ng\u01b0\u1eddi d\u00f9ng, \u0111\u00e1p \u1ee9ng nhi\u1ec1u nhu c\u1ea7u trong m\u1ed9t s\u1ea3n ph\u1ea9m duy nh\u1ea5t.<\/p>\n<p data-start=\"3040\" data-end=\"3295\" data-is-last-node=\"\" data-is-only-node=\"\">T\u00f3m l\u1ea1i, t\u1ee7 h\u1ed3 s\u01a1 AT1960-3BK l\u00e0 d\u00f2ng t\u1ee7 v\u0103n ph\u00f2ng ch\u1ea5t l\u01b0\u1ee3ng cao, v\u1eeba b\u1ec1n b\u1ec9, v\u1eeba th\u1ea9m m\u1ef9, l\u1ea1i c\u1ef1c k\u1ef3 ti\u1ec7n d\u1ee5ng. \u0110\u00e2y l\u00e0 l\u1ef1a ch\u1ecdn \u0111\u00e1ng \u0111\u1ea7u t\u01b0 cho m\u1ecdi v\u0103n ph\u00f2ng hi\u1ec7n \u0111\u1ea1i mu\u1ed1n t\u1ed1i \u01b0u h\u00f3a kh\u00f4ng gian, t\u0103ng t\u00ednh chuy\u00ean nghi\u1ec7p v\u00e0 \u0111\u1ea3m b\u1ea3o nhu c\u1ea7u l\u01b0u tr\u1eef l\u00e2u d\u00e0i.<\/p>\n","protected":false},"excerpt":{"rendered":"<p>T\u1ee7 h\u1ed3 s\u01a1 AT1960-3BK l\u00e0 m\u1eabu t\u1ee7 t\u00e0i li\u1ec7u 3 khoang l\u00e0m t\u1eeb g\u1ed7 c\u00f4ng nghi\u1ec7p Melamine, ph\u00eda tr\u00ean g\u1ed3m 2 c\u00e1nh k\u00ednh \u0111\u1ec3 t\u00e0i li\u1ec7u v\u00e0 1 khoang treo \u00e1o, ph\u00eda d\u01b0\u1edbi l\u00e0 3 c\u00e1nh g\u1ed7 m\u1edf, mang \u0111\u1ebfn kh\u1ea3 n\u0103ng l\u01b0u tr\u1eef \u0111a d\u1ea1ng v\u00e0 ti\u1ec7n d\u1ee5ng cho v\u0103n ph\u00f2ng.<br data-start=\"284\" data-end=\"287\" \/>K\u00edch th\u01b0\u1edbc: W1200 x D400 x H1960 mm<br data-start=\"322\" data-end=\"325\" \/>Xu\u1ea5t x\u1ee9: S\u1ea3n ph\u1ea9m c\u1ee7a c\u00f4ng ty N\u1ed8I TH\u1ea4T THE ONE \u2013 Ph\u00e2n ph\u1ed1i b\u1edfi C\u00d4NG TY TNHH SXTM TTNT H\u1eeeU TH\u1ecaNH<br data-start=\"420\" data-end=\"423\" \/>B\u1ea3o h\u00e0nh: 12 th\u00e1ng theo ti\u00eau chu\u1ea9n nh\u00e0 m\u00e1y<br data-start=\"465\" data-end=\"468\" data-is-only-node=\"\" \/><span style=\"color: #ed1c24;\"><em data-start=\"468\" data-end=\"620\">L\u01b0u \u00fd: Gi\u00e1 tr\u00ean ch\u01b0a bao g\u1ed3m VAT v\u00e0 ph\u00ed v\u1eadn chuy\u1ec3n. Gi\u00e1 s\u1ea3n ph\u1ea9m c\u00f3 th\u1ec3 thay \u0111\u1ed5i theo t\u1eebng th\u1eddi \u0111i\u1ec3m, vui l\u00f2ng li\u00ean h\u1ec7 \u0111\u1ec3 nh\u1eadn t\u01b0 v\u1ea5n \u01b0u \u0111\u00e3i t\u1ed1t nh\u1ea5t.<\/em><\/span><\/p>\n","protected":false},"featured_media":4398,"comment_status":"open","ping_status":"closed","template":"","meta":[],"product_brand":[],"product_cat":[17,760],"product_tag":[],"class_list":{"0":"post-4397","1":"product","2":"type-product","3":"status-publish","4":"has-post-thumbnail","6":"product_cat-noi-that-van-phong","7":"product_cat-tu-go-van-phong","9":"first","10":"instock","11":"taxable","12":"shipping-taxable","13":"purchasable","14":"product-type-simple"},"_links":{"self":[{"href":"https:\/\/noithathuuthinh.vn\/zh-hans\/wp-json\/wp\/v2\/product\/4397","targetHints":{"allow":["GET"]}}],"collection":[{"href":"https:\/\/noithathuuthinh.vn\/zh-hans\/wp-json\/wp\/v2\/product"}],"about":[{"href":"https:\/\/noithathuuthinh.vn\/zh-hans\/wp-json\/wp\/v2\/types\/product"}],"replies":[{"embeddable":true,"href":"https:\/\/noithathuuthinh.vn\/zh-hans\/wp-json\/wp\/v2\/comments?post=4397"}],"wp:featuredmedia":[{"embeddable":true,"href":"https:\/\/noithathuuthinh.vn\/zh-hans\/wp-json\/wp\/v2\/media\/4398"}],"wp:attachment":[{"href":"https:\/\/noithathuuthinh.vn\/zh-hans\/wp-json\/wp\/v2\/media?parent=4397"}],"wp:term":[{"taxonomy":"product_brand","embeddable":true,"href":"https:\/\/noithathuuthinh.vn\/zh-hans\/wp-json\/wp\/v2\/product_brand?post=4397"},{"taxonomy":"product_cat","embeddable":true,"href":"https:\/\/noithathuuthinh.vn\/zh-hans\/wp-json\/wp\/v2\/product_cat?post=4397"},{"taxonomy":"product_tag","embeddable":true,"href":"https:\/\/noithathuuthinh.vn\/zh-hans\/wp-json\/wp\/v2\/product_tag?post=4397"}],"curies":[{"name":"wp","href":"https:\/\/api.w.org\/{rel}","templated":true}]}}