{"id":4400,"date":"2025-11-22T15:54:39","date_gmt":"2025-11-22T08:54:39","guid":{"rendered":"https:\/\/noithathuuthinh.vn\/?post_type=product&#038;p=4400"},"modified":"2025-11-22T15:55:20","modified_gmt":"2025-11-22T08:55:20","slug":"tu-ho-so-at1960-3g4d","status":"publish","type":"product","link":"https:\/\/noithathuuthinh.vn\/zh-hans\/san-pham\/tu-ho-so-at1960-3g4d\/","title":{"rendered":"T\u1ee7 h\u1ed3 s\u01a1 AT1960-3G4D"},"content":{"rendered":"<p data-start=\"767\" data-end=\"1147\">T\u1ee7 h\u1ed3 s\u01a1 AT1960-3G4D l\u00e0 l\u1ef1a ch\u1ecdn ho\u00e0n h\u1ea3o cho nh\u1eefng v\u0103n ph\u00f2ng c\u1ea7n m\u1eabu t\u1ee7 cao c\u1ea5p, r\u1ed9ng r\u00e3i v\u00e0 thi\u1ebft k\u1ebf hi\u1ec7n \u0111\u1ea1i \u0111\u1ec3 t\u1ed1i \u01b0u h\u00f3a kh\u00f4ng gian l\u01b0u tr\u1eef. Thu\u1ed9c d\u00f2ng t\u1ee7 3 bu\u1ed3ng ch\u1ea5t li\u1ec7u Melamine b\u1ec1n b\u1ec9, s\u1ea3n ph\u1ea9m mang \u0111\u1ebfn s\u1ef1 ti\u1ec7n d\u1ee5ng v\u01b0\u1ee3t tr\u1ed9i v\u1edbi s\u1ef1 k\u1ebft h\u1ee3p gi\u1eefa khoang k\u00ednh v\u00e0 khoang g\u1ed7, gi\u00fap vi\u1ec7c s\u1eafp x\u1ebfp h\u1ed3 s\u01a1 v\u1eeba g\u1ecdn g\u00e0ng, v\u1eeba chuy\u00ean nghi\u1ec7p.<\/p>\n<p data-start=\"1149\" data-end=\"1453\">Thi\u1ebft k\u1ebf ph\u1ea7n tr\u00ean g\u1ed3m 3 c\u00e1nh k\u00ednh trong su\u1ed1t gi\u00fap ng\u01b0\u1eddi d\u00f9ng d\u1ec5 d\u00e0ng quan s\u00e1t t\u00e0i li\u1ec7u, tr\u01b0ng b\u00e0y s\u00e1ch, k\u1ef7 v\u1eadt ho\u1eb7c c\u00e1c v\u1eadt ph\u1ea9m trang tr\u00ed t\u1ea1o \u0111i\u1ec3m nh\u1ea5n cho v\u0103n ph\u00f2ng. C\u00e1c c\u00e1nh k\u00ednh s\u1eed d\u1ee5ng khung ch\u1eafc ch\u1eafn, \u0111\u00f3ng m\u1edf \u00eam \u00e1i, b\u1ea3o v\u1ec7 t\u00e0i li\u1ec7u kh\u1ecfi b\u1ee5i b\u1ea9n v\u00e0 gi\u1eef ch\u00fang lu\u00f4n \u1edf tr\u1ea1ng th\u00e1i s\u1ea1ch s\u1ebd, d\u1ec5 t\u00ecm ki\u1ebfm.<\/p>\n<p data-start=\"1455\" data-end=\"1894\">Ph\u00eda d\u01b0\u1edbi c\u1ee7a t\u1ee7 AT1960-3G4D \u0111\u01b0\u1ee3c b\u1ed1 tr\u00ed 2 c\u00e1nh g\u1ed7 m\u1edf v\u1edbi kh\u00f4ng gian l\u01b0u tr\u1eef k\u00edn \u0111\u00e1o, r\u1ea5t ph\u00f9 h\u1ee3p cho c\u00e1c lo\u1ea1i t\u00e0i li\u1ec7u n\u1ed9i b\u1ed9, v\u1eadt d\u1ee5ng \u00edt d\u00f9ng ho\u1eb7c nh\u1eefng gi\u1ea5y t\u1edd c\u1ea7n b\u1ea3o qu\u1ea3n ri\u00eang t\u01b0. B\u00ean c\u1ea1nh \u0111\u00f3, ng\u0103n k\u00e9o \u0111\u01b0\u1ee3c t\u00edch h\u1ee3p gi\u00fap t\u0103ng th\u00eam ti\u1ec7n \u00edch, \u0111\u00e1p \u1ee9ng nhu c\u1ea7u c\u1ea5t gi\u1eef \u0111\u1ed3 linh ho\u1ea1t nh\u01b0 b\u00fat, s\u1ed5 s\u00e1ch, ph\u1ee5 ki\u1ec7n v\u0103n ph\u00f2ng ho\u1eb7c c\u00e1c v\u1eadt d\u1ee5ng nh\u1ecf. C\u01a1 c\u1ea5u ray tr\u01b0\u1ee3t ch\u1ea5t l\u01b0\u1ee3ng gi\u00fap ng\u0103n k\u00e9o v\u1eadn h\u00e0nh tr\u01a1n tru v\u00e0 b\u1ec1n b\u1ec9 trong qu\u00e1 tr\u00ecnh s\u1eed d\u1ee5ng.<\/p>\n<p data-start=\"1896\" data-end=\"2320\">S\u1eed d\u1ee5ng ch\u1ea5t li\u1ec7u Melamine cao c\u1ea5p, b\u1ec1 m\u1eb7t t\u1ee7 \u0111\u1ea1t \u0111\u01b0\u1ee3c s\u1ef1 c\u00e2n b\u1eb1ng gi\u1eefa \u0111\u1ed9 b\u1ec1n v\u00e0 t\u00ednh th\u1ea9m m\u1ef9. Ch\u1ea5t li\u1ec7u n\u00e0y c\u00f3 kh\u1ea3 n\u0103ng ch\u1ed1ng tr\u1ea7y x\u01b0\u1edbc, ch\u1ed1ng \u1ea9m, h\u1ea1n ch\u1ebf b\u00e1m b\u1ee5i v\u00e0 r\u1ea5t d\u1ec5 v\u1ec7 sinh. Nh\u1edd v\u1eady, t\u1ee7 gi\u1eef \u0111\u01b0\u1ee3c v\u1ebb \u0111\u1eb9p hi\u1ec7n \u0111\u1ea1i v\u00e0 s\u1ea1ch s\u1ebd trong th\u1eddi gian d\u00e0i, \u0111\u1ed3ng th\u1eddi g\u00f3p ph\u1ea7n t\u1ea1o s\u1ef1 \u0111\u1ed3ng b\u1ed9 cho kh\u00f4ng gian n\u1ed9i th\u1ea5t v\u0103n ph\u00f2ng. Melamine c\u0169ng l\u00e0 v\u1eadt li\u1ec7u th\u00e2n thi\u1ec7n, \u0111\u1ea3m b\u1ea3o t\u00ednh \u1ed5n \u0111\u1ecbnh, kh\u00f4ng cong v\u00eanh v\u00e0 ch\u1ed1ng m\u1ed1i m\u1ecdt hi\u1ec7u qu\u1ea3.<\/p>\n<p data-start=\"2322\" data-end=\"2682\">V\u1edbi k\u00edch th\u01b0\u1edbc W1200 x D400 x H1960 mm, t\u1ee7 AT1960-3G4D c\u00f3 t\u1ef7 l\u1ec7 k\u00edch th\u01b0\u1edbc l\u00fd t\u01b0\u1edfng cho nhi\u1ec1u lo\u1ea1i kh\u00f4ng gian, t\u1eeb ph\u00f2ng l\u00e0m vi\u1ec7c c\u00e1 nh\u00e2n \u0111\u1ebfn v\u0103n ph\u00f2ng c\u00f4ng ty, ph\u00f2ng gi\u00e1m \u0111\u1ed1c, ph\u00f2ng h\u1ecdp ho\u1eb7c khu v\u1ef1c l\u01b0u tr\u1eef chung. T\u1ee7 cao 1960 mm gi\u00fap t\u1eadn d\u1ee5ng chi\u1ec1u cao kh\u00f4ng gian, t\u1ed1i \u01b0u di\u1ec7n t\u00edch s\u1eed d\u1ee5ng m\u00e0 v\u1eabn \u0111\u1ea3m b\u1ea3o s\u1ef1 tho\u1ea3i m\u00e1i, kh\u00f4ng t\u1ea1o c\u1ea3m gi\u00e1c n\u1eb7ng n\u1ec1 hay chi\u1ebfm ch\u1ed7.<\/p>\n<p data-start=\"2684\" data-end=\"2990\">Thi\u1ebft k\u1ebf t\u1ed5ng th\u1ec3 c\u1ee7a t\u1ee7 theo phong c\u00e1ch hi\u1ec7n \u0111\u1ea1i, vu\u00f4ng v\u1ee9c, \u0111\u01b0\u1eddng n\u00e9t s\u1eafc s\u1ea3o, d\u1ec5 d\u00e0ng k\u1ebft h\u1ee3p v\u1edbi c\u00e1c d\u00f2ng b\u00e0n, h\u1ed9c, k\u1ec7 ho\u1eb7c t\u1ee7 kh\u00e1c trong v\u0103n ph\u00f2ng. S\u1ef1 k\u1ebft h\u1ee3p gi\u1eefa c\u00e1nh k\u00ednh v\u00e0 c\u00e1nh g\u1ed7 c\u00f9ng ng\u0103n k\u00e9o t\u1ea1o n\u00ean s\u1ef1 h\u00e0i h\u00f2a gi\u1eefa t\u00ednh ti\u1ec7n d\u1ee5ng v\u00e0 t\u00ednh th\u1ea9m m\u1ef9, mang \u0111\u1ebfn di\u1ec7n m\u1ea1o sang tr\u1ecdng v\u00e0 chuy\u00ean nghi\u1ec7p.<\/p>\n<p data-start=\"2992\" data-end=\"3380\">T\u1ee7 h\u1ed3 s\u01a1 AT1960-3G4D kh\u00f4ng ch\u1ec9 l\u00e0 gi\u1ea3i ph\u00e1p l\u01b0u tr\u1eef hi\u1ec7u qu\u1ea3 m\u00e0 c\u00f2n l\u00e0 m\u1ed9t ph\u1ea7n quan tr\u1ecdng trong vi\u1ec7c ho\u00e0n thi\u1ec7n kh\u00f4ng gian l\u00e0m vi\u1ec7c hi\u1ec7n \u0111\u1ea1i. S\u1ea3n ph\u1ea9m ph\u00f9 h\u1ee3p v\u1edbi nhi\u1ec1u ph\u00f2ng ban nh\u01b0 h\u00e0nh ch\u00ednh \u2013 nh\u00e2n s\u1ef1, k\u1ebf to\u00e1n, gi\u00e1m \u0111\u1ed1c ho\u1eb7c c\u00e1c v\u1ecb tr\u00ed c\u1ea7n l\u01b0u tr\u1eef h\u1ed3 s\u01a1 nhi\u1ec1u. V\u1edbi \u0111\u1ed9 b\u1ec1n cao, thi\u1ebft k\u1ebf ti\u1ec7n \u00edch v\u00e0 ki\u1ec3u d\u00e1ng \u0111\u1eb9p, \u0111\u00e2y l\u00e0 m\u1ed9t trong nh\u1eefng m\u1eabu t\u1ee7 \u0111\u01b0\u1ee3c nhi\u1ec1u doanh nghi\u1ec7p \u01b0u ti\u00ean l\u1ef1a ch\u1ecdn.<\/p>\n","protected":false},"excerpt":{"rendered":"<p data-start=\"133\" data-end=\"760\">T\u1ee7 h\u1ed3 s\u01a1 AT1960-3G4D l\u00e0 m\u1eabu t\u1ee7 v\u0103n ph\u00f2ng 3 bu\u1ed3ng g\u1ed7 Melamine, c\u00f3 thi\u1ebft k\u1ebf g\u1ed3m 3 c\u00e1nh k\u00ednh ph\u00eda tr\u00ean v\u00e0 ph\u00eda d\u01b0\u1edbi b\u1ed1 tr\u00ed 2 c\u00e1nh g\u1ed7 m\u1edf c\u00f9ng ng\u0103n k\u00e9o \u0111\u1ec3 \u0111\u1ed3, mang \u0111\u1ebfn gi\u1ea3i ph\u00e1p l\u01b0u tr\u1eef ti\u1ec7n l\u1ee3i v\u00e0 th\u1ea9m m\u1ef9 cho kh\u00f4ng gian l\u00e0m vi\u1ec7c.<br data-start=\"416\" data-end=\"419\" \/>K\u00edch th\u01b0\u1edbc: W1200 x D400 x H1960 mm<br data-start=\"454\" data-end=\"457\" \/>Xu\u1ea5t x\u1ee9: S\u1ea3n ph\u1ea9m c\u1ee7a c\u00f4ng ty <strong data-start=\"487\" data-end=\"507\">N\u1ed8I TH\u1ea4T THE ONE<\/strong> \u2013 Ph\u00e2n ph\u1ed1i b\u1edfi <strong data-start=\"524\" data-end=\"560\">C\u00d4NG TY TNHH SXTM TTNT H\u1eeeU TH\u1ecaNH<\/strong><br data-start=\"560\" data-end=\"563\" \/>B\u1ea3o h\u00e0nh: 12 th\u00e1ng theo ti\u00eau chu\u1ea9n nh\u00e0 m\u00e1y<br data-start=\"605\" data-end=\"608\" \/><span style=\"color: #ed1c24;\"><em data-start=\"608\" data-end=\"760\">L\u01b0u \u00fd: Gi\u00e1 tr\u00ean ch\u01b0a bao g\u1ed3m VAT v\u00e0 ph\u00ed v\u1eadn chuy\u1ec3n. Gi\u00e1 s\u1ea3n ph\u1ea9m c\u00f3 th\u1ec3 thay \u0111\u1ed5i theo t\u1eebng th\u1eddi \u0111i\u1ec3m, vui l\u00f2ng li\u00ean h\u1ec7 \u0111\u1ec3 nh\u1eadn t\u01b0 v\u1ea5n \u01b0u \u0111\u00e3i t\u1ed1t nh\u1ea5t.<\/em><\/span><\/p>\n","protected":false},"featured_media":4401,"comment_status":"open","ping_status":"closed","template":"","meta":[],"product_brand":[],"product_cat":[17,760],"product_tag":[],"class_list":{"0":"post-4400","1":"product","2":"type-product","3":"status-publish","4":"has-post-thumbnail","6":"product_cat-noi-that-van-phong","7":"product_cat-tu-go-van-phong","9":"first","10":"instock","11":"taxable","12":"shipping-taxable","13":"purchasable","14":"product-type-simple"},"_links":{"self":[{"href":"https:\/\/noithathuuthinh.vn\/zh-hans\/wp-json\/wp\/v2\/product\/4400","targetHints":{"allow":["GET"]}}],"collection":[{"href":"https:\/\/noithathuuthinh.vn\/zh-hans\/wp-json\/wp\/v2\/product"}],"about":[{"href":"https:\/\/noithathuuthinh.vn\/zh-hans\/wp-json\/wp\/v2\/types\/product"}],"replies":[{"embeddable":true,"href":"https:\/\/noithathuuthinh.vn\/zh-hans\/wp-json\/wp\/v2\/comments?post=4400"}],"wp:featuredmedia":[{"embeddable":true,"href":"https:\/\/noithathuuthinh.vn\/zh-hans\/wp-json\/wp\/v2\/media\/4401"}],"wp:attachment":[{"href":"https:\/\/noithathuuthinh.vn\/zh-hans\/wp-json\/wp\/v2\/media?parent=4400"}],"wp:term":[{"taxonomy":"product_brand","embeddable":true,"href":"https:\/\/noithathuuthinh.vn\/zh-hans\/wp-json\/wp\/v2\/product_brand?post=4400"},{"taxonomy":"product_cat","embeddable":true,"href":"https:\/\/noithathuuthinh.vn\/zh-hans\/wp-json\/wp\/v2\/product_cat?post=4400"},{"taxonomy":"product_tag","embeddable":true,"href":"https:\/\/noithathuuthinh.vn\/zh-hans\/wp-json\/wp\/v2\/product_tag?post=4400"}],"curies":[{"name":"wp","href":"https:\/\/api.w.org\/{rel}","templated":true}]}}