{"id":4402,"date":"2025-11-22T16:15:22","date_gmt":"2025-11-22T09:15:22","guid":{"rendered":"https:\/\/noithathuuthinh.vn\/?post_type=product&#038;p=4402"},"modified":"2025-11-22T16:15:22","modified_gmt":"2025-11-22T09:15:22","slug":"tu-ho-so-at1960-3b","status":"publish","type":"product","link":"https:\/\/noithathuuthinh.vn\/zh-hans\/san-pham\/tu-ho-so-at1960-3b\/","title":{"rendered":"T\u1ee7 h\u1ed3 s\u01a1 AT1960-3B"},"content":{"rendered":"<p data-start=\"656\" data-end=\"1057\">T\u1ee7 h\u1ed3 s\u01a1 AT1960-3B l\u00e0 l\u1ef1a ch\u1ecdn ho\u00e0n h\u1ea3o cho c\u00e1c v\u0103n ph\u00f2ng c\u1ea7n m\u1ed9t s\u1ea3n ph\u1ea9m l\u01b0u tr\u1eef \u0111a n\u0103ng, hi\u1ec7n \u0111\u1ea1i v\u00e0 c\u00f3 kh\u1ea3 n\u0103ng \u0111\u00e1p \u1ee9ng nhi\u1ec1u lo\u1ea1i nhu c\u1ea7u s\u1eed d\u1ee5ng. V\u1edbi thi\u1ebft k\u1ebf 3 bu\u1ed3ng r\u1ed9ng r\u00e3i, t\u1ee7 mang \u0111\u1ebfn s\u1ef1 ti\u1ec7n l\u1ee3i v\u01b0\u1ee3t tr\u1ed9i khi v\u1eeba h\u1ed7 tr\u1ee3 l\u01b0u tr\u1eef t\u00e0i li\u1ec7u, tr\u01b0ng b\u00e0y h\u1ed3 s\u01a1 quan tr\u1ecdng, v\u1eeba t\u00edch h\u1ee3p khoang treo \u00e1o ti\u1ec7n d\u1ee5ng d\u00e0nh cho l\u00e3nh \u0111\u1ea1o ho\u1eb7c nh\u00e2n vi\u00ean v\u0103n ph\u00f2ng.<\/p>\n<p data-start=\"1059\" data-end=\"1487\">Ph\u1ea7n tr\u00ean c\u1ee7a t\u1ee7 h\u1ed3 s\u01a1 AT1960-3B \u0111\u01b0\u1ee3c chia th\u00e0nh 3 khoang: hai khoang c\u00e1nh k\u00ednh sang tr\u1ecdng t\u1ea1o kh\u00f4ng gian tr\u01b0ng b\u00e0y h\u1ed3 s\u01a1, t\u00e0i li\u1ec7u ho\u1eb7c \u0111\u1ed3 trang tr\u00ed gi\u00fap kh\u00f4ng gian l\u00e0m vi\u1ec7c th\u00eam t\u00ednh th\u1ea9m m\u1ef9; khoang c\u00f2n l\u1ea1i l\u00e0 khoang treo qu\u1ea7n \u00e1o r\u1ea5t h\u1eefu \u00edch cho nh\u1eefng ai c\u1ea7n thay trang ph\u1ee5c t\u1ea1i v\u0103n ph\u00f2ng ho\u1eb7c mu\u1ed1n gi\u1eef \u00e1o vest, \u00e1o kho\u00e1c lu\u00f4n ph\u1eb3ng phiu v\u00e0 ng\u0103n n\u1eafp. C\u00e1nh k\u00ednh s\u1eed d\u1ee5ng khung ch\u1eafc ch\u1eafn, m\u1edf \u00eam \u00e1i v\u00e0 b\u1ea3o v\u1ec7 t\u00e0i li\u1ec7u kh\u1ecfi b\u1ee5i b\u1ea9n.<\/p>\n<p data-start=\"1489\" data-end=\"1856\">Ph\u1ea7n d\u01b0\u1edbi g\u1ed3m 3 c\u00e1nh m\u1edf b\u1eb1ng g\u1ed7 Melamine gi\u00fap ng\u01b0\u1eddi d\u00f9ng d\u1ec5 d\u00e0ng l\u01b0u tr\u1eef nh\u1eefng t\u00e0i li\u1ec7u quan tr\u1ecdng, v\u1eadt d\u1ee5ng c\u00e1 nh\u00e2n ho\u1eb7c \u0111\u1ed3 d\u00f9ng v\u0103n ph\u00f2ng. H\u1ec7 th\u1ed1ng b\u1ea3n l\u1ec1 ch\u1ea5t l\u01b0\u1ee3ng cao gi\u00fap thao t\u00e1c \u0111\u00f3ng m\u1edf nh\u1eb9 nh\u00e0ng, \u00eam \u00e1i v\u00e0 h\u1ea1n ch\u1ebf ti\u1ebfng \u1ed3n trong m\u00f4i tr\u01b0\u1eddng l\u00e0m vi\u1ec7c. Thi\u1ebft k\u1ebf c\u00e1nh m\u1edf d\u1ea1ng li\u1ec1n kh\u1ed1i gi\u00fap t\u1ee7 g\u1ecdn g\u00e0ng, \u0111\u01a1n gi\u1ea3n nh\u01b0ng v\u1eabn t\u1ea1o c\u1ea3m gi\u00e1c ch\u1eafc ch\u1eafn v\u00e0 chuy\u00ean nghi\u1ec7p.<\/p>\n<p data-start=\"1858\" data-end=\"2212\">Ch\u1ea5t li\u1ec7u Melamine l\u00e0 \u0111i\u1ec3m n\u1ed5i b\u1eadt c\u1ee7a t\u1ee7 AT1960-3B. \u0110\u00e2y l\u00e0 lo\u1ea1i v\u1eadt li\u1ec7u ph\u1ed5 bi\u1ebfn trong n\u1ed9i th\u1ea5t v\u0103n ph\u00f2ng hi\u1ec7n \u0111\u1ea1i nh\u1edd nhi\u1ec1u \u01b0u \u0111i\u1ec3m v\u01b0\u1ee3t tr\u1ed9i nh\u01b0 ch\u1ed1ng tr\u1ea7y x\u01b0\u1edbc, ch\u1ed1ng \u1ea9m, ch\u1ed1ng m\u1ed1i m\u1ecdt v\u00e0 d\u1ec5 lau ch\u00f9i. B\u1ec1 m\u1eb7t Melamine c\u00f3 m\u00e0u s\u1eafc \u0111\u1eb9p, \u0111\u1ed3ng \u0111\u1ec1u v\u00e0 b\u1ec1n m\u00e0u theo th\u1eddi gian, gi\u00fap t\u1ee7 gi\u1eef \u0111\u01b0\u1ee3c v\u1ebb m\u1edbi sang tr\u1ecdng d\u00f9 s\u1eed d\u1ee5ng l\u00e2u d\u00e0i trong m\u00f4i tr\u01b0\u1eddng l\u00e0m vi\u1ec7c.<\/p>\n<p data-start=\"2214\" data-end=\"2638\">K\u00edch th\u01b0\u1edbc W1200 x D400 x H1960 mm \u0111\u01b0\u1ee3c t\u1ed1i \u01b0u \u0111\u1ec3 v\u1eeba mang l\u1ea1i kh\u1ea3 n\u0103ng l\u01b0u tr\u1eef l\u1edbn, v\u1eeba ti\u1ebft ki\u1ec7m di\u1ec7n t\u00edch s\u00e0n. Chi\u1ec1u cao 1960 mm gi\u00fap t\u1eadn d\u1ee5ng t\u1ed1i \u0111a kh\u00f4ng gian theo chi\u1ec1u \u0111\u1ee9ng, \u0111\u1eb7c bi\u1ec7t ph\u00f9 h\u1ee3p t\u1ea1i c\u00e1c v\u0103n ph\u00f2ng di\u1ec7n t\u00edch v\u1eeba v\u00e0 nh\u1ecf, c\u1ea7n b\u1ed1 tr\u00ed nhi\u1ec1u t\u1ee7 nh\u01b0ng v\u1eabn \u0111\u1ea3m b\u1ea3o s\u1ef1 th\u00f4ng tho\u00e1ng. Chi\u1ec1u s\u00e2u 400 mm l\u00e0 ti\u00eau chu\u1ea9n cho h\u1ea7u h\u1ebft c\u00e1c lo\u1ea1i file h\u1ed3 s\u01a1 A4, \u0111\u1ea3m b\u1ea3o m\u1ecdi t\u00e0i li\u1ec7u \u0111\u01b0\u1ee3c c\u1ea5t gi\u1eef g\u1ecdn g\u00e0ng v\u00e0 d\u1ec5 d\u00e0ng ph\u00e2n lo\u1ea1i.<\/p>\n<p data-start=\"2640\" data-end=\"3016\">T\u1ee7 h\u1ed3 s\u01a1 AT1960-3B kh\u00f4ng ch\u1ec9 \u0111\u00e1p \u1ee9ng nhu c\u1ea7u l\u01b0u tr\u1eef m\u00e0 c\u00f2n n\u00e2ng cao gi\u00e1 tr\u1ecb th\u1ea9m m\u1ef9 c\u1ee7a kh\u00f4ng gian. Thi\u1ebft k\u1ebf hi\u1ec7n \u0111\u1ea1i, \u0111\u01b0\u1eddng n\u00e9t s\u1eafc s\u1ea3o v\u00e0 m\u00e0u s\u1eafc trang nh\u00e3 gi\u00fap s\u1ea3n ph\u1ea9m d\u1ec5 d\u00e0ng k\u1ebft h\u1ee3p v\u1edbi b\u00e0n l\u00e0m vi\u1ec7c, t\u1ee7 ph\u1ee5, h\u1ed9c di \u0111\u1ed9ng ho\u1eb7c c\u00e1c s\u1ea3n ph\u1ea9m n\u1ed9i th\u1ea5t kh\u00e1c trong v\u0103n ph\u00f2ng. T\u1ee7 ph\u00f9 h\u1ee3p t\u1eeb ph\u00f2ng l\u00e0m vi\u1ec7c c\u1ee7a nh\u00e2n vi\u00ean \u0111\u1ebfn ph\u00f2ng l\u00e3nh \u0111\u1ea1o, ph\u00f2ng h\u1ecdp ho\u1eb7c khu v\u1ef1c l\u01b0u tr\u1eef chung.<\/p>\n<p data-start=\"3018\" data-end=\"3336\">Ngo\u00e0i t\u00ednh th\u1ea9m m\u1ef9 v\u00e0 \u0111\u1ed9 b\u1ec1n cao, t\u1ee7 AT1960-3B c\u00f2n mang \u0111\u1ebfn s\u1ef1 ti\u1ec7n l\u1ee3i t\u1ed1i \u0111a cho ng\u01b0\u1eddi s\u1eed d\u1ee5ng. C\u00e1c khoang \u0111\u01b0\u1ee3c b\u1ed1 tr\u00ed khoa h\u1ecdc, h\u1ed7 tr\u1ee3 ph\u00e2n lo\u1ea1i h\u1ed3 s\u01a1 theo m\u1ee9c \u0111\u1ed9 quan tr\u1ecdng ho\u1eb7c theo ch\u1ee9c n\u0103ng ri\u00eang. Khoang treo \u00e1o l\u00e0 \u0111i\u1ec3m c\u1ed9ng \u0111\u1eb7c bi\u1ec7t gi\u00fap s\u1ea3n ph\u1ea9m tr\u1edf n\u00ean \u0111a d\u1ee5ng h\u01a1n nhi\u1ec1u so v\u1edbi c\u00e1c m\u1eabu t\u1ee7 h\u1ed3 s\u01a1 truy\u1ec1n th\u1ed1ng.<\/p>\n<p data-start=\"3338\" data-end=\"3672\" data-is-last-node=\"\" data-is-only-node=\"\">T\u00f3m l\u1ea1i, t\u1ee7 h\u1ed3 s\u01a1 AT1960-3B l\u00e0 l\u1ef1a ch\u1ecdn tuy\u1ec7t v\u1eddi cho nh\u1eefng ai \u0111ang t\u00ecm ki\u1ebfm m\u1ed9t s\u1ea3n ph\u1ea9m t\u1ee7 t\u00e0i li\u1ec7u v\u1eeba \u0111\u1eb9p, ti\u1ec7n d\u1ee5ng, b\u1ec1n b\u1ec9 v\u00e0 ph\u00f9 h\u1ee3p v\u1edbi nhi\u1ec1u m\u1ee5c \u0111\u00edch s\u1eed d\u1ee5ng. T\u1ee7 mang \u0111\u1ebfn kh\u00f4ng gian l\u01b0u tr\u1eef ho\u00e0n ch\u1ec9nh, \u0111\u00e1p \u1ee9ng t\u1ed1t nhu c\u1ea7u c\u1ee7a m\u1ecdi v\u0103n ph\u00f2ng hi\u1ec7n \u0111\u1ea1i, g\u00f3p ph\u1ea7n t\u1ea1o d\u1ef1ng m\u00f4i tr\u01b0\u1eddng l\u00e0m vi\u1ec7c chuy\u00ean nghi\u1ec7p, g\u1ecdn g\u00e0ng v\u00e0 ti\u1ec7n nghi.<\/p>\n","protected":false},"excerpt":{"rendered":"<p>T\u1ee7 h\u1ed3 s\u01a1 AT1960-3B l\u00e0 m\u1eabu t\u1ee7 t\u00e0i li\u1ec7u 3 bu\u1ed3ng g\u1ed7 Melamine cao c\u1ea5p, v\u1edbi thi\u1ebft k\u1ebf g\u1ed3m 2 khoang c\u00e1nh k\u00ednh \u0111\u1ec3 t\u00e0i li\u1ec7u v\u00e0 1 khoang treo qu\u1ea7n \u00e1o ph\u00eda tr\u00ean, ph\u00eda d\u01b0\u1edbi l\u00e0 3 c\u00e1nh g\u1ed7 m\u1edf ti\u1ec7n d\u1ee5ng, mang \u0111\u1ebfn gi\u1ea3i ph\u00e1p l\u01b0u tr\u1eef g\u1ecdn g\u00e0ng v\u00e0 chuy\u00ean nghi\u1ec7p cho v\u0103n ph\u00f2ng.<br data-start=\"311\" data-end=\"314\" \/>K\u00edch th\u01b0\u1edbc: W1200 x D400 x H1960 mm<br data-start=\"349\" data-end=\"352\" \/>Xu\u1ea5t x\u1ee9: S\u1ea3n ph\u1ea9m c\u1ee7a c\u00f4ng ty N\u1ed8I TH\u1ea4T THE ONE \u2013 Ph\u00e2n ph\u1ed1i b\u1edfi C\u00d4NG TY TNHH SXTM TTNT H\u1eeeU TH\u1ecaNH<br data-start=\"447\" data-end=\"450\" \/>B\u1ea3o h\u00e0nh: 12 th\u00e1ng theo ti\u00eau chu\u1ea9n nh\u00e0 m\u00e1y<br data-start=\"492\" data-end=\"495\" \/><span style=\"color: #ed1c24;\"><em data-start=\"495\" data-end=\"647\">L\u01b0u \u00fd: Gi\u00e1 tr\u00ean ch\u01b0a bao g\u1ed3m VAT v\u00e0 ph\u00ed v\u1eadn chuy\u1ec3n. Gi\u00e1 s\u1ea3n ph\u1ea9m c\u00f3 th\u1ec3 thay \u0111\u1ed5i theo t\u1eebng th\u1eddi \u0111i\u1ec3m, vui l\u00f2ng li\u00ean h\u1ec7 \u0111\u1ec3 nh\u1eadn t\u01b0 v\u1ea5n \u01b0u \u0111\u00e3i t\u1ed1t nh\u1ea5t.<\/em><\/span><\/p>\n","protected":false},"featured_media":4403,"comment_status":"open","ping_status":"closed","template":"","meta":[],"product_brand":[],"product_cat":[17,760],"product_tag":[],"class_list":{"0":"post-4402","1":"product","2":"type-product","3":"status-publish","4":"has-post-thumbnail","6":"product_cat-noi-that-van-phong","7":"product_cat-tu-go-van-phong","9":"first","10":"instock","11":"taxable","12":"shipping-taxable","13":"purchasable","14":"product-type-simple"},"_links":{"self":[{"href":"https:\/\/noithathuuthinh.vn\/zh-hans\/wp-json\/wp\/v2\/product\/4402","targetHints":{"allow":["GET"]}}],"collection":[{"href":"https:\/\/noithathuuthinh.vn\/zh-hans\/wp-json\/wp\/v2\/product"}],"about":[{"href":"https:\/\/noithathuuthinh.vn\/zh-hans\/wp-json\/wp\/v2\/types\/product"}],"replies":[{"embeddable":true,"href":"https:\/\/noithathuuthinh.vn\/zh-hans\/wp-json\/wp\/v2\/comments?post=4402"}],"wp:featuredmedia":[{"embeddable":true,"href":"https:\/\/noithathuuthinh.vn\/zh-hans\/wp-json\/wp\/v2\/media\/4403"}],"wp:attachment":[{"href":"https:\/\/noithathuuthinh.vn\/zh-hans\/wp-json\/wp\/v2\/media?parent=4402"}],"wp:term":[{"taxonomy":"product_brand","embeddable":true,"href":"https:\/\/noithathuuthinh.vn\/zh-hans\/wp-json\/wp\/v2\/product_brand?post=4402"},{"taxonomy":"product_cat","embeddable":true,"href":"https:\/\/noithathuuthinh.vn\/zh-hans\/wp-json\/wp\/v2\/product_cat?post=4402"},{"taxonomy":"product_tag","embeddable":true,"href":"https:\/\/noithathuuthinh.vn\/zh-hans\/wp-json\/wp\/v2\/product_tag?post=4402"}],"curies":[{"name":"wp","href":"https:\/\/api.w.org\/{rel}","templated":true}]}}