{"id":4408,"date":"2025-11-22T16:26:29","date_gmt":"2025-11-22T09:26:29","guid":{"rendered":"https:\/\/noithathuuthinh.vn\/?post_type=product&#038;p=4408"},"modified":"2025-11-22T16:26:29","modified_gmt":"2025-11-22T09:26:29","slug":"tu-ho-so-hp1960kg","status":"publish","type":"product","link":"https:\/\/noithathuuthinh.vn\/zh-hans\/san-pham\/tu-ho-so-hp1960kg\/","title":{"rendered":"T\u1ee7 h\u1ed3 s\u01a1 HP1960KG"},"content":{"rendered":"<p data-start=\"720\" data-end=\"1057\">T\u1ee7 h\u1ed3 s\u01a1 HP1960KG l\u00e0 l\u1ef1a ch\u1ecdn l\u00fd t\u01b0\u1edfng cho c\u00e1c v\u0103n ph\u00f2ng \u0111ang t\u00ecm ki\u1ebfm m\u1ed9t m\u1eabu t\u1ee7 t\u00e0i li\u1ec7u \u0111a n\u0103ng, ti\u1ec7n d\u1ee5ng v\u00e0 c\u00f3 t\u00ednh th\u1ea9m m\u1ef9 cao. V\u1edbi ki\u1ec3u d\u00e1ng hi\u1ec7n \u0111\u1ea1i v\u00e0 c\u1ea5u tr\u00fac 2 khoang th\u00f4ng minh, s\u1ea3n ph\u1ea9m kh\u00f4ng ch\u1ec9 \u0111\u00e1p \u1ee9ng nhu c\u1ea7u l\u01b0u tr\u1eef m\u00e0 c\u00f2n gi\u00fap n\u00e2ng t\u1ea7m s\u1ef1 chuy\u00ean nghi\u1ec7p cho kh\u00f4ng gian l\u00e0m vi\u1ec7c.<\/p>\n<p data-start=\"1059\" data-end=\"1363\">Ph\u1ea7n tr\u00ean c\u1ee7a t\u1ee7 \u0111\u01b0\u1ee3c trang b\u1ecb hai c\u00e1nh k\u00ednh trong su\u1ed1t, ph\u00f9 h\u1ee3p \u0111\u1ec3 tr\u01b0ng b\u00e0y t\u00e0i li\u1ec7u, s\u00e1ch, h\u1ed3 s\u01a1 quan tr\u1ecdng ho\u1eb7c c\u00e1c v\u1eadt d\u1ee5ng trang tr\u00ed v\u0103n ph\u00f2ng. C\u00e1nh k\u00ednh khung ch\u1eafc ch\u1eafn gi\u00fap t\u00e0i li\u1ec7u \u0111\u01b0\u1ee3c b\u1ea3o v\u1ec7 kh\u1ecfi b\u1ee5i b\u1ea9n nh\u01b0ng v\u1eabn d\u1ec5 d\u00e0ng quan s\u00e1t, g\u00f3p ph\u1ea7n t\u1ea1o \u0111i\u1ec3m nh\u1ea5n sang tr\u1ecdng v\u00e0 hi\u1ec7n \u0111\u1ea1i cho kh\u00f4ng gian.<\/p>\n<p data-start=\"1365\" data-end=\"1762\">Ph\u1ea7n d\u01b0\u1edbi c\u1ee7a t\u1ee7 l\u00e0 hai khoang c\u00e1nh m\u1edf, \u0111\u01b0\u1ee3c thi\u1ebft k\u1ebf \u0111\u1ec3 l\u01b0u tr\u1eef c\u00e1c lo\u1ea1i h\u1ed3 s\u01a1 c\u1ea7n s\u1ef1 k\u00edn \u0111\u00e1o h\u01a1n nh\u01b0 t\u00e0i li\u1ec7u n\u1ed9i b\u1ed9, gi\u1ea5y t\u1edd k\u1ebf to\u00e1n, h\u1ee3p \u0111\u1ed3ng ho\u1eb7c c\u00e1c v\u1eadt d\u1ee5ng v\u0103n ph\u00f2ng. C\u00e1nh m\u1edf b\u1eb1ng g\u1ed7 Melamine gi\u00fap b\u1ea3o v\u1ec7 t\u00e0i li\u1ec7u kh\u1ecfi t\u00e1c \u0111\u1ed9ng m\u00f4i tr\u01b0\u1eddng v\u00e0 mang l\u1ea1i s\u1ef1 g\u1ecdn g\u00e0ng, ng\u0103n n\u1eafp cho khu v\u1ef1c l\u00e0m vi\u1ec7c. H\u1ec7 th\u1ed1ng b\u1ea3n l\u1ec1 ch\u1ea5t l\u01b0\u1ee3ng cao gi\u00fap c\u00e1nh t\u1ee7 \u0111\u00f3ng m\u1edf \u00eam \u00e1i, b\u1ec1n b\u1ec9 trong su\u1ed1t qu\u00e1 tr\u00ecnh s\u1eed d\u1ee5ng.<\/p>\n<p data-start=\"1764\" data-end=\"2165\">T\u1ee7 h\u1ed3 s\u01a1 HP1960KG \u0111\u01b0\u1ee3c l\u00e0m t\u1eeb g\u1ed7 c\u00f4ng nghi\u1ec7p Melamine \u2013 m\u1ed9t trong nh\u1eefng ch\u1ea5t li\u1ec7u \u0111\u01b0\u1ee3c s\u1eed d\u1ee5ng ph\u1ed5 bi\u1ebfn trong n\u1ed9i th\u1ea5t v\u0103n ph\u00f2ng hi\u1ec7n \u0111\u1ea1i. Melamine c\u00f3 kh\u1ea3 n\u0103ng ch\u1ed1ng tr\u1ea7y x\u01b0\u1edbc, ch\u1ed1ng \u1ea9m, d\u1ec5 v\u1ec7 sinh v\u00e0 c\u00f3 tu\u1ed5i th\u1ecd cao. M\u00e0u s\u1eafc trang nh\u00e3 c\u00f9ng \u0111\u01b0\u1eddng n\u00e9t vu\u00f4ng v\u1ee9c gi\u00fap t\u1ee7 d\u1ec5 d\u00e0ng k\u1ebft h\u1ee3p v\u1edbi nhi\u1ec1u d\u00f2ng b\u00e0n l\u00e0m vi\u1ec7c, h\u1ed9c t\u1ee7, k\u1ec7 trang tr\u00ed kh\u00e1c, t\u1ea1o n\u00ean m\u1ed9t t\u1ed5ng th\u1ec3 h\u00e0i h\u00f2a v\u00e0 chuy\u00ean nghi\u1ec7p cho v\u0103n ph\u00f2ng.<\/p>\n<p data-start=\"2167\" data-end=\"2615\">K\u00edch th\u01b0\u1edbc W800 x D400 x H1960 mm c\u1ee7a t\u1ee7 ph\u00f9 h\u1ee3p v\u1edbi \u0111a s\u1ed1 kh\u00f4ng gian v\u0103n ph\u00f2ng hi\u1ec7n nay. Chi\u1ec1u cao l\u00fd t\u01b0\u1edfng gi\u00fap t\u1ed1i \u01b0u kh\u1ea3 n\u0103ng l\u01b0u tr\u1eef theo chi\u1ec1u \u0111\u1ee9ng, ti\u1ebft ki\u1ec7m di\u1ec7n t\u00edch s\u1eed d\u1ee5ng tr\u00ean m\u1eb7t s\u00e0n. Chi\u1ec1u r\u1ed9ng 800 mm gi\u00fap t\u1ee7 kh\u00f4ng chi\u1ebfm qu\u00e1 nhi\u1ec1u kh\u00f4ng gian nh\u01b0ng v\u1eabn \u0111\u1ea3m b\u1ea3o c\u00f4ng n\u0103ng l\u01b0u tr\u1eef d\u1ed3i d\u00e0o. Nh\u1edd v\u1eady, s\u1ea3n ph\u1ea9m ph\u00f9 h\u1ee3p v\u1edbi nhi\u1ec1u b\u1ed9 ph\u1eadn nh\u01b0 h\u00e0nh ch\u00ednh, nh\u00e2n s\u1ef1, k\u1ebf to\u00e1n, gi\u00e1m \u0111\u1ed1c ho\u1eb7c c\u00e1c ph\u00f2ng ban c\u00f3 nhu c\u1ea7u l\u01b0u tr\u1eef t\u00e0i li\u1ec7u th\u01b0\u1eddng xuy\u00ean.<\/p>\n<p data-start=\"2617\" data-end=\"2957\">T\u1ee7 h\u1ed3 s\u01a1 HP1960KG kh\u00f4ng ch\u1ec9 l\u00e0 m\u1ed9t s\u1ea3n ph\u1ea9m n\u1ed9i th\u1ea5t \u0111\u01a1n thu\u1ea7n m\u00e0 c\u00f2n l\u00e0 gi\u1ea3i ph\u00e1p t\u1ed1i \u01b0u gi\u00fap doanh nghi\u1ec7p x\u00e2y d\u1ef1ng m\u00f4i tr\u01b0\u1eddng l\u00e0m vi\u1ec7c khoa h\u1ecdc, hi\u1ec7n \u0111\u1ea1i v\u00e0 g\u1ecdn g\u00e0ng. Thi\u1ebft k\u1ebf k\u1ebft h\u1ee3p gi\u1eefa c\u00e1nh k\u00ednh v\u00e0 c\u00e1nh g\u1ed7 mang \u0111\u1ebfn s\u1ef1 c\u00e2n b\u1eb1ng gi\u1eefa th\u1ea9m m\u1ef9 v\u00e0 c\u00f4ng n\u0103ng, v\u1eeba gi\u00fap qu\u1ea3n l\u00fd t\u00e0i li\u1ec7u thu\u1eadn ti\u1ec7n v\u1eeba t\u1ea1o \u0111i\u1ec3m nh\u1ea5n cho kh\u00f4ng gian v\u0103n ph\u00f2ng.<\/p>\n<p data-start=\"2959\" data-end=\"3331\" data-is-last-node=\"\" data-is-only-node=\"\">V\u1edbi \u0111\u1ed9 b\u1ec1n cao, ch\u1ea5t li\u1ec7u ch\u1ea5t l\u01b0\u1ee3ng c\u00f9ng thi\u1ebft k\u1ebf th\u00f4ng minh, HP1960KG l\u00e0 m\u1ed9t trong nh\u1eefng l\u1ef1a ch\u1ecdn \u0111\u00e1ng tin c\u1eady cho m\u1ecdi v\u0103n ph\u00f2ng. S\u1ea3n ph\u1ea9m gi\u00fap t\u1ed1i \u01b0u h\u00f3a kh\u00f4ng gian l\u01b0u tr\u1eef, n\u00e2ng cao t\u00ednh th\u1ea9m m\u1ef9 v\u00e0 mang \u0111\u1ebfn s\u1ef1 ti\u1ec7n nghi trong qu\u00e1 tr\u00ecnh s\u1eed d\u1ee5ng. \u0110\u00e2y l\u00e0 m\u1eabu t\u1ee7 ph\u00f9 h\u1ee3p \u0111\u1ec3 trang b\u1ecb cho c\u00e1c doanh nghi\u1ec7p mu\u1ed1n x\u00e2y d\u1ef1ng h\u00ecnh \u1ea3nh l\u00e0m vi\u1ec7c chuy\u00ean nghi\u1ec7p, khoa h\u1ecdc v\u00e0 hi\u1ec7n \u0111\u1ea1i<\/p>\n","protected":false},"excerpt":{"rendered":"<p>T\u1ee7 h\u1ed3 s\u01a1 HP1960KG l\u00e0 m\u1eabu t\u1ee7 t\u00e0i li\u1ec7u 2 khoang g\u1ed7 Melamine, \u0111\u01b0\u1ee3c thi\u1ebft k\u1ebf v\u1edbi ph\u1ea7n tr\u00ean g\u1ed3m 2 khoang c\u00e1nh k\u00ednh \u0111\u1ec3 l\u01b0u tr\u1eef v\u00e0 tr\u01b0ng b\u00e0y t\u00e0i li\u1ec7u, trong khi ph\u1ea7n d\u01b0\u1edbi l\u00e0 hai khoang c\u00e1nh m\u1edf gi\u00fap b\u1ea3o v\u1ec7 h\u1ed3 s\u01a1 m\u1ed9t c\u00e1ch an to\u00e0n v\u00e0 g\u1ecdn g\u00e0ng.<br data-start=\"378\" data-end=\"381\" \/>K\u00edch th\u01b0\u1edbc: W800 x D400 x H1960 mm<br data-start=\"415\" data-end=\"418\" \/>Xu\u1ea5t x\u1ee9: S\u1ea3n ph\u1ea9m c\u1ee7a c\u00f4ng ty N\u1ed8I TH\u1ea4T THE ONE \u2013 Ph\u00e2n ph\u1ed1i b\u1edfi C\u00d4NG TY TNHH SXTM TTNT H\u1eeeU TH\u1ecaNH<br data-start=\"513\" data-end=\"516\" \/>B\u1ea3o h\u00e0nh: 12 th\u00e1ng theo ti\u00eau chu\u1ea9n nh\u00e0 m\u00e1y<br data-start=\"558\" data-end=\"561\" \/><span style=\"color: #ed1c24;\"><em data-start=\"561\" data-end=\"713\">L\u01b0u \u00fd: Gi\u00e1 tr\u00ean ch\u01b0a bao g\u1ed3m VAT v\u00e0 ph\u00ed v\u1eadn chuy\u1ec3n. Gi\u00e1 s\u1ea3n ph\u1ea9m c\u00f3 th\u1ec3 thay \u0111\u1ed5i theo t\u1eebng th\u1eddi \u0111i\u1ec3m, vui l\u00f2ng li\u00ean h\u1ec7 \u0111\u1ec3 nh\u1eadn t\u01b0 v\u1ea5n \u01b0u \u0111\u00e3i t\u1ed1t nh\u1ea5t.<\/em><\/span><\/p>\n","protected":false},"featured_media":4409,"comment_status":"open","ping_status":"closed","template":"","meta":[],"product_brand":[],"product_cat":[17,760],"product_tag":[],"class_list":{"0":"post-4408","1":"product","2":"type-product","3":"status-publish","4":"has-post-thumbnail","6":"product_cat-noi-that-van-phong","7":"product_cat-tu-go-van-phong","9":"first","10":"instock","11":"taxable","12":"shipping-taxable","13":"purchasable","14":"product-type-simple"},"_links":{"self":[{"href":"https:\/\/noithathuuthinh.vn\/zh-hans\/wp-json\/wp\/v2\/product\/4408","targetHints":{"allow":["GET"]}}],"collection":[{"href":"https:\/\/noithathuuthinh.vn\/zh-hans\/wp-json\/wp\/v2\/product"}],"about":[{"href":"https:\/\/noithathuuthinh.vn\/zh-hans\/wp-json\/wp\/v2\/types\/product"}],"replies":[{"embeddable":true,"href":"https:\/\/noithathuuthinh.vn\/zh-hans\/wp-json\/wp\/v2\/comments?post=4408"}],"wp:featuredmedia":[{"embeddable":true,"href":"https:\/\/noithathuuthinh.vn\/zh-hans\/wp-json\/wp\/v2\/media\/4409"}],"wp:attachment":[{"href":"https:\/\/noithathuuthinh.vn\/zh-hans\/wp-json\/wp\/v2\/media?parent=4408"}],"wp:term":[{"taxonomy":"product_brand","embeddable":true,"href":"https:\/\/noithathuuthinh.vn\/zh-hans\/wp-json\/wp\/v2\/product_brand?post=4408"},{"taxonomy":"product_cat","embeddable":true,"href":"https:\/\/noithathuuthinh.vn\/zh-hans\/wp-json\/wp\/v2\/product_cat?post=4408"},{"taxonomy":"product_tag","embeddable":true,"href":"https:\/\/noithathuuthinh.vn\/zh-hans\/wp-json\/wp\/v2\/product_tag?post=4408"}],"curies":[{"name":"wp","href":"https:\/\/api.w.org\/{rel}","templated":true}]}}