{"id":4411,"date":"2025-11-22T16:31:51","date_gmt":"2025-11-22T09:31:51","guid":{"rendered":"https:\/\/noithathuuthinh.vn\/?post_type=product&#038;p=4411"},"modified":"2025-11-22T16:31:52","modified_gmt":"2025-11-22T09:31:52","slug":"tu-ho-so-hp1960-3b","status":"publish","type":"product","link":"https:\/\/noithathuuthinh.vn\/zh-hans\/san-pham\/tu-ho-so-hp1960-3b\/","title":{"rendered":"T\u1ee7 h\u1ed3 s\u01a1 HP1960-3B"},"content":{"rendered":"<p data-start=\"700\" data-end=\"1054\">T\u1ee7 h\u1ed3 s\u01a1 HP1960-3B l\u00e0 l\u1ef1a ch\u1ecdn t\u1ed1i \u01b0u cho c\u00e1c v\u0103n ph\u00f2ng hi\u1ec7n \u0111\u1ea1i c\u1ea7n kh\u00f4ng gian l\u01b0u tr\u1eef r\u1ed9ng r\u00e3i, an to\u00e0n v\u00e0 \u0111\u01b0\u1ee3c b\u1ed1 tr\u00ed m\u1ed9t c\u00e1ch khoa h\u1ecdc. V\u1edbi thi\u1ebft k\u1ebf 3 bu\u1ed3ng th\u00f4ng minh, s\u1ea3n ph\u1ea9m cho ph\u00e9p ng\u01b0\u1eddi d\u00f9ng ph\u00e2n lo\u1ea1i t\u00e0i li\u1ec7u theo t\u1eebng nh\u00f3m ri\u00eang bi\u1ec7t, nh\u1edd \u0111\u00f3 n\u00e2ng cao hi\u1ec7u qu\u1ea3 qu\u1ea3n l\u00fd h\u1ed3 s\u01a1 trong qu\u00e1 tr\u00ecnh l\u00e0m vi\u1ec7c.<\/p>\n<p data-start=\"1056\" data-end=\"1603\">\u0110i\u1ec3m nh\u1ea5n \u0111\u1ea7u ti\u00ean c\u1ee7a t\u1ee7 HP1960-3B ch\u00ednh l\u00e0 c\u1ea5u tr\u00fac 3 bu\u1ed3ng linh ho\u1ea1t. M\u1ed9t bu\u1ed3ng c\u00e1nh g\u1ed7 m\u1edf d\u00e0i gi\u00fap b\u1ea1n d\u1ec5 d\u00e0ng l\u01b0u tr\u1eef c\u00e1c lo\u1ea1i t\u00e0i li\u1ec7u kh\u1ed5 l\u1edbn, s\u1ed5 s\u00e1ch, \u0111\u1ed3 d\u00f9ng v\u0103n ph\u00f2ng ho\u1eb7c c\u00e1c v\u1eadt d\u1ee5ng c\u00e1 nh\u00e2n c\u1ea7n s\u1ef1 k\u00edn \u0111\u00e1o. Hai bu\u1ed3ng c\u00f2n l\u1ea1i \u0111\u01b0\u1ee3c chia th\u00e0nh khoang tr\u00ean c\u00e1nh k\u00ednh v\u00e0 khoang d\u01b0\u1edbi c\u00e1nh g\u1ed7, t\u1ea1o s\u1ef1 h\u00e0i h\u00f2a gi\u1eefa t\u00ednh th\u1ea9m m\u1ef9 v\u00e0 c\u00f4ng n\u0103ng s\u1eed d\u1ee5ng. C\u00e1nh k\u00ednh m\u1edf trong su\u1ed1t gi\u00fap ng\u01b0\u1eddi d\u00f9ng d\u1ec5 d\u00e0ng quan s\u00e1t t\u00e0i li\u1ec7u b\u00ean trong, thu\u1eadn ti\u1ec7n trong vi\u1ec7c t\u00ecm ki\u1ebfm v\u00e0 l\u1ea5y h\u1ed3 s\u01a1 nhanh ch\u00f3ng, \u0111\u1ed3ng th\u1eddi mang l\u1ea1i n\u00e9t sang tr\u1ecdng cho kh\u00f4ng gian v\u0103n ph\u00f2ng.<\/p>\n<p data-start=\"1605\" data-end=\"1947\">Ch\u1ea5t li\u1ec7u Melamine cao c\u1ea5p mang \u0111\u1ebfn \u0111\u1ed9 b\u1ec1n v\u01b0\u1ee3t tr\u1ed9i cho t\u1ee7 HP1960-3B. B\u1ec1 m\u1eb7t Melamine ch\u1ed1ng tr\u1ea7y x\u01b0\u1edbc, ch\u1ed1ng \u1ea9m v\u00e0 h\u1ea1n ch\u1ebf b\u00e1m b\u1ee5i, gi\u00fap s\u1ea3n ph\u1ea9m gi\u1eef \u0111\u01b0\u1ee3c v\u1ebb \u0111\u1eb9p nh\u01b0 m\u1edbi sau th\u1eddi gian d\u00e0i s\u1eed d\u1ee5ng. Gam m\u00e0u g\u1ed7 trang nh\u00e3 ph\u00f9 h\u1ee3p v\u1edbi m\u1ecdi phong c\u00e1ch n\u1ed9i th\u1ea5t, t\u1eeb v\u0103n ph\u00f2ng hi\u1ec7n \u0111\u1ea1i, ph\u00f2ng h\u1ecdp, ph\u00f2ng gi\u00e1m \u0111\u1ed1c cho \u0111\u1ebfn khu v\u1ef1c h\u00e0nh ch\u00ednh \u2013 nh\u00e2n s\u1ef1.<\/p>\n<p data-start=\"1949\" data-end=\"2250\">V\u1edbi k\u00edch th\u01b0\u1edbc W1200 x D400 x H1960 mm, t\u1ee7 HP1960-3B cung c\u1ea5p kh\u00f4ng gian ch\u1ee9a l\u1edbn nh\u01b0ng v\u1eabn \u0111\u1ea3m b\u1ea3o \u0111\u1ed9 g\u1ecdn g\u00e0ng, d\u1ec5 b\u1ed1 tr\u00ed \u1edf nhi\u1ec1u v\u1ecb tr\u00ed kh\u00e1c nhau. Chi\u1ec1u cao ti\u00eau chu\u1ea9n 1960 mm t\u1eadn d\u1ee5ng t\u1ed1i \u0111a kh\u00f4ng gian theo chi\u1ec1u \u0111\u1ee9ng, ph\u00f9 h\u1ee3p v\u1edbi nh\u1eefng v\u0103n ph\u00f2ng mu\u1ed1n m\u1edf r\u1ed9ng s\u1ee9c ch\u1ee9a m\u00e0 kh\u00f4ng chi\u1ebfm di\u1ec7n t\u00edch s\u00e0n.<\/p>\n<p data-start=\"2252\" data-end=\"2573\">B\u00ean c\u1ea1nh \u0111\u00f3, h\u1ec7 th\u1ed1ng b\u1ea3n l\u1ec1 v\u00e0 tay n\u1eafm ch\u1eafc ch\u1eafn gi\u00fap c\u00e1nh t\u1ee7 v\u1eadn h\u00e0nh \u00eam \u00e1i, \u0111\u1ea3m b\u1ea3o \u0111\u1ed9 b\u1ec1n l\u00e2u d\u00e0i. \u0110\u1ebf t\u1ee7 v\u1eefng ch\u1eafc gi\u00fap h\u1ea1n ch\u1ebf rung l\u1eafc, gi\u1eef t\u00e0i li\u1ec7u lu\u00f4n an to\u00e0n trong qu\u00e1 tr\u00ecnh s\u1eed d\u1ee5ng. Ph\u1ea7n khoang d\u01b0\u1edbi c\u00e1nh g\u1ed7 gi\u00fap b\u1ea3o qu\u1ea3n h\u1ed3 s\u01a1 quan tr\u1ecdng tr\u00e1nh b\u1ee5i b\u1ea9n, t\u1ea1o s\u1ef1 g\u1ecdn g\u00e0ng v\u00e0 chuy\u00ean nghi\u1ec7p cho m\u00f4i tr\u01b0\u1eddng l\u00e0m vi\u1ec7c.<\/p>\n<p data-start=\"2575\" data-end=\"2817\">T\u1ee7 h\u1ed3 s\u01a1 HP1960-3B kh\u00f4ng ch\u1ec9 l\u00e0 n\u01a1i l\u01b0u tr\u1eef t\u00e0i li\u1ec7u m\u00e0 c\u00f2n g\u00f3p ph\u1ea7n n\u00e2ng cao h\u00ecnh \u1ea3nh c\u1ee7a doanh nghi\u1ec7p. V\u1edbi thi\u1ebft k\u1ebf tinh t\u1ebf, t\u1ee7 mang l\u1ea1i s\u1ef1 \u0111\u1ed3ng b\u1ed9 v\u00e0 hi\u1ec7n \u0111\u1ea1i cho kh\u00f4ng gian v\u0103n ph\u00f2ng, t\u1ea1o \u1ea5n t\u01b0\u1ee3ng t\u1ed1t v\u1edbi kh\u00e1ch h\u00e0ng, \u0111\u1ed1i t\u00e1c v\u00e0 nh\u00e2n vi\u00ean.<\/p>\n<p data-start=\"2819\" data-end=\"3157\" data-is-last-node=\"\" data-is-only-node=\"\">T\u00f3m l\u1ea1i, HP1960-3B l\u00e0 m\u1eabu t\u1ee7 h\u1ed3 s\u01a1 ch\u1ea5t l\u01b0\u1ee3ng cao, c\u00f4ng n\u0103ng \u0111\u1ea7y \u0111\u1ee7, ph\u00f9 h\u1ee3p cho m\u1ecdi lo\u1ea1i h\u00ecnh v\u0103n ph\u00f2ng. S\u1ea3n ph\u1ea9m \u0111\u00e1p \u1ee9ng t\u1ed1i \u01b0u nhu c\u1ea7u l\u01b0u tr\u1eef \u0111a d\u1ea1ng, \u0111\u1ea3m b\u1ea3o \u0111\u1ed9 b\u1ec1n v\u00e0 mang \u0111\u1ebfn s\u1ef1 chuy\u00ean nghi\u1ec7p cho kh\u00f4ng gian l\u00e0m vi\u1ec7c. N\u1ebfu b\u1ea1n \u0111ang t\u00ecm ki\u1ebfm m\u1ed9t m\u1eabu t\u1ee7 b\u1ec1n \u0111\u1eb9p, sang tr\u1ecdng v\u00e0 d\u1ec5 s\u1eed d\u1ee5ng, \u0111\u00e2y l\u00e0 l\u1ef1a ch\u1ecdn ho\u00e0n h\u1ea3o cho doanh nghi\u1ec7p b\u1ea1n.<\/p>\n","protected":false},"excerpt":{"rendered":"<p data-start=\"80\" data-end=\"693\">T\u1ee7 h\u1ed3 s\u01a1 HP1960-3B l\u00e0 m\u1eabu t\u1ee7 g\u1ed7 3 bu\u1ed3ng \u0111\u01b0\u1ee3c thi\u1ebft k\u1ebf ti\u1ec7n d\u1ee5ng v\u1edbi m\u1ed9t bu\u1ed3ng c\u00e1nh m\u1edf d\u00e0i v\u00e0 hai bu\u1ed3ng c\u00f2n l\u1ea1i g\u1ed3m khoang tr\u00ean c\u00e1nh k\u00ednh v\u00e0 khoang d\u01b0\u1edbi c\u00e1nh g\u1ed7, mang \u0111\u1ebfn gi\u1ea3i ph\u00e1p l\u01b0u tr\u1eef \u0111a n\u0103ng v\u00e0 th\u1ea9m m\u1ef9 cho v\u0103n ph\u00f2ng.<br data-start=\"357\" data-end=\"360\" \/>K\u00edch th\u01b0\u1edbc: W1200 x D400 x H1960 mm<br data-start=\"395\" data-end=\"398\" data-is-only-node=\"\" \/>Xu\u1ea5t x\u1ee9: S\u1ea3n ph\u1ea9m c\u1ee7a c\u00f4ng ty N\u1ed8I TH\u1ea4T THE ONE \u2013 Ph\u00e2n ph\u1ed1i b\u1edfi C\u00d4NG TY TNHH SXTM TTNT H\u1eeeU TH\u1ecaNH<br data-start=\"493\" data-end=\"496\" \/>B\u1ea3o h\u00e0nh: 12 th\u00e1ng theo ti\u00eau chu\u1ea9n nh\u00e0 m\u00e1y<br data-start=\"538\" data-end=\"541\" \/><span style=\"color: #ed1c24;\"><em data-start=\"541\" data-end=\"693\">L\u01b0u \u00fd: Gi\u00e1 tr\u00ean ch\u01b0a bao g\u1ed3m VAT v\u00e0 ph\u00ed v\u1eadn chuy\u1ec3n. Gi\u00e1 s\u1ea3n ph\u1ea9m c\u00f3 th\u1ec3 thay \u0111\u1ed5i theo t\u1eebng th\u1eddi \u0111i\u1ec3m, vui l\u00f2ng li\u00ean h\u1ec7 \u0111\u1ec3 nh\u1eadn t\u01b0 v\u1ea5n \u01b0u \u0111\u00e3i t\u1ed1t nh\u1ea5t.<\/em><\/span><\/p>\n","protected":false},"featured_media":4412,"comment_status":"open","ping_status":"closed","template":"","meta":[],"product_brand":[],"product_cat":[17,760],"product_tag":[],"class_list":{"0":"post-4411","1":"product","2":"type-product","3":"status-publish","4":"has-post-thumbnail","6":"product_cat-noi-that-van-phong","7":"product_cat-tu-go-van-phong","9":"first","10":"instock","11":"taxable","12":"shipping-taxable","13":"purchasable","14":"product-type-simple"},"_links":{"self":[{"href":"https:\/\/noithathuuthinh.vn\/zh-hans\/wp-json\/wp\/v2\/product\/4411","targetHints":{"allow":["GET"]}}],"collection":[{"href":"https:\/\/noithathuuthinh.vn\/zh-hans\/wp-json\/wp\/v2\/product"}],"about":[{"href":"https:\/\/noithathuuthinh.vn\/zh-hans\/wp-json\/wp\/v2\/types\/product"}],"replies":[{"embeddable":true,"href":"https:\/\/noithathuuthinh.vn\/zh-hans\/wp-json\/wp\/v2\/comments?post=4411"}],"wp:featuredmedia":[{"embeddable":true,"href":"https:\/\/noithathuuthinh.vn\/zh-hans\/wp-json\/wp\/v2\/media\/4412"}],"wp:attachment":[{"href":"https:\/\/noithathuuthinh.vn\/zh-hans\/wp-json\/wp\/v2\/media?parent=4411"}],"wp:term":[{"taxonomy":"product_brand","embeddable":true,"href":"https:\/\/noithathuuthinh.vn\/zh-hans\/wp-json\/wp\/v2\/product_brand?post=4411"},{"taxonomy":"product_cat","embeddable":true,"href":"https:\/\/noithathuuthinh.vn\/zh-hans\/wp-json\/wp\/v2\/product_cat?post=4411"},{"taxonomy":"product_tag","embeddable":true,"href":"https:\/\/noithathuuthinh.vn\/zh-hans\/wp-json\/wp\/v2\/product_tag?post=4411"}],"curies":[{"name":"wp","href":"https:\/\/api.w.org\/{rel}","templated":true}]}}