{"id":4425,"date":"2025-11-24T13:18:04","date_gmt":"2025-11-24T06:18:04","guid":{"rendered":"https:\/\/noithathuuthinh.vn\/?post_type=product&#038;p=4425"},"modified":"2025-11-24T13:18:04","modified_gmt":"2025-11-24T06:18:04","slug":"tu-ho-so-tu08pck","status":"publish","type":"product","link":"https:\/\/noithathuuthinh.vn\/zh-hans\/san-pham\/tu-ho-so-tu08pck\/","title":{"rendered":"T\u1ee7 h\u1ed3 s\u01a1 TU08PCK"},"content":{"rendered":"<p data-start=\"630\" data-end=\"1196\">T\u1ee7 h\u1ed3 s\u01a1 TU08PCK l\u00e0 l\u1ef1a ch\u1ecdn l\u00fd t\u01b0\u1edfng cho c\u00e1c v\u0103n ph\u00f2ng hi\u1ec7n \u0111\u1ea1i \u0111ang t\u00ecm ki\u1ebfm m\u1ed9t gi\u1ea3i ph\u00e1p l\u01b0u tr\u1eef b\u1ec1n b\u1ec9, s\u1ea1ch s\u1ebd v\u00e0 ti\u1ec7n d\u1ee5ng. V\u1edbi thi\u1ebft k\u1ebf 1 khoang r\u1ed9ng r\u00e3i c\u00f9ng h\u1ec7 c\u00e1nh k\u00ednh l\u00f9a khung th\u00e9p ch\u1eafc ch\u1eafn, s\u1ea3n ph\u1ea9m mang \u0111\u1ebfn s\u1ef1 ti\u1ec7n nghi v\u01b0\u1ee3t tr\u1ed9i khi s\u1eed d\u1ee5ng, \u0111\u1ed3ng th\u1eddi gi\u00fap ng\u01b0\u1eddi d\u00f9ng d\u1ec5 d\u00e0ng quan s\u00e1t t\u00e0i li\u1ec7u b\u00ean trong m\u00e0 kh\u00f4ng c\u1ea7n m\u1edf t\u1ee7 qu\u00e1 nhi\u1ec1u l\u1ea7n. \u0110\u00e2y l\u00e0 m\u1eabu t\u1ee7 r\u1ea5t \u0111\u01b0\u1ee3c \u01b0a chu\u1ed9ng trong c\u00e1c c\u00f4ng ty, v\u0103n ph\u00f2ng h\u00e0nh ch\u00ednh, tr\u01b0\u1eddng h\u1ecdc v\u00e0 c\u01a1 quan nh\u1edd t\u00ednh \u1ee9ng d\u1ee5ng cao, \u0111\u1ed9 b\u1ec1n t\u1ed1t v\u00e0 s\u1ef1 an to\u00e0n trong b\u1ea3o qu\u1ea3n t\u00e0i li\u1ec7u.<\/p>\n<p data-start=\"1198\" data-end=\"1622\">T\u1ee7 \u0111\u01b0\u1ee3c l\u00e0m t\u1eeb th\u00e9p s\u01a1n t\u0129nh \u0111i\u1ec7n cao c\u1ea5p, c\u00f3 kh\u1ea3 n\u0103ng ch\u1ed1ng g\u1ec9 s\u00e9t, ch\u1ed1ng \u1ea9m v\u00e0 h\u1ea1n ch\u1ebf b\u00e1m b\u1ee5i hi\u1ec7u qu\u1ea3. L\u1edbp s\u01a1n t\u0129nh \u0111i\u1ec7n c\u00f2n mang \u0111\u1ebfn \u0111\u1ed9 b\u1ec1n m\u00e0u v\u01b0\u1ee3t tr\u1ed9i, gi\u00fap t\u1ee7 lu\u00f4n gi\u1eef \u0111\u01b0\u1ee3c v\u1ebb s\u00e1ng \u0111\u1eb9p theo th\u1eddi gian, ngay c\u1ea3 khi s\u1eed d\u1ee5ng trong m\u00f4i tr\u01b0\u1eddng l\u00e0m vi\u1ec7c c\u00f3 \u0111\u1ed9 \u1ea9m cao. Nh\u1edd \u0111\u00f3, t\u1ee7 h\u1ed3 s\u01a1 TU08PCK d\u1ec5 d\u00e0ng \u0111\u00e1p \u1ee9ng nhu c\u1ea7u l\u01b0u tr\u1eef l\u00e2u d\u00e0i c\u1ee7a doanh nghi\u1ec7p, \u0111\u1eb7c bi\u1ec7t ph\u00f9 h\u1ee3p v\u1edbi nh\u1eefng n\u01a1i c\u00f3 l\u01b0\u1ee3ng h\u1ed3 s\u01a1 l\u1edbn c\u1ea7n b\u1ea3o qu\u1ea3n an to\u00e0n.<\/p>\n<p data-start=\"1624\" data-end=\"2094\">\u0110i\u1ec3m n\u1ed5i b\u1eadt c\u1ee7a s\u1ea3n ph\u1ea9m l\u00e0 h\u1ec7 c\u00e1nh k\u00ednh l\u00f9a khung th\u00e9p \u0111\u01b0\u1ee3c thi\u1ebft k\u1ebf tr\u01b0\u1ee3t nh\u1eb9 nh\u00e0ng, \u00eam \u00e1i, kh\u00f4ng g\u00e2y ti\u1ebfng \u1ed3n, ti\u1ebft ki\u1ec7m di\u1ec7n t\u00edch v\u00e0 h\u1ea1n ch\u1ebf va ch\u1ea1m. C\u00e1nh k\u00ednh l\u00f9a gi\u00fap ng\u01b0\u1eddi d\u00f9ng d\u1ec5 d\u00e0ng quan s\u00e1t t\u00e0i li\u1ec7u b\u00ean trong, ti\u1ebft ki\u1ec7m th\u1eddi gian t\u00ecm ki\u1ebfm. Khung th\u00e9p bao quanh k\u00ednh t\u0103ng \u0111\u1ed9 b\u1ec1n v\u00e0 s\u1ef1 ch\u1eafc ch\u1eafn, \u0111\u1ed3ng th\u1eddi t\u0103ng t\u00ednh an to\u00e0n trong qu\u00e1 tr\u00ecnh s\u1eed d\u1ee5ng. \u0110\u00e2y l\u00e0 \u01b0u \u0111i\u1ec3m v\u01b0\u1ee3t tr\u1ed9i so v\u1edbi c\u00e1c m\u1eabu t\u1ee7 c\u00e1nh m\u1edf truy\u1ec1n th\u1ed1ng v\u1ed1n chi\u1ebfm nhi\u1ec1u di\u1ec7n t\u00edch h\u01a1n v\u00e0 d\u1ec5 b\u1ecb va \u0111\u1eadp.<\/p>\n<p data-start=\"2096\" data-end=\"2526\">B\u00ean trong t\u1ee7 \u0111\u01b0\u1ee3c b\u1ed1 tr\u00ed 3 \u0111\u1ee3t c\u1ed1 \u0111\u1ecbnh ch\u1eafc ch\u1eafn, ch\u1ecbu l\u1ef1c t\u1ed1t, cho ph\u00e9p ng\u01b0\u1eddi d\u00f9ng l\u01b0u tr\u1eef s\u1ed1 l\u01b0\u1ee3ng h\u1ed3 s\u01a1, t\u00e0i li\u1ec7u \u0111\u00e1ng k\u1ec3 m\u00e0 kh\u00f4ng lo b\u1ecb cong v\u00f5ng hay h\u01b0 h\u1ecfng. Thi\u1ebft k\u1ebf chia ng\u0103n h\u1ee3p l\u00fd gi\u00fap vi\u1ec7c ph\u00e2n lo\u1ea1i v\u00e0 s\u1eafp x\u1ebfp t\u00e0i li\u1ec7u tr\u1edf n\u00ean khoa h\u1ecdc, thu\u1eadn ti\u1ec7n h\u01a1n. C\u00e1c doanh nghi\u1ec7p c\u00f3 th\u1ec3 linh ho\u1ea1t s\u1eed d\u1ee5ng t\u1ee7 cho nhi\u1ec1u m\u1ee5c \u0111\u00edch nh\u01b0 l\u01b0u tr\u1eef h\u1ed3 s\u01a1, ch\u1ee9ng t\u1eeb, t\u00e0i li\u1ec7u n\u1ed9i b\u1ed9, s\u1ed5 s\u00e1ch, ho\u1eb7c th\u1eadm ch\u00ed l\u00e0 c\u00e1c v\u1eadt d\u1ee5ng v\u0103n ph\u00f2ng nh\u1ecf g\u1ecdn.<\/p>\n<p data-start=\"2528\" data-end=\"2913\">T\u1ee7 h\u1ed3 s\u01a1 TU08PCK c\u00f2n \u0111em \u0111\u1ebfn s\u1ef1 an t\u00e2m cho ng\u01b0\u1eddi d\u00f9ng nh\u1edd kh\u1ea3 n\u0103ng b\u1ea3o v\u1ec7 t\u00e0i li\u1ec7u t\u1ed1t h\u01a1n so v\u1edbi t\u1ee7 g\u1ed7. Ch\u1ea5t li\u1ec7u th\u00e9p s\u01a1n t\u0129nh \u0111i\u1ec7n gi\u00fap ch\u1ed1ng m\u1ed1i m\u1ecdt, h\u1ea1n ch\u1ebf ch\u00e1y lan v\u00e0 gi\u1eef t\u00e0i li\u1ec7u lu\u00f4n trong tr\u1ea1ng th\u00e1i kh\u00f4 tho\u00e1ng. \u0110\u00e2y l\u00e0 ti\u00eau ch\u00ed quan tr\u1ecdng \u0111\u01b0\u1ee3c nhi\u1ec1u doanh nghi\u1ec7p ch\u00fa tr\u1ecdng khi l\u1ef1a ch\u1ecdn t\u1ee7 l\u01b0u tr\u1eef, \u0111\u1eb7c bi\u1ec7t \u0111\u1ed1i v\u1edbi nh\u1eefng h\u1ed3 s\u01a1 quan tr\u1ecdng c\u1ea7n \u0111\u01b0\u1ee3c b\u1ea3o qu\u1ea3n trong th\u1eddi gian d\u00e0i.<\/p>\n<p data-start=\"2915\" data-end=\"3224\">V\u1edbi k\u00edch th\u01b0\u1edbc W915 x D450 x H1830 (mm), s\u1ea3n ph\u1ea9m c\u00f3 chi\u1ec1u cao ti\u00eau chu\u1ea9n, ph\u00f9 h\u1ee3p v\u1edbi nhi\u1ec1u kh\u00f4ng gian v\u0103n ph\u00f2ng t\u1eeb nh\u1ecf \u0111\u1ebfn l\u1edbn. T\u1ee7 kh\u00f4ng qu\u00e1 chi\u1ebfm di\u1ec7n t\u00edch, d\u1ec5 \u0111\u1eb7t s\u00e1t t\u01b0\u1eddng ho\u1eb7c trong c\u00e1c ph\u00f2ng l\u01b0u tr\u1eef chuy\u00ean d\u1ee5ng. H\u1ec7 c\u00e1nh l\u00f9a gi\u00fap vi\u1ec7c s\u1eed d\u1ee5ng c\u00e0ng ti\u1ec7n l\u1ee3i h\u01a1n, b\u1edfi kh\u00f4ng l\u00e0m v\u01b0\u1edbng l\u1ed1i \u0111i khi m\u1edf c\u1eeda t\u1ee7.<\/p>\n<p data-start=\"3226\" data-end=\"3452\">Ngo\u00e0i ra, t\u1ee7 \u0111\u01b0\u1ee3c giao k\u00e8m k\u00ednh nh\u01b0ng ch\u01b0a l\u1eafp s\u1eb5n, gi\u00fap vi\u1ec7c v\u1eadn chuy\u1ec3n thu\u1eadn ti\u1ec7n, tr\u00e1nh n\u1ee9t v\u1ee1 trong qu\u00e1 tr\u00ecnh di chuy\u1ec3n. \u0110i\u1ec1u n\u00e0y th\u1ec3 hi\u1ec7n s\u1ef1 chu \u0111\u00e1o t\u1eeb nh\u00e0 s\u1ea3n xu\u1ea5t nh\u1eb1m \u0111\u1ea3m b\u1ea3o ch\u1ea5t l\u01b0\u1ee3ng s\u1ea3n ph\u1ea9m khi \u0111\u1ebfn tay kh\u00e1ch h\u00e0ng.<\/p>\n<p data-start=\"3454\" data-end=\"3882\" data-is-last-node=\"\" data-is-only-node=\"\">T\u1ed5ng th\u1ec3, t\u1ee7 h\u1ed3 s\u01a1 TU08PCK l\u00e0 m\u1ed9t gi\u1ea3i ph\u00e1p l\u01b0u tr\u1eef t\u1ed1i \u01b0u, v\u1eeba b\u1ec1n \u0111\u1eb9p, v\u1eeba ti\u1ec7n d\u1ee5ng, l\u1ea1i \u0111\u1ea3m b\u1ea3o hi\u1ec7u qu\u1ea3 s\u1eed d\u1ee5ng l\u00e2u d\u00e0i. N\u1ebfu b\u1ea1n \u0111ang t\u00ecm ki\u1ebfm m\u1ed9t m\u1eabu t\u1ee7 h\u1ed3 s\u01a1 th\u00e9p c\u00e1nh k\u00ednh ch\u1ea5t l\u01b0\u1ee3ng, b\u1ec1n b\u1ec9, tinh g\u1ecdn v\u00e0 ph\u00f9 h\u1ee3p cho m\u1ecdi m\u00f4i tr\u01b0\u1eddng v\u0103n ph\u00f2ng th\u00ec \u0111\u00e2y ch\u1eafc ch\u1eafn l\u00e0 l\u1ef1a ch\u1ecdn kh\u00f4ng n\u00ean b\u1ecf qua. S\u1ea3n ph\u1ea9m gi\u00fap doanh nghi\u1ec7p t\u1ed1i \u01b0u kh\u00f4ng gian, t\u0103ng t\u00ednh th\u1ea9m m\u1ef9 v\u00e0 \u0111\u1ea3m b\u1ea3o c\u00f4ng t\u00e1c l\u01b0u tr\u1eef t\u00e0i li\u1ec7u lu\u00f4n g\u1ecdn g\u00e0ng \u2013 chuy\u00ean nghi\u1ec7p.<\/p>\n","protected":false},"excerpt":{"rendered":"<p>T\u1ee7 h\u1ed3 s\u01a1 TU08PCK l\u00e0 m\u1eabu t\u1ee7 s\u1eaft s\u01a1n t\u0129nh \u0111i\u1ec7n thi\u1ebft k\u1ebf 1 khoang, s\u1eed d\u1ee5ng h\u1ec7 c\u00e1nh k\u00ednh l\u00f9a khung th\u00e9p hi\u1ec7n \u0111\u1ea1i, ph\u00f9 h\u1ee3p cho v\u0103n ph\u00f2ng c\u1ea7n l\u01b0u tr\u1eef khoa h\u1ecdc v\u00e0 d\u1ec5 quan s\u00e1t.<br data-start=\"221\" data-end=\"224\" \/>K\u00edch th\u01b0\u1edbc: W915 x D450 x H1830 (mm)<br data-start=\"260\" data-end=\"263\" \/>Xu\u1ea5t x\u1ee9: S\u1ea3n ph\u1ea9m c\u1ee7a c\u00f4ng ty <strong data-start=\"293\" data-end=\"313\">N\u1ed8I TH\u1ea4T THE ONE<\/strong> \u2013 Ph\u00e2n ph\u1ed1i b\u1edfi <strong data-start=\"330\" data-end=\"366\">C\u00d4NG TY TNHH SXTM TTNT H\u1eeeU TH\u1ecaNH<\/strong><br data-start=\"366\" data-end=\"369\" \/>B\u1ea3o h\u00e0nh: 12 th\u00e1ng theo ti\u00eau chu\u1ea9n nh\u00e0 m\u00e1y<br data-start=\"411\" data-end=\"414\" \/><span style=\"color: #ed1c24;\"><em data-start=\"414\" data-end=\"623\">L\u01b0u \u00fd: Gi\u00e1 tr\u00ean ch\u01b0a bao g\u1ed3m VAT v\u00e0 ph\u00ed v\u1eadn chuy\u1ec3n. Gi\u00e1 s\u1ea3n ph\u1ea9m c\u00f3 th\u1ec3 thay \u0111\u1ed5i theo t\u1eebng th\u1eddi \u0111i\u1ec3m, vui l\u00f2ng li\u00ean h\u1ec7 \u0111\u1ec3 nh\u1eadn t\u01b0 v\u1ea5n \u01b0u \u0111\u00e3i t\u1ed1t nh\u1ea5t.<br data-start=\"565\" data-end=\"568\" \/>L\u01b0u \u00fd th\u00eam: Gi\u00e1 \u0111\u00e3 bao g\u1ed3m k\u00ednh, t\u1ee7 ch\u01b0a l\u1eafp s\u1eb5n k\u00ednh.<\/em><\/span><\/p>\n","protected":false},"featured_media":4427,"comment_status":"open","ping_status":"closed","template":"","meta":[],"product_brand":[],"product_cat":[17,761],"product_tag":[],"class_list":{"0":"post-4425","1":"product","2":"type-product","3":"status-publish","4":"has-post-thumbnail","6":"product_cat-noi-that-van-phong","7":"product_cat-tu-sat-van-phong","9":"first","10":"instock","11":"shipping-taxable","12":"purchasable","13":"product-type-simple"},"_links":{"self":[{"href":"https:\/\/noithathuuthinh.vn\/zh-hans\/wp-json\/wp\/v2\/product\/4425","targetHints":{"allow":["GET"]}}],"collection":[{"href":"https:\/\/noithathuuthinh.vn\/zh-hans\/wp-json\/wp\/v2\/product"}],"about":[{"href":"https:\/\/noithathuuthinh.vn\/zh-hans\/wp-json\/wp\/v2\/types\/product"}],"replies":[{"embeddable":true,"href":"https:\/\/noithathuuthinh.vn\/zh-hans\/wp-json\/wp\/v2\/comments?post=4425"}],"wp:featuredmedia":[{"embeddable":true,"href":"https:\/\/noithathuuthinh.vn\/zh-hans\/wp-json\/wp\/v2\/media\/4427"}],"wp:attachment":[{"href":"https:\/\/noithathuuthinh.vn\/zh-hans\/wp-json\/wp\/v2\/media?parent=4425"}],"wp:term":[{"taxonomy":"product_brand","embeddable":true,"href":"https:\/\/noithathuuthinh.vn\/zh-hans\/wp-json\/wp\/v2\/product_brand?post=4425"},{"taxonomy":"product_cat","embeddable":true,"href":"https:\/\/noithathuuthinh.vn\/zh-hans\/wp-json\/wp\/v2\/product_cat?post=4425"},{"taxonomy":"product_tag","embeddable":true,"href":"https:\/\/noithathuuthinh.vn\/zh-hans\/wp-json\/wp\/v2\/product_tag?post=4425"}],"curies":[{"name":"wp","href":"https:\/\/api.w.org\/{rel}","templated":true}]}}