{"id":4428,"date":"2025-11-24T13:21:53","date_gmt":"2025-11-24T06:21:53","guid":{"rendered":"https:\/\/noithathuuthinh.vn\/?post_type=product&#038;p=4428"},"modified":"2025-11-24T13:21:53","modified_gmt":"2025-11-24T06:21:53","slug":"tu-ho-so-tu09p","status":"publish","type":"product","link":"https:\/\/noithathuuthinh.vn\/zh-hans\/san-pham\/tu-ho-so-tu09p\/","title":{"rendered":"T\u1ee7 h\u1ed3 s\u01a1 TU09P"},"content":{"rendered":"<p data-start=\"583\" data-end=\"1042\">T\u1ee7 h\u1ed3 s\u01a1 TU09P l\u00e0 l\u1ef1a ch\u1ecdn ho\u00e0n h\u1ea3o d\u00e0nh cho c\u00e1c v\u0103n ph\u00f2ng mu\u1ed1n t\u1ed1i \u01b0u h\u00f3a kh\u00f4ng gian l\u01b0u tr\u1eef, \u0111\u1ed3ng th\u1eddi \u0111\u1ea3m b\u1ea3o t\u00ednh an to\u00e0n v\u00e0 b\u1ec1n b\u1ec9 trong qu\u00e1 tr\u00ecnh s\u1eed d\u1ee5ng. V\u1edbi thi\u1ebft k\u1ebf 1 khoang l\u1edbn \u0111i k\u00e8m h\u1ec7 2 c\u00e1nh m\u1edf s\u1eed d\u1ee5ng chung 1 kh\u00f3a, s\u1ea3n ph\u1ea9m mang \u0111\u1ebfn s\u1ef1 thu\u1eadn ti\u1ec7n t\u1ed1i \u0111a trong vi\u1ec7c b\u1ea3o qu\u1ea3n t\u00e0i li\u1ec7u quan tr\u1ecdng, th\u00edch h\u1ee3p cho m\u00f4i tr\u01b0\u1eddng c\u00f4ng s\u1edf, c\u01a1 quan h\u00e0nh ch\u00ednh, tr\u01b0\u1eddng h\u1ecdc, b\u1ec7nh vi\u1ec7n hay c\u00e1c doanh nghi\u1ec7p v\u1eeba v\u00e0 l\u1edbn.<\/p>\n<p data-start=\"1044\" data-end=\"1414\">T\u1ee7 \u0111\u01b0\u1ee3c s\u1ea3n xu\u1ea5t t\u1eeb th\u00e9p ch\u1ea5t l\u01b0\u1ee3ng cao, ph\u1ee7 s\u01a1n t\u0129nh \u0111i\u1ec7n to\u00e0n b\u1ed9 nh\u1eb1m t\u1ea1o b\u1ec1 m\u1eb7t nh\u1eb5n m\u1ecbn, ch\u1ed1ng tr\u1ea7y x\u01b0\u1edbc, ch\u1ed1ng g\u1ec9 s\u00e9t v\u00e0 ng\u0103n ng\u1eeba c\u00e1c t\u00e1c \u0111\u1ed9ng t\u1eeb m\u00f4i tr\u01b0\u1eddng nh\u01b0 \u1ea9m m\u1ed1c, m\u1ed1i m\u1ecdt. \u0110\u00e2y l\u00e0 \u01b0u \u0111i\u1ec3m n\u1ed5i b\u1eadt c\u1ee7a d\u00f2ng t\u1ee7 th\u00e9p so v\u1edbi t\u1ee7 g\u1ed7 truy\u1ec1n th\u1ed1ng, gi\u00fap t\u0103ng tu\u1ed5i th\u1ecd s\u1ea3n ph\u1ea9m v\u00e0 gi\u1eef t\u1ee7 lu\u00f4n b\u1ec1n \u0111\u1eb9p, s\u1ea1ch s\u1ebd theo th\u1eddi gian, ngay c\u1ea3 khi \u0111\u1eb7t trong khu v\u1ef1c c\u00f3 \u0111\u1ed9 \u1ea9m cao.<\/p>\n<p data-start=\"1416\" data-end=\"1822\">Thi\u1ebft k\u1ebf 2 c\u00e1nh m\u1edf c\u1ee7a t\u1ee7 h\u1ed3 s\u01a1 TU09P mang l\u1ea1i s\u1ef1 ti\u1ec7n l\u1ee3i cho ng\u01b0\u1eddi d\u00f9ng khi thao t\u00e1c l\u1ea5y \u2013 c\u1ea5t h\u1ed3 s\u01a1. C\u00e1nh t\u1ee7 c\u00f3 \u0111\u1ed9 m\u1edf r\u1ed9ng gi\u00fap vi\u1ec7c quan s\u00e1t, s\u1eafp x\u1ebfp v\u00e0 ph\u00e2n lo\u1ea1i t\u00e0i li\u1ec7u tr\u1edf n\u00ean d\u1ec5 d\u00e0ng h\u01a1n, \u0111\u1eb7c bi\u1ec7t ph\u00f9 h\u1ee3p v\u1edbi v\u0103n ph\u00f2ng c\u00f3 s\u1ed1 l\u01b0\u1ee3ng h\u1ed3 s\u01a1 l\u1edbn. H\u1ec7 th\u1ed1ng kh\u00f3a chung \u0111\u1ea3m b\u1ea3o an to\u00e0n cho to\u00e0n b\u1ed9 kh\u00f4ng gian l\u01b0u tr\u1eef b\u00ean trong, gi\u00fap b\u1ea3o v\u1ec7 t\u00e0i li\u1ec7u quan tr\u1ecdng, ch\u1ee9ng t\u1eeb n\u1ed9i b\u1ed9 hay c\u00e1c v\u1eadt d\u1ee5ng c\u00f3 gi\u00e1 tr\u1ecb.<\/p>\n<p data-start=\"1824\" data-end=\"2154\">B\u00ean trong t\u1ee7 \u0111\u01b0\u1ee3c chia th\u00e0nh 3 \u0111\u1ee3t c\u1ed1 \u0111\u1ecbnh ch\u1eafc ch\u1eafn, ch\u1ecbu t\u1ea3i t\u1ed1t, ph\u00f9 h\u1ee3p \u0111\u1ec3 \u0111\u1ef1ng file h\u1ed3 s\u01a1 A4, s\u00e1ch v\u1edf, b\u00eca c\u00f2ng, c\u1eb7p t\u00e0i li\u1ec7u ho\u1eb7c c\u00e1c trang thi\u1ebft b\u1ecb v\u0103n ph\u00f2ng nh\u1ecf. Vi\u1ec7c chia ng\u0103n h\u1ee3p l\u00fd gi\u00fap ng\u01b0\u1eddi d\u00f9ng s\u1eafp x\u1ebfp t\u00e0i li\u1ec7u khoa h\u1ecdc, nhanh ch\u00f3ng t\u00ecm ki\u1ebfm khi c\u1ea7n v\u00e0 t\u1ed1i \u01b0u h\u00f3a di\u1ec7n t\u00edch l\u01b0u tr\u1eef m\u00e0 kh\u00f4ng lo cong v\u00f5ng hay h\u01b0 h\u1ecfng.<\/p>\n<p data-start=\"2156\" data-end=\"2446\">K\u00edch th\u01b0\u1edbc W915 x D450 x H1830 (mm) gi\u00fap s\u1ea3n ph\u1ea9m kh\u00f4ng qu\u00e1 c\u1ed3ng k\u1ec1nh nh\u01b0ng v\u1eabn \u0111\u1ee7 l\u1edbn \u0111\u1ec3 \u0111\u00e1p \u1ee9ng nhu c\u1ea7u l\u01b0u tr\u1eef c\u1ee7a nhi\u1ec1u b\u1ed9 ph\u1eadn trong doanh nghi\u1ec7p. T\u1ee7 d\u1ec5 d\u00e0ng b\u1ed1 tr\u00ed trong nhi\u1ec1u kh\u00f4ng gian kh\u00e1c nhau nh\u01b0 ph\u00f2ng l\u00e0m vi\u1ec7c, ph\u00f2ng l\u01b0u tr\u1eef, ph\u00f2ng h\u00e0nh ch\u00ednh ho\u1eb7c khu v\u1ef1c c\u00f4ng c\u1ed9ng c\u1ee7a c\u01a1 quan.<\/p>\n<p data-start=\"2448\" data-end=\"2756\">T\u1ee7 h\u1ed3 s\u01a1 TU09P c\u00f3 ki\u1ec3u d\u00e1ng \u0111\u01a1n gi\u1ea3n, g\u1ecdn g\u00e0ng v\u00e0 hi\u1ec7n \u0111\u1ea1i, d\u1ec5 d\u00e0ng h\u00f2a h\u1ee3p v\u1edbi nhi\u1ec1u phong c\u00e1ch thi\u1ebft k\u1ebf v\u0103n ph\u00f2ng. M\u00e0u s\u01a1n t\u0129nh \u0111i\u1ec7n s\u00e1ng t\u1ea1o c\u1ea3m gi\u00e1c nh\u1eb9 nh\u00e0ng, chuy\u00ean nghi\u1ec7p v\u00e0 s\u1ea1ch s\u1ebd cho kh\u00f4ng gian s\u1eed d\u1ee5ng. B\u1ec1 m\u1eb7t \u00edt b\u00e1m b\u1ee5i gi\u00fap vi\u1ec7c v\u1ec7 sinh nhanh ch\u00f3ng, gi\u1eef t\u1ee7 lu\u00f4n nh\u01b0 m\u1edbi sau th\u1eddi gian d\u00e0i s\u1eed d\u1ee5ng.<\/p>\n<p data-start=\"2758\" data-end=\"3104\">Nh\u1edd thi\u1ebft k\u1ebf ch\u1eafc ch\u1eafn, \u0111\u1ed9 b\u1ec1n cao v\u00e0 kh\u1ea3 n\u0103ng l\u01b0u tr\u1eef t\u1ed1t, TU09P l\u00e0 gi\u1ea3i ph\u00e1p l\u01b0u tr\u1eef t\u1ed1i \u01b0u cho c\u00e1c doanh nghi\u1ec7p \u0111ang t\u00ecm ki\u1ebfm s\u1ef1 hi\u1ec7u qu\u1ea3 v\u00e0 an to\u00e0n trong vi\u1ec7c qu\u1ea3n l\u00fd t\u00e0i li\u1ec7u. T\u00ednh ti\u1ec7n d\u1ee5ng, d\u1ec5 d\u00f9ng v\u00e0 kh\u1ea3 n\u0103ng th\u00edch \u1ee9ng v\u1edbi nhi\u1ec1u kh\u00f4ng gian l\u00e0m vi\u1ec7c khi\u1ebfn m\u1eabu t\u1ee7 n\u00e0y tr\u1edf th\u00e0nh m\u1ed9t trong nh\u1eefng s\u1ea3n ph\u1ea9m b\u00e1n ch\u1ea1y thu\u1ed9c d\u00f2ng t\u1ee7 s\u1eaft v\u0103n ph\u00f2ng.<\/p>\n<p data-start=\"3106\" data-end=\"3406\" data-is-last-node=\"\" data-is-only-node=\"\">T\u00f3m l\u1ea1i, t\u1ee7 h\u1ed3 s\u01a1 TU09P kh\u00f4ng ch\u1ec9 \u0111\u00e1p \u1ee9ng t\u1ed1t nhu c\u1ea7u l\u01b0u tr\u1eef m\u00e0 c\u00f2n g\u00f3p ph\u1ea7n t\u1ea1o n\u00ean m\u00f4i tr\u01b0\u1eddng l\u00e0m vi\u1ec7c g\u1ecdn g\u00e0ng, chuy\u00ean nghi\u1ec7p v\u00e0 ng\u0103n n\u1eafp h\u01a1n. N\u1ebfu b\u1ea1n \u0111ang t\u00ecm ki\u1ebfm m\u1ed9t m\u1eabu t\u1ee7 h\u1ed3 s\u01a1 th\u00e9p b\u1ec1n \u0111\u1eb9p, an to\u00e0n, d\u1ec5 s\u1eed d\u1ee5ng v\u00e0 gi\u00e1 th\u00e0nh h\u1ee3p l\u00fd th\u00ec TU09P s\u1ebd l\u00e0 s\u1ef1 l\u1ef1a ch\u1ecdn \u0111\u00e1ng c\u00e2n nh\u1eafc cho m\u1ecdi v\u0103n ph\u00f2ng.<\/p>\n","protected":false},"excerpt":{"rendered":"<p>T\u1ee7 h\u1ed3 s\u01a1 TU09P l\u00e0 m\u1eabu t\u1ee7 s\u1eaft s\u01a1n t\u0129nh \u0111i\u1ec7n thi\u1ebft k\u1ebf 1 khoang r\u1ed9ng r\u00e3i, s\u1eed d\u1ee5ng h\u1ec7 2 c\u00e1nh m\u1edf kh\u00f3a chung, ph\u00f9 h\u1ee3p cho nhi\u1ec1u nhu c\u1ea7u l\u01b0u tr\u1eef h\u1ed3 s\u01a1 \u2013 t\u00e0i li\u1ec7u trong v\u0103n ph\u00f2ng hi\u1ec7n \u0111\u1ea1i.<br data-start=\"231\" data-end=\"234\" \/>K\u00edch th\u01b0\u1edbc: W915 x D450 x H1830 (mm)<br data-start=\"270\" data-end=\"273\" \/>Xu\u1ea5t x\u1ee9: S\u1ea3n ph\u1ea9m c\u1ee7a c\u00f4ng ty <strong data-start=\"303\" data-end=\"323\">N\u1ed8I TH\u1ea4T THE ONE<\/strong> \u2013 Ph\u00e2n ph\u1ed1i b\u1edfi <strong data-start=\"340\" data-end=\"376\">C\u00d4NG TY TNHH SXTM TTNT H\u1eeeU TH\u1ecaNH<\/strong><br data-start=\"376\" data-end=\"379\" \/>B\u1ea3o h\u00e0nh: 12 th\u00e1ng theo ti\u00eau chu\u1ea9n nh\u00e0 m\u00e1y<br data-start=\"421\" data-end=\"424\" \/><span style=\"color: #ed1c24;\"><em data-start=\"424\" data-end=\"576\">L\u01b0u \u00fd: Gi\u00e1 tr\u00ean ch\u01b0a bao g\u1ed3m VAT v\u00e0 ph\u00ed v\u1eadn chuy\u1ec3n. Gi\u00e1 s\u1ea3n ph\u1ea9m c\u00f3 th\u1ec3 thay \u0111\u1ed5i theo t\u1eebng th\u1eddi \u0111i\u1ec3m, vui l\u00f2ng li\u00ean h\u1ec7 \u0111\u1ec3 nh\u1eadn t\u01b0 v\u1ea5n \u01b0u \u0111\u00e3i t\u1ed1t nh\u1ea5t.<\/em><\/span><\/p>\n","protected":false},"featured_media":4429,"comment_status":"open","ping_status":"closed","template":"","meta":[],"product_brand":[],"product_cat":[17,761],"product_tag":[],"class_list":{"0":"post-4428","1":"product","2":"type-product","3":"status-publish","4":"has-post-thumbnail","6":"product_cat-noi-that-van-phong","7":"product_cat-tu-sat-van-phong","9":"first","10":"instock","11":"shipping-taxable","12":"purchasable","13":"product-type-simple"},"_links":{"self":[{"href":"https:\/\/noithathuuthinh.vn\/zh-hans\/wp-json\/wp\/v2\/product\/4428","targetHints":{"allow":["GET"]}}],"collection":[{"href":"https:\/\/noithathuuthinh.vn\/zh-hans\/wp-json\/wp\/v2\/product"}],"about":[{"href":"https:\/\/noithathuuthinh.vn\/zh-hans\/wp-json\/wp\/v2\/types\/product"}],"replies":[{"embeddable":true,"href":"https:\/\/noithathuuthinh.vn\/zh-hans\/wp-json\/wp\/v2\/comments?post=4428"}],"wp:featuredmedia":[{"embeddable":true,"href":"https:\/\/noithathuuthinh.vn\/zh-hans\/wp-json\/wp\/v2\/media\/4429"}],"wp:attachment":[{"href":"https:\/\/noithathuuthinh.vn\/zh-hans\/wp-json\/wp\/v2\/media?parent=4428"}],"wp:term":[{"taxonomy":"product_brand","embeddable":true,"href":"https:\/\/noithathuuthinh.vn\/zh-hans\/wp-json\/wp\/v2\/product_brand?post=4428"},{"taxonomy":"product_cat","embeddable":true,"href":"https:\/\/noithathuuthinh.vn\/zh-hans\/wp-json\/wp\/v2\/product_cat?post=4428"},{"taxonomy":"product_tag","embeddable":true,"href":"https:\/\/noithathuuthinh.vn\/zh-hans\/wp-json\/wp\/v2\/product_tag?post=4428"}],"curies":[{"name":"wp","href":"https:\/\/api.w.org\/{rel}","templated":true}]}}