{"id":4432,"date":"2025-11-24T13:28:15","date_gmt":"2025-11-24T06:28:15","guid":{"rendered":"https:\/\/noithathuuthinh.vn\/?post_type=product&#038;p=4432"},"modified":"2025-11-24T13:28:15","modified_gmt":"2025-11-24T06:28:15","slug":"tu-ho-so-tu09k2np","status":"publish","type":"product","link":"https:\/\/noithathuuthinh.vn\/zh-hans\/san-pham\/tu-ho-so-tu09k2np\/","title":{"rendered":"T\u1ee7 h\u1ed3 s\u01a1 TU09K2NP"},"content":{"rendered":"<p data-start=\"644\" data-end=\"1045\">T\u1ee7 h\u1ed3 s\u01a1 TU09K2NP l\u00e0 l\u1ef1a ch\u1ecdn t\u1ed1i \u01b0u cho c\u00e1c v\u0103n ph\u00f2ng c\u1ea7n s\u1ea3n ph\u1ea9m l\u01b0u tr\u1eef b\u1ec1n b\u1ec9, ti\u1ec7n d\u1ee5ng v\u00e0 ti\u1ebft ki\u1ec7m di\u1ec7n t\u00edch. V\u1edbi thi\u1ebft k\u1ebf g\u1ed3m 2 khoang c\u00e1nh m\u1edf ch\u1eafc ch\u1eafn v\u00e0 m\u1ed7i khoang trang b\u1ecb 3 \u0111\u1ee3t c\u1ed1 \u0111\u1ecbnh, m\u1eabu t\u1ee7 n\u00e0y mang \u0111\u1ebfn kh\u1ea3 n\u0103ng s\u1eafp x\u1ebfp t\u00e0i li\u1ec7u khoa h\u1ecdc, ph\u00f9 h\u1ee3p cho doanh nghi\u1ec7p c\u00f3 nhu c\u1ea7u l\u01b0u tr\u1eef l\u1edbn nh\u01b0ng v\u1eabn mu\u1ed1n gi\u1eef kh\u00f4ng gian g\u1ecdn g\u00e0ng \u2013 chuy\u00ean nghi\u1ec7p.<\/p>\n<p data-start=\"1047\" data-end=\"1483\">\u0110\u01b0\u1ee3c l\u00e0m t\u1eeb th\u00e9p ch\u1ea5t l\u01b0\u1ee3ng cao, b\u1ec1 m\u1eb7t t\u1ee7 \u0111\u01b0\u1ee3c ph\u1ee7 s\u01a1n t\u0129nh \u0111i\u1ec7n hi\u1ec7n \u0111\u1ea1i gi\u00fap ch\u1ed1ng g\u1ec9, ch\u1ed1ng tr\u1ea7y x\u01b0\u1edbc v\u00e0 h\u1ea1n ch\u1ebf b\u00e1m b\u1ee5i. Nh\u1edd l\u1edbp s\u01a1n b\u1ec1n m\u00e0u n\u00e0y, t\u1ee7 h\u1ed3 s\u01a1 TU09K2NP lu\u00f4n gi\u1eef \u0111\u01b0\u1ee3c v\u1ebb s\u00e1ng \u0111\u1eb9p theo th\u1eddi gian, k\u1ec3 c\u1ea3 khi \u0111\u1eb7t trong m\u00f4i tr\u01b0\u1eddng c\u00f3 \u0111\u1ed9 \u1ea9m cao ho\u1eb7c nhu c\u1ea7u s\u1eed d\u1ee5ng li\u00ean t\u1ee5c. \u0110\u00e2y l\u00e0 \u01b0u \u0111i\u1ec3m v\u01b0\u1ee3t tr\u1ed9i so v\u1edbi c\u00e1c d\u00f2ng t\u1ee7 g\u1ed7, gi\u00fap s\u1ea3n ph\u1ea9m \u0111\u1eb7c bi\u1ec7t ph\u00f9 h\u1ee3p v\u1edbi c\u01a1 quan, c\u00f4ng ty, ng\u00e2n h\u00e0ng, tr\u01b0\u1eddng h\u1ecdc v\u00e0 nhi\u1ec1u \u0111\u01a1n v\u1ecb h\u00e0nh ch\u00ednh.<\/p>\n<p data-start=\"1485\" data-end=\"1877\">Thi\u1ebft k\u1ebf 2 khoang c\u00e1nh m\u1edf gi\u00fap thao t\u00e1c m\u1edf t\u1ee7 tr\u1edf n\u00ean d\u1ec5 d\u00e0ng v\u00e0 nhanh ch\u00f3ng, \u0111\u1eb7c bi\u1ec7t khi c\u1ea7n l\u1ea5y l\u01b0\u1ee3ng h\u1ed3 s\u01a1 l\u1edbn trong th\u1eddi gian ng\u1eafn. C\u00e1nh t\u1ee7 \u0111\u00f3ng m\u1edf d\u1ee9t kho\u00e1t, \u00edt rung l\u1eafc, gi\u00fap ng\u01b0\u1eddi d\u00f9ng c\u1ea3m nh\u1eadn s\u1ef1 ch\u1eafc ch\u1eafn v\u00e0 \u1ed5n \u0111\u1ecbnh trong su\u1ed1t qu\u00e1 tr\u00ecnh s\u1eed d\u1ee5ng. T\u1ee7 c\u0169ng t\u1ea1o \u0111i\u1ec1u ki\u1ec7n thu\u1eadn ti\u1ec7n cho vi\u1ec7c ph\u00e2n lo\u1ea1i t\u00e0i li\u1ec7u theo t\u1eebng nh\u00f3m, t\u1eebng b\u1ed9 ph\u1eadn ho\u1eb7c theo c\u00e1c ti\u00eau ch\u00ed ri\u00eang c\u1ee7a doanh nghi\u1ec7p.<\/p>\n<p data-start=\"1879\" data-end=\"2225\">C\u00e1c \u0111\u1ee3t c\u1ed1 \u0111\u1ecbnh trong t\u1eebng khoang c\u00f3 kh\u1ea3 n\u0103ng ch\u1ecbu t\u1ea3i t\u1ed1t, ph\u00f9 h\u1ee3p v\u1edbi nhi\u1ec1u lo\u1ea1i h\u1ed3 s\u01a1 nh\u01b0 b\u00eca c\u00f2ng, file A4, s\u1ed5 s\u00e1ch, t\u00e0i li\u1ec7u d\u1ef1 \u00e1n, ch\u1ee9ng t\u1eeb k\u1ebf to\u00e1n ho\u1eb7c v\u1eadt d\u1ee5ng v\u0103n ph\u00f2ng nh\u1ecf. V\u1edbi 3 \u0111\u1ee3t cho m\u1ed7i khoang, t\u1ed5ng c\u1ed9ng 6 \u0111\u1ee3t l\u01b0u tr\u1eef gi\u00fap ng\u01b0\u1eddi d\u00f9ng d\u1ec5 d\u00e0ng t\u1ed5 ch\u1ee9c t\u00e0i li\u1ec7u theo th\u1ee9 t\u1ef1 r\u00f5 r\u00e0ng, gi\u1ea3m th\u1eddi gian t\u00ecm ki\u1ebfm v\u00e0 t\u0103ng hi\u1ec7u qu\u1ea3 c\u00f4ng vi\u1ec7c.<\/p>\n<p data-start=\"2227\" data-end=\"2544\">So v\u1edbi phi\u00ean b\u1ea3n TU09K2P c\u00f3 chi\u1ec1u r\u1ed9ng 1000 mm, phi\u00ean b\u1ea3n TU09K2NP c\u00f3 k\u00edch th\u01b0\u1edbc nh\u1ecf g\u1ecdn h\u01a1n v\u1edbi chi\u1ec1u r\u1ed9ng 915 mm, gi\u00fap d\u1ec5 b\u1ed1 tr\u00ed trong nh\u1eefng kh\u00f4ng gian v\u0103n ph\u00f2ng h\u1eb9p ho\u1eb7c khu v\u1ef1c \u0111\u00e3 c\u00f3 s\u1eb5n c\u00e1c thi\u1ebft b\u1ecb, \u0111\u1ed3 n\u1ed9i th\u1ea5t kh\u00e1c. Tuy nh\u1ecf h\u01a1n, TU09K2NP v\u1eabn \u0111\u1ea3m b\u1ea3o \u0111\u1ea7y \u0111\u1ee7 c\u00f4ng n\u0103ng v\u00e0 s\u1ee9c ch\u1ee9a nh\u1edd k\u1ebft c\u1ea5u khoa h\u1ecdc b\u00ean trong.<\/p>\n<p data-start=\"2546\" data-end=\"2829\">Thi\u1ebft k\u1ebf \u0111\u01a1n gi\u1ea3n nh\u01b0ng hi\u1ec7n \u0111\u1ea1i c\u1ee7a t\u1ee7 h\u1ed3 s\u01a1 TU09K2NP gi\u00fap t\u1ee7 d\u1ec5 d\u00e0ng h\u00f2a h\u1ee3p v\u1edbi m\u1ecdi phong c\u00e1ch v\u0103n ph\u00f2ng. M\u00e0u s\u01a1n s\u00e1ng t\u1ea1o c\u1ea3m gi\u00e1c r\u1ed9ng r\u00e3i, s\u1ea1ch s\u1ebd, t\u0103ng t\u00ednh chuy\u00ean nghi\u1ec7p cho kh\u00f4ng gian l\u00e0m vi\u1ec7c. B\u1ec1 m\u1eb7t t\u1ee7 \u00edt b\u00e1m b\u1ee5i, d\u1ec5 v\u1ec7 sinh, gi\u00fap ti\u1ebft ki\u1ec7m th\u1eddi gian v\u00e0 chi ph\u00ed b\u1ea3o d\u01b0\u1ee1ng.<\/p>\n<p data-start=\"2831\" data-end=\"3083\">Ngo\u00e0i ra, s\u1ea3n ph\u1ea9m c\u00f2n ghi \u0111i\u1ec3m nh\u1edd \u0111\u1ed9 b\u1ec1n v\u01b0\u1ee3t tr\u1ed9i, kh\u1ea3 n\u0103ng ch\u1ed1ng m\u1ed1i m\u1ecdt tuy\u1ec7t \u0111\u1ed1i v\u00e0 an to\u00e0n cho t\u00e0i li\u1ec7u quan tr\u1ecdng. \u0110\u00e2y l\u00e0 l\u1ef1a ch\u1ecdn l\u00fd t\u01b0\u1edfng cho nh\u1eefng doanh nghi\u1ec7p c\u1ea7n b\u1ea3o qu\u1ea3n h\u1ed3 s\u01a1 trong th\u1eddi gian d\u00e0i m\u00e0 v\u1eabn \u0111\u1ea3m b\u1ea3o t\u00ednh th\u1ea9m m\u1ef9 v\u00e0 s\u1ef1 an to\u00e0n.<\/p>\n<p data-start=\"3085\" data-end=\"3422\" data-is-last-node=\"\" data-is-only-node=\"\">T\u1ed5ng th\u1ec3, t\u1ee7 h\u1ed3 s\u01a1 TU09K2NP mang \u0111\u1ebfn gi\u1ea3i ph\u00e1p l\u01b0u tr\u1eef b\u1ec1n v\u1eefng, khoa h\u1ecdc v\u00e0 t\u1ed1i \u01b0u cho m\u1ecdi v\u0103n ph\u00f2ng. N\u1ebfu b\u1ea1n \u0111ang t\u00ecm ki\u1ebfm m\u1ed9t m\u1eabu t\u1ee7 th\u00e9p s\u01a1n t\u0129nh \u0111i\u1ec7n g\u1ecdn g\u00e0ng, gi\u00e1 h\u1ee3p l\u00fd nh\u01b0ng v\u1eabn \u0111\u1ea3m b\u1ea3o c\u00f4ng n\u0103ng \u0111\u1ea7y \u0111\u1ee7 th\u00ec TU09K2NP ch\u00ednh l\u00e0 s\u1ea3n ph\u1ea9m x\u1ee9ng \u0111\u00e1ng \u0111\u1ec3 \u0111\u1ea7u t\u01b0, gi\u00fap kh\u00f4ng gian l\u00e0m vi\u1ec7c ng\u0103n n\u1eafp, hi\u1ec7u qu\u1ea3 v\u00e0 chuy\u00ean nghi\u1ec7p h\u01a1n m\u1ed7i ng\u00e0y.<\/p>\n","protected":false},"excerpt":{"rendered":"<p>T\u1ee7 h\u1ed3 s\u01a1 TU09K2NP l\u00e0 m\u1eabu t\u1ee7 s\u1eaft s\u01a1n t\u0129nh \u0111i\u1ec7n thi\u1ebft k\u1ebf 2 khoang c\u00e1nh m\u1edf, m\u1ed7i khoang g\u1ed3m 3 \u0111\u1ee3t c\u1ed1 \u0111\u1ecbnh ch\u1eafc ch\u1eafn, \u0111\u00e1p \u1ee9ng nhu c\u1ea7u l\u01b0u tr\u1eef h\u1ed3 s\u01a1 \u2013 t\u00e0i li\u1ec7u l\u1edbn trong nhi\u1ec1u v\u0103n ph\u00f2ng hi\u1ec7n \u0111\u1ea1i.<br data-start=\"243\" data-end=\"246\" \/>K\u00edch th\u01b0\u1edbc: W915 x D450 x H1830 (mm)<br data-start=\"331\" data-end=\"334\" \/>Xu\u1ea5t x\u1ee9: S\u1ea3n ph\u1ea9m c\u1ee7a c\u00f4ng ty <strong data-start=\"364\" data-end=\"384\">N\u1ed8I TH\u1ea4T THE ONE<\/strong> \u2013 Ph\u00e2n ph\u1ed1i b\u1edfi <strong data-start=\"401\" data-end=\"437\">C\u00d4NG TY TNHH SXTM TTNT H\u1eeeU TH\u1ecaNH<\/strong><br data-start=\"437\" data-end=\"440\" \/>B\u1ea3o h\u00e0nh: 12 th\u00e1ng theo ti\u00eau chu\u1ea9n nh\u00e0 m\u00e1y<br data-start=\"482\" data-end=\"485\" \/><span style=\"color: #ed1c24;\"><em data-start=\"485\" data-end=\"637\">L\u01b0u \u00fd: Gi\u00e1 tr\u00ean ch\u01b0a bao g\u1ed3m VAT v\u00e0 ph\u00ed v\u1eadn chuy\u1ec3n. Gi\u00e1 s\u1ea3n ph\u1ea9m c\u00f3 th\u1ec3 thay \u0111\u1ed5i theo t\u1eebng th\u1eddi \u0111i\u1ec3m, vui l\u00f2ng li\u00ean h\u1ec7 \u0111\u1ec3 nh\u1eadn t\u01b0 v\u1ea5n \u01b0u \u0111\u00e3i t\u1ed1t nh\u1ea5t.<\/em><\/span><\/p>\n","protected":false},"featured_media":4431,"comment_status":"open","ping_status":"closed","template":"","meta":[],"product_brand":[],"product_cat":[17,761],"product_tag":[],"class_list":{"0":"post-4432","1":"product","2":"type-product","3":"status-publish","4":"has-post-thumbnail","6":"product_cat-noi-that-van-phong","7":"product_cat-tu-sat-van-phong","9":"first","10":"instock","11":"shipping-taxable","12":"purchasable","13":"product-type-simple"},"_links":{"self":[{"href":"https:\/\/noithathuuthinh.vn\/zh-hans\/wp-json\/wp\/v2\/product\/4432","targetHints":{"allow":["GET"]}}],"collection":[{"href":"https:\/\/noithathuuthinh.vn\/zh-hans\/wp-json\/wp\/v2\/product"}],"about":[{"href":"https:\/\/noithathuuthinh.vn\/zh-hans\/wp-json\/wp\/v2\/types\/product"}],"replies":[{"embeddable":true,"href":"https:\/\/noithathuuthinh.vn\/zh-hans\/wp-json\/wp\/v2\/comments?post=4432"}],"wp:featuredmedia":[{"embeddable":true,"href":"https:\/\/noithathuuthinh.vn\/zh-hans\/wp-json\/wp\/v2\/media\/4431"}],"wp:attachment":[{"href":"https:\/\/noithathuuthinh.vn\/zh-hans\/wp-json\/wp\/v2\/media?parent=4432"}],"wp:term":[{"taxonomy":"product_brand","embeddable":true,"href":"https:\/\/noithathuuthinh.vn\/zh-hans\/wp-json\/wp\/v2\/product_brand?post=4432"},{"taxonomy":"product_cat","embeddable":true,"href":"https:\/\/noithathuuthinh.vn\/zh-hans\/wp-json\/wp\/v2\/product_cat?post=4432"},{"taxonomy":"product_tag","embeddable":true,"href":"https:\/\/noithathuuthinh.vn\/zh-hans\/wp-json\/wp\/v2\/product_tag?post=4432"}],"curies":[{"name":"wp","href":"https:\/\/api.w.org\/{rel}","templated":true}]}}