{"id":4433,"date":"2025-11-24T13:36:11","date_gmt":"2025-11-24T06:36:11","guid":{"rendered":"https:\/\/noithathuuthinh.vn\/?post_type=product&#038;p=4433"},"modified":"2025-11-24T13:36:11","modified_gmt":"2025-11-24T06:36:11","slug":"tu-ho-so-tu09k3pck","status":"publish","type":"product","link":"https:\/\/noithathuuthinh.vn\/zh-hans\/san-pham\/tu-ho-so-tu09k3pck\/","title":{"rendered":"T\u1ee7 h\u1ed3 s\u01a1 TU09K3PCK"},"content":{"rendered":"<p data-start=\"634\" data-end=\"1082\">T\u1ee7 h\u1ed3 s\u01a1 TU09K3PCK l\u00e0 l\u1ef1a ch\u1ecdn l\u00fd t\u01b0\u1edfng cho nh\u1eefng v\u0103n ph\u00f2ng \u0111ang t\u00ecm ki\u1ebfm m\u1ed9t m\u1eabu t\u1ee7 s\u1eaft \u0111a n\u0103ng, k\u1ebft h\u1ee3p h\u00e0i h\u00f2a gi\u1eefa kh\u1ea3 n\u0103ng l\u01b0u tr\u1eef v\u00e0 t\u00ednh th\u1ea9m m\u1ef9. V\u1edbi k\u1ebft c\u1ea5u chia 2 khoang ri\u00eang bi\u1ec7t g\u1ed3m khoang tr\u00ean c\u00e1nh k\u00ednh v\u00e0 khoang d\u01b0\u1edbi c\u00e1nh s\u1eaft, s\u1ea3n ph\u1ea9m \u0111\u00e1p \u1ee9ng linh ho\u1ea1t nhi\u1ec1u nhu c\u1ea7u s\u1eed d\u1ee5ng kh\u00e1c nhau, t\u1eeb tr\u01b0ng b\u00e0y t\u00e0i li\u1ec7u, h\u1ed3 s\u01a1 quan tr\u1ecdng cho \u0111\u1ebfn c\u1ea5t gi\u1eef c\u00e1c v\u1eadt d\u1ee5ng n\u1ed9i b\u1ed9 m\u1ed9t c\u00e1ch g\u1ecdn g\u00e0ng v\u00e0 an to\u00e0n.<\/p>\n<p data-start=\"1084\" data-end=\"1533\">Ph\u1ea7n khoang tr\u00ean c\u1ee7a t\u1ee7 \u0111\u01b0\u1ee3c thi\u1ebft k\u1ebf v\u1edbi 2 \u0111\u1ee3t c\u1ed1 \u0111\u1ecbnh v\u00e0 h\u1ec7 c\u00e1nh k\u00ednh m\u1edf khung th\u00e9p ch\u1eafc ch\u1eafn, mang l\u1ea1i kh\u1ea3 n\u0103ng tr\u01b0ng b\u00e0y t\u00e0i li\u1ec7u, s\u00e1ch, c\u00fap l\u01b0u ni\u1ec7m ho\u1eb7c c\u00e1c v\u1eadt ph\u1ea9m c\u1ea7n d\u1ec5 quan s\u00e1t. C\u00e1nh k\u00ednh trong su\u1ed1t gi\u00fap ng\u01b0\u1eddi d\u00f9ng nhanh ch\u00f3ng nh\u1eadn bi\u1ebft v\u1ecb tr\u00ed t\u00e0i li\u1ec7u, ti\u1ebft ki\u1ec7m th\u1eddi gian t\u00ecm ki\u1ebfm v\u00e0 t\u0103ng t\u00ednh chuy\u00ean nghi\u1ec7p cho kh\u00f4ng gian l\u00e0m vi\u1ec7c. B\u00ean c\u1ea1nh \u0111\u00f3, khung th\u00e9p bao quanh k\u00ednh t\u0103ng c\u01b0\u1eddng \u0111\u1ed9 b\u1ec1n, \u0111\u1ea3m b\u1ea3o an to\u00e0n trong su\u1ed1t qu\u00e1 tr\u00ecnh s\u1eed d\u1ee5ng.<\/p>\n<p data-start=\"1535\" data-end=\"1972\">Khoang d\u01b0\u1edbi c\u1ee7a t\u1ee7 h\u1ed3 s\u01a1 TU09K3PCK s\u1eed d\u1ee5ng 2 c\u00e1nh s\u1eaft m\u1edf v\u1edbi thi\u1ebft k\u1ebf k\u00edn \u0111\u00e1o, ph\u00f9 h\u1ee3p \u0111\u1ec3 l\u01b0u tr\u1eef c\u00e1c lo\u1ea1i h\u1ed3 s\u01a1 n\u1ed9i b\u1ed9, v\u1eadt d\u1ee5ng v\u0103n ph\u00f2ng ho\u1eb7c nh\u1eefng t\u00e0i li\u1ec7u kh\u00f4ng c\u1ea7n tr\u01b0ng b\u00e0y. Ch\u1ea5t li\u1ec7u th\u00e9p s\u01a1n t\u0129nh \u0111i\u1ec7n \u0111\u1ea3m b\u1ea3o kh\u1ea3 n\u0103ng ch\u1ed1ng g\u1ec9 s\u00e9t, ch\u1ed1ng \u1ea9m m\u1ed1c v\u00e0 ch\u1ed1ng m\u1ed1i m\u1ecdt v\u01b0\u1ee3t tr\u1ed9i, gi\u00fap b\u1ea3o qu\u1ea3n t\u00e0i li\u1ec7u t\u1ed1t h\u01a1n so v\u1edbi t\u1ee7 g\u1ed7 th\u00f4ng th\u01b0\u1eddng. \u0110i\u1ec1u n\u00e0y \u0111\u1eb7c bi\u1ec7t quan tr\u1ecdng v\u1edbi m\u00f4i tr\u01b0\u1eddng v\u0103n ph\u00f2ng c\u00f3 l\u01b0\u1ee3ng t\u00e0i li\u1ec7u l\u1edbn ho\u1eb7c l\u01b0u tr\u1eef l\u00e2u d\u00e0i.<\/p>\n<p data-start=\"1974\" data-end=\"2338\">To\u00e0n b\u1ed9 t\u1ee7 \u0111\u01b0\u1ee3c ch\u1ebf t\u1ea1o t\u1eeb th\u00e9p ch\u1ea5t l\u01b0\u1ee3ng cao, ph\u1ee7 s\u01a1n t\u0129nh \u0111i\u1ec7n b\u1ec1n \u0111\u1eb9p, gi\u1eef m\u00e0u l\u00e2u, \u00edt b\u00e1m b\u1ee5i v\u00e0 d\u1ec5 lau ch\u00f9i. Nh\u1edd l\u1edbp s\u01a1n n\u00e0y, t\u1ee7 lu\u00f4n gi\u1eef \u0111\u01b0\u1ee3c v\u1ebb ngo\u00e0i m\u1edbi m\u1ebb, s\u1ea1ch s\u1ebd ngay c\u1ea3 khi s\u1eed d\u1ee5ng trong th\u1eddi gian d\u00e0i. Ki\u1ec3u d\u00e1ng t\u1ee7 \u0111\u01a1n gi\u1ea3n nh\u01b0ng hi\u1ec7n \u0111\u1ea1i, ph\u00f9 h\u1ee3p v\u1edbi nhi\u1ec1u phong c\u00e1ch thi\u1ebft k\u1ebf n\u1ed9i th\u1ea5t v\u0103n ph\u00f2ng, t\u1eeb truy\u1ec1n th\u1ed1ng \u0111\u1ebfn kh\u00f4ng gian chuy\u00ean nghi\u1ec7p cao c\u1ea5p.<\/p>\n<p data-start=\"2340\" data-end=\"2768\">V\u1edbi k\u00edch th\u01b0\u1edbc W1000 x D450 x H1830 mm, t\u1ee7 h\u1ed3 s\u01a1 TU09K3PCK \u0111\u1ea3m b\u1ea3o s\u1ee9c ch\u1ee9a l\u1edbn nh\u01b0ng v\u1eabn gi\u1eef \u0111\u01b0\u1ee3c s\u1ef1 g\u1ecdn g\u00e0ng v\u00e0 d\u1ec5 b\u1ed1 tr\u00ed. Chi\u1ec1u r\u1ed9ng 1000 mm gi\u00fap t\u1ee7 ch\u1ee9a \u0111\u01b0\u1ee3c nhi\u1ec1u t\u00e0i li\u1ec7u h\u01a1n so v\u1edbi c\u00e1c m\u1eabu t\u1ee7 h\u1eb9p, trong khi chi\u1ec1u s\u00e2u v\u00e0 chi\u1ec1u cao ti\u00eau chu\u1ea9n cho ph\u00e9p s\u1ea3n ph\u1ea9m ph\u00f9 h\u1ee3p v\u1edbi h\u1ea7u h\u1ebft c\u00e1c kh\u00f4ng gian v\u0103n ph\u00f2ng. T\u1ee7 c\u00f3 th\u1ec3 \u0111\u1eb7t t\u1ea1i ph\u00f2ng l\u00e0m vi\u1ec7c, ph\u00f2ng h\u00e0nh ch\u00ednh, ph\u00f2ng gi\u00e1m \u0111\u1ed1c ho\u1eb7c khu v\u1ef1c ti\u1ebfp kh\u00e1ch t\u00f9y v\u00e0o m\u1ee5c \u0111\u00edch s\u1eed d\u1ee5ng.<\/p>\n<p data-start=\"2770\" data-end=\"3030\">K\u1ebft c\u1ea5u t\u1ee7 v\u1eefng ch\u1eafc, c\u00e1nh m\u1edf nh\u1eb9 nh\u00e0ng, b\u1ea3n l\u1ec1 b\u1ec1n b\u1ec9 gi\u00fap gia t\u0103ng tu\u1ed5i th\u1ecd v\u00e0 mang \u0111\u1ebfn tr\u1ea3i nghi\u1ec7m s\u1eed d\u1ee5ng \u1ed5n \u0111\u1ecbnh. T\u1ee7 c\u0169ng h\u1ed7 tr\u1ee3 doanh nghi\u1ec7p qu\u1ea3n l\u00fd t\u00e0i li\u1ec7u hi\u1ec7u qu\u1ea3 h\u01a1n, nh\u1edd kh\u1ea3 n\u0103ng ph\u00e2n chia kh\u00f4ng gian r\u00f5 r\u00e0ng gi\u1eefa ph\u1ea7n tr\u01b0ng b\u00e0y v\u00e0 ph\u1ea7n l\u01b0u tr\u1eef k\u00edn.<\/p>\n<p data-start=\"3032\" data-end=\"3344\" data-is-last-node=\"\" data-is-only-node=\"\">N\u1ebfu b\u1ea1n \u0111ang t\u00ecm ki\u1ebfm m\u1ed9t m\u1eabu t\u1ee7 h\u1ed3 s\u01a1 th\u00e9p s\u01a1n t\u0129nh \u0111i\u1ec7n v\u1eeba b\u1ec1n, v\u1eeba ti\u1ec7n d\u1ee5ng l\u1ea1i c\u00f3 t\u00ednh th\u1ea9m m\u1ef9 cao th\u00ec t\u1ee7 h\u1ed3 s\u01a1 TU09K3PCK ch\u00ednh l\u00e0 l\u1ef1a ch\u1ecdn \u0111\u00e1ng \u0111\u1ea7u t\u01b0. S\u1ea3n ph\u1ea9m gi\u00fap kh\u00f4ng gian l\u00e0m vi\u1ec7c c\u1ee7a b\u1ea1n tr\u1edf n\u00ean chuy\u00ean nghi\u1ec7p, ng\u0103n n\u1eafp v\u00e0 khoa h\u1ecdc h\u01a1n, \u0111\u1ed3ng th\u1eddi t\u1ed1i \u01b0u h\u00f3a kh\u1ea3 n\u0103ng l\u01b0u tr\u1eef trong nhi\u1ec1u n\u0103m s\u1eed d\u1ee5ng.<\/p>\n","protected":false},"excerpt":{"rendered":"<p data-start=\"24\" data-end=\"627\">T\u1ee7 h\u1ed3 s\u01a1 TU09K3PCK l\u00e0 m\u1eabu t\u1ee7 s\u1eaft s\u01a1n t\u0129nh \u0111i\u1ec7n thi\u1ebft k\u1ebf ti\u1ec7n d\u1ee5ng v\u1edbi khoang tr\u00ean g\u1ed3m 2 \u0111\u1ee3t c\u1ed1 \u0111\u1ecbnh s\u1eed d\u1ee5ng khung c\u00e1nh k\u00ednh m\u1edf v\u00e0 khoang d\u01b0\u1edbi l\u00e0 2 c\u00e1nh s\u1eaft m\u1edf ch\u1eafc ch\u1eafn, ph\u00f9 h\u1ee3p cho nhi\u1ec1u nhu c\u1ea7u l\u01b0u tr\u1eef v\u00e0 tr\u01b0ng b\u00e0y t\u00e0i li\u1ec7u.<br data-start=\"281\" data-end=\"284\" \/>K\u00edch th\u01b0\u1edbc: W1000 x D450 x H1830 (mm)<br data-start=\"321\" data-end=\"324\" \/>Xu\u1ea5t x\u1ee9: S\u1ea3n ph\u1ea9m c\u1ee7a c\u00f4ng ty <strong data-start=\"354\" data-end=\"374\">N\u1ed8I TH\u1ea4T THE ONE<\/strong> \u2013 Ph\u00e2n ph\u1ed1i b\u1edfi <strong data-start=\"391\" data-end=\"427\">C\u00d4NG TY TNHH SXTM TTNT H\u1eeeU TH\u1ecaNH<\/strong><br data-start=\"427\" data-end=\"430\" \/>B\u1ea3o h\u00e0nh: 12 th\u00e1ng theo ti\u00eau chu\u1ea9n nh\u00e0 m\u00e1y<br data-start=\"472\" data-end=\"475\" \/><span style=\"color: #ed1c24;\"><em data-start=\"475\" data-end=\"627\">L\u01b0u \u00fd: Gi\u00e1 tr\u00ean ch\u01b0a bao g\u1ed3m VAT v\u00e0 ph\u00ed v\u1eadn chuy\u1ec3n. Gi\u00e1 s\u1ea3n ph\u1ea9m c\u00f3 th\u1ec3 thay \u0111\u1ed5i theo t\u1eebng th\u1eddi \u0111i\u1ec3m, vui l\u00f2ng li\u00ean h\u1ec7 \u0111\u1ec3 nh\u1eadn t\u01b0 v\u1ea5n \u01b0u \u0111\u00e3i t\u1ed1t nh\u1ea5t.<\/em><\/span><\/p>\n","protected":false},"featured_media":4434,"comment_status":"open","ping_status":"closed","template":"","meta":[],"product_brand":[],"product_cat":[17,761],"product_tag":[],"class_list":{"0":"post-4433","1":"product","2":"type-product","3":"status-publish","4":"has-post-thumbnail","6":"product_cat-noi-that-van-phong","7":"product_cat-tu-sat-van-phong","9":"first","10":"instock","11":"shipping-taxable","12":"purchasable","13":"product-type-simple"},"_links":{"self":[{"href":"https:\/\/noithathuuthinh.vn\/zh-hans\/wp-json\/wp\/v2\/product\/4433","targetHints":{"allow":["GET"]}}],"collection":[{"href":"https:\/\/noithathuuthinh.vn\/zh-hans\/wp-json\/wp\/v2\/product"}],"about":[{"href":"https:\/\/noithathuuthinh.vn\/zh-hans\/wp-json\/wp\/v2\/types\/product"}],"replies":[{"embeddable":true,"href":"https:\/\/noithathuuthinh.vn\/zh-hans\/wp-json\/wp\/v2\/comments?post=4433"}],"wp:featuredmedia":[{"embeddable":true,"href":"https:\/\/noithathuuthinh.vn\/zh-hans\/wp-json\/wp\/v2\/media\/4434"}],"wp:attachment":[{"href":"https:\/\/noithathuuthinh.vn\/zh-hans\/wp-json\/wp\/v2\/media?parent=4433"}],"wp:term":[{"taxonomy":"product_brand","embeddable":true,"href":"https:\/\/noithathuuthinh.vn\/zh-hans\/wp-json\/wp\/v2\/product_brand?post=4433"},{"taxonomy":"product_cat","embeddable":true,"href":"https:\/\/noithathuuthinh.vn\/zh-hans\/wp-json\/wp\/v2\/product_cat?post=4433"},{"taxonomy":"product_tag","embeddable":true,"href":"https:\/\/noithathuuthinh.vn\/zh-hans\/wp-json\/wp\/v2\/product_tag?post=4433"}],"curies":[{"name":"wp","href":"https:\/\/api.w.org\/{rel}","templated":true}]}}