{"id":4435,"date":"2025-11-24T13:40:43","date_gmt":"2025-11-24T06:40:43","guid":{"rendered":"https:\/\/noithathuuthinh.vn\/?post_type=product&#038;p=4435"},"modified":"2025-11-24T13:40:43","modified_gmt":"2025-11-24T06:40:43","slug":"tu-ho-so-tu09k3gpck","status":"publish","type":"product","link":"https:\/\/noithathuuthinh.vn\/zh-hans\/san-pham\/tu-ho-so-tu09k3gpck\/","title":{"rendered":"T\u1ee7 h\u1ed3 s\u01a1 TU09K3GPCK"},"content":{"rendered":"<p data-start=\"643\" data-end=\"1082\">T\u1ee7 h\u1ed3 s\u01a1 TU09K3GPCK l\u00e0 gi\u1ea3i ph\u00e1p l\u01b0u tr\u1eef k\u1ebft h\u1ee3p tr\u01b0ng b\u00e0y l\u00fd t\u01b0\u1edfng cho c\u00e1c v\u0103n ph\u00f2ng hi\u1ec7n \u0111\u1ea1i mong mu\u1ed1n t\u1ed1i \u01b0u h\u00f3a kh\u00f4ng gian l\u00e0m vi\u1ec7c. V\u1edbi thi\u1ebft k\u1ebf chia khoang r\u00f5 r\u00e0ng, g\u1ed3m khoang tr\u00ean s\u1eed d\u1ee5ng c\u00e1nh k\u00ednh l\u00f9a ti\u1ec7n d\u1ee5ng v\u00e0 khoang d\u01b0\u1edbi l\u00e0 h\u1ec7 c\u00e1nh s\u1eaft m\u1edf b\u1ec1n ch\u1eafc, s\u1ea3n ph\u1ea9m \u0111\u00e1p \u1ee9ng \u0111a d\u1ea1ng nhu c\u1ea7u qu\u1ea3n l\u00fd h\u1ed3 s\u01a1, tr\u01b0ng b\u00e0y t\u00e0i li\u1ec7u ho\u1eb7c b\u1ea3o qu\u1ea3n c\u00e1c v\u1eadt d\u1ee5ng quan tr\u1ecdng theo c\u00e1ch khoa h\u1ecdc v\u00e0 an to\u00e0n.<\/p>\n<p data-start=\"1084\" data-end=\"1662\">Khoang tr\u00ean c\u1ee7a t\u1ee7 \u0111\u01b0\u1ee3c thi\u1ebft k\u1ebf v\u1edbi 2 \u0111\u1ee3t c\u1ed1 \u0111\u1ecbnh, gi\u00fap ng\u01b0\u1eddi d\u00f9ng d\u1ec5 d\u00e0ng ph\u00e2n lo\u1ea1i t\u00e0i li\u1ec7u, tr\u01b0ng b\u00e0y s\u1ea3n ph\u1ea9m, c\u00fap l\u01b0u ni\u1ec7m ho\u1eb7c c\u00e1c t\u00e0i li\u1ec7u tham kh\u1ea3o th\u01b0\u1eddng xuy\u00ean s\u1eed d\u1ee5ng. C\u00e1nh k\u00ednh l\u00f9a l\u00e0 \u0111i\u1ec3m nh\u1ea5n n\u1ed5i b\u1eadt c\u1ee7a TU09K3GPCK, \u0111em l\u1ea1i s\u1ef1 ti\u1ec7n l\u1ee3i v\u01b0\u1ee3t tr\u1ed9i so v\u1edbi c\u00e1nh m\u1edf truy\u1ec1n th\u1ed1ng. Thi\u1ebft k\u1ebf l\u00f9a gi\u00fap ti\u1ebft ki\u1ec7m kh\u00f4ng gian ph\u00eda tr\u01b0\u1edbc t\u1ee7, \u0111\u1eb7c bi\u1ec7t ph\u00f9 h\u1ee3p v\u1edbi nh\u1eefng v\u0103n ph\u00f2ng c\u00f3 di\u1ec7n t\u00edch h\u1ea1n ch\u1ebf ho\u1eb7c khu v\u1ef1c nhi\u1ec1u l\u01b0u th\u00f4ng. Khung th\u00e9p ch\u1eafc ch\u1eafn k\u1ebft h\u1ee3p k\u00ednh trong su\u1ed1t t\u1ea1o n\u00ean s\u1ef1 hi\u1ec7n \u0111\u1ea1i, \u0111\u1ed3ng th\u1eddi b\u1ea3o v\u1ec7 t\u1ed1t c\u00e1c t\u00e0i li\u1ec7u b\u00ean trong m\u00e0 v\u1eabn d\u1ec5 d\u00e0ng quan s\u00e1t t\u1eeb b\u00ean ngo\u00e0i.<\/p>\n<p data-start=\"1664\" data-end=\"2134\">Khoang d\u01b0\u1edbi c\u1ee7a t\u1ee7 h\u1ed3 s\u01a1 TU09K3GPCK s\u1eed d\u1ee5ng 2 c\u00e1nh s\u1eaft m\u1edf b\u1ec1n b\u1ec9, gi\u00fap l\u01b0u tr\u1eef nh\u1eefng t\u00e0i li\u1ec7u quan tr\u1ecdng ho\u1eb7c nh\u1eefng v\u1eadt d\u1ee5ng kh\u00f4ng c\u1ea7n tr\u01b0ng b\u00e0y. Ch\u1ea5t li\u1ec7u s\u1eaft s\u01a1n t\u0129nh \u0111i\u1ec7n cao c\u1ea5p mang \u0111\u1ebfn \u0111\u1ed9 b\u1ec1n t\u1ed1i \u01b0u, ch\u1ed1ng oxy h\u00f3a, ch\u1ed1ng tr\u1ea7y x\u01b0\u1edbc v\u00e0 h\u1ea1n ch\u1ebf b\u00e1m b\u1ee5i, gi\u1eef cho t\u1ee7 lu\u00f4n s\u1ea1ch \u0111\u1eb9p v\u00e0 b\u1ec1n m\u00e0u theo th\u1eddi gian. \u0110\u00e2y c\u0169ng l\u00e0 \u0111\u1eb7c \u0111i\u1ec3m n\u1ed5i b\u1eadt gi\u00fap t\u1ee7 th\u00e9p tr\u1edf th\u00e0nh l\u1ef1a ch\u1ecdn \u0111\u01b0\u1ee3c nhi\u1ec1u doanh nghi\u1ec7p tin d\u00f9ng h\u01a1n so v\u1edbi c\u00e1c d\u00f2ng t\u1ee7 g\u1ed7 trong m\u00f4i tr\u01b0\u1eddng c\u1ea7n l\u01b0u tr\u1eef nhi\u1ec1u h\u1ed3 s\u01a1.<\/p>\n<p data-start=\"2136\" data-end=\"2559\">Thi\u1ebft k\u1ebf t\u1ed5ng th\u1ec3 c\u1ee7a t\u1ee7 h\u00e0i h\u00f2a gi\u1eefa y\u1ebfu t\u1ed1 th\u1ea9m m\u1ef9 v\u00e0 c\u00f4ng n\u0103ng. V\u1edbi chi\u1ec1u r\u1ed9ng 1000 mm, t\u1ee7 c\u00f3 s\u1ee9c ch\u1ee9a l\u1edbn h\u01a1n so v\u1edbi c\u00e1c m\u1eabu t\u1ee7 ti\u00eau chu\u1ea9n 915 mm, gi\u00fap l\u01b0u tr\u1eef \u0111\u01b0\u1ee3c nhi\u1ec1u h\u1ed3 s\u01a1 h\u01a1n m\u00e0 v\u1eabn \u0111\u1ea3m b\u1ea3o t\u00ednh g\u1ecdn g\u00e0ng. Chi\u1ec1u s\u00e2u 450 mm v\u00e0 chi\u1ec1u cao 1830 mm ph\u00f9 h\u1ee3p v\u1edbi h\u1ea7u h\u1ebft c\u00e1c kh\u00f4ng gian l\u00e0m vi\u1ec7c hi\u1ec7n nay, d\u1ec5 d\u00e0ng b\u1ed1 tr\u00ed t\u1ea1i ph\u00f2ng nh\u00e2n s\u1ef1, ph\u00f2ng k\u1ebf to\u00e1n, ph\u00f2ng \u0111i\u1ec1u h\u00e0nh, ph\u00f2ng l\u01b0u tr\u1eef ho\u1eb7c n\u01a1i c\u00f4ng c\u1ed9ng c\u1ee7a doanh nghi\u1ec7p.<\/p>\n<p data-start=\"2561\" data-end=\"2843\">C\u00e1c chi ti\u1ebft c\u1ee7a t\u1ee7 \u0111\u01b0\u1ee3c s\u1ea3n xu\u1ea5t v\u1edbi \u0111\u1ed9 ch\u00ednh x\u00e1c cao, khung th\u00e9p li\u1ec1n kh\u1ed1i ch\u1eafc ch\u1eafn, b\u1ea3n l\u1ec1 ho\u1ea1t \u0111\u1ed9ng tr\u01a1n tru, \u0111\u1ea3m b\u1ea3o tu\u1ed5i th\u1ecd s\u1eed d\u1ee5ng l\u00e2u d\u00e0i. C\u00e1nh k\u00ednh l\u00f9a \u0111\u00f3ng m\u1edf nh\u1eb9 nh\u00e0ng, kh\u00f4ng g\u00e2y ti\u1ebfng \u1ed3n, mang l\u1ea1i tr\u1ea3i nghi\u1ec7m s\u1eed d\u1ee5ng tho\u1ea3i m\u00e1i v\u00e0 chuy\u00ean nghi\u1ec7p cho nh\u00e2n vi\u00ean v\u0103n ph\u00f2ng.<\/p>\n<p data-start=\"2845\" data-end=\"3115\">B\u00ean c\u1ea1nh \u0111\u00f3, t\u1ee7 h\u1ed3 s\u01a1 TU09K3GPCK c\u00f2n gi\u00fap n\u00e2ng cao t\u00ednh th\u1ea9m m\u1ef9 c\u1ee7a kh\u00f4ng gian l\u00e0m vi\u1ec7c v\u1edbi m\u00e0u s\u1eafc hi\u1ec7n \u0111\u1ea1i, d\u1ec5 k\u1ebft h\u1ee3p v\u1edbi c\u00e1c lo\u1ea1i b\u00e0n gh\u1ebf, t\u1ee7 ph\u1ee5 v\u00e0 decor v\u0103n ph\u00f2ng. Vi\u1ec7c v\u1ec7 sinh c\u0169ng r\u1ea5t \u0111\u01a1n gi\u1ea3n nh\u1edd l\u1edbp s\u01a1n t\u0129nh \u0111i\u1ec7n m\u1ecbn, \u00edt b\u00e1m b\u1ee5i v\u00e0 d\u1ec5 lau ch\u00f9i ch\u1ec9 v\u1edbi kh\u0103n \u1ea9m.<\/p>\n<p data-start=\"3117\" data-end=\"3489\" data-is-last-node=\"\" data-is-only-node=\"\">N\u1ebfu doanh nghi\u1ec7p c\u1ee7a b\u1ea1n \u0111ang t\u00ecm m\u1ed9t m\u1eabu t\u1ee7 v\u1eeba c\u00f3 kh\u1ea3 n\u0103ng tr\u01b0ng b\u00e0y, v\u1eeba l\u01b0u tr\u1eef hi\u1ec7u qu\u1ea3, l\u1ea1i \u0111\u1ea3m b\u1ea3o \u0111\u1ed9 b\u1ec1n v\u01b0\u1ee3t tr\u1ed9i th\u00ec t\u1ee7 h\u1ed3 s\u01a1 TU09K3GPCK ch\u1eafc ch\u1eafn l\u00e0 s\u1ef1 l\u1ef1a ch\u1ecdn \u0111\u00e1ng \u0111\u1ea7u t\u01b0. S\u1ea3n ph\u1ea9m kh\u00f4ng ch\u1ec9 mang \u0111\u1ebfn s\u1ef1 g\u1ecdn g\u00e0ng, chuy\u00ean nghi\u1ec7p m\u00e0 c\u00f2n t\u1ed1i \u01b0u h\u00f3a quy tr\u00ecnh qu\u1ea3n l\u00fd t\u00e0i li\u1ec7u cho v\u0103n ph\u00f2ng, g\u00f3p ph\u1ea7n x\u00e2y d\u1ef1ng m\u00f4i tr\u01b0\u1eddng l\u00e0m vi\u1ec7c khoa h\u1ecdc v\u00e0 hi\u1ec7u qu\u1ea3 h\u01a1n m\u1ed7i ng\u00e0y.<\/p>\n","protected":false},"excerpt":{"rendered":"<p>T\u1ee7 h\u1ed3 s\u01a1 TU09K3GPCK l\u00e0 m\u1eabu t\u1ee7 s\u1eaft s\u01a1n t\u0129nh \u0111i\u1ec7n thi\u1ebft k\u1ebf k\u1ebft h\u1ee3p gi\u1eefa khoang tr\u00ean c\u00e1nh k\u00ednh l\u00f9a v\u1edbi 2 \u0111\u1ee3t c\u1ed1 \u0111\u1ecbnh v\u00e0 khoang d\u01b0\u1edbi g\u1ed3m 2 c\u00e1nh s\u1eaft m\u1edf, ph\u00f9 h\u1ee3p cho nhu c\u1ea7u l\u01b0u tr\u1eef v\u00e0 tr\u01b0ng b\u00e0y t\u00e0i li\u1ec7u trong kh\u00f4ng gian v\u0103n ph\u00f2ng hi\u1ec7n \u0111\u1ea1i.<br data-start=\"290\" data-end=\"293\" \/>K\u00edch th\u01b0\u1edbc: W1000 x D450 x H1830 (mm)<br data-start=\"330\" data-end=\"333\" \/>Xu\u1ea5t x\u1ee9: S\u1ea3n ph\u1ea9m c\u1ee7a c\u00f4ng ty <strong data-start=\"363\" data-end=\"383\">N\u1ed8I TH\u1ea4T THE ONE<\/strong> \u2013 Ph\u00e2n ph\u1ed1i b\u1edfi <strong data-start=\"400\" data-end=\"436\">C\u00d4NG TY TNHH SXTM TTNT H\u1eeeU TH\u1ecaNH<\/strong><br data-start=\"436\" data-end=\"439\" \/>B\u1ea3o h\u00e0nh: 12 th\u00e1ng theo ti\u00eau chu\u1ea9n nh\u00e0 m\u00e1y<br data-start=\"481\" data-end=\"484\" \/><span style=\"color: #ed1c24;\"><em data-start=\"484\" data-end=\"636\">L\u01b0u \u00fd: Gi\u00e1 tr\u00ean ch\u01b0a bao g\u1ed3m VAT v\u00e0 ph\u00ed v\u1eadn chuy\u1ec3n. Gi\u00e1 s\u1ea3n ph\u1ea9m c\u00f3 th\u1ec3 thay \u0111\u1ed5i theo t\u1eebng th\u1eddi \u0111i\u1ec3m, vui l\u00f2ng li\u00ean h\u1ec7 \u0111\u1ec3 nh\u1eadn t\u01b0 v\u1ea5n \u01b0u \u0111\u00e3i t\u1ed1t nh\u1ea5t.<\/em><\/span><\/p>\n","protected":false},"featured_media":4436,"comment_status":"open","ping_status":"closed","template":"","meta":[],"product_brand":[],"product_cat":[17,761],"product_tag":[],"class_list":{"0":"post-4435","1":"product","2":"type-product","3":"status-publish","4":"has-post-thumbnail","6":"product_cat-noi-that-van-phong","7":"product_cat-tu-sat-van-phong","9":"first","10":"instock","11":"shipping-taxable","12":"purchasable","13":"product-type-simple"},"_links":{"self":[{"href":"https:\/\/noithathuuthinh.vn\/zh-hans\/wp-json\/wp\/v2\/product\/4435","targetHints":{"allow":["GET"]}}],"collection":[{"href":"https:\/\/noithathuuthinh.vn\/zh-hans\/wp-json\/wp\/v2\/product"}],"about":[{"href":"https:\/\/noithathuuthinh.vn\/zh-hans\/wp-json\/wp\/v2\/types\/product"}],"replies":[{"embeddable":true,"href":"https:\/\/noithathuuthinh.vn\/zh-hans\/wp-json\/wp\/v2\/comments?post=4435"}],"wp:featuredmedia":[{"embeddable":true,"href":"https:\/\/noithathuuthinh.vn\/zh-hans\/wp-json\/wp\/v2\/media\/4436"}],"wp:attachment":[{"href":"https:\/\/noithathuuthinh.vn\/zh-hans\/wp-json\/wp\/v2\/media?parent=4435"}],"wp:term":[{"taxonomy":"product_brand","embeddable":true,"href":"https:\/\/noithathuuthinh.vn\/zh-hans\/wp-json\/wp\/v2\/product_brand?post=4435"},{"taxonomy":"product_cat","embeddable":true,"href":"https:\/\/noithathuuthinh.vn\/zh-hans\/wp-json\/wp\/v2\/product_cat?post=4435"},{"taxonomy":"product_tag","embeddable":true,"href":"https:\/\/noithathuuthinh.vn\/zh-hans\/wp-json\/wp\/v2\/product_tag?post=4435"}],"curies":[{"name":"wp","href":"https:\/\/api.w.org\/{rel}","templated":true}]}}