{"id":4437,"date":"2025-11-24T13:50:49","date_gmt":"2025-11-24T06:50:49","guid":{"rendered":"https:\/\/noithathuuthinh.vn\/?post_type=product&#038;p=4437"},"modified":"2025-11-24T13:50:49","modified_gmt":"2025-11-24T06:50:49","slug":"tu-ho-so-tu09k3bpck","status":"publish","type":"product","link":"https:\/\/noithathuuthinh.vn\/zh-hans\/san-pham\/tu-ho-so-tu09k3bpck\/","title":{"rendered":"T\u1ee7 h\u1ed3 s\u01a1 TU09K3BPCK"},"content":{"rendered":"<p data-start=\"629\" data-end=\"1018\">T\u1ee7 h\u1ed3 s\u01a1 TU09K3BPCK l\u00e0 l\u1ef1a ch\u1ecdn l\u00fd t\u01b0\u1edfng cho c\u00e1c v\u0103n ph\u00f2ng hi\u1ec7n \u0111\u1ea1i \u0111ang t\u00ecm ki\u1ebfm m\u1ed9t gi\u1ea3i ph\u00e1p l\u01b0u tr\u1eef g\u1ecdn g\u00e0ng, ti\u1ec7n l\u1ee3i v\u00e0 b\u1ec1n b\u1ec9 theo th\u1eddi gian. V\u1edbi thi\u1ebft k\u1ebf chia l\u00e0m hai ph\u1ea7n ri\u00eang bi\u1ec7t, m\u1eabu t\u1ee7 mang \u0111\u1ebfn s\u1ef1 linh ho\u1ea1t t\u1ed1i \u0111a trong qu\u00e1 tr\u00ecnh s\u1eafp x\u1ebfp v\u00e0 b\u1ea3o qu\u1ea3n t\u00e0i li\u1ec7u, \u0111\u1ed3ng th\u1eddi gi\u00fap kh\u00f4ng gian l\u00e0m vi\u1ec7c tr\u1edf n\u00ean chuy\u00ean nghi\u1ec7p v\u00e0 ng\u0103n n\u1eafp h\u01a1n.<\/p>\n<p data-start=\"1020\" data-end=\"1614\">\u1ede ph\u1ea7n tr\u00ean, t\u1ee7 \u0111\u01b0\u1ee3c trang b\u1ecb h\u1ec7 th\u1ed1ng <strong data-start=\"1059\" data-end=\"1082\">khung c\u00e1nh k\u00ednh l\u00f9a<\/strong> k\u1ebft h\u1ee3p hai \u0111\u1ee3t c\u1ed1 \u0111\u1ecbnh, gi\u00fap ng\u01b0\u1eddi d\u00f9ng d\u1ec5 d\u00e0ng quan s\u00e1t t\u00e0i li\u1ec7u b\u00ean trong m\u00e0 kh\u00f4ng c\u1ea7n m\u1edf t\u1ee7. C\u00e1nh k\u00ednh l\u00f9a l\u00e0 m\u1ed9t \u01b0u \u0111i\u1ec3m l\u1edbn v\u00ec kh\u00f4ng chi\u1ebfm nhi\u1ec1u di\u1ec7n t\u00edch khi thao t\u00e1c, ph\u00f9 h\u1ee3p v\u1edbi c\u00e1c v\u0103n ph\u00f2ng nh\u1ecf, khu v\u1ef1c s\u00e1t t\u01b0\u1eddng ho\u1eb7c l\u1ed1i \u0111i h\u1eb9p. T\u1ea5m k\u00ednh d\u00e0y 3mm \u0111\u1ea3m b\u1ea3o \u0111\u1ed9 b\u1ec1n, kh\u00f4ng b\u1ecb cong v\u00eanh, gi\u00fap t\u1ee7 lu\u00f4n s\u00e1ng v\u00e0 \u0111\u1eb9p trong su\u1ed1t qu\u00e1 tr\u00ecnh s\u1eed d\u1ee5ng. \u0110\u00e2y l\u00e0 khu v\u1ef1c r\u1ea5t th\u00edch h\u1ee3p \u0111\u1ec3 l\u01b0u tr\u1eef h\u1ed3 s\u01a1 th\u01b0\u1eddng xuy\u00ean s\u1eed d\u1ee5ng, c\u00e1c lo\u1ea1i b\u00eca c\u00f2ng, h\u1ee3p \u0111\u1ed3ng, t\u00e0i li\u1ec7u quan tr\u1ecdng ho\u1eb7c tr\u01b0ng b\u00e0y s\u1ed5 s\u00e1ch, v\u1eadt d\u1ee5ng mang t\u00ednh nh\u1eadn di\u1ec7n th\u01b0\u01a1ng hi\u1ec7u.<\/p>\n<p data-start=\"1616\" data-end=\"2134\">Khoang d\u01b0\u1edbi c\u1ee7a t\u1ee7 h\u1ed3 s\u01a1 TU09K3BPCK \u0111\u01b0\u1ee3c thi\u1ebft k\u1ebf v\u1edbi <strong data-start=\"1670\" data-end=\"1688\">2 c\u00e1nh s\u1eaft l\u00f9a<\/strong>, t\u0103ng c\u01b0\u1eddng \u0111\u1ed9 k\u00edn v\u00e0 an to\u00e0n khi b\u1ea3o qu\u1ea3n c\u00e1c t\u00e0i li\u1ec7u c\u00f3 t\u00ednh b\u1ea3o m\u1eadt cao ho\u1eb7c \u00edt s\u1eed d\u1ee5ng. C\u00e1nh t\u1ee7 s\u1eaft l\u00f9a v\u1eadn h\u00e0nh nh\u1eb9 nh\u00e0ng nh\u1edd h\u1ec7 th\u1ed1ng ray tr\u01b0\u1ee3t ch\u1eafc ch\u1eafn, gi\u00fap k\u00e9o m\u1edf \u00eam \u00e1i, h\u1ea1n ch\u1ebf k\u1eb9t ray v\u00e0 \u0111\u1ea3m b\u1ea3o tu\u1ed5i th\u1ecd l\u00e2u d\u00e0i. Kh\u00f4ng gi\u1ed1ng nh\u01b0 c\u00e1nh m\u1edf truy\u1ec1n th\u1ed1ng, c\u00e1nh l\u00f9a kh\u00f4ng g\u00e2y v\u01b0\u1edbng v\u00edu, ph\u00f9 h\u1ee3p v\u1edbi kh\u00f4ng gian \u0111\u00f4ng ng\u01b0\u1eddi ho\u1eb7c khu v\u1ef1c c\u00f3 m\u1eadt \u0111\u1ed9 di chuy\u1ec3n nhi\u1ec1u. \u0110\u00e2y c\u0169ng l\u00e0 \u0111i\u1ec3m m\u1ea1nh c\u1ee7a d\u00f2ng t\u1ee7 s\u1eaft TU09 n\u00f3i chung v\u00e0 TU09K3BPCK n\u00f3i ri\u00eang.<\/p>\n<p data-start=\"2136\" data-end=\"2477\">To\u00e0n b\u1ed9 th\u00e2n t\u1ee7 \u0111\u01b0\u1ee3c ph\u1ee7 <strong data-start=\"2161\" data-end=\"2186\">s\u01a1n t\u0129nh \u0111i\u1ec7n cao c\u1ea5p<\/strong>, ch\u1ecbu \u0111\u01b0\u1ee3c t\u00e1c \u0111\u1ed9ng c\u1ee7a m\u00f4i tr\u01b0\u1eddng v\u0103n ph\u00f2ng nh\u01b0 \u0111\u1ed9 \u1ea9m hay b\u1ee5i b\u1ea9n. B\u1ec1 m\u1eb7t s\u01a1n m\u1ecbn, h\u1ea1n ch\u1ebf tr\u1ea7y x\u01b0\u1edbc v\u00e0 d\u1ec5 d\u00e0ng v\u1ec7 sinh. K\u1ebft c\u1ea5u th\u00e9p ch\u1eafc ch\u1eafn gi\u00fap t\u1ee7 kh\u00f4ng b\u1ecb bi\u1ebfn d\u1ea1ng khi ch\u1ee9a nhi\u1ec1u t\u00e0i li\u1ec7u, \u0111\u1ea3m b\u1ea3o \u0111\u1ed9 b\u1ec1n v\u01b0\u1ee3t tr\u1ed9i so v\u1edbi c\u00e1c lo\u1ea1i t\u1ee7 nh\u1ef1a ho\u1eb7c t\u1ee7 g\u1ed7 c\u00f4ng nghi\u1ec7p trong c\u00f9ng ph\u00e2n kh\u00fac.<\/p>\n<p data-start=\"2479\" data-end=\"2820\">\u01afu \u0111i\u1ec3m l\u1edbn c\u1ee7a m\u1eabu t\u1ee7 n\u00e0y l\u00e0 kh\u1ea3 n\u0103ng l\u01b0u tr\u1eef l\u1edbn nh\u1edd k\u00edch th\u01b0\u1edbc ti\u00eau chu\u1ea9n W1000 x D450 x H1830 mm \u2014 v\u1eeba \u0111\u1ee7 \u0111\u1ec3 b\u1ed1 tr\u00ed trong m\u1ecdi kh\u00f4ng gian v\u0103n ph\u00f2ng, v\u1eeba \u0111\u00e1p \u1ee9ng nhu c\u1ea7u ch\u1ee9a h\u1ed3 s\u01a1 kh\u1ed1i l\u01b0\u1ee3ng l\u1edbn. C\u00e1c \u0111\u1ee3t t\u1ee7 \u0111\u01b0\u1ee3c b\u1ed1 tr\u00ed h\u1ee3p l\u00fd, gi\u00fap ph\u00e2n lo\u1ea1i t\u00e0i li\u1ec7u theo t\u1eebng nh\u00f3m, t\u1eebng ph\u00f2ng ban ho\u1eb7c m\u1ee5c \u0111\u00edch s\u1eed d\u1ee5ng, h\u1ed7 tr\u1ee3 n\u00e2ng cao hi\u1ec7u qu\u1ea3 qu\u1ea3n l\u00fd.<\/p>\n<p data-start=\"2822\" data-end=\"3268\">T\u1ee7 h\u1ed3 s\u01a1 TU09K3BPCK kh\u00f4ng ch\u1ec9 l\u00e0 m\u1ed9t s\u1ea3n ph\u1ea9m l\u01b0u tr\u1eef \u0111\u01a1n thu\u1ea7n m\u00e0 c\u00f2n l\u00e0 m\u1ed9t ph\u1ea7n c\u1ee7a h\u1ec7 th\u1ed1ng n\u1ed9i th\u1ea5t gi\u00fap n\u00e2ng t\u1ea7m h\u00ecnh \u1ea3nh doanh nghi\u1ec7p. V\u1edbi ch\u1ea5t l\u01b0\u1ee3ng \u1ed5n \u0111\u1ecbnh, thi\u1ebft k\u1ebf th\u00f4ng minh v\u00e0 \u0111\u1ed9 b\u1ec1n cao, t\u1ee7 ph\u00f9 h\u1ee3p cho v\u0103n ph\u00f2ng c\u00f4ng ty, ng\u00e2n h\u00e0ng, tr\u01b0\u1eddng h\u1ecdc, c\u01a1 quan nh\u00e0 n\u01b0\u1edbc, b\u1ec7nh vi\u1ec7n v\u00e0 nhi\u1ec1u m\u00f4 h\u00ecnh l\u00e0m vi\u1ec7c chuy\u00ean nghi\u1ec7p kh\u00e1c. Nhi\u1ec1u \u0111\u01a1n v\u1ecb \u01b0u ti\u00ean l\u1ef1a ch\u1ecdn d\u00f2ng t\u1ee7 n\u00e0y b\u1edfi s\u1ef1 tin c\u1eady, t\u00ednh th\u1ea9m m\u1ef9 v\u00e0 kh\u1ea3 n\u0103ng s\u1eed d\u1ee5ng l\u00e2u d\u00e0i m\u00e0 n\u00f3 mang l\u1ea1i.<\/p>\n<p data-start=\"3270\" data-end=\"3643\" data-is-last-node=\"\" data-is-only-node=\"\">N\u1ebfu b\u1ea1n \u0111ang t\u00ecm ki\u1ebfm m\u1ed9t m\u1eabu t\u1ee7 h\u1ed3 s\u01a1 v\u1eeba \u0111\u1eb9p, v\u1eeba b\u1ec1n, v\u1eeba t\u1ed1i \u01b0u kh\u00f4ng gian, th\u00ec TU09K3BPCK ch\u1eafc ch\u1eafn l\u00e0 l\u1ef1a ch\u1ecdn \u0111\u00e1ng c\u00e2n nh\u1eafc. S\u1ea3n ph\u1ea9m gi\u00fap doanh nghi\u1ec7p n\u00e2ng cao t\u00ednh chuy\u00ean nghi\u1ec7p trong qu\u1ea3n l\u00fd t\u00e0i li\u1ec7u, \u0111\u1ea3m b\u1ea3o s\u1ef1 g\u1ecdn g\u00e0ng v\u00e0 an to\u00e0n cho h\u1ed3 s\u01a1 quan tr\u1ecdng. Li\u00ean h\u1ec7 ngay \u0111\u1ec3 \u0111\u01b0\u1ee3c t\u01b0 v\u1ea5n chi ti\u1ebft v\u00e0 nh\u1eadn b\u00e1o gi\u00e1 \u01b0u \u0111\u00e3i t\u1ed1t nh\u1ea5t t\u1eeb <strong data-start=\"3606\" data-end=\"3642\">C\u00d4NG TY TNHH SXTM TTNT H\u1eeeU TH\u1ecaNH<\/strong>.<\/p>\n","protected":false},"excerpt":{"rendered":"<p>T\u1ee7 h\u1ed3 s\u01a1 TU09K3BPCK l\u00e0 m\u1eabu t\u1ee7 s\u1eaft s\u01a1n t\u0129nh \u0111i\u1ec7n \u0111\u01b0\u1ee3c thi\u1ebft k\u1ebf v\u1edbi s\u1ef1 k\u1ebft h\u1ee3p gi\u1eefa khoang k\u00ednh v\u00e0 khoang c\u00e1nh s\u1eaft l\u00f9a, mang \u0111\u1ebfn t\u00ednh ti\u1ec7n d\u1ee5ng cao trong l\u01b0u tr\u1eef h\u1ed3 s\u01a1 t\u1ea1i v\u0103n ph\u00f2ng.<br data-start=\"236\" data-end=\"239\" \/>K\u00edch th\u01b0\u1edbc: W1000 x D450 x H1830 (mm)<br data-start=\"276\" data-end=\"279\" \/>K\u00edch th\u01b0\u1edbc k\u00ednh: 1017 x 400 x 3 (mm)<br data-start=\"315\" data-end=\"318\" \/>Xu\u1ea5t x\u1ee9: S\u1ea3n ph\u1ea9m c\u1ee7a c\u00f4ng ty N\u1ed8I TH\u1ea4T THE ONE \u2013 Ph\u00e2n ph\u1ed1i b\u1edfi <strong data-start=\"381\" data-end=\"417\">C\u00d4NG TY TNHH SXTM TTNT H\u1eeeU TH\u1ecaNH<\/strong><br data-start=\"417\" data-end=\"420\" \/>B\u1ea3o h\u00e0nh: 12 th\u00e1ng theo ti\u00eau chu\u1ea9n nh\u00e0 m\u00e1y<br data-start=\"462\" data-end=\"465\" \/><span style=\"color: #ed1c24;\"><em data-start=\"465\" data-end=\"617\">L\u01b0u \u00fd: Gi\u00e1 tr\u00ean ch\u01b0a bao g\u1ed3m VAT v\u00e0 ph\u00ed v\u1eadn chuy\u1ec3n. Gi\u00e1 s\u1ea3n ph\u1ea9m c\u00f3 th\u1ec3 thay \u0111\u1ed5i theo t\u1eebng th\u1eddi \u0111i\u1ec3m, vui l\u00f2ng li\u00ean h\u1ec7 \u0111\u1ec3 nh\u1eadn t\u01b0 v\u1ea5n \u01b0u \u0111\u00e3i t\u1ed1t nh\u1ea5t.<\/em><\/span><\/p>\n","protected":false},"featured_media":4438,"comment_status":"open","ping_status":"closed","template":"","meta":[],"product_brand":[],"product_cat":[17,761],"product_tag":[],"class_list":{"0":"post-4437","1":"product","2":"type-product","3":"status-publish","4":"has-post-thumbnail","6":"product_cat-noi-that-van-phong","7":"product_cat-tu-sat-van-phong","9":"first","10":"instock","11":"shipping-taxable","12":"purchasable","13":"product-type-simple"},"_links":{"self":[{"href":"https:\/\/noithathuuthinh.vn\/zh-hans\/wp-json\/wp\/v2\/product\/4437","targetHints":{"allow":["GET"]}}],"collection":[{"href":"https:\/\/noithathuuthinh.vn\/zh-hans\/wp-json\/wp\/v2\/product"}],"about":[{"href":"https:\/\/noithathuuthinh.vn\/zh-hans\/wp-json\/wp\/v2\/types\/product"}],"replies":[{"embeddable":true,"href":"https:\/\/noithathuuthinh.vn\/zh-hans\/wp-json\/wp\/v2\/comments?post=4437"}],"wp:featuredmedia":[{"embeddable":true,"href":"https:\/\/noithathuuthinh.vn\/zh-hans\/wp-json\/wp\/v2\/media\/4438"}],"wp:attachment":[{"href":"https:\/\/noithathuuthinh.vn\/zh-hans\/wp-json\/wp\/v2\/media?parent=4437"}],"wp:term":[{"taxonomy":"product_brand","embeddable":true,"href":"https:\/\/noithathuuthinh.vn\/zh-hans\/wp-json\/wp\/v2\/product_brand?post=4437"},{"taxonomy":"product_cat","embeddable":true,"href":"https:\/\/noithathuuthinh.vn\/zh-hans\/wp-json\/wp\/v2\/product_cat?post=4437"},{"taxonomy":"product_tag","embeddable":true,"href":"https:\/\/noithathuuthinh.vn\/zh-hans\/wp-json\/wp\/v2\/product_tag?post=4437"}],"curies":[{"name":"wp","href":"https:\/\/api.w.org\/{rel}","templated":true}]}}