{"id":4450,"date":"2025-11-24T14:42:31","date_gmt":"2025-11-24T07:42:31","guid":{"rendered":"https:\/\/noithathuuthinh.vn\/?post_type=product&#038;p=4450"},"modified":"2025-11-24T14:42:31","modified_gmt":"2025-11-24T07:42:31","slug":"tu-ho-so-tu09k7pck","status":"publish","type":"product","link":"https:\/\/noithathuuthinh.vn\/zh-hans\/san-pham\/tu-ho-so-tu09k7pck\/","title":{"rendered":"T\u1ee7 h\u1ed3 s\u01a1 TU09K7PCK"},"content":{"rendered":"<p data-start=\"688\" data-end=\"1115\">T\u1ee7 h\u1ed3 s\u01a1 TU09K7PCK l\u00e0 gi\u1ea3i ph\u00e1p l\u01b0u tr\u1eef t\u1ed1i \u01b0u cho c\u00e1c v\u0103n ph\u00f2ng c\u1ea7n qu\u1ea3n l\u00fd s\u1ed1 l\u01b0\u1ee3ng h\u1ed3 s\u01a1 l\u1edbn \u0111\u1ed3ng th\u1eddi mu\u1ed1n k\u1ebft h\u1ee3p tr\u01b0ng b\u00e0y t\u00e0i li\u1ec7u. V\u1edbi thi\u1ebft k\u1ebf g\u1ed3m <strong data-start=\"886\" data-end=\"898\">6 khoang<\/strong>, trong \u0111\u00f3 <strong data-start=\"909\" data-end=\"941\">3 khoang c\u00e1nh k\u00ednh ph\u00eda tr\u00ean<\/strong> m\u1ed7i khoang trang b\u1ecb 2 \u0111\u1ee3t c\u1ed1 \u0111\u1ecbnh v\u00e0 <strong data-start=\"979\" data-end=\"1010\">3 khoang c\u00e1nh s\u1eaft ph\u00eda d\u01b0\u1edbi<\/strong>, s\u1ea3n ph\u1ea9m \u0111\u00e1p \u1ee9ng linh ho\u1ea1t nhu c\u1ea7u l\u01b0u tr\u1eef t\u00e0i li\u1ec7u, s\u00e1ch v\u1edf, h\u1ed3 s\u01a1 quan tr\u1ecdng ho\u1eb7c v\u1eadt d\u1ee5ng v\u0103n ph\u00f2ng.<\/p>\n<p data-start=\"1117\" data-end=\"1518\">Ph\u1ea7n khoang tr\u00ean c\u1ee7a t\u1ee7 s\u1eed d\u1ee5ng c\u00e1nh k\u00ednh ch\u1eafc ch\u1eafn, gi\u00fap tr\u01b0ng b\u00e0y t\u00e0i li\u1ec7u, s\u00e1ch tham kh\u1ea3o, c\u00fap l\u01b0u ni\u1ec7m ho\u1eb7c h\u1ed3 s\u01a1 c\u1ea7n quan s\u00e1t th\u01b0\u1eddng xuy\u00ean m\u00e0 kh\u00f4ng c\u1ea7n m\u1edf t\u1ee7. Thi\u1ebft k\u1ebf k\u00ednh trong su\u1ed1t k\u1ebft h\u1ee3p khung th\u00e9p b\u1ec1n v\u1eefng mang l\u1ea1i v\u1ebb hi\u1ec7n \u0111\u1ea1i, chuy\u00ean nghi\u1ec7p v\u00e0 d\u1ec5 d\u00e0ng theo d\u00f5i n\u1ed9i dung b\u00ean trong. Hai \u0111\u1ee3t c\u1ed1 \u0111\u1ecbnh trong m\u1ed7i khoang gi\u00fap ph\u00e2n chia t\u00e0i li\u1ec7u khoa h\u1ecdc, tr\u00e1nh t\u00ecnh tr\u1ea1ng ch\u1ed3ng ch\u1ea5t ho\u1eb7c l\u1ed9n x\u1ed9n.<\/p>\n<p data-start=\"1520\" data-end=\"1908\">Khoang ph\u00eda d\u01b0\u1edbi v\u1edbi 3 c\u00e1nh s\u1eaft m\u1edf k\u00edn \u0111\u00e1o th\u00edch h\u1ee3p \u0111\u1ec3 l\u01b0u tr\u1eef c\u00e1c h\u1ed3 s\u01a1 quan tr\u1ecdng, t\u00e0i li\u1ec7u n\u1ed9i b\u1ed9 ho\u1eb7c v\u1eadt d\u1ee5ng v\u0103n ph\u00f2ng kh\u00f4ng c\u1ea7n tr\u01b0ng b\u00e0y. C\u00e1nh s\u1eaft b\u1ec1n ch\u1eafc, v\u1eadn h\u00e0nh \u00eam \u00e1i c\u00f9ng kh\u00f3a b\u1ea3o m\u1eadt gi\u00fap b\u1ea3o v\u1ec7 t\u00e0i li\u1ec7u hi\u1ec7u qu\u1ea3, \u0111\u1ed3ng th\u1eddi \u0111\u1ea3m b\u1ea3o tu\u1ed5i th\u1ecd l\u00e2u d\u00e0i cho t\u1ee7. S\u1ef1 k\u1ebft h\u1ee3p gi\u1eefa c\u00e1nh k\u00ednh v\u00e0 c\u00e1nh s\u1eaft mang \u0111\u1ebfn s\u1ef1 c\u00e2n b\u1eb1ng gi\u1eefa tr\u01b0ng b\u00e0y v\u00e0 b\u1ea3o m\u1eadt, t\u1ed1i \u01b0u h\u00f3a c\u00f4ng n\u0103ng s\u1eed d\u1ee5ng.<\/p>\n<p data-start=\"1910\" data-end=\"2233\">T\u1ee7 h\u1ed3 s\u01a1 TU09K7PCK \u0111\u01b0\u1ee3c s\u1ea3n xu\u1ea5t t\u1eeb <strong data-start=\"1946\" data-end=\"1983\">th\u00e9p s\u01a1n t\u0129nh \u0111i\u1ec7n ch\u1ea5t l\u01b0\u1ee3ng cao<\/strong>, ch\u1ed1ng g\u1ec9 s\u00e9t, tr\u1ea7y x\u01b0\u1edbc v\u00e0 h\u1ea1n ch\u1ebf b\u00e1m b\u1ee5i, gi\u00fap b\u1ec1 m\u1eb7t t\u1ee7 lu\u00f4n s\u00e1ng \u0111\u1eb9p v\u00e0 d\u1ec5 v\u1ec7 sinh. Ki\u1ec3u d\u00e1ng vu\u00f4ng v\u1ee9c, hi\u1ec7n \u0111\u1ea1i v\u00e0 m\u00e0u s\u01a1n nh\u00e3 nh\u1eb7n d\u1ec5 d\u00e0ng ph\u1ed1i h\u1ee3p v\u1edbi b\u00e0n gh\u1ebf, h\u1ed9c di \u0111\u1ed9ng v\u00e0 c\u00e1c m\u1eabu t\u1ee7 kh\u00e1c, t\u1ea1o t\u1ed5ng th\u1ec3 v\u0103n ph\u00f2ng chuy\u00ean nghi\u1ec7p v\u00e0 \u0111\u1ed3ng b\u1ed9.<\/p>\n<p data-start=\"2235\" data-end=\"2506\">V\u1edbi k\u00edch th\u01b0\u1edbc W1380 x D450 x H1830 mm, t\u1ee7 cung c\u1ea5p s\u1ee9c ch\u1ee9a l\u1edbn, ph\u00f9 h\u1ee3p cho v\u0103n ph\u00f2ng, ph\u00f2ng h\u00e0nh ch\u00ednh, ph\u00f2ng gi\u00e1m \u0111\u1ed1c ho\u1eb7c khu v\u1ef1c l\u01b0u tr\u1eef chung. Dung sai k\u00edch th\u01b0\u1edbc \u00b13 mm \u0111\u1ea3m b\u1ea3o s\u1ea3n ph\u1ea9m \u0111\u01b0\u1ee3c gia c\u00f4ng chu\u1ea9n x\u00e1c, ph\u00f9 h\u1ee3p v\u1edbi h\u1ea7u h\u1ebft c\u00e1c kh\u00f4ng gian n\u1ed9i th\u1ea5t hi\u1ec7n \u0111\u1ea1i.<\/p>\n<p data-start=\"2508\" data-end=\"2786\">T\u1ee7 c\u00f2n n\u1ed5i b\u1eadt nh\u1edd \u0111\u1ed9 b\u1ec1n cao, kh\u1ea3 n\u0103ng ch\u1ecbu l\u1ef1c t\u1ed1t v\u00e0 thi\u1ebft k\u1ebf khoang khoa h\u1ecdc, gi\u00fap ph\u00e2n lo\u1ea1i h\u1ed3 s\u01a1 nhanh ch\u00f3ng, gi\u1ea3m th\u1eddi gian t\u00ecm ki\u1ebfm v\u00e0 n\u00e2ng cao hi\u1ec7u qu\u1ea3 qu\u1ea3n l\u00fd. C\u00e1c chi ti\u1ebft nh\u01b0 b\u1ea3n l\u1ec1, tay n\u1eafm v\u00e0 kh\u00f3a \u0111\u01b0\u1ee3c gia c\u00f4ng t\u1ec9 m\u1ec9, \u0111\u1ea3m b\u1ea3o \u0111\u00f3ng m\u1edf nh\u1eb9 nh\u00e0ng, \u1ed5n \u0111\u1ecbnh v\u00e0 b\u1ec1n l\u00e2u.<\/p>\n<p data-start=\"2788\" data-end=\"3070\">T\u1ee7 h\u1ed3 s\u01a1 TU09K7PCK kh\u00f4ng ch\u1ec9 \u0111\u00e1p \u1ee9ng nhu c\u1ea7u l\u01b0u tr\u1eef m\u00e0 c\u00f2n g\u00f3p ph\u1ea7n n\u00e2ng cao t\u00ednh th\u1ea9m m\u1ef9 v\u00e0 s\u1ef1 chuy\u00ean nghi\u1ec7p cho kh\u00f4ng gian l\u00e0m vi\u1ec7c. \u0110\u00e2y l\u00e0 l\u1ef1a ch\u1ecdn l\u00fd t\u01b0\u1edfng cho c\u00e1c doanh nghi\u1ec7p, c\u01a1 quan h\u00e0nh ch\u00ednh, tr\u01b0\u1eddng h\u1ecdc, b\u1ec7nh vi\u1ec7n v\u00e0 c\u00e1c t\u1ed5 ch\u1ee9c c\u1ea7n l\u01b0u tr\u1eef nhi\u1ec1u h\u1ed3 s\u01a1 m\u1ed9t c\u00e1ch khoa h\u1ecdc.<\/p>\n<p data-start=\"3072\" data-end=\"3289\" data-is-last-node=\"\" data-is-only-node=\"\">N\u1ebfu b\u1ea1n \u0111ang t\u00ecm ki\u1ebfm m\u1ed9t s\u1ea3n ph\u1ea9m v\u1eeba tr\u01b0ng b\u00e0y, v\u1eeba b\u1ea3o qu\u1ea3n h\u1ed3 s\u01a1 hi\u1ec7u qu\u1ea3, t\u1ee7 h\u1ed3 s\u01a1 TU09K7PCK l\u00e0 l\u1ef1a ch\u1ecdn ho\u00e0n h\u1ea3o. Li\u00ean h\u1ec7 <strong data-start=\"3200\" data-end=\"3236\">C\u00d4NG TY TNHH SXTM TTNT H\u1eeeU TH\u1ecaNH<\/strong> \u0111\u1ec3 \u0111\u01b0\u1ee3c t\u01b0 v\u1ea5n chi ti\u1ebft v\u00e0 nh\u1eadn b\u00e1o gi\u00e1 \u01b0u \u0111\u00e3i nh\u1ea5t.<\/p>\n","protected":false},"excerpt":{"rendered":"<p data-start=\"24\" data-end=\"304\">T\u1ee7 h\u1ed3 s\u01a1 TU09K7PCK l\u00e0 m\u1eabu t\u1ee7 s\u1eaft s\u01a1n t\u0129nh \u0111i\u1ec7n thi\u1ebft k\u1ebf 6 khoang, g\u1ed3m 3 khoang c\u00e1nh k\u00ednh ph\u00eda tr\u00ean m\u1ed7i khoang c\u00f3 2 \u0111\u1ee3t c\u1ed1 \u0111\u1ecbnh v\u00e0 3 khoang c\u00e1nh s\u1eaft ph\u00eda d\u01b0\u1edbi, mang \u0111\u1ebfn gi\u1ea3i ph\u00e1p l\u01b0u tr\u1eef linh ho\u1ea1t, v\u1eeba tr\u01b0ng b\u00e0y t\u00e0i li\u1ec7u v\u1eeba b\u1ea3o qu\u1ea3n h\u1ed3 s\u01a1 k\u00edn \u0111\u00e1o.<\/p>\n<p data-start=\"306\" data-end=\"681\">K\u00edch th\u01b0\u1edbc: W1380 x D450 x H1830 mm<br data-start=\"341\" data-end=\"344\" \/>Xu\u1ea5t x\u1ee9: S\u1ea3n ph\u1ea9m c\u1ee7a c\u00f4ng ty <strong data-start=\"406\" data-end=\"426\">N\u1ed8I TH\u1ea4T THE ONE<\/strong> \u2013 Ph\u00e2n ph\u1ed1i b\u1edfi <strong data-start=\"443\" data-end=\"479\">C\u00d4NG TY TNHH SXTM TTNT H\u1eeeU TH\u1ecaNH<\/strong><br data-start=\"479\" data-end=\"482\" \/>B\u1ea3o h\u00e0nh: 12 th\u00e1ng theo ti\u00eau chu\u1ea9n nh\u00e0 m\u00e1y<br data-start=\"524\" data-end=\"527\" \/><span style=\"color: #ed1c24;\"><em data-start=\"527\" data-end=\"679\">L\u01b0u \u00fd: Gi\u00e1 tr\u00ean ch\u01b0a bao g\u1ed3m VAT v\u00e0 ph\u00ed v\u1eadn chuy\u1ec3n. Gi\u00e1 s\u1ea3n ph\u1ea9m c\u00f3 th\u1ec3 thay \u0111\u1ed5i theo t\u1eebng th\u1eddi \u0111i\u1ec3m, vui l\u00f2ng li\u00ean h\u1ec7 \u0111\u1ec3 nh\u1eadn t\u01b0 v\u1ea5n \u01b0u \u0111\u00e3i t\u1ed1t nh\u1ea5t.<\/em><\/span><\/p>\n","protected":false},"featured_media":4452,"comment_status":"open","ping_status":"closed","template":"","meta":[],"product_brand":[],"product_cat":[17,761],"product_tag":[],"class_list":{"0":"post-4450","1":"product","2":"type-product","3":"status-publish","4":"has-post-thumbnail","6":"product_cat-noi-that-van-phong","7":"product_cat-tu-sat-van-phong","9":"first","10":"instock","11":"shipping-taxable","12":"purchasable","13":"product-type-simple"},"_links":{"self":[{"href":"https:\/\/noithathuuthinh.vn\/zh-hans\/wp-json\/wp\/v2\/product\/4450","targetHints":{"allow":["GET"]}}],"collection":[{"href":"https:\/\/noithathuuthinh.vn\/zh-hans\/wp-json\/wp\/v2\/product"}],"about":[{"href":"https:\/\/noithathuuthinh.vn\/zh-hans\/wp-json\/wp\/v2\/types\/product"}],"replies":[{"embeddable":true,"href":"https:\/\/noithathuuthinh.vn\/zh-hans\/wp-json\/wp\/v2\/comments?post=4450"}],"wp:featuredmedia":[{"embeddable":true,"href":"https:\/\/noithathuuthinh.vn\/zh-hans\/wp-json\/wp\/v2\/media\/4452"}],"wp:attachment":[{"href":"https:\/\/noithathuuthinh.vn\/zh-hans\/wp-json\/wp\/v2\/media?parent=4450"}],"wp:term":[{"taxonomy":"product_brand","embeddable":true,"href":"https:\/\/noithathuuthinh.vn\/zh-hans\/wp-json\/wp\/v2\/product_brand?post=4450"},{"taxonomy":"product_cat","embeddable":true,"href":"https:\/\/noithathuuthinh.vn\/zh-hans\/wp-json\/wp\/v2\/product_cat?post=4450"},{"taxonomy":"product_tag","embeddable":true,"href":"https:\/\/noithathuuthinh.vn\/zh-hans\/wp-json\/wp\/v2\/product_tag?post=4450"}],"curies":[{"name":"wp","href":"https:\/\/api.w.org\/{rel}","templated":true}]}}