{"id":4453,"date":"2025-11-24T14:49:10","date_gmt":"2025-11-24T07:49:10","guid":{"rendered":"https:\/\/noithathuuthinh.vn\/?post_type=product&#038;p=4453"},"modified":"2025-11-24T14:49:11","modified_gmt":"2025-11-24T07:49:11","slug":"tu-ho-so-tu983-3kp","status":"publish","type":"product","link":"https:\/\/noithathuuthinh.vn\/zh-hans\/san-pham\/tu-ho-so-tu983-3kp\/","title":{"rendered":"T\u1ee7 h\u1ed3 s\u01a1 TU983-3KP"},"content":{"rendered":"<p data-start=\"662\" data-end=\"1158\">T\u1ee7 h\u1ed3 s\u01a1 TU983-3KP l\u00e0 gi\u1ea3i ph\u00e1p t\u1ed1i \u01b0u cho c\u00e1c v\u0103n ph\u00f2ng, tr\u01b0\u1eddng h\u1ecdc, c\u01a1 quan hay doanh nghi\u1ec7p c\u1ea7n qu\u1ea3n l\u00fd nhi\u1ec1u h\u1ed3 s\u01a1 c\u00e1 nh\u00e2n ho\u1eb7c t\u00e0i li\u1ec7u quan tr\u1ecdng m\u1ed9t c\u00e1ch khoa h\u1ecdc v\u00e0 b\u1ea3o m\u1eadt. V\u1edbi thi\u1ebft k\u1ebf <strong data-start=\"899\" data-end=\"919\">9 khoang c\u00e1nh m\u1edf<\/strong>, m\u1ed7i khoang \u0111i k\u00e8m <strong data-start=\"939\" data-end=\"983\">kh\u00f3a Locker, n\u00fam tay n\u1eafm v\u00e0 tai kh\u00f3a m\u00f3c<\/strong>, s\u1ea3n ph\u1ea9m mang \u0111\u1ebfn kh\u1ea3 n\u0103ng b\u1ea3o v\u1ec7 t\u00e0i li\u1ec7u tuy\u1ec7t \u0111\u1ed1i, \u0111\u1ed3ng th\u1eddi h\u1ed7 tr\u1ee3 ph\u00e2n chia h\u1ed3 s\u01a1 c\u00e1 nh\u00e2n ho\u1eb7c t\u00e0i li\u1ec7u theo t\u1eebng ph\u00f2ng ban, d\u1ef1 \u00e1n ho\u1eb7c t\u1eebng nh\u00e2n vi\u00ean m\u1ed9t c\u00e1ch r\u00f5 r\u00e0ng.<\/p>\n<p data-start=\"1160\" data-end=\"1524\">M\u1ed7i khoang t\u1ee7 \u0111\u01b0\u1ee3c thi\u1ebft k\u1ebf \u0111\u1ed9c l\u1eadp v\u1edbi kh\u00f3a ri\u00eang, gi\u00fap t\u0103ng t\u00ednh b\u1ea3o m\u1eadt, \u0111\u1ed3ng th\u1eddi gi\u1ea3m thi\u1ec3u r\u1ee7i ro m\u1ea5t m\u00e1t t\u00e0i li\u1ec7u. C\u00e1nh m\u1edf ch\u1eafc ch\u1eafn k\u1ebft h\u1ee3p n\u00fam tay n\u1eafm ti\u1ec7n d\u1ee5ng v\u00e0 tai kh\u00f3a m\u00f3c d\u1ec5 thao t\u00e1c, \u0111\u1ea3m b\u1ea3o vi\u1ec7c \u0111\u00f3ng m\u1edf thu\u1eadn ti\u1ec7n v\u00e0 an to\u00e0n. \u0110\u00e2y l\u00e0 \u0111\u1eb7c \u0111i\u1ec3m quan tr\u1ecdng, nh\u1ea5t l\u00e0 \u0111\u1ed1i v\u1edbi c\u00e1c c\u01a1 quan ho\u1eb7c doanh nghi\u1ec7p c\u1ea7n l\u01b0u tr\u1eef h\u1ed3 s\u01a1 m\u1eadt ho\u1eb7c t\u00e0i li\u1ec7u quan tr\u1ecdng.<\/p>\n<p data-start=\"1526\" data-end=\"1804\">T\u1ee7 h\u1ed3 s\u01a1 TU983-3KP \u0111\u01b0\u1ee3c l\u00e0m t\u1eeb <strong data-start=\"1557\" data-end=\"1594\">th\u00e9p s\u01a1n t\u0129nh \u0111i\u1ec7n ch\u1ea5t l\u01b0\u1ee3ng cao<\/strong>, mang l\u1ea1i \u0111\u1ed9 b\u1ec1n v\u01b0\u1ee3t tr\u1ed9i v\u00e0 kh\u1ea3 n\u0103ng ch\u1ed1ng g\u1ec9 s\u00e9t, tr\u1ea7y x\u01b0\u1edbc. B\u1ec1 m\u1eb7t s\u01a1n m\u1ecbn, m\u00e0u s\u1eafc hi\u1ec7n \u0111\u1ea1i kh\u00f4ng ch\u1ec9 gi\u00fap t\u1ee7 lu\u00f4n s\u00e1ng \u0111\u1eb9p m\u00e0 c\u00f2n d\u1ec5 d\u00e0ng v\u1ec7 sinh, duy tr\u00ec h\u00ecnh th\u1ee9c chuy\u00ean nghi\u1ec7p cho kh\u00f4ng gian l\u00e0m vi\u1ec7c.<\/p>\n<p data-start=\"1806\" data-end=\"2133\">V\u1edbi k\u00edch th\u01b0\u1edbc ti\u00eau chu\u1ea9n <strong data-start=\"1832\" data-end=\"1858\">W915 x D450 x H1830 mm<\/strong>, t\u1ee7 cung c\u1ea5p s\u1ee9c ch\u1ee9a l\u1edbn nh\u01b0ng v\u1eabn d\u1ec5 b\u1ed1 tr\u00ed trong nhi\u1ec1u kh\u00f4ng gian v\u0103n ph\u00f2ng kh\u00e1c nhau, t\u1eeb ph\u00f2ng nh\u00e2n s\u1ef1, ph\u00f2ng k\u1ebf to\u00e1n, ph\u00f2ng h\u00e0nh ch\u00ednh cho \u0111\u1ebfn khu v\u1ef1c chung. Dung sai k\u00edch th\u01b0\u1edbc \u00b13 mm \u0111\u1ea3m b\u1ea3o t\u1ee7 \u0111\u01b0\u1ee3c gia c\u00f4ng ch\u00ednh x\u00e1c, ph\u00f9 h\u1ee3p v\u1edbi h\u1ec7 th\u1ed1ng n\u1ed9i th\u1ea5t v\u0103n ph\u00f2ng hi\u1ec7n \u0111\u1ea1i.<\/p>\n<p data-start=\"2135\" data-end=\"2471\">T\u1ee7 TU983-3KP kh\u00f4ng ch\u1ec9 mang l\u1ea1i c\u00f4ng n\u0103ng l\u01b0u tr\u1eef t\u1ed1i \u0111a m\u00e0 c\u00f2n g\u00f3p ph\u1ea7n n\u00e2ng cao t\u00ednh th\u1ea9m m\u1ef9 v\u00e0 s\u1ef1 chuy\u00ean nghi\u1ec7p cho m\u00f4i tr\u01b0\u1eddng l\u00e0m vi\u1ec7c. Ki\u1ec3u d\u00e1ng vu\u00f4ng v\u1ee9c, m\u00e0u s\u1eafc trang nh\u00e3 v\u00e0 c\u00e1c chi ti\u1ebft tinh t\u1ebf gi\u00fap t\u1ee7 d\u1ec5 d\u00e0ng k\u1ebft h\u1ee3p v\u1edbi b\u00e0n l\u00e0m vi\u1ec7c, h\u1ed9c di \u0111\u1ed9ng, t\u1ee7 ph\u1ee5 ho\u1eb7c c\u00e1c m\u1eabu t\u1ee7 kh\u00e1c, t\u1ea1o n\u00ean kh\u00f4ng gian v\u0103n ph\u00f2ng \u0111\u1ed3ng b\u1ed9 v\u00e0 g\u1ecdn g\u00e0ng.<\/p>\n<p data-start=\"2473\" data-end=\"2740\">S\u1ea3n ph\u1ea9m \u0111\u1eb7c bi\u1ec7t ph\u00f9 h\u1ee3p cho doanh nghi\u1ec7p, c\u01a1 quan, tr\u01b0\u1eddng h\u1ecdc ho\u1eb7c c\u00e1c \u0111\u01a1n v\u1ecb c\u1ea7n ph\u00e2n chia h\u1ed3 s\u01a1 c\u00e1 nh\u00e2n ho\u1eb7c t\u00e0i li\u1ec7u m\u1eadt theo t\u1eebng ng\u01b0\u1eddi ho\u1eb7c b\u1ed9 ph\u1eadn. Vi\u1ec7c ph\u00e2n lo\u1ea1i h\u1ed3 s\u01a1 tr\u1edf n\u00ean \u0111\u01a1n gi\u1ea3n, gi\u00fap ti\u1ebft ki\u1ec7m th\u1eddi gian t\u00ecm ki\u1ebfm v\u00e0 n\u00e2ng cao hi\u1ec7u qu\u1ea3 qu\u1ea3n l\u00fd t\u00e0i li\u1ec7u.<\/p>\n<p data-start=\"2742\" data-end=\"2965\" data-is-last-node=\"\" data-is-only-node=\"\">N\u1ebfu b\u1ea1n \u0111ang t\u00ecm m\u1ed9t m\u1eabu t\u1ee7 h\u1ed3 s\u01a1 v\u1eeba b\u1ec1n, v\u1eeba hi\u1ec7n \u0111\u1ea1i, v\u1eeba b\u1ea3o m\u1eadt cao, <strong data-start=\"2816\" data-end=\"2838\">T\u1ee7 h\u1ed3 s\u01a1 TU983-3KP<\/strong> l\u00e0 l\u1ef1a ch\u1ecdn ho\u00e0n h\u1ea3o. Li\u00ean h\u1ec7 <strong data-start=\"2869\" data-end=\"2905\">C\u00d4NG TY TNHH SXTM TTNT H\u1eeeU TH\u1ecaNH<\/strong> \u0111\u1ec3 nh\u1eadn t\u01b0 v\u1ea5n chi ti\u1ebft v\u00e0 b\u00e1o gi\u00e1 \u01b0u \u0111\u00e3i cho s\u1ea3n ph\u1ea9m n\u00e0y.<\/p>\n","protected":false},"excerpt":{"rendered":"<p data-start=\"24\" data-end=\"279\">T\u1ee7 h\u1ed3 s\u01a1 TU983-3KP l\u00e0 m\u1eabu t\u1ee7 s\u1eaft s\u01a1n t\u0129nh \u0111i\u1ec7n thi\u1ebft k\u1ebf 9 khoang c\u00e1nh m\u1edf, m\u1ed7i khoang \u0111\u01b0\u1ee3c trang b\u1ecb kh\u00f3a Locker ri\u00eang, n\u00fam tay n\u1eafm v\u00e0 tai kh\u00f3a m\u00f3c, \u0111\u1ea3m b\u1ea3o an to\u00e0n cho t\u00e0i li\u1ec7u c\u00e1 nh\u00e2n ho\u1eb7c h\u1ed3 s\u01a1 quan tr\u1ecdng trong v\u0103n ph\u00f2ng.<\/p>\n<p data-start=\"281\" data-end=\"655\">K\u00edch th\u01b0\u1edbc: W915 x D450 x H1830 mm<br data-start=\"315\" data-end=\"318\" \/>Xu\u1ea5t x\u1ee9: S\u1ea3n ph\u1ea9m c\u1ee7a c\u00f4ng ty <strong data-start=\"380\" data-end=\"400\">N\u1ed8I TH\u1ea4T THE ONE<\/strong> \u2013 Ph\u00e2n ph\u1ed1i b\u1edfi <strong data-start=\"417\" data-end=\"453\">C\u00d4NG TY TNHH SXTM TTNT H\u1eeeU TH\u1ecaNH<\/strong><br data-start=\"453\" data-end=\"456\" \/>B\u1ea3o h\u00e0nh: 12 th\u00e1ng theo ti\u00eau chu\u1ea9n nh\u00e0 m\u00e1y<br data-start=\"498\" data-end=\"501\" \/><span style=\"color: #ed1c24;\"><em data-start=\"501\" data-end=\"653\">L\u01b0u \u00fd: Gi\u00e1 tr\u00ean ch\u01b0a bao g\u1ed3m VAT v\u00e0 ph\u00ed v\u1eadn chuy\u1ec3n. Gi\u00e1 s\u1ea3n ph\u1ea9m c\u00f3 th\u1ec3 thay \u0111\u1ed5i theo t\u1eebng th\u1eddi \u0111i\u1ec3m, vui l\u00f2ng li\u00ean h\u1ec7 \u0111\u1ec3 nh\u1eadn t\u01b0 v\u1ea5n \u01b0u \u0111\u00e3i t\u1ed1t nh\u1ea5t.<\/em><\/span><\/p>\n","protected":false},"featured_media":4454,"comment_status":"open","ping_status":"closed","template":"","meta":[],"product_brand":[],"product_cat":[17,761],"product_tag":[],"class_list":{"0":"post-4453","1":"product","2":"type-product","3":"status-publish","4":"has-post-thumbnail","6":"product_cat-noi-that-van-phong","7":"product_cat-tu-sat-van-phong","9":"first","10":"instock","11":"shipping-taxable","12":"purchasable","13":"product-type-simple"},"_links":{"self":[{"href":"https:\/\/noithathuuthinh.vn\/zh-hans\/wp-json\/wp\/v2\/product\/4453","targetHints":{"allow":["GET"]}}],"collection":[{"href":"https:\/\/noithathuuthinh.vn\/zh-hans\/wp-json\/wp\/v2\/product"}],"about":[{"href":"https:\/\/noithathuuthinh.vn\/zh-hans\/wp-json\/wp\/v2\/types\/product"}],"replies":[{"embeddable":true,"href":"https:\/\/noithathuuthinh.vn\/zh-hans\/wp-json\/wp\/v2\/comments?post=4453"}],"wp:featuredmedia":[{"embeddable":true,"href":"https:\/\/noithathuuthinh.vn\/zh-hans\/wp-json\/wp\/v2\/media\/4454"}],"wp:attachment":[{"href":"https:\/\/noithathuuthinh.vn\/zh-hans\/wp-json\/wp\/v2\/media?parent=4453"}],"wp:term":[{"taxonomy":"product_brand","embeddable":true,"href":"https:\/\/noithathuuthinh.vn\/zh-hans\/wp-json\/wp\/v2\/product_brand?post=4453"},{"taxonomy":"product_cat","embeddable":true,"href":"https:\/\/noithathuuthinh.vn\/zh-hans\/wp-json\/wp\/v2\/product_cat?post=4453"},{"taxonomy":"product_tag","embeddable":true,"href":"https:\/\/noithathuuthinh.vn\/zh-hans\/wp-json\/wp\/v2\/product_tag?post=4453"}],"curies":[{"name":"wp","href":"https:\/\/api.w.org\/{rel}","templated":true}]}}