{"id":4457,"date":"2025-11-24T14:54:45","date_gmt":"2025-11-24T07:54:45","guid":{"rendered":"https:\/\/noithathuuthinh.vn\/?post_type=product&#038;p=4457"},"modified":"2025-11-24T14:55:19","modified_gmt":"2025-11-24T07:55:19","slug":"tu-ho-so-tu985-3kp","status":"publish","type":"product","link":"https:\/\/noithathuuthinh.vn\/zh-hans\/san-pham\/tu-ho-so-tu985-3kp\/","title":{"rendered":"T\u1ee7 h\u1ed3 s\u01a1 TU985-3KP"},"content":{"rendered":"<p data-start=\"649\" data-end=\"1117\">T\u1ee7 h\u1ed3 s\u01a1 TU985-3KP l\u00e0 gi\u1ea3i ph\u00e1p t\u1ed1i \u01b0u cho c\u00e1c v\u0103n ph\u00f2ng, c\u01a1 quan, tr\u01b0\u1eddng h\u1ecdc ho\u1eb7c doanh nghi\u1ec7p c\u1ea7n qu\u1ea3n l\u00fd s\u1ed1 l\u01b0\u1ee3ng l\u1edbn h\u1ed3 s\u01a1 c\u00e1 nh\u00e2n ho\u1eb7c t\u00e0i li\u1ec7u quan tr\u1ecdng m\u1ed9t c\u00e1ch khoa h\u1ecdc v\u00e0 b\u1ea3o m\u1eadt. V\u1edbi thi\u1ebft k\u1ebf <strong data-start=\"894\" data-end=\"915\">15 khoang c\u00e1nh m\u1edf<\/strong>, m\u1ed7i khoang \u0111\u01b0\u1ee3c trang b\u1ecb <strong data-start=\"942\" data-end=\"992\">kh\u00f3a Locker ri\u00eang, n\u00fam tay n\u1eafm v\u00e0 tai kh\u00f3a m\u00f3c<\/strong>, s\u1ea3n ph\u1ea9m cho ph\u00e9p ph\u00e2n lo\u1ea1i h\u1ed3 s\u01a1 theo t\u1eebng nh\u00e2n vi\u00ean, ph\u00f2ng ban ho\u1eb7c d\u1ef1 \u00e1n, \u0111\u1ed3ng th\u1eddi \u0111\u1ea3m b\u1ea3o an to\u00e0n t\u1ed1i \u0111a cho t\u00e0i li\u1ec7u.<\/p>\n<p data-start=\"1119\" data-end=\"1473\">M\u1ed7i khoang ho\u1ea1t \u0111\u1ed9ng \u0111\u1ed9c l\u1eadp v\u1edbi kh\u00f3a ri\u00eang, gi\u00fap t\u0103ng t\u00ednh b\u1ea3o m\u1eadt v\u00e0 gi\u1ea3m nguy c\u01a1 m\u1ea5t m\u00e1t t\u00e0i li\u1ec7u. C\u00e1nh t\u1ee7 ch\u1eafc ch\u1eafn k\u1ebft h\u1ee3p tay n\u1eafm ti\u1ec7n l\u1ee3i v\u00e0 tai kh\u00f3a m\u00f3c d\u1ec5 thao t\u00e1c, \u0111\u1ea3m b\u1ea3o vi\u1ec7c \u0111\u00f3ng m\u1edf thu\u1eadn ti\u1ec7n m\u00e0 v\u1eabn an to\u00e0n tuy\u1ec7t \u0111\u1ed1i. \u0110\u00e2y l\u00e0 \u0111i\u1ec3m \u0111\u1eb7c bi\u1ec7t quan tr\u1ecdng v\u1edbi c\u00e1c c\u01a1 quan, doanh nghi\u1ec7p l\u01b0u tr\u1eef h\u1ed3 s\u01a1 c\u00e1 nh\u00e2n, gi\u1ea5y t\u1edd m\u1eadt ho\u1eb7c t\u00e0i li\u1ec7u quan tr\u1ecdng.<\/p>\n<p data-start=\"1475\" data-end=\"1751\">T\u1ee7 h\u1ed3 s\u01a1 TU985-3KP \u0111\u01b0\u1ee3c ch\u1ebf t\u1ea1o t\u1eeb <strong data-start=\"1510\" data-end=\"1547\">th\u00e9p s\u01a1n t\u0129nh \u0111i\u1ec7n ch\u1ea5t l\u01b0\u1ee3ng cao<\/strong>, mang l\u1ea1i \u0111\u1ed9 b\u1ec1n v\u01b0\u1ee3t tr\u1ed9i, kh\u1ea3 n\u0103ng ch\u1ed1ng g\u1ec9 s\u00e9t, tr\u1ea7y x\u01b0\u1edbc v\u00e0 h\u1ea1n ch\u1ebf b\u00e1m b\u1ee5i. L\u1edbp s\u01a1n m\u1ecbn gi\u00fap s\u1ea3n ph\u1ea9m lu\u00f4n s\u00e1ng \u0111\u1eb9p, d\u1ec5 v\u1ec7 sinh, duy tr\u00ec h\u00ecnh th\u1ee9c chuy\u00ean nghi\u1ec7p v\u00e0 hi\u1ec7n \u0111\u1ea1i cho kh\u00f4ng gian v\u0103n ph\u00f2ng.<\/p>\n<p data-start=\"1753\" data-end=\"2100\">V\u1edbi k\u00edch th\u01b0\u1edbc <strong data-start=\"1768\" data-end=\"1794\">W915 x D450 x H1830 mm<\/strong>, t\u1ee7 cung c\u1ea5p s\u1ee9c ch\u1ee9a l\u1edbn nh\u01b0ng v\u1eabn ph\u00f9 h\u1ee3p b\u1ed1 tr\u00ed trong nhi\u1ec1u kh\u00f4ng gian kh\u00e1c nhau. Thi\u1ebft k\u1ebf 15 khoang \u0111\u1ed9c l\u1eadp gi\u00fap ph\u00e2n lo\u1ea1i h\u1ed3 s\u01a1 khoa h\u1ecdc, ti\u1ebft ki\u1ec7m th\u1eddi gian t\u00ecm ki\u1ebfm v\u00e0 n\u00e2ng cao hi\u1ec7u qu\u1ea3 qu\u1ea3n l\u00fd. \u0110\u00e2y l\u00e0 l\u1ef1a ch\u1ecdn l\u00fd t\u01b0\u1edfng cho ph\u00f2ng nh\u00e2n s\u1ef1, ph\u00f2ng k\u1ebf to\u00e1n, ph\u00f2ng h\u00e0nh ch\u00ednh ho\u1eb7c khu v\u1ef1c l\u01b0u tr\u1eef chung.<\/p>\n<p data-start=\"2102\" data-end=\"2426\">T\u1ee7 TU985-3KP kh\u00f4ng ch\u1ec9 \u0111\u00e1p \u1ee9ng nhu c\u1ea7u l\u01b0u tr\u1eef t\u1ed1i \u0111a m\u00e0 c\u00f2n g\u00f3p ph\u1ea7n n\u00e2ng cao th\u1ea9m m\u1ef9 v\u00e0 s\u1ef1 chuy\u00ean nghi\u1ec7p cho v\u0103n ph\u00f2ng. Ki\u1ec3u d\u00e1ng vu\u00f4ng v\u1ee9c, m\u00e0u s\u1eafc trang nh\u00e3 v\u00e0 c\u00e1c chi ti\u1ebft tinh t\u1ebf gi\u00fap t\u1ee7 d\u1ec5 d\u00e0ng ph\u1ed1i h\u1ee3p v\u1edbi b\u00e0n l\u00e0m vi\u1ec7c, h\u1ed9c di \u0111\u1ed9ng, t\u1ee7 ph\u1ee5 ho\u1eb7c c\u00e1c s\u1ea3n ph\u1ea9m n\u1ed9i th\u1ea5t kh\u00e1c, t\u1ea1o t\u1ed5ng th\u1ec3 v\u0103n ph\u00f2ng \u0111\u1ed3ng b\u1ed9 v\u00e0 g\u1ecdn g\u00e0ng.<\/p>\n<p data-start=\"2428\" data-end=\"2675\">S\u1ea3n ph\u1ea9m ph\u00f9 h\u1ee3p cho doanh nghi\u1ec7p, c\u01a1 quan, tr\u01b0\u1eddng h\u1ecdc ho\u1eb7c c\u00e1c \u0111\u01a1n v\u1ecb c\u1ea7n ph\u00e2n chia h\u1ed3 s\u01a1 c\u00e1 nh\u00e2n ho\u1eb7c t\u00e0i li\u1ec7u m\u1eadt theo t\u1eebng ng\u01b0\u1eddi ho\u1eb7c b\u1ed9 ph\u1eadn. T\u1ee7 gi\u00fap t\u1ed1i \u01b0u h\u00f3a vi\u1ec7c qu\u1ea3n l\u00fd h\u1ed3 s\u01a1, ti\u1ebft ki\u1ec7m th\u1eddi gian v\u00e0 n\u00e2ng cao hi\u1ec7u qu\u1ea3 c\u00f4ng vi\u1ec7c h\u00e0ng ng\u00e0y.<\/p>\n<p data-start=\"2677\" data-end=\"2886\" data-is-last-node=\"\" data-is-only-node=\"\">N\u1ebfu b\u1ea1n \u0111ang t\u00ecm ki\u1ebfm m\u1ed9t m\u1eabu t\u1ee7 h\u1ed3 s\u01a1 b\u1ec1n b\u1ec9, hi\u1ec7n \u0111\u1ea1i v\u00e0 b\u1ea3o m\u1eadt cao, <strong data-start=\"2749\" data-end=\"2771\">T\u1ee7 h\u1ed3 s\u01a1 TU985-3KP<\/strong> l\u00e0 l\u1ef1a ch\u1ecdn ho\u00e0n h\u1ea3o. Li\u00ean h\u1ec7 <strong data-start=\"2802\" data-end=\"2838\">C\u00d4NG TY TNHH SXTM TTNT H\u1eeeU TH\u1ecaNH<\/strong> \u0111\u1ec3 nh\u1eadn t\u01b0 v\u1ea5n chi ti\u1ebft v\u00e0 b\u00e1o gi\u00e1 \u01b0u \u0111\u00e3i nh\u1ea5t.<\/p>\n","protected":false},"excerpt":{"rendered":"<p data-start=\"24\" data-end=\"298\">T\u1ee7 h\u1ed3 s\u01a1 TU985-3KP l\u00e0 m\u1eabu t\u1ee7 s\u1eaft s\u01a1n t\u0129nh \u0111i\u1ec7n thi\u1ebft k\u1ebf 15 khoang c\u00e1nh m\u1edf, m\u1ed7i khoang \u0111i k\u00e8m kh\u00f3a Locker, n\u00fam tay n\u1eafm v\u00e0 tai kh\u00f3a m\u00f3c, mang \u0111\u1ebfn gi\u1ea3i ph\u00e1p l\u01b0u tr\u1eef an to\u00e0n v\u00e0 khoa h\u1ecdc cho h\u1ed3 s\u01a1 c\u00e1 nh\u00e2n ho\u1eb7c t\u00e0i li\u1ec7u quan tr\u1ecdng trong v\u0103n ph\u00f2ng.<\/p>\n<p data-start=\"300\" data-end=\"642\">K\u00edch th\u01b0\u1edbc: W915 x D450 x H1830 mm<br data-start=\"334\" data-end=\"337\" \/>Xu\u1ea5t x\u1ee9: S\u1ea3n ph\u1ea9m c\u1ee7a c\u00f4ng ty <strong data-start=\"367\" data-end=\"387\">N\u1ed8I TH\u1ea4T THE ONE<\/strong> \u2013 Ph\u00e2n ph\u1ed1i b\u1edfi <strong data-start=\"404\" data-end=\"440\">C\u00d4NG TY TNHH SXTM TTNT H\u1eeeU TH\u1ecaNH<\/strong><br data-start=\"440\" data-end=\"443\" \/>B\u1ea3o h\u00e0nh: 12 th\u00e1ng theo ti\u00eau chu\u1ea9n nh\u00e0 m\u00e1y<br data-start=\"485\" data-end=\"488\" \/><span style=\"color: #ed1c24;\"><em data-start=\"488\" data-end=\"640\">L\u01b0u \u00fd: Gi\u00e1 tr\u00ean ch\u01b0a bao g\u1ed3m VAT v\u00e0 ph\u00ed v\u1eadn chuy\u1ec3n. Gi\u00e1 s\u1ea3n ph\u1ea9m c\u00f3 th\u1ec3 thay \u0111\u1ed5i theo t\u1eebng th\u1eddi \u0111i\u1ec3m, vui l\u00f2ng li\u00ean h\u1ec7 \u0111\u1ec3 nh\u1eadn t\u01b0 v\u1ea5n \u01b0u \u0111\u00e3i t\u1ed1t nh\u1ea5t.<\/em><\/span><\/p>\n","protected":false},"featured_media":4458,"comment_status":"open","ping_status":"closed","template":"","meta":[],"product_brand":[],"product_cat":[17,761],"product_tag":[],"class_list":{"0":"post-4457","1":"product","2":"type-product","3":"status-publish","4":"has-post-thumbnail","6":"product_cat-noi-that-van-phong","7":"product_cat-tu-sat-van-phong","9":"first","10":"instock","11":"shipping-taxable","12":"purchasable","13":"product-type-simple"},"_links":{"self":[{"href":"https:\/\/noithathuuthinh.vn\/zh-hans\/wp-json\/wp\/v2\/product\/4457","targetHints":{"allow":["GET"]}}],"collection":[{"href":"https:\/\/noithathuuthinh.vn\/zh-hans\/wp-json\/wp\/v2\/product"}],"about":[{"href":"https:\/\/noithathuuthinh.vn\/zh-hans\/wp-json\/wp\/v2\/types\/product"}],"replies":[{"embeddable":true,"href":"https:\/\/noithathuuthinh.vn\/zh-hans\/wp-json\/wp\/v2\/comments?post=4457"}],"wp:featuredmedia":[{"embeddable":true,"href":"https:\/\/noithathuuthinh.vn\/zh-hans\/wp-json\/wp\/v2\/media\/4458"}],"wp:attachment":[{"href":"https:\/\/noithathuuthinh.vn\/zh-hans\/wp-json\/wp\/v2\/media?parent=4457"}],"wp:term":[{"taxonomy":"product_brand","embeddable":true,"href":"https:\/\/noithathuuthinh.vn\/zh-hans\/wp-json\/wp\/v2\/product_brand?post=4457"},{"taxonomy":"product_cat","embeddable":true,"href":"https:\/\/noithathuuthinh.vn\/zh-hans\/wp-json\/wp\/v2\/product_cat?post=4457"},{"taxonomy":"product_tag","embeddable":true,"href":"https:\/\/noithathuuthinh.vn\/zh-hans\/wp-json\/wp\/v2\/product_tag?post=4457"}],"curies":[{"name":"wp","href":"https:\/\/api.w.org\/{rel}","templated":true}]}}