{"id":4477,"date":"2025-11-24T15:29:32","date_gmt":"2025-11-24T08:29:32","guid":{"rendered":"https:\/\/noithathuuthinh.vn\/?post_type=product&#038;p=4477"},"modified":"2025-11-24T15:29:33","modified_gmt":"2025-11-24T08:29:33","slug":"tu-ho-so-tu118gpck","status":"publish","type":"product","link":"https:\/\/noithathuuthinh.vn\/zh-hans\/san-pham\/tu-ho-so-tu118gpck\/","title":{"rendered":"T\u1ee7 h\u1ed3 s\u01a1 TU118GPCK"},"content":{"rendered":"<p data-start=\"734\" data-end=\"1121\">T\u1ee7 h\u1ed3 s\u01a1 TU118GPCK l\u00e0 gi\u1ea3i ph\u00e1p t\u1ed1i \u01b0u cho c\u00e1c v\u0103n ph\u00f2ng, c\u01a1 quan ho\u1eb7c doanh nghi\u1ec7p c\u1ea7n l\u01b0u tr\u1eef h\u1ed3 s\u01a1 trong kh\u00f4ng gian l\u00e0m vi\u1ec7c r\u1ed9ng r\u00e3i, k\u1ebft h\u1ee3p t\u00ednh th\u1ea9m m\u1ef9 cao. V\u1edbi thi\u1ebft k\u1ebf <strong data-start=\"953\" data-end=\"965\">1 khoang<\/strong> k\u1ebft h\u1ee3p <strong data-start=\"974\" data-end=\"991\">2 \u0111\u1ee3t di \u0111\u1ed9ng<\/strong>, ng\u01b0\u1eddi d\u00f9ng c\u00f3 th\u1ec3 d\u1ec5 d\u00e0ng s\u1eafp x\u1ebfp h\u1ed3 s\u01a1 theo nhu c\u1ea7u, \u0111i\u1ec1u ch\u1ec9nh kho\u1ea3ng c\u00e1ch c\u00e1c \u0111\u1ee3t \u0111\u1ec3 ph\u00f9 h\u1ee3p v\u1edbi c\u00e1c lo\u1ea1i t\u00e0i li\u1ec7u kh\u00e1c nhau.<\/p>\n<p data-start=\"1123\" data-end=\"1401\">S\u1ea3n ph\u1ea9m s\u1eed d\u1ee5ng <strong data-start=\"1140\" data-end=\"1157\">c\u00e1nh k\u00ednh l\u00f9a<\/strong>, v\u1eeba mang \u0111\u1ebfn v\u1ebb hi\u1ec7n \u0111\u1ea1i, sang tr\u1ecdng, v\u1eeba ti\u1ebft ki\u1ec7m kh\u00f4ng gian khi m\u1edf c\u1eeda. K\u00ednh c\u01b0\u1eddng l\u1ef1c trong su\u1ed1t gi\u00fap quan s\u00e1t t\u00e0i li\u1ec7u b\u00ean trong d\u1ec5 d\u00e0ng, \u0111\u1ed3ng th\u1eddi b\u1ea3o v\u1ec7 h\u1ed3 s\u01a1 kh\u1ecfi b\u1ee5i b\u1ea9n v\u00e0 t\u00e1c \u0111\u1ed9ng b\u00ean ngo\u00e0i, \u0111\u1ea3m b\u1ea3o an to\u00e0n cho t\u00e0i li\u1ec7u quan tr\u1ecdng.<\/p>\n<p data-start=\"1403\" data-end=\"1677\">T\u1ee7 h\u1ed3 s\u01a1 TU118GPCK \u0111\u01b0\u1ee3c ch\u1ebf t\u1ea1o t\u1eeb <strong data-start=\"1438\" data-end=\"1475\">th\u00e9p s\u01a1n t\u0129nh \u0111i\u1ec7n ch\u1ea5t l\u01b0\u1ee3ng cao<\/strong>, ch\u1ed1ng g\u1ec9 s\u00e9t, ch\u1ed1ng tr\u1ea7y x\u01b0\u1edbc v\u00e0 h\u1ea1n ch\u1ebf b\u00e1m b\u1ee5i, gi\u00fap t\u1ee7 lu\u00f4n s\u00e1ng \u0111\u1eb9p v\u00e0 d\u1ec5 v\u1ec7 sinh. K\u1ebft h\u1ee3p k\u00ednh c\u01b0\u1eddng l\u1ef1c b\u1ec1n b\u1ec9, t\u1ee7 v\u1eeba ch\u1eafc ch\u1eafn, v\u1eeba t\u1ea1o c\u1ea3m gi\u00e1c hi\u1ec7n \u0111\u1ea1i v\u00e0 sang tr\u1ecdng cho kh\u00f4ng gian l\u00e0m vi\u1ec7c.<\/p>\n<p data-start=\"1679\" data-end=\"1954\">V\u1edbi k\u00edch th\u01b0\u1edbc <strong data-start=\"1694\" data-end=\"1734\">SP TU118GPCK: W1180 x D407 x H915 mm<\/strong>, t\u1ee7 cung c\u1ea5p s\u1ee9c ch\u1ee9a l\u1edbn, ph\u00f9 h\u1ee3p v\u1edbi nhu c\u1ea7u l\u01b0u tr\u1eef h\u1ed3 s\u01a1 nhi\u1ec1u h\u01a1n so v\u1edbi m\u1eabu TU88GPCK. Thi\u1ebft k\u1ebf 1 khoang v\u1edbi 2 \u0111\u1ee3t di \u0111\u1ed9ng gi\u00fap ph\u00e2n lo\u1ea1i h\u1ed3 s\u01a1 khoa h\u1ecdc, ti\u1ebft ki\u1ec7m th\u1eddi gian t\u00ecm ki\u1ebfm v\u00e0 n\u00e2ng cao hi\u1ec7u qu\u1ea3 qu\u1ea3n l\u00fd.<\/p>\n<p data-start=\"1956\" data-end=\"2297\">T\u1ee7 TU118GPCK kh\u00f4ng ch\u1ec9 \u0111\u00e1p \u1ee9ng nhu c\u1ea7u l\u01b0u tr\u1eef h\u1ed3 s\u01a1 m\u00e0 c\u00f2n n\u00e2ng cao t\u00ednh th\u1ea9m m\u1ef9 v\u00e0 s\u1ef1 chuy\u00ean nghi\u1ec7p cho v\u0103n ph\u00f2ng. Ki\u1ec3u d\u00e1ng vu\u00f4ng v\u1ee9c, m\u00e0u s\u1eafc trang nh\u00e3 k\u1ebft h\u1ee3p k\u00ednh trong su\u1ed1t t\u1ea1o c\u1ea3m gi\u00e1c hi\u1ec7n \u0111\u1ea1i, d\u1ec5 d\u00e0ng ph\u1ed1i h\u1ee3p v\u1edbi b\u00e0n l\u00e0m vi\u1ec7c, h\u1ed9c di \u0111\u1ed9ng ho\u1eb7c c\u00e1c s\u1ea3n ph\u1ea9m n\u1ed9i th\u1ea5t kh\u00e1c, t\u1ea1o t\u1ed5ng th\u1ec3 v\u0103n ph\u00f2ng \u0111\u1ed3ng b\u1ed9, g\u1ecdn g\u00e0ng v\u00e0 chuy\u00ean nghi\u1ec7p.<\/p>\n<p data-start=\"2299\" data-end=\"2525\">S\u1ea3n ph\u1ea9m ph\u00f9 h\u1ee3p v\u1edbi c\u00e1c doanh nghi\u1ec7p, c\u01a1 quan, tr\u01b0\u1eddng h\u1ecdc ho\u1eb7c \u0111\u01a1n v\u1ecb c\u1ea7n l\u01b0u tr\u1eef h\u1ed3 s\u01a1 linh ho\u1ea1t, ti\u1ec7n l\u1ee3i v\u00e0 sang tr\u1ecdng. T\u1ee7 gi\u00fap t\u1ed1i \u01b0u h\u00f3a vi\u1ec7c qu\u1ea3n l\u00fd h\u1ed3 s\u01a1, ti\u1ebft ki\u1ec7m th\u1eddi gian v\u00e0 n\u00e2ng cao hi\u1ec7u qu\u1ea3 c\u00f4ng vi\u1ec7c h\u00e0ng ng\u00e0y.<\/p>\n<p data-start=\"2527\" data-end=\"2738\" data-is-last-node=\"\" data-is-only-node=\"\">N\u1ebfu b\u1ea1n \u0111ang t\u00ecm m\u1ed9t m\u1eabu t\u1ee7 h\u1ed3 s\u01a1 k\u00ednh l\u00f9a linh ho\u1ea1t, b\u1ec1n b\u1ec9 v\u00e0 hi\u1ec7n \u0111\u1ea1i, <strong data-start=\"2601\" data-end=\"2623\">T\u1ee7 h\u1ed3 s\u01a1 TU118GPCK<\/strong> l\u00e0 l\u1ef1a ch\u1ecdn ho\u00e0n h\u1ea3o. Li\u00ean h\u1ec7 <strong data-start=\"2654\" data-end=\"2690\">C\u00d4NG TY TNHH SXTM TTNT H\u1eeeU TH\u1ecaNH<\/strong> \u0111\u1ec3 nh\u1eadn t\u01b0 v\u1ea5n chi ti\u1ebft v\u00e0 b\u00e1o gi\u00e1 \u01b0u \u0111\u00e3i nh\u1ea5t.<\/p>\n","protected":false},"excerpt":{"rendered":"<p data-start=\"26\" data-end=\"248\">T\u1ee7 h\u1ed3 s\u01a1 TU118GPCK l\u00e0 m\u1eabu t\u1ee7 s\u1eaft s\u01a1n t\u0129nh \u0111i\u1ec7n <strong data-start=\"104\" data-end=\"116\">1 khoang<\/strong> v\u1edbi <strong data-start=\"121\" data-end=\"138\">2 \u0111\u1ee3t di \u0111\u1ed9ng<\/strong>, s\u1eed d\u1ee5ng <strong data-start=\"148\" data-end=\"165\">c\u00e1nh k\u00ednh l\u00f9a<\/strong>, mang \u0111\u1ebfn gi\u1ea3i ph\u00e1p l\u01b0u tr\u1eef h\u1ed3 s\u01a1 linh ho\u1ea1t, ti\u1ec7n l\u1ee3i v\u00e0 hi\u1ec7n \u0111\u1ea1i cho v\u0103n ph\u00f2ng.<\/p>\n<p data-start=\"250\" data-end=\"335\">K\u00edch th\u01b0\u1edbc SP TU118GPCK: W1180 x D407 x H915 mm<br data-start=\"297\" data-end=\"300\" \/>K\u00edch th\u01b0\u1edbc k\u00ednh: 734 x 492 x 3 mm<\/p>\n<p data-start=\"422\" data-end=\"727\">Xu\u1ea5t x\u1ee9: S\u1ea3n ph\u1ea9m c\u1ee7a c\u00f4ng ty <strong data-start=\"452\" data-end=\"472\">N\u1ed8I TH\u1ea4T THE ONE<\/strong> \u2013 Ph\u00e2n ph\u1ed1i b\u1edfi <strong data-start=\"489\" data-end=\"525\">C\u00d4NG TY TNHH SXTM TTNT H\u1eeeU TH\u1ecaNH<\/strong><br data-start=\"525\" data-end=\"528\" \/>B\u1ea3o h\u00e0nh: 12 th\u00e1ng theo ti\u00eau chu\u1ea9n nh\u00e0 m\u00e1y<br data-start=\"570\" data-end=\"573\" \/><span style=\"color: #ed1c24;\"><em data-start=\"573\" data-end=\"725\">L\u01b0u \u00fd: Gi\u00e1 tr\u00ean ch\u01b0a bao g\u1ed3m VAT v\u00e0 ph\u00ed v\u1eadn chuy\u1ec3n. Gi\u00e1 s\u1ea3n ph\u1ea9m c\u00f3 th\u1ec3 thay \u0111\u1ed5i theo t\u1eebng th\u1eddi \u0111i\u1ec3m, vui l\u00f2ng li\u00ean h\u1ec7 \u0111\u1ec3 nh\u1eadn t\u01b0 v\u1ea5n \u01b0u \u0111\u00e3i t\u1ed1t nh\u1ea5t.<\/em><\/span><\/p>\n","protected":false},"featured_media":4478,"comment_status":"open","ping_status":"closed","template":"","meta":[],"product_brand":[],"product_cat":[17,761],"product_tag":[],"class_list":{"0":"post-4477","1":"product","2":"type-product","3":"status-publish","4":"has-post-thumbnail","6":"product_cat-noi-that-van-phong","7":"product_cat-tu-sat-van-phong","9":"first","10":"instock","11":"shipping-taxable","12":"purchasable","13":"product-type-simple"},"_links":{"self":[{"href":"https:\/\/noithathuuthinh.vn\/zh-hans\/wp-json\/wp\/v2\/product\/4477","targetHints":{"allow":["GET"]}}],"collection":[{"href":"https:\/\/noithathuuthinh.vn\/zh-hans\/wp-json\/wp\/v2\/product"}],"about":[{"href":"https:\/\/noithathuuthinh.vn\/zh-hans\/wp-json\/wp\/v2\/types\/product"}],"replies":[{"embeddable":true,"href":"https:\/\/noithathuuthinh.vn\/zh-hans\/wp-json\/wp\/v2\/comments?post=4477"}],"wp:featuredmedia":[{"embeddable":true,"href":"https:\/\/noithathuuthinh.vn\/zh-hans\/wp-json\/wp\/v2\/media\/4478"}],"wp:attachment":[{"href":"https:\/\/noithathuuthinh.vn\/zh-hans\/wp-json\/wp\/v2\/media?parent=4477"}],"wp:term":[{"taxonomy":"product_brand","embeddable":true,"href":"https:\/\/noithathuuthinh.vn\/zh-hans\/wp-json\/wp\/v2\/product_brand?post=4477"},{"taxonomy":"product_cat","embeddable":true,"href":"https:\/\/noithathuuthinh.vn\/zh-hans\/wp-json\/wp\/v2\/product_cat?post=4477"},{"taxonomy":"product_tag","embeddable":true,"href":"https:\/\/noithathuuthinh.vn\/zh-hans\/wp-json\/wp\/v2\/product_tag?post=4477"}],"curies":[{"name":"wp","href":"https:\/\/api.w.org\/{rel}","templated":true}]}}