{"id":7699,"date":"2026-01-23T16:18:56","date_gmt":"2026-01-23T09:18:56","guid":{"rendered":"https:\/\/noithathuuthinh.vn\/?post_type=product&#038;p=7699"},"modified":"2026-01-23T16:35:24","modified_gmt":"2026-01-23T09:35:24","slug":"ke-tivi-ktv10","status":"publish","type":"product","link":"https:\/\/noithathuuthinh.vn\/zh-hans\/san-pham\/ke-tivi-ktv10\/","title":{"rendered":"K\u1ec6 TIVI KTV10"},"content":{"rendered":"<p data-start=\"999\" data-end=\"1304\">K\u1ec7 tivi KTV10 l\u00e0 gi\u1ea3i ph\u00e1p n\u1ed9i th\u1ea5t ph\u00f9 h\u1ee3p cho nh\u1eefng kh\u00f4ng gian ph\u00f2ng kh\u00e1ch hi\u1ec7n \u0111\u1ea1i, n\u01a1i y\u00eau c\u1ea7u cao v\u1ec1 s\u1ef1 g\u1ecdn g\u00e0ng, ti\u1ec7n nghi v\u00e0 t\u00ednh th\u1ea9m m\u1ef9 l\u00e2u d\u00e0i. V\u1edbi thi\u1ebft k\u1ebf ch\u1ec9n chu t\u1eeb ki\u1ec3u d\u00e1ng \u0111\u1ebfn v\u1eadt li\u1ec7u, s\u1ea3n ph\u1ea9m kh\u00f4ng ch\u1ec9 \u0111\u00e1p \u1ee9ng nhu c\u1ea7u s\u1eed d\u1ee5ng h\u1eb1ng ng\u00e0y m\u00e0 c\u00f2n g\u00f3p ph\u1ea7n n\u00e2ng t\u1ea7m gi\u00e1 tr\u1ecb kh\u00f4ng gian s\u1ed1ng.<\/p>\n<p data-start=\"1306\" data-end=\"1702\">V\u1ec1 t\u1ed5ng th\u1ec3, KTV10 s\u1edf h\u1eefu phong c\u00e1ch thi\u1ebft k\u1ebf hi\u1ec7n \u0111\u1ea1i v\u1edbi c\u00e1c \u0111\u01b0\u1eddng n\u00e9t g\u1ecdn g\u00e0ng, t\u1ef7 l\u1ec7 c\u00e2n \u0111\u1ed1i v\u00e0 b\u1ed1 c\u1ee5c r\u00f5 r\u00e0ng. Khung k\u1ec7 \u0111\u01b0\u1ee3c l\u00e0m t\u1eeb th\u00e9p s\u01a1n t\u0129nh \u0111i\u1ec7n gi\u00fap t\u0103ng kh\u1ea3 n\u0103ng ch\u1ecbu l\u1ef1c, h\u1ea1n ch\u1ebf rung l\u1eafc v\u00e0 \u0111\u1ea3m b\u1ea3o \u0111\u1ed9 \u1ed5n \u0111\u1ecbnh trong qu\u00e1 tr\u00ecnh s\u1eed d\u1ee5ng l\u00e2u d\u00e0i. Ph\u1ea7n m\u1eb7t v\u00e0 th\u00e2n k\u1ec7 s\u1eed d\u1ee5ng g\u1ed7 Veneer \u00f3c ch\u00f3, n\u1ed5i b\u1eadt v\u1edbi v\u00e2n g\u1ed7 t\u1ef1 nhi\u00ean, m\u00e0u s\u1eafc tr\u1ea7m \u1ea5m, mang \u0111\u1ebfn c\u1ea3m gi\u00e1c sang tr\u1ecdng nh\u01b0ng v\u1eabn g\u1ea7n g\u0169i.<\/p>\n<p data-start=\"1704\" data-end=\"2121\">M\u1ed9t trong nh\u1eefng \u0111i\u1ec3m n\u1ed5i b\u1eadt c\u1ee7a k\u1ec7 tivi KTV10 ch\u00ednh l\u00e0 s\u1ef1 k\u1ebft h\u1ee3p h\u00e0i h\u00f2a gi\u1eefa kim lo\u1ea1i v\u00e0 g\u1ed7. Khung th\u00e9p t\u1ea1o n\u00ean v\u1ebb ch\u1eafc ch\u1eafn, hi\u1ec7n \u0111\u1ea1i, trong khi Veneer \u00f3c ch\u00f3 gi\u00fap c\u00e2n b\u1eb1ng l\u1ea1i c\u1ea3m gi\u00e1c kh\u00f4ng gian, ph\u00f9 h\u1ee3p v\u1edbi nhi\u1ec1u phong c\u00e1ch n\u1ed9i th\u1ea5t t\u1eeb hi\u1ec7n \u0111\u1ea1i, t\u1ed1i gi\u1ea3n cho \u0111\u1ebfn b\u00e1n c\u1ed5 \u0111i\u1ec3n. M\u00e0u s\u1eafc trung t\u00ednh c\u1ee7a s\u1ea3n ph\u1ea9m c\u0169ng gi\u00fap d\u1ec5 d\u00e0ng ph\u1ed1i h\u1ee3p v\u1edbi sofa, b\u00e0n tr\u00e0, th\u1ea3m ho\u1eb7c c\u00e1c v\u1eadt d\u1ee5ng trang tr\u00ed kh\u00e1c trong ph\u00f2ng kh\u00e1ch.<\/p>\n<p data-start=\"2123\" data-end=\"2477\">X\u00e9t v\u1ec1 c\u00f4ng n\u0103ng, KTV10 \u0111\u01b0\u1ee3c thi\u1ebft k\u1ebf v\u1edbi 3 ng\u0103n k\u00e9o ti\u1ec7n d\u1ee5ng, \u0111\u00e1p \u1ee9ng t\u1ed1t nhu c\u1ea7u l\u01b0u tr\u1eef c\u00e1c v\u1eadt d\u1ee5ng th\u01b0\u1eddng d\u00f9ng nh\u01b0 \u0111i\u1ec1u khi\u1ec3n tivi, thi\u1ebft b\u1ecb \u0111i\u1ec7n t\u1eed, s\u00e1ch b\u00e1o ho\u1eb7c ph\u1ee5 ki\u1ec7n trang tr\u00ed. C\u00e1ch b\u1ed1 tr\u00ed ng\u0103n k\u00e9o khoa h\u1ecdc gi\u00fap kh\u00f4ng gian lu\u00f4n g\u1ecdn g\u00e0ng, h\u1ea1n ch\u1ebf b\u1eeba b\u1ed9n, \u0111\u1ed3ng th\u1eddi gi\u1eef \u0111\u01b0\u1ee3c s\u1ef1 tinh t\u1ebf cho khu v\u1ef1c \u0111\u1eb7t tivi \u2013 v\u1ecb tr\u00ed trung t\u00e2m c\u1ee7a ph\u00f2ng kh\u00e1ch.<\/p>\n<p data-start=\"2479\" data-end=\"2867\">K\u00edch th\u01b0\u1edbc W1600 x D400 x H420 mm cho ph\u00e9p k\u1ec7 tivi KTV10 ph\u00f9 h\u1ee3p v\u1edbi \u0111a s\u1ed1 kh\u00f4ng gian ph\u00f2ng kh\u00e1ch c\u0103n h\u1ed9, nh\u00e0 ph\u1ed1 ho\u1eb7c khu v\u1ef1c ti\u1ebfp kh\u00e1ch v\u0103n ph\u00f2ng. Chi\u1ec1u d\u00e0i 1600 mm \u0111\u1ee7 \u0111\u1ec3 b\u1ed1 tr\u00ed c\u00e1c d\u00f2ng tivi ph\u1ed5 bi\u1ebfn hi\u1ec7n nay, \u0111\u1ed3ng th\u1eddi v\u1eabn \u0111\u1ea3m b\u1ea3o kho\u1ea3ng tr\u1ed1ng c\u1ea7n thi\u1ebft cho vi\u1ec7c s\u1eafp x\u1ebfp thi\u1ebft b\u1ecb v\u00e0 ph\u1ee5 ki\u1ec7n. Chi\u1ec1u cao h\u1ee3p l\u00fd gi\u00fap ng\u01b0\u1eddi s\u1eed d\u1ee5ng c\u00f3 g\u00f3c nh\u00ecn tho\u1ea3i m\u00e1i khi xem tivi trong th\u1eddi gian d\u00e0i.<\/p>\n<p data-start=\"2869\" data-end=\"3210\">M\u1ed9t l\u1ee3i th\u1ebf kh\u00e1c c\u1ee7a KTV10 l\u00e0 kh\u1ea3 n\u0103ng s\u1eed d\u1ee5ng \u0111\u1ed3ng b\u1ed9 v\u1edbi b\u00e0n sofa BSF10. Vi\u1ec7c k\u1ebft h\u1ee3p c\u00e1c s\u1ea3n ph\u1ea9m c\u00f9ng d\u00f2ng kh\u00f4ng ch\u1ec9 gi\u00fap kh\u00f4ng gian tr\u1edf n\u00ean th\u1ed1ng nh\u1ea5t v\u1ec1 phong c\u00e1ch m\u00e0 c\u00f2n th\u1ec3 hi\u1ec7n s\u1ef1 \u0111\u1ea7u t\u01b0 nghi\u00eam t\u00fac v\u00e0o thi\u1ebft k\u1ebf n\u1ed9i th\u1ea5t. \u0110\u00e2y l\u00e0 y\u1ebfu t\u1ed1 \u0111\u01b0\u1ee3c nhi\u1ec1u gia \u0111\u00ecnh v\u00e0 doanh nghi\u1ec7p ch\u00fa tr\u1ecdng khi ho\u00e0n thi\u1ec7n ph\u00f2ng kh\u00e1ch ho\u1eb7c khu v\u1ef1c ti\u1ebfp kh\u00e1ch.<\/p>\n<p data-start=\"3212\" data-end=\"3447\">V\u1ec1 l\u00e2u d\u00e0i, k\u1ec7 tivi KTV10 mang l\u1ea1i gi\u00e1 tr\u1ecb s\u1eed d\u1ee5ng \u1ed5n \u0111\u1ecbnh nh\u1edd v\u1eadt li\u1ec7u ch\u1ea5t l\u01b0\u1ee3ng v\u00e0 k\u1ebft c\u1ea5u v\u1eefng ch\u1eafc. B\u1ec1 m\u1eb7t Veneer d\u1ec5 v\u1ec7 sinh, khung th\u00e9p s\u01a1n t\u0129nh \u0111i\u1ec7n b\u1ec1n m\u00e0u, gi\u00fap s\u1ea3n ph\u1ea9m duy tr\u00ec v\u1ebb \u0111\u1eb9p theo th\u1eddi gian v\u00e0 gi\u1ea3m chi ph\u00ed b\u1ea3o d\u01b0\u1ee1ng.<\/p>\n<p data-start=\"3449\" data-end=\"3767\">T\u1ed5ng k\u1ebft l\u1ea1i, k\u1ec7 tivi KTV10 kh\u00f4ng ch\u1ec9 l\u00e0 m\u1ed9t s\u1ea3n ph\u1ea9m n\u1ed9i th\u1ea5t ch\u1ee9c n\u0103ng m\u00e0 c\u00f2n l\u00e0 \u0111i\u1ec3m nh\u1ea5n g\u00f3p ph\u1ea7n ho\u00e0n thi\u1ec7n kh\u00f4ng gian s\u1ed1ng. V\u1edbi thi\u1ebft k\u1ebf hi\u1ec7n \u0111\u1ea1i, ch\u1ea5t li\u1ec7u cao c\u1ea5p v\u00e0 c\u00f4ng n\u0103ng h\u1ee3p l\u00fd, \u0111\u00e2y l\u00e0 l\u1ef1a ch\u1ecdn \u0111\u00e1ng c\u00e2n nh\u1eafc cho nh\u1eefng ai \u0111ang t\u00ecm ki\u1ebfm m\u1ed9t m\u1eabu k\u1ec7 tivi b\u1ec1n \u0111\u1eb9p, \u0111\u1ed3ng b\u1ed9 v\u00e0 mang l\u1ea1i gi\u00e1 tr\u1ecb s\u1eed d\u1ee5ng l\u00e2u d\u00e0i.<\/p>\n","protected":false},"excerpt":{"rendered":"<p data-start=\"258\" data-end=\"599\">K\u1ec7 tivi KTV10 l\u00e0 m\u1eabu k\u1ec7 tivi cao c\u1ea5p \u0111\u01b0\u1ee3c thi\u1ebft k\u1ebf theo phong c\u00e1ch hi\u1ec7n \u0111\u1ea1i, s\u1eed d\u1ee5ng khung th\u00e9p s\u01a1n t\u0129nh \u0111i\u1ec7n ch\u1eafc ch\u1eafn, k\u1ebft h\u1ee3p m\u1eb7t g\u1ed7 Veneer \u00f3c ch\u00f3 sang tr\u1ecdng, mang l\u1ea1i s\u1ef1 b\u1ec1n b\u1ec9 v\u00e0 t\u00ednh th\u1ea9m m\u1ef9 cao cho kh\u00f4ng gian ph\u00f2ng kh\u00e1ch. S\u1ea3n ph\u1ea9m \u0111\u01b0\u1ee3c thi\u1ebft k\u1ebf s\u1eed d\u1ee5ng \u0111\u1ed3ng b\u1ed9 v\u1edbi b\u00e0n sofa BSF10, gi\u00fap t\u1ea1o n\u00ean t\u1ed5ng th\u1ec3 n\u1ed9i th\u1ea5t h\u00e0i h\u00f2a v\u00e0 th\u1ed1ng nh\u1ea5t.<\/p>\n<p data-start=\"601\" data-end=\"639\">K\u00edch th\u01b0\u1edbc: W1600 x D400 x H420 mm<\/p>\n<p data-start=\"641\" data-end=\"747\">Xu\u1ea5t x\u1ee9: S\u1ea3n ph\u1ea9m c\u1ee7a c\u00f4ng ty <strong data-start=\"673\" data-end=\"693\">N\u1ed8I TH\u1ea4T THE ONE<\/strong> \u2013 Ph\u00e2n ph\u1ed1i b\u1edfi <strong data-start=\"710\" data-end=\"746\">C\u00d4NG TY TNHH SXTM TTNT H\u1eeeU TH\u1ecaNH<\/strong>.<\/p>\n<p data-start=\"749\" data-end=\"794\">B\u1ea3o h\u00e0nh: 12 th\u00e1ng theo ti\u00eau chu\u1ea9n nh\u00e0 m\u00e1y.<\/p>\n<p data-start=\"796\" data-end=\"952\"><em data-start=\"796\" data-end=\"804\">L\u01b0u \u00fd: <\/em><em data-start=\"807\" data-end=\"952\">Gi\u00e1 tr\u00ean ch\u01b0a bao g\u1ed3m VAT v\u00e0 ph\u00ed v\u1eadn chuy\u1ec3n. Gi\u00e1 s\u1ea3n ph\u1ea9m c\u00f3 th\u1ec3 thay \u0111\u1ed5i theo t\u1eebng th\u1eddi \u0111i\u1ec3m, vui l\u00f2ng li\u00ean h\u1ec7 \u0111\u1ec3 nh\u1eadn t\u01b0 v\u1ea5n \u01b0u \u0111\u00e3i t\u1ed1t nh\u1ea5t.<\/em><\/p>\n","protected":false},"featured_media":7700,"comment_status":"open","ping_status":"closed","template":"","meta":[],"product_brand":[],"product_cat":[18,389],"product_tag":[],"class_list":{"0":"post-7699","1":"product","2":"type-product","3":"status-publish","4":"has-post-thumbnail","6":"product_cat-noi-that-gia-dinh","7":"product_cat-ke-ti-vi","9":"first","10":"instock","11":"shipping-taxable","12":"purchasable","13":"product-type-simple"},"_links":{"self":[{"href":"https:\/\/noithathuuthinh.vn\/zh-hans\/wp-json\/wp\/v2\/product\/7699","targetHints":{"allow":["GET"]}}],"collection":[{"href":"https:\/\/noithathuuthinh.vn\/zh-hans\/wp-json\/wp\/v2\/product"}],"about":[{"href":"https:\/\/noithathuuthinh.vn\/zh-hans\/wp-json\/wp\/v2\/types\/product"}],"replies":[{"embeddable":true,"href":"https:\/\/noithathuuthinh.vn\/zh-hans\/wp-json\/wp\/v2\/comments?post=7699"}],"wp:featuredmedia":[{"embeddable":true,"href":"https:\/\/noithathuuthinh.vn\/zh-hans\/wp-json\/wp\/v2\/media\/7700"}],"wp:attachment":[{"href":"https:\/\/noithathuuthinh.vn\/zh-hans\/wp-json\/wp\/v2\/media?parent=7699"}],"wp:term":[{"taxonomy":"product_brand","embeddable":true,"href":"https:\/\/noithathuuthinh.vn\/zh-hans\/wp-json\/wp\/v2\/product_brand?post=7699"},{"taxonomy":"product_cat","embeddable":true,"href":"https:\/\/noithathuuthinh.vn\/zh-hans\/wp-json\/wp\/v2\/product_cat?post=7699"},{"taxonomy":"product_tag","embeddable":true,"href":"https:\/\/noithathuuthinh.vn\/zh-hans\/wp-json\/wp\/v2\/product_tag?post=7699"}],"curies":[{"name":"wp","href":"https:\/\/api.w.org\/{rel}","templated":true}]}}