{"id":7703,"date":"2026-01-26T09:39:39","date_gmt":"2026-01-26T02:39:39","guid":{"rendered":"https:\/\/noithathuuthinh.vn\/?post_type=product&#038;p=7703"},"modified":"2026-01-26T09:39:39","modified_gmt":"2026-01-26T02:39:39","slug":"ke-tivi-ktv11","status":"publish","type":"product","link":"https:\/\/noithathuuthinh.vn\/zh-hans\/san-pham\/ke-tivi-ktv11\/","title":{"rendered":"K\u1ec6 TIVI KTV11"},"content":{"rendered":"<p data-start=\"1072\" data-end=\"1418\">K\u1ec7 tivi KTV11 l\u00e0 l\u1ef1a ch\u1ecdn ph\u00f9 h\u1ee3p cho nh\u1eefng kh\u00f4ng gian ph\u00f2ng kh\u00e1ch theo \u0111u\u1ed5i phong c\u00e1ch hi\u1ec7n \u0111\u1ea1i, sang tr\u1ecdng v\u00e0 \u0111\u1ec1 cao t\u00ednh g\u1ecdn g\u00e0ng trong b\u1ed1 tr\u00ed n\u1ed9i th\u1ea5t. S\u1ea3n ph\u1ea9m \u0111\u01b0\u1ee3c thi\u1ebft k\u1ebf d\u1ef1a tr\u00ean s\u1ef1 k\u1ebft h\u1ee3p h\u00e0i h\u00f2a gi\u1eefa v\u1eadt li\u1ec7u cao c\u1ea5p v\u00e0 ng\u00f4n ng\u1eef thi\u1ebft k\u1ebf tinh gi\u1ea3n, \u0111\u00e1p \u1ee9ng \u0111\u1ed3ng th\u1eddi c\u1ea3 y\u00eau c\u1ea7u th\u1ea9m m\u1ef9 l\u1eabn c\u00f4ng n\u0103ng s\u1eed d\u1ee5ng trong sinh ho\u1ea1t h\u1eb1ng ng\u00e0y.<\/p>\n<p data-start=\"1420\" data-end=\"1761\">V\u1ec1 t\u1ed5ng th\u1ec3 thi\u1ebft k\u1ebf, KTV11 s\u1edf h\u1eefu ki\u1ec3u d\u00e1ng hi\u1ec7n \u0111\u1ea1i v\u1edbi c\u00e1c \u0111\u01b0\u1eddng n\u00e9t th\u1eb3ng, d\u1ee9t kho\u00e1t v\u00e0 t\u1ef7 l\u1ec7 c\u00e2n \u0111\u1ed1i. Khung k\u1ec7 s\u1eed d\u1ee5ng Inox gi\u00fap t\u0103ng \u0111\u1ed9 b\u1ec1n, kh\u1ea3 n\u0103ng ch\u1ecbu l\u1ef1c v\u00e0 h\u1ea1n ch\u1ebf t\u1ed1i \u0111a t\u00ecnh tr\u1ea1ng oxy h\u00f3a trong qu\u00e1 tr\u00ecnh s\u1eed d\u1ee5ng l\u00e2u d\u00e0i. \u0110\u00e2y l\u00e0 v\u1eadt li\u1ec7u th\u01b0\u1eddng \u0111\u01b0\u1ee3c \u1ee9ng d\u1ee5ng trong c\u00e1c d\u00f2ng n\u1ed9i th\u1ea5t cao c\u1ea5p nh\u1edd t\u00ednh \u1ed5n \u0111\u1ecbnh v\u00e0 \u0111\u1ed9 b\u1ec1n v\u01b0\u1ee3t tr\u1ed9i.<\/p>\n<p data-start=\"1763\" data-end=\"2207\">Ph\u1ea7n g\u1ed7 c\u1ee7a k\u1ec7 \u0111\u01b0\u1ee3c ho\u00e0n thi\u1ec7n b\u1eb1ng Veneer \u00f3c ch\u00f3 k\u1ebft h\u1ee3p s\u01a1n tr\u1eafng High Glossy, t\u1ea1o n\u00ean s\u1ef1 t\u01b0\u01a1ng ph\u1ea3n m\u00e0u s\u1eafc tinh t\u1ebf. Veneer \u00f3c ch\u00f3 mang l\u1ea1i c\u1ea3m gi\u00e1c \u1ea5m \u00e1p, sang tr\u1ecdng v\u1edbi v\u00e2n g\u1ed7 t\u1ef1 nhi\u00ean, trong khi b\u1ec1 m\u1eb7t s\u01a1n tr\u1eafng b\u00f3ng gi\u00fap kh\u00f4ng gian tr\u1edf n\u00ean s\u00e1ng h\u01a1n, hi\u1ec7n \u0111\u1ea1i h\u01a1n v\u00e0 d\u1ec5 d\u00e0ng ph\u1ed1i h\u1ee3p v\u1edbi c\u00e1c \u0111\u1ed3 n\u1ed9i th\u1ea5t kh\u00e1c. S\u1ef1 k\u1ebft h\u1ee3p n\u00e0y gi\u00fap KTV11 ph\u00f9 h\u1ee3p v\u1edbi nhi\u1ec1u phong c\u00e1ch n\u1ed9i th\u1ea5t, t\u1eeb hi\u1ec7n \u0111\u1ea1i, t\u1ed1i gi\u1ea3n cho \u0111\u1ebfn kh\u00f4ng gian mang t\u00ednh b\u00e1n cao c\u1ea5p.<\/p>\n<p data-start=\"2209\" data-end=\"2542\">X\u00e9t v\u1ec1 c\u00f4ng n\u0103ng, k\u1ec7 tivi KTV11 \u0111\u01b0\u1ee3c thi\u1ebft k\u1ebf v\u1edbi 2 ng\u0103n k\u00e9o ti\u1ec7n l\u1ee3i, \u0111\u00e1p \u1ee9ng nhu c\u1ea7u l\u01b0u tr\u1eef c\u00e1c v\u1eadt d\u1ee5ng th\u01b0\u1eddng d\u00f9ng nh\u01b0 \u0111i\u1ec1u khi\u1ec3n, thi\u1ebft b\u1ecb \u0111i\u1ec7n t\u1eed, ph\u1ee5 ki\u1ec7n trang tr\u00ed ho\u1eb7c gi\u1ea5y t\u1edd nh\u1ecf. C\u00e1ch b\u1ed1 tr\u00ed ng\u0103n k\u00e9o g\u1ecdn g\u00e0ng gi\u00fap khu v\u1ef1c \u0111\u1eb7t tivi lu\u00f4n ng\u0103n n\u1eafp, h\u1ea1n ch\u1ebf s\u1ef1 b\u1eeba b\u1ed9n v\u00e0 gi\u1eef \u0111\u01b0\u1ee3c t\u00ednh th\u1ea9m m\u1ef9 cho kh\u00f4ng gian sinh ho\u1ea1t chung.<\/p>\n<p data-start=\"2544\" data-end=\"2927\">K\u00edch th\u01b0\u1edbc W1600 x D400 x H420 mm \u0111\u01b0\u1ee3c t\u00ednh to\u00e1n ph\u00f9 h\u1ee3p v\u1edbi \u0111a s\u1ed1 ph\u00f2ng kh\u00e1ch c\u0103n h\u1ed9, nh\u00e0 ph\u1ed1 ho\u1eb7c khu v\u1ef1c ti\u1ebfp kh\u00e1ch v\u0103n ph\u00f2ng. Chi\u1ec1u d\u00e0i k\u1ec7 \u0111\u1ee7 \u0111\u1ec3 b\u1ed1 tr\u00ed c\u00e1c d\u00f2ng tivi ph\u1ed5 bi\u1ebfn hi\u1ec7n nay, \u0111\u1ed3ng th\u1eddi v\u1eabn \u0111\u1ea3m b\u1ea3o kho\u1ea3ng tr\u1ed1ng c\u1ea7n thi\u1ebft cho vi\u1ec7c s\u1eafp x\u1ebfp thi\u1ebft b\u1ecb v\u00e0 ph\u1ee5 ki\u1ec7n. Chi\u1ec1u cao h\u1ee3p l\u00fd gi\u00fap ng\u01b0\u1eddi s\u1eed d\u1ee5ng c\u00f3 g\u00f3c nh\u00ecn tho\u1ea3i m\u00e1i khi xem tivi, g\u00f3p ph\u1ea7n n\u00e2ng cao tr\u1ea3i nghi\u1ec7m s\u1eed d\u1ee5ng.<\/p>\n<p data-start=\"2929\" data-end=\"3302\">M\u1ed9t \u0111i\u1ec3m c\u1ed9ng \u0111\u00e1ng ch\u00fa \u00fd c\u1ee7a k\u1ec7 tivi KTV11 l\u00e0 kh\u1ea3 n\u0103ng s\u1eed d\u1ee5ng \u0111\u1ed3ng b\u1ed9 v\u1edbi b\u00e0n sofa BSF11. Vi\u1ec7c k\u1ebft h\u1ee3p c\u00e1c s\u1ea3n ph\u1ea9m c\u00f9ng d\u00f2ng gi\u00fap kh\u00f4ng gian n\u1ed9i th\u1ea5t tr\u1edf n\u00ean th\u1ed1ng nh\u1ea5t v\u1ec1 phong c\u00e1ch, m\u00e0u s\u1eafc v\u00e0 v\u1eadt li\u1ec7u, t\u1eeb \u0111\u00f3 t\u1ea1o c\u1ea3m gi\u00e1c chuy\u00ean nghi\u1ec7p v\u00e0 ch\u1ec9n chu h\u01a1n. \u0110\u00e2y l\u00e0 y\u1ebfu t\u1ed1 quan tr\u1ecdng \u0111\u1ed1i v\u1edbi nh\u1eefng gia ch\u1ee7 ho\u1eb7c doanh nghi\u1ec7p ch\u00fa tr\u1ecdng \u0111\u1ebfn t\u00ednh \u0111\u1ed3ng b\u1ed9 trong thi\u1ebft k\u1ebf n\u1ed9i th\u1ea5t.<\/p>\n<p data-start=\"3304\" data-end=\"3580\">V\u1ec1 gi\u00e1 tr\u1ecb s\u1eed d\u1ee5ng l\u00e2u d\u00e0i, KTV11 mang l\u1ea1i s\u1ef1 y\u00ean t\u00e2m nh\u1edd k\u1ebft c\u1ea5u ch\u1eafc ch\u1eafn, v\u1eadt li\u1ec7u b\u1ec1n b\u1ec9 v\u00e0 b\u1ec1 m\u1eb7t ho\u00e0n thi\u1ec7n d\u1ec5 v\u1ec7 sinh. Khung Inox gi\u00fap s\u1ea3n ph\u1ea9m gi\u1eef \u0111\u01b0\u1ee3c \u0111\u1ed9 \u1ed5n \u0111\u1ecbnh theo th\u1eddi gian, trong khi l\u1edbp Veneer v\u00e0 s\u01a1n High Glossy g\u00f3p ph\u1ea7n duy tr\u00ec v\u1ebb \u0111\u1eb9p th\u1ea9m m\u1ef9, h\u1ea1n ch\u1ebf l\u1ed7i m\u1ed1t.<\/p>\n<p data-start=\"3582\" data-end=\"3933\">T\u1ed5ng k\u1ebft l\u1ea1i, k\u1ec7 tivi KTV11 kh\u00f4ng ch\u1ec9 l\u00e0 m\u1ed9t m\u00f3n \u0111\u1ed3 n\u1ed9i th\u1ea5t ph\u1ee5c v\u1ee5 nhu c\u1ea7u s\u1eed d\u1ee5ng c\u01a1 b\u1ea3n m\u00e0 c\u00f2n l\u00e0 \u0111i\u1ec3m nh\u1ea5n quan tr\u1ecdng trong kh\u00f4ng gian ph\u00f2ng kh\u00e1ch. V\u1edbi thi\u1ebft k\u1ebf hi\u1ec7n \u0111\u1ea1i, v\u1eadt li\u1ec7u cao c\u1ea5p, c\u00f4ng n\u0103ng h\u1ee3p l\u00fd v\u00e0 kh\u1ea3 n\u0103ng ph\u1ed1i h\u1ee3p \u0111\u1ed3ng b\u1ed9, \u0111\u00e2y l\u00e0 l\u1ef1a ch\u1ecdn \u0111\u00e1ng \u0111\u1ea7u t\u01b0 cho nh\u1eefng kh\u00f4ng gian s\u1ed1ng y\u00eau c\u1ea7u s\u1ef1 tinh t\u1ebf, g\u1ecdn g\u00e0ng v\u00e0 b\u1ec1n v\u1eefng theo th\u1eddi gian.<\/p>\n","protected":false},"excerpt":{"rendered":"<p data-start=\"299\" data-end=\"672\">K\u1ec7 tivi KTV11 l\u00e0 m\u1eabu k\u1ec7 tivi cao c\u1ea5p \u0111\u01b0\u1ee3c thi\u1ebft k\u1ebf theo phong c\u00e1ch hi\u1ec7n \u0111\u1ea1i, s\u1eed d\u1ee5ng khung Inox ch\u1eafc ch\u1eafn k\u1ebft h\u1ee3p ph\u1ea7n g\u1ed7 Veneer \u00f3c ch\u00f3 v\u00e0 s\u01a1n tr\u1eafng High Glossy, mang l\u1ea1i v\u1ebb \u0111\u1eb9p sang tr\u1ecdng, tinh t\u1ebf cho kh\u00f4ng gian ph\u00f2ng kh\u00e1ch. S\u1ea3n ph\u1ea9m c\u00f3 2 ng\u0103n k\u00e9o ti\u1ec7n d\u1ee5ng, \u0111\u1ed3ng th\u1eddi \u0111\u01b0\u1ee3c thi\u1ebft k\u1ebf s\u1eed d\u1ee5ng \u0111\u1ed3ng b\u1ed9 v\u1edbi b\u00e0n sofa BSF11, gi\u00fap t\u1ea1o n\u00ean t\u1ed5ng th\u1ec3 n\u1ed9i th\u1ea5t h\u00e0i h\u00f2a v\u00e0 th\u1ed1ng nh\u1ea5t.<\/p>\n<p data-start=\"674\" data-end=\"712\">K\u00edch th\u01b0\u1edbc: W1600 x D400 x H420 mm<\/p>\n<p data-start=\"714\" data-end=\"820\">Xu\u1ea5t x\u1ee9: S\u1ea3n ph\u1ea9m c\u1ee7a c\u00f4ng ty <strong data-start=\"746\" data-end=\"766\">N\u1ed8I TH\u1ea4T THE ONE<\/strong> \u2013 Ph\u00e2n ph\u1ed1i b\u1edfi <strong data-start=\"783\" data-end=\"819\">C\u00d4NG TY TNHH SXTM TTNT H\u1eeeU TH\u1ecaNH<\/strong>.<\/p>\n<p data-start=\"822\" data-end=\"867\">B\u1ea3o h\u00e0nh: 12 th\u00e1ng theo ti\u00eau chu\u1ea9n nh\u00e0 m\u00e1y.<\/p>\n<p data-start=\"869\" data-end=\"1025\"><em data-start=\"869\" data-end=\"877\">L\u01b0u \u00fd: <\/em><em data-start=\"880\" data-end=\"1025\">Gi\u00e1 tr\u00ean ch\u01b0a bao g\u1ed3m VAT v\u00e0 ph\u00ed v\u1eadn chuy\u1ec3n. Gi\u00e1 s\u1ea3n ph\u1ea9m c\u00f3 th\u1ec3 thay \u0111\u1ed5i theo t\u1eebng th\u1eddi \u0111i\u1ec3m, vui l\u00f2ng li\u00ean h\u1ec7 \u0111\u1ec3 nh\u1eadn t\u01b0 v\u1ea5n \u01b0u \u0111\u00e3i t\u1ed1t nh\u1ea5t.<\/em><\/p>\n","protected":false},"featured_media":7706,"comment_status":"open","ping_status":"closed","template":"","meta":[],"product_brand":[],"product_cat":[18,389],"product_tag":[],"class_list":{"0":"post-7703","1":"product","2":"type-product","3":"status-publish","4":"has-post-thumbnail","6":"product_cat-noi-that-gia-dinh","7":"product_cat-ke-ti-vi","9":"first","10":"instock","11":"taxable","12":"shipping-taxable","13":"purchasable","14":"product-type-simple"},"_links":{"self":[{"href":"https:\/\/noithathuuthinh.vn\/zh-hans\/wp-json\/wp\/v2\/product\/7703","targetHints":{"allow":["GET"]}}],"collection":[{"href":"https:\/\/noithathuuthinh.vn\/zh-hans\/wp-json\/wp\/v2\/product"}],"about":[{"href":"https:\/\/noithathuuthinh.vn\/zh-hans\/wp-json\/wp\/v2\/types\/product"}],"replies":[{"embeddable":true,"href":"https:\/\/noithathuuthinh.vn\/zh-hans\/wp-json\/wp\/v2\/comments?post=7703"}],"wp:featuredmedia":[{"embeddable":true,"href":"https:\/\/noithathuuthinh.vn\/zh-hans\/wp-json\/wp\/v2\/media\/7706"}],"wp:attachment":[{"href":"https:\/\/noithathuuthinh.vn\/zh-hans\/wp-json\/wp\/v2\/media?parent=7703"}],"wp:term":[{"taxonomy":"product_brand","embeddable":true,"href":"https:\/\/noithathuuthinh.vn\/zh-hans\/wp-json\/wp\/v2\/product_brand?post=7703"},{"taxonomy":"product_cat","embeddable":true,"href":"https:\/\/noithathuuthinh.vn\/zh-hans\/wp-json\/wp\/v2\/product_cat?post=7703"},{"taxonomy":"product_tag","embeddable":true,"href":"https:\/\/noithathuuthinh.vn\/zh-hans\/wp-json\/wp\/v2\/product_tag?post=7703"}],"curies":[{"name":"wp","href":"https:\/\/api.w.org\/{rel}","templated":true}]}}