{"id":7718,"date":"2026-01-26T11:03:29","date_gmt":"2026-01-26T04:03:29","guid":{"rendered":"https:\/\/noithathuuthinh.vn\/?post_type=product&#038;p=7718"},"modified":"2026-01-26T11:05:03","modified_gmt":"2026-01-26T04:05:03","slug":"ke-tivi-ktv19-20","status":"publish","type":"product","link":"https:\/\/noithathuuthinh.vn\/zh-hans\/san-pham\/ke-tivi-ktv19-20\/","title":{"rendered":"K\u1ec7 tivi KTV19-20"},"content":{"rendered":"<p data-start=\"948\" data-end=\"1267\">K\u1ec7 tivi KTV19-20 l\u00e0 l\u1ef1a ch\u1ecdn ph\u00f9 h\u1ee3p cho nh\u1eefng kh\u00f4ng gian ph\u00f2ng kh\u00e1ch \u0111\u1ec1 cao s\u1ef1 sang tr\u1ecdng, b\u1ec1n b\u1ec9 v\u00e0 t\u00ednh \u0111\u1ed3ng b\u1ed9 trong thi\u1ebft k\u1ebf n\u1ed9i th\u1ea5t. S\u1ea3n ph\u1ea9m \u0111\u01b0\u1ee3c nghi\u00ean c\u1ee9u k\u1ef9 l\u01b0\u1ee1ng t\u1eeb v\u1eadt li\u1ec7u \u0111\u1ebfn ki\u1ec3u d\u00e1ng, nh\u1eb1m mang l\u1ea1i tr\u1ea3i nghi\u1ec7m s\u1eed d\u1ee5ng \u1ed5n \u0111\u1ecbnh l\u00e2u d\u00e0i, \u0111\u1ed3ng th\u1eddi g\u00f3p ph\u1ea7n n\u00e2ng t\u1ea7m th\u1ea9m m\u1ef9 cho kh\u00f4ng gian sinh ho\u1ea1t chung.<\/p>\n<p data-start=\"1269\" data-end=\"1663\">V\u1ec1 t\u1ed5ng th\u1ec3, KTV19\u201320 s\u1edf h\u1eefu phong c\u00e1ch thi\u1ebft k\u1ebf hi\u1ec7n \u0111\u1ea1i v\u1edbi c\u00e1c \u0111\u01b0\u1eddng n\u00e9t g\u1ecdn g\u00e0ng, t\u1ef7 l\u1ec7 c\u00e2n \u0111\u1ed1i v\u00e0 b\u1ed1 c\u1ee5c r\u00f5 r\u00e0ng. Khung k\u1ec7 s\u1eed d\u1ee5ng g\u1ed7 t\u1ef1 nhi\u00ean gi\u00fap t\u0103ng \u0111\u1ed9 ch\u1eafc ch\u1eafn v\u00e0 t\u1ea1o c\u1ea3m gi\u00e1c v\u1eefng ch\u00e3i, trong khi ph\u1ea7n g\u1ed7 c\u00f4ng nghi\u1ec7p ph\u1ee7 s\u01a1n cao c\u1ea5p mang l\u1ea1i b\u1ec1 m\u1eb7t m\u1ecbn \u0111\u1eb9p, d\u1ec5 v\u1ec7 sinh v\u00e0 ph\u00f9 h\u1ee3p v\u1edbi nh\u1ecbp s\u1ed1ng hi\u1ec7n \u0111\u1ea1i. S\u1ef1 k\u1ebft h\u1ee3p n\u00e0y gi\u00fap s\u1ea3n ph\u1ea9m v\u1eeba \u0111\u1ea3m b\u1ea3o \u0111\u1ed9 b\u1ec1n, v\u1eeba \u0111\u1ea1t \u0111\u01b0\u1ee3c t\u00ednh th\u1ea9m m\u1ef9 cao.<\/p>\n<p data-start=\"1665\" data-end=\"2050\">M\u1eb7t k\u1ec7 \u0111\u01b0\u1ee3c ho\u00e0n thi\u1ec7n b\u1eb1ng Veneer \u00f3c ch\u00f3 v\u1edbi v\u00e2n g\u1ed7 t\u1ef1 nhi\u00ean tinh t\u1ebf, mang l\u1ea1i c\u1ea3m gi\u00e1c \u1ea5m \u00e1p v\u00e0 sang tr\u1ecdng cho kh\u00f4ng gian. Gam m\u00e0u tr\u1ea7m c\u1ee7a Veneer \u00f3c ch\u00f3 d\u1ec5 d\u00e0ng ph\u1ed1i h\u1ee3p v\u1edbi nhi\u1ec1u phong c\u00e1ch n\u1ed9i th\u1ea5t kh\u00e1c nhau, t\u1eeb hi\u1ec7n \u0111\u1ea1i, t\u1ed1i gi\u1ea3n cho \u0111\u1ebfn nh\u1eefng kh\u00f4ng gian mang h\u01a1i h\u01b0\u1edbng b\u00e1n c\u1ed5 \u0111i\u1ec3n. \u0110\u00e2y c\u0169ng l\u00e0 y\u1ebfu t\u1ed1 gi\u00fap KTV19\u201320 tr\u1edf th\u00e0nh \u0111i\u1ec3m nh\u1ea5n nh\u1eb9 nh\u00e0ng nh\u01b0ng hi\u1ec7u qu\u1ea3 trong ph\u00f2ng kh\u00e1ch.<\/p>\n<p data-start=\"2052\" data-end=\"2406\">X\u00e9t v\u1ec1 c\u00f4ng n\u0103ng, k\u1ec7 tivi KTV19\u201320 \u0111\u00e1p \u1ee9ng t\u1ed1t nhu c\u1ea7u s\u1eed d\u1ee5ng h\u1eb1ng ng\u00e0y v\u1edbi m\u1eb7t k\u1ec7 r\u1ed9ng r\u00e3i, ph\u00f9 h\u1ee3p b\u1ed1 tr\u00ed c\u00e1c d\u00f2ng tivi k\u00edch th\u01b0\u1edbc l\u1edbn c\u00f9ng thi\u1ebft b\u1ecb \u0111i k\u00e8m nh\u01b0 loa, \u0111\u1ea7u thu ho\u1eb7c v\u1eadt d\u1ee5ng trang tr\u00ed. Ph\u1ea7n th\u00e2n k\u1ec7 \u0111\u01b0\u1ee3c thi\u1ebft k\u1ebf khoa h\u1ecdc, t\u1ea1o \u0111i\u1ec1u ki\u1ec7n thu\u1eadn l\u1ee3i cho vi\u1ec7c s\u1eafp x\u1ebfp ph\u1ee5 ki\u1ec7n, gi\u00fap khu v\u1ef1c trung t\u00e2m ph\u00f2ng kh\u00e1ch lu\u00f4n g\u1ecdn g\u00e0ng v\u00e0 th\u00f4ng tho\u00e1ng.<\/p>\n<p data-start=\"2408\" data-end=\"2797\">K\u00edch th\u01b0\u1edbc W2000 x D400 x H420 mm gi\u00fap s\u1ea3n ph\u1ea9m ph\u00f9 h\u1ee3p v\u1edbi nh\u1eefng kh\u00f4ng gian ph\u00f2ng kh\u00e1ch c\u00f3 di\u1ec7n t\u00edch v\u1eeba \u0111\u1ebfn l\u1edbn. Chi\u1ec1u d\u00e0i 2000 mm cho ph\u00e9p b\u1ed1 tr\u00ed tivi m\u00e0n h\u00ecnh l\u1edbn v\u00e0 m\u1edf r\u1ed9ng kh\u00f4ng gian tr\u01b0ng b\u00e0y, trong khi chi\u1ec1u s\u00e2u v\u00e0 chi\u1ec1u cao h\u1ee3p l\u00fd gi\u00fap t\u1ed5ng th\u1ec3 k\u1ec7 kh\u00f4ng g\u00e2y c\u1ea3m gi\u00e1c n\u1eb7ng n\u1ec1. Thi\u1ebft k\u1ebf n\u00e0y mang l\u1ea1i s\u1ef1 c\u00e2n \u0111\u1ed1i, \u0111\u1ed3ng th\u1eddi \u0111\u1ea3m b\u1ea3o g\u00f3c nh\u00ecn tho\u1ea3i m\u00e1i khi xem tivi trong th\u1eddi gian d\u00e0i.<\/p>\n<p data-start=\"2799\" data-end=\"3134\">M\u1ed9t \u01b0u \u0111i\u1ec3m \u0111\u00e1ng ch\u00fa \u00fd c\u1ee7a KTV19\u201320 l\u00e0 kh\u1ea3 n\u0103ng s\u1eed d\u1ee5ng \u0111\u1ed3ng b\u1ed9 v\u1edbi b\u00e0n sofa BSF19. Vi\u1ec7c k\u1ebft h\u1ee3p c\u00e1c s\u1ea3n ph\u1ea9m c\u00f9ng d\u00f2ng gi\u00fap kh\u00f4ng gian n\u1ed9i th\u1ea5t tr\u1edf n\u00ean th\u1ed1ng nh\u1ea5t v\u1ec1 phong c\u00e1ch, v\u1eadt li\u1ec7u v\u00e0 m\u00e0u s\u1eafc, t\u1ea1o c\u1ea3m gi\u00e1c chuy\u00ean nghi\u1ec7p v\u00e0 ch\u1ec9n chu. \u0110\u00e2y l\u00e0 l\u1ef1a ch\u1ecdn ph\u00f9 h\u1ee3p cho c\u1ea3 gia \u0111\u00ecnh l\u1eabn c\u00e1c kh\u00f4ng gian ti\u1ebfp kh\u00e1ch y\u00eau c\u1ea7u t\u00ednh \u0111\u1ed3ng b\u1ed9 cao.<\/p>\n<p data-start=\"3136\" data-end=\"3428\">V\u1ec1 gi\u00e1 tr\u1ecb s\u1eed d\u1ee5ng l\u00e2u d\u00e0i, k\u1ec7 tivi KTV19\u201320 mang l\u1ea1i s\u1ef1 y\u00ean t\u00e2m nh\u1edd k\u1ebft c\u1ea5u v\u1eefng ch\u1eafc t\u1eeb g\u1ed7 t\u1ef1 nhi\u00ean, b\u1ec1 m\u1eb7t ph\u1ee7 s\u01a1n cao c\u1ea5p v\u00e0 l\u1edbp Veneer ho\u00e0n thi\u1ec7n tinh t\u1ebf. C\u00e1c v\u1eadt li\u1ec7u n\u00e0y kh\u00f4ng ch\u1ec9 gi\u00fap s\u1ea3n ph\u1ea9m gi\u1eef \u0111\u01b0\u1ee3c v\u1ebb \u0111\u1eb9p theo th\u1eddi gian m\u00e0 c\u00f2n h\u1ea1n ch\u1ebf cong v\u00eanh, tr\u1ea7y x\u01b0\u1edbc trong qu\u00e1 tr\u00ecnh s\u1eed d\u1ee5ng.<\/p>\n<p data-start=\"3430\" data-end=\"3779\">T\u1ed5ng k\u1ebft l\u1ea1i, k\u1ec7 tivi KTV19\u201320 kh\u00f4ng ch\u1ec9 l\u00e0 m\u00f3n \u0111\u1ed3 n\u1ed9i th\u1ea5t ph\u1ee5c v\u1ee5 nhu c\u1ea7u \u0111\u1eb7t tivi m\u00e0 c\u00f2n l\u00e0 y\u1ebfu t\u1ed1 quan tr\u1ecdng g\u00f3p ph\u1ea7n ho\u00e0n thi\u1ec7n kh\u00f4ng gian s\u1ed1ng. V\u1edbi thi\u1ebft k\u1ebf hi\u1ec7n \u0111\u1ea1i, v\u1eadt li\u1ec7u ch\u1ea5t l\u01b0\u1ee3ng v\u00e0 kh\u1ea3 n\u0103ng ph\u1ed1i h\u1ee3p \u0111\u1ed3ng b\u1ed9, \u0111\u00e2y l\u00e0 l\u1ef1a ch\u1ecdn \u0111\u00e1ng \u0111\u1ea7u t\u01b0 cho nh\u1eefng ai \u0111ang t\u00ecm ki\u1ebfm m\u1ed9t m\u1eabu k\u1ec7 tivi b\u1ec1n \u0111\u1eb9p, ti\u1ec7n d\u1ee5ng v\u00e0 mang l\u1ea1i gi\u00e1 tr\u1ecb s\u1eed d\u1ee5ng l\u00e2u d\u00e0i.<\/p>\n","protected":false},"excerpt":{"rendered":"<p data-start=\"198\" data-end=\"559\">K\u1ec7 tivi KTV19-20 l\u00e0 m\u1eabu k\u1ec7 tivi cao c\u1ea5p \u0111\u01b0\u1ee3c thi\u1ebft k\u1ebf theo phong c\u00e1ch hi\u1ec7n \u0111\u1ea1i, s\u1eed d\u1ee5ng khung g\u1ed7 t\u1ef1 nhi\u00ean k\u1ebft h\u1ee3p g\u1ed7 c\u00f4ng nghi\u1ec7p ph\u1ee7 s\u01a1n cao c\u1ea5p, m\u1eb7t k\u1ec7 ho\u00e0n thi\u1ec7n b\u1eb1ng Veneer \u00f3c ch\u00f3, mang l\u1ea1i v\u1ebb \u0111\u1eb9p sang tr\u1ecdng v\u00e0 c\u1ea3m gi\u00e1c \u1ea5m \u00e1p cho kh\u00f4ng gian ph\u00f2ng kh\u00e1ch. S\u1ea3n ph\u1ea9m \u0111\u01b0\u1ee3c thi\u1ebft k\u1ebf \u0111\u1ed3ng b\u1ed9 v\u1edbi b\u00e0n sofa BSF19, gi\u00fap t\u1ea1o n\u00ean t\u1ed5ng th\u1ec3 n\u1ed9i th\u1ea5t h\u00e0i h\u00f2a v\u00e0 th\u1ed1ng nh\u1ea5t.<\/p>\n<p data-start=\"561\" data-end=\"901\">K\u00edch th\u01b0\u1edbc: W2000 x D400 x H420 mm<br data-start=\"595\" data-end=\"598\" \/>Xu\u1ea5t x\u1ee9: S\u1ea3n ph\u1ea9m c\u1ee7a c\u00f4ng ty <strong data-start=\"628\" data-end=\"648\">N\u1ed8I TH\u1ea4T THE ONE<\/strong> \u2013 Ph\u00e2n ph\u1ed1i b\u1edfi <strong data-start=\"665\" data-end=\"701\">C\u00d4NG TY TNHH SXTM TTNT H\u1eeeU TH\u1ecaNH<\/strong>.<br data-start=\"702\" data-end=\"705\" \/>B\u1ea3o h\u00e0nh: 12 th\u00e1ng theo ti\u00eau chu\u1ea9n nh\u00e0 m\u00e1y.<br data-start=\"748\" data-end=\"751\" \/>L\u01b0u \u00fd: Gi\u00e1 tr\u00ean ch\u01b0a bao g\u1ed3m VAT v\u00e0 ph\u00ed v\u1eadn chuy\u1ec3n. Gi\u00e1 s\u1ea3n ph\u1ea9m c\u00f3 th\u1ec3 thay \u0111\u1ed5i theo t\u1eebng th\u1eddi \u0111i\u1ec3m, vui l\u00f2ng li\u00ean h\u1ec7 \u0111\u1ec3 nh\u1eadn t\u01b0 v\u1ea5n \u01b0u \u0111\u00e3i t\u1ed1t nh\u1ea5t.<\/p>\n","protected":false},"featured_media":7720,"comment_status":"open","ping_status":"closed","template":"","meta":[],"product_brand":[],"product_cat":[18,389],"product_tag":[],"class_list":{"0":"post-7718","1":"product","2":"type-product","3":"status-publish","4":"has-post-thumbnail","6":"product_cat-noi-that-gia-dinh","7":"product_cat-ke-ti-vi","9":"first","10":"instock","11":"shipping-taxable","12":"purchasable","13":"product-type-simple"},"_links":{"self":[{"href":"https:\/\/noithathuuthinh.vn\/zh-hans\/wp-json\/wp\/v2\/product\/7718","targetHints":{"allow":["GET"]}}],"collection":[{"href":"https:\/\/noithathuuthinh.vn\/zh-hans\/wp-json\/wp\/v2\/product"}],"about":[{"href":"https:\/\/noithathuuthinh.vn\/zh-hans\/wp-json\/wp\/v2\/types\/product"}],"replies":[{"embeddable":true,"href":"https:\/\/noithathuuthinh.vn\/zh-hans\/wp-json\/wp\/v2\/comments?post=7718"}],"wp:featuredmedia":[{"embeddable":true,"href":"https:\/\/noithathuuthinh.vn\/zh-hans\/wp-json\/wp\/v2\/media\/7720"}],"wp:attachment":[{"href":"https:\/\/noithathuuthinh.vn\/zh-hans\/wp-json\/wp\/v2\/media?parent=7718"}],"wp:term":[{"taxonomy":"product_brand","embeddable":true,"href":"https:\/\/noithathuuthinh.vn\/zh-hans\/wp-json\/wp\/v2\/product_brand?post=7718"},{"taxonomy":"product_cat","embeddable":true,"href":"https:\/\/noithathuuthinh.vn\/zh-hans\/wp-json\/wp\/v2\/product_cat?post=7718"},{"taxonomy":"product_tag","embeddable":true,"href":"https:\/\/noithathuuthinh.vn\/zh-hans\/wp-json\/wp\/v2\/product_tag?post=7718"}],"curies":[{"name":"wp","href":"https:\/\/api.w.org\/{rel}","templated":true}]}}