{"id":7735,"date":"2026-01-26T15:01:20","date_gmt":"2026-01-26T08:01:20","guid":{"rendered":"https:\/\/noithathuuthinh.vn\/?post_type=product&#038;p=7735"},"modified":"2026-01-26T15:01:20","modified_gmt":"2026-01-26T08:01:20","slug":"ke-tivi-ktv301","status":"publish","type":"product","link":"https:\/\/noithathuuthinh.vn\/zh-hans\/san-pham\/ke-tivi-ktv301\/","title":{"rendered":"K\u1ec7 tivi KTV301"},"content":{"rendered":"<p data-start=\"972\" data-end=\"1325\">K\u1ec7 tivi KTV301 l\u00e0 gi\u1ea3i ph\u00e1p n\u1ed9i th\u1ea5t ph\u00f9 h\u1ee3p cho nh\u1eefng kh\u00f4ng gian ph\u00f2ng kh\u00e1ch \u0111\u1ec1 cao t\u00ednh ti\u1ec7n d\u1ee5ng, s\u1ef1 g\u1ecdn g\u00e0ng v\u00e0 phong c\u00e1ch hi\u1ec7n \u0111\u1ea1i. V\u1edbi thi\u1ebft k\u1ebf t\u1eadp trung v\u00e0o c\u00f4ng n\u0103ng l\u01b0u tr\u1eef k\u1ebft h\u1ee3p b\u1ec1 m\u1eb7t ho\u00e0n thi\u1ec7n v\u00e2n \u00f3c ch\u00f3 sang tr\u1ecdng, s\u1ea3n ph\u1ea9m kh\u00f4ng ch\u1ec9 \u0111\u00e1p \u1ee9ng nhu c\u1ea7u s\u1eed d\u1ee5ng h\u1eb1ng ng\u00e0y m\u00e0 c\u00f2n g\u00f3p ph\u1ea7n t\u1ea1o \u0111i\u1ec3m nh\u1ea5n th\u1ea9m m\u1ef9 cho kh\u00f4ng gian sinh ho\u1ea1t chung.<\/p>\n<p data-start=\"1327\" data-end=\"1724\">V\u1ec1 t\u1ed5ng th\u1ec3, KTV301 s\u1edf h\u1eefu ki\u1ec3u d\u00e1ng \u0111\u01a1n gi\u1ea3n v\u1edbi c\u00e1c \u0111\u01b0\u1eddng n\u00e9t th\u1eb3ng, b\u1ed1 c\u1ee5c r\u00f5 r\u00e0ng v\u00e0 t\u1ef7 l\u1ec7 c\u00e2n \u0111\u1ed1i. To\u00e0n b\u1ed9 th\u00e2n k\u1ec7 \u0111\u01b0\u1ee3c l\u00e0m t\u1eeb g\u1ed7 c\u00f4ng nghi\u1ec7p Melamine cao c\u1ea5p, n\u1ed5i b\u1eadt v\u1edbi b\u1ec1 m\u1eb7t v\u00e2n \u00f3c ch\u00f3 t\u1ef1 nhi\u00ean, mang l\u1ea1i c\u1ea3m gi\u00e1c \u1ea5m \u00e1p v\u00e0 d\u1ec5 d\u00e0ng ph\u1ed1i h\u1ee3p v\u1edbi nhi\u1ec1u phong c\u00e1ch n\u1ed9i th\u1ea5t kh\u00e1c nhau. L\u1edbp ph\u1ee7 Melamine gi\u00fap t\u0103ng kh\u1ea3 n\u0103ng ch\u1ed1ng tr\u1ea7y x\u01b0\u1edbc, h\u1ea1n ch\u1ebf b\u00e1m b\u1ea9n v\u00e0 thu\u1eadn ti\u1ec7n trong qu\u00e1 tr\u00ecnh v\u1ec7 sinh.<\/p>\n<p data-start=\"1726\" data-end=\"2052\">\u0110i\u1ec3m n\u1ed5i b\u1eadt c\u1ee7a k\u1ec7 tivi KTV301 n\u1eb1m \u1edf h\u1ec7 th\u1ed1ng 04 ng\u0103n k\u00e9o r\u1ed9ng r\u00e3i, cho ph\u00e9p l\u01b0u tr\u1eef hi\u1ec7u qu\u1ea3 c\u00e1c v\u1eadt d\u1ee5ng th\u01b0\u1eddng d\u00f9ng nh\u01b0 \u0111i\u1ec1u khi\u1ec3n, thi\u1ebft b\u1ecb \u0111i\u1ec7n t\u1eed, d\u00e2y c\u00e1p, s\u00e1ch b\u00e1o ho\u1eb7c ph\u1ee5 ki\u1ec7n nh\u1ecf. Thi\u1ebft k\u1ebf ng\u0103n k\u00e9o khoa h\u1ecdc gi\u00fap khu v\u1ef1c \u0111\u1eb7t tivi lu\u00f4n g\u1ecdn g\u00e0ng, h\u1ea1n ch\u1ebf t\u00ecnh tr\u1ea1ng b\u1eeba b\u1ed9n v\u00e0 gi\u1eef \u0111\u01b0\u1ee3c s\u1ef1 th\u00f4ng tho\u00e1ng cho ph\u00f2ng kh\u00e1ch.<\/p>\n<p data-start=\"2054\" data-end=\"2368\">X\u00e9t v\u1ec1 c\u00f4ng n\u0103ng s\u1eed d\u1ee5ng, m\u1eb7t k\u1ec7 r\u1ed9ng r\u00e3i cho ph\u00e9p b\u1ed1 tr\u00ed tivi c\u00f9ng c\u00e1c thi\u1ebft b\u1ecb \u0111i k\u00e8m nh\u01b0 loa, \u0111\u1ea7u thu ho\u1eb7c v\u1eadt d\u1ee5ng trang tr\u00ed. C\u00e1ch t\u1ed5 ch\u1ee9c b\u1ed1 c\u1ee5c h\u1ee3p l\u00fd gi\u00fap ng\u01b0\u1eddi d\u00f9ng d\u1ec5 d\u00e0ng s\u1eafp x\u1ebfp v\u00e0 qu\u1ea3n l\u00fd \u0111\u1ed3 \u0111\u1ea1c, \u0111\u1ed3ng th\u1eddi t\u1ed1i \u01b0u di\u1ec7n t\u00edch s\u1eed d\u1ee5ng, \u0111\u1eb7c bi\u1ec7t ph\u00f9 h\u1ee3p v\u1edbi c\u00e1c c\u0103n h\u1ed9 ho\u1eb7c kh\u00f4ng gian c\u00f3 di\u1ec7n t\u00edch v\u1eeba ph\u1ea3i.<\/p>\n<p data-start=\"2370\" data-end=\"2679\">K\u00edch th\u01b0\u1edbc W1600 x D400 x H480 mm \u0111\u01b0\u1ee3c t\u00ednh to\u00e1n ph\u00f9 h\u1ee3p v\u1edbi \u0111a s\u1ed1 ph\u00f2ng kh\u00e1ch hi\u1ec7n nay. Chi\u1ec1u d\u00e0i 1600 mm \u0111\u00e1p \u1ee9ng t\u1ed1t cho c\u00e1c d\u00f2ng tivi ph\u1ed5 bi\u1ebfn, trong khi chi\u1ec1u s\u00e2u v\u00e0 chi\u1ec1u cao h\u1ee3p l\u00fd gi\u00fap s\u1ea3n ph\u1ea9m kh\u00f4ng chi\u1ebfm qu\u00e1 nhi\u1ec1u di\u1ec7n t\u00edch s\u00e0n, mang l\u1ea1i c\u1ea3m gi\u00e1c c\u00e2n \u0111\u1ed1i v\u00e0 tho\u1ea3i m\u00e1i khi s\u1eed d\u1ee5ng trong th\u1eddi gian d\u00e0i.<\/p>\n<p data-start=\"2681\" data-end=\"2988\">M\u1ed9t \u01b0u \u0111i\u1ec3m \u0111\u00e1ng ch\u00fa \u00fd c\u1ee7a KTV301 l\u00e0 kh\u1ea3 n\u0103ng t\u1ea1o s\u1ef1 \u0111\u1ed3ng b\u1ed9 trong kh\u00f4ng gian khi k\u1ebft h\u1ee3p v\u1edbi c\u00e1c s\u1ea3n ph\u1ea9m c\u00f9ng d\u00f2ng. Vi\u1ec7c s\u1eed d\u1ee5ng k\u1ec7 tivi KTV301 trong c\u00f9ng b\u1ed9 s\u01b0u t\u1eadp gi\u00fap t\u1ed5ng th\u1ec3 n\u1ed9i th\u1ea5t tr\u1edf n\u00ean th\u1ed1ng nh\u1ea5t v\u1ec1 m\u00e0u s\u1eafc, v\u1eadt li\u1ec7u v\u00e0 phong c\u00e1ch, t\u1eeb \u0111\u00f3 n\u00e2ng cao t\u00ednh chuy\u00ean nghi\u1ec7p v\u00e0 th\u1ea9m m\u1ef9 cho ph\u00f2ng kh\u00e1ch.<\/p>\n<p data-start=\"2990\" data-end=\"3254\">V\u1ec1 gi\u00e1 tr\u1ecb s\u1eed d\u1ee5ng l\u00e2u d\u00e0i, k\u1ec7 tivi KTV301 mang l\u1ea1i s\u1ef1 y\u00ean t\u00e2m nh\u1edd k\u1ebft c\u1ea5u \u1ed5n \u0111\u1ecbnh, b\u1ec1 m\u1eb7t Melamine b\u1ec1n b\u1ec9 v\u00e0 thi\u1ebft k\u1ebf t\u1ed1i gi\u1ea3n h\u1ea1n ch\u1ebf l\u1ed7i m\u1ed1t. C\u00e1c \u0111\u1eb7c t\u00ednh n\u00e0y gi\u00fap s\u1ea3n ph\u1ea9m duy tr\u00ec v\u1ebb \u0111\u1eb9p theo th\u1eddi gian, \u0111\u1ed3ng th\u1eddi gi\u1ea3m chi ph\u00ed b\u1ea3o d\u01b0\u1ee1ng trong qu\u00e1 tr\u00ecnh s\u1eed d\u1ee5ng.<\/p>\n<p data-start=\"3256\" data-end=\"3614\">T\u1ed5ng k\u1ebft l\u1ea1i, k\u1ec7 tivi KTV301 kh\u00f4ng ch\u1ec9 l\u00e0 m\u00f3n \u0111\u1ed3 n\u1ed9i th\u1ea5t ph\u1ee5c v\u1ee5 nhu c\u1ea7u \u0111\u1eb7t tivi m\u00e0 c\u00f2n l\u00e0 gi\u1ea3i ph\u00e1p l\u01b0u tr\u1eef hi\u1ec7u qu\u1ea3 cho ph\u00f2ng kh\u00e1ch hi\u1ec7n \u0111\u1ea1i. V\u1edbi thi\u1ebft k\u1ebf g\u1ecdn g\u00e0ng, 04 ng\u0103n k\u00e9o ti\u1ec7n d\u1ee5ng, b\u1ec1 m\u1eb7t v\u00e2n \u00f3c ch\u00f3 sang tr\u1ecdng v\u00e0 k\u00edch th\u01b0\u1edbc h\u1ee3p l\u00fd, \u0111\u00e2y l\u00e0 l\u1ef1a ch\u1ecdn \u0111\u00e1ng c\u00e2n nh\u1eafc cho nh\u1eefng kh\u00f4ng gian s\u1ed1ng y\u00eau c\u1ea7u s\u1ef1 ti\u1ec7n nghi, ng\u0103n n\u1eafp v\u00e0 gi\u00e1 tr\u1ecb s\u1eed d\u1ee5ng b\u1ec1n v\u1eefng.<\/p>\n","protected":false},"excerpt":{"rendered":"<p data-start=\"231\" data-end=\"583\">K\u1ec7 tivi KTV301 l\u00e0 m\u1eabu k\u1ec7 tivi \u0111\u01b0\u1ee3c thi\u1ebft k\u1ebf theo phong c\u00e1ch hi\u1ec7n \u0111\u1ea1i, s\u1eed d\u1ee5ng ch\u1ea5t li\u1ec7u g\u1ed7 c\u00f4ng nghi\u1ec7p Melamine cao c\u1ea5p v\u00e2n \u00f3c ch\u00f3, t\u00edch h\u1ee3p 04 ng\u0103n k\u00e9o ti\u1ec7n d\u1ee5ng gi\u00fap t\u1ed1i \u01b0u kh\u00f4ng gian l\u01b0u tr\u1eef v\u00e0 mang l\u1ea1i s\u1ef1 g\u1ecdn g\u00e0ng cho khu v\u1ef1c ph\u00f2ng kh\u00e1ch. S\u1ea3n ph\u1ea9m \u0111\u01b0\u1ee3c thi\u1ebft k\u1ebf \u0111\u1ed3ng b\u1ed9 trong c\u00f9ng b\u1ed9 s\u01b0u t\u1eadp KTV301, t\u1ea1o n\u00ean t\u1ed5ng th\u1ec3 n\u1ed9i th\u1ea5t th\u1ed1ng nh\u1ea5t v\u00e0 h\u00e0i h\u00f2a.<\/p>\n<p data-start=\"585\" data-end=\"925\">K\u00edch th\u01b0\u1edbc: W1600 x D400 x H480 mm<br data-start=\"619\" data-end=\"622\" \/>Xu\u1ea5t x\u1ee9: S\u1ea3n ph\u1ea9m c\u1ee7a c\u00f4ng ty <strong data-start=\"652\" data-end=\"672\">N\u1ed8I TH\u1ea4T THE ONE<\/strong> \u2013 Ph\u00e2n ph\u1ed1i b\u1edfi <strong data-start=\"689\" data-end=\"725\">C\u00d4NG TY TNHH SXTM TTNT H\u1eeeU TH\u1ecaNH<\/strong>.<br data-start=\"726\" data-end=\"729\" \/>B\u1ea3o h\u00e0nh: 12 th\u00e1ng theo ti\u00eau chu\u1ea9n nh\u00e0 m\u00e1y.<br data-start=\"772\" data-end=\"775\" \/>L\u01b0u \u00fd: Gi\u00e1 tr\u00ean ch\u01b0a bao g\u1ed3m VAT v\u00e0 ph\u00ed v\u1eadn chuy\u1ec3n. Gi\u00e1 s\u1ea3n ph\u1ea9m c\u00f3 th\u1ec3 thay \u0111\u1ed5i theo t\u1eebng th\u1eddi \u0111i\u1ec3m, vui l\u00f2ng li\u00ean h\u1ec7 \u0111\u1ec3 nh\u1eadn t\u01b0 v\u1ea5n \u01b0u \u0111\u00e3i t\u1ed1t nh\u1ea5t.<\/p>\n","protected":false},"featured_media":7736,"comment_status":"open","ping_status":"closed","template":"","meta":[],"product_brand":[],"product_cat":[18,389],"product_tag":[],"class_list":{"0":"post-7735","1":"product","2":"type-product","3":"status-publish","4":"has-post-thumbnail","6":"product_cat-noi-that-gia-dinh","7":"product_cat-ke-ti-vi","9":"first","10":"instock","11":"shipping-taxable","12":"purchasable","13":"product-type-simple"},"_links":{"self":[{"href":"https:\/\/noithathuuthinh.vn\/zh-hans\/wp-json\/wp\/v2\/product\/7735","targetHints":{"allow":["GET"]}}],"collection":[{"href":"https:\/\/noithathuuthinh.vn\/zh-hans\/wp-json\/wp\/v2\/product"}],"about":[{"href":"https:\/\/noithathuuthinh.vn\/zh-hans\/wp-json\/wp\/v2\/types\/product"}],"replies":[{"embeddable":true,"href":"https:\/\/noithathuuthinh.vn\/zh-hans\/wp-json\/wp\/v2\/comments?post=7735"}],"wp:featuredmedia":[{"embeddable":true,"href":"https:\/\/noithathuuthinh.vn\/zh-hans\/wp-json\/wp\/v2\/media\/7736"}],"wp:attachment":[{"href":"https:\/\/noithathuuthinh.vn\/zh-hans\/wp-json\/wp\/v2\/media?parent=7735"}],"wp:term":[{"taxonomy":"product_brand","embeddable":true,"href":"https:\/\/noithathuuthinh.vn\/zh-hans\/wp-json\/wp\/v2\/product_brand?post=7735"},{"taxonomy":"product_cat","embeddable":true,"href":"https:\/\/noithathuuthinh.vn\/zh-hans\/wp-json\/wp\/v2\/product_cat?post=7735"},{"taxonomy":"product_tag","embeddable":true,"href":"https:\/\/noithathuuthinh.vn\/zh-hans\/wp-json\/wp\/v2\/product_tag?post=7735"}],"curies":[{"name":"wp","href":"https:\/\/api.w.org\/{rel}","templated":true}]}}