{"id":7746,"date":"2026-01-26T15:53:41","date_gmt":"2026-01-26T08:53:41","guid":{"rendered":"https:\/\/noithathuuthinh.vn\/?post_type=product&#038;p=7746"},"modified":"2026-01-26T15:53:41","modified_gmt":"2026-01-26T08:53:41","slug":"ke-tivi-ktv18","status":"publish","type":"product","link":"https:\/\/noithathuuthinh.vn\/zh-hans\/san-pham\/ke-tivi-ktv18\/","title":{"rendered":"K\u1ec7 tivi KTV18"},"content":{"rendered":"<p data-start=\"1017\" data-end=\"1351\">K\u1ec7 tivi KTV18 l\u00e0 l\u1ef1a ch\u1ecdn ph\u00f9 h\u1ee3p cho nh\u1eefng kh\u00f4ng gian ph\u00f2ng kh\u00e1ch h\u01b0\u1edbng \u0111\u1ebfn phong c\u00e1ch hi\u1ec7n \u0111\u1ea1i, sang tr\u1ecdng v\u00e0 \u0111\u1ec1 cao t\u00ednh ti\u1ec7n nghi. S\u1ef1 k\u1ebft h\u1ee3p h\u00e0i h\u00f2a gi\u1eefa khung g\u1ed7 t\u1ef1 nhi\u00ean, g\u1ed7 c\u00f4ng nghi\u1ec7p s\u01a1n High Glossy c\u00f9ng m\u1eb7t k\u1ec7 l\u00f5i \u0111\u00e1 t\u1ef1 nhi\u00ean ph\u1ee7 v\u00e2n nh\u00e2n t\u1ea1o t\u1ea1o n\u00ean t\u1ed5ng th\u1ec3 tinh t\u1ebf, \u0111\u00e1p \u1ee9ng c\u1ea3 y\u00eau c\u1ea7u th\u1ea9m m\u1ef9 l\u1eabn \u0111\u1ed9 b\u1ec1n s\u1eed d\u1ee5ng l\u00e2u d\u00e0i.<\/p>\n<p data-start=\"1353\" data-end=\"1709\">V\u1ec1 thi\u1ebft k\u1ebf, KTV18 s\u1edf h\u1eefu ki\u1ec3u d\u00e1ng g\u1ecdn g\u00e0ng v\u1edbi c\u00e1c \u0111\u01b0\u1eddng n\u00e9t th\u1eb3ng, b\u1ec1 m\u1eb7t ho\u00e0n thi\u1ec7n b\u00f3ng s\u00e1ng gi\u00fap s\u1ea3n ph\u1ea9m d\u1ec5 d\u00e0ng h\u00f2a h\u1ee3p v\u1edbi nhi\u1ec1u phong c\u00e1ch n\u1ed9i th\u1ea5t kh\u00e1c nhau. L\u1edbp s\u01a1n High Glossy kh\u00f4ng ch\u1ec9 mang l\u1ea1i v\u1ebb ngo\u00e0i sang tr\u1ecdng m\u00e0 c\u00f2n gi\u00fap kh\u00f4ng gian ph\u00f2ng kh\u00e1ch tr\u1edf n\u00ean s\u00e1ng s\u1ee7a v\u00e0 r\u1ed9ng r\u00e3i h\u01a1n, \u0111\u1eb7c bi\u1ec7t ph\u00f9 h\u1ee3p v\u1edbi c\u0103n h\u1ed9 chung c\u01b0 ho\u1eb7c nh\u00e0 ph\u1ed1 hi\u1ec7n \u0111\u1ea1i.<\/p>\n<p data-start=\"1711\" data-end=\"2078\">\u0110i\u1ec3m nh\u1ea5n n\u1ed5i b\u1eadt c\u1ee7a k\u1ec7 tivi KTV18 n\u1eb1m \u1edf m\u1eb7t k\u1ec7 s\u1eed d\u1ee5ng l\u00f5i \u0111\u00e1 t\u1ef1 nhi\u00ean ph\u1ee7 v\u00e2n nh\u00e2n t\u1ea1o. Ch\u1ea5t li\u1ec7u n\u00e0y mang l\u1ea1i hi\u1ec7u \u1ee9ng th\u1ea9m m\u1ef9 t\u01b0\u01a1ng t\u1ef1 \u0111\u00e1 t\u1ef1 nhi\u00ean, \u0111\u1ed3ng th\u1eddi c\u00f3 kh\u1ea3 n\u0103ng ch\u1ecbu l\u1ef1c t\u1ed1t, h\u1ea1n ch\u1ebf tr\u1ea7y x\u01b0\u1edbc v\u00e0 d\u1ec5 v\u1ec7 sinh. Nh\u1edd \u0111\u00f3, ng\u01b0\u1eddi d\u00f9ng c\u00f3 th\u1ec3 y\u00ean t\u00e2m \u0111\u1eb7t tivi, thi\u1ebft b\u1ecb \u0111i\u1ec7n t\u1eed hay c\u00e1c v\u1eadt d\u1ee5ng trang tr\u00ed m\u00e0 kh\u00f4ng lo \u1ea3nh h\u01b0\u1edfng \u0111\u1ebfn b\u1ec1 m\u1eb7t trong qu\u00e1 tr\u00ecnh s\u1eed d\u1ee5ng.<\/p>\n<p data-start=\"2080\" data-end=\"2354\">X\u00e9t v\u1ec1 c\u00f4ng n\u0103ng, s\u1ea3n ph\u1ea9m \u0111\u01b0\u1ee3c trang b\u1ecb 3 ng\u0103n k\u00e9o r\u1ed9ng r\u00e3i, cho ph\u00e9p l\u01b0u tr\u1eef hi\u1ec7u qu\u1ea3 c\u00e1c ph\u1ee5 ki\u1ec7n \u0111i\u1ec7n t\u1eed, \u0111i\u1ec1u khi\u1ec3n, s\u00e1ch b\u00e1o ho\u1eb7c \u0111\u1ed3 d\u00f9ng c\u00e1 nh\u00e2n. C\u00e1ch b\u1ed1 tr\u00ed ng\u0103n k\u00e9o khoa h\u1ecdc gi\u00fap khu v\u1ef1c \u0111\u1eb7t tivi lu\u00f4n g\u1ecdn g\u00e0ng, g\u00f3p ph\u1ea7n gi\u1eef cho ph\u00f2ng kh\u00e1ch ng\u0103n n\u1eafp v\u00e0 th\u00f4ng tho\u00e1ng.<\/p>\n<p data-start=\"2356\" data-end=\"2665\">V\u1edbi k\u00edch th\u01b0\u1edbc W2000 x D400 x H420 mm, KTV18 ph\u00f9 h\u1ee3p v\u1edbi c\u00e1c d\u00f2ng tivi m\u00e0n h\u00ecnh l\u1edbn, \u0111\u1ed3ng th\u1eddi v\u1eabn \u0111\u1ea3m b\u1ea3o t\u1ef7 l\u1ec7 c\u00e2n \u0111\u1ed1i trong t\u1ed5ng th\u1ec3 kh\u00f4ng gian. Chi\u1ec1u d\u00e0i 2000 mm t\u1ea1o \u0111i\u1ec1u ki\u1ec7n b\u1ed1 tr\u00ed th\u00eam loa, \u0111\u1ea7u thu ho\u1eb7c v\u1eadt trang tr\u00ed, trong khi chi\u1ec1u s\u00e2u v\u00e0 chi\u1ec1u cao h\u1ee3p l\u00fd gi\u00fap k\u1ec7 kh\u00f4ng chi\u1ebfm qu\u00e1 nhi\u1ec1u di\u1ec7n t\u00edch s\u00e0n.<\/p>\n<p data-start=\"2667\" data-end=\"2936\">S\u1ef1 k\u1ebft h\u1ee3p gi\u1eefa g\u1ed7 t\u1ef1 nhi\u00ean v\u00e0 g\u1ed7 c\u00f4ng nghi\u1ec7p mang l\u1ea1i k\u1ebft c\u1ea5u \u1ed5n \u0111\u1ecbnh, b\u1ec1n ch\u1eafc, \u0111\u1ed3ng th\u1eddi t\u1ed1i \u01b0u chi ph\u00ed so v\u1edbi c\u00e1c s\u1ea3n ph\u1ea9m l\u00e0m ho\u00e0n to\u00e0n t\u1eeb g\u1ed7 t\u1ef1 nhi\u00ean. \u0110\u00e2y l\u00e0 gi\u1ea3i ph\u00e1p ph\u00f9 h\u1ee3p cho nh\u1eefng gia \u0111\u00ecnh mong mu\u1ed1n s\u1edf h\u1eefu n\u1ed9i th\u1ea5t cao c\u1ea5p nh\u01b0ng v\u1eabn \u0111\u1ea3m b\u1ea3o hi\u1ec7u qu\u1ea3 \u0111\u1ea7u t\u01b0.<\/p>\n<p data-start=\"2938\" data-end=\"3222\">Kh\u00f4ng ch\u1ec9 \u0111\u00e1p \u1ee9ng nhu c\u1ea7u s\u1eed d\u1ee5ng, k\u1ec7 tivi KTV18 c\u00f2n g\u00f3p ph\u1ea7n n\u00e2ng t\u1ea7m kh\u00f4ng gian s\u1ed1ng nh\u1edd thi\u1ebft k\u1ebf tinh t\u1ebf v\u00e0 v\u1eadt li\u1ec7u ho\u00e0n thi\u1ec7n cao c\u1ea5p. Khi k\u1ebft h\u1ee3p c\u00f9ng sofa, b\u00e0n tr\u00e0 v\u00e0 c\u00e1c ph\u1ee5 ki\u1ec7n trang tr\u00ed ph\u00f9 h\u1ee3p, s\u1ea3n ph\u1ea9m gi\u00fap t\u1ea1o n\u00ean m\u1ed9t khu v\u1ef1c ti\u1ebfp kh\u00e1ch h\u00e0i h\u00f2a, sang tr\u1ecdng v\u00e0 ti\u1ec7n nghi.<\/p>\n<p data-start=\"3224\" data-end=\"3540\">T\u1ed5ng k\u1ebft l\u1ea1i, k\u1ec7 tivi KTV18 l\u00e0 gi\u1ea3i ph\u00e1p n\u1ed9i th\u1ea5t to\u00e0n di\u1ec7n cho ph\u00f2ng kh\u00e1ch hi\u1ec7n \u0111\u1ea1i v\u1edbi thi\u1ebft k\u1ebf sang tr\u1ecdng, m\u1eb7t k\u1ec7 l\u00f5i \u0111\u00e1 b\u1ec1n b\u1ec9 v\u00e0 h\u1ec7 3 ng\u0103n k\u00e9o ti\u1ec7n d\u1ee5ng. \u0110\u00e2y l\u00e0 l\u1ef1a ch\u1ecdn \u0111\u00e1ng c\u00e2n nh\u1eafc cho nh\u1eefng ai \u0111ang t\u00ecm ki\u1ebfm m\u1ed9t m\u1eabu k\u1ec7 tivi v\u1eeba \u0111\u00e1p \u1ee9ng nhu c\u1ea7u s\u1eed d\u1ee5ng th\u1ef1c t\u1ebf, v\u1eeba mang l\u1ea1i gi\u00e1 tr\u1ecb th\u1ea9m m\u1ef9 v\u00e0 \u0111\u1ea7u t\u01b0 l\u00e2u d\u00e0i.<\/p>\n","protected":false},"excerpt":{"rendered":"<p data-start=\"208\" data-end=\"628\">K\u1ec7 tivi KTV18 l\u00e0 m\u1eabu k\u1ec7 tivi cao c\u1ea5p s\u1eed d\u1ee5ng khung g\u1ed7 t\u1ef1 nhi\u00ean k\u1ebft h\u1ee3p g\u1ed7 c\u00f4ng nghi\u1ec7p s\u01a1n High Glossy, mang \u0111\u1ebfn t\u1ed5ng th\u1ec3 hi\u1ec7n \u0111\u1ea1i v\u00e0 sang tr\u1ecdng cho kh\u00f4ng gian ph\u00f2ng kh\u00e1ch. M\u1eb7t k\u1ec7 \u0111\u01b0\u1ee3c ho\u00e0n thi\u1ec7n b\u1eb1ng l\u00f5i \u0111\u00e1 t\u1ef1 nhi\u00ean ph\u1ee7 v\u00e2n nh\u00e2n t\u1ea1o, t\u1ea1o \u0111i\u1ec3m nh\u1ea5n th\u1ea9m m\u1ef9 n\u1ed5i b\u1eadt \u0111\u1ed3ng th\u1eddi n\u00e2ng cao \u0111\u1ed9 b\u1ec1n trong qu\u00e1 tr\u00ecnh s\u1eed d\u1ee5ng. S\u1ea3n ph\u1ea9m \u0111\u01b0\u1ee3c thi\u1ebft k\u1ebf v\u1edbi 3 ng\u0103n k\u00e9o ti\u1ec7n l\u1ee3i, h\u1ed7 tr\u1ee3 l\u01b0u tr\u1eef g\u1ecdn g\u00e0ng c\u00e1c v\u1eadt d\u1ee5ng sinh ho\u1ea1t h\u1eb1ng ng\u00e0y.<\/p>\n<p data-start=\"630\" data-end=\"970\">K\u00edch th\u01b0\u1edbc: W2000 x D400 x H420 mm<br data-start=\"664\" data-end=\"667\" \/>Xu\u1ea5t x\u1ee9: S\u1ea3n ph\u1ea9m c\u1ee7a c\u00f4ng ty <strong data-start=\"697\" data-end=\"717\">N\u1ed8I TH\u1ea4T THE ONE<\/strong> \u2013 Ph\u00e2n ph\u1ed1i b\u1edfi <strong data-start=\"734\" data-end=\"770\">C\u00d4NG TY TNHH SXTM TTNT H\u1eeeU TH\u1ecaNH<\/strong>.<br data-start=\"771\" data-end=\"774\" \/>B\u1ea3o h\u00e0nh: 12 th\u00e1ng theo ti\u00eau chu\u1ea9n nh\u00e0 m\u00e1y.<br data-start=\"817\" data-end=\"820\" \/>L\u01b0u \u00fd: Gi\u00e1 tr\u00ean ch\u01b0a bao g\u1ed3m VAT v\u00e0 ph\u00ed v\u1eadn chuy\u1ec3n. Gi\u00e1 s\u1ea3n ph\u1ea9m c\u00f3 th\u1ec3 thay \u0111\u1ed5i theo t\u1eebng th\u1eddi \u0111i\u1ec3m, vui l\u00f2ng li\u00ean h\u1ec7 \u0111\u1ec3 nh\u1eadn t\u01b0 v\u1ea5n \u01b0u \u0111\u00e3i t\u1ed1t nh\u1ea5t.<\/p>\n","protected":false},"featured_media":7747,"comment_status":"open","ping_status":"closed","template":"","meta":[],"product_brand":[],"product_cat":[18,389],"product_tag":[],"class_list":{"0":"post-7746","1":"product","2":"type-product","3":"status-publish","4":"has-post-thumbnail","6":"product_cat-noi-that-gia-dinh","7":"product_cat-ke-ti-vi","9":"first","10":"instock","11":"shipping-taxable","12":"purchasable","13":"product-type-simple"},"_links":{"self":[{"href":"https:\/\/noithathuuthinh.vn\/zh-hans\/wp-json\/wp\/v2\/product\/7746","targetHints":{"allow":["GET"]}}],"collection":[{"href":"https:\/\/noithathuuthinh.vn\/zh-hans\/wp-json\/wp\/v2\/product"}],"about":[{"href":"https:\/\/noithathuuthinh.vn\/zh-hans\/wp-json\/wp\/v2\/types\/product"}],"replies":[{"embeddable":true,"href":"https:\/\/noithathuuthinh.vn\/zh-hans\/wp-json\/wp\/v2\/comments?post=7746"}],"wp:featuredmedia":[{"embeddable":true,"href":"https:\/\/noithathuuthinh.vn\/zh-hans\/wp-json\/wp\/v2\/media\/7747"}],"wp:attachment":[{"href":"https:\/\/noithathuuthinh.vn\/zh-hans\/wp-json\/wp\/v2\/media?parent=7746"}],"wp:term":[{"taxonomy":"product_brand","embeddable":true,"href":"https:\/\/noithathuuthinh.vn\/zh-hans\/wp-json\/wp\/v2\/product_brand?post=7746"},{"taxonomy":"product_cat","embeddable":true,"href":"https:\/\/noithathuuthinh.vn\/zh-hans\/wp-json\/wp\/v2\/product_cat?post=7746"},{"taxonomy":"product_tag","embeddable":true,"href":"https:\/\/noithathuuthinh.vn\/zh-hans\/wp-json\/wp\/v2\/product_tag?post=7746"}],"curies":[{"name":"wp","href":"https:\/\/api.w.org\/{rel}","templated":true}]}}