{"id":7750,"date":"2026-01-26T16:07:15","date_gmt":"2026-01-26T09:07:15","guid":{"rendered":"https:\/\/noithathuuthinh.vn\/?post_type=product&#038;p=7750"},"modified":"2026-01-26T16:07:15","modified_gmt":"2026-01-26T09:07:15","slug":"ke-tivi-ktv24n4","status":"publish","type":"product","link":"https:\/\/noithathuuthinh.vn\/zh-hans\/san-pham\/ke-tivi-ktv24n4\/","title":{"rendered":"K\u1ec7 tivi KTV24N4"},"content":{"rendered":"<p data-start=\"1074\" data-end=\"1435\">K\u1ec7 tivi KTV24N4 l\u00e0 gi\u1ea3i ph\u00e1p n\u1ed9i th\u1ea5t l\u00fd t\u01b0\u1edfng cho nh\u1eefng kh\u00f4ng gian ph\u00f2ng kh\u00e1ch hi\u1ec7n \u0111\u1ea1i, n\u01a1i \u0111\u1ec1 cao s\u1ef1 linh ho\u1ea1t trong b\u1ed1 tr\u00ed v\u00e0 t\u00ednh th\u1ea9m m\u1ef9 cao. V\u1edbi thi\u1ebft k\u1ebf c\u00f3 th\u1ec3 \u0111i\u1ec1u ch\u1ec9nh chi\u1ec1u d\u00e0i t\u1eeb 1600 \u0111\u1ebfn 2000 mm, s\u1ea3n ph\u1ea9m cho ph\u00e9p ng\u01b0\u1eddi d\u00f9ng d\u1ec5 d\u00e0ng th\u00edch nghi v\u1edbi nhi\u1ec1u di\u1ec7n t\u00edch kh\u00e1c nhau, t\u1eeb c\u0103n h\u1ed9 chung c\u01b0 \u0111\u1ebfn nh\u00e0 ph\u1ed1, \u0111\u1ed3ng th\u1eddi t\u1ed1i \u01b0u h\u00f3a kh\u00f4ng gian s\u1eed d\u1ee5ng.<\/p>\n<p data-start=\"1437\" data-end=\"1800\">V\u1ec1 t\u1ed5ng th\u1ec3 thi\u1ebft k\u1ebf, KTV24N4 s\u1edf h\u1eefu ki\u1ec3u d\u00e1ng g\u1ecdn g\u00e0ng v\u1edbi c\u00e1c \u0111\u01b0\u1eddng n\u00e9t th\u1eb3ng, mang l\u1ea1i c\u1ea3m gi\u00e1c hi\u1ec7n \u0111\u1ea1i v\u00e0 tinh t\u1ebf. Khung g\u1ed7 t\u1ef1 nhi\u00ean k\u1ebft h\u1ee3p g\u1ed7 c\u00f4ng nghi\u1ec7p t\u1ea1o n\u00ean k\u1ebft c\u1ea5u ch\u1eafc ch\u1eafn, \u1ed5n \u0111\u1ecbnh, \u0111\u1ed3ng th\u1eddi gi\u00fap c\u00e2n b\u1eb1ng gi\u1eefa \u0111\u1ed9 b\u1ec1n v\u00e0 chi ph\u00ed \u0111\u1ea7u t\u01b0. \u0110\u00e2y l\u00e0 s\u1ef1 l\u1ef1a ch\u1ecdn ph\u00f9 h\u1ee3p cho nh\u1eefng gia \u0111\u00ecnh mong mu\u1ed1n s\u1edf h\u1eefu n\u1ed9i th\u1ea5t cao c\u1ea5p nh\u01b0ng v\u1eabn \u0111\u1ea3m b\u1ea3o t\u00ednh kinh t\u1ebf.<\/p>\n<p data-start=\"1802\" data-end=\"2172\">M\u1eb7t k\u1ec7 s\u1eed d\u1ee5ng \u0111\u00e1 t\u1ef1 nhi\u00ean ph\u1ee7 v\u00e2n nh\u00e2n t\u1ea1o l\u00e0 \u0111i\u1ec3m nh\u1ea5n n\u1ed5i b\u1eadt c\u1ee7a s\u1ea3n ph\u1ea9m. Ch\u1ea5t li\u1ec7u n\u00e0y mang l\u1ea1i v\u1ebb \u0111\u1eb9p sang tr\u1ecdng t\u01b0\u01a1ng t\u1ef1 \u0111\u00e1 t\u1ef1 nhi\u00ean, \u0111\u1ed3ng th\u1eddi c\u00f3 kh\u1ea3 n\u0103ng ch\u1ecbu l\u1ef1c t\u1ed1t, h\u1ea1n ch\u1ebf tr\u1ea7y x\u01b0\u1edbc v\u00e0 d\u1ec5 d\u00e0ng v\u1ec7 sinh. Nh\u1edd \u0111\u00f3, ng\u01b0\u1eddi d\u00f9ng c\u00f3 th\u1ec3 y\u00ean t\u00e2m \u0111\u1eb7t tivi, thi\u1ebft b\u1ecb \u0111i\u1ec7n t\u1eed ho\u1eb7c c\u00e1c v\u1eadt d\u1ee5ng trang tr\u00ed m\u00e0 kh\u00f4ng lo \u1ea3nh h\u01b0\u1edfng \u0111\u1ebfn b\u1ec1 m\u1eb7t trong qu\u00e1 tr\u00ecnh s\u1eed d\u1ee5ng l\u00e2u d\u00e0i.<\/p>\n<p data-start=\"2174\" data-end=\"2560\">M\u1ed9t trong nh\u1eefng \u01b0u \u0111i\u1ec3m \u0111\u00e1ng ch\u00fa \u00fd c\u1ee7a KTV24N4 ch\u00ednh l\u00e0 kh\u1ea3 n\u0103ng \u0111i\u1ec1u ch\u1ec9nh k\u00edch th\u01b0\u1edbc linh ho\u1ea1t. V\u1edbi chi\u1ec1u d\u00e0i c\u00f3 th\u1ec3 thay \u0111\u1ed5i t\u1eeb 1600 \u0111\u1ebfn 2000 mm, k\u1ec7 tivi d\u1ec5 d\u00e0ng \u0111\u00e1p \u1ee9ng nhi\u1ec1u nhu c\u1ea7u b\u1ed1 tr\u00ed kh\u00e1c nhau, t\u1eeb kh\u00f4ng gian nh\u1ecf g\u1ecdn \u0111\u1ebfn ph\u00f2ng kh\u00e1ch r\u1ed9ng r\u00e3i. T\u00ednh linh ho\u1ea1t n\u00e0y gi\u00fap gia ch\u1ee7 ch\u1ee7 \u0111\u1ed9ng s\u1eafp x\u1ebfp n\u1ed9i th\u1ea5t theo th\u1ef1c t\u1ebf di\u1ec7n t\u00edch, \u0111\u1ed3ng th\u1eddi t\u1ea1o s\u1ef1 c\u00e2n \u0111\u1ed1i trong t\u1ed5ng th\u1ec3 kh\u00f4ng gian.<\/p>\n<p data-start=\"2562\" data-end=\"2870\">X\u00e9t v\u1ec1 c\u00f4ng n\u0103ng, m\u1eb7t k\u1ec7 r\u1ed9ng r\u00e3i cho ph\u00e9p b\u1ed1 tr\u00ed tivi c\u00f9ng c\u00e1c thi\u1ebft b\u1ecb \u0111i k\u00e8m nh\u01b0 loa, \u0111\u1ea7u thu ho\u1eb7c v\u1eadt trang tr\u00ed. Chi\u1ec1u s\u00e2u 400 mm v\u00e0 chi\u1ec1u cao 420 mm \u0111\u01b0\u1ee3c t\u00ednh to\u00e1n h\u1ee3p l\u00fd, gi\u00fap k\u1ec7 kh\u00f4ng chi\u1ebfm qu\u00e1 nhi\u1ec1u di\u1ec7n t\u00edch s\u00e0n nh\u01b0ng v\u1eabn \u0111\u1ea3m b\u1ea3o s\u1ef1 thu\u1eadn ti\u1ec7n khi s\u1eed d\u1ee5ng, mang l\u1ea1i g\u00f3c nh\u00ecn tho\u1ea3i m\u00e1i cho ng\u01b0\u1eddi xem.<\/p>\n<p data-start=\"2872\" data-end=\"3185\">Ngo\u00e0i gi\u00e1 tr\u1ecb s\u1eed d\u1ee5ng, k\u1ec7 tivi KTV24N4 c\u00f2n g\u00f3p ph\u1ea7n n\u00e2ng cao t\u00ednh th\u1ea9m m\u1ef9 cho ph\u00f2ng kh\u00e1ch nh\u1edd s\u1ef1 k\u1ebft h\u1ee3p h\u00e0i h\u00f2a gi\u1eefa g\u1ed7 v\u00e0 m\u1eb7t \u0111\u00e1. Thi\u1ebft k\u1ebf hi\u1ec7n \u0111\u1ea1i c\u00f9ng b\u1ec1 m\u1eb7t ho\u00e0n thi\u1ec7n tinh t\u1ebf gi\u00fap s\u1ea3n ph\u1ea9m d\u1ec5 d\u00e0ng ph\u1ed1i h\u1ee3p v\u1edbi sofa, b\u00e0n tr\u00e0 v\u00e0 c\u00e1c ph\u1ee5 ki\u1ec7n n\u1ed9i th\u1ea5t kh\u00e1c, t\u1ea1o n\u00ean kh\u00f4ng gian ti\u1ebfp kh\u00e1ch \u0111\u1ed3ng b\u1ed9 v\u00e0 sang tr\u1ecdng.<\/p>\n<p data-start=\"3187\" data-end=\"3460\">V\u1ec1 l\u00e2u d\u00e0i, KTV24N4 mang l\u1ea1i gi\u00e1 tr\u1ecb \u0111\u1ea7u t\u01b0 b\u1ec1n v\u1eefng nh\u1edd k\u1ebft c\u1ea5u \u1ed5n \u0111\u1ecbnh, v\u1eadt li\u1ec7u ho\u00e0n thi\u1ec7n cao c\u1ea5p v\u00e0 ki\u1ec3u d\u00e1ng \u00edt l\u1ed7i th\u1eddi. Kh\u1ea3 n\u0103ng \u0111i\u1ec1u ch\u1ec9nh k\u00edch th\u01b0\u1edbc c\u0169ng gi\u00fap s\u1ea3n ph\u1ea9m ti\u1ebfp t\u1ee5c ph\u00f9 h\u1ee3p ngay c\u1ea3 khi gia ch\u1ee7 thay \u0111\u1ed5i c\u00e1ch b\u1ed1 tr\u00ed ho\u1eb7c chuy\u1ec3n sang kh\u00f4ng gian s\u1ed1ng m\u1edbi.<\/p>\n<p data-start=\"3462\" data-end=\"3826\">T\u1ed5ng k\u1ebft l\u1ea1i, k\u1ec7 tivi KTV24N4 l\u00e0 l\u1ef1a ch\u1ecdn \u0111\u00e1ng c\u00e2n nh\u1eafc cho nh\u1eefng ai \u0111ang t\u00ecm ki\u1ebfm m\u1ed9t m\u1eabu k\u1ec7 tivi v\u1eeba sang tr\u1ecdng, v\u1eeba linh ho\u1ea1t v\u1ec1 k\u00edch th\u01b0\u1edbc, l\u1ea1i \u0111\u1ea3m b\u1ea3o \u0111\u1ed9 b\u1ec1n v\u00e0 t\u00ednh ti\u1ec7n nghi. V\u1edbi thi\u1ebft k\u1ebf hi\u1ec7n \u0111\u1ea1i, m\u1eb7t \u0111\u00e1 t\u1ef1 nhi\u00ean ph\u1ee7 v\u00e2n nh\u00e2n t\u1ea1o v\u00e0 kh\u1ea3 n\u0103ng \u0111i\u1ec1u ch\u1ec9nh chi\u1ec1u d\u00e0i, s\u1ea3n ph\u1ea9m \u0111\u00e1p \u1ee9ng t\u1ed1t c\u1ea3 nhu c\u1ea7u s\u1eed d\u1ee5ng th\u1ef1c t\u1ebf l\u1eabn gi\u00e1 tr\u1ecb th\u1ea9m m\u1ef9 l\u00e2u d\u00e0i cho ph\u00f2ng kh\u00e1ch.<\/p>\n","protected":false},"excerpt":{"rendered":"<p data-start=\"246\" data-end=\"680\">K\u1ec7 tivi KTV24N4 l\u00e0 m\u1eabu k\u1ec7 tivi cao c\u1ea5p s\u1eed d\u1ee5ng khung g\u1ed7 t\u1ef1 nhi\u00ean k\u1ebft h\u1ee3p g\u1ed7 c\u00f4ng nghi\u1ec7p, n\u1ed5i b\u1eadt v\u1edbi m\u1eb7t k\u1ec7 b\u1eb1ng \u0111\u00e1 t\u1ef1 nhi\u00ean ph\u1ee7 v\u00e2n nh\u00e2n t\u1ea1o mang l\u1ea1i v\u1ebb \u0111\u1eb9p sang tr\u1ecdng v\u00e0 \u0111\u1ed9 b\u1ec1n cao trong qu\u00e1 tr\u00ecnh s\u1eed d\u1ee5ng. \u0110i\u1ec3m \u0111\u1eb7c bi\u1ec7t c\u1ee7a s\u1ea3n ph\u1ea9m l\u00e0 kh\u1ea3 n\u0103ng \u0111i\u1ec1u ch\u1ec9nh chi\u1ec1u d\u00e0i linh ho\u1ea1t t\u1eeb 1600 \u0111\u1ebfn 2000 mm, gi\u00fap k\u1ec7 d\u1ec5 d\u00e0ng th\u00edch nghi v\u1edbi nhi\u1ec1u di\u1ec7n t\u00edch ph\u00f2ng kh\u00e1ch kh\u00e1c nhau, \u0111\u1ed3ng th\u1eddi \u0111\u00e1p \u1ee9ng t\u1ed1t nhu c\u1ea7u b\u1ed1 tr\u00ed tivi v\u00e0 c\u00e1c thi\u1ebft b\u1ecb \u0111i k\u00e8m.<\/p>\n<p data-start=\"682\" data-end=\"1027\">K\u00edch th\u01b0\u1edbc: W1600\u20132000 x D400 x H420 mm<br data-start=\"721\" data-end=\"724\" \/>Xu\u1ea5t x\u1ee9: S\u1ea3n ph\u1ea9m c\u1ee7a c\u00f4ng ty <strong data-start=\"754\" data-end=\"774\">N\u1ed8I TH\u1ea4T THE ONE<\/strong> \u2013 Ph\u00e2n ph\u1ed1i b\u1edfi <strong data-start=\"791\" data-end=\"827\">C\u00d4NG TY TNHH SXTM TTNT H\u1eeeU TH\u1ecaNH<\/strong>.<br data-start=\"828\" data-end=\"831\" \/>B\u1ea3o h\u00e0nh: 12 th\u00e1ng theo ti\u00eau chu\u1ea9n nh\u00e0 m\u00e1y.<br data-start=\"874\" data-end=\"877\" \/>L\u01b0u \u00fd: Gi\u00e1 tr\u00ean ch\u01b0a bao g\u1ed3m VAT v\u00e0 ph\u00ed v\u1eadn chuy\u1ec3n. Gi\u00e1 s\u1ea3n ph\u1ea9m c\u00f3 th\u1ec3 thay \u0111\u1ed5i theo t\u1eebng th\u1eddi \u0111i\u1ec3m, vui l\u00f2ng li\u00ean h\u1ec7 \u0111\u1ec3 nh\u1eadn t\u01b0 v\u1ea5n \u01b0u \u0111\u00e3i t\u1ed1t nh\u1ea5t.<\/p>\n","protected":false},"featured_media":7751,"comment_status":"open","ping_status":"closed","template":"","meta":[],"product_brand":[],"product_cat":[18,389],"product_tag":[],"class_list":{"0":"post-7750","1":"product","2":"type-product","3":"status-publish","4":"has-post-thumbnail","6":"product_cat-noi-that-gia-dinh","7":"product_cat-ke-ti-vi","9":"first","10":"instock","11":"shipping-taxable","12":"purchasable","13":"product-type-simple"},"_links":{"self":[{"href":"https:\/\/noithathuuthinh.vn\/zh-hans\/wp-json\/wp\/v2\/product\/7750","targetHints":{"allow":["GET"]}}],"collection":[{"href":"https:\/\/noithathuuthinh.vn\/zh-hans\/wp-json\/wp\/v2\/product"}],"about":[{"href":"https:\/\/noithathuuthinh.vn\/zh-hans\/wp-json\/wp\/v2\/types\/product"}],"replies":[{"embeddable":true,"href":"https:\/\/noithathuuthinh.vn\/zh-hans\/wp-json\/wp\/v2\/comments?post=7750"}],"wp:featuredmedia":[{"embeddable":true,"href":"https:\/\/noithathuuthinh.vn\/zh-hans\/wp-json\/wp\/v2\/media\/7751"}],"wp:attachment":[{"href":"https:\/\/noithathuuthinh.vn\/zh-hans\/wp-json\/wp\/v2\/media?parent=7750"}],"wp:term":[{"taxonomy":"product_brand","embeddable":true,"href":"https:\/\/noithathuuthinh.vn\/zh-hans\/wp-json\/wp\/v2\/product_brand?post=7750"},{"taxonomy":"product_cat","embeddable":true,"href":"https:\/\/noithathuuthinh.vn\/zh-hans\/wp-json\/wp\/v2\/product_cat?post=7750"},{"taxonomy":"product_tag","embeddable":true,"href":"https:\/\/noithathuuthinh.vn\/zh-hans\/wp-json\/wp\/v2\/product_tag?post=7750"}],"curies":[{"name":"wp","href":"https:\/\/api.w.org\/{rel}","templated":true}]}}