{"id":7769,"date":"2026-01-28T10:31:55","date_gmt":"2026-01-28T03:31:55","guid":{"rendered":"https:\/\/noithathuuthinh.vn\/?post_type=product&#038;p=7769"},"modified":"2026-01-28T10:31:56","modified_gmt":"2026-01-28T03:31:56","slug":"ke-tivi-ktv90-1","status":"publish","type":"product","link":"https:\/\/noithathuuthinh.vn\/zh-hans\/san-pham\/ke-tivi-ktv90-1\/","title":{"rendered":"K\u1ec7 tivi KTV90-1"},"content":{"rendered":"<p data-start=\"947\" data-end=\"1239\">K\u1ec7 tivi KTV90-1 l\u00e0 l\u1ef1a ch\u1ecdn ph\u00f9 h\u1ee3p cho nh\u1eefng kh\u00f4ng gian ph\u00f2ng kh\u00e1ch \u0111\u1ec1 cao s\u1ef1 tinh t\u1ebf, hi\u1ec7n \u0111\u1ea1i v\u00e0 ch\u1ea5t l\u01b0\u1ee3ng ho\u00e0n thi\u1ec7n cao. S\u1ef1 k\u1ebft h\u1ee3p gi\u1eefa khung g\u1ed7 t\u1ef1 nhi\u00ean v\u00e0 m\u1eb7t \u0111\u00e1 nh\u00e2n t\u1ea1o cao c\u1ea5p t\u1ea1o n\u00ean t\u1ed5ng th\u1ec3 h\u00e0i h\u00f2a, v\u1eeba mang v\u1ebb \u0111\u1eb9p sang tr\u1ecdng v\u1eeba \u0111\u1ea3m b\u1ea3o \u0111\u1ed9 b\u1ec1n trong qu\u00e1 tr\u00ecnh s\u1eed d\u1ee5ng l\u00e2u d\u00e0i.<\/p>\n<p data-start=\"1241\" data-end=\"1578\">V\u1ec1 thi\u1ebft k\u1ebf, KTV90-1 s\u1edf h\u1eefu ki\u1ec3u d\u00e1ng g\u1ecdn g\u00e0ng v\u1edbi c\u00e1c \u0111\u01b0\u1eddng n\u00e9t th\u1eb3ng, mang l\u1ea1i c\u1ea3m gi\u00e1c ch\u1eafc ch\u1eafn v\u00e0 c\u00e2n \u0111\u1ed1i. Khung g\u1ed7 t\u1ef1 nhi\u00ean gi\u00fap s\u1ea3n ph\u1ea9m gi\u1eef \u0111\u01b0\u1ee3c s\u1ef1 \u1ed5n \u0111\u1ecbnh, \u0111\u1ed3ng th\u1eddi mang \u0111\u1ebfn s\u1eafc \u1ea5m t\u1ef1 nhi\u00ean cho kh\u00f4ng gian. Ph\u1ea7n m\u1eb7t \u0111\u00e1 nh\u00e2n t\u1ea1o t\u1ea1o \u0111i\u1ec3m nh\u1ea5n hi\u1ec7n \u0111\u1ea1i, gi\u00fap b\u1ec1 m\u1eb7t k\u1ec7 tr\u1edf n\u00ean n\u1ed5i b\u1eadt v\u00e0 d\u1ec5 d\u00e0ng v\u1ec7 sinh trong sinh ho\u1ea1t h\u1eb1ng ng\u00e0y.<\/p>\n<p data-start=\"1580\" data-end=\"1929\">M\u1eb7t \u0111\u00e1 nh\u00e2n t\u1ea1o cao c\u1ea5p kh\u00f4ng ch\u1ec9 \u0111\u00f3ng vai tr\u00f2 th\u1ea9m m\u1ef9 m\u00e0 c\u00f2n mang l\u1ea1i nhi\u1ec1u l\u1ee3i \u00edch v\u1ec1 c\u00f4ng n\u0103ng. Ch\u1ea5t li\u1ec7u n\u00e0y c\u00f3 kh\u1ea3 n\u0103ng ch\u1ecbu l\u1ef1c t\u1ed1t, h\u1ea1n ch\u1ebf tr\u1ea7y x\u01b0\u1edbc v\u00e0 \u00edt b\u00e1m b\u1ea9n, gi\u00fap ng\u01b0\u1eddi d\u00f9ng y\u00ean t\u00e2m \u0111\u1eb7t tivi, thi\u1ebft b\u1ecb \u0111i\u1ec7n t\u1eed c\u0169ng nh\u01b0 c\u00e1c v\u1eadt d\u1ee5ng trang tr\u00ed. Vi\u1ec7c lau ch\u00f9i c\u0169ng tr\u1edf n\u00ean nhanh ch\u00f3ng, gi\u1eef cho khu v\u1ef1c ph\u00f2ng kh\u00e1ch lu\u00f4n s\u1ea1ch s\u1ebd v\u00e0 g\u1ecdn g\u00e0ng.<\/p>\n<p data-start=\"1931\" data-end=\"2370\">X\u00e9t v\u1ec1 c\u00f4ng n\u0103ng s\u1eed d\u1ee5ng, m\u1eb7t k\u1ec7 r\u1ed9ng r\u00e3i cho ph\u00e9p b\u1ed1 tr\u00ed tivi c\u00f9ng c\u00e1c thi\u1ebft b\u1ecb \u0111i k\u00e8m nh\u01b0 loa, \u0111\u1ea7u thu ho\u1eb7c ph\u1ee5 ki\u1ec7n trang tr\u00ed. V\u1edbi k\u00edch th\u01b0\u1edbc W2050 x D400 x H420 mm, KTV90-1 ph\u00f9 h\u1ee3p v\u1edbi c\u00e1c d\u00f2ng tivi m\u00e0n h\u00ecnh l\u1edbn, \u0111\u1ed3ng th\u1eddi v\u1eabn \u0111\u1ea3m b\u1ea3o t\u1ef7 l\u1ec7 c\u00e2n \u0111\u1ed1i trong t\u1ed5ng th\u1ec3 ph\u00f2ng kh\u00e1ch. Chi\u1ec1u d\u00e0i 2050 mm mang l\u1ea1i kh\u00f4ng gian tho\u1ea3i m\u00e1i \u0111\u1ec3 s\u1eafp x\u1ebfp th\u00eam v\u1eadt d\u1ee5ng, trong khi chi\u1ec1u s\u00e2u v\u00e0 chi\u1ec1u cao h\u1ee3p l\u00fd gi\u00fap k\u1ec7 kh\u00f4ng chi\u1ebfm qu\u00e1 nhi\u1ec1u di\u1ec7n t\u00edch s\u00e0n.<\/p>\n<p data-start=\"2372\" data-end=\"2650\">M\u1ed9t \u01b0u \u0111i\u1ec3m \u0111\u00e1ng ch\u00fa \u00fd c\u1ee7a KTV90-1 l\u00e0 kh\u1ea3 n\u0103ng d\u1ec5 d\u00e0ng ph\u1ed1i h\u1ee3p v\u1edbi c\u00e1c m\u00f3n n\u1ed9i th\u1ea5t kh\u00e1c nh\u01b0 sofa, b\u00e0n tr\u00e0 ho\u1eb7c k\u1ec7 trang tr\u00ed. Thi\u1ebft k\u1ebf t\u1ed1i gi\u1ea3n gi\u00fap s\u1ea3n ph\u1ea9m h\u00f2a h\u1ee3p t\u1ed1t v\u1edbi nhi\u1ec1u phong c\u00e1ch, t\u1eeb hi\u1ec7n \u0111\u1ea1i, t\u1ed1i gi\u1ea3n \u0111\u1ebfn b\u00e1n c\u1ed5 \u0111i\u1ec3n, t\u1ea1o s\u1ef1 linh ho\u1ea1t trong b\u1ed1 tr\u00ed kh\u00f4ng gian s\u1ed1ng.<\/p>\n<p data-start=\"2652\" data-end=\"2952\">V\u1ec1 gi\u00e1 tr\u1ecb s\u1eed d\u1ee5ng l\u00e2u d\u00e0i, k\u1ec7 tivi KTV90-1 mang l\u1ea1i s\u1ef1 y\u00ean t\u00e2m nh\u1edd k\u1ebft c\u1ea5u \u1ed5n \u0111\u1ecbnh t\u1eeb khung g\u1ed7 t\u1ef1 nhi\u00ean k\u1ebft h\u1ee3p m\u1eb7t \u0111\u00e1 nh\u00e2n t\u1ea1o b\u1ec1n b\u1ec9. Ki\u1ec3u d\u00e1ng \u00edt l\u1ed7i th\u1eddi c\u00f9ng v\u1eadt li\u1ec7u ho\u00e0n thi\u1ec7n cao c\u1ea5p gi\u00fap s\u1ea3n ph\u1ea9m duy tr\u00ec t\u00ednh th\u1ea9m m\u1ef9 theo th\u1eddi gian, \u0111\u1ed3ng th\u1eddi gi\u1ea3m chi ph\u00ed b\u1ea3o d\u01b0\u1ee1ng trong qu\u00e1 tr\u00ecnh s\u1eed d\u1ee5ng.<\/p>\n<p data-start=\"2954\" data-end=\"3311\">T\u1ed5ng k\u1ebft l\u1ea1i, k\u1ec7 tivi KTV90-1 l\u00e0 gi\u1ea3i ph\u00e1p n\u1ed9i th\u1ea5t ph\u00f9 h\u1ee3p cho nh\u1eefng ai \u0111ang t\u00ecm ki\u1ebfm m\u1ed9t m\u1eabu k\u1ec7 tivi sang tr\u1ecdng, ch\u1eafc ch\u1eafn v\u00e0 d\u1ec5 s\u1eed d\u1ee5ng. V\u1edbi khung g\u1ed7 t\u1ef1 nhi\u00ean, m\u1eb7t \u0111\u00e1 nh\u00e2n t\u1ea1o cao c\u1ea5p c\u00f9ng k\u00edch th\u01b0\u1edbc r\u1ed9ng r\u00e3i, s\u1ea3n ph\u1ea9m \u0111\u00e1p \u1ee9ng t\u1ed1t c\u1ea3 nhu c\u1ea7u s\u1eed d\u1ee5ng th\u1ef1c t\u1ebf l\u1eabn gi\u00e1 tr\u1ecb th\u1ea9m m\u1ef9, g\u00f3p ph\u1ea7n ho\u00e0n thi\u1ec7n kh\u00f4ng gian ph\u00f2ng kh\u00e1ch theo h\u01b0\u1edbng hi\u1ec7n \u0111\u1ea1i v\u00e0 b\u1ec1n v\u1eefng.<\/p>\n","protected":false},"excerpt":{"rendered":"<p data-start=\"204\" data-end=\"558\">K\u1ec7 tivi KTV90-1 l\u00e0 m\u1eabu k\u1ec7 tivi cao c\u1ea5p s\u1eed d\u1ee5ng khung g\u1ed7 t\u1ef1 nhi\u00ean k\u1ebft h\u1ee3p m\u1eb7t \u0111\u00e1 nh\u00e2n t\u1ea1o cao c\u1ea5p, mang \u0111\u1ebfn t\u1ed5ng th\u1ec3 sang tr\u1ecdng v\u00e0 ch\u1eafc ch\u1eafn cho kh\u00f4ng gian ph\u00f2ng kh\u00e1ch. Thi\u1ebft k\u1ebf t\u1ed1i gi\u1ea3n t\u1eadp trung v\u00e0o \u0111\u01b0\u1eddng n\u00e9t tinh g\u1ecdn gi\u00fap s\u1ea3n ph\u1ea9m d\u1ec5 d\u00e0ng ph\u1ed1i h\u1ee3p v\u1edbi nhi\u1ec1u phong c\u00e1ch n\u1ed9i th\u1ea5t kh\u00e1c nhau, \u0111\u1ed3ng th\u1eddi t\u1ea1o \u0111i\u1ec3m nh\u1ea5n th\u1ea9m m\u1ef9 n\u1ed5i b\u1eadt trong khu v\u1ef1c \u0111\u1eb7t tivi.<\/p>\n<p data-start=\"560\" data-end=\"900\">K\u00edch th\u01b0\u1edbc: W2050 x D400 x H420 mm<br data-start=\"594\" data-end=\"597\" \/>Xu\u1ea5t x\u1ee9: S\u1ea3n ph\u1ea9m c\u1ee7a c\u00f4ng ty <strong data-start=\"627\" data-end=\"647\">N\u1ed8I TH\u1ea4T THE ONE<\/strong> \u2013 Ph\u00e2n ph\u1ed1i b\u1edfi <strong data-start=\"664\" data-end=\"700\">C\u00d4NG TY TNHH SXTM TTNT H\u1eeeU TH\u1ecaNH<\/strong>.<br data-start=\"701\" data-end=\"704\" \/>B\u1ea3o h\u00e0nh: 12 th\u00e1ng theo ti\u00eau chu\u1ea9n nh\u00e0 m\u00e1y.<br data-start=\"747\" data-end=\"750\" \/>L\u01b0u \u00fd: Gi\u00e1 tr\u00ean ch\u01b0a bao g\u1ed3m VAT v\u00e0 ph\u00ed v\u1eadn chuy\u1ec3n. Gi\u00e1 s\u1ea3n ph\u1ea9m c\u00f3 th\u1ec3 thay \u0111\u1ed5i theo t\u1eebng th\u1eddi \u0111i\u1ec3m, vui l\u00f2ng li\u00ean h\u1ec7 \u0111\u1ec3 nh\u1eadn t\u01b0 v\u1ea5n \u01b0u \u0111\u00e3i t\u1ed1t nh\u1ea5t.<\/p>\n","protected":false},"featured_media":7770,"comment_status":"open","ping_status":"closed","template":"","meta":[],"product_brand":[],"product_cat":[18,389],"product_tag":[],"class_list":{"0":"post-7769","1":"product","2":"type-product","3":"status-publish","4":"has-post-thumbnail","6":"product_cat-noi-that-gia-dinh","7":"product_cat-ke-ti-vi","9":"first","10":"instock","11":"shipping-taxable","12":"purchasable","13":"product-type-simple"},"_links":{"self":[{"href":"https:\/\/noithathuuthinh.vn\/zh-hans\/wp-json\/wp\/v2\/product\/7769","targetHints":{"allow":["GET"]}}],"collection":[{"href":"https:\/\/noithathuuthinh.vn\/zh-hans\/wp-json\/wp\/v2\/product"}],"about":[{"href":"https:\/\/noithathuuthinh.vn\/zh-hans\/wp-json\/wp\/v2\/types\/product"}],"replies":[{"embeddable":true,"href":"https:\/\/noithathuuthinh.vn\/zh-hans\/wp-json\/wp\/v2\/comments?post=7769"}],"wp:featuredmedia":[{"embeddable":true,"href":"https:\/\/noithathuuthinh.vn\/zh-hans\/wp-json\/wp\/v2\/media\/7770"}],"wp:attachment":[{"href":"https:\/\/noithathuuthinh.vn\/zh-hans\/wp-json\/wp\/v2\/media?parent=7769"}],"wp:term":[{"taxonomy":"product_brand","embeddable":true,"href":"https:\/\/noithathuuthinh.vn\/zh-hans\/wp-json\/wp\/v2\/product_brand?post=7769"},{"taxonomy":"product_cat","embeddable":true,"href":"https:\/\/noithathuuthinh.vn\/zh-hans\/wp-json\/wp\/v2\/product_cat?post=7769"},{"taxonomy":"product_tag","embeddable":true,"href":"https:\/\/noithathuuthinh.vn\/zh-hans\/wp-json\/wp\/v2\/product_tag?post=7769"}],"curies":[{"name":"wp","href":"https:\/\/api.w.org\/{rel}","templated":true}]}}