{"id":7796,"date":"2026-01-28T14:58:48","date_gmt":"2026-01-28T07:58:48","guid":{"rendered":"https:\/\/noithathuuthinh.vn\/?post_type=product&#038;p=7796"},"modified":"2026-01-28T16:46:56","modified_gmt":"2026-01-28T09:46:56","slug":"tu-dau-giuong-tap301","status":"publish","type":"product","link":"https:\/\/noithathuuthinh.vn\/zh-hans\/san-pham\/tu-dau-giuong-tap301\/","title":{"rendered":"T\u1ee7 \u0111\u1ea7u gi\u01b0\u1eddng TAP301"},"content":{"rendered":"<p data-start=\"907\" data-end=\"1284\">T\u1ee7 \u0111\u1ea7u gi\u01b0\u1eddng TAP301 l\u00e0 l\u1ef1a ch\u1ecdn l\u00fd t\u01b0\u1edfng d\u00e0nh cho nh\u1eefng kh\u00f4ng gian ph\u00f2ng ng\u1ee7 theo phong c\u00e1ch t\u00e2n c\u1ed5 \u0111i\u1ec3n, n\u01a1i v\u1ebb \u0111\u1eb9p sang tr\u1ecdng \u0111\u01b0\u1ee3c th\u1ec3 hi\u1ec7n qua t\u1eebng chi ti\u1ebft ho\u00e0n thi\u1ec7n. V\u1edbi thi\u1ebft k\u1ebf tinh t\u1ebf c\u00f9ng c\u00e1c \u0111\u01b0\u1eddng n\u00e9t hoa v\u0103n \u0111\u01b0\u1ee3c gia c\u00f4ng t\u1ec9 m\u1ec9, TAP301 kh\u00f4ng ch\u1ec9 \u0111\u00f3ng vai tr\u00f2 l\u00e0 m\u00f3n \u0111\u1ed3 n\u1ed9i th\u1ea5t ti\u1ec7n \u00edch m\u00e0 c\u00f2n l\u00e0 \u0111i\u1ec3m nh\u1ea5n th\u1ea9m m\u1ef9, g\u00f3p ph\u1ea7n n\u00e2ng t\u1ea7m t\u1ed5ng th\u1ec3 kh\u00f4ng gian ngh\u1ec9 ng\u01a1i.<\/p>\n<p data-start=\"1286\" data-end=\"1670\">\u0110i\u1ec3m n\u1ed5i b\u1eadt c\u1ee7a TAP301 n\u1eb1m \u1edf ph\u1ea7n khung ch\u1ecbu l\u1ef1c \u0111\u01b0\u1ee3c l\u00e0m t\u1eeb g\u1ed7 t\u1ef1 nhi\u00ean, mang l\u1ea1i s\u1ef1 ch\u1eafc ch\u1eafn v\u00e0 \u0111\u1ed9 \u1ed5n \u0111\u1ecbnh cao trong qu\u00e1 tr\u00ecnh s\u1eed d\u1ee5ng. B\u00ean ngo\u00e0i s\u1ea3n ph\u1ea9m \u0111\u01b0\u1ee3c ph\u1ee7 l\u1edbp s\u01a1n cao c\u1ea5p, t\u1ea1o b\u1ec1 m\u1eb7t s\u00e1ng b\u00f3ng v\u00e0 m\u1ecbn \u0111\u1eb9p, \u0111\u1ed3ng th\u1eddi gi\u00fap h\u1ea1n ch\u1ebf b\u00e1m b\u1ee5i v\u00e0 d\u1ec5 d\u00e0ng v\u1ec7 sinh. S\u1ef1 k\u1ebft h\u1ee3p gi\u1eefa v\u1eadt li\u1ec7u ch\u1ea5t l\u01b0\u1ee3ng v\u00e0 k\u1ef9 thu\u1eadt ho\u00e0n thi\u1ec7n tinh x\u1ea3o gi\u00fap t\u1ee7 gi\u1eef \u0111\u01b0\u1ee3c v\u1ebb \u0111\u1eb9p l\u00e2u d\u00e0i theo th\u1eddi gian.<\/p>\n<p data-start=\"1672\" data-end=\"2019\">V\u1ec1 m\u1eb7t thi\u1ebft k\u1ebf, TAP301 mang \u0111\u1eadm tinh th\u1ea7n t\u00e2n c\u1ed5 \u0111i\u1ec3n v\u1edbi c\u00e1c chi ti\u1ebft trang tr\u00ed nh\u1eb9 nh\u00e0ng, h\u00e0i h\u00f2a, kh\u00f4ng qu\u00e1 c\u1ea7u k\u1ef3 nh\u01b0ng v\u1eabn \u0111\u1ee7 \u0111\u1ec3 t\u1ea1o c\u1ea3m gi\u00e1c sang tr\u1ecdng. C\u00e1c \u0111\u01b0\u1eddng ph\u00e0o v\u00e0 hoa v\u0103n \u0111\u01b0\u1ee3c x\u1eed l\u00fd kh\u00e9o l\u00e9o, t\u1ea1o chi\u1ec1u s\u00e2u cho b\u1ec1 m\u1eb7t s\u1ea3n ph\u1ea9m, \u0111\u1ed3ng th\u1eddi gi\u00fap t\u1ee7 d\u1ec5 d\u00e0ng ph\u1ed1i h\u1ee3p v\u1edbi gi\u01b0\u1eddng ng\u1ee7, t\u1ee7 \u00e1o v\u00e0 c\u00e1c m\u00f3n n\u1ed9i th\u1ea5t c\u00f9ng phong c\u00e1ch trong ph\u00f2ng.<\/p>\n<p data-start=\"2021\" data-end=\"2344\">X\u00e9t v\u1ec1 c\u00f4ng n\u0103ng, t\u1ee7 \u0111\u1ea7u gi\u01b0\u1eddng TAP301 \u0111\u00e1p \u1ee9ng t\u1ed1t nhu c\u1ea7u l\u01b0u tr\u1eef c\u00e1c v\u1eadt d\u1ee5ng c\u00e1 nh\u00e2n th\u01b0\u1eddng d\u00f9ng nh\u01b0 s\u00e1ch, \u0111i\u1ec7n tho\u1ea1i, \u0111\u1ed3ng h\u1ed3, \u0111\u00e8n ng\u1ee7 ho\u1eb7c \u0111\u1ed3 trang tr\u00ed nh\u1ecf. M\u1eb7t t\u1ee7 ph\u1eb3ng, r\u1ed9ng v\u1eeba ph\u1ea3i, thu\u1eadn ti\u1ec7n cho vi\u1ec7c b\u1ed1 tr\u00ed \u0111\u00e8n ng\u1ee7 ho\u1eb7c ph\u1ee5 ki\u1ec7n trang tr\u00ed, trong khi khoang ch\u1ee9a b\u00ean trong gi\u00fap kh\u00f4ng gian lu\u00f4n g\u1ecdn g\u00e0ng, ng\u0103n n\u1eafp.<\/p>\n<p data-start=\"2346\" data-end=\"2731\">V\u1edbi k\u00edch th\u01b0\u1edbc W500 x D420 x H415 mm, TAP301 c\u00f3 t\u1ef7 l\u1ec7 c\u00e2n \u0111\u1ed1i, ph\u00f9 h\u1ee3p \u0111\u1eb7t c\u1ea1nh h\u1ea7u h\u1ebft c\u00e1c m\u1eabu gi\u01b0\u1eddng ng\u1ee7 ph\u1ed5 bi\u1ebfn hi\u1ec7n nay. Chi\u1ec1u cao h\u1ee3p l\u00fd gi\u00fap ng\u01b0\u1eddi d\u00f9ng d\u1ec5 d\u00e0ng thao t\u00e1c khi n\u1eb1m ho\u1eb7c ng\u1ed3i tr\u00ean gi\u01b0\u1eddng, mang l\u1ea1i s\u1ef1 ti\u1ec7n l\u1ee3i trong sinh ho\u1ea1t h\u1eb1ng ng\u00e0y. Nh\u1edd thi\u1ebft k\u1ebf g\u1ecdn g\u00e0ng, s\u1ea3n ph\u1ea9m c\u0169ng kh\u00f4ng chi\u1ebfm nhi\u1ec1u di\u1ec7n t\u00edch, \u0111\u1eb7c bi\u1ec7t ph\u00f9 h\u1ee3p v\u1edbi c\u1ea3 ph\u00f2ng ng\u1ee7 l\u1edbn l\u1eabn kh\u00f4ng gian v\u1eeba v\u00e0 nh\u1ecf.<\/p>\n<p data-start=\"2733\" data-end=\"3034\">Kh\u00f4ng ch\u1ec9 \u0111\u01a1n thu\u1ea7n l\u00e0 m\u1ed9t chi\u1ebfc t\u1ee7 \u0111\u1ea7u gi\u01b0\u1eddng, TAP301 c\u00f2n g\u00f3p ph\u1ea7n ho\u00e0n thi\u1ec7n kh\u00f4ng gian ph\u00f2ng ng\u1ee7 theo h\u01b0\u1edbng \u0111\u1ed3ng b\u1ed9 v\u00e0 tinh t\u1ebf h\u01a1n. Khi k\u1ebft h\u1ee3p c\u00f9ng gi\u01b0\u1eddng ng\u1ee7 v\u00e0 c\u00e1c s\u1ea3n ph\u1ea9m n\u1ed9i th\u1ea5t t\u00e2n c\u1ed5 \u0111i\u1ec3n kh\u00e1c, t\u1ee7 gi\u00fap t\u1ea1o n\u00ean t\u1ed5ng th\u1ec3 h\u00e0i h\u00f2a, mang l\u1ea1i c\u1ea3m gi\u00e1c \u1ea5m c\u00fang nh\u01b0ng v\u1eabn sang tr\u1ecdng cho c\u0103n ph\u00f2ng.<\/p>\n<p data-start=\"3036\" data-end=\"3399\">T\u1ed5ng k\u1ebft l\u1ea1i, t\u1ee7 \u0111\u1ea7u gi\u01b0\u1eddng TAP301 l\u00e0 s\u1ef1 k\u1ebft h\u1ee3p gi\u1eefa thi\u1ebft k\u1ebf t\u00e2n c\u1ed5 \u0111i\u1ec3n thanh l\u1ecbch, khung g\u1ed7 t\u1ef1 nhi\u00ean ch\u1eafc ch\u1eafn v\u00e0 l\u1edbp s\u01a1n cao c\u1ea5p s\u00e1ng b\u00f3ng. S\u1ea3n ph\u1ea9m \u0111\u00e1p \u1ee9ng \u0111\u1ea7y \u0111\u1ee7 c\u1ea3 nhu c\u1ea7u s\u1eed d\u1ee5ng l\u1eabn gi\u00e1 tr\u1ecb th\u1ea9m m\u1ef9, l\u00e0 l\u1ef1a ch\u1ecdn ph\u00f9 h\u1ee3p cho nh\u1eefng ai \u0111ang t\u00ecm ki\u1ebfm m\u1ed9t m\u1eabu t\u00e1p \u0111\u1ea7u gi\u01b0\u1eddng ch\u1ea5t l\u01b0\u1ee3ng, b\u1ec1n \u0111\u1eb9p v\u00e0 g\u00f3p ph\u1ea7n n\u00e2ng cao gi\u00e1 tr\u1ecb kh\u00f4ng gian ph\u00f2ng ng\u1ee7 trong d\u00e0i h\u1ea1n.<\/p>\n","protected":false},"excerpt":{"rendered":"<p data-start=\"160\" data-end=\"519\">T\u1ee7 \u0111\u1ea7u gi\u01b0\u1eddng TAP301 l\u00e0 m\u1eabu t\u00e1p \u0111\u1ea7u gi\u01b0\u1eddng phong c\u00e1ch t\u00e2n c\u1ed5 \u0111i\u1ec3n c\u1ee7a The One, \u0111\u01b0\u1ee3c gia c\u00f4ng t\u1ec9 m\u1ec9 v\u1edbi c\u00e1c \u0111\u01b0\u1eddng n\u00e9t hoa v\u0103n tinh t\u1ebf, mang \u0111\u1ebfn v\u1ebb \u0111\u1eb9p sang tr\u1ecdng cho kh\u00f4ng gian ph\u00f2ng ng\u1ee7. S\u1ea3n ph\u1ea9m s\u1eed d\u1ee5ng khung ch\u1ecbu l\u1ef1c b\u1eb1ng g\u1ed7 t\u1ef1 nhi\u00ean, b\u00ean ngo\u00e0i ph\u1ee7 l\u1edbp s\u01a1n cao c\u1ea5p gi\u00fap b\u1ec1 m\u1eb7t s\u00e1ng b\u00f3ng, \u0111\u1ed3ng th\u1eddi n\u00e2ng cao \u0111\u1ed9 b\u1ec1n v\u00e0 gi\u00e1 tr\u1ecb th\u1ea9m m\u1ef9 trong qu\u00e1 tr\u00ecnh s\u1eed d\u1ee5ng.<\/p>\n<p data-start=\"521\" data-end=\"860\">K\u00edch th\u01b0\u1edbc: W500 x D420 x H415 mm<br data-start=\"554\" data-end=\"557\" \/>Xu\u1ea5t x\u1ee9: S\u1ea3n ph\u1ea9m c\u1ee7a c\u00f4ng ty <strong data-start=\"587\" data-end=\"607\">N\u1ed8I TH\u1ea4T THE ONE<\/strong> \u2013 Ph\u00e2n ph\u1ed1i b\u1edfi <strong data-start=\"624\" data-end=\"660\">C\u00d4NG TY TNHH SXTM TTNT H\u1eeeU TH\u1ecaNH<\/strong>.<br data-start=\"661\" data-end=\"664\" \/>B\u1ea3o h\u00e0nh: 12 th\u00e1ng theo ti\u00eau chu\u1ea9n nh\u00e0 m\u00e1y.<br data-start=\"707\" data-end=\"710\" \/>L\u01b0u \u00fd: Gi\u00e1 tr\u00ean ch\u01b0a bao g\u1ed3m VAT v\u00e0 ph\u00ed v\u1eadn chuy\u1ec3n. Gi\u00e1 s\u1ea3n ph\u1ea9m c\u00f3 th\u1ec3 thay \u0111\u1ed5i theo t\u1eebng th\u1eddi \u0111i\u1ec3m, vui l\u00f2ng li\u00ean h\u1ec7 \u0111\u1ec3 nh\u1eadn t\u01b0 v\u1ea5n \u01b0u \u0111\u00e3i t\u1ed1t nh\u1ea5t.<\/p>\n","protected":false},"featured_media":7797,"comment_status":"open","ping_status":"closed","template":"","meta":[],"product_brand":[],"product_cat":[18,776],"product_tag":[],"class_list":{"0":"post-7796","1":"product","2":"type-product","3":"status-publish","4":"has-post-thumbnail","6":"product_cat-noi-that-gia-dinh","7":"product_cat-tu-dau-giuong","9":"first","10":"instock","11":"shipping-taxable","12":"purchasable","13":"product-type-simple"},"_links":{"self":[{"href":"https:\/\/noithathuuthinh.vn\/zh-hans\/wp-json\/wp\/v2\/product\/7796","targetHints":{"allow":["GET"]}}],"collection":[{"href":"https:\/\/noithathuuthinh.vn\/zh-hans\/wp-json\/wp\/v2\/product"}],"about":[{"href":"https:\/\/noithathuuthinh.vn\/zh-hans\/wp-json\/wp\/v2\/types\/product"}],"replies":[{"embeddable":true,"href":"https:\/\/noithathuuthinh.vn\/zh-hans\/wp-json\/wp\/v2\/comments?post=7796"}],"wp:featuredmedia":[{"embeddable":true,"href":"https:\/\/noithathuuthinh.vn\/zh-hans\/wp-json\/wp\/v2\/media\/7797"}],"wp:attachment":[{"href":"https:\/\/noithathuuthinh.vn\/zh-hans\/wp-json\/wp\/v2\/media?parent=7796"}],"wp:term":[{"taxonomy":"product_brand","embeddable":true,"href":"https:\/\/noithathuuthinh.vn\/zh-hans\/wp-json\/wp\/v2\/product_brand?post=7796"},{"taxonomy":"product_cat","embeddable":true,"href":"https:\/\/noithathuuthinh.vn\/zh-hans\/wp-json\/wp\/v2\/product_cat?post=7796"},{"taxonomy":"product_tag","embeddable":true,"href":"https:\/\/noithathuuthinh.vn\/zh-hans\/wp-json\/wp\/v2\/product_tag?post=7796"}],"curies":[{"name":"wp","href":"https:\/\/api.w.org\/{rel}","templated":true}]}}