{"id":7850,"date":"2026-03-04T14:21:51","date_gmt":"2026-03-04T07:21:51","guid":{"rendered":"https:\/\/noithathuuthinh.vn\/?post_type=product&#038;p=7850"},"modified":"2026-03-04T14:21:51","modified_gmt":"2026-03-04T07:21:51","slug":"ban-trang-diem-bp302","status":"publish","type":"product","link":"https:\/\/noithathuuthinh.vn\/zh-hans\/san-pham\/ban-trang-diem-bp302\/","title":{"rendered":"B\u00e0n trang \u0111i\u1ec3m BP302"},"content":{"rendered":"<p data-start=\"853\" data-end=\"1191\">B\u00e0n trang \u0111i\u1ec3m BP302 l\u00e0 l\u1ef1a ch\u1ecdn ph\u00f9 h\u1ee3p cho nh\u1eefng kh\u00f4ng gian ph\u00f2ng ng\u1ee7 hi\u1ec7n \u0111\u1ea1i, n\u01a1i ng\u01b0\u1eddi d\u00f9ng mong mu\u1ed1n s\u1ef1 g\u1ecdn g\u00e0ng, ti\u1ec7n nghi v\u00e0 t\u00ednh th\u1ea9m m\u1ef9 h\u00e0i h\u00f2a. V\u1edbi thi\u1ebft k\u1ebf nh\u1ecf g\u1ecdn nh\u01b0ng v\u1eabn \u0111\u1ea3m b\u1ea3o c\u00f4ng n\u0103ng s\u1eed d\u1ee5ng, BP302 hi\u1ec7n \u0111ang l\u00e0 m\u1ed9t trong nh\u1eefng m\u1eabu b\u00e0n trang \u0111i\u1ec3m \u0111\u01b0\u1ee3c kh\u00e1ch h\u00e0ng l\u1ef1a ch\u1ecdn nhi\u1ec1u nh\u1edd t\u00ednh th\u1ef1c t\u1ebf v\u00e0 ki\u1ec3u d\u00e1ng d\u1ec5 b\u1ed1 tr\u00ed.<\/p>\n<p data-start=\"1193\" data-end=\"1482\">S\u1ea3n ph\u1ea9m \u0111\u01b0\u1ee3c ch\u1ebf t\u1ea1o t\u1eeb g\u1ed7 c\u00f4ng nghi\u1ec7p ph\u1ee7 Melamine k\u1ebft h\u1ee3p l\u1edbp s\u01a1n PU cao c\u1ea5p. S\u1ef1 k\u1ebft h\u1ee3p n\u00e0y gi\u00fap b\u00e0n c\u00f3 kh\u1ea3 n\u0103ng ch\u1ed1ng \u1ea9m, h\u1ea1n ch\u1ebf tr\u1ea7y x\u01b0\u1edbc nh\u1eb9 v\u00e0 gi\u1eef m\u00e0u s\u1eafc b\u1ec1n \u0111\u1eb9p theo th\u1eddi gian. B\u1ec1 m\u1eb7t ho\u00e0n thi\u1ec7n m\u1ecbn, d\u1ec5 lau ch\u00f9i, ph\u00f9 h\u1ee3p v\u1edbi nhu c\u1ea7u s\u1eed d\u1ee5ng h\u1eb1ng ng\u00e0y trong m\u00f4i tr\u01b0\u1eddng ph\u00f2ng ng\u1ee7.<\/p>\n<p data-start=\"1484\" data-end=\"1856\">\u0110i\u1ec3m n\u1ed5i b\u1eadt c\u1ee7a BP302 n\u1eb1m \u1edf ng\u0103n k\u00e9o l\u1edbn \u0111\u01b0\u1ee3c thi\u1ebft k\u1ebf r\u1ed9ng r\u00e3i, h\u1ed7 tr\u1ee3 ng\u01b0\u1eddi d\u00f9ng l\u01b0u tr\u1eef m\u1ef9 ph\u1ea9m, ph\u1ee5 ki\u1ec7n v\u00e0 c\u00e1c v\u1eadt d\u1ee5ng c\u00e1 nh\u00e2n m\u1ed9t c\u00e1ch khoa h\u1ecdc. Nh\u1edd \u0111\u00f3, m\u1eb7t b\u00e0n lu\u00f4n gi\u1eef \u0111\u01b0\u1ee3c s\u1ef1 g\u1ecdn g\u00e0ng, t\u1ea1o kh\u00f4ng gian thao t\u00e1c tho\u1ea3i m\u00e1i khi trang \u0111i\u1ec3m ho\u1eb7c ch\u0103m s\u00f3c c\u00e1 nh\u00e2n. \u0110\u00e2y l\u00e0 y\u1ebfu t\u1ed1 quan tr\u1ecdng gi\u00fap t\u1ed1i \u01b0u di\u1ec7n t\u00edch, \u0111\u1eb7c bi\u1ec7t \u0111\u1ed1i v\u1edbi c\u00e1c ph\u00f2ng ng\u1ee7 c\u00f3 kh\u00f4ng gian v\u1eeba v\u00e0 nh\u1ecf.<\/p>\n<p data-start=\"1858\" data-end=\"2163\">V\u1ec1 thi\u1ebft k\u1ebf t\u1ed5ng th\u1ec3, BP302 mang phong c\u00e1ch hi\u1ec7n \u0111\u1ea1i v\u1edbi c\u00e1c \u0111\u01b0\u1eddng n\u00e9t th\u1eb3ng, c\u00e2n \u0111\u1ed1i v\u00e0 d\u1ec5 ph\u1ed1i h\u1ee3p c\u00f9ng c\u00e1c s\u1ea3n ph\u1ea9m n\u1ed9i th\u1ea5t kh\u00e1c nh\u01b0 gi\u01b0\u1eddng ng\u1ee7, t\u1ee7 \u00e1o hay t\u1ee7 \u0111\u1ea7u gi\u01b0\u1eddng. Ki\u1ec3u d\u00e1ng thanh tho\u00e1t gi\u00fap b\u00e0n kh\u00f4ng t\u1ea1o c\u1ea3m gi\u00e1c n\u1eb7ng n\u1ec1, \u0111\u1ed3ng th\u1eddi g\u00f3p ph\u1ea7n l\u00e0m kh\u00f4ng gian ph\u00f2ng ng\u1ee7 tr\u1edf n\u00ean s\u00e1ng v\u00e0 h\u00e0i h\u00f2a h\u01a1n.<\/p>\n<p data-start=\"2165\" data-end=\"2515\">V\u1edbi k\u00edch th\u01b0\u1edbc W800 x D400 x H700 mm, BP302 c\u00f3 t\u1ef7 l\u1ec7 ph\u00f9 h\u1ee3p v\u1edbi nhi\u1ec1u di\u1ec7n t\u00edch ph\u00f2ng. Chi\u1ec1u s\u00e2u 400 mm \u0111\u1ee7 \u0111\u1ec3 b\u1ed1 tr\u00ed g\u01b0\u01a1ng v\u00e0 c\u00e1c v\u1eadt d\u1ee5ng trang \u0111i\u1ec3m ph\u1ed5 bi\u1ebfn, trong khi chi\u1ec1u cao 700 mm mang l\u1ea1i t\u01b0 th\u1ebf ng\u1ed3i tho\u1ea3i m\u00e1i khi k\u1ebft h\u1ee3p c\u00f9ng gh\u1ebf ho\u1eb7c \u0111\u00f4n. Nh\u1edd thi\u1ebft k\u1ebf g\u1ecdn g\u00e0ng, s\u1ea3n ph\u1ea9m d\u1ec5 d\u00e0ng \u0111\u1eb7t s\u00e1t t\u01b0\u1eddng ho\u1eb7c b\u1ed1 tr\u00ed linh ho\u1ea1t theo m\u1eb7t b\u1eb1ng ph\u00f2ng ng\u1ee7.<\/p>\n<p data-start=\"2517\" data-end=\"2751\">Ngo\u00e0i c\u00f4ng n\u0103ng ch\u00ednh l\u00e0 b\u00e0n trang \u0111i\u1ec3m, BP302 c\u00f2n c\u00f3 th\u1ec3 \u0111\u01b0\u1ee3c t\u1eadn d\u1ee5ng nh\u01b0 m\u1ed9t b\u00e0n l\u00e0m vi\u1ec7c nh\u1ecf ho\u1eb7c b\u00e0n decor t\u00f9y theo nhu c\u1ea7u s\u1eed d\u1ee5ng. \u0110i\u1ec1u n\u00e0y gi\u00fap t\u0103ng t\u00ednh linh ho\u1ea1t v\u00e0 gi\u00e1 tr\u1ecb s\u1eed d\u1ee5ng l\u00e2u d\u00e0i cho s\u1ea3n ph\u1ea9m trong kh\u00f4ng gian s\u1ed1ng.<\/p>\n<p data-start=\"2753\" data-end=\"3139\">T\u1ed5ng k\u1ebft l\u1ea1i, b\u00e0n trang \u0111i\u1ec3m BP302 l\u00e0 s\u1ef1 k\u1ebft h\u1ee3p gi\u1eefa thi\u1ebft k\u1ebf hi\u1ec7n \u0111\u1ea1i, ch\u1ea5t li\u1ec7u g\u1ed7 c\u00f4ng nghi\u1ec7p Melamine ph\u1ee7 s\u01a1n PU cao c\u1ea5p v\u00e0 ng\u0103n k\u00e9o l\u1edbn ti\u1ec7n l\u1ee3i. V\u1edbi k\u00edch th\u01b0\u1edbc g\u1ecdn g\u00e0ng c\u00f9ng kh\u1ea3 n\u0103ng t\u1ed1i \u01b0u kh\u00f4ng gian hi\u1ec7u qu\u1ea3, BP302 kh\u00f4ng ch\u1ec9 \u0111\u00e1p \u1ee9ng nhu c\u1ea7u s\u1eed d\u1ee5ng h\u1eb1ng ng\u00e0y m\u00e0 c\u00f2n g\u00f3p ph\u1ea7n n\u00e2ng cao t\u00ednh th\u1ea9m m\u1ef9 v\u00e0 s\u1ef1 ti\u1ec7n nghi cho ph\u00f2ng ng\u1ee7, x\u1ee9ng \u0111\u00e1ng l\u00e0 l\u1ef1a ch\u1ecdn \u0111\u1ea7u t\u01b0 h\u1ee3p l\u00fd cho gia \u0111\u00ecnh.<\/p>\n","protected":false},"excerpt":{"rendered":"<p data-start=\"142\" data-end=\"458\">B\u00e0n trang \u0111i\u1ec3m BP302 l\u00e0 m\u1eabu b\u00e0n ph\u1ea5n hi\u1ec7n \u0111\u1ea1i \u0111\u01b0\u1ee3c \u01b0a chu\u1ed9ng, s\u1ea3n xu\u1ea5t t\u1eeb ch\u1ea5t li\u1ec7u g\u1ed7 c\u00f4ng nghi\u1ec7p Melamine k\u1ebft h\u1ee3p s\u01a1n PU cao c\u1ea5p, mang l\u1ea1i \u0111\u1ed9 b\u1ec1n \u1ed5n \u0111\u1ecbnh v\u00e0 b\u1ec1 m\u1eb7t ho\u00e0n thi\u1ec7n m\u1ecbn \u0111\u1eb9p. S\u1ea3n ph\u1ea9m c\u00f3 ng\u0103n k\u00e9o l\u1edbn ti\u1ec7n l\u1ee3i, gi\u00fap ng\u01b0\u1eddi d\u00f9ng s\u1eafp x\u1ebfp v\u1eadt d\u1ee5ng c\u00e1 nh\u00e2n g\u1ecdn g\u00e0ng v\u00e0 t\u1ed1i \u01b0u kh\u00f4ng gian s\u1eed d\u1ee5ng trong ph\u00f2ng ng\u1ee7.<\/p>\n<p data-start=\"460\" data-end=\"806\">K\u00edch th\u01b0\u1edbc: W800 x D400 x H700 mm<br data-start=\"500\" data-end=\"503\" \/>Xu\u1ea5t x\u1ee9: S\u1ea3n ph\u1ea9m c\u1ee7a c\u00f4ng ty <strong data-start=\"533\" data-end=\"553\">N\u1ed8I TH\u1ea4T THE ONE<\/strong> \u2013 Ph\u00e2n ph\u1ed1i b\u1edfi <strong data-start=\"570\" data-end=\"606\">C\u00d4NG TY TNHH SXTM TTNT H\u1eeeU TH\u1ecaNH<\/strong>.<br data-start=\"607\" data-end=\"610\" \/>B\u1ea3o h\u00e0nh: 12 th\u00e1ng theo ti\u00eau chu\u1ea9n nh\u00e0 m\u00e1y.<br data-start=\"653\" data-end=\"656\" \/>L\u01b0u \u00fd: Gi\u00e1 tr\u00ean ch\u01b0a bao g\u1ed3m VAT v\u00e0 ph\u00ed v\u1eadn chuy\u1ec3n. Gi\u00e1 s\u1ea3n ph\u1ea9m c\u00f3 th\u1ec3 thay \u0111\u1ed5i theo t\u1eebng th\u1eddi \u0111i\u1ec3m, vui l\u00f2ng li\u00ean h\u1ec7 \u0111\u1ec3 nh\u1eadn t\u01b0 v\u1ea5n \u01b0u \u0111\u00e3i t\u1ed1t nh\u1ea5t.<\/p>\n","protected":false},"featured_media":7851,"comment_status":"open","ping_status":"closed","template":"","meta":[],"product_brand":[],"product_cat":[18,774],"product_tag":[],"class_list":{"0":"post-7850","1":"product","2":"type-product","3":"status-publish","4":"has-post-thumbnail","6":"product_cat-noi-that-gia-dinh","7":"product_cat-ban-trang-diem","9":"first","10":"instock","11":"shipping-taxable","12":"purchasable","13":"product-type-simple"},"_links":{"self":[{"href":"https:\/\/noithathuuthinh.vn\/zh-hans\/wp-json\/wp\/v2\/product\/7850","targetHints":{"allow":["GET"]}}],"collection":[{"href":"https:\/\/noithathuuthinh.vn\/zh-hans\/wp-json\/wp\/v2\/product"}],"about":[{"href":"https:\/\/noithathuuthinh.vn\/zh-hans\/wp-json\/wp\/v2\/types\/product"}],"replies":[{"embeddable":true,"href":"https:\/\/noithathuuthinh.vn\/zh-hans\/wp-json\/wp\/v2\/comments?post=7850"}],"wp:featuredmedia":[{"embeddable":true,"href":"https:\/\/noithathuuthinh.vn\/zh-hans\/wp-json\/wp\/v2\/media\/7851"}],"wp:attachment":[{"href":"https:\/\/noithathuuthinh.vn\/zh-hans\/wp-json\/wp\/v2\/media?parent=7850"}],"wp:term":[{"taxonomy":"product_brand","embeddable":true,"href":"https:\/\/noithathuuthinh.vn\/zh-hans\/wp-json\/wp\/v2\/product_brand?post=7850"},{"taxonomy":"product_cat","embeddable":true,"href":"https:\/\/noithathuuthinh.vn\/zh-hans\/wp-json\/wp\/v2\/product_cat?post=7850"},{"taxonomy":"product_tag","embeddable":true,"href":"https:\/\/noithathuuthinh.vn\/zh-hans\/wp-json\/wp\/v2\/product_tag?post=7850"}],"curies":[{"name":"wp","href":"https:\/\/api.w.org\/{rel}","templated":true}]}}