{"id":8078,"date":"2026-03-30T14:55:38","date_gmt":"2026-03-30T07:55:38","guid":{"rendered":"https:\/\/noithathuuthinh.vn\/?post_type=product&#038;p=8078"},"modified":"2026-04-02T09:31:34","modified_gmt":"2026-04-02T02:31:34","slug":"giuong-ngu-ght01","status":"publish","type":"product","link":"https:\/\/noithathuuthinh.vn\/zh-hans\/san-pham\/giuong-ngu-ght01\/","title":{"rendered":"Gi\u01b0\u1eddng ng\u1ee7 GHT01"},"content":{"rendered":"<p data-start=\"918\" data-end=\"1179\">Gi\u01b0\u1eddng ng\u1ee7 GHT01 l\u00e0 l\u1ef1a ch\u1ecdn l\u00fd t\u01b0\u1edfng cho nh\u1eefng kh\u00f4ng gian ph\u00f2ng ng\u1ee7 \u0111\u1ec1 cao s\u1ef1 t\u1ed1i gi\u1ea3n nh\u01b0ng v\u1eabn \u0111\u1ea3m b\u1ea3o t\u00ednh th\u1ea9m m\u1ef9 v\u00e0 c\u00f4ng n\u0103ng s\u1eed d\u1ee5ng. V\u1edbi thi\u1ebft k\u1ebf h\u00e0i h\u00f2a, ch\u1eafc ch\u1eafn c\u00f9ng ch\u1ea5t li\u1ec7u b\u1ec1n b\u1ec9, s\u1ea3n ph\u1ea9m mang l\u1ea1i c\u1ea3m gi\u00e1c \u1ea5m \u00e1p v\u00e0 ti\u1ec7n nghi cho ng\u01b0\u1eddi s\u1eed d\u1ee5ng.<\/p>\n<p data-start=\"1181\" data-end=\"1533\">\u0110i\u1ec3m n\u1ed5i b\u1eadt c\u1ee7a GHT01 n\u1eb1m \u1edf phong c\u00e1ch thi\u1ebft k\u1ebf \u0111\u01a1n gi\u1ea3n nh\u01b0ng kh\u00f4ng k\u00e9m ph\u1ea7n tinh t\u1ebf. C\u00e1c \u0111\u01b0\u1eddng n\u00e9t \u0111\u01b0\u1ee3c t\u1ed1i gi\u1ea3n, gi\u00fap gi\u01b0\u1eddng d\u1ec5 d\u00e0ng ph\u00f9 h\u1ee3p v\u1edbi nhi\u1ec1u phong c\u00e1ch n\u1ed9i th\u1ea5t kh\u00e1c nhau, t\u1eeb hi\u1ec7n \u0111\u1ea1i, t\u1ed1i gi\u1ea3n cho \u0111\u1ebfn c\u1ed5 \u0111i\u1ec3n ho\u1eb7c vintage. \u0110\u00e2y l\u00e0 \u01b0u \u0111i\u1ec3m l\u1edbn gi\u00fap s\u1ea3n ph\u1ea9m linh ho\u1ea1t trong vi\u1ec7c b\u1ed1 tr\u00ed v\u00e0 k\u1ebft h\u1ee3p v\u1edbi c\u00e1c \u0111\u1ed3 n\u1ed9i th\u1ea5t kh\u00e1c trong ph\u00f2ng ng\u1ee7.<\/p>\n<p data-start=\"1535\" data-end=\"1848\">S\u1ea3n ph\u1ea9m \u0111\u01b0\u1ee3c l\u00e0m t\u1eeb g\u1ed7 c\u00f4ng nghi\u1ec7p MDF ch\u1ed1ng \u1ea9m ph\u1ee7 Melamine cao c\u1ea5p. \u0110\u00e2y l\u00e0 ch\u1ea5t li\u1ec7u \u0111\u01b0\u1ee3c \u0111\u00e1nh gi\u00e1 cao v\u1ec1 \u0111\u1ed9 b\u1ec1n, kh\u1ea3 n\u0103ng ch\u1ed1ng tr\u1ea7y x\u01b0\u1edbc v\u00e0 ch\u1ed1ng \u1ea9m t\u1ed1t, \u0111\u1eb7c bi\u1ec7t ph\u00f9 h\u1ee3p v\u1edbi \u0111i\u1ec1u ki\u1ec7n kh\u00ed h\u1eadu t\u1ea1i Vi\u1ec7t Nam. B\u1ec1 m\u1eb7t Melamine gi\u00fap gi\u01b0\u1eddng lu\u00f4n gi\u1eef \u0111\u01b0\u1ee3c m\u00e0u s\u1eafc \u1ed5n \u0111\u1ecbnh v\u00e0 d\u1ec5 d\u00e0ng v\u1ec7 sinh trong qu\u00e1 tr\u00ecnh s\u1eed d\u1ee5ng.<\/p>\n<p data-start=\"1850\" data-end=\"2154\">K\u1ebft c\u1ea5u gi\u01b0\u1eddng \u0111\u01b0\u1ee3c thi\u1ebft k\u1ebf ch\u1eafc ch\u1eafn, \u0111\u1ea3m b\u1ea3o kh\u1ea3 n\u0103ng ch\u1ecbu l\u1ef1c t\u1ed1t v\u00e0 \u0111\u1ed9 \u1ed5n \u0111\u1ecbnh l\u00e2u d\u00e0i. Ngo\u00e0i ra, s\u1ea3n ph\u1ea9m c\u00f2n \u0111\u01b0\u1ee3c t\u00edch h\u1ee3p kh\u00f4ng gian l\u01b0u tr\u1eef t\u1ea1i ph\u1ea7n \u0111\u1ea7u gi\u01b0\u1eddng v\u00e0 g\u1ea7m gi\u01b0\u1eddng, gi\u00fap ng\u01b0\u1eddi d\u00f9ng c\u00f3 th\u1ec3 t\u1eadn d\u1ee5ng \u0111\u1ec3 s\u1eafp x\u1ebfp ch\u0103n ga, g\u1ed1i ho\u1eb7c c\u00e1c v\u1eadt d\u1ee5ng c\u00e1 nh\u00e2n, g\u00f3p ph\u1ea7n t\u1ed1i \u01b0u kh\u00f4ng gian ph\u00f2ng ng\u1ee7.<\/p>\n<p data-start=\"2156\" data-end=\"2431\">V\u1ec1 k\u00edch th\u01b0\u1edbc, GHT01 c\u00f3 th\u00f4ng s\u1ed1 W1600 x D2140 x H800 mm, ph\u00f9 h\u1ee3p v\u1edbi nhu c\u1ea7u s\u1eed d\u1ee5ng ph\u1ed5 bi\u1ebfn trong c\u00e1c gia \u0111\u00ecnh hi\u1ec7n nay. K\u00edch th\u01b0\u1edbc n\u00e0y mang l\u1ea1i kh\u00f4ng gian ngh\u1ec9 ng\u01a1i tho\u1ea3i m\u00e1i cho 2 ng\u01b0\u1eddi, \u0111\u1ed3ng th\u1eddi v\u1eabn \u0111\u1ea3m b\u1ea3o s\u1ef1 c\u00e2n \u0111\u1ed1i khi b\u1ed1 tr\u00ed trong ph\u00f2ng ng\u1ee7 c\u00f3 di\u1ec7n t\u00edch v\u1eeba ph\u1ea3i.<\/p>\n<p data-start=\"2433\" data-end=\"2661\">Ngo\u00e0i ra, thi\u1ebft k\u1ebf m\u1edbi l\u1ea1 v\u00e0 \u0111\u1ed9c \u0111\u00e1o c\u1ee7a gi\u01b0\u1eddng gi\u00fap t\u1ea1o \u0111i\u1ec3m nh\u1ea5n n\u1ed5i b\u1eadt cho kh\u00f4ng gian. S\u1ef1 k\u1ebft h\u1ee3p gi\u1eefa m\u00e0u s\u1eafc v\u00e0 ch\u1ea5t li\u1ec7u mang l\u1ea1i c\u1ea3m gi\u00e1c \u1ea5m c\u00fang, g\u00f3p ph\u1ea7n n\u00e2ng cao ch\u1ea5t l\u01b0\u1ee3ng gi\u1ea5c ng\u1ee7 v\u00e0 tr\u1ea3i nghi\u1ec7m sinh ho\u1ea1t h\u00e0ng ng\u00e0y.<\/p>\n<p data-start=\"2663\" data-end=\"2842\">Vi\u1ec7c v\u1ec7 sinh v\u00e0 b\u1ea3o qu\u1ea3n s\u1ea3n ph\u1ea9m c\u0169ng r\u1ea5t \u0111\u01a1n gi\u1ea3n nh\u1edd b\u1ec1 m\u1eb7t Melamine ch\u1ed1ng b\u00e1m b\u1ea9n. Ng\u01b0\u1eddi d\u00f9ng ch\u1ec9 c\u1ea7n lau ch\u00f9i nh\u1eb9 l\u00e0 c\u00f3 th\u1ec3 gi\u1eef gi\u01b0\u1eddng lu\u00f4n s\u1ea1ch s\u1ebd v\u00e0 b\u1ec1n \u0111\u1eb9p theo th\u1eddi gian.<\/p>\n<p data-start=\"2844\" data-end=\"3155\">T\u1ed5ng k\u1ebft l\u1ea1i, gi\u01b0\u1eddng ng\u1ee7 GHT01 l\u00e0 s\u1ef1 k\u1ebft h\u1ee3p gi\u1eefa thi\u1ebft k\u1ebf \u0111\u01a1n gi\u1ea3n, ch\u1ea5t li\u1ec7u b\u1ec1n b\u1ec9 v\u00e0 c\u00f4ng n\u0103ng ti\u1ec7n \u00edch. V\u1edbi kh\u1ea3 n\u0103ng ph\u00f9 h\u1ee3p nhi\u1ec1u phong c\u00e1ch n\u1ed9i th\u1ea5t c\u00f9ng kh\u00f4ng gian l\u01b0u tr\u1eef ti\u1ec7n l\u1ee3i, s\u1ea3n ph\u1ea9m l\u00e0 l\u1ef1a ch\u1ecdn \u0111\u00e1ng c\u00e2n nh\u1eafc cho nh\u1eefng ai \u0111ang t\u00ecm ki\u1ebfm m\u1ed9t m\u1eabu gi\u01b0\u1eddng ng\u1ee7 v\u1eeba \u0111\u1eb9p m\u1eaft v\u1eeba th\u1ef1c d\u1ee5ng cho gia \u0111\u00ecnh.<\/p>\n","protected":false},"excerpt":{"rendered":"<p data-start=\"134\" data-end=\"525\">Gi\u01b0\u1eddng ng\u1ee7 GHT01 l\u00e0 m\u1eabu gi\u01b0\u1eddng thi\u1ebft k\u1ebf theo phong c\u00e1ch \u0111\u01a1n gi\u1ea3n nh\u01b0ng tinh t\u1ebf, ph\u00f9 h\u1ee3p v\u1edbi nhi\u1ec1u kh\u00f4ng gian n\u1ed9i th\u1ea5t t\u1eeb hi\u1ec7n \u0111\u1ea1i \u0111\u1ebfn c\u1ed5 \u0111i\u1ec3n ho\u1eb7c vintage. S\u1ea3n ph\u1ea9m s\u1eed d\u1ee5ng ch\u1ea5t li\u1ec7u g\u1ed7 c\u00f4ng nghi\u1ec7p MDF ch\u1ed1ng \u1ea9m ph\u1ee7 Melamine cao c\u1ea5p, mang l\u1ea1i \u0111\u1ed9 b\u1ec1n cao, kh\u1ea3 n\u0103ng ch\u1ed1ng tr\u1ea7y x\u01b0\u1edbc v\u00e0 ch\u1ed1ng \u1ea9m t\u1ed1t, \u0111\u1ed3ng th\u1eddi \u0111\u01b0\u1ee3c thi\u1ebft k\u1ebf ch\u1eafc ch\u1eafn v\u1edbi kh\u00f4ng gian l\u01b0u tr\u1eef ti\u1ec7n l\u1ee3i t\u1ea1i \u0111\u1ea7u gi\u01b0\u1eddng v\u00e0 g\u1ea7m gi\u01b0\u1eddng.<br \/>\n<span style=\"color: #ed1c24;\">M\u00e0u g\u1ed7 thay \u0111\u1ed5i theo y\u00eau c\u1ea7u c\u1ee7a kh\u00e1ch h\u00e0ng.<\/span><\/p>\n<p data-start=\"527\" data-end=\"983\">K\u00edch th\u01b0\u1edbc:<br \/>\nGHT01-12: W1200 x D2140 x H800 mm &#8211; <span style=\"color: #ed1c24; font-size: 120%;\"><strong>4.200.000 \u0111<\/strong><\/span><br \/>\nGHT01-14: W1400 x D2140 x H800 mm &#8211; <span style=\"color: #ed1c24; font-size: 120%;\"><strong>4.800.000 \u0111<\/strong><\/span><br \/>\nGHT01-16: W1600 x D2140 x H800 mm &#8211; <span style=\"color: #ed1c24; font-size: 120%;\"><strong>5.100.000 \u0111<\/strong><\/span><br \/>\nGHT01-18: W1800 x D2140 x H800 mm &#8211; <span style=\"color: #ed1c24; font-size: 120%;\"><strong>5.200.000 \u0111<\/strong><\/span><br data-start=\"677\" data-end=\"680\" \/>Xu\u1ea5t x\u1ee9: S\u1ea3n ph\u1ea9m c\u1ee7a <strong data-start=\"747\" data-end=\"783\">C\u00d4NG TY TNHH SXTM TTNT H\u1eeeU TH\u1ecaNH<\/strong>.<br data-start=\"784\" data-end=\"787\" \/>B\u1ea3o h\u00e0nh: 12 th\u00e1ng theo ti\u00eau chu\u1ea9n nh\u00e0 m\u00e1y.<br data-start=\"830\" data-end=\"833\" \/><em><span style=\"color: #ed1c24;\">L\u01b0u \u00fd: Gi\u00e1 tr\u00ean ch\u01b0a bao g\u1ed3m VAT v\u00e0 ph\u00ed v\u1eadn chuy\u1ec3n. Gi\u00e1 s\u1ea3n ph\u1ea9m c\u00f3 th\u1ec3 thay \u0111\u1ed5i theo t\u1eebng th\u1eddi \u0111i\u1ec3m, vui l\u00f2ng li\u00ean h\u1ec7 \u0111\u1ec3 nh\u1eadn t\u01b0 v\u1ea5n \u01b0u \u0111\u00e3i t\u1ed1t nh\u1ea5t.<\/span><\/em><\/p>\n","protected":false},"featured_media":8079,"comment_status":"open","ping_status":"closed","template":"","meta":[],"product_brand":[],"product_cat":[18,775],"product_tag":[],"class_list":{"0":"post-8078","1":"product","2":"type-product","3":"status-publish","4":"has-post-thumbnail","6":"product_cat-noi-that-gia-dinh","7":"product_cat-giuong-ngu","9":"first","10":"instock","11":"shipping-taxable","12":"purchasable","13":"product-type-simple"},"_links":{"self":[{"href":"https:\/\/noithathuuthinh.vn\/zh-hans\/wp-json\/wp\/v2\/product\/8078","targetHints":{"allow":["GET"]}}],"collection":[{"href":"https:\/\/noithathuuthinh.vn\/zh-hans\/wp-json\/wp\/v2\/product"}],"about":[{"href":"https:\/\/noithathuuthinh.vn\/zh-hans\/wp-json\/wp\/v2\/types\/product"}],"replies":[{"embeddable":true,"href":"https:\/\/noithathuuthinh.vn\/zh-hans\/wp-json\/wp\/v2\/comments?post=8078"}],"wp:featuredmedia":[{"embeddable":true,"href":"https:\/\/noithathuuthinh.vn\/zh-hans\/wp-json\/wp\/v2\/media\/8079"}],"wp:attachment":[{"href":"https:\/\/noithathuuthinh.vn\/zh-hans\/wp-json\/wp\/v2\/media?parent=8078"}],"wp:term":[{"taxonomy":"product_brand","embeddable":true,"href":"https:\/\/noithathuuthinh.vn\/zh-hans\/wp-json\/wp\/v2\/product_brand?post=8078"},{"taxonomy":"product_cat","embeddable":true,"href":"https:\/\/noithathuuthinh.vn\/zh-hans\/wp-json\/wp\/v2\/product_cat?post=8078"},{"taxonomy":"product_tag","embeddable":true,"href":"https:\/\/noithathuuthinh.vn\/zh-hans\/wp-json\/wp\/v2\/product_tag?post=8078"}],"curies":[{"name":"wp","href":"https:\/\/api.w.org\/{rel}","templated":true}]}}