{"id":8101,"date":"2026-03-30T17:02:13","date_gmt":"2026-03-30T10:02:13","guid":{"rendered":"https:\/\/noithathuuthinh.vn\/?post_type=product&#038;p=8101"},"modified":"2026-04-02T09:36:23","modified_gmt":"2026-04-02T02:36:23","slug":"giuong-ngu-ght07","status":"publish","type":"product","link":"https:\/\/noithathuuthinh.vn\/zh-hans\/san-pham\/giuong-ngu-ght07\/","title":{"rendered":"Gi\u01b0\u1eddng ng\u1ee7 GHT07"},"content":{"rendered":"<p data-start=\"1043\" data-end=\"1307\">Gi\u01b0\u1eddng ng\u1ee7 GHT07 l\u00e0 l\u1ef1a ch\u1ecdn l\u00fd t\u01b0\u1edfng cho nh\u1eefng kh\u00f4ng gian ph\u00f2ng ng\u1ee7 c\u1ea7n s\u1ef1 k\u1ebft h\u1ee3p gi\u1eefa thi\u1ebft k\u1ebf hi\u1ec7n \u0111\u1ea1i, ti\u1ec7n nghi v\u00e0 t\u00ednh th\u1ea9m m\u1ef9 cao. V\u1edbi ki\u1ec3u d\u00e1ng n\u1ed5i b\u1eadt c\u00f9ng k\u00edch th\u01b0\u1edbc \u0111a d\u1ea1ng, s\u1ea3n ph\u1ea9m \u0111\u00e1p \u1ee9ng t\u1ed1t nhu c\u1ea7u s\u1eed d\u1ee5ng c\u1ee7a nhi\u1ec1u \u0111\u1ed1i t\u01b0\u1ee3ng kh\u00e1ch h\u00e0ng kh\u00e1c nhau.<\/p>\n<p data-start=\"1309\" data-end=\"1578\">\u0110i\u1ec3m n\u1ed5i b\u1eadt c\u1ee7a GHT07 n\u1eb1m \u1edf phong c\u00e1ch thi\u1ebft k\u1ebf \u0111\u01a1n gi\u1ea3n nh\u01b0ng kh\u00f4ng k\u00e9m ph\u1ea7n \u1ea5n t\u01b0\u1ee3ng. C\u00e1c \u0111\u01b0\u1eddng n\u00e9t \u0111\u01b0\u1ee3c x\u1eed l\u00fd g\u1ecdn g\u00e0ng, k\u1ebft h\u1ee3p v\u1edbi t\u1ef7 l\u1ec7 k\u00edch th\u01b0\u1edbc c\u00e2n \u0111\u1ed1i gi\u00fap s\u1ea3n ph\u1ea9m d\u1ec5 d\u00e0ng h\u00f2a h\u1ee3p v\u1edbi nhi\u1ec1u phong c\u00e1ch n\u1ed9i th\u1ea5t kh\u00e1c nhau, t\u1eeb hi\u1ec7n \u0111\u1ea1i \u0111\u1ebfn c\u1ed5 \u0111i\u1ec3n ho\u1eb7c vintage.<\/p>\n<p data-start=\"1580\" data-end=\"1866\">S\u1ea3n ph\u1ea9m \u0111\u01b0\u1ee3c s\u1ea3n xu\u1ea5t t\u1eeb g\u1ed7 c\u00f4ng nghi\u1ec7p MDF ch\u1ed1ng \u1ea9m ph\u1ee7 Melamine cao c\u1ea5p, mang l\u1ea1i \u0111\u1ed9 b\u1ec1n cao, kh\u1ea3 n\u0103ng ch\u1ed1ng tr\u1ea7y x\u01b0\u1edbc t\u1ed1t v\u00e0 h\u1ea1n ch\u1ebf \u1ea3nh h\u01b0\u1edfng c\u1ee7a \u0111\u1ed9 \u1ea9m. \u0110\u00e2y l\u00e0 ch\u1ea5t li\u1ec7u ph\u00f9 h\u1ee3p v\u1edbi \u0111i\u1ec1u ki\u1ec7n kh\u00ed h\u1eadu t\u1ea1i Vi\u1ec7t Nam, gi\u00fap gi\u01b0\u1eddng duy tr\u00ec ch\u1ea5t l\u01b0\u1ee3ng \u1ed5n \u0111\u1ecbnh trong th\u1eddi gian d\u00e0i s\u1eed d\u1ee5ng.<\/p>\n<p data-start=\"1868\" data-end=\"2162\">K\u1ebft c\u1ea5u gi\u01b0\u1eddng \u0111\u01b0\u1ee3c thi\u1ebft k\u1ebf ch\u1eafc ch\u1eafn, \u0111\u1ea3m b\u1ea3o kh\u1ea3 n\u0103ng ch\u1ecbu l\u1ef1c t\u1ed1t v\u00e0 mang l\u1ea1i s\u1ef1 an t\u00e2m cho ng\u01b0\u1eddi d\u00f9ng. Ngo\u00e0i ra, ph\u1ea7n \u0111\u1ea7u gi\u01b0\u1eddng v\u00e0 g\u1ea7m gi\u01b0\u1eddng \u0111\u01b0\u1ee3c t\u1eadn d\u1ee5ng l\u00e0m kh\u00f4ng gian l\u01b0u tr\u1eef, gi\u00fap ng\u01b0\u1eddi d\u00f9ng d\u1ec5 d\u00e0ng s\u1eafp x\u1ebfp ch\u0103n ga, g\u1ed1i ho\u1eb7c c\u00e1c v\u1eadt d\u1ee5ng c\u00e1 nh\u00e2n, g\u00f3p ph\u1ea7n t\u1ed1i \u01b0u di\u1ec7n t\u00edch ph\u00f2ng ng\u1ee7.<\/p>\n<p data-start=\"2164\" data-end=\"2438\">M\u1ed9t \u01b0u \u0111i\u1ec3m \u0111\u00e1ng ch\u00fa \u00fd c\u1ee7a GHT07 l\u00e0 s\u1ef1 \u0111a d\u1ea1ng v\u1ec1 k\u00edch th\u01b0\u1edbc. V\u1edbi c\u00e1c phi\u00ean b\u1ea3n t\u1eeb 1m2 \u0111\u1ebfn 1m8, s\u1ea3n ph\u1ea9m ph\u00f9 h\u1ee3p v\u1edbi nhi\u1ec1u nhu c\u1ea7u s\u1eed d\u1ee5ng kh\u00e1c nhau, t\u1eeb c\u00e1 nh\u00e2n \u0111\u1ebfn gia \u0111\u00ecnh. \u0110i\u1ec1u n\u00e0y gi\u00fap ng\u01b0\u1eddi d\u00f9ng linh ho\u1ea1t h\u01a1n trong vi\u1ec7c l\u1ef1a ch\u1ecdn s\u1ea3n ph\u1ea9m ph\u00f9 h\u1ee3p v\u1edbi kh\u00f4ng gian th\u1ef1c t\u1ebf.<\/p>\n<p data-start=\"2440\" data-end=\"2687\">Chi\u1ec1u cao \u0111\u1ea7u gi\u01b0\u1eddng l\u00ean \u0111\u1ebfn 1100 mm t\u1ea1o \u0111i\u1ec3m nh\u1ea5n r\u00f5 r\u00e0ng cho t\u1ed5ng th\u1ec3 thi\u1ebft k\u1ebf, \u0111\u1ed3ng th\u1eddi mang l\u1ea1i c\u1ea3m gi\u00e1c sang tr\u1ecdng v\u00e0 b\u1ec1 th\u1ebf h\u01a1n so v\u1edbi c\u00e1c m\u1eabu gi\u01b0\u1eddng th\u00f4ng th\u01b0\u1eddng. \u0110\u00e2y c\u0169ng l\u00e0 y\u1ebfu t\u1ed1 gi\u00fap s\u1ea3n ph\u1ea9m tr\u1edf n\u00ean n\u1ed5i b\u1eadt trong kh\u00f4ng gian ph\u00f2ng ng\u1ee7.<\/p>\n<p data-start=\"2689\" data-end=\"2913\">Thi\u1ebft k\u1ebf m\u1edbi l\u1ea1 v\u1edbi nhi\u1ec1u bi\u1ebfn th\u1ec3 ki\u1ec3u d\u00e1ng gi\u00fap GHT07 kh\u00f4ng b\u1ecb \u0111\u01a1n \u0111i\u1ec7u, \u0111\u1ed3ng th\u1eddi mang l\u1ea1i c\u1ea3m gi\u00e1c \u1ea5m \u00e1p v\u00e0 g\u1ea7n g\u0169i. S\u1ef1 k\u1ebft h\u1ee3p gi\u1eefa m\u00e0u s\u1eafc v\u00e0 ch\u1ea5t li\u1ec7u t\u1ea1o n\u00ean t\u1ed5ng th\u1ec3 h\u00e0i h\u00f2a, g\u00f3p ph\u1ea7n n\u00e2ng cao tr\u1ea3i nghi\u1ec7m ngh\u1ec9 ng\u01a1i.<\/p>\n<p data-start=\"2915\" data-end=\"3073\">B\u1ec1 m\u1eb7t Melamine gi\u00fap vi\u1ec7c v\u1ec7 sinh tr\u1edf n\u00ean nhanh ch\u00f3ng v\u00e0 d\u1ec5 d\u00e0ng. Ng\u01b0\u1eddi d\u00f9ng ch\u1ec9 c\u1ea7n lau ch\u00f9i nh\u1eb9 l\u00e0 c\u00f3 th\u1ec3 gi\u1eef gi\u01b0\u1eddng lu\u00f4n s\u1ea1ch s\u1ebd v\u00e0 b\u1ec1n \u0111\u1eb9p theo th\u1eddi gian.<\/p>\n<p data-start=\"3075\" data-end=\"3347\">T\u1ed5ng k\u1ebft l\u1ea1i, gi\u01b0\u1eddng ng\u1ee7 GHT07 l\u00e0 s\u1ef1 k\u1ebft h\u1ee3p gi\u1eefa thi\u1ebft k\u1ebf hi\u1ec7n \u0111\u1ea1i, ch\u1ea5t li\u1ec7u b\u1ec1n b\u1ec9 v\u00e0 c\u00f4ng n\u0103ng ti\u1ec7n \u00edch. V\u1edbi nhi\u1ec1u l\u1ef1a ch\u1ecdn k\u00edch th\u01b0\u1edbc c\u00f9ng ki\u1ec3u d\u00e1ng n\u1ed5i b\u1eadt, s\u1ea3n ph\u1ea9m l\u00e0 gi\u1ea3i ph\u00e1p ph\u00f9 h\u1ee3p cho kh\u00f4ng gian ph\u00f2ng ng\u1ee7, mang l\u1ea1i s\u1ef1 ti\u1ec7n nghi v\u00e0 tho\u1ea3i m\u00e1i cho ng\u01b0\u1eddi s\u1eed d\u1ee5ng.<\/p>\n","protected":false},"excerpt":{"rendered":"<p data-start=\"143\" data-end=\"534\">Gi\u01b0\u1eddng ng\u1ee7 GHT07 l\u00e0 m\u1eabu gi\u01b0\u1eddng thi\u1ebft k\u1ebf theo phong c\u00e1ch \u0111\u01a1n gi\u1ea3n nh\u01b0ng tinh t\u1ebf, ph\u00f9 h\u1ee3p v\u1edbi nhi\u1ec1u kh\u00f4ng gian n\u1ed9i th\u1ea5t t\u1eeb hi\u1ec7n \u0111\u1ea1i \u0111\u1ebfn c\u1ed5 \u0111i\u1ec3n ho\u1eb7c vintage. S\u1ea3n ph\u1ea9m s\u1eed d\u1ee5ng ch\u1ea5t li\u1ec7u g\u1ed7 c\u00f4ng nghi\u1ec7p MDF ch\u1ed1ng \u1ea9m ph\u1ee7 Melamine cao c\u1ea5p, mang l\u1ea1i \u0111\u1ed9 b\u1ec1n cao, kh\u1ea3 n\u0103ng ch\u1ed1ng tr\u1ea7y x\u01b0\u1edbc v\u00e0 ch\u1ed1ng \u1ea9m t\u1ed1t, \u0111\u1ed3ng th\u1eddi \u0111\u01b0\u1ee3c thi\u1ebft k\u1ebf ch\u1eafc ch\u1eafn v\u1edbi kh\u00f4ng gian l\u01b0u tr\u1eef ti\u1ec7n l\u1ee3i t\u1ea1i \u0111\u1ea7u gi\u01b0\u1eddng v\u00e0 g\u1ea7m gi\u01b0\u1eddng.<br \/>\n<span style=\"color: #ed1c24;\">M\u00e0u g\u1ed7 thay \u0111\u1ed5i theo y\u00eau c\u1ea7u c\u1ee7a kh\u00e1ch h\u00e0ng.<\/span><\/p>\n<p data-start=\"536\" data-end=\"996\">K\u00edch th\u01b0\u1edbc:<br \/>\nGHT07-12: W1200 x D2200 x H1100 mm &#8211; <strong><span style=\"color: #ed1c24; font-size: 120%;\">5.800.000 \u0111<\/span><\/strong><br \/>\nGHT07-14: W1400 x D2200 x H1100 mm &#8211; <strong><span style=\"color: #ed1c24; font-size: 120%;\">6.300.000 \u0111<\/span><\/strong><br \/>\nGHT07-16: W1600 x D2200 x H1100 mm &#8211; <span style=\"color: #ed1c24; font-size: 120%;\"><strong>6.650.000 \u0111<\/strong><\/span><br \/>\nGHT07-18: W1800 x D2200 x H1100 mm &#8211; <span style=\"color: #ed1c24; font-size: 120%;\"><strong>7.000.000 \u0111<\/strong><\/span><br data-start=\"690\" data-end=\"693\" \/>Xu\u1ea5t x\u1ee9: S\u1ea3n ph\u1ea9m c\u1ee7a <strong data-start=\"760\" data-end=\"796\">C\u00d4NG TY TNHH SXTM TTNT H\u1eeeU TH\u1ecaNH<\/strong>.<br data-start=\"797\" data-end=\"800\" \/>B\u1ea3o h\u00e0nh: 12 th\u00e1ng theo ti\u00eau chu\u1ea9n nh\u00e0 m\u00e1y.<br data-start=\"843\" data-end=\"846\" \/><span style=\"color: #ed1c24;\"><em>L\u01b0u \u00fd: Gi\u00e1 tr\u00ean ch\u01b0a bao g\u1ed3m VAT v\u00e0 ph\u00ed v\u1eadn chuy\u1ec3n. Gi\u00e1 s\u1ea3n ph\u1ea9m c\u00f3 th\u1ec3 thay \u0111\u1ed5i theo t\u1eebng th\u1eddi \u0111i\u1ec3m, vui l\u00f2ng li\u00ean h\u1ec7 \u0111\u1ec3 nh\u1eadn t\u01b0 v\u1ea5n \u01b0u \u0111\u00e3i t\u1ed1t nh\u1ea5t.<\/em><\/span><\/p>\n","protected":false},"featured_media":8102,"comment_status":"open","ping_status":"closed","template":"","meta":[],"product_brand":[],"product_cat":[18,775],"product_tag":[],"class_list":{"0":"post-8101","1":"product","2":"type-product","3":"status-publish","4":"has-post-thumbnail","6":"product_cat-noi-that-gia-dinh","7":"product_cat-giuong-ngu","9":"first","10":"instock","11":"shipping-taxable","12":"purchasable","13":"product-type-simple"},"_links":{"self":[{"href":"https:\/\/noithathuuthinh.vn\/zh-hans\/wp-json\/wp\/v2\/product\/8101","targetHints":{"allow":["GET"]}}],"collection":[{"href":"https:\/\/noithathuuthinh.vn\/zh-hans\/wp-json\/wp\/v2\/product"}],"about":[{"href":"https:\/\/noithathuuthinh.vn\/zh-hans\/wp-json\/wp\/v2\/types\/product"}],"replies":[{"embeddable":true,"href":"https:\/\/noithathuuthinh.vn\/zh-hans\/wp-json\/wp\/v2\/comments?post=8101"}],"wp:featuredmedia":[{"embeddable":true,"href":"https:\/\/noithathuuthinh.vn\/zh-hans\/wp-json\/wp\/v2\/media\/8102"}],"wp:attachment":[{"href":"https:\/\/noithathuuthinh.vn\/zh-hans\/wp-json\/wp\/v2\/media?parent=8101"}],"wp:term":[{"taxonomy":"product_brand","embeddable":true,"href":"https:\/\/noithathuuthinh.vn\/zh-hans\/wp-json\/wp\/v2\/product_brand?post=8101"},{"taxonomy":"product_cat","embeddable":true,"href":"https:\/\/noithathuuthinh.vn\/zh-hans\/wp-json\/wp\/v2\/product_cat?post=8101"},{"taxonomy":"product_tag","embeddable":true,"href":"https:\/\/noithathuuthinh.vn\/zh-hans\/wp-json\/wp\/v2\/product_tag?post=8101"}],"curies":[{"name":"wp","href":"https:\/\/api.w.org\/{rel}","templated":true}]}}