{"id":8109,"date":"2026-03-30T17:18:39","date_gmt":"2026-03-30T10:18:39","guid":{"rendered":"https:\/\/noithathuuthinh.vn\/?post_type=product&#038;p=8109"},"modified":"2026-03-30T17:18:39","modified_gmt":"2026-03-30T10:18:39","slug":"giuong-ngu-ght08","status":"publish","type":"product","link":"https:\/\/noithathuuthinh.vn\/zh-hans\/san-pham\/giuong-ngu-ght08\/","title":{"rendered":"Gi\u01b0\u1eddng ng\u1ee7 GHT08"},"content":{"rendered":"<p data-start=\"925\" data-end=\"1175\">Gi\u01b0\u1eddng ng\u1ee7 GHT08 l\u00e0 l\u1ef1a ch\u1ecdn ph\u00f9 h\u1ee3p cho nh\u1eefng kh\u00f4ng gian ph\u00f2ng ng\u1ee7 h\u01b0\u1edbng \u0111\u1ebfn s\u1ef1 t\u1ed1i gi\u1ea3n nh\u01b0ng v\u1eabn \u0111\u1ea3m b\u1ea3o \u0111\u1ea7y \u0111\u1ee7 ti\u1ec7n nghi v\u00e0 t\u00ednh th\u1ea9m m\u1ef9. V\u1edbi thi\u1ebft k\u1ebf h\u00e0i h\u00f2a c\u00f9ng ch\u1ea5t li\u1ec7u b\u1ec1n b\u1ec9, s\u1ea3n ph\u1ea9m mang l\u1ea1i c\u1ea3m gi\u00e1c \u1ea5m \u00e1p v\u00e0 tho\u1ea3i m\u00e1i cho ng\u01b0\u1eddi s\u1eed d\u1ee5ng.<\/p>\n<p data-start=\"1177\" data-end=\"1485\">\u0110i\u1ec3m n\u1ed5i b\u1eadt c\u1ee7a GHT08 n\u1eb1m \u1edf phong c\u00e1ch thi\u1ebft k\u1ebf \u0111\u01a1n gi\u1ea3n v\u1edbi c\u00e1c \u0111\u01b0\u1eddng n\u00e9t \u0111\u01b0\u1ee3c tinh gi\u1ea3n, gi\u00fap s\u1ea3n ph\u1ea9m d\u1ec5 d\u00e0ng k\u1ebft h\u1ee3p v\u1edbi nhi\u1ec1u phong c\u00e1ch n\u1ed9i th\u1ea5t kh\u00e1c nhau nh\u01b0 hi\u1ec7n \u0111\u1ea1i, c\u1ed5 \u0111i\u1ec3n ho\u1eb7c vintage. Nh\u1edd \u0111\u00f3, gi\u01b0\u1eddng kh\u00f4ng ch\u1ec9 \u0111\u00f3ng vai tr\u00f2 l\u00e0 n\u01a1i ngh\u1ec9 ng\u01a1i m\u00e0 c\u00f2n g\u00f3p ph\u1ea7n t\u1ea1o \u0111i\u1ec3m nh\u1ea5n cho kh\u00f4ng gian ph\u00f2ng ng\u1ee7.<\/p>\n<p data-start=\"1487\" data-end=\"1770\">S\u1ea3n ph\u1ea9m \u0111\u01b0\u1ee3c s\u1ea3n xu\u1ea5t t\u1eeb g\u1ed7 c\u00f4ng nghi\u1ec7p MDF ch\u1ed1ng \u1ea9m ph\u1ee7 Melamine cao c\u1ea5p, mang l\u1ea1i \u0111\u1ed9 b\u1ec1n cao, kh\u1ea3 n\u0103ng ch\u1ed1ng tr\u1ea7y x\u01b0\u1edbc t\u1ed1t v\u00e0 h\u1ea1n ch\u1ebf \u1ea3nh h\u01b0\u1edfng c\u1ee7a \u0111\u1ed9 \u1ea9m. \u0110\u00e2y l\u00e0 ch\u1ea5t li\u1ec7u ph\u00f9 h\u1ee3p v\u1edbi \u0111i\u1ec1u ki\u1ec7n kh\u00ed h\u1eadu t\u1ea1i Vi\u1ec7t Nam, gi\u00fap gi\u01b0\u1eddng lu\u00f4n gi\u1eef \u0111\u01b0\u1ee3c \u0111\u1ed9 b\u1ec1n v\u00e0 t\u00ednh th\u1ea9m m\u1ef9 theo th\u1eddi gian.<\/p>\n<p data-start=\"1772\" data-end=\"2047\">K\u1ebft c\u1ea5u gi\u01b0\u1eddng \u0111\u01b0\u1ee3c thi\u1ebft k\u1ebf c\u00e2n \u0111\u1ed1i v\u00e0 ch\u1eafc ch\u1eafn, \u0111\u1ea3m b\u1ea3o kh\u1ea3 n\u0103ng ch\u1ecbu l\u1ef1c t\u1ed1t v\u00e0 \u0111\u1ed9 \u1ed5n \u0111\u1ecbnh khi s\u1eed d\u1ee5ng. Ngo\u00e0i ra, ph\u1ea7n \u0111\u1ea7u gi\u01b0\u1eddng v\u00e0 g\u1ea7m gi\u01b0\u1eddng \u0111\u01b0\u1ee3c t\u1eadn d\u1ee5ng l\u00e0m kh\u00f4ng gian l\u01b0u tr\u1eef, gi\u00fap ng\u01b0\u1eddi d\u00f9ng d\u1ec5 d\u00e0ng s\u1eafp x\u1ebfp ch\u0103n ga, g\u1ed1i ho\u1eb7c c\u00e1c v\u1eadt d\u1ee5ng c\u00e1 nh\u00e2n m\u1ed9t c\u00e1ch g\u1ecdn g\u00e0ng.<\/p>\n<p data-start=\"2049\" data-end=\"2285\">V\u1edbi k\u00edch th\u01b0\u1edbc W1200 x D2300 x H900 mm, GHT08 ph\u00f9 h\u1ee3p v\u1edbi nhu c\u1ea7u s\u1eed d\u1ee5ng c\u00e1 nh\u00e2n ho\u1eb7c kh\u00f4ng gian ph\u00f2ng ng\u1ee7 c\u00f3 di\u1ec7n t\u00edch v\u1eeba v\u00e0 nh\u1ecf. Thi\u1ebft k\u1ebf chi\u1ec1u d\u00e0i l\u1edbn gi\u00fap mang l\u1ea1i s\u1ef1 tho\u1ea3i m\u00e1i khi n\u1eb1m, \u0111\u1eb7c bi\u1ec7t ph\u00f9 h\u1ee3p v\u1edbi ng\u01b0\u1eddi c\u00f3 chi\u1ec1u cao t\u1ed1t.<\/p>\n<p data-start=\"2287\" data-end=\"2490\">Thi\u1ebft k\u1ebf m\u1edbi l\u1ea1 v\u00e0 \u0111\u1ed9c \u0111\u00e1o c\u1ee7a s\u1ea3n ph\u1ea9m mang \u0111\u1ebfn c\u1ea3m gi\u00e1c \u1ea5m \u00e1p v\u00e0 g\u1ea7n g\u0169i cho kh\u00f4ng gian ph\u00f2ng ng\u1ee7. S\u1ef1 k\u1ebft h\u1ee3p gi\u1eefa m\u00e0u s\u1eafc v\u00e0 ch\u1ea5t li\u1ec7u t\u1ea1o n\u00ean t\u1ed5ng th\u1ec3 h\u00e0i h\u00f2a, g\u00f3p ph\u1ea7n n\u00e2ng cao ch\u1ea5t l\u01b0\u1ee3ng ngh\u1ec9 ng\u01a1i.<\/p>\n<p data-start=\"2492\" data-end=\"2661\">Ngo\u00e0i ra, b\u1ec1 m\u1eb7t Melamine gi\u00fap vi\u1ec7c v\u1ec7 sinh tr\u1edf n\u00ean \u0111\u01a1n gi\u1ea3n v\u00e0 nhanh ch\u00f3ng. Ng\u01b0\u1eddi d\u00f9ng ch\u1ec9 c\u1ea7n lau ch\u00f9i nh\u1eb9 l\u00e0 c\u00f3 th\u1ec3 gi\u1eef gi\u01b0\u1eddng lu\u00f4n s\u1ea1ch s\u1ebd v\u00e0 b\u1ec1n \u0111\u1eb9p theo th\u1eddi gian.<\/p>\n<p data-start=\"2663\" data-end=\"2925\">T\u1ed5ng k\u1ebft l\u1ea1i, gi\u01b0\u1eddng ng\u1ee7 GHT08 l\u00e0 s\u1ef1 k\u1ebft h\u1ee3p gi\u1eefa thi\u1ebft k\u1ebf t\u1ed1i gi\u1ea3n, ch\u1ea5t li\u1ec7u b\u1ec1n b\u1ec9 v\u00e0 c\u00f4ng n\u0103ng ti\u1ec7n \u00edch. V\u1edbi ki\u1ec3u d\u00e1ng hi\u1ec7n \u0111\u1ea1i v\u00e0 k\u00edch th\u01b0\u1edbc h\u1ee3p l\u00fd, s\u1ea3n ph\u1ea9m l\u00e0 l\u1ef1a ch\u1ecdn ph\u00f9 h\u1ee3p cho kh\u00f4ng gian ph\u00f2ng ng\u1ee7, mang l\u1ea1i s\u1ef1 ti\u1ec7n nghi v\u00e0 tho\u1ea3i m\u00e1i cho ng\u01b0\u1eddi s\u1eed d\u1ee5ng.<\/p>\n","protected":false},"excerpt":{"rendered":"<p data-start=\"134\" data-end=\"525\">Gi\u01b0\u1eddng ng\u1ee7 GHT08 l\u00e0 m\u1eabu gi\u01b0\u1eddng thi\u1ebft k\u1ebf theo phong c\u00e1ch \u0111\u01a1n gi\u1ea3n nh\u01b0ng tinh t\u1ebf, ph\u00f9 h\u1ee3p v\u1edbi nhi\u1ec1u kh\u00f4ng gian n\u1ed9i th\u1ea5t t\u1eeb hi\u1ec7n \u0111\u1ea1i \u0111\u1ebfn c\u1ed5 \u0111i\u1ec3n ho\u1eb7c vintage. S\u1ea3n ph\u1ea9m s\u1eed d\u1ee5ng ch\u1ea5t li\u1ec7u g\u1ed7 c\u00f4ng nghi\u1ec7p MDF ch\u1ed1ng \u1ea9m ph\u1ee7 Melamine cao c\u1ea5p, mang l\u1ea1i \u0111\u1ed9 b\u1ec1n cao, kh\u1ea3 n\u0103ng ch\u1ed1ng tr\u1ea7y x\u01b0\u1edbc v\u00e0 ch\u1ed1ng \u1ea9m t\u1ed1t, \u0111\u1ed3ng th\u1eddi \u0111\u01b0\u1ee3c thi\u1ebft k\u1ebf ch\u1eafc ch\u1eafn v\u1edbi kh\u00f4ng gian l\u01b0u tr\u1eef ti\u1ec7n l\u1ee3i t\u1ea1i \u0111\u1ea7u gi\u01b0\u1eddng v\u00e0 g\u1ea7m gi\u01b0\u1eddng.<\/p>\n<p data-start=\"527\" data-end=\"878\">K\u00edch th\u01b0\u1edbc:<br \/>\nGHT08-12: W1200 x D2300 x H900 mm &#8211; <span style=\"color: #ed1c24; font-size: 120%;\"><strong>4.900.000 \u0111<\/strong><\/span><br \/>\nGHT08-12: W1200 x D2300 x H900 mm &#8211; <span style=\"color: #ed1c24; font-size: 120%;\"><strong>5.500.000 \u0111<\/strong><\/span><br \/>\nGHT08-12: W1200 x D2300 x H900 mm &#8211; <span style=\"color: #ed1c24; font-size: 120%;\"><strong>5.760.000 \u0111<\/strong><\/span><br \/>\nGHT08-12: W1200 x D2300 x H900 mm &#8211; <span style=\"color: #ed1c24; font-size: 120%;\"><strong>6.160.000 \u0111<\/strong><\/span><br data-start=\"572\" data-end=\"575\" \/>Xu\u1ea5t x\u1ee9: S\u1ea3n ph\u1ea9m c\u1ee7a <strong data-start=\"642\" data-end=\"678\">C\u00d4NG TY TNHH SXTM TTNT H\u1eeeU TH\u1ecaNH<\/strong>.<br data-start=\"679\" data-end=\"682\" \/>B\u1ea3o h\u00e0nh: 12 th\u00e1ng theo ti\u00eau chu\u1ea9n nh\u00e0 m\u00e1y.<br data-start=\"725\" data-end=\"728\" \/>L\u01b0u \u00fd: Gi\u00e1 tr\u00ean ch\u01b0a bao g\u1ed3m VAT v\u00e0 ph\u00ed v\u1eadn chuy\u1ec3n. Gi\u00e1 s\u1ea3n ph\u1ea9m c\u00f3 th\u1ec3 thay \u0111\u1ed5i theo t\u1eebng th\u1eddi \u0111i\u1ec3m, vui l\u00f2ng li\u00ean h\u1ec7 \u0111\u1ec3 nh\u1eadn t\u01b0 v\u1ea5n \u01b0u \u0111\u00e3i t\u1ed1t nh\u1ea5t.<\/p>\n","protected":false},"featured_media":8110,"comment_status":"open","ping_status":"closed","template":"","meta":[],"product_brand":[],"product_cat":[18,775],"product_tag":[],"class_list":{"0":"post-8109","1":"product","2":"type-product","3":"status-publish","4":"has-post-thumbnail","6":"product_cat-noi-that-gia-dinh","7":"product_cat-giuong-ngu","9":"first","10":"instock","11":"shipping-taxable","12":"purchasable","13":"product-type-simple"},"_links":{"self":[{"href":"https:\/\/noithathuuthinh.vn\/zh-hans\/wp-json\/wp\/v2\/product\/8109","targetHints":{"allow":["GET"]}}],"collection":[{"href":"https:\/\/noithathuuthinh.vn\/zh-hans\/wp-json\/wp\/v2\/product"}],"about":[{"href":"https:\/\/noithathuuthinh.vn\/zh-hans\/wp-json\/wp\/v2\/types\/product"}],"replies":[{"embeddable":true,"href":"https:\/\/noithathuuthinh.vn\/zh-hans\/wp-json\/wp\/v2\/comments?post=8109"}],"wp:featuredmedia":[{"embeddable":true,"href":"https:\/\/noithathuuthinh.vn\/zh-hans\/wp-json\/wp\/v2\/media\/8110"}],"wp:attachment":[{"href":"https:\/\/noithathuuthinh.vn\/zh-hans\/wp-json\/wp\/v2\/media?parent=8109"}],"wp:term":[{"taxonomy":"product_brand","embeddable":true,"href":"https:\/\/noithathuuthinh.vn\/zh-hans\/wp-json\/wp\/v2\/product_brand?post=8109"},{"taxonomy":"product_cat","embeddable":true,"href":"https:\/\/noithathuuthinh.vn\/zh-hans\/wp-json\/wp\/v2\/product_cat?post=8109"},{"taxonomy":"product_tag","embeddable":true,"href":"https:\/\/noithathuuthinh.vn\/zh-hans\/wp-json\/wp\/v2\/product_tag?post=8109"}],"curies":[{"name":"wp","href":"https:\/\/api.w.org\/{rel}","templated":true}]}}