{"id":8112,"date":"2026-03-31T13:27:12","date_gmt":"2026-03-31T06:27:12","guid":{"rendered":"https:\/\/noithathuuthinh.vn\/?post_type=product&#038;p=8112"},"modified":"2026-03-31T13:27:12","modified_gmt":"2026-03-31T06:27:12","slug":"giuong-ngu-ght09","status":"publish","type":"product","link":"https:\/\/noithathuuthinh.vn\/zh-hans\/san-pham\/giuong-ngu-ght09\/","title":{"rendered":"Gi\u01b0\u1eddng ng\u1ee7 GHT09"},"content":{"rendered":"<p data-start=\"958\" data-end=\"1205\">Gi\u01b0\u1eddng ng\u1ee7 GHT09 l\u00e0 l\u1ef1a ch\u1ecdn ph\u00f9 h\u1ee3p cho nh\u1eefng kh\u00f4ng gian ph\u00f2ng ng\u1ee7 \u0111\u1ec1 cao s\u1ef1 t\u1ed1i gi\u1ea3n nh\u01b0ng v\u1eabn \u0111\u1ea3m b\u1ea3o \u0111\u1ea7y \u0111\u1ee7 ti\u1ec7n nghi v\u00e0 t\u00ednh th\u1ea9m m\u1ef9. V\u1edbi thi\u1ebft k\u1ebf h\u00e0i h\u00f2a c\u00f9ng ch\u1ea5t li\u1ec7u b\u1ec1n b\u1ec9, s\u1ea3n ph\u1ea9m mang l\u1ea1i c\u1ea3m gi\u00e1c \u1ea5m \u00e1p v\u00e0 tho\u1ea3i m\u00e1i cho ng\u01b0\u1eddi s\u1eed d\u1ee5ng.<\/p>\n<p data-start=\"1207\" data-end=\"1498\">\u0110i\u1ec3m n\u1ed5i b\u1eadt c\u1ee7a GHT09 n\u1eb1m \u1edf phong c\u00e1ch thi\u1ebft k\u1ebf \u0111\u01a1n gi\u1ea3n, c\u00e1c \u0111\u01b0\u1eddng n\u00e9t \u0111\u01b0\u1ee3c tinh gi\u1ea3n gi\u00fap s\u1ea3n ph\u1ea9m d\u1ec5 d\u00e0ng k\u1ebft h\u1ee3p v\u1edbi nhi\u1ec1u phong c\u00e1ch n\u1ed9i th\u1ea5t kh\u00e1c nhau nh\u01b0 hi\u1ec7n \u0111\u1ea1i, c\u1ed5 \u0111i\u1ec3n ho\u1eb7c vintage. Nh\u1edd \u0111\u00f3, gi\u01b0\u1eddng kh\u00f4ng ch\u1ec9 l\u00e0 n\u01a1i ngh\u1ec9 ng\u01a1i m\u00e0 c\u00f2n g\u00f3p ph\u1ea7n t\u1ea1o \u0111i\u1ec3m nh\u1ea5n cho kh\u00f4ng gian ph\u00f2ng ng\u1ee7.<\/p>\n<p data-start=\"1500\" data-end=\"1811\">S\u1ea3n ph\u1ea9m \u0111\u01b0\u1ee3c s\u1ea3n xu\u1ea5t t\u1eeb g\u1ed7 c\u00f4ng nghi\u1ec7p MDF ch\u1ed1ng \u1ea9m ph\u1ee7 Melamine cao c\u1ea5p. \u0110\u00e2y l\u00e0 ch\u1ea5t li\u1ec7u c\u00f3 \u0111\u1ed9 b\u1ec1n cao, kh\u1ea3 n\u0103ng ch\u1ed1ng tr\u1ea7y x\u01b0\u1edbc t\u1ed1t v\u00e0 h\u1ea1n ch\u1ebf \u1ea3nh h\u01b0\u1edfng c\u1ee7a \u0111\u1ed9 \u1ea9m, gi\u00fap gi\u01b0\u1eddng duy tr\u00ec ch\u1ea5t l\u01b0\u1ee3ng \u1ed5n \u0111\u1ecbnh trong th\u1eddi gian d\u00e0i s\u1eed d\u1ee5ng. B\u1ec1 m\u1eb7t Melamine c\u0169ng gi\u00fap vi\u1ec7c v\u1ec7 sinh tr\u1edf n\u00ean nhanh ch\u00f3ng v\u00e0 d\u1ec5 d\u00e0ng h\u01a1n.<\/p>\n<p data-start=\"1813\" data-end=\"2107\">K\u1ebft c\u1ea5u gi\u01b0\u1eddng \u0111\u01b0\u1ee3c thi\u1ebft k\u1ebf c\u00e2n \u0111\u1ed1i v\u00e0 ch\u1eafc ch\u1eafn, \u0111\u1ea3m b\u1ea3o kh\u1ea3 n\u0103ng ch\u1ecbu l\u1ef1c t\u1ed1t v\u00e0 \u0111\u1ed9 \u1ed5n \u0111\u1ecbnh khi s\u1eed d\u1ee5ng. Ngo\u00e0i ra, ph\u1ea7n \u0111\u1ea7u gi\u01b0\u1eddng v\u00e0 g\u1ea7m gi\u01b0\u1eddng \u0111\u01b0\u1ee3c t\u1eadn d\u1ee5ng l\u00e0m kh\u00f4ng gian l\u01b0u tr\u1eef, gi\u00fap ng\u01b0\u1eddi d\u00f9ng d\u1ec5 d\u00e0ng s\u1eafp x\u1ebfp ch\u0103n ga, g\u1ed1i ho\u1eb7c c\u00e1c v\u1eadt d\u1ee5ng c\u00e1 nh\u00e2n, g\u00f3p ph\u1ea7n t\u1ed1i \u01b0u di\u1ec7n t\u00edch ph\u00f2ng ng\u1ee7.<\/p>\n<p data-start=\"2109\" data-end=\"2340\">V\u1edbi k\u00edch th\u01b0\u1edbc W1200 x D2250 x H900 mm, GHT09 ph\u00f9 h\u1ee3p v\u1edbi nhu c\u1ea7u s\u1eed d\u1ee5ng c\u00e1 nh\u00e2n ho\u1eb7c kh\u00f4ng gian ph\u00f2ng ng\u1ee7 c\u00f3 di\u1ec7n t\u00edch v\u1eeba ph\u1ea3i. Chi\u1ec1u d\u00e0i gi\u01b0\u1eddng l\u1edbn gi\u00fap t\u1ea1o s\u1ef1 tho\u1ea3i m\u00e1i khi s\u1eed d\u1ee5ng, \u0111\u1eb7c bi\u1ec7t ph\u00f9 h\u1ee3p v\u1edbi ng\u01b0\u1eddi c\u00f3 chi\u1ec1u cao t\u1ed1t.<\/p>\n<p data-start=\"2342\" data-end=\"2556\">Thi\u1ebft k\u1ebf m\u1edbi l\u1ea1 v\u00e0 \u0111\u1ed9c \u0111\u00e1o c\u1ee7a gi\u01b0\u1eddng mang l\u1ea1i c\u1ea3m gi\u00e1c \u1ea5m \u00e1p v\u00e0 g\u1ea7n g\u0169i cho kh\u00f4ng gian. S\u1ef1 k\u1ebft h\u1ee3p gi\u1eefa m\u00e0u s\u1eafc v\u00e0 ch\u1ea5t li\u1ec7u t\u1ea1o n\u00ean t\u1ed5ng th\u1ec3 h\u00e0i h\u00f2a, g\u00f3p ph\u1ea7n n\u00e2ng cao ch\u1ea5t l\u01b0\u1ee3ng ngh\u1ec9 ng\u01a1i v\u00e0 sinh ho\u1ea1t h\u00e0ng ng\u00e0y.<\/p>\n<p data-start=\"2558\" data-end=\"2727\">Ngo\u00e0i ra, b\u1ec1 m\u1eb7t Melamine gi\u00fap vi\u1ec7c v\u1ec7 sinh tr\u1edf n\u00ean \u0111\u01a1n gi\u1ea3n v\u00e0 nhanh ch\u00f3ng. Ng\u01b0\u1eddi d\u00f9ng ch\u1ec9 c\u1ea7n lau ch\u00f9i nh\u1eb9 l\u00e0 c\u00f3 th\u1ec3 gi\u1eef gi\u01b0\u1eddng lu\u00f4n s\u1ea1ch s\u1ebd v\u00e0 b\u1ec1n \u0111\u1eb9p theo th\u1eddi gian.<\/p>\n<p data-start=\"2729\" data-end=\"2991\">T\u1ed5ng k\u1ebft l\u1ea1i, gi\u01b0\u1eddng ng\u1ee7 GHT09 l\u00e0 s\u1ef1 k\u1ebft h\u1ee3p gi\u1eefa thi\u1ebft k\u1ebf t\u1ed1i gi\u1ea3n, ch\u1ea5t li\u1ec7u b\u1ec1n b\u1ec9 v\u00e0 c\u00f4ng n\u0103ng ti\u1ec7n \u00edch. V\u1edbi ki\u1ec3u d\u00e1ng hi\u1ec7n \u0111\u1ea1i v\u00e0 k\u00edch th\u01b0\u1edbc h\u1ee3p l\u00fd, s\u1ea3n ph\u1ea9m l\u00e0 l\u1ef1a ch\u1ecdn ph\u00f9 h\u1ee3p cho kh\u00f4ng gian ph\u00f2ng ng\u1ee7, mang l\u1ea1i s\u1ef1 ti\u1ec7n nghi v\u00e0 tho\u1ea3i m\u00e1i cho ng\u01b0\u1eddi s\u1eed d\u1ee5ng.<\/p>\n","protected":false},"excerpt":{"rendered":"<p data-start=\"167\" data-end=\"558\">Gi\u01b0\u1eddng ng\u1ee7 GHT09 l\u00e0 m\u1eabu gi\u01b0\u1eddng thi\u1ebft k\u1ebf theo phong c\u00e1ch \u0111\u01a1n gi\u1ea3n nh\u01b0ng tinh t\u1ebf, ph\u00f9 h\u1ee3p v\u1edbi nhi\u1ec1u kh\u00f4ng gian n\u1ed9i th\u1ea5t t\u1eeb hi\u1ec7n \u0111\u1ea1i \u0111\u1ebfn c\u1ed5 \u0111i\u1ec3n ho\u1eb7c vintage. S\u1ea3n ph\u1ea9m s\u1eed d\u1ee5ng ch\u1ea5t li\u1ec7u g\u1ed7 c\u00f4ng nghi\u1ec7p MDF ch\u1ed1ng \u1ea9m ph\u1ee7 Melamine cao c\u1ea5p, mang l\u1ea1i \u0111\u1ed9 b\u1ec1n cao, kh\u1ea3 n\u0103ng ch\u1ed1ng tr\u1ea7y x\u01b0\u1edbc v\u00e0 ch\u1ed1ng \u1ea9m t\u1ed1t, \u0111\u1ed3ng th\u1eddi \u0111\u01b0\u1ee3c thi\u1ebft k\u1ebf ch\u1eafc ch\u1eafn v\u1edbi kh\u00f4ng gian l\u01b0u tr\u1eef ti\u1ec7n l\u1ee3i t\u1ea1i \u0111\u1ea7u gi\u01b0\u1eddng v\u00e0 g\u1ea7m gi\u01b0\u1eddng.<\/p>\n<p data-start=\"560\" data-end=\"911\">K\u00edch th\u01b0\u1edbc:<br \/>\nGHT09-12: W1200 x D2250 x H900 mm &#8211; 4.100.000 \u0111<br \/>\nGHT09-12: W1400 x D2250 x H900 mm &#8211; 4.660.000 \u0111<br \/>\nGHT09-12: W1600 x D2250 x H900 mm &#8211; 4.950.000 \u0111<br \/>\nGHT09-12: W1800 x D2250 x H900 mm &#8211; 5.300.000 \u0111<br \/>\nXu\u1ea5t x\u1ee9: S\u1ea3n ph\u1ea9m c\u1ee7a <strong data-start=\"675\" data-end=\"711\">C\u00d4NG TY TNHH SXTM TTNT H\u1eeeU TH\u1ecaNH<\/strong>.<br data-start=\"712\" data-end=\"715\" \/>B\u1ea3o h\u00e0nh: 12 th\u00e1ng theo ti\u00eau chu\u1ea9n nh\u00e0 m\u00e1y.<br data-start=\"758\" data-end=\"761\" \/>L\u01b0u \u00fd: Gi\u00e1 tr\u00ean ch\u01b0a bao g\u1ed3m VAT v\u00e0 ph\u00ed v\u1eadn chuy\u1ec3n. Gi\u00e1 s\u1ea3n ph\u1ea9m c\u00f3 th\u1ec3 thay \u0111\u1ed5i theo t\u1eebng th\u1eddi \u0111i\u1ec3m, vui l\u00f2ng li\u00ean h\u1ec7 \u0111\u1ec3 nh\u1eadn t\u01b0 v\u1ea5n \u01b0u \u0111\u00e3i t\u1ed1t nh\u1ea5t.<\/p>\n","protected":false},"featured_media":8113,"comment_status":"open","ping_status":"closed","template":"","meta":[],"product_brand":[],"product_cat":[18,775],"product_tag":[],"class_list":{"0":"post-8112","1":"product","2":"type-product","3":"status-publish","4":"has-post-thumbnail","6":"product_cat-noi-that-gia-dinh","7":"product_cat-giuong-ngu","9":"first","10":"instock","11":"shipping-taxable","12":"purchasable","13":"product-type-simple"},"_links":{"self":[{"href":"https:\/\/noithathuuthinh.vn\/zh-hans\/wp-json\/wp\/v2\/product\/8112","targetHints":{"allow":["GET"]}}],"collection":[{"href":"https:\/\/noithathuuthinh.vn\/zh-hans\/wp-json\/wp\/v2\/product"}],"about":[{"href":"https:\/\/noithathuuthinh.vn\/zh-hans\/wp-json\/wp\/v2\/types\/product"}],"replies":[{"embeddable":true,"href":"https:\/\/noithathuuthinh.vn\/zh-hans\/wp-json\/wp\/v2\/comments?post=8112"}],"wp:featuredmedia":[{"embeddable":true,"href":"https:\/\/noithathuuthinh.vn\/zh-hans\/wp-json\/wp\/v2\/media\/8113"}],"wp:attachment":[{"href":"https:\/\/noithathuuthinh.vn\/zh-hans\/wp-json\/wp\/v2\/media?parent=8112"}],"wp:term":[{"taxonomy":"product_brand","embeddable":true,"href":"https:\/\/noithathuuthinh.vn\/zh-hans\/wp-json\/wp\/v2\/product_brand?post=8112"},{"taxonomy":"product_cat","embeddable":true,"href":"https:\/\/noithathuuthinh.vn\/zh-hans\/wp-json\/wp\/v2\/product_cat?post=8112"},{"taxonomy":"product_tag","embeddable":true,"href":"https:\/\/noithathuuthinh.vn\/zh-hans\/wp-json\/wp\/v2\/product_tag?post=8112"}],"curies":[{"name":"wp","href":"https:\/\/api.w.org\/{rel}","templated":true}]}}