{"id":8273,"date":"2026-04-03T16:37:10","date_gmt":"2026-04-03T09:37:10","guid":{"rendered":"https:\/\/noithathuuthinh.vn\/?post_type=product&#038;p=8273"},"modified":"2026-04-03T16:37:11","modified_gmt":"2026-04-03T09:37:11","slug":"tu-ao-canh-mo-kinh-cuong-luc-mht21","status":"publish","type":"product","link":"https:\/\/noithathuuthinh.vn\/zh-hans\/san-pham\/tu-ao-canh-mo-kinh-cuong-luc-mht21\/","title":{"rendered":"T\u1ee7 \u00e1o c\u00e1nh m\u1edf k\u00ednh c\u01b0\u1eddng l\u1ef1c MHT21"},"content":{"rendered":"<p data-start=\"961\" data-end=\"1260\"><a href=\"https:\/\/noithathuuthinh.vn\/danh-muc-san-pham\/noi-that-gia-dinh\/tu-ao\/\">T\u1ee7 \u00e1o c\u00e1nh m\u1edf k\u00ednh c\u01b0\u1eddng l\u1ef1c MHT21<\/a> l\u00e0 l\u1ef1a ch\u1ecdn l\u00fd t\u01b0\u1edfng cho nh\u1eefng kh\u00f4ng gian ph\u00f2ng ng\u1ee7 y\u00eau c\u1ea7u s\u1ef1 hi\u1ec7n \u0111\u1ea1i v\u00e0 tinh t\u1ebf. V\u1edbi thi\u1ebft k\u1ebf k\u1ebft h\u1ee3p gi\u1eefa g\u1ed7 c\u00f4ng nghi\u1ec7p v\u00e0 k\u00ednh c\u01b0\u1eddng l\u1ef1c, T\u1ee7 \u00e1o c\u00e1nh m\u1edf k\u00ednh c\u01b0\u1eddng l\u1ef1c MHT21 kh\u00f4ng ch\u1ec9 \u0111\u00e1p \u1ee9ng nhu c\u1ea7u l\u01b0u tr\u1eef m\u00e0 c\u00f2n t\u1ea1o \u0111i\u1ec3m nh\u1ea5n th\u1ea9m m\u1ef9 n\u1ed5i b\u1eadt cho c\u0103n ph\u00f2ng.<\/p>\n<p data-start=\"1262\" data-end=\"1501\">\u0110i\u1ec3m \u0111\u1eb7c bi\u1ec7t c\u1ee7a T\u1ee7 \u00e1o c\u00e1nh m\u1edf k\u00ednh c\u01b0\u1eddng l\u1ef1c MHT21 n\u1eb1m \u1edf ph\u1ea7n c\u00e1nh k\u00ednh c\u01b0\u1eddng l\u1ef1c cao c\u1ea5p. Thi\u1ebft k\u1ebf n\u00e0y gi\u00fap kh\u00f4ng gian tr\u1edf n\u00ean th\u00f4ng tho\u00e1ng v\u00e0 sang tr\u1ecdng h\u01a1n, \u0111\u1ed3ng th\u1eddi mang l\u1ea1i c\u1ea3m gi\u00e1c hi\u1ec7n \u0111\u1ea1i, ph\u00f9 h\u1ee3p v\u1edbi xu h\u01b0\u1edbng n\u1ed9i th\u1ea5t ng\u00e0y nay.<\/p>\n<p data-start=\"1503\" data-end=\"1844\">T\u1ee7 \u00e1o c\u00e1nh m\u1edf k\u00ednh c\u01b0\u1eddng l\u1ef1c MHT21 \u0111\u01b0\u1ee3c s\u1ea3n xu\u1ea5t t\u1eeb g\u1ed7 c\u00f4ng nghi\u1ec7p MDF ch\u1ed1ng \u1ea9m ph\u1ee7 Melamine cao c\u1ea5p k\u1ebft h\u1ee3p k\u00ednh c\u01b0\u1eddng l\u1ef1c b\u1ec1n ch\u1eafc. Ch\u1ea5t li\u1ec7u n\u00e0y gi\u00fap s\u1ea3n ph\u1ea9m c\u00f3 kh\u1ea3 n\u0103ng ch\u1ed1ng tr\u1ea7y x\u01b0\u1edbc t\u1ed1t, h\u1ea1n ch\u1ebf \u1ea3nh h\u01b0\u1edfng c\u1ee7a \u0111\u1ed9 \u1ea9m v\u00e0 gi\u1eef \u0111\u01b0\u1ee3c \u0111\u1ed9 b\u1ec1n \u0111\u1eb9p theo th\u1eddi gian. B\u1ec1 m\u1eb7t g\u1ed7 v\u00e0 k\u00ednh \u0111\u1ec1u d\u1ec5 v\u1ec7 sinh, gi\u00fap ng\u01b0\u1eddi d\u00f9ng ti\u1ebft ki\u1ec7m th\u1eddi gian b\u1ea3o qu\u1ea3n.<\/p>\n<p data-start=\"1846\" data-end=\"2110\">K\u1ebft c\u1ea5u c\u1ee7a T\u1ee7 \u00e1o c\u00e1nh m\u1edf k\u00ednh c\u01b0\u1eddng l\u1ef1c MHT21 \u0111\u01b0\u1ee3c thi\u1ebft k\u1ebf ch\u1eafc ch\u1eafn, \u0111\u1ea3m b\u1ea3o kh\u1ea3 n\u0103ng ch\u1ecbu l\u1ef1c t\u1ed1t v\u00e0 \u0111\u1ed9 \u1ed5n \u0111\u1ecbnh cao trong qu\u00e1 tr\u00ecnh s\u1eed d\u1ee5ng. Kh\u00f4ng gian b\u00ean trong \u0111\u01b0\u1ee3c b\u1ed1 tr\u00ed h\u1ee3p l\u00fd, gi\u00fap ng\u01b0\u1eddi d\u00f9ng d\u1ec5 d\u00e0ng s\u1eafp x\u1ebfp qu\u1ea7n \u00e1o v\u00e0 v\u1eadt d\u1ee5ng c\u00e1 nh\u00e2n m\u1ed9t c\u00e1ch khoa h\u1ecdc.<\/p>\n<h4 data-start=\"1846\" data-end=\"2110\"><a href=\"https:\/\/noithattheone-ht.com\/danh-muc\/gia-dinh\/tu-quan-ao\/\" target=\"_blank\" rel=\"noopener\">T\u1ee7 \u00e1o c\u00e1nh m\u1edf k\u00ednh c\u01b0\u1eddng l\u1ef1c MHT21<\/a><\/h4>\n<figure id=\"attachment_8276\" aria-describedby=\"caption-attachment-8276\" style=\"width: 1024px\" class=\"wp-caption aligncenter\"><img loading=\"lazy\" decoding=\"async\" class=\"wp-image-8276 size-full\" src=\"https:\/\/noithathuuthinh.vn\/wp-content\/uploads\/2026\/04\/MHT-21-3.jpg\" alt=\"T\u1ee7 \u00e1o c\u00e1nh m\u1edf k\u00ednh c\u01b0\u1eddng l\u1ef1c MHT21\" width=\"1024\" height=\"768\" srcset=\"https:\/\/noithathuuthinh.vn\/wp-content\/uploads\/2026\/04\/MHT-21-3.jpg 1024w, https:\/\/noithathuuthinh.vn\/wp-content\/uploads\/2026\/04\/MHT-21-3-500x375.jpg 500w, https:\/\/noithathuuthinh.vn\/wp-content\/uploads\/2026\/04\/MHT-21-3-300x225.jpg 300w, https:\/\/noithathuuthinh.vn\/wp-content\/uploads\/2026\/04\/MHT-21-3-768x576.jpg 768w, https:\/\/noithathuuthinh.vn\/wp-content\/uploads\/2026\/04\/MHT-21-3-720x540.jpg 720w, https:\/\/noithathuuthinh.vn\/wp-content\/uploads\/2026\/04\/MHT-21-3-1000x750.jpg 1000w\" sizes=\"auto, (max-width: 1024px) 100vw, 1024px\" \/><figcaption id=\"caption-attachment-8276\" class=\"wp-caption-text\">T\u1ee7 \u00e1o c\u00e1nh m\u1edf k\u00ednh c\u01b0\u1eddng l\u1ef1c MHT21<\/figcaption><\/figure>\n<p data-start=\"2112\" data-end=\"2345\">V\u1edbi k\u00edch th\u01b0\u1edbc W1330 x D600 x H2040 mm, T\u1ee7 \u00e1o c\u00e1nh m\u1edf k\u00ednh c\u01b0\u1eddng l\u1ef1c MHT21 ph\u00f9 h\u1ee3p v\u1edbi nh\u1eefng kh\u00f4ng gian ph\u00f2ng ng\u1ee7 c\u00f3 di\u1ec7n t\u00edch v\u1eeba. Thi\u1ebft k\u1ebf chi\u1ec1u ngang r\u1ed9ng gi\u00fap t\u0103ng kh\u00f4ng gian l\u01b0u tr\u1eef, \u0111\u00e1p \u1ee9ng nhu c\u1ea7u s\u1eed d\u1ee5ng \u0111a d\u1ea1ng c\u1ee7a gia \u0111\u00ecnh.<\/p>\n<p data-start=\"2347\" data-end=\"2577\">Thi\u1ebft k\u1ebf c\u1ee7a T\u1ee7 \u00e1o c\u00e1nh m\u1edf k\u00ednh c\u01b0\u1eddng l\u1ef1c MHT21 mang l\u1ea1i c\u1ea3m gi\u00e1c sang tr\u1ecdng v\u00e0 hi\u1ec7n \u0111\u1ea1i cho kh\u00f4ng gian ph\u00f2ng ng\u1ee7. S\u1ef1 k\u1ebft h\u1ee3p gi\u1eefa hai ch\u1ea5t li\u1ec7u g\u1ed7 v\u00e0 k\u00ednh t\u1ea1o n\u00ean t\u1ed5ng th\u1ec3 h\u00e0i h\u00f2a, g\u00f3p ph\u1ea7n n\u00e2ng cao gi\u00e1 tr\u1ecb th\u1ea9m m\u1ef9 cho c\u0103n ph\u00f2ng.<\/p>\n<p data-start=\"2579\" data-end=\"2766\">Ngo\u00e0i ra, T\u1ee7 \u00e1o c\u00e1nh m\u1edf k\u00ednh c\u01b0\u1eddng l\u1ef1c MHT21 c\u00f2n c\u00f3 \u01b0u \u0111i\u1ec3m d\u1ec5 v\u1ec7 sinh v\u00e0 b\u1ea3o qu\u1ea3n. Ng\u01b0\u1eddi d\u00f9ng ch\u1ec9 c\u1ea7n lau ch\u00f9i nh\u1eb9 l\u00e0 c\u00f3 th\u1ec3 gi\u1eef s\u1ea3n ph\u1ea9m lu\u00f4n s\u1ea1ch s\u1ebd, s\u00e1ng \u0111\u1eb9p v\u00e0 b\u1ec1n b\u1ec9 theo th\u1eddi gian.<\/p>\n<p data-start=\"2768\" data-end=\"3034\">T\u1ed5ng k\u1ebft l\u1ea1i, T\u1ee7 \u00e1o c\u00e1nh m\u1edf k\u00ednh c\u01b0\u1eddng l\u1ef1c MHT21 l\u00e0 s\u1ef1 k\u1ebft h\u1ee3p gi\u1eefa thi\u1ebft k\u1ebf hi\u1ec7n \u0111\u1ea1i, ch\u1ea5t li\u1ec7u cao c\u1ea5p v\u00e0 c\u00f4ng n\u0103ng s\u1eed d\u1ee5ng hi\u1ec7u qu\u1ea3. N\u1ebfu anh \u0111ang t\u00ecm m\u1ed9t m\u1eabu t\u1ee7 v\u1eeba \u0111\u1eb9p, v\u1eeba ti\u1ec7n d\u1ee5ng th\u00ec T\u1ee7 \u00e1o c\u00e1nh m\u1edf k\u00ednh c\u01b0\u1eddng l\u1ef1c MHT21 ch\u1eafc ch\u1eafn l\u00e0 l\u1ef1a ch\u1ecdn r\u1ea5t \u0111\u00e1ng c\u00e2n nh\u1eafc.<\/p>\n","protected":false},"excerpt":{"rendered":"<p data-start=\"187\" data-end=\"620\">T\u1ee7 \u00e1o c\u00e1nh m\u1edf k\u00ednh c\u01b0\u1eddng l\u1ef1c MHT21 l\u00e0 m\u1eabu t\u1ee7 qu\u1ea7n \u00e1o thi\u1ebft k\u1ebf theo phong c\u00e1ch \u0111\u01a1n gi\u1ea3n nh\u01b0ng tinh t\u1ebf, ph\u00f9 h\u1ee3p v\u1edbi nhi\u1ec1u kh\u00f4ng gian n\u1ed9i th\u1ea5t t\u1eeb hi\u1ec7n \u0111\u1ea1i \u0111\u1ebfn c\u1ed5 \u0111i\u1ec3n ho\u1eb7c vintage. S\u1ea3n ph\u1ea9m \u0111\u01b0\u1ee3c s\u1ea3n xu\u1ea5t t\u1eeb g\u1ed7 c\u00f4ng nghi\u1ec7p MDF ch\u1ed1ng \u1ea9m ph\u1ee7 Melamine cao c\u1ea5p k\u1ebft h\u1ee3p c\u00e1nh k\u00ednh c\u01b0\u1eddng l\u1ef1c, mang l\u1ea1i \u0111\u1ed9 b\u1ec1n cao, kh\u1ea3 n\u0103ng ch\u1ed1ng tr\u1ea7y x\u01b0\u1edbc v\u00e0 ch\u1ed1ng \u1ea9m t\u1ed1t. T\u1ee7 c\u00f3 k\u1ebft c\u1ea5u ch\u1eafc ch\u1eafn, gi\u00fap t\u1ed1i \u01b0u kh\u00f4ng gian l\u01b0u tr\u1eef qu\u1ea7n \u00e1o v\u00e0 c\u00e1c v\u1eadt d\u1ee5ng c\u00e1 nh\u00e2n.<\/p>\n<p><span style=\"color: #ed1c24;\"><em>M\u00e0u g\u1ed7 tu\u1ef3 ch\u1ecdn theo y\u00eau c\u1ea7u c\u1ee7a kh\u00e1ch h\u00e0ng.<\/em><\/span><\/p>\n<p data-start=\"622\" data-end=\"914\">K\u00edch th\u01b0\u1edbc: W1330 x D600 x H2040 mm<br data-start=\"657\" data-end=\"660\" \/>Xu\u1ea5t x\u1ee9: S\u1ea3n ph\u1ea9m c\u1ee7a <strong>C\u00d4NG TY TNHH SXTM TTNT H\u1eeeU TH\u1ecaNH.<\/strong><br data-start=\"715\" data-end=\"718\" \/>B\u1ea3o h\u00e0nh: 12 th\u00e1ng theo ti\u00eau chu\u1ea9n nh\u00e0 m\u00e1y.<br data-start=\"761\" data-end=\"764\" \/><em><span style=\"color: #ed1c24;\">L\u01b0u \u00fd: Gi\u00e1 tr\u00ean ch\u01b0a bao g\u1ed3m VAT v\u00e0 ph\u00ed v\u1eadn chuy\u1ec3n. Gi\u00e1 s\u1ea3n ph\u1ea9m c\u00f3 th\u1ec3 thay \u0111\u1ed5i theo t\u1eebng th\u1eddi \u0111i\u1ec3m, vui l\u00f2ng li\u00ean h\u1ec7 \u0111\u1ec3 nh\u1eadn t\u01b0 v\u1ea5n \u01b0u \u0111\u00e3i t\u1ed1t nh\u1ea5t.<\/span><\/em><\/p>\n","protected":false},"featured_media":8274,"comment_status":"open","ping_status":"closed","template":"","meta":[],"product_brand":[],"product_cat":[18,411],"product_tag":[],"class_list":{"0":"post-8273","1":"product","2":"type-product","3":"status-publish","4":"has-post-thumbnail","6":"product_cat-noi-that-gia-dinh","7":"product_cat-tu-ao","9":"first","10":"instock","11":"taxable","12":"shipping-taxable","13":"purchasable","14":"product-type-simple"},"_links":{"self":[{"href":"https:\/\/noithathuuthinh.vn\/zh-hans\/wp-json\/wp\/v2\/product\/8273","targetHints":{"allow":["GET"]}}],"collection":[{"href":"https:\/\/noithathuuthinh.vn\/zh-hans\/wp-json\/wp\/v2\/product"}],"about":[{"href":"https:\/\/noithathuuthinh.vn\/zh-hans\/wp-json\/wp\/v2\/types\/product"}],"replies":[{"embeddable":true,"href":"https:\/\/noithathuuthinh.vn\/zh-hans\/wp-json\/wp\/v2\/comments?post=8273"}],"wp:featuredmedia":[{"embeddable":true,"href":"https:\/\/noithathuuthinh.vn\/zh-hans\/wp-json\/wp\/v2\/media\/8274"}],"wp:attachment":[{"href":"https:\/\/noithathuuthinh.vn\/zh-hans\/wp-json\/wp\/v2\/media?parent=8273"}],"wp:term":[{"taxonomy":"product_brand","embeddable":true,"href":"https:\/\/noithathuuthinh.vn\/zh-hans\/wp-json\/wp\/v2\/product_brand?post=8273"},{"taxonomy":"product_cat","embeddable":true,"href":"https:\/\/noithathuuthinh.vn\/zh-hans\/wp-json\/wp\/v2\/product_cat?post=8273"},{"taxonomy":"product_tag","embeddable":true,"href":"https:\/\/noithathuuthinh.vn\/zh-hans\/wp-json\/wp\/v2\/product_tag?post=8273"}],"curies":[{"name":"wp","href":"https:\/\/api.w.org\/{rel}","templated":true}]}}